{"id":1853817,"date":"2025-06-27T21:38:24","date_gmt":"2025-06-27T18:38:24","guid":{"rendered":"https:\/\/ruuby.ee\/pood\/maaratlemata\/nailmatic-kinkekomplekt-2-veepohist-kuunelakki-24-kuunekleepsu-crac\/"},"modified":"2026-04-08T01:28:24","modified_gmt":"2026-04-07T22:28:24","slug":"nailmatic-kinkekomplekt-2-veepohist-kuunelakki-24-kuunekleepsu-crac","status":"publish","type":"product","link":"https:\/\/ruuby.ee\/en\/pood\/joulueri\/joulu-kinkekomplektid\/nailmatic-kinkekomplekt-2-veepohist-kuunelakki-24-kuunekleepsu-crac\/","title":{"rendered":"Nailmatic &#8211; Kinkekomplekt (2 veep\u00f5hist k\u00fc\u00fcnelakki + 24 k\u00fc\u00fcnekleepsu), CRAC"},"content":{"rendered":"<p>Crac t\u00e4hendab meie maailmas palju l\u00f5busaid hetki. Kaks korall- ja s\u00e4delevroosat lakki \u2013 see on suurep\u00e4rane algus.<\/p>\n<p>Komplekt sisaldab ka k\u00fc\u00fcnekleebiste komplekti. Milline hea enesetunde kingitus!<\/p>\n<p>See lastekomplekt sisaldab:<\/p>\n<p>2 veep\u00f5hist k\u00fc\u00fcnelakki: Flamingo (p\u00e4rlmutterneoonkorall) + Polly (l\u00e4bipaistev roosa s\u00e4delus).<br \/>\n1 komplekt 24 k\u00fc\u00fcnekleebisega.<br \/>\nSisu: 2 x 8 ml.<\/p>\n<p>54% vett, 100% pestav, vegan, loomakatseteta. Koostisosad &#8211; Flamingo: vesi (aqua), naatriumakr\u00fclaat\/met\u00fc\u00fclst\u00fcreen\/st\u00fcreen kopol\u00fcmeer, pol\u00fcst\u00fcreen, isoforoondiamiin\/isoftaalhape\/trometamiini kopol\u00fcmeer, ppg-3 met\u00fc\u00fcleeter, propaandiool, pent\u00fcleengl\u00fckool, kaltsiumnaatriumboorsilikaat, hektoriit, r\u00e4nidioksiid, ppg-30 but\u00fc\u00fcleeter, prop\u00fcleengl\u00fckool, peg-150\/dets\u00fc\u00fclalkohol\/smdi kopol\u00fcmeer, peg-40 kastoor\u00f5li, fenet\u00fc\u00fclalkohol, naatriumbensoaat, r\u00e4nidioksiiddimet\u00fc\u00fclsil\u00fclaat, bentoniit, 1,2-heksaandiool, aminomet\u00fc\u00fclpropanool, tinaoksiid, ci 45350 (kollane 8), ci 45380 (punane 22), ci 45410 (punane 28), ci 77891 (titaandioksiid). Koostisosad &#8211; Polly: vesi (aqua), naatriumst\u00fcreen\/akr\u00fclaatide kopol\u00fcmeer, ppg-3 met\u00fc\u00fcleeter, pol\u00fcbut\u00fcleentereftalaat, fenoks\u00fcetanool, akr\u00fclaatide kopol\u00fcmeer, disiloksaan, naatriumvesinikkarbonaat, hektoriit, naatriumdeh\u00fcdroatsetaat, et\u00fcleen\/VA kopol\u00fcmeer, peg-12 dimetikoon, prop\u00fcleengl\u00fckool, ppg-2 met\u00fc\u00fcleeter, peg-150\/dets\u00fc\u00fclalkohol\/SMDI kopol\u00fcmeer, kaaliumsulfaat, naatriumh\u00fcdroksiid, et\u00fc\u00fclheks\u00fc\u00fclgl\u00fctseriin, t-but\u00fc\u00fclalkohol, isooktanool, peg-40 kastoor\u00f5li, tokoferool, ppg-30 but\u00fc\u00fcleeter, bentoniit, aminomet\u00fc\u00fclpropanool, r\u00e4nidioksiidi dimet\u00fc\u00fclsil\u00fclaat, CI 73360 (punane 30 lake).<\/p>","protected":false},"excerpt":{"rendered":"<p>Crac t\u00e4hendab meie maailmas palju l\u00f5busaid hetki. Kaks korall- ja s\u00e4delevroosat lakki \u2013 see on suurep\u00e4rane algus. Komplekt sisaldab ka k\u00fc\u00fcnekleebiste komplekti. Milline hea enesetunde kingitus! See lastekomplekt sisaldab: 2 veep\u00f5hist k\u00fc\u00fcnelakki: Flamingo (p\u00e4rlmutterneoonkorall) + Polly (l\u00e4bipaistev roosa s\u00e4delus). 1 komplekt 24 k\u00fc\u00fcnekleebisega. Sisu: 2 x 8 ml. 54% vett, 100% pestav, vegan, loomakatseteta. Koostisosad [&hellip;]<\/p>\n","protected":false},"featured_media":1853877,"comment_status":"open","ping_status":"closed","template":"","meta":[],"product_brand":[],"product_cat":[954,491,657,656,655,22,344],"product_tag":[279,76,120,119],"class_list":{"0":"post-1853817","1":"product","2":"type-product","3":"status-publish","4":"has-post-thumbnail","6":"product_cat-joulu-kinkekomplektid","7":"product_cat-joulueri","8":"product_cat-kinkekomplektid","9":"product_cat-kuunekleepsud","10":"product_cat-kuunelakk","11":"product_cat-lapsed","12":"product_cat-laste-kosmeetika","13":"product_tag-kinkekomplekt","14":"product_tag-kuunekleepsud","15":"product_tag-kuunelakid","16":"product_tag-nailmatic","18":"first","19":"outofstock","20":"taxable","21":"shipping-taxable","22":"purchasable","23":"product-type-simple"},"yoast_head":"<!-- This site is optimized with the Yoast SEO plugin v27.3 - https:\/\/yoast.com\/product\/yoast-seo-wordpress\/ -->\n<title>Nailmatic - Kinkekomplekt (2 veep\u00f5hist k\u00fc\u00fcnelakki + 24 k\u00fc\u00fcnekleepsu), CRAC - RUUBY<\/title>\n<meta name=\"robots\" content=\"index, follow, max-snippet:-1, max-image-preview:large, max-video-preview:-1\" \/>\n<link rel=\"canonical\" href=\"https:\/\/ruuby.ee\/en\/pood\/joulueri\/joulu-kinkekomplektid\/nailmatic-kinkekomplekt-2-veepohist-kuunelakki-24-kuunekleepsu-crac\/\" \/>\n<meta property=\"og:locale\" content=\"en_GB\" \/>\n<meta property=\"og:type\" content=\"article\" \/>\n<meta property=\"og:title\" content=\"Nailmatic - Kinkekomplekt (2 veep\u00f5hist k\u00fc\u00fcnelakki + 24 k\u00fc\u00fcnekleepsu), CRAC - RUUBY\" \/>\n<meta property=\"og:description\" content=\"Crac t\u00e4hendab meie maailmas palju l\u00f5busaid hetki. Kaks korall- ja s\u00e4delevroosat lakki \u2013 see on suurep\u00e4rane algus. Komplekt sisaldab ka k\u00fc\u00fcnekleebiste komplekti. Milline hea enesetunde kingitus! See lastekomplekt sisaldab: 2 veep\u00f5hist k\u00fc\u00fcnelakki: Flamingo (p\u00e4rlmutterneoonkorall) + Polly (l\u00e4bipaistev roosa s\u00e4delus). 1 komplekt 24 k\u00fc\u00fcnekleebisega. Sisu: 2 x 8 ml. 54% vett, 100% pestav, vegan, loomakatseteta. Koostisosad [&hellip;]\" \/>\n<meta property=\"og:url\" content=\"https:\/\/ruuby.ee\/en\/pood\/joulueri\/joulu-kinkekomplektid\/nailmatic-kinkekomplekt-2-veepohist-kuunelakki-24-kuunekleepsu-crac\/\" \/>\n<meta property=\"og:site_name\" content=\"RUUBY\" \/>\n<meta property=\"article:publisher\" content=\"https:\/\/www.facebook.com\/ruubyconcept\" \/>\n<meta property=\"article:modified_time\" content=\"2026-04-07T22:28:24+00:00\" \/>\n<meta property=\"og:image\" content=\"https:\/\/ruuby.ee\/wp-content\/uploads\/2025\/06\/Screenshot-2025-06-27-at-23.02.24.png\" \/>\n\t<meta property=\"og:image:width\" content=\"1132\" \/>\n\t<meta property=\"og:image:height\" content=\"1136\" \/>\n\t<meta property=\"og:image:type\" content=\"image\/png\" \/>\n<meta name=\"twitter:card\" content=\"summary_large_image\" \/>\n<meta name=\"twitter:label1\" content=\"Estimated reading time\" \/>\n\t<meta name=\"twitter:data1\" content=\"1 minute\" \/>\n<script type=\"application\/ld+json\" class=\"yoast-schema-graph\">{\"@context\":\"https:\\\/\\\/schema.org\",\"@graph\":[{\"@type\":[\"WebPage\",\"ItemPage\"],\"@id\":\"https:\\\/\\\/ruuby.ee\\\/en\\\/pood\\\/joulueri\\\/joulu-kinkekomplektid\\\/nailmatic-kinkekomplekt-2-veepohist-kuunelakki-24-kuunekleepsu-crac\\\/\",\"url\":\"https:\\\/\\\/ruuby.ee\\\/en\\\/pood\\\/joulueri\\\/joulu-kinkekomplektid\\\/nailmatic-kinkekomplekt-2-veepohist-kuunelakki-24-kuunekleepsu-crac\\\/\",\"name\":\"Nailmatic - Kinkekomplekt (2 veep\u00f5hist k\u00fc\u00fcnelakki + 24 k\u00fc\u00fcnekleepsu), CRAC - RUUBY\",\"isPartOf\":{\"@id\":\"http:\\\/\\\/ruuby.ee\\\/en\\\/#website\"},\"primaryImageOfPage\":{\"@id\":\"https:\\\/\\\/ruuby.ee\\\/en\\\/pood\\\/joulueri\\\/joulu-kinkekomplektid\\\/nailmatic-kinkekomplekt-2-veepohist-kuunelakki-24-kuunekleepsu-crac\\\/#primaryimage\"},\"image\":{\"@id\":\"https:\\\/\\\/ruuby.ee\\\/en\\\/pood\\\/joulueri\\\/joulu-kinkekomplektid\\\/nailmatic-kinkekomplekt-2-veepohist-kuunelakki-24-kuunekleepsu-crac\\\/#primaryimage\"},\"thumbnailUrl\":\"https:\\\/\\\/ruuby.ee\\\/wp-content\\\/uploads\\\/2025\\\/06\\\/Screenshot-2025-06-27-at-23.02.24.png\",\"datePublished\":\"2025-06-27T18:38:24+00:00\",\"dateModified\":\"2026-04-07T22:28:24+00:00\",\"breadcrumb\":{\"@id\":\"https:\\\/\\\/ruuby.ee\\\/en\\\/pood\\\/joulueri\\\/joulu-kinkekomplektid\\\/nailmatic-kinkekomplekt-2-veepohist-kuunelakki-24-kuunekleepsu-crac\\\/#breadcrumb\"},\"inLanguage\":\"en-GB\",\"potentialAction\":[{\"@type\":\"ReadAction\",\"target\":[\"https:\\\/\\\/ruuby.ee\\\/en\\\/pood\\\/joulueri\\\/joulu-kinkekomplektid\\\/nailmatic-kinkekomplekt-2-veepohist-kuunelakki-24-kuunekleepsu-crac\\\/\"]}]},{\"@type\":\"ImageObject\",\"inLanguage\":\"en-GB\",\"@id\":\"https:\\\/\\\/ruuby.ee\\\/en\\\/pood\\\/joulueri\\\/joulu-kinkekomplektid\\\/nailmatic-kinkekomplekt-2-veepohist-kuunelakki-24-kuunekleepsu-crac\\\/#primaryimage\",\"url\":\"https:\\\/\\\/ruuby.ee\\\/wp-content\\\/uploads\\\/2025\\\/06\\\/Screenshot-2025-06-27-at-23.02.24.png\",\"contentUrl\":\"https:\\\/\\\/ruuby.ee\\\/wp-content\\\/uploads\\\/2025\\\/06\\\/Screenshot-2025-06-27-at-23.02.24.png\",\"width\":1132,\"height\":1136},{\"@type\":\"BreadcrumbList\",\"@id\":\"https:\\\/\\\/ruuby.ee\\\/en\\\/pood\\\/joulueri\\\/joulu-kinkekomplektid\\\/nailmatic-kinkekomplekt-2-veepohist-kuunelakki-24-kuunekleepsu-crac\\\/#breadcrumb\",\"itemListElement\":[{\"@type\":\"ListItem\",\"position\":1,\"name\":\"Kdu\",\"item\":\"http:\\\/\\\/ruuby.ee\\\/en\\\/\"},{\"@type\":\"ListItem\",\"position\":2,\"name\":\"Pood\",\"item\":\"http:\\\/\\\/ruuby.ee\\\/en\\\/pood\\\/\"},{\"@type\":\"ListItem\",\"position\":3,\"name\":\"Nailmatic &#8211; Kinkekomplekt (2 veep\u00f5hist k\u00fc\u00fcnelakki + 24 k\u00fc\u00fcnekleepsu), CRAC\"}]},{\"@type\":\"WebSite\",\"@id\":\"http:\\\/\\\/ruuby.ee\\\/en\\\/#website\",\"url\":\"http:\\\/\\\/ruuby.ee\\\/en\\\/\",\"name\":\"RUUBY\",\"description\":\"Ruubys on \u00fchendatud elustiil ja disain\",\"publisher\":{\"@id\":\"http:\\\/\\\/ruuby.ee\\\/en\\\/#organization\"},\"alternateName\":\"Ruuby Disain\",\"potentialAction\":[{\"@type\":\"SearchAction\",\"target\":{\"@type\":\"EntryPoint\",\"urlTemplate\":\"http:\\\/\\\/ruuby.ee\\\/en\\\/?s={search_term_string}\"},\"query-input\":{\"@type\":\"PropertyValueSpecification\",\"valueRequired\":true,\"valueName\":\"search_term_string\"}}],\"inLanguage\":\"en-GB\"},{\"@type\":\"Organization\",\"@id\":\"http:\\\/\\\/ruuby.ee\\\/en\\\/#organization\",\"name\":\"Ruuby Disain O\u00dc\",\"alternateName\":\"Ruuby\",\"url\":\"http:\\\/\\\/ruuby.ee\\\/en\\\/\",\"logo\":{\"@type\":\"ImageObject\",\"inLanguage\":\"en-GB\",\"@id\":\"http:\\\/\\\/ruuby.ee\\\/en\\\/#\\\/schema\\\/logo\\\/image\\\/\",\"url\":\"https:\\\/\\\/ruuby.ee\\\/wp-content\\\/uploads\\\/2023\\\/06\\\/cropped-Black-White-Elegant-Circle-Signature-Fashion-Logo-12_large.png\",\"contentUrl\":\"https:\\\/\\\/ruuby.ee\\\/wp-content\\\/uploads\\\/2023\\\/06\\\/cropped-Black-White-Elegant-Circle-Signature-Fashion-Logo-12_large.png\",\"width\":1280,\"height\":747,\"caption\":\"Ruuby Disain O\u00dc\"},\"image\":{\"@id\":\"http:\\\/\\\/ruuby.ee\\\/en\\\/#\\\/schema\\\/logo\\\/image\\\/\"},\"sameAs\":[\"https:\\\/\\\/www.facebook.com\\\/ruubyconcept\",\"https:\\\/\\\/www.instagram.com\\\/ruuby_concept\\\/\"]}]}<\/script>\n<!-- \/ Yoast SEO plugin. -->","yoast_head_json":{"title":"Nailmatic - Kinkekomplekt (2 veep\u00f5hist k\u00fc\u00fcnelakki + 24 k\u00fc\u00fcnekleepsu), CRAC - RUUBY","robots":{"index":"index","follow":"follow","max-snippet":"max-snippet:-1","max-image-preview":"max-image-preview:large","max-video-preview":"max-video-preview:-1"},"canonical":"https:\/\/ruuby.ee\/en\/pood\/joulueri\/joulu-kinkekomplektid\/nailmatic-kinkekomplekt-2-veepohist-kuunelakki-24-kuunekleepsu-crac\/","og_locale":"en_GB","og_type":"article","og_title":"Nailmatic - Kinkekomplekt (2 veep\u00f5hist k\u00fc\u00fcnelakki + 24 k\u00fc\u00fcnekleepsu), CRAC - RUUBY","og_description":"Crac t\u00e4hendab meie maailmas palju l\u00f5busaid hetki. Kaks korall- ja s\u00e4delevroosat lakki \u2013 see on suurep\u00e4rane algus. Komplekt sisaldab ka k\u00fc\u00fcnekleebiste komplekti. Milline hea enesetunde kingitus! See lastekomplekt sisaldab: 2 veep\u00f5hist k\u00fc\u00fcnelakki: Flamingo (p\u00e4rlmutterneoonkorall) + Polly (l\u00e4bipaistev roosa s\u00e4delus). 1 komplekt 24 k\u00fc\u00fcnekleebisega. Sisu: 2 x 8 ml. 54% vett, 100% pestav, vegan, loomakatseteta. Koostisosad [&hellip;]","og_url":"https:\/\/ruuby.ee\/en\/pood\/joulueri\/joulu-kinkekomplektid\/nailmatic-kinkekomplekt-2-veepohist-kuunelakki-24-kuunekleepsu-crac\/","og_site_name":"RUUBY","article_publisher":"https:\/\/www.facebook.com\/ruubyconcept","article_modified_time":"2026-04-07T22:28:24+00:00","og_image":[{"width":1132,"height":1136,"url":"https:\/\/ruuby.ee\/wp-content\/uploads\/2025\/06\/Screenshot-2025-06-27-at-23.02.24.png","type":"image\/png"}],"twitter_card":"summary_large_image","twitter_misc":{"Estimated reading time":"1 minute"},"schema":{"@context":"https:\/\/schema.org","@graph":[{"@type":["WebPage","ItemPage"],"@id":"https:\/\/ruuby.ee\/en\/pood\/joulueri\/joulu-kinkekomplektid\/nailmatic-kinkekomplekt-2-veepohist-kuunelakki-24-kuunekleepsu-crac\/","url":"https:\/\/ruuby.ee\/en\/pood\/joulueri\/joulu-kinkekomplektid\/nailmatic-kinkekomplekt-2-veepohist-kuunelakki-24-kuunekleepsu-crac\/","name":"Nailmatic - Kinkekomplekt (2 veep\u00f5hist k\u00fc\u00fcnelakki + 24 k\u00fc\u00fcnekleepsu), CRAC - RUUBY","isPartOf":{"@id":"http:\/\/ruuby.ee\/en\/#website"},"primaryImageOfPage":{"@id":"https:\/\/ruuby.ee\/en\/pood\/joulueri\/joulu-kinkekomplektid\/nailmatic-kinkekomplekt-2-veepohist-kuunelakki-24-kuunekleepsu-crac\/#primaryimage"},"image":{"@id":"https:\/\/ruuby.ee\/en\/pood\/joulueri\/joulu-kinkekomplektid\/nailmatic-kinkekomplekt-2-veepohist-kuunelakki-24-kuunekleepsu-crac\/#primaryimage"},"thumbnailUrl":"https:\/\/ruuby.ee\/wp-content\/uploads\/2025\/06\/Screenshot-2025-06-27-at-23.02.24.png","datePublished":"2025-06-27T18:38:24+00:00","dateModified":"2026-04-07T22:28:24+00:00","breadcrumb":{"@id":"https:\/\/ruuby.ee\/en\/pood\/joulueri\/joulu-kinkekomplektid\/nailmatic-kinkekomplekt-2-veepohist-kuunelakki-24-kuunekleepsu-crac\/#breadcrumb"},"inLanguage":"en-GB","potentialAction":[{"@type":"ReadAction","target":["https:\/\/ruuby.ee\/en\/pood\/joulueri\/joulu-kinkekomplektid\/nailmatic-kinkekomplekt-2-veepohist-kuunelakki-24-kuunekleepsu-crac\/"]}]},{"@type":"ImageObject","inLanguage":"en-GB","@id":"https:\/\/ruuby.ee\/en\/pood\/joulueri\/joulu-kinkekomplektid\/nailmatic-kinkekomplekt-2-veepohist-kuunelakki-24-kuunekleepsu-crac\/#primaryimage","url":"https:\/\/ruuby.ee\/wp-content\/uploads\/2025\/06\/Screenshot-2025-06-27-at-23.02.24.png","contentUrl":"https:\/\/ruuby.ee\/wp-content\/uploads\/2025\/06\/Screenshot-2025-06-27-at-23.02.24.png","width":1132,"height":1136},{"@type":"BreadcrumbList","@id":"https:\/\/ruuby.ee\/en\/pood\/joulueri\/joulu-kinkekomplektid\/nailmatic-kinkekomplekt-2-veepohist-kuunelakki-24-kuunekleepsu-crac\/#breadcrumb","itemListElement":[{"@type":"ListItem","position":1,"name":"Kdu","item":"http:\/\/ruuby.ee\/en\/"},{"@type":"ListItem","position":2,"name":"Pood","item":"http:\/\/ruuby.ee\/en\/pood\/"},{"@type":"ListItem","position":3,"name":"Nailmatic &#8211; Kinkekomplekt (2 veep\u00f5hist k\u00fc\u00fcnelakki + 24 k\u00fc\u00fcnekleepsu), CRAC"}]},{"@type":"WebSite","@id":"http:\/\/ruuby.ee\/en\/#website","url":"http:\/\/ruuby.ee\/en\/","name":"RUUBY","description":"Ruubys on \u00fchendatud elustiil ja disain","publisher":{"@id":"http:\/\/ruuby.ee\/en\/#organization"},"alternateName":"Ruuby Disain","potentialAction":[{"@type":"SearchAction","target":{"@type":"EntryPoint","urlTemplate":"http:\/\/ruuby.ee\/en\/?s={search_term_string}"},"query-input":{"@type":"PropertyValueSpecification","valueRequired":true,"valueName":"search_term_string"}}],"inLanguage":"en-GB"},{"@type":"Organization","@id":"http:\/\/ruuby.ee\/en\/#organization","name":"Ruuby Disain O\u00dc","alternateName":"Ruuby","url":"http:\/\/ruuby.ee\/en\/","logo":{"@type":"ImageObject","inLanguage":"en-GB","@id":"http:\/\/ruuby.ee\/en\/#\/schema\/logo\/image\/","url":"https:\/\/ruuby.ee\/wp-content\/uploads\/2023\/06\/cropped-Black-White-Elegant-Circle-Signature-Fashion-Logo-12_large.png","contentUrl":"https:\/\/ruuby.ee\/wp-content\/uploads\/2023\/06\/cropped-Black-White-Elegant-Circle-Signature-Fashion-Logo-12_large.png","width":1280,"height":747,"caption":"Ruuby Disain O\u00dc"},"image":{"@id":"http:\/\/ruuby.ee\/en\/#\/schema\/logo\/image\/"},"sameAs":["https:\/\/www.facebook.com\/ruubyconcept","https:\/\/www.instagram.com\/ruuby_concept\/"]}]}},"jetpack_sharing_enabled":true,"_links":{"self":[{"href":"https:\/\/ruuby.ee\/en\/wp-json\/wp\/v2\/product\/1853817","targetHints":{"allow":["GET"]}}],"collection":[{"href":"https:\/\/ruuby.ee\/en\/wp-json\/wp\/v2\/product"}],"about":[{"href":"https:\/\/ruuby.ee\/en\/wp-json\/wp\/v2\/types\/product"}],"replies":[{"embeddable":true,"href":"https:\/\/ruuby.ee\/en\/wp-json\/wp\/v2\/comments?post=1853817"}],"wp:featuredmedia":[{"embeddable":true,"href":"https:\/\/ruuby.ee\/en\/wp-json\/wp\/v2\/media\/1853877"}],"wp:attachment":[{"href":"https:\/\/ruuby.ee\/en\/wp-json\/wp\/v2\/media?parent=1853817"}],"wp:term":[{"taxonomy":"product_brand","embeddable":true,"href":"https:\/\/ruuby.ee\/en\/wp-json\/wp\/v2\/product_brand?post=1853817"},{"taxonomy":"product_cat","embeddable":true,"href":"https:\/\/ruuby.ee\/en\/wp-json\/wp\/v2\/product_cat?post=1853817"},{"taxonomy":"product_tag","embeddable":true,"href":"https:\/\/ruuby.ee\/en\/wp-json\/wp\/v2\/product_tag?post=1853817"}],"curies":[{"name":"wp","href":"https:\/\/api.w.org\/{rel}","templated":true}]}}