{"id":1853814,"date":"2025-06-27T21:38:14","date_gmt":"2025-06-27T18:38:14","guid":{"rendered":"https:\/\/ruuby.ee\/pood\/maaratlemata\/nailmatic-12-varvitavat-tatoveeringut-kawai\/"},"modified":"2026-04-08T01:28:24","modified_gmt":"2026-04-07T22:28:24","slug":"nailmatic-12-varvitavat-tatoveeringut-kawai","status":"publish","type":"product","link":"https:\/\/ruuby.ee\/en\/pood\/lapsed\/meisterdamine\/tattoo\/nailmatic-12-varvitavat-tatoveeringut-kawai\/","title":{"rendered":"Nailmatic &#8211; 12 v\u00e4rvitavat t\u00e4toveeringut &#8211; KAWAI"},"content":{"rendered":"<p>Imelised ajutised t\u00e4toveeringud armsate kawaii kujundustega!<\/p>\n<p>Avastage t\u00e4iesti uus tegevus, mis aitab arendada laste kujutlusv\u00f5imet, keskendumisv\u00f5imet ja loovust!<br \/>\nNeed uued ajutised joonistust\u00e4toveeringud on kergesti pealekantavad ja l\u00f5busad k\u00f5igile! Lapsed on kaasatud kogu protsessi \u2013 nad saavad valida kujunduse ja seej\u00e4rel oma kunstiteose TATTOOPEN nahamarkerite abil oma kujutlusv\u00f5imest tulenevate joonistustega t\u00e4iendada.<\/p>\n<p>12 kawaii t\u00e4toveeringut: j\u00e4\u00e4tis, j\u00e4nes, vikerkaar, armas olend, komm&#8230;<br \/>\nIdeaalne temaatiliseks s\u00fcnnip\u00e4evapeoks!<br \/>\nT\u00e4toveeringuid saab v\u00e4rvida eraldi m\u00fc\u00fcdavate TATTOOPEN nahamarkeritega.<\/p>\n<p>Kantakse peale veega ja p\u00fcsib 3\u20137 p\u00e4eva.<br \/>\nT\u00e4toveeringuid on lihtne eemaldada beebi\u00f5li v\u00f5i puhastuspiimaga.<br \/>\nKuni 60% veep\u00f5hine koostis.<br \/>\nVegan ja julmusevaba.<br \/>\nDermatoloogiliselt ja oftalmoloogiliselt testitud. Sobib tundlikule nahale ja m\u00f5eldud lastele.<br \/>\nValmistatud Itaalias, lastele ja t\u00e4iskasvanutele.<\/p>\n<p>Kasutamine:<br \/>\nKasutage puhtal ja kuival nahal.<br \/>\nL\u00f5igake t\u00e4toveering v\u00e4lja, eemaldage l\u00e4bipaistev kile ja kandke see naha poole nii, et esik\u00fclg oleks suunatud naha poole.<br \/>\nLeotage t\u00e4toveeringut niiske kinda v\u00f5i k\u00e4snaga.<br \/>\nLoege 30-ni ja eemaldage see \u00f5rnalt, et paljastada oma t\u00e4toveeringu valge l\u00f5uend.<\/p>\n<p>V\u00e4rvige t\u00e4toveeringut TATTOOPEN markeritega.<\/p>\n<p>Hoiatus: \u00c4rge neelake alla. Kasutage t\u00e4iskasvanu j\u00e4relvalve all. Koostis: AKR\u00dcLAATKOPOL\u00dcMEER, TSELLULOOSATSETAATBUT\u00dcRAAT, SAHKAROOSATSETAATISOBUT\u00dcRAAT, DIPROP\u00dcLEENGL\u00dcKOOLDIBENSOAAT, POL\u00dcVIN\u00dc\u00dcLBUT\u00dcRAAL (PVB), VAIPLAKR\u00dcLAAT, GL\u00dcTSIINI SOJA (SOJA\u00d5LI), VEEL PARAFFIIN (MINERAAL\u00d5LI), S\u00dcNTEETILINE VAHA, POL\u00dcOKS\u00dcMET\u00dcLEENMELAMIIN, CI15850 (PUNANE LAKE), CI15985 (KOLLANE 6 LAKE), CI19140 (KOLLANE 5 LAKE), CI42090 (SININE 1 LAKE), CI77499 (RAUDOKSIIID), CI77891 (TITAANDIOKSIID).<\/p>","protected":false},"excerpt":{"rendered":"<p>Imelised ajutised t\u00e4toveeringud armsate kawaii kujundustega! Avastage t\u00e4iesti uus tegevus, mis aitab arendada laste kujutlusv\u00f5imet, keskendumisv\u00f5imet ja loovust! Need uued ajutised joonistust\u00e4toveeringud on kergesti pealekantavad ja l\u00f5busad k\u00f5igile! Lapsed on kaasatud kogu protsessi \u2013 nad saavad valida kujunduse ja seej\u00e4rel oma kunstiteose TATTOOPEN nahamarkerite abil oma kujutlusv\u00f5imest tulenevate joonistustega t\u00e4iendada. 12 kawaii t\u00e4toveeringut: j\u00e4\u00e4tis, j\u00e4nes, [&hellip;]<\/p>\n","protected":false},"featured_media":1853869,"comment_status":"open","ping_status":"closed","template":"","meta":[],"product_brand":[],"product_cat":[22,67,658],"product_tag":[119,483],"class_list":{"0":"post-1853814","1":"product","2":"type-product","3":"status-publish","4":"has-post-thumbnail","6":"product_cat-lapsed","7":"product_cat-meisterdamine","8":"product_cat-tattoo","9":"product_tag-nailmatic","10":"product_tag-tattoo","12":"first","13":"instock","14":"taxable","15":"shipping-taxable","16":"purchasable","17":"product-type-simple"},"yoast_head":"<!-- This site is optimized with the Yoast SEO plugin v27.3 - https:\/\/yoast.com\/product\/yoast-seo-wordpress\/ -->\n<title>Nailmatic - 12 v\u00e4rvitavat t\u00e4toveeringut - KAWAI - RUUBY<\/title>\n<meta name=\"robots\" content=\"index, follow, max-snippet:-1, max-image-preview:large, max-video-preview:-1\" \/>\n<link rel=\"canonical\" href=\"http:\/\/ruuby.ee\/en\/pood\/lapsed\/meisterdamine\/tattoo\/nailmatic-12-varvitavat-tatoveeringut-kawai\/\" \/>\n<meta property=\"og:locale\" content=\"en_GB\" \/>\n<meta property=\"og:type\" content=\"article\" \/>\n<meta property=\"og:title\" content=\"Nailmatic - 12 v\u00e4rvitavat t\u00e4toveeringut - KAWAI - RUUBY\" \/>\n<meta property=\"og:description\" content=\"Imelised ajutised t\u00e4toveeringud armsate kawaii kujundustega! Avastage t\u00e4iesti uus tegevus, mis aitab arendada laste kujutlusv\u00f5imet, keskendumisv\u00f5imet ja loovust! Need uued ajutised joonistust\u00e4toveeringud on kergesti pealekantavad ja l\u00f5busad k\u00f5igile! Lapsed on kaasatud kogu protsessi \u2013 nad saavad valida kujunduse ja seej\u00e4rel oma kunstiteose TATTOOPEN nahamarkerite abil oma kujutlusv\u00f5imest tulenevate joonistustega t\u00e4iendada. 12 kawaii t\u00e4toveeringut: j\u00e4\u00e4tis, j\u00e4nes, [&hellip;]\" \/>\n<meta property=\"og:url\" content=\"http:\/\/ruuby.ee\/en\/pood\/lapsed\/meisterdamine\/tattoo\/nailmatic-12-varvitavat-tatoveeringut-kawai\/\" \/>\n<meta property=\"og:site_name\" content=\"RUUBY\" \/>\n<meta property=\"article:publisher\" content=\"https:\/\/www.facebook.com\/ruubyconcept\" \/>\n<meta property=\"article:modified_time\" content=\"2026-04-07T22:28:24+00:00\" \/>\n<meta property=\"og:image\" content=\"http:\/\/ruuby.ee\/wp-content\/uploads\/2025\/06\/Screenshot-2025-06-27-at-22.49.42.png\" \/>\n\t<meta property=\"og:image:width\" content=\"1146\" \/>\n\t<meta property=\"og:image:height\" content=\"1146\" \/>\n\t<meta property=\"og:image:type\" content=\"image\/png\" \/>\n<meta name=\"twitter:card\" content=\"summary_large_image\" \/>\n<meta name=\"twitter:label1\" content=\"Estimated reading time\" \/>\n\t<meta name=\"twitter:data1\" content=\"2 minutes\" \/>\n<script type=\"application\/ld+json\" class=\"yoast-schema-graph\">{\"@context\":\"https:\\\/\\\/schema.org\",\"@graph\":[{\"@type\":[\"WebPage\",\"ItemPage\"],\"@id\":\"http:\\\/\\\/ruuby.ee\\\/pood\\\/lapsed\\\/meisterdamine\\\/tattoo\\\/nailmatic-12-varvitavat-tatoveeringut-kawai\\\/\",\"url\":\"http:\\\/\\\/ruuby.ee\\\/pood\\\/lapsed\\\/meisterdamine\\\/tattoo\\\/nailmatic-12-varvitavat-tatoveeringut-kawai\\\/\",\"name\":\"Nailmatic - 12 v\u00e4rvitavat t\u00e4toveeringut - KAWAI - RUUBY\",\"isPartOf\":{\"@id\":\"http:\\\/\\\/ruuby.ee\\\/en\\\/#website\"},\"primaryImageOfPage\":{\"@id\":\"http:\\\/\\\/ruuby.ee\\\/pood\\\/lapsed\\\/meisterdamine\\\/tattoo\\\/nailmatic-12-varvitavat-tatoveeringut-kawai\\\/#primaryimage\"},\"image\":{\"@id\":\"http:\\\/\\\/ruuby.ee\\\/pood\\\/lapsed\\\/meisterdamine\\\/tattoo\\\/nailmatic-12-varvitavat-tatoveeringut-kawai\\\/#primaryimage\"},\"thumbnailUrl\":\"https:\\\/\\\/ruuby.ee\\\/wp-content\\\/uploads\\\/2025\\\/06\\\/Screenshot-2025-06-27-at-22.49.42.png\",\"datePublished\":\"2025-06-27T18:38:14+00:00\",\"dateModified\":\"2026-04-07T22:28:24+00:00\",\"breadcrumb\":{\"@id\":\"http:\\\/\\\/ruuby.ee\\\/pood\\\/lapsed\\\/meisterdamine\\\/tattoo\\\/nailmatic-12-varvitavat-tatoveeringut-kawai\\\/#breadcrumb\"},\"inLanguage\":\"en-GB\",\"potentialAction\":[{\"@type\":\"ReadAction\",\"target\":[\"http:\\\/\\\/ruuby.ee\\\/pood\\\/lapsed\\\/meisterdamine\\\/tattoo\\\/nailmatic-12-varvitavat-tatoveeringut-kawai\\\/\"]}]},{\"@type\":\"ImageObject\",\"inLanguage\":\"en-GB\",\"@id\":\"http:\\\/\\\/ruuby.ee\\\/pood\\\/lapsed\\\/meisterdamine\\\/tattoo\\\/nailmatic-12-varvitavat-tatoveeringut-kawai\\\/#primaryimage\",\"url\":\"https:\\\/\\\/ruuby.ee\\\/wp-content\\\/uploads\\\/2025\\\/06\\\/Screenshot-2025-06-27-at-22.49.42.png\",\"contentUrl\":\"https:\\\/\\\/ruuby.ee\\\/wp-content\\\/uploads\\\/2025\\\/06\\\/Screenshot-2025-06-27-at-22.49.42.png\",\"width\":1146,\"height\":1146},{\"@type\":\"BreadcrumbList\",\"@id\":\"http:\\\/\\\/ruuby.ee\\\/pood\\\/lapsed\\\/meisterdamine\\\/tattoo\\\/nailmatic-12-varvitavat-tatoveeringut-kawai\\\/#breadcrumb\",\"itemListElement\":[{\"@type\":\"ListItem\",\"position\":1,\"name\":\"Kdu\",\"item\":\"http:\\\/\\\/ruuby.ee\\\/en\\\/\"},{\"@type\":\"ListItem\",\"position\":2,\"name\":\"Pood\",\"item\":\"http:\\\/\\\/ruuby.ee\\\/en\\\/pood\\\/\"},{\"@type\":\"ListItem\",\"position\":3,\"name\":\"Nailmatic &#8211; 12 v\u00e4rvitavat t\u00e4toveeringut &#8211; KAWAI\"}]},{\"@type\":\"WebSite\",\"@id\":\"http:\\\/\\\/ruuby.ee\\\/en\\\/#website\",\"url\":\"http:\\\/\\\/ruuby.ee\\\/en\\\/\",\"name\":\"RUUBY\",\"description\":\"Ruubys on \u00fchendatud elustiil ja disain\",\"publisher\":{\"@id\":\"http:\\\/\\\/ruuby.ee\\\/en\\\/#organization\"},\"alternateName\":\"Ruuby Disain\",\"potentialAction\":[{\"@type\":\"SearchAction\",\"target\":{\"@type\":\"EntryPoint\",\"urlTemplate\":\"http:\\\/\\\/ruuby.ee\\\/en\\\/?s={search_term_string}\"},\"query-input\":{\"@type\":\"PropertyValueSpecification\",\"valueRequired\":true,\"valueName\":\"search_term_string\"}}],\"inLanguage\":\"en-GB\"},{\"@type\":\"Organization\",\"@id\":\"http:\\\/\\\/ruuby.ee\\\/en\\\/#organization\",\"name\":\"Ruuby Disain O\u00dc\",\"alternateName\":\"Ruuby\",\"url\":\"http:\\\/\\\/ruuby.ee\\\/en\\\/\",\"logo\":{\"@type\":\"ImageObject\",\"inLanguage\":\"en-GB\",\"@id\":\"http:\\\/\\\/ruuby.ee\\\/en\\\/#\\\/schema\\\/logo\\\/image\\\/\",\"url\":\"https:\\\/\\\/ruuby.ee\\\/wp-content\\\/uploads\\\/2023\\\/06\\\/cropped-Black-White-Elegant-Circle-Signature-Fashion-Logo-12_large.png\",\"contentUrl\":\"https:\\\/\\\/ruuby.ee\\\/wp-content\\\/uploads\\\/2023\\\/06\\\/cropped-Black-White-Elegant-Circle-Signature-Fashion-Logo-12_large.png\",\"width\":1280,\"height\":747,\"caption\":\"Ruuby Disain O\u00dc\"},\"image\":{\"@id\":\"http:\\\/\\\/ruuby.ee\\\/en\\\/#\\\/schema\\\/logo\\\/image\\\/\"},\"sameAs\":[\"https:\\\/\\\/www.facebook.com\\\/ruubyconcept\",\"https:\\\/\\\/www.instagram.com\\\/ruuby_concept\\\/\"]}]}<\/script>\n<!-- \/ Yoast SEO plugin. -->","yoast_head_json":{"title":"Nailmatic - 12 v\u00e4rvitavat t\u00e4toveeringut - KAWAI - RUUBY","robots":{"index":"index","follow":"follow","max-snippet":"max-snippet:-1","max-image-preview":"max-image-preview:large","max-video-preview":"max-video-preview:-1"},"canonical":"http:\/\/ruuby.ee\/en\/pood\/lapsed\/meisterdamine\/tattoo\/nailmatic-12-varvitavat-tatoveeringut-kawai\/","og_locale":"en_GB","og_type":"article","og_title":"Nailmatic - 12 v\u00e4rvitavat t\u00e4toveeringut - KAWAI - RUUBY","og_description":"Imelised ajutised t\u00e4toveeringud armsate kawaii kujundustega! Avastage t\u00e4iesti uus tegevus, mis aitab arendada laste kujutlusv\u00f5imet, keskendumisv\u00f5imet ja loovust! Need uued ajutised joonistust\u00e4toveeringud on kergesti pealekantavad ja l\u00f5busad k\u00f5igile! Lapsed on kaasatud kogu protsessi \u2013 nad saavad valida kujunduse ja seej\u00e4rel oma kunstiteose TATTOOPEN nahamarkerite abil oma kujutlusv\u00f5imest tulenevate joonistustega t\u00e4iendada. 12 kawaii t\u00e4toveeringut: j\u00e4\u00e4tis, j\u00e4nes, [&hellip;]","og_url":"http:\/\/ruuby.ee\/en\/pood\/lapsed\/meisterdamine\/tattoo\/nailmatic-12-varvitavat-tatoveeringut-kawai\/","og_site_name":"RUUBY","article_publisher":"https:\/\/www.facebook.com\/ruubyconcept","article_modified_time":"2026-04-07T22:28:24+00:00","og_image":[{"width":1146,"height":1146,"url":"http:\/\/ruuby.ee\/wp-content\/uploads\/2025\/06\/Screenshot-2025-06-27-at-22.49.42.png","type":"image\/png"}],"twitter_card":"summary_large_image","twitter_misc":{"Estimated reading time":"2 minutes"},"schema":{"@context":"https:\/\/schema.org","@graph":[{"@type":["WebPage","ItemPage"],"@id":"http:\/\/ruuby.ee\/pood\/lapsed\/meisterdamine\/tattoo\/nailmatic-12-varvitavat-tatoveeringut-kawai\/","url":"http:\/\/ruuby.ee\/pood\/lapsed\/meisterdamine\/tattoo\/nailmatic-12-varvitavat-tatoveeringut-kawai\/","name":"Nailmatic - 12 v\u00e4rvitavat t\u00e4toveeringut - KAWAI - RUUBY","isPartOf":{"@id":"http:\/\/ruuby.ee\/en\/#website"},"primaryImageOfPage":{"@id":"http:\/\/ruuby.ee\/pood\/lapsed\/meisterdamine\/tattoo\/nailmatic-12-varvitavat-tatoveeringut-kawai\/#primaryimage"},"image":{"@id":"http:\/\/ruuby.ee\/pood\/lapsed\/meisterdamine\/tattoo\/nailmatic-12-varvitavat-tatoveeringut-kawai\/#primaryimage"},"thumbnailUrl":"https:\/\/ruuby.ee\/wp-content\/uploads\/2025\/06\/Screenshot-2025-06-27-at-22.49.42.png","datePublished":"2025-06-27T18:38:14+00:00","dateModified":"2026-04-07T22:28:24+00:00","breadcrumb":{"@id":"http:\/\/ruuby.ee\/pood\/lapsed\/meisterdamine\/tattoo\/nailmatic-12-varvitavat-tatoveeringut-kawai\/#breadcrumb"},"inLanguage":"en-GB","potentialAction":[{"@type":"ReadAction","target":["http:\/\/ruuby.ee\/pood\/lapsed\/meisterdamine\/tattoo\/nailmatic-12-varvitavat-tatoveeringut-kawai\/"]}]},{"@type":"ImageObject","inLanguage":"en-GB","@id":"http:\/\/ruuby.ee\/pood\/lapsed\/meisterdamine\/tattoo\/nailmatic-12-varvitavat-tatoveeringut-kawai\/#primaryimage","url":"https:\/\/ruuby.ee\/wp-content\/uploads\/2025\/06\/Screenshot-2025-06-27-at-22.49.42.png","contentUrl":"https:\/\/ruuby.ee\/wp-content\/uploads\/2025\/06\/Screenshot-2025-06-27-at-22.49.42.png","width":1146,"height":1146},{"@type":"BreadcrumbList","@id":"http:\/\/ruuby.ee\/pood\/lapsed\/meisterdamine\/tattoo\/nailmatic-12-varvitavat-tatoveeringut-kawai\/#breadcrumb","itemListElement":[{"@type":"ListItem","position":1,"name":"Kdu","item":"http:\/\/ruuby.ee\/en\/"},{"@type":"ListItem","position":2,"name":"Pood","item":"http:\/\/ruuby.ee\/en\/pood\/"},{"@type":"ListItem","position":3,"name":"Nailmatic &#8211; 12 v\u00e4rvitavat t\u00e4toveeringut &#8211; KAWAI"}]},{"@type":"WebSite","@id":"http:\/\/ruuby.ee\/en\/#website","url":"http:\/\/ruuby.ee\/en\/","name":"RUUBY","description":"Ruubys on \u00fchendatud elustiil ja disain","publisher":{"@id":"http:\/\/ruuby.ee\/en\/#organization"},"alternateName":"Ruuby Disain","potentialAction":[{"@type":"SearchAction","target":{"@type":"EntryPoint","urlTemplate":"http:\/\/ruuby.ee\/en\/?s={search_term_string}"},"query-input":{"@type":"PropertyValueSpecification","valueRequired":true,"valueName":"search_term_string"}}],"inLanguage":"en-GB"},{"@type":"Organization","@id":"http:\/\/ruuby.ee\/en\/#organization","name":"Ruuby Disain O\u00dc","alternateName":"Ruuby","url":"http:\/\/ruuby.ee\/en\/","logo":{"@type":"ImageObject","inLanguage":"en-GB","@id":"http:\/\/ruuby.ee\/en\/#\/schema\/logo\/image\/","url":"https:\/\/ruuby.ee\/wp-content\/uploads\/2023\/06\/cropped-Black-White-Elegant-Circle-Signature-Fashion-Logo-12_large.png","contentUrl":"https:\/\/ruuby.ee\/wp-content\/uploads\/2023\/06\/cropped-Black-White-Elegant-Circle-Signature-Fashion-Logo-12_large.png","width":1280,"height":747,"caption":"Ruuby Disain O\u00dc"},"image":{"@id":"http:\/\/ruuby.ee\/en\/#\/schema\/logo\/image\/"},"sameAs":["https:\/\/www.facebook.com\/ruubyconcept","https:\/\/www.instagram.com\/ruuby_concept\/"]}]}},"jetpack_sharing_enabled":true,"_links":{"self":[{"href":"https:\/\/ruuby.ee\/en\/wp-json\/wp\/v2\/product\/1853814","targetHints":{"allow":["GET"]}}],"collection":[{"href":"https:\/\/ruuby.ee\/en\/wp-json\/wp\/v2\/product"}],"about":[{"href":"https:\/\/ruuby.ee\/en\/wp-json\/wp\/v2\/types\/product"}],"replies":[{"embeddable":true,"href":"https:\/\/ruuby.ee\/en\/wp-json\/wp\/v2\/comments?post=1853814"}],"wp:featuredmedia":[{"embeddable":true,"href":"https:\/\/ruuby.ee\/en\/wp-json\/wp\/v2\/media\/1853869"}],"wp:attachment":[{"href":"https:\/\/ruuby.ee\/en\/wp-json\/wp\/v2\/media?parent=1853814"}],"wp:term":[{"taxonomy":"product_brand","embeddable":true,"href":"https:\/\/ruuby.ee\/en\/wp-json\/wp\/v2\/product_brand?post=1853814"},{"taxonomy":"product_cat","embeddable":true,"href":"https:\/\/ruuby.ee\/en\/wp-json\/wp\/v2\/product_cat?post=1853814"},{"taxonomy":"product_tag","embeddable":true,"href":"https:\/\/ruuby.ee\/en\/wp-json\/wp\/v2\/product_tag?post=1853814"}],"curies":[{"name":"wp","href":"https:\/\/api.w.org\/{rel}","templated":true}]}}