{"id":1853636,"date":"2025-06-18T21:15:29","date_gmt":"2025-06-18T18:15:29","guid":{"rendered":"https:\/\/ruuby.ee\/pood\/maaratlemata\/le-chocolat-des-francais-king-kong-80g-piim-41-soolatud-karamelliga\/"},"modified":"2026-04-05T01:25:19","modified_gmt":"2026-04-04T22:25:19","slug":"le-chocolat-des-francais-king-kong-80g-piim-41-soolatud-karamelliga","status":"publish","type":"product","link":"https:\/\/ruuby.ee\/en\/pood\/gurmee\/maiustused\/le-chocolat-des-francais-king-kong-80g-piim-41-soolatud-karamelliga\/","title":{"rendered":"Le Chocolat des Francais &#8211; King Kong \/ 80g, piim 41% soolatud karamelliga"},"content":{"rendered":"<p>Meie maitsvad orgaanilised \u0161okolaaditahvlid valmivad k\u00e4sit\u00f6\u00f6na Avignoni l\u00e4hedal. P\u00e4rast Prantsusmaal ringi reisimist leidsime parima k\u00e4sit\u00f6\u00f6lise, kellega teeme n\u00fc\u00fcd tihedat koost\u00f6\u00f6d oma retseptide v\u00e4ljat\u00f6\u00f6tamisel. Kuna tegemist on pereettev\u00f5ttega, on see ekspert p\u00e4rinud oma spetsiifilise oskusteabe, mis kandub edasi p\u00f5lvest p\u00f5lve.<\/p>\n<p>K\u00f5ik algab kakaoubadest: oleme valinud t\u00f6\u00f6tamiseks ekvaatorilt ja Peruust p\u00e4rit ubad. Seda t\u00fc\u00fcpi kakaod kasutatakse eranditult \u201egrand cru\u201c \u0161okolaadi jaoks! Nagu veini puhul, v\u00f5imaldab ka siinne keskkond ja kliima kakaol arendada h\u00e4mmastavaid maitseid. K\u00f5ik see toimub s\u00e4\u00e4stva p\u00f5llumajanduse p\u00f5him\u00f5tteid j\u00e4rgides.<br \/>\nJ\u00e4rgime iga oma \u0161okolaadiretseptidesse lisatud koostisosa puhul samu p\u00f5him\u00f5tteid. Need on k\u00f5ik looduslikud ja valitud kvaliteetse hankimise teel, pannes seega meie fantastilisi retsepte t\u00e4iustama!<br \/>\nT\u00e4nu k\u00f5igile neile valikutele, mida oleme teinud keskkonna austamiseks, alates toorainest kuni k\u00e4sit\u00f6\u00f6na valmimiseni, oleme sertifitseeritud j\u00e4rgmiselt: \u00abPuhas kakaov\u00f5i\u00bb; \u00abAB mahep\u00f5llumajandus\u00bb ja \u00abEuroopa mahep\u00f5llumajandus\u00bb. Bravo!<\/p>\n<p><strong>KOOSTISOSAD<\/strong><\/p>\n<p>Rafineerimata roosuhkur*, kakaov\u00f5i*, t\u00e4ispiimapulber* (piimakuivainet v\u00e4hemalt 18,9%), kakaomass* (Ladina-Ameerika), soolatud v\u00f5ikaramellilaastud* 10% (roosuhkur*, gl\u00fckoosisiirup*, koor*, v\u00f5i*, vesi, Gu\u00e9rande&#8217;i sool), Gu\u00e9rande&#8217;i soolalill 0,3%.<\/p>\n<p>*Mahep\u00f5llumajandusest p\u00e4rit toode, sertifitseeritud FR-BIO-01 poolt.<\/p>\n<p>Allergeenid: vt paksus kirjas koostisosi. V\u00f5ib sisaldada gluteeni, muna, soja, maap\u00e4hklite ja p\u00e4hklite j\u00e4lgi.<\/p>\n<p><strong>TOITEV\u00c4\u00c4RTUS<\/strong><\/p>\n<p>Keskmine toitev\u00e4\u00e4rtus 100 g kohta: Energia: 2384 kJ \/ 572 kcal &#8211; Rasv (38 g), millest k\u00fcllastunud rasvhappeid (24 g), S\u00fcsivesikud (50 g), millest suhkrud (48 g), Kiudained (2,9 g), Valgud (6,5 g), Sool (0,5 g).<\/p>","protected":false},"excerpt":{"rendered":"<p>King Kong is taking the Eiffel Tower! The creaminess of this organic milk chocolate 41% leaves room for crunchy caramel, and finish with a salty touch from Gu\u00e9rande.<\/p>\n<p>Parim ennem: 31.01.2026<\/p>","protected":false},"featured_media":1853672,"comment_status":"open","ping_status":"closed","template":"","meta":[],"product_brand":[],"product_cat":[26,644],"product_tag":[1050],"class_list":{"0":"post-1853636","1":"product","2":"type-product","3":"status-publish","4":"has-post-thumbnail","6":"product_cat-gurmee","7":"product_cat-maiustused","8":"product_tag-sokolaad","10":"first","11":"outofstock","12":"taxable","13":"shipping-taxable","14":"purchasable","15":"product-type-simple"},"yoast_head":"<!-- This site is optimized with the Yoast SEO plugin v27.2 - https:\/\/yoast.com\/product\/yoast-seo-wordpress\/ -->\n<title>Le Chocolat des Francais - King Kong \/ 80g, piim 41% soolatud karamelliga - RUUBY<\/title>\n<meta name=\"robots\" content=\"index, follow, max-snippet:-1, max-image-preview:large, max-video-preview:-1\" \/>\n<link rel=\"canonical\" href=\"https:\/\/ruuby.ee\/en\/pood\/gurmee\/maiustused\/le-chocolat-des-francais-king-kong-80g-piim-41-soolatud-karamelliga\/\" \/>\n<meta property=\"og:locale\" content=\"en_GB\" \/>\n<meta property=\"og:type\" content=\"article\" \/>\n<meta property=\"og:title\" content=\"Le Chocolat des Francais - King Kong \/ 80g, piim 41% soolatud karamelliga - RUUBY\" \/>\n<meta property=\"og:description\" content=\"King Kong is taking the Eiffel Tower! The creaminess of this organic milk chocolate 41% leaves room for crunchy caramel, and finish with a salty touch from Gu\u00e9rande.  Parim ennem: 31.01.2026\" \/>\n<meta property=\"og:url\" content=\"https:\/\/ruuby.ee\/en\/pood\/gurmee\/maiustused\/le-chocolat-des-francais-king-kong-80g-piim-41-soolatud-karamelliga\/\" \/>\n<meta property=\"og:site_name\" content=\"RUUBY\" \/>\n<meta property=\"article:publisher\" content=\"https:\/\/www.facebook.com\/ruubyconcept\" \/>\n<meta property=\"article:modified_time\" content=\"2026-04-04T22:25:19+00:00\" \/>\n<meta property=\"og:image\" content=\"https:\/\/ruuby.ee\/wp-content\/uploads\/2025\/06\/Screenshot-2025-06-18-at-22.06.02.png\" \/>\n\t<meta property=\"og:image:width\" content=\"1160\" \/>\n\t<meta property=\"og:image:height\" content=\"1172\" \/>\n\t<meta property=\"og:image:type\" content=\"image\/png\" \/>\n<meta name=\"twitter:card\" content=\"summary_large_image\" \/>\n<meta name=\"twitter:label1\" content=\"Estimated reading time\" \/>\n\t<meta name=\"twitter:data1\" content=\"2 minutes\" \/>\n<script type=\"application\/ld+json\" class=\"yoast-schema-graph\">{\"@context\":\"https:\/\/schema.org\",\"@graph\":[{\"@type\":[\"WebPage\",\"ItemPage\"],\"@id\":\"https:\/\/ruuby.ee\/en\/pood\/gurmee\/maiustused\/le-chocolat-des-francais-king-kong-80g-piim-41-soolatud-karamelliga\/\",\"url\":\"https:\/\/ruuby.ee\/en\/pood\/gurmee\/maiustused\/le-chocolat-des-francais-king-kong-80g-piim-41-soolatud-karamelliga\/\",\"name\":\"Le Chocolat des Francais - King Kong \/ 80g, piim 41% soolatud karamelliga - RUUBY\",\"isPartOf\":{\"@id\":\"http:\/\/ruuby.ee\/#website\"},\"primaryImageOfPage\":{\"@id\":\"https:\/\/ruuby.ee\/en\/pood\/gurmee\/maiustused\/le-chocolat-des-francais-king-kong-80g-piim-41-soolatud-karamelliga\/#primaryimage\"},\"image\":{\"@id\":\"https:\/\/ruuby.ee\/en\/pood\/gurmee\/maiustused\/le-chocolat-des-francais-king-kong-80g-piim-41-soolatud-karamelliga\/#primaryimage\"},\"thumbnailUrl\":\"https:\/\/ruuby.ee\/wp-content\/uploads\/2025\/06\/Screenshot-2025-06-18-at-22.06.02.png\",\"datePublished\":\"2025-06-18T18:15:29+00:00\",\"dateModified\":\"2026-04-04T22:25:19+00:00\",\"breadcrumb\":{\"@id\":\"https:\/\/ruuby.ee\/en\/pood\/gurmee\/maiustused\/le-chocolat-des-francais-king-kong-80g-piim-41-soolatud-karamelliga\/#breadcrumb\"},\"inLanguage\":\"en-GB\",\"potentialAction\":[{\"@type\":\"ReadAction\",\"target\":[\"https:\/\/ruuby.ee\/en\/pood\/gurmee\/maiustused\/le-chocolat-des-francais-king-kong-80g-piim-41-soolatud-karamelliga\/\"]}]},{\"@type\":\"ImageObject\",\"inLanguage\":\"en-GB\",\"@id\":\"https:\/\/ruuby.ee\/en\/pood\/gurmee\/maiustused\/le-chocolat-des-francais-king-kong-80g-piim-41-soolatud-karamelliga\/#primaryimage\",\"url\":\"https:\/\/ruuby.ee\/wp-content\/uploads\/2025\/06\/Screenshot-2025-06-18-at-22.06.02.png\",\"contentUrl\":\"https:\/\/ruuby.ee\/wp-content\/uploads\/2025\/06\/Screenshot-2025-06-18-at-22.06.02.png\",\"width\":1160,\"height\":1172},{\"@type\":\"BreadcrumbList\",\"@id\":\"https:\/\/ruuby.ee\/en\/pood\/gurmee\/maiustused\/le-chocolat-des-francais-king-kong-80g-piim-41-soolatud-karamelliga\/#breadcrumb\",\"itemListElement\":[{\"@type\":\"ListItem\",\"position\":1,\"name\":\"Kdu\",\"item\":\"http:\/\/ruuby.ee\/\"},{\"@type\":\"ListItem\",\"position\":2,\"name\":\"Pood\",\"item\":\"https:\/\/ruuby.ee\/en\/pood\/\"},{\"@type\":\"ListItem\",\"position\":3,\"name\":\"Le Chocolat des Francais &#8211; King Kong \/ 80g, piim 41% soolatud karamelliga\"}]},{\"@type\":\"WebSite\",\"@id\":\"http:\/\/ruuby.ee\/#website\",\"url\":\"http:\/\/ruuby.ee\/\",\"name\":\"RUUBY\",\"description\":\"Ruubys on \u00fchendatud elustiil ja disain\",\"publisher\":{\"@id\":\"http:\/\/ruuby.ee\/#organization\"},\"alternateName\":\"Ruuby Disain\",\"potentialAction\":[{\"@type\":\"SearchAction\",\"target\":{\"@type\":\"EntryPoint\",\"urlTemplate\":\"http:\/\/ruuby.ee\/?s={search_term_string}\"},\"query-input\":{\"@type\":\"PropertyValueSpecification\",\"valueRequired\":true,\"valueName\":\"search_term_string\"}}],\"inLanguage\":\"en-GB\"},{\"@type\":\"Organization\",\"@id\":\"http:\/\/ruuby.ee\/#organization\",\"name\":\"Ruuby Disain O\u00dc\",\"alternateName\":\"Ruuby\",\"url\":\"http:\/\/ruuby.ee\/\",\"logo\":{\"@type\":\"ImageObject\",\"inLanguage\":\"en-GB\",\"@id\":\"http:\/\/ruuby.ee\/#\/schema\/logo\/image\/\",\"url\":\"https:\/\/ruuby.ee\/wp-content\/uploads\/2023\/06\/cropped-Black-White-Elegant-Circle-Signature-Fashion-Logo-12_large.png\",\"contentUrl\":\"https:\/\/ruuby.ee\/wp-content\/uploads\/2023\/06\/cropped-Black-White-Elegant-Circle-Signature-Fashion-Logo-12_large.png\",\"width\":1280,\"height\":747,\"caption\":\"Ruuby Disain O\u00dc\"},\"image\":{\"@id\":\"http:\/\/ruuby.ee\/#\/schema\/logo\/image\/\"},\"sameAs\":[\"https:\/\/www.facebook.com\/ruubyconcept\",\"https:\/\/www.instagram.com\/ruuby_concept\/\"]}]}<\/script>\n<!-- \/ Yoast SEO plugin. -->","yoast_head_json":{"title":"Le Chocolat des Francais - King Kong \/ 80g, piim 41% soolatud karamelliga - RUUBY","robots":{"index":"index","follow":"follow","max-snippet":"max-snippet:-1","max-image-preview":"max-image-preview:large","max-video-preview":"max-video-preview:-1"},"canonical":"https:\/\/ruuby.ee\/en\/pood\/gurmee\/maiustused\/le-chocolat-des-francais-king-kong-80g-piim-41-soolatud-karamelliga\/","og_locale":"en_GB","og_type":"article","og_title":"Le Chocolat des Francais - King Kong \/ 80g, piim 41% soolatud karamelliga - RUUBY","og_description":"King Kong is taking the Eiffel Tower! The creaminess of this organic milk chocolate 41% leaves room for crunchy caramel, and finish with a salty touch from Gu\u00e9rande.  Parim ennem: 31.01.2026","og_url":"https:\/\/ruuby.ee\/en\/pood\/gurmee\/maiustused\/le-chocolat-des-francais-king-kong-80g-piim-41-soolatud-karamelliga\/","og_site_name":"RUUBY","article_publisher":"https:\/\/www.facebook.com\/ruubyconcept","article_modified_time":"2026-04-04T22:25:19+00:00","og_image":[{"width":1160,"height":1172,"url":"https:\/\/ruuby.ee\/wp-content\/uploads\/2025\/06\/Screenshot-2025-06-18-at-22.06.02.png","type":"image\/png"}],"twitter_card":"summary_large_image","twitter_misc":{"Estimated reading time":"2 minutes"},"schema":{"@context":"https:\/\/schema.org","@graph":[{"@type":["WebPage","ItemPage"],"@id":"https:\/\/ruuby.ee\/en\/pood\/gurmee\/maiustused\/le-chocolat-des-francais-king-kong-80g-piim-41-soolatud-karamelliga\/","url":"https:\/\/ruuby.ee\/en\/pood\/gurmee\/maiustused\/le-chocolat-des-francais-king-kong-80g-piim-41-soolatud-karamelliga\/","name":"Le Chocolat des Francais - King Kong \/ 80g, piim 41% soolatud karamelliga - RUUBY","isPartOf":{"@id":"http:\/\/ruuby.ee\/#website"},"primaryImageOfPage":{"@id":"https:\/\/ruuby.ee\/en\/pood\/gurmee\/maiustused\/le-chocolat-des-francais-king-kong-80g-piim-41-soolatud-karamelliga\/#primaryimage"},"image":{"@id":"https:\/\/ruuby.ee\/en\/pood\/gurmee\/maiustused\/le-chocolat-des-francais-king-kong-80g-piim-41-soolatud-karamelliga\/#primaryimage"},"thumbnailUrl":"https:\/\/ruuby.ee\/wp-content\/uploads\/2025\/06\/Screenshot-2025-06-18-at-22.06.02.png","datePublished":"2025-06-18T18:15:29+00:00","dateModified":"2026-04-04T22:25:19+00:00","breadcrumb":{"@id":"https:\/\/ruuby.ee\/en\/pood\/gurmee\/maiustused\/le-chocolat-des-francais-king-kong-80g-piim-41-soolatud-karamelliga\/#breadcrumb"},"inLanguage":"en-GB","potentialAction":[{"@type":"ReadAction","target":["https:\/\/ruuby.ee\/en\/pood\/gurmee\/maiustused\/le-chocolat-des-francais-king-kong-80g-piim-41-soolatud-karamelliga\/"]}]},{"@type":"ImageObject","inLanguage":"en-GB","@id":"https:\/\/ruuby.ee\/en\/pood\/gurmee\/maiustused\/le-chocolat-des-francais-king-kong-80g-piim-41-soolatud-karamelliga\/#primaryimage","url":"https:\/\/ruuby.ee\/wp-content\/uploads\/2025\/06\/Screenshot-2025-06-18-at-22.06.02.png","contentUrl":"https:\/\/ruuby.ee\/wp-content\/uploads\/2025\/06\/Screenshot-2025-06-18-at-22.06.02.png","width":1160,"height":1172},{"@type":"BreadcrumbList","@id":"https:\/\/ruuby.ee\/en\/pood\/gurmee\/maiustused\/le-chocolat-des-francais-king-kong-80g-piim-41-soolatud-karamelliga\/#breadcrumb","itemListElement":[{"@type":"ListItem","position":1,"name":"Kdu","item":"http:\/\/ruuby.ee\/"},{"@type":"ListItem","position":2,"name":"Pood","item":"https:\/\/ruuby.ee\/en\/pood\/"},{"@type":"ListItem","position":3,"name":"Le Chocolat des Francais &#8211; King Kong \/ 80g, piim 41% soolatud karamelliga"}]},{"@type":"WebSite","@id":"http:\/\/ruuby.ee\/#website","url":"http:\/\/ruuby.ee\/","name":"RUUBY","description":"Ruubys on \u00fchendatud elustiil ja disain","publisher":{"@id":"http:\/\/ruuby.ee\/#organization"},"alternateName":"Ruuby Disain","potentialAction":[{"@type":"SearchAction","target":{"@type":"EntryPoint","urlTemplate":"http:\/\/ruuby.ee\/?s={search_term_string}"},"query-input":{"@type":"PropertyValueSpecification","valueRequired":true,"valueName":"search_term_string"}}],"inLanguage":"en-GB"},{"@type":"Organization","@id":"http:\/\/ruuby.ee\/#organization","name":"Ruuby Disain O\u00dc","alternateName":"Ruuby","url":"http:\/\/ruuby.ee\/","logo":{"@type":"ImageObject","inLanguage":"en-GB","@id":"http:\/\/ruuby.ee\/#\/schema\/logo\/image\/","url":"https:\/\/ruuby.ee\/wp-content\/uploads\/2023\/06\/cropped-Black-White-Elegant-Circle-Signature-Fashion-Logo-12_large.png","contentUrl":"https:\/\/ruuby.ee\/wp-content\/uploads\/2023\/06\/cropped-Black-White-Elegant-Circle-Signature-Fashion-Logo-12_large.png","width":1280,"height":747,"caption":"Ruuby Disain O\u00dc"},"image":{"@id":"http:\/\/ruuby.ee\/#\/schema\/logo\/image\/"},"sameAs":["https:\/\/www.facebook.com\/ruubyconcept","https:\/\/www.instagram.com\/ruuby_concept\/"]}]}},"jetpack_sharing_enabled":true,"_links":{"self":[{"href":"https:\/\/ruuby.ee\/en\/wp-json\/wp\/v2\/product\/1853636","targetHints":{"allow":["GET"]}}],"collection":[{"href":"https:\/\/ruuby.ee\/en\/wp-json\/wp\/v2\/product"}],"about":[{"href":"https:\/\/ruuby.ee\/en\/wp-json\/wp\/v2\/types\/product"}],"replies":[{"embeddable":true,"href":"https:\/\/ruuby.ee\/en\/wp-json\/wp\/v2\/comments?post=1853636"}],"wp:featuredmedia":[{"embeddable":true,"href":"https:\/\/ruuby.ee\/en\/wp-json\/wp\/v2\/media\/1853672"}],"wp:attachment":[{"href":"https:\/\/ruuby.ee\/en\/wp-json\/wp\/v2\/media?parent=1853636"}],"wp:term":[{"taxonomy":"product_brand","embeddable":true,"href":"https:\/\/ruuby.ee\/en\/wp-json\/wp\/v2\/product_brand?post=1853636"},{"taxonomy":"product_cat","embeddable":true,"href":"https:\/\/ruuby.ee\/en\/wp-json\/wp\/v2\/product_cat?post=1853636"},{"taxonomy":"product_tag","embeddable":true,"href":"https:\/\/ruuby.ee\/en\/wp-json\/wp\/v2\/product_tag?post=1853636"}],"curies":[{"name":"wp","href":"https:\/\/api.w.org\/{rel}","templated":true}]}}