{"id":1853567,"date":"2025-06-17T20:06:21","date_gmt":"2025-06-17T17:06:21","guid":{"rendered":"https:\/\/ruuby.ee\/pood\/maaratlemata\/pestle-mortar-essentials-hudrokolloidplaaster-vistrikele-48tk\/"},"modified":"2026-04-08T01:28:25","modified_gmt":"2026-04-07T22:28:25","slug":"pestle-mortar-essentials-hudrokolloidplaaster-vistrikele-48tk","status":"publish","type":"product","link":"https:\/\/ruuby.ee\/en\/pood\/kosmeetika\/naohooldus\/pestle-mortar-essentials-hudrokolloidplaaster-vistrikele-48tk\/","title":{"rendered":"PESTLE &amp; MORTAR Essentials h\u00fcdrokolloidplaaster vistrikele 18tk"},"content":{"rendered":"<p>H\u00fcdrokolloidt\u00e4pid vistrike kiireks eemaldamiseks. Vistrikut\u00e4pid toimivad \u00fcle\u00f6\u00f6, et eemaldada vistrikud, siluda eba\u00fchtlused ja paljastada puhtam nahk. Salits\u00fc\u00fclhappe ja teepuuga rikastatud vistrikut\u00e4pid on teie salarelv vistrike \u00f5rnaks ja kiireks eemaldamiseks, olenemata teie nahat\u00fc\u00fcbist. Need \u00fcli\u00f5hukesed h\u00fcdrokolloidt\u00e4pid toimivad \u00fcle\u00f6\u00f6, imades vistrikest m\u00e4da ja lisandeid, kaitstes samal ajal armide eest, mis tekivad vistrike tekkimisel.<\/p>\n<p><strong>KUIDAS?<\/strong><br \/>\n1. Puhasta n\u00e4gu tavaliselt<br \/>\n2. V\u00f5ta paberilt t\u00e4pp ja kleebi see vistrikule<br \/>\n3. Eemalda t\u00e4pp, kui see muutub valgeks<\/p>\n<p><strong>MILLAL?<\/strong><br \/>\nPlaastrid toimivad ka \u00fcle\u00f6\u00f6, imades vistrikest m\u00e4da ja mustuse, kaitstes nahka samal ajal armide tekkimise eest.<\/p>\n<p><strong>KES?<\/strong><\/p>\n<p>Teismelised<br \/>\nHormonaalne akne<br \/>\nMenopausij\u00e4rgne ja k\u00fcps nahk<\/p>\n<p>&nbsp;<\/p>\n<p>Koostis: Kapr\u00fc\u00fcl-\/Kapriintrigl\u00fctseriid, Salits\u00fc\u00fclhape, Teepuu (Melaleuca alternifolia) lehe\u00f5li, Limonen, Poloksameer 407.<\/p>\n<p>&nbsp;<\/p>\n<p>Kas Spot Dots sobib igale nahat\u00fc\u00fcbile?<br \/>\nMuidugi! Spot Dots on loodud sobima igale nahat\u00fc\u00fcbile \u2013 kuivale, rasusele, sega- ja tundlikule.<\/p>\n<p>Kas ma saan Spot Dotsi kasutada raseduse v\u00f5i rinnaga toitmise ajal?<br \/>\nJah! Spot Dotsis ei ole karme kemikaale.<\/p>\n<p>Kas Spot Dots v\u00f5ib p\u00f5hjustada naha\u00e4rritust?<br \/>\nSpot Dots on loodud nahale \u00f5rnaks. \u00c4rrituse ilmnemisel l\u00f5petage kasutamine ja konsulteerige dermatoloogiga.<\/p>\n<p>Kas Spot Dots sobib teismelise nahale?<br \/>\nJah, Spot Dots on teismelise nahale ohutu ja t\u00f5hus, aidates t\u00f5husalt v\u00f5idelda noorukiea vistrikega.<\/p>\n<p>Kui tihti ma saan Spot Dotsi kasutada?<br \/>\nV\u00f5ite kasutada uut Spot Dotti igal \u00f5htul vistrikul, kuni see on paranenud.<\/p>","protected":false},"excerpt":{"rendered":"<p>H\u00fcdrokolloidt\u00e4pid vistrike kiireks eemaldamiseks. Vistrikut\u00e4pid toimivad \u00fcle\u00f6\u00f6, et eemaldada vistrikud, siluda eba\u00fchtlused ja paljastada puhtam nahk.<\/p>","protected":false},"featured_media":1853569,"comment_status":"open","ping_status":"closed","template":"","meta":[],"product_brand":[],"product_cat":[25,691],"product_tag":[],"class_list":{"0":"post-1853567","1":"product","2":"type-product","3":"status-publish","4":"has-post-thumbnail","6":"product_cat-kosmeetika","7":"product_cat-naohooldus","9":"first","10":"instock","11":"taxable","12":"shipping-taxable","13":"purchasable","14":"product-type-simple"},"yoast_head":"<!-- This site is optimized with the Yoast SEO plugin v27.3 - https:\/\/yoast.com\/product\/yoast-seo-wordpress\/ -->\n<title>PESTLE &amp; MORTAR Essentials h\u00fcdrokolloidplaaster vistrikele 18tk - RUUBY<\/title>\n<meta name=\"robots\" content=\"index, follow, max-snippet:-1, max-image-preview:large, max-video-preview:-1\" \/>\n<link rel=\"canonical\" href=\"http:\/\/ruuby.ee\/en\/pood\/kosmeetika\/naohooldus\/pestle-mortar-essentials-hudrokolloidplaaster-vistrikele-48tk\/\" \/>\n<meta property=\"og:locale\" content=\"en_GB\" \/>\n<meta property=\"og:type\" content=\"article\" \/>\n<meta property=\"og:title\" content=\"PESTLE &amp; MORTAR Essentials h\u00fcdrokolloidplaaster vistrikele 18tk - RUUBY\" \/>\n<meta property=\"og:description\" content=\"H\u00fcdrokolloidt\u00e4pid vistrike kiireks eemaldamiseks. Vistrikut\u00e4pid toimivad \u00fcle\u00f6\u00f6, et eemaldada vistrikud, siluda eba\u00fchtlused ja paljastada puhtam nahk.\" \/>\n<meta property=\"og:url\" content=\"http:\/\/ruuby.ee\/en\/pood\/kosmeetika\/naohooldus\/pestle-mortar-essentials-hudrokolloidplaaster-vistrikele-48tk\/\" \/>\n<meta property=\"og:site_name\" content=\"RUUBY\" \/>\n<meta property=\"article:publisher\" content=\"https:\/\/www.facebook.com\/ruubyconcept\" \/>\n<meta property=\"article:modified_time\" content=\"2026-04-07T22:28:25+00:00\" \/>\n<meta property=\"og:image\" content=\"http:\/\/ruuby.ee\/wp-content\/uploads\/2025\/06\/Screenshot-2025-06-17-at-20.12.27.png\" \/>\n\t<meta property=\"og:image:width\" content=\"1444\" \/>\n\t<meta property=\"og:image:height\" content=\"1200\" \/>\n\t<meta property=\"og:image:type\" content=\"image\/png\" \/>\n<meta name=\"twitter:card\" content=\"summary_large_image\" \/>\n<meta name=\"twitter:label1\" content=\"Estimated reading time\" \/>\n\t<meta name=\"twitter:data1\" content=\"2 minutes\" \/>\n<script type=\"application\/ld+json\" class=\"yoast-schema-graph\">{\"@context\":\"https:\\\/\\\/schema.org\",\"@graph\":[{\"@type\":[\"WebPage\",\"ItemPage\"],\"@id\":\"http:\\\/\\\/ruuby.ee\\\/en\\\/pood\\\/kosmeetika\\\/naohooldus\\\/pestle-mortar-essentials-hudrokolloidplaaster-vistrikele-48tk\\\/\",\"url\":\"http:\\\/\\\/ruuby.ee\\\/en\\\/pood\\\/kosmeetika\\\/naohooldus\\\/pestle-mortar-essentials-hudrokolloidplaaster-vistrikele-48tk\\\/\",\"name\":\"PESTLE &amp; MORTAR Essentials h\u00fcdrokolloidplaaster vistrikele 18tk - RUUBY\",\"isPartOf\":{\"@id\":\"http:\\\/\\\/ruuby.ee\\\/#website\"},\"primaryImageOfPage\":{\"@id\":\"http:\\\/\\\/ruuby.ee\\\/en\\\/pood\\\/kosmeetika\\\/naohooldus\\\/pestle-mortar-essentials-hudrokolloidplaaster-vistrikele-48tk\\\/#primaryimage\"},\"image\":{\"@id\":\"http:\\\/\\\/ruuby.ee\\\/en\\\/pood\\\/kosmeetika\\\/naohooldus\\\/pestle-mortar-essentials-hudrokolloidplaaster-vistrikele-48tk\\\/#primaryimage\"},\"thumbnailUrl\":\"https:\\\/\\\/ruuby.ee\\\/wp-content\\\/uploads\\\/2025\\\/06\\\/Screenshot-2025-06-17-at-20.12.27.png\",\"datePublished\":\"2025-06-17T17:06:21+00:00\",\"dateModified\":\"2026-04-07T22:28:25+00:00\",\"breadcrumb\":{\"@id\":\"http:\\\/\\\/ruuby.ee\\\/en\\\/pood\\\/kosmeetika\\\/naohooldus\\\/pestle-mortar-essentials-hudrokolloidplaaster-vistrikele-48tk\\\/#breadcrumb\"},\"inLanguage\":\"en-GB\",\"potentialAction\":[{\"@type\":\"ReadAction\",\"target\":[\"http:\\\/\\\/ruuby.ee\\\/en\\\/pood\\\/kosmeetika\\\/naohooldus\\\/pestle-mortar-essentials-hudrokolloidplaaster-vistrikele-48tk\\\/\"]}]},{\"@type\":\"ImageObject\",\"inLanguage\":\"en-GB\",\"@id\":\"http:\\\/\\\/ruuby.ee\\\/en\\\/pood\\\/kosmeetika\\\/naohooldus\\\/pestle-mortar-essentials-hudrokolloidplaaster-vistrikele-48tk\\\/#primaryimage\",\"url\":\"https:\\\/\\\/ruuby.ee\\\/wp-content\\\/uploads\\\/2025\\\/06\\\/Screenshot-2025-06-17-at-20.12.27.png\",\"contentUrl\":\"https:\\\/\\\/ruuby.ee\\\/wp-content\\\/uploads\\\/2025\\\/06\\\/Screenshot-2025-06-17-at-20.12.27.png\",\"width\":1444,\"height\":1200},{\"@type\":\"BreadcrumbList\",\"@id\":\"http:\\\/\\\/ruuby.ee\\\/en\\\/pood\\\/kosmeetika\\\/naohooldus\\\/pestle-mortar-essentials-hudrokolloidplaaster-vistrikele-48tk\\\/#breadcrumb\",\"itemListElement\":[{\"@type\":\"ListItem\",\"position\":1,\"name\":\"Kdu\",\"item\":\"http:\\\/\\\/ruuby.ee\\\/\"},{\"@type\":\"ListItem\",\"position\":2,\"name\":\"Pood\",\"item\":\"http:\\\/\\\/ruuby.ee\\\/pood\\\/\"},{\"@type\":\"ListItem\",\"position\":3,\"name\":\"PESTLE &amp; MORTAR Essentials h\u00fcdrokolloidplaaster vistrikele 18tk\"}]},{\"@type\":\"WebSite\",\"@id\":\"http:\\\/\\\/ruuby.ee\\\/#website\",\"url\":\"http:\\\/\\\/ruuby.ee\\\/\",\"name\":\"RUUBY\",\"description\":\"Ruubys on \u00fchendatud elustiil ja disain\",\"publisher\":{\"@id\":\"http:\\\/\\\/ruuby.ee\\\/#organization\"},\"alternateName\":\"Ruuby Disain\",\"potentialAction\":[{\"@type\":\"SearchAction\",\"target\":{\"@type\":\"EntryPoint\",\"urlTemplate\":\"http:\\\/\\\/ruuby.ee\\\/?s={search_term_string}\"},\"query-input\":{\"@type\":\"PropertyValueSpecification\",\"valueRequired\":true,\"valueName\":\"search_term_string\"}}],\"inLanguage\":\"en-GB\"},{\"@type\":\"Organization\",\"@id\":\"http:\\\/\\\/ruuby.ee\\\/#organization\",\"name\":\"Ruuby Disain O\u00dc\",\"alternateName\":\"Ruuby\",\"url\":\"http:\\\/\\\/ruuby.ee\\\/\",\"logo\":{\"@type\":\"ImageObject\",\"inLanguage\":\"en-GB\",\"@id\":\"http:\\\/\\\/ruuby.ee\\\/#\\\/schema\\\/logo\\\/image\\\/\",\"url\":\"https:\\\/\\\/ruuby.ee\\\/wp-content\\\/uploads\\\/2023\\\/06\\\/cropped-Black-White-Elegant-Circle-Signature-Fashion-Logo-12_large.png\",\"contentUrl\":\"https:\\\/\\\/ruuby.ee\\\/wp-content\\\/uploads\\\/2023\\\/06\\\/cropped-Black-White-Elegant-Circle-Signature-Fashion-Logo-12_large.png\",\"width\":1280,\"height\":747,\"caption\":\"Ruuby Disain O\u00dc\"},\"image\":{\"@id\":\"http:\\\/\\\/ruuby.ee\\\/#\\\/schema\\\/logo\\\/image\\\/\"},\"sameAs\":[\"https:\\\/\\\/www.facebook.com\\\/ruubyconcept\",\"https:\\\/\\\/www.instagram.com\\\/ruuby_concept\\\/\"]}]}<\/script>\n<!-- \/ Yoast SEO plugin. -->","yoast_head_json":{"title":"PESTLE &amp; MORTAR Essentials h\u00fcdrokolloidplaaster vistrikele 18tk - RUUBY","robots":{"index":"index","follow":"follow","max-snippet":"max-snippet:-1","max-image-preview":"max-image-preview:large","max-video-preview":"max-video-preview:-1"},"canonical":"http:\/\/ruuby.ee\/en\/pood\/kosmeetika\/naohooldus\/pestle-mortar-essentials-hudrokolloidplaaster-vistrikele-48tk\/","og_locale":"en_GB","og_type":"article","og_title":"PESTLE &amp; MORTAR Essentials h\u00fcdrokolloidplaaster vistrikele 18tk - RUUBY","og_description":"H\u00fcdrokolloidt\u00e4pid vistrike kiireks eemaldamiseks. Vistrikut\u00e4pid toimivad \u00fcle\u00f6\u00f6, et eemaldada vistrikud, siluda eba\u00fchtlused ja paljastada puhtam nahk.","og_url":"http:\/\/ruuby.ee\/en\/pood\/kosmeetika\/naohooldus\/pestle-mortar-essentials-hudrokolloidplaaster-vistrikele-48tk\/","og_site_name":"RUUBY","article_publisher":"https:\/\/www.facebook.com\/ruubyconcept","article_modified_time":"2026-04-07T22:28:25+00:00","og_image":[{"width":1444,"height":1200,"url":"http:\/\/ruuby.ee\/wp-content\/uploads\/2025\/06\/Screenshot-2025-06-17-at-20.12.27.png","type":"image\/png"}],"twitter_card":"summary_large_image","twitter_misc":{"Estimated reading time":"2 minutes"},"schema":{"@context":"https:\/\/schema.org","@graph":[{"@type":["WebPage","ItemPage"],"@id":"http:\/\/ruuby.ee\/en\/pood\/kosmeetika\/naohooldus\/pestle-mortar-essentials-hudrokolloidplaaster-vistrikele-48tk\/","url":"http:\/\/ruuby.ee\/en\/pood\/kosmeetika\/naohooldus\/pestle-mortar-essentials-hudrokolloidplaaster-vistrikele-48tk\/","name":"PESTLE &amp; MORTAR Essentials h\u00fcdrokolloidplaaster vistrikele 18tk - RUUBY","isPartOf":{"@id":"http:\/\/ruuby.ee\/#website"},"primaryImageOfPage":{"@id":"http:\/\/ruuby.ee\/en\/pood\/kosmeetika\/naohooldus\/pestle-mortar-essentials-hudrokolloidplaaster-vistrikele-48tk\/#primaryimage"},"image":{"@id":"http:\/\/ruuby.ee\/en\/pood\/kosmeetika\/naohooldus\/pestle-mortar-essentials-hudrokolloidplaaster-vistrikele-48tk\/#primaryimage"},"thumbnailUrl":"https:\/\/ruuby.ee\/wp-content\/uploads\/2025\/06\/Screenshot-2025-06-17-at-20.12.27.png","datePublished":"2025-06-17T17:06:21+00:00","dateModified":"2026-04-07T22:28:25+00:00","breadcrumb":{"@id":"http:\/\/ruuby.ee\/en\/pood\/kosmeetika\/naohooldus\/pestle-mortar-essentials-hudrokolloidplaaster-vistrikele-48tk\/#breadcrumb"},"inLanguage":"en-GB","potentialAction":[{"@type":"ReadAction","target":["http:\/\/ruuby.ee\/en\/pood\/kosmeetika\/naohooldus\/pestle-mortar-essentials-hudrokolloidplaaster-vistrikele-48tk\/"]}]},{"@type":"ImageObject","inLanguage":"en-GB","@id":"http:\/\/ruuby.ee\/en\/pood\/kosmeetika\/naohooldus\/pestle-mortar-essentials-hudrokolloidplaaster-vistrikele-48tk\/#primaryimage","url":"https:\/\/ruuby.ee\/wp-content\/uploads\/2025\/06\/Screenshot-2025-06-17-at-20.12.27.png","contentUrl":"https:\/\/ruuby.ee\/wp-content\/uploads\/2025\/06\/Screenshot-2025-06-17-at-20.12.27.png","width":1444,"height":1200},{"@type":"BreadcrumbList","@id":"http:\/\/ruuby.ee\/en\/pood\/kosmeetika\/naohooldus\/pestle-mortar-essentials-hudrokolloidplaaster-vistrikele-48tk\/#breadcrumb","itemListElement":[{"@type":"ListItem","position":1,"name":"Kdu","item":"http:\/\/ruuby.ee\/"},{"@type":"ListItem","position":2,"name":"Pood","item":"http:\/\/ruuby.ee\/pood\/"},{"@type":"ListItem","position":3,"name":"PESTLE &amp; MORTAR Essentials h\u00fcdrokolloidplaaster vistrikele 18tk"}]},{"@type":"WebSite","@id":"http:\/\/ruuby.ee\/#website","url":"http:\/\/ruuby.ee\/","name":"RUUBY","description":"Ruubys on \u00fchendatud elustiil ja disain","publisher":{"@id":"http:\/\/ruuby.ee\/#organization"},"alternateName":"Ruuby Disain","potentialAction":[{"@type":"SearchAction","target":{"@type":"EntryPoint","urlTemplate":"http:\/\/ruuby.ee\/?s={search_term_string}"},"query-input":{"@type":"PropertyValueSpecification","valueRequired":true,"valueName":"search_term_string"}}],"inLanguage":"en-GB"},{"@type":"Organization","@id":"http:\/\/ruuby.ee\/#organization","name":"Ruuby Disain O\u00dc","alternateName":"Ruuby","url":"http:\/\/ruuby.ee\/","logo":{"@type":"ImageObject","inLanguage":"en-GB","@id":"http:\/\/ruuby.ee\/#\/schema\/logo\/image\/","url":"https:\/\/ruuby.ee\/wp-content\/uploads\/2023\/06\/cropped-Black-White-Elegant-Circle-Signature-Fashion-Logo-12_large.png","contentUrl":"https:\/\/ruuby.ee\/wp-content\/uploads\/2023\/06\/cropped-Black-White-Elegant-Circle-Signature-Fashion-Logo-12_large.png","width":1280,"height":747,"caption":"Ruuby Disain O\u00dc"},"image":{"@id":"http:\/\/ruuby.ee\/#\/schema\/logo\/image\/"},"sameAs":["https:\/\/www.facebook.com\/ruubyconcept","https:\/\/www.instagram.com\/ruuby_concept\/"]}]}},"jetpack_sharing_enabled":true,"_links":{"self":[{"href":"https:\/\/ruuby.ee\/en\/wp-json\/wp\/v2\/product\/1853567","targetHints":{"allow":["GET"]}}],"collection":[{"href":"https:\/\/ruuby.ee\/en\/wp-json\/wp\/v2\/product"}],"about":[{"href":"https:\/\/ruuby.ee\/en\/wp-json\/wp\/v2\/types\/product"}],"replies":[{"embeddable":true,"href":"https:\/\/ruuby.ee\/en\/wp-json\/wp\/v2\/comments?post=1853567"}],"wp:featuredmedia":[{"embeddable":true,"href":"https:\/\/ruuby.ee\/en\/wp-json\/wp\/v2\/media\/1853569"}],"wp:attachment":[{"href":"https:\/\/ruuby.ee\/en\/wp-json\/wp\/v2\/media?parent=1853567"}],"wp:term":[{"taxonomy":"product_brand","embeddable":true,"href":"https:\/\/ruuby.ee\/en\/wp-json\/wp\/v2\/product_brand?post=1853567"},{"taxonomy":"product_cat","embeddable":true,"href":"https:\/\/ruuby.ee\/en\/wp-json\/wp\/v2\/product_cat?post=1853567"},{"taxonomy":"product_tag","embeddable":true,"href":"https:\/\/ruuby.ee\/en\/wp-json\/wp\/v2\/product_tag?post=1853567"}],"curies":[{"name":"wp","href":"https:\/\/api.w.org\/{rel}","templated":true}]}}