{"id":1853566,"date":"2025-06-17T20:06:17","date_gmt":"2025-06-17T17:06:17","guid":{"rendered":"https:\/\/ruuby.ee\/pood\/maaratlemata\/pestle-mortar-essentials-looduslik-lohnatu-katekreem-50ml\/"},"modified":"2026-04-08T01:28:25","modified_gmt":"2026-04-07T22:28:25","slug":"pestle-mortar-essentials-looduslik-lohnatu-katekreem-50ml","status":"publish","type":"product","link":"https:\/\/ruuby.ee\/en\/pood\/kosmeetika\/katehooldus\/pestle-mortar-essentials-looduslik-lohnatu-katekreem-50ml\/","title":{"rendered":"PESTLE &amp; MORTAR Essentials looduslik l\u00f5hnatu k\u00e4tekreem 50ml"},"content":{"rendered":"<p>Puhas, kliiniline ja t\u00f5hus igap\u00e4evane k\u00e4tekreem, mis on valmistatud skvalaani, sheav\u00f5i ja avokaado\u00f5liga ning on loodud kogu perele. Pehmendab, niisutab ja rahustab kuivi k\u00e4si, ravides t\u00f5husalt kuiva, s\u00fcgelevat ja ekseemile kalduvat nahka.. Dermatoloogiliselt testitud, \u00e4mmaemandate ja lastearstide poolt heaks kiidetud Essentials k\u00e4tekreem niisutab, toidab ja kaitseb k\u00e4te nahka.<\/p>\n<p><strong>PEAMISED KASUD<\/strong><br \/>\nLeevendab s\u00fcgelevat, kuiva ja l\u00f5henenud nahka;<br \/>\nNiisutab ja kaitseb nahka;<br \/>\nPehmendab ja rahustab nahka.<\/p>\n<p><strong>MIS ON SKVALAAN??<\/strong><br \/>\nPestle &amp; Mortari vegan skvalaan on saadud oliividest. Skvalaan on v\u00e4ga h\u00e4sti imenduv kosmeetiline koostisosa, mis pehmendab ja rahustab nahka. Nahk toodab seda loomulikult, kuid selle hulk v\u00e4heneb vanusega dramaatiliselt.<\/p>\n<p><strong>MIS ON AVOKAADO\u00d5LI?<\/strong><br \/>\nAvokaado\u00f5li on looduslik \u00f5li, mis on rikas vitamiinide, antioks\u00fcdantide ja asendamatute rasvhapete poolest. Sellel on muljetavaldav niisutus ja nahatooni uuendamise eelised. See leevendab ekseemi ja psoriaasi p\u00f5hjustatud p\u00f5letikku, ennetab ja ravib aknet ning parandab kuiva, \u00e4rritunud ja ketendavat nahka.<\/p>\n<p><strong>KUIDAS KASUTADA:<\/strong><\/p>\n<p>Vajuta \u00fcks pump ja masseeri k\u00e4tele, kuni see on t\u00e4ielikult imendunud. Kasuta p\u00e4rast k\u00e4te pesemist. Sobib k\u00f5ikidele nahat\u00fc\u00fcpidele;<\/p>\n<p>Ekseemile kalduv nahk;<br \/>\nPsoriaasile kalduv nahk;<br \/>\nKergesti tundlikuks muutuv nahk;<br \/>\nKuiv nahk;<br \/>\nS\u00fcgelev, \u00e4rritunud nahk;<br \/>\nK\u00f5ik vanused ja nahat\u00fc\u00fcbid.<\/p>\n<p>&nbsp;<\/p>\n<p>Kas k\u00e4tekreem j\u00e4tab mu k\u00e4ed rasvaseks v\u00f5i kleepuvaks?<\/p>\n<p>Imendav ja kerge k\u00e4tekreem imendub kohe nahka ja hakkab toimima, j\u00e4tmata rasvaseid j\u00e4\u00e4ke.<\/p>\n<p>Miks ma pean k\u00e4tekreemi kasutama?<br \/>\nSagedane k\u00e4tepesu, k\u00fclm ilm ja siseruumide k\u00fcte on m\u00f5ned tegurid, mis p\u00f5hjustavad k\u00e4te kuiva, paksenenud ja \u00e4rritunud nahka. K\u00e4tekreemi kasutamine p\u00e4rast iga pesu hoiab naha pehme, niisutatud ja niisutatuna.<\/p>\n<p>Mis vahe on k\u00e4tekreemil ja k\u00e4tekreemil?<br \/>\nK\u00e4tekreemid sobivad suurep\u00e4raselt l\u00fchiajaliseks niisutuseks, samas kui k\u00e4tekreemid on ideaalsed, kui otsite intensiivset niisutust, mis ravib ja ennetab v\u00e4ga kuiva nahahaigusi.<\/p>","protected":false},"excerpt":{"rendered":"<p>Puhas, kliiniline ja t\u00f5hus igap\u00e4evane k\u00e4tekreem, mis on valmistatud skvalaani, sheav\u00f5i ja avokaado\u00f5liga ning on loodud kogu perele. Pehmendab, niisutab ja rahustab kuivi k\u00e4si, ravides t\u00f5husalt kuiva, s\u00fcgelevat ja ekseemile kalduvat nahka.<\/p>","protected":false},"featured_media":1853618,"comment_status":"open","ping_status":"closed","template":"","meta":[],"product_brand":[],"product_cat":[692,25],"product_tag":[140,1049],"class_list":{"0":"post-1853566","1":"product","2":"type-product","3":"status-publish","4":"has-post-thumbnail","6":"product_cat-katehooldus","7":"product_cat-kosmeetika","8":"product_tag-katekreem","9":"product_tag-pestle-mortar","11":"first","12":"outofstock","13":"taxable","14":"shipping-taxable","15":"purchasable","16":"product-type-simple"},"yoast_head":"<!-- This site is optimized with the Yoast SEO plugin v27.3 - https:\/\/yoast.com\/product\/yoast-seo-wordpress\/ -->\n<title>PESTLE &amp; MORTAR Essentials looduslik l\u00f5hnatu k\u00e4tekreem 50ml - RUUBY<\/title>\n<meta name=\"robots\" content=\"index, follow, max-snippet:-1, max-image-preview:large, max-video-preview:-1\" \/>\n<link rel=\"canonical\" href=\"http:\/\/ruuby.ee\/en\/pood\/kosmeetika\/katehooldus\/pestle-mortar-essentials-looduslik-lohnatu-katekreem-50ml\/\" \/>\n<meta property=\"og:locale\" content=\"en_GB\" \/>\n<meta property=\"og:type\" content=\"article\" \/>\n<meta property=\"og:title\" content=\"PESTLE &amp; MORTAR Essentials looduslik l\u00f5hnatu k\u00e4tekreem 50ml - RUUBY\" \/>\n<meta property=\"og:description\" content=\"Puhas, kliiniline ja t\u00f5hus igap\u00e4evane k\u00e4tekreem, mis on valmistatud skvalaani, sheav\u00f5i ja avokaado\u00f5liga ning on loodud kogu perele. Pehmendab, niisutab ja rahustab kuivi k\u00e4si, ravides t\u00f5husalt kuiva, s\u00fcgelevat ja ekseemile kalduvat nahka.\" \/>\n<meta property=\"og:url\" content=\"http:\/\/ruuby.ee\/en\/pood\/kosmeetika\/katehooldus\/pestle-mortar-essentials-looduslik-lohnatu-katekreem-50ml\/\" \/>\n<meta property=\"og:site_name\" content=\"RUUBY\" \/>\n<meta property=\"article:publisher\" content=\"https:\/\/www.facebook.com\/ruubyconcept\" \/>\n<meta property=\"article:modified_time\" content=\"2026-04-07T22:28:25+00:00\" \/>\n<meta property=\"og:image\" content=\"http:\/\/ruuby.ee\/wp-content\/uploads\/2025\/06\/Screenshot-2025-06-17-at-21.50.51.png\" \/>\n\t<meta property=\"og:image:width\" content=\"1292\" \/>\n\t<meta property=\"og:image:height\" content=\"976\" \/>\n\t<meta property=\"og:image:type\" content=\"image\/png\" \/>\n<meta name=\"twitter:card\" content=\"summary_large_image\" \/>\n<meta name=\"twitter:label1\" content=\"Estimated reading time\" \/>\n\t<meta name=\"twitter:data1\" content=\"2 minutes\" \/>\n<script type=\"application\/ld+json\" class=\"yoast-schema-graph\">{\"@context\":\"https:\\\/\\\/schema.org\",\"@graph\":[{\"@type\":[\"WebPage\",\"ItemPage\"],\"@id\":\"http:\\\/\\\/ruuby.ee\\\/pood\\\/kosmeetika\\\/katehooldus\\\/pestle-mortar-essentials-looduslik-lohnatu-katekreem-50ml\\\/\",\"url\":\"http:\\\/\\\/ruuby.ee\\\/pood\\\/kosmeetika\\\/katehooldus\\\/pestle-mortar-essentials-looduslik-lohnatu-katekreem-50ml\\\/\",\"name\":\"PESTLE &amp; MORTAR Essentials looduslik l\u00f5hnatu k\u00e4tekreem 50ml - RUUBY\",\"isPartOf\":{\"@id\":\"http:\\\/\\\/ruuby.ee\\\/en\\\/#website\"},\"primaryImageOfPage\":{\"@id\":\"http:\\\/\\\/ruuby.ee\\\/pood\\\/kosmeetika\\\/katehooldus\\\/pestle-mortar-essentials-looduslik-lohnatu-katekreem-50ml\\\/#primaryimage\"},\"image\":{\"@id\":\"http:\\\/\\\/ruuby.ee\\\/pood\\\/kosmeetika\\\/katehooldus\\\/pestle-mortar-essentials-looduslik-lohnatu-katekreem-50ml\\\/#primaryimage\"},\"thumbnailUrl\":\"https:\\\/\\\/ruuby.ee\\\/wp-content\\\/uploads\\\/2025\\\/06\\\/Screenshot-2025-06-17-at-21.50.51.png\",\"datePublished\":\"2025-06-17T17:06:17+00:00\",\"dateModified\":\"2026-04-07T22:28:25+00:00\",\"breadcrumb\":{\"@id\":\"http:\\\/\\\/ruuby.ee\\\/pood\\\/kosmeetika\\\/katehooldus\\\/pestle-mortar-essentials-looduslik-lohnatu-katekreem-50ml\\\/#breadcrumb\"},\"inLanguage\":\"en-GB\",\"potentialAction\":[{\"@type\":\"ReadAction\",\"target\":[\"http:\\\/\\\/ruuby.ee\\\/pood\\\/kosmeetika\\\/katehooldus\\\/pestle-mortar-essentials-looduslik-lohnatu-katekreem-50ml\\\/\"]}]},{\"@type\":\"ImageObject\",\"inLanguage\":\"en-GB\",\"@id\":\"http:\\\/\\\/ruuby.ee\\\/pood\\\/kosmeetika\\\/katehooldus\\\/pestle-mortar-essentials-looduslik-lohnatu-katekreem-50ml\\\/#primaryimage\",\"url\":\"https:\\\/\\\/ruuby.ee\\\/wp-content\\\/uploads\\\/2025\\\/06\\\/Screenshot-2025-06-17-at-21.50.51.png\",\"contentUrl\":\"https:\\\/\\\/ruuby.ee\\\/wp-content\\\/uploads\\\/2025\\\/06\\\/Screenshot-2025-06-17-at-21.50.51.png\",\"width\":1292,\"height\":976},{\"@type\":\"BreadcrumbList\",\"@id\":\"http:\\\/\\\/ruuby.ee\\\/pood\\\/kosmeetika\\\/katehooldus\\\/pestle-mortar-essentials-looduslik-lohnatu-katekreem-50ml\\\/#breadcrumb\",\"itemListElement\":[{\"@type\":\"ListItem\",\"position\":1,\"name\":\"Kdu\",\"item\":\"http:\\\/\\\/ruuby.ee\\\/en\\\/\"},{\"@type\":\"ListItem\",\"position\":2,\"name\":\"Pood\",\"item\":\"http:\\\/\\\/ruuby.ee\\\/en\\\/pood\\\/\"},{\"@type\":\"ListItem\",\"position\":3,\"name\":\"PESTLE &amp; MORTAR Essentials looduslik l\u00f5hnatu k\u00e4tekreem 50ml\"}]},{\"@type\":\"WebSite\",\"@id\":\"http:\\\/\\\/ruuby.ee\\\/en\\\/#website\",\"url\":\"http:\\\/\\\/ruuby.ee\\\/en\\\/\",\"name\":\"RUUBY\",\"description\":\"Ruubys on \u00fchendatud elustiil ja disain\",\"publisher\":{\"@id\":\"http:\\\/\\\/ruuby.ee\\\/en\\\/#organization\"},\"alternateName\":\"Ruuby Disain\",\"potentialAction\":[{\"@type\":\"SearchAction\",\"target\":{\"@type\":\"EntryPoint\",\"urlTemplate\":\"http:\\\/\\\/ruuby.ee\\\/en\\\/?s={search_term_string}\"},\"query-input\":{\"@type\":\"PropertyValueSpecification\",\"valueRequired\":true,\"valueName\":\"search_term_string\"}}],\"inLanguage\":\"en-GB\"},{\"@type\":\"Organization\",\"@id\":\"http:\\\/\\\/ruuby.ee\\\/en\\\/#organization\",\"name\":\"Ruuby Disain O\u00dc\",\"alternateName\":\"Ruuby\",\"url\":\"http:\\\/\\\/ruuby.ee\\\/en\\\/\",\"logo\":{\"@type\":\"ImageObject\",\"inLanguage\":\"en-GB\",\"@id\":\"http:\\\/\\\/ruuby.ee\\\/en\\\/#\\\/schema\\\/logo\\\/image\\\/\",\"url\":\"https:\\\/\\\/ruuby.ee\\\/wp-content\\\/uploads\\\/2023\\\/06\\\/cropped-Black-White-Elegant-Circle-Signature-Fashion-Logo-12_large.png\",\"contentUrl\":\"https:\\\/\\\/ruuby.ee\\\/wp-content\\\/uploads\\\/2023\\\/06\\\/cropped-Black-White-Elegant-Circle-Signature-Fashion-Logo-12_large.png\",\"width\":1280,\"height\":747,\"caption\":\"Ruuby Disain O\u00dc\"},\"image\":{\"@id\":\"http:\\\/\\\/ruuby.ee\\\/en\\\/#\\\/schema\\\/logo\\\/image\\\/\"},\"sameAs\":[\"https:\\\/\\\/www.facebook.com\\\/ruubyconcept\",\"https:\\\/\\\/www.instagram.com\\\/ruuby_concept\\\/\"]}]}<\/script>\n<!-- \/ Yoast SEO plugin. -->","yoast_head_json":{"title":"PESTLE &amp; MORTAR Essentials looduslik l\u00f5hnatu k\u00e4tekreem 50ml - RUUBY","robots":{"index":"index","follow":"follow","max-snippet":"max-snippet:-1","max-image-preview":"max-image-preview:large","max-video-preview":"max-video-preview:-1"},"canonical":"http:\/\/ruuby.ee\/en\/pood\/kosmeetika\/katehooldus\/pestle-mortar-essentials-looduslik-lohnatu-katekreem-50ml\/","og_locale":"en_GB","og_type":"article","og_title":"PESTLE &amp; MORTAR Essentials looduslik l\u00f5hnatu k\u00e4tekreem 50ml - RUUBY","og_description":"Puhas, kliiniline ja t\u00f5hus igap\u00e4evane k\u00e4tekreem, mis on valmistatud skvalaani, sheav\u00f5i ja avokaado\u00f5liga ning on loodud kogu perele. Pehmendab, niisutab ja rahustab kuivi k\u00e4si, ravides t\u00f5husalt kuiva, s\u00fcgelevat ja ekseemile kalduvat nahka.","og_url":"http:\/\/ruuby.ee\/en\/pood\/kosmeetika\/katehooldus\/pestle-mortar-essentials-looduslik-lohnatu-katekreem-50ml\/","og_site_name":"RUUBY","article_publisher":"https:\/\/www.facebook.com\/ruubyconcept","article_modified_time":"2026-04-07T22:28:25+00:00","og_image":[{"width":1292,"height":976,"url":"http:\/\/ruuby.ee\/wp-content\/uploads\/2025\/06\/Screenshot-2025-06-17-at-21.50.51.png","type":"image\/png"}],"twitter_card":"summary_large_image","twitter_misc":{"Estimated reading time":"2 minutes"},"schema":{"@context":"https:\/\/schema.org","@graph":[{"@type":["WebPage","ItemPage"],"@id":"http:\/\/ruuby.ee\/pood\/kosmeetika\/katehooldus\/pestle-mortar-essentials-looduslik-lohnatu-katekreem-50ml\/","url":"http:\/\/ruuby.ee\/pood\/kosmeetika\/katehooldus\/pestle-mortar-essentials-looduslik-lohnatu-katekreem-50ml\/","name":"PESTLE &amp; MORTAR Essentials looduslik l\u00f5hnatu k\u00e4tekreem 50ml - RUUBY","isPartOf":{"@id":"http:\/\/ruuby.ee\/en\/#website"},"primaryImageOfPage":{"@id":"http:\/\/ruuby.ee\/pood\/kosmeetika\/katehooldus\/pestle-mortar-essentials-looduslik-lohnatu-katekreem-50ml\/#primaryimage"},"image":{"@id":"http:\/\/ruuby.ee\/pood\/kosmeetika\/katehooldus\/pestle-mortar-essentials-looduslik-lohnatu-katekreem-50ml\/#primaryimage"},"thumbnailUrl":"https:\/\/ruuby.ee\/wp-content\/uploads\/2025\/06\/Screenshot-2025-06-17-at-21.50.51.png","datePublished":"2025-06-17T17:06:17+00:00","dateModified":"2026-04-07T22:28:25+00:00","breadcrumb":{"@id":"http:\/\/ruuby.ee\/pood\/kosmeetika\/katehooldus\/pestle-mortar-essentials-looduslik-lohnatu-katekreem-50ml\/#breadcrumb"},"inLanguage":"en-GB","potentialAction":[{"@type":"ReadAction","target":["http:\/\/ruuby.ee\/pood\/kosmeetika\/katehooldus\/pestle-mortar-essentials-looduslik-lohnatu-katekreem-50ml\/"]}]},{"@type":"ImageObject","inLanguage":"en-GB","@id":"http:\/\/ruuby.ee\/pood\/kosmeetika\/katehooldus\/pestle-mortar-essentials-looduslik-lohnatu-katekreem-50ml\/#primaryimage","url":"https:\/\/ruuby.ee\/wp-content\/uploads\/2025\/06\/Screenshot-2025-06-17-at-21.50.51.png","contentUrl":"https:\/\/ruuby.ee\/wp-content\/uploads\/2025\/06\/Screenshot-2025-06-17-at-21.50.51.png","width":1292,"height":976},{"@type":"BreadcrumbList","@id":"http:\/\/ruuby.ee\/pood\/kosmeetika\/katehooldus\/pestle-mortar-essentials-looduslik-lohnatu-katekreem-50ml\/#breadcrumb","itemListElement":[{"@type":"ListItem","position":1,"name":"Kdu","item":"http:\/\/ruuby.ee\/en\/"},{"@type":"ListItem","position":2,"name":"Pood","item":"http:\/\/ruuby.ee\/en\/pood\/"},{"@type":"ListItem","position":3,"name":"PESTLE &amp; MORTAR Essentials looduslik l\u00f5hnatu k\u00e4tekreem 50ml"}]},{"@type":"WebSite","@id":"http:\/\/ruuby.ee\/en\/#website","url":"http:\/\/ruuby.ee\/en\/","name":"RUUBY","description":"Ruubys on \u00fchendatud elustiil ja disain","publisher":{"@id":"http:\/\/ruuby.ee\/en\/#organization"},"alternateName":"Ruuby Disain","potentialAction":[{"@type":"SearchAction","target":{"@type":"EntryPoint","urlTemplate":"http:\/\/ruuby.ee\/en\/?s={search_term_string}"},"query-input":{"@type":"PropertyValueSpecification","valueRequired":true,"valueName":"search_term_string"}}],"inLanguage":"en-GB"},{"@type":"Organization","@id":"http:\/\/ruuby.ee\/en\/#organization","name":"Ruuby Disain O\u00dc","alternateName":"Ruuby","url":"http:\/\/ruuby.ee\/en\/","logo":{"@type":"ImageObject","inLanguage":"en-GB","@id":"http:\/\/ruuby.ee\/en\/#\/schema\/logo\/image\/","url":"https:\/\/ruuby.ee\/wp-content\/uploads\/2023\/06\/cropped-Black-White-Elegant-Circle-Signature-Fashion-Logo-12_large.png","contentUrl":"https:\/\/ruuby.ee\/wp-content\/uploads\/2023\/06\/cropped-Black-White-Elegant-Circle-Signature-Fashion-Logo-12_large.png","width":1280,"height":747,"caption":"Ruuby Disain O\u00dc"},"image":{"@id":"http:\/\/ruuby.ee\/en\/#\/schema\/logo\/image\/"},"sameAs":["https:\/\/www.facebook.com\/ruubyconcept","https:\/\/www.instagram.com\/ruuby_concept\/"]}]}},"jetpack_sharing_enabled":true,"_links":{"self":[{"href":"https:\/\/ruuby.ee\/en\/wp-json\/wp\/v2\/product\/1853566","targetHints":{"allow":["GET"]}}],"collection":[{"href":"https:\/\/ruuby.ee\/en\/wp-json\/wp\/v2\/product"}],"about":[{"href":"https:\/\/ruuby.ee\/en\/wp-json\/wp\/v2\/types\/product"}],"replies":[{"embeddable":true,"href":"https:\/\/ruuby.ee\/en\/wp-json\/wp\/v2\/comments?post=1853566"}],"wp:featuredmedia":[{"embeddable":true,"href":"https:\/\/ruuby.ee\/en\/wp-json\/wp\/v2\/media\/1853618"}],"wp:attachment":[{"href":"https:\/\/ruuby.ee\/en\/wp-json\/wp\/v2\/media?parent=1853566"}],"wp:term":[{"taxonomy":"product_brand","embeddable":true,"href":"https:\/\/ruuby.ee\/en\/wp-json\/wp\/v2\/product_brand?post=1853566"},{"taxonomy":"product_cat","embeddable":true,"href":"https:\/\/ruuby.ee\/en\/wp-json\/wp\/v2\/product_cat?post=1853566"},{"taxonomy":"product_tag","embeddable":true,"href":"https:\/\/ruuby.ee\/en\/wp-json\/wp\/v2\/product_tag?post=1853566"}],"curies":[{"name":"wp","href":"https:\/\/api.w.org\/{rel}","templated":true}]}}