{"id":1853565,"date":"2025-06-17T20:06:13","date_gmt":"2025-06-17T17:06:13","guid":{"rendered":"https:\/\/ruuby.ee\/pood\/maaratlemata\/pestle-mortar-essentials-looduslik-lohnatu-katepesuseep-300ml\/"},"modified":"2026-04-08T01:28:25","modified_gmt":"2026-04-07T22:28:25","slug":"pestle-mortar-essentials-looduslik-lohnatu-katepesuseep-300ml","status":"publish","type":"product","link":"https:\/\/ruuby.ee\/en\/pood\/kosmeetika\/katehooldus\/pestle-mortar-essentials-looduslik-lohnatu-katepesuseep-300ml\/","title":{"rendered":"PESTLE &amp; MORTAR Essentials looduslik l\u00f5hnatu k\u00e4tepesuseep 300ml"},"content":{"rendered":"<p>Puhas, kliiniline ja t\u00f5hus igap\u00e4evane k\u00e4tepesuvahend kaeraseemneekstrakti, pantenooli ja gotu kola leheekstraktiga, mis sobib kogu perele. Lisatud E-vitamiiniga, mis ennetab k\u00e4te kuivust. Puhastab ja pehmendab k\u00e4si p\u00f5hjalikult, leevendades samal ajal s\u00fcgelevat, kuiva v\u00f5i tundlikku nahka. See vahutamata, 99% looduslik koostis on mineraal\u00f5li-, SLS-i- ja kunstlike l\u00f5hnaainetevaba. Dermatoloogiliselt testitud, \u00e4mmaemandate ja lastearstide poolt heaks kiidetud Essentials k\u00e4tepesuvahend puhastab ja pehmendab nahka ning leevendab s\u00fcgelevaid nahahaigusi.<\/p>\n<p><strong>PEAMISED KASUD<\/strong><br \/>\nPuhastab nahka p\u00f5hjalikult;<br \/>\nLeevendab s\u00fcgelevat, kuiva ja ekseemile kalduvat nahka;<br \/>\nNiisutab ja kaitseb nahka.<\/p>\n<p><strong>MIS ON GOTU KOLA LEHE EKSTRAKT?<\/strong><br \/>\nGotu Kola, tuntud ka kui India pennyworth, on Aasia ravimtaim, mida kasutatakse laialdaselt Ayurveda meditsiinis. Aminohapete ja v\u00f5imsa antioks\u00fcdandina rikas Gotu Kola niisutab nahka intensiivselt. See tugevdab naha loomulikku kaitsebarj\u00e4\u00e4ri ning kaitseb ja rahustab \u00e4rritunud nahka.<\/p>\n<p><strong>MIS ON E-VITAMIIN?<\/strong><br \/>\nE-vitamiin on terve naha loomulik komponent, mis on t\u00f6\u00f6loomulik vitamiin ja v\u00f5imas p\u00f5letikuvastane aine. Lisaks niisutavatele ja tervendavatele omadustele rahustab E-vitamiin nahka. V\u00f5imas antioks\u00fcdant E-vitamiin tugevdab loomulikku kaitsebarj\u00e4\u00e4ri funktsiooni, mis aitab nahal kaitsta end kahjustuste eest.<\/p>\n<p>Kasuta \u00fchte pumpamist m\u00e4rgade k\u00e4te katmiseks. H\u00f5\u00f5ru s\u00f5rmede vahel, \u00fcle kogu selja ja peopesade. H\u00f5\u00f5ru 20 sekundit ja loputa seej\u00e4rel k\u00e4ed hoolikalt puhta jooksva vee all. Sobib k\u00f5ikidele nahat\u00fc\u00fcpidele.<\/p>\n<p>Ekseemile kalduv nahk;<br \/>\nPsoriaasile kalduv nahk;<br \/>\nKergesti tundlikuks muutuv nahk;<br \/>\nKuiv nahk;<br \/>\nS\u00fcgelev, \u00e4rritunud nahk;<br \/>\nK\u00f5ik vanused ja nahat\u00fc\u00fcbid.<\/p>\n<p>&nbsp;<\/p>\n<p>Mul on k\u00e4tel ekseem. Kas ma v\u00f5in kasutada k\u00e4teseepi?<\/p>\n<p>Jah, Essentials k\u00e4teseep on spetsiaalselt loodud naha\u00e4rrituse raviks. See on \u00f5rn, niisutav ja sobib igale nahat\u00fc\u00fcbile ja vanusele.<\/p>\n<p>Kas k\u00e4teseep kuivatab mu k\u00e4si?<br \/>\nEssentials k\u00e4teseep ei kuivata teie k\u00e4si. See on valmistatud hulga looduslike koostisosadega, mis puhastavad, rahustavad ja pehmendavad nahka, j\u00e4tmata seda kuivaks v\u00f5i pingul tundeks.<\/p>\n<p>Kui tihti peaksin k\u00e4si pesema?<br \/>\nNii tihti kui vaja ja alati enne toidu valmistamist v\u00f5i s\u00f6\u00f6mist, p\u00e4rast j\u00e4\u00e4tmete v\u00f5i toortoidu k\u00e4itlemist, p\u00e4rast aevastamist v\u00f5i k\u00f6himist, p\u00e4rast tualeti kasutamist ja p\u00e4rast raha k\u00e4itlemist.<\/p>","protected":false},"excerpt":{"rendered":"<p>Puhas, kliiniline ja t\u00f5hus igap\u00e4evane k\u00e4tepesuvahend kaeraseemneekstrakti, pantenooli ja gotu kola leheekstraktiga, mis sobib kogu perele. Lisatud E-vitamiiniga, mis ennetab k\u00e4te kuivust. Puhastab ja pehmendab k\u00e4si p\u00f5hjalikult, leevendades samal ajal s\u00fcgelevat, kuiva v\u00f5i tundlikku nahka.<\/p>","protected":false},"featured_media":1853622,"comment_status":"open","ping_status":"closed","template":"","meta":[],"product_brand":[],"product_cat":[692,25],"product_tag":[121,1049],"class_list":{"0":"post-1853565","1":"product","2":"type-product","3":"status-publish","4":"has-post-thumbnail","6":"product_cat-katehooldus","7":"product_cat-kosmeetika","8":"product_tag-katepesuseep","9":"product_tag-pestle-mortar","11":"first","12":"outofstock","13":"taxable","14":"shipping-taxable","15":"purchasable","16":"product-type-simple"},"yoast_head":"<!-- This site is optimized with the Yoast SEO plugin v27.3 - https:\/\/yoast.com\/product\/yoast-seo-wordpress\/ -->\n<title>PESTLE &amp; MORTAR Essentials looduslik l\u00f5hnatu k\u00e4tepesuseep 300ml - RUUBY<\/title>\n<meta name=\"robots\" content=\"index, follow, max-snippet:-1, max-image-preview:large, max-video-preview:-1\" \/>\n<link rel=\"canonical\" href=\"http:\/\/ruuby.ee\/en\/pood\/kosmeetika\/katehooldus\/pestle-mortar-essentials-looduslik-lohnatu-katepesuseep-300ml\/\" \/>\n<meta property=\"og:locale\" content=\"en_GB\" \/>\n<meta property=\"og:type\" content=\"article\" \/>\n<meta property=\"og:title\" content=\"PESTLE &amp; MORTAR Essentials looduslik l\u00f5hnatu k\u00e4tepesuseep 300ml - RUUBY\" \/>\n<meta property=\"og:description\" content=\"Puhas, kliiniline ja t\u00f5hus igap\u00e4evane k\u00e4tepesuvahend kaeraseemneekstrakti, pantenooli ja gotu kola leheekstraktiga, mis sobib kogu perele. Lisatud E-vitamiiniga, mis ennetab k\u00e4te kuivust. Puhastab ja pehmendab k\u00e4si p\u00f5hjalikult, leevendades samal ajal s\u00fcgelevat, kuiva v\u00f5i tundlikku nahka.\" \/>\n<meta property=\"og:url\" content=\"http:\/\/ruuby.ee\/en\/pood\/kosmeetika\/katehooldus\/pestle-mortar-essentials-looduslik-lohnatu-katepesuseep-300ml\/\" \/>\n<meta property=\"og:site_name\" content=\"RUUBY\" \/>\n<meta property=\"article:publisher\" content=\"https:\/\/www.facebook.com\/ruubyconcept\" \/>\n<meta property=\"article:modified_time\" content=\"2026-04-07T22:28:25+00:00\" \/>\n<meta property=\"og:image\" content=\"http:\/\/ruuby.ee\/wp-content\/uploads\/2025\/06\/Screenshot-2025-06-17-at-22.02.12.png\" \/>\n\t<meta property=\"og:image:width\" content=\"1338\" \/>\n\t<meta property=\"og:image:height\" content=\"1082\" \/>\n\t<meta property=\"og:image:type\" content=\"image\/png\" \/>\n<meta name=\"twitter:card\" content=\"summary_large_image\" \/>\n<meta name=\"twitter:label1\" content=\"Estimated reading time\" \/>\n\t<meta name=\"twitter:data1\" content=\"2 minutes\" \/>\n<script type=\"application\/ld+json\" class=\"yoast-schema-graph\">{\"@context\":\"https:\\\/\\\/schema.org\",\"@graph\":[{\"@type\":[\"WebPage\",\"ItemPage\"],\"@id\":\"http:\\\/\\\/ruuby.ee\\\/pood\\\/kosmeetika\\\/katehooldus\\\/pestle-mortar-essentials-looduslik-lohnatu-katepesuseep-300ml\\\/\",\"url\":\"http:\\\/\\\/ruuby.ee\\\/pood\\\/kosmeetika\\\/katehooldus\\\/pestle-mortar-essentials-looduslik-lohnatu-katepesuseep-300ml\\\/\",\"name\":\"PESTLE &amp; MORTAR Essentials looduslik l\u00f5hnatu k\u00e4tepesuseep 300ml - RUUBY\",\"isPartOf\":{\"@id\":\"http:\\\/\\\/ruuby.ee\\\/en\\\/#website\"},\"primaryImageOfPage\":{\"@id\":\"http:\\\/\\\/ruuby.ee\\\/pood\\\/kosmeetika\\\/katehooldus\\\/pestle-mortar-essentials-looduslik-lohnatu-katepesuseep-300ml\\\/#primaryimage\"},\"image\":{\"@id\":\"http:\\\/\\\/ruuby.ee\\\/pood\\\/kosmeetika\\\/katehooldus\\\/pestle-mortar-essentials-looduslik-lohnatu-katepesuseep-300ml\\\/#primaryimage\"},\"thumbnailUrl\":\"https:\\\/\\\/ruuby.ee\\\/wp-content\\\/uploads\\\/2025\\\/06\\\/Screenshot-2025-06-17-at-22.02.12.png\",\"datePublished\":\"2025-06-17T17:06:13+00:00\",\"dateModified\":\"2026-04-07T22:28:25+00:00\",\"breadcrumb\":{\"@id\":\"http:\\\/\\\/ruuby.ee\\\/pood\\\/kosmeetika\\\/katehooldus\\\/pestle-mortar-essentials-looduslik-lohnatu-katepesuseep-300ml\\\/#breadcrumb\"},\"inLanguage\":\"en-GB\",\"potentialAction\":[{\"@type\":\"ReadAction\",\"target\":[\"http:\\\/\\\/ruuby.ee\\\/pood\\\/kosmeetika\\\/katehooldus\\\/pestle-mortar-essentials-looduslik-lohnatu-katepesuseep-300ml\\\/\"]}]},{\"@type\":\"ImageObject\",\"inLanguage\":\"en-GB\",\"@id\":\"http:\\\/\\\/ruuby.ee\\\/pood\\\/kosmeetika\\\/katehooldus\\\/pestle-mortar-essentials-looduslik-lohnatu-katepesuseep-300ml\\\/#primaryimage\",\"url\":\"https:\\\/\\\/ruuby.ee\\\/wp-content\\\/uploads\\\/2025\\\/06\\\/Screenshot-2025-06-17-at-22.02.12.png\",\"contentUrl\":\"https:\\\/\\\/ruuby.ee\\\/wp-content\\\/uploads\\\/2025\\\/06\\\/Screenshot-2025-06-17-at-22.02.12.png\",\"width\":1338,\"height\":1082},{\"@type\":\"BreadcrumbList\",\"@id\":\"http:\\\/\\\/ruuby.ee\\\/pood\\\/kosmeetika\\\/katehooldus\\\/pestle-mortar-essentials-looduslik-lohnatu-katepesuseep-300ml\\\/#breadcrumb\",\"itemListElement\":[{\"@type\":\"ListItem\",\"position\":1,\"name\":\"Kdu\",\"item\":\"http:\\\/\\\/ruuby.ee\\\/en\\\/\"},{\"@type\":\"ListItem\",\"position\":2,\"name\":\"Pood\",\"item\":\"http:\\\/\\\/ruuby.ee\\\/en\\\/pood\\\/\"},{\"@type\":\"ListItem\",\"position\":3,\"name\":\"PESTLE &amp; MORTAR Essentials looduslik l\u00f5hnatu k\u00e4tepesuseep 300ml\"}]},{\"@type\":\"WebSite\",\"@id\":\"http:\\\/\\\/ruuby.ee\\\/en\\\/#website\",\"url\":\"http:\\\/\\\/ruuby.ee\\\/en\\\/\",\"name\":\"RUUBY\",\"description\":\"Ruubys on \u00fchendatud elustiil ja disain\",\"publisher\":{\"@id\":\"http:\\\/\\\/ruuby.ee\\\/en\\\/#organization\"},\"alternateName\":\"Ruuby Disain\",\"potentialAction\":[{\"@type\":\"SearchAction\",\"target\":{\"@type\":\"EntryPoint\",\"urlTemplate\":\"http:\\\/\\\/ruuby.ee\\\/en\\\/?s={search_term_string}\"},\"query-input\":{\"@type\":\"PropertyValueSpecification\",\"valueRequired\":true,\"valueName\":\"search_term_string\"}}],\"inLanguage\":\"en-GB\"},{\"@type\":\"Organization\",\"@id\":\"http:\\\/\\\/ruuby.ee\\\/en\\\/#organization\",\"name\":\"Ruuby Disain O\u00dc\",\"alternateName\":\"Ruuby\",\"url\":\"http:\\\/\\\/ruuby.ee\\\/en\\\/\",\"logo\":{\"@type\":\"ImageObject\",\"inLanguage\":\"en-GB\",\"@id\":\"http:\\\/\\\/ruuby.ee\\\/en\\\/#\\\/schema\\\/logo\\\/image\\\/\",\"url\":\"https:\\\/\\\/ruuby.ee\\\/wp-content\\\/uploads\\\/2023\\\/06\\\/cropped-Black-White-Elegant-Circle-Signature-Fashion-Logo-12_large.png\",\"contentUrl\":\"https:\\\/\\\/ruuby.ee\\\/wp-content\\\/uploads\\\/2023\\\/06\\\/cropped-Black-White-Elegant-Circle-Signature-Fashion-Logo-12_large.png\",\"width\":1280,\"height\":747,\"caption\":\"Ruuby Disain O\u00dc\"},\"image\":{\"@id\":\"http:\\\/\\\/ruuby.ee\\\/en\\\/#\\\/schema\\\/logo\\\/image\\\/\"},\"sameAs\":[\"https:\\\/\\\/www.facebook.com\\\/ruubyconcept\",\"https:\\\/\\\/www.instagram.com\\\/ruuby_concept\\\/\"]}]}<\/script>\n<!-- \/ Yoast SEO plugin. -->","yoast_head_json":{"title":"PESTLE &amp; MORTAR Essentials looduslik l\u00f5hnatu k\u00e4tepesuseep 300ml - RUUBY","robots":{"index":"index","follow":"follow","max-snippet":"max-snippet:-1","max-image-preview":"max-image-preview:large","max-video-preview":"max-video-preview:-1"},"canonical":"http:\/\/ruuby.ee\/en\/pood\/kosmeetika\/katehooldus\/pestle-mortar-essentials-looduslik-lohnatu-katepesuseep-300ml\/","og_locale":"en_GB","og_type":"article","og_title":"PESTLE &amp; MORTAR Essentials looduslik l\u00f5hnatu k\u00e4tepesuseep 300ml - RUUBY","og_description":"Puhas, kliiniline ja t\u00f5hus igap\u00e4evane k\u00e4tepesuvahend kaeraseemneekstrakti, pantenooli ja gotu kola leheekstraktiga, mis sobib kogu perele. Lisatud E-vitamiiniga, mis ennetab k\u00e4te kuivust. Puhastab ja pehmendab k\u00e4si p\u00f5hjalikult, leevendades samal ajal s\u00fcgelevat, kuiva v\u00f5i tundlikku nahka.","og_url":"http:\/\/ruuby.ee\/en\/pood\/kosmeetika\/katehooldus\/pestle-mortar-essentials-looduslik-lohnatu-katepesuseep-300ml\/","og_site_name":"RUUBY","article_publisher":"https:\/\/www.facebook.com\/ruubyconcept","article_modified_time":"2026-04-07T22:28:25+00:00","og_image":[{"width":1338,"height":1082,"url":"http:\/\/ruuby.ee\/wp-content\/uploads\/2025\/06\/Screenshot-2025-06-17-at-22.02.12.png","type":"image\/png"}],"twitter_card":"summary_large_image","twitter_misc":{"Estimated reading time":"2 minutes"},"schema":{"@context":"https:\/\/schema.org","@graph":[{"@type":["WebPage","ItemPage"],"@id":"http:\/\/ruuby.ee\/pood\/kosmeetika\/katehooldus\/pestle-mortar-essentials-looduslik-lohnatu-katepesuseep-300ml\/","url":"http:\/\/ruuby.ee\/pood\/kosmeetika\/katehooldus\/pestle-mortar-essentials-looduslik-lohnatu-katepesuseep-300ml\/","name":"PESTLE &amp; MORTAR Essentials looduslik l\u00f5hnatu k\u00e4tepesuseep 300ml - RUUBY","isPartOf":{"@id":"http:\/\/ruuby.ee\/en\/#website"},"primaryImageOfPage":{"@id":"http:\/\/ruuby.ee\/pood\/kosmeetika\/katehooldus\/pestle-mortar-essentials-looduslik-lohnatu-katepesuseep-300ml\/#primaryimage"},"image":{"@id":"http:\/\/ruuby.ee\/pood\/kosmeetika\/katehooldus\/pestle-mortar-essentials-looduslik-lohnatu-katepesuseep-300ml\/#primaryimage"},"thumbnailUrl":"https:\/\/ruuby.ee\/wp-content\/uploads\/2025\/06\/Screenshot-2025-06-17-at-22.02.12.png","datePublished":"2025-06-17T17:06:13+00:00","dateModified":"2026-04-07T22:28:25+00:00","breadcrumb":{"@id":"http:\/\/ruuby.ee\/pood\/kosmeetika\/katehooldus\/pestle-mortar-essentials-looduslik-lohnatu-katepesuseep-300ml\/#breadcrumb"},"inLanguage":"en-GB","potentialAction":[{"@type":"ReadAction","target":["http:\/\/ruuby.ee\/pood\/kosmeetika\/katehooldus\/pestle-mortar-essentials-looduslik-lohnatu-katepesuseep-300ml\/"]}]},{"@type":"ImageObject","inLanguage":"en-GB","@id":"http:\/\/ruuby.ee\/pood\/kosmeetika\/katehooldus\/pestle-mortar-essentials-looduslik-lohnatu-katepesuseep-300ml\/#primaryimage","url":"https:\/\/ruuby.ee\/wp-content\/uploads\/2025\/06\/Screenshot-2025-06-17-at-22.02.12.png","contentUrl":"https:\/\/ruuby.ee\/wp-content\/uploads\/2025\/06\/Screenshot-2025-06-17-at-22.02.12.png","width":1338,"height":1082},{"@type":"BreadcrumbList","@id":"http:\/\/ruuby.ee\/pood\/kosmeetika\/katehooldus\/pestle-mortar-essentials-looduslik-lohnatu-katepesuseep-300ml\/#breadcrumb","itemListElement":[{"@type":"ListItem","position":1,"name":"Kdu","item":"http:\/\/ruuby.ee\/en\/"},{"@type":"ListItem","position":2,"name":"Pood","item":"http:\/\/ruuby.ee\/en\/pood\/"},{"@type":"ListItem","position":3,"name":"PESTLE &amp; MORTAR Essentials looduslik l\u00f5hnatu k\u00e4tepesuseep 300ml"}]},{"@type":"WebSite","@id":"http:\/\/ruuby.ee\/en\/#website","url":"http:\/\/ruuby.ee\/en\/","name":"RUUBY","description":"Ruubys on \u00fchendatud elustiil ja disain","publisher":{"@id":"http:\/\/ruuby.ee\/en\/#organization"},"alternateName":"Ruuby Disain","potentialAction":[{"@type":"SearchAction","target":{"@type":"EntryPoint","urlTemplate":"http:\/\/ruuby.ee\/en\/?s={search_term_string}"},"query-input":{"@type":"PropertyValueSpecification","valueRequired":true,"valueName":"search_term_string"}}],"inLanguage":"en-GB"},{"@type":"Organization","@id":"http:\/\/ruuby.ee\/en\/#organization","name":"Ruuby Disain O\u00dc","alternateName":"Ruuby","url":"http:\/\/ruuby.ee\/en\/","logo":{"@type":"ImageObject","inLanguage":"en-GB","@id":"http:\/\/ruuby.ee\/en\/#\/schema\/logo\/image\/","url":"https:\/\/ruuby.ee\/wp-content\/uploads\/2023\/06\/cropped-Black-White-Elegant-Circle-Signature-Fashion-Logo-12_large.png","contentUrl":"https:\/\/ruuby.ee\/wp-content\/uploads\/2023\/06\/cropped-Black-White-Elegant-Circle-Signature-Fashion-Logo-12_large.png","width":1280,"height":747,"caption":"Ruuby Disain O\u00dc"},"image":{"@id":"http:\/\/ruuby.ee\/en\/#\/schema\/logo\/image\/"},"sameAs":["https:\/\/www.facebook.com\/ruubyconcept","https:\/\/www.instagram.com\/ruuby_concept\/"]}]}},"jetpack_sharing_enabled":true,"_links":{"self":[{"href":"https:\/\/ruuby.ee\/en\/wp-json\/wp\/v2\/product\/1853565","targetHints":{"allow":["GET"]}}],"collection":[{"href":"https:\/\/ruuby.ee\/en\/wp-json\/wp\/v2\/product"}],"about":[{"href":"https:\/\/ruuby.ee\/en\/wp-json\/wp\/v2\/types\/product"}],"replies":[{"embeddable":true,"href":"https:\/\/ruuby.ee\/en\/wp-json\/wp\/v2\/comments?post=1853565"}],"wp:featuredmedia":[{"embeddable":true,"href":"https:\/\/ruuby.ee\/en\/wp-json\/wp\/v2\/media\/1853622"}],"wp:attachment":[{"href":"https:\/\/ruuby.ee\/en\/wp-json\/wp\/v2\/media?parent=1853565"}],"wp:term":[{"taxonomy":"product_brand","embeddable":true,"href":"https:\/\/ruuby.ee\/en\/wp-json\/wp\/v2\/product_brand?post=1853565"},{"taxonomy":"product_cat","embeddable":true,"href":"https:\/\/ruuby.ee\/en\/wp-json\/wp\/v2\/product_cat?post=1853565"},{"taxonomy":"product_tag","embeddable":true,"href":"https:\/\/ruuby.ee\/en\/wp-json\/wp\/v2\/product_tag?post=1853565"}],"curies":[{"name":"wp","href":"https:\/\/api.w.org\/{rel}","templated":true}]}}