{"id":1853564,"date":"2025-06-17T20:06:09","date_gmt":"2025-06-17T17:06:09","guid":{"rendered":"https:\/\/ruuby.ee\/pood\/maaratlemata\/pestle-mortar-looduslik-lohnatu-kehapesuvahend-500ml\/"},"modified":"2026-04-05T01:25:20","modified_gmt":"2026-04-04T22:25:20","slug":"pestle-mortar-looduslik-lohnatu-kehapesuvahend-500ml","status":"publish","type":"product","link":"https:\/\/ruuby.ee\/en\/pood\/lapsed\/beebikaubad\/hooldus\/pestle-mortar-looduslik-lohnatu-kehapesuvahend-500ml\/","title":{"rendered":"PESTLE &amp; MORTAR looduslik l\u00f5hnatu kehapesuvahend 500ml"},"content":{"rendered":"<p>Puhas, kliiniline ja t\u00f5hus vahutamata kehapesuvahend kaeraseemneekstrakti ja E-vitamiiniga, mis on loodud kogu perele. Puhastab \u00f5rnalt, rahustab ja pehmendab nahka, j\u00e4tmata seda kuivaks ja pingul. See 99% looduslik kehapesuvahend on mineraal\u00f5li-, SLS-i- ja kunstlike l\u00f5hnaainetevaba. Dermatoloogiliselt testitud, \u00e4mmaemandate ja lastearstide poolt heaks kiidetud Essentials kehapesuvahend puhastab nahka, rahustab p\u00f5letikulist nahka ja leevendab s\u00fcgelevaid nahahaigusi.<\/p>\n<p><strong>PEAMISED KASUD<\/strong><br \/>\nLeevendab s\u00fcgelevat, kuiva ja ekseemile kalduvat nahka;<br \/>\nNiisutab ja kaitseb nahka;<br \/>\nRavib kahjustatud nahka.<\/p>\n<p><strong>MIS ON KAERATUUMA EKSTRAKT?<\/strong><br \/>\nPestle &amp; Mortari gluteenivaba Avena Sativa kaeratuuma ekstrakt on v\u00f5imas looduslik puhastusvahend, millel on puhastavad, niisutavad ja ravivad omadused. Kaerataime seemnetest ekstraheeritud ekstraktil on pikk ajalugu levinud dermatoloogiliste nahahaiguste, n\u00e4iteks ekseemi ja psoriaasi edukal ravimisel.<\/p>\n<p><strong>MIS ON E-VITAMIIN?<\/strong><br \/>\nE-vitamiin on terve naha loomulik komponent, mis on t\u00f6\u00f6loomuline vitamiin ja v\u00f5imas p\u00f5letikuvastane aine. Lisaks niisutavatele ja ravivatele omadustele rahustab E-vitamiin nahka. V\u00f5imas antioks\u00fcdant E-vitamiin tugevdab loomulikku barj\u00e4\u00e4rifunktsiooni, mis aitab nahal end kahjustuste eest kaitsta.<\/p>\n<p><strong>KUIDAS KASUTADA:<\/strong><\/p>\n<p>Pumbake kehapesuvahendit k\u00e4tele, masseerige niiskele nahale ja loputage maha. Kasutage iga p\u00e4ev du\u0161i all v\u00f5i vannis. Sobib k\u00f5ikidele nahat\u00fc\u00fcpidele;<\/p>\n<p>Ekseemile kalduv nahk:<br \/>\nPsoriaasile kalduv nahk;<br \/>\nKergesti tundlikuks muutuv nahk;<br \/>\nKuiv nahk;<br \/>\nS\u00fcgelev ja \u00e4rritunud nahk;<br \/>\nK\u00f5ik vanused ja nahat\u00fc\u00fcbid.<\/p>\n<p>&nbsp;<\/p>\n<p>Kui tihti peaksin du\u0161igeeli kasutama?<br \/>\nKasutage iga p\u00e4ev vannis v\u00f5i du\u0161i all.<\/p>\n<p>Miks see ei vahuta nagu minu teised du\u0161igeelid?<br \/>\nVahutavad puhastusvahendid eemaldavad nahalt looduslikud \u00f5lid, j\u00e4ttes selle kuivaks ja pingul. Du\u0161igeel ei vahuta, seega puhastab see nahka \u00f5rnalt seda kuivatamata.<\/p>\n<p>Mul on kehaakne. Kas see aitab?<br \/>\nDu\u0161igeelis sisalduvad looduslikud koostisosad on p\u00f5letikuvastased, antimikroobsed ja looduslikult puhastavad, mis rahustavad nahka, avades samal ajal ummistunud poore, mis p\u00f5hjustavad kehaaknet.<\/p>\n<p>Kas ma v\u00f5in seda kasutada oma vasts\u00fcndinul?<\/p>\n<p>Jah, du\u0161igeel on lastearstide poolt heaks kiidetud ja ohutu kasutada igas vanuses, sealhulgas vasts\u00fcndinutel.<\/p>\n<p>Imiku naha eest hoolitsemine<br \/>\nImiku nahk on pehme ja \u00f5rn. Esimestel n\u00e4dalatel p\u00e4rast s\u00fcndi, vasts\u00fcndinu staadiumis, soovitavad eksperdid pesta puhta veega. Kasvades on beebid altid naha\u00e4rritustele, nagu ekseem, l\u00f6\u00f6bed, h\u00e4llim\u00fctsike ja kuiv nahk. Kui teie laps on 4\u20136 n\u00e4dalat vana, peaksite vannitamise ajal kasutama \u00f5rnaid niisutavaid seepe ning niisutavaid kreeme, mis ei sisalda v\u00e4rvaineid, parf\u00fc\u00fcme ega alkoholi. Regulaarne hooldus ohutute ja \u00f5rnade toodetega hoiab teie lapse naha niisutatud ja mugavana. V\u00e4ltige f\u00fc\u00fcsikalisi ja keemilisi \u00e4rritajaid, nagu kriimustavaid villaseid riideid, pol\u00fcestrit, l\u00f5hnastatud kreeme, kehaseepe ja l\u00f5hnastatud talkipulbrit. J\u00e4rjepidev hooldus lastearstide poolt heakskiidetud nahahooldustoodetega on imikute optimaalse naha tervise s\u00e4ilitamise ja \u00e4rritavate nahahaiguste ennetamise v\u00f5ti.<\/p>","protected":false},"excerpt":{"rendered":"<p>Puhas, kliiniline ja t\u00f5hus vahutamata kehapesuvahend kaeraseemneekstrakti ja E-vitamiiniga, mis on loodud kogu perele. Puhastab \u00f5rnalt, rahustab ja pehmendab nahka, j\u00e4tmata seda kuivaks ja pingul.<\/p>","protected":false},"featured_media":1853616,"comment_status":"open","ping_status":"closed","template":"","meta":[],"product_brand":[],"product_cat":[680,690,25,22,677],"product_tag":[138,1049],"class_list":{"0":"post-1853564","1":"product","2":"type-product","3":"status-publish","4":"has-post-thumbnail","6":"product_cat-hooldus","7":"product_cat-kehahooldus","8":"product_cat-kosmeetika","9":"product_cat-lapsed","10":"product_cat-vann","11":"product_tag-kehahooldus","12":"product_tag-pestle-mortar","14":"first","15":"outofstock","16":"taxable","17":"shipping-taxable","18":"purchasable","19":"product-type-simple"},"yoast_head":"<!-- This site is optimized with the Yoast SEO plugin v27.2 - https:\/\/yoast.com\/product\/yoast-seo-wordpress\/ -->\n<title>PESTLE &amp; MORTAR looduslik l\u00f5hnatu kehapesuvahend 500ml - RUUBY<\/title>\n<meta name=\"robots\" content=\"index, follow, max-snippet:-1, max-image-preview:large, max-video-preview:-1\" \/>\n<link rel=\"canonical\" href=\"https:\/\/ruuby.ee\/en\/pood\/lapsed\/beebikaubad\/hooldus\/pestle-mortar-looduslik-lohnatu-kehapesuvahend-500ml\/\" \/>\n<meta property=\"og:locale\" content=\"en_GB\" \/>\n<meta property=\"og:type\" content=\"article\" \/>\n<meta property=\"og:title\" content=\"PESTLE &amp; MORTAR looduslik l\u00f5hnatu kehapesuvahend 500ml - RUUBY\" \/>\n<meta property=\"og:description\" content=\"Puhas, kliiniline ja t\u00f5hus vahutamata kehapesuvahend kaeraseemneekstrakti ja E-vitamiiniga, mis on loodud kogu perele. Puhastab \u00f5rnalt, rahustab ja pehmendab nahka, j\u00e4tmata seda kuivaks ja pingul.\" \/>\n<meta property=\"og:url\" content=\"https:\/\/ruuby.ee\/en\/pood\/lapsed\/beebikaubad\/hooldus\/pestle-mortar-looduslik-lohnatu-kehapesuvahend-500ml\/\" \/>\n<meta property=\"og:site_name\" content=\"RUUBY\" \/>\n<meta property=\"article:publisher\" content=\"https:\/\/www.facebook.com\/ruubyconcept\" \/>\n<meta property=\"article:modified_time\" content=\"2026-04-04T22:25:20+00:00\" \/>\n<meta property=\"og:image\" content=\"https:\/\/ruuby.ee\/wp-content\/uploads\/2025\/06\/Screenshot-2025-06-17-at-21.43.12.png\" \/>\n\t<meta property=\"og:image:width\" content=\"1132\" \/>\n\t<meta property=\"og:image:height\" content=\"1106\" \/>\n\t<meta property=\"og:image:type\" content=\"image\/png\" \/>\n<meta name=\"twitter:card\" content=\"summary_large_image\" \/>\n<meta name=\"twitter:label1\" content=\"Estimated reading time\" \/>\n\t<meta name=\"twitter:data1\" content=\"3 minutes\" \/>\n<script type=\"application\/ld+json\" class=\"yoast-schema-graph\">{\"@context\":\"https:\/\/schema.org\",\"@graph\":[{\"@type\":[\"WebPage\",\"ItemPage\"],\"@id\":\"https:\/\/ruuby.ee\/en\/pood\/lapsed\/beebikaubad\/hooldus\/pestle-mortar-looduslik-lohnatu-kehapesuvahend-500ml\/\",\"url\":\"https:\/\/ruuby.ee\/en\/pood\/lapsed\/beebikaubad\/hooldus\/pestle-mortar-looduslik-lohnatu-kehapesuvahend-500ml\/\",\"name\":\"PESTLE &amp; MORTAR looduslik l\u00f5hnatu kehapesuvahend 500ml - RUUBY\",\"isPartOf\":{\"@id\":\"http:\/\/ruuby.ee\/#website\"},\"primaryImageOfPage\":{\"@id\":\"https:\/\/ruuby.ee\/en\/pood\/lapsed\/beebikaubad\/hooldus\/pestle-mortar-looduslik-lohnatu-kehapesuvahend-500ml\/#primaryimage\"},\"image\":{\"@id\":\"https:\/\/ruuby.ee\/en\/pood\/lapsed\/beebikaubad\/hooldus\/pestle-mortar-looduslik-lohnatu-kehapesuvahend-500ml\/#primaryimage\"},\"thumbnailUrl\":\"https:\/\/ruuby.ee\/wp-content\/uploads\/2025\/06\/Screenshot-2025-06-17-at-21.43.12.png\",\"datePublished\":\"2025-06-17T17:06:09+00:00\",\"dateModified\":\"2026-04-04T22:25:20+00:00\",\"breadcrumb\":{\"@id\":\"https:\/\/ruuby.ee\/en\/pood\/lapsed\/beebikaubad\/hooldus\/pestle-mortar-looduslik-lohnatu-kehapesuvahend-500ml\/#breadcrumb\"},\"inLanguage\":\"en-GB\",\"potentialAction\":[{\"@type\":\"ReadAction\",\"target\":[\"https:\/\/ruuby.ee\/en\/pood\/lapsed\/beebikaubad\/hooldus\/pestle-mortar-looduslik-lohnatu-kehapesuvahend-500ml\/\"]}]},{\"@type\":\"ImageObject\",\"inLanguage\":\"en-GB\",\"@id\":\"https:\/\/ruuby.ee\/en\/pood\/lapsed\/beebikaubad\/hooldus\/pestle-mortar-looduslik-lohnatu-kehapesuvahend-500ml\/#primaryimage\",\"url\":\"https:\/\/ruuby.ee\/wp-content\/uploads\/2025\/06\/Screenshot-2025-06-17-at-21.43.12.png\",\"contentUrl\":\"https:\/\/ruuby.ee\/wp-content\/uploads\/2025\/06\/Screenshot-2025-06-17-at-21.43.12.png\",\"width\":1132,\"height\":1106},{\"@type\":\"BreadcrumbList\",\"@id\":\"https:\/\/ruuby.ee\/en\/pood\/lapsed\/beebikaubad\/hooldus\/pestle-mortar-looduslik-lohnatu-kehapesuvahend-500ml\/#breadcrumb\",\"itemListElement\":[{\"@type\":\"ListItem\",\"position\":1,\"name\":\"Kdu\",\"item\":\"http:\/\/ruuby.ee\/\"},{\"@type\":\"ListItem\",\"position\":2,\"name\":\"Pood\",\"item\":\"https:\/\/ruuby.ee\/en\/pood\/\"},{\"@type\":\"ListItem\",\"position\":3,\"name\":\"PESTLE &amp; MORTAR looduslik l\u00f5hnatu kehapesuvahend 500ml\"}]},{\"@type\":\"WebSite\",\"@id\":\"http:\/\/ruuby.ee\/#website\",\"url\":\"http:\/\/ruuby.ee\/\",\"name\":\"RUUBY\",\"description\":\"Ruubys on \u00fchendatud elustiil ja disain\",\"publisher\":{\"@id\":\"http:\/\/ruuby.ee\/#organization\"},\"alternateName\":\"Ruuby Disain\",\"potentialAction\":[{\"@type\":\"SearchAction\",\"target\":{\"@type\":\"EntryPoint\",\"urlTemplate\":\"http:\/\/ruuby.ee\/?s={search_term_string}\"},\"query-input\":{\"@type\":\"PropertyValueSpecification\",\"valueRequired\":true,\"valueName\":\"search_term_string\"}}],\"inLanguage\":\"en-GB\"},{\"@type\":\"Organization\",\"@id\":\"http:\/\/ruuby.ee\/#organization\",\"name\":\"Ruuby Disain O\u00dc\",\"alternateName\":\"Ruuby\",\"url\":\"http:\/\/ruuby.ee\/\",\"logo\":{\"@type\":\"ImageObject\",\"inLanguage\":\"en-GB\",\"@id\":\"http:\/\/ruuby.ee\/#\/schema\/logo\/image\/\",\"url\":\"https:\/\/ruuby.ee\/wp-content\/uploads\/2023\/06\/cropped-Black-White-Elegant-Circle-Signature-Fashion-Logo-12_large.png\",\"contentUrl\":\"https:\/\/ruuby.ee\/wp-content\/uploads\/2023\/06\/cropped-Black-White-Elegant-Circle-Signature-Fashion-Logo-12_large.png\",\"width\":1280,\"height\":747,\"caption\":\"Ruuby Disain O\u00dc\"},\"image\":{\"@id\":\"http:\/\/ruuby.ee\/#\/schema\/logo\/image\/\"},\"sameAs\":[\"https:\/\/www.facebook.com\/ruubyconcept\",\"https:\/\/www.instagram.com\/ruuby_concept\/\"]}]}<\/script>\n<!-- \/ Yoast SEO plugin. -->","yoast_head_json":{"title":"PESTLE &amp; MORTAR looduslik l\u00f5hnatu kehapesuvahend 500ml - RUUBY","robots":{"index":"index","follow":"follow","max-snippet":"max-snippet:-1","max-image-preview":"max-image-preview:large","max-video-preview":"max-video-preview:-1"},"canonical":"https:\/\/ruuby.ee\/en\/pood\/lapsed\/beebikaubad\/hooldus\/pestle-mortar-looduslik-lohnatu-kehapesuvahend-500ml\/","og_locale":"en_GB","og_type":"article","og_title":"PESTLE &amp; MORTAR looduslik l\u00f5hnatu kehapesuvahend 500ml - RUUBY","og_description":"Puhas, kliiniline ja t\u00f5hus vahutamata kehapesuvahend kaeraseemneekstrakti ja E-vitamiiniga, mis on loodud kogu perele. Puhastab \u00f5rnalt, rahustab ja pehmendab nahka, j\u00e4tmata seda kuivaks ja pingul.","og_url":"https:\/\/ruuby.ee\/en\/pood\/lapsed\/beebikaubad\/hooldus\/pestle-mortar-looduslik-lohnatu-kehapesuvahend-500ml\/","og_site_name":"RUUBY","article_publisher":"https:\/\/www.facebook.com\/ruubyconcept","article_modified_time":"2026-04-04T22:25:20+00:00","og_image":[{"width":1132,"height":1106,"url":"https:\/\/ruuby.ee\/wp-content\/uploads\/2025\/06\/Screenshot-2025-06-17-at-21.43.12.png","type":"image\/png"}],"twitter_card":"summary_large_image","twitter_misc":{"Estimated reading time":"3 minutes"},"schema":{"@context":"https:\/\/schema.org","@graph":[{"@type":["WebPage","ItemPage"],"@id":"https:\/\/ruuby.ee\/en\/pood\/lapsed\/beebikaubad\/hooldus\/pestle-mortar-looduslik-lohnatu-kehapesuvahend-500ml\/","url":"https:\/\/ruuby.ee\/en\/pood\/lapsed\/beebikaubad\/hooldus\/pestle-mortar-looduslik-lohnatu-kehapesuvahend-500ml\/","name":"PESTLE &amp; MORTAR looduslik l\u00f5hnatu kehapesuvahend 500ml - RUUBY","isPartOf":{"@id":"http:\/\/ruuby.ee\/#website"},"primaryImageOfPage":{"@id":"https:\/\/ruuby.ee\/en\/pood\/lapsed\/beebikaubad\/hooldus\/pestle-mortar-looduslik-lohnatu-kehapesuvahend-500ml\/#primaryimage"},"image":{"@id":"https:\/\/ruuby.ee\/en\/pood\/lapsed\/beebikaubad\/hooldus\/pestle-mortar-looduslik-lohnatu-kehapesuvahend-500ml\/#primaryimage"},"thumbnailUrl":"https:\/\/ruuby.ee\/wp-content\/uploads\/2025\/06\/Screenshot-2025-06-17-at-21.43.12.png","datePublished":"2025-06-17T17:06:09+00:00","dateModified":"2026-04-04T22:25:20+00:00","breadcrumb":{"@id":"https:\/\/ruuby.ee\/en\/pood\/lapsed\/beebikaubad\/hooldus\/pestle-mortar-looduslik-lohnatu-kehapesuvahend-500ml\/#breadcrumb"},"inLanguage":"en-GB","potentialAction":[{"@type":"ReadAction","target":["https:\/\/ruuby.ee\/en\/pood\/lapsed\/beebikaubad\/hooldus\/pestle-mortar-looduslik-lohnatu-kehapesuvahend-500ml\/"]}]},{"@type":"ImageObject","inLanguage":"en-GB","@id":"https:\/\/ruuby.ee\/en\/pood\/lapsed\/beebikaubad\/hooldus\/pestle-mortar-looduslik-lohnatu-kehapesuvahend-500ml\/#primaryimage","url":"https:\/\/ruuby.ee\/wp-content\/uploads\/2025\/06\/Screenshot-2025-06-17-at-21.43.12.png","contentUrl":"https:\/\/ruuby.ee\/wp-content\/uploads\/2025\/06\/Screenshot-2025-06-17-at-21.43.12.png","width":1132,"height":1106},{"@type":"BreadcrumbList","@id":"https:\/\/ruuby.ee\/en\/pood\/lapsed\/beebikaubad\/hooldus\/pestle-mortar-looduslik-lohnatu-kehapesuvahend-500ml\/#breadcrumb","itemListElement":[{"@type":"ListItem","position":1,"name":"Kdu","item":"http:\/\/ruuby.ee\/"},{"@type":"ListItem","position":2,"name":"Pood","item":"https:\/\/ruuby.ee\/en\/pood\/"},{"@type":"ListItem","position":3,"name":"PESTLE &amp; MORTAR looduslik l\u00f5hnatu kehapesuvahend 500ml"}]},{"@type":"WebSite","@id":"http:\/\/ruuby.ee\/#website","url":"http:\/\/ruuby.ee\/","name":"RUUBY","description":"Ruubys on \u00fchendatud elustiil ja disain","publisher":{"@id":"http:\/\/ruuby.ee\/#organization"},"alternateName":"Ruuby Disain","potentialAction":[{"@type":"SearchAction","target":{"@type":"EntryPoint","urlTemplate":"http:\/\/ruuby.ee\/?s={search_term_string}"},"query-input":{"@type":"PropertyValueSpecification","valueRequired":true,"valueName":"search_term_string"}}],"inLanguage":"en-GB"},{"@type":"Organization","@id":"http:\/\/ruuby.ee\/#organization","name":"Ruuby Disain O\u00dc","alternateName":"Ruuby","url":"http:\/\/ruuby.ee\/","logo":{"@type":"ImageObject","inLanguage":"en-GB","@id":"http:\/\/ruuby.ee\/#\/schema\/logo\/image\/","url":"https:\/\/ruuby.ee\/wp-content\/uploads\/2023\/06\/cropped-Black-White-Elegant-Circle-Signature-Fashion-Logo-12_large.png","contentUrl":"https:\/\/ruuby.ee\/wp-content\/uploads\/2023\/06\/cropped-Black-White-Elegant-Circle-Signature-Fashion-Logo-12_large.png","width":1280,"height":747,"caption":"Ruuby Disain O\u00dc"},"image":{"@id":"http:\/\/ruuby.ee\/#\/schema\/logo\/image\/"},"sameAs":["https:\/\/www.facebook.com\/ruubyconcept","https:\/\/www.instagram.com\/ruuby_concept\/"]}]}},"jetpack_sharing_enabled":true,"_links":{"self":[{"href":"https:\/\/ruuby.ee\/en\/wp-json\/wp\/v2\/product\/1853564","targetHints":{"allow":["GET"]}}],"collection":[{"href":"https:\/\/ruuby.ee\/en\/wp-json\/wp\/v2\/product"}],"about":[{"href":"https:\/\/ruuby.ee\/en\/wp-json\/wp\/v2\/types\/product"}],"replies":[{"embeddable":true,"href":"https:\/\/ruuby.ee\/en\/wp-json\/wp\/v2\/comments?post=1853564"}],"wp:featuredmedia":[{"embeddable":true,"href":"https:\/\/ruuby.ee\/en\/wp-json\/wp\/v2\/media\/1853616"}],"wp:attachment":[{"href":"https:\/\/ruuby.ee\/en\/wp-json\/wp\/v2\/media?parent=1853564"}],"wp:term":[{"taxonomy":"product_brand","embeddable":true,"href":"https:\/\/ruuby.ee\/en\/wp-json\/wp\/v2\/product_brand?post=1853564"},{"taxonomy":"product_cat","embeddable":true,"href":"https:\/\/ruuby.ee\/en\/wp-json\/wp\/v2\/product_cat?post=1853564"},{"taxonomy":"product_tag","embeddable":true,"href":"https:\/\/ruuby.ee\/en\/wp-json\/wp\/v2\/product_tag?post=1853564"}],"curies":[{"name":"wp","href":"https:\/\/api.w.org\/{rel}","templated":true}]}}