{"id":1853563,"date":"2025-06-17T20:06:04","date_gmt":"2025-06-17T17:06:04","guid":{"rendered":"https:\/\/ruuby.ee\/pood\/maaratlemata\/pestle-mortar-nimbu-luksuslik-kehakoorija-200g\/"},"modified":"2026-04-05T01:25:20","modified_gmt":"2026-04-04T22:25:20","slug":"pestle-mortar-nimbu-luksuslik-kehakoorija-200g","status":"publish","type":"product","link":"https:\/\/ruuby.ee\/en\/pood\/kosmeetika\/kehahooldus\/pestle-mortar-nimbu-luksuslik-kehakoorija-200g\/","title":{"rendered":"PESTLE &amp; MORTAR Nimbu luksuslik kehakoorija 200g"},"content":{"rendered":"<p>Luksuslik kooriv kehasuhkur, mis on segatud kliiniliselt t\u00f5estatud keramiidikompleksi, viinamarjaseemne\u00f5li ja suhkruga. Koorib \u00f5rnalt keha, j\u00e4ttes naha pehmeks, pehmeks ja s\u00e4ravaks pealaest jalatallani. Nimbu kehakoorija \u00fchendab kliiniliselt t\u00f5estatud keramiidikompleksi niisutavate looduslike koostisosade ja ergutava tsitrusel\u00f5hnaga. See puhastab, niisutab ja parandab nahka, j\u00e4ttes selle s\u00e4ravaks pealaest jalatallani.<\/p>\n<p><strong>PEAMISED EELISED<\/strong><br \/>\n\u2022 Koorib nahka \u00f5rnalt<br \/>\n\u2022 Toidab ja niisutab nahka<br \/>\n\u2022 Elustab tuhmi nahka<\/p>\n<p><strong>MIS ON VIINAMARJASEEMNE\u00d5LI?<\/strong><br \/>\nViinamarjaseemne\u00f5li on t\u00e4is antioks\u00fcdante, oomegarasvhappeid ja aminohappeid. See elustab tuhmi nahka, taastab deh\u00fcdreerunud naha, \u00fchtlustab nahatooni ning v\u00e4hendab peente joonte ja kortsude n\u00e4htavust. Selles v\u00f5imsas \u00f5lis leiduvad linoolhape ja E-vitamiin aitavad nahal niiskust s\u00e4ilitada, taastades samal ajal elastsuse ja kaitstes seda keskkonnakahjustuste eest.<\/p>\n<p><strong>MIKS KERAMIIDID?<\/strong><br \/>\nKeramiidid on rasvad, mis moodustavad \u00fcle 50% naha loomulikust koostisest. Vananedes v\u00e4heneb meie nahas keramiidide tase, mis viib naha kuivuseni ja n\u00e4htavate vananemism\u00e4rkideni. Need on vananemisvastased v\u00f5imsad koostisosad koos teiste nahka taastavate koostisosadega, nagu kolesterool ja niatsiinamiid.<\/p>\n<p><strong>KUIDAS KASUTADA:<\/strong><\/p>\n<p>Masseeri kehale vannis v\u00f5i du\u0161i all k\u00e4ies ja loputa hoolikalt. Kasuta kogu kehal. Kasuta alati du\u0161i all v\u00f5i vannis k\u00e4ies. Sobib k\u00f5ikidele nahat\u00fc\u00fcpidele.<\/p>\n<p>&nbsp;<\/p>\n<p>Kas Nimbu kehakoorija sobib minu tundlikule nahale?<\/p>\n<p>Nimbu kehakoorija sobib igale nahat\u00fc\u00fcbile ja sisaldab koostisosi, mis aitavad spetsiaalselt \u00e4rritunud ja s\u00fcgeleva naha puhul. Kui teil on k\u00fcsimusi, pidage n\u00f5u oma arsti v\u00f5i dermatoloogiga.<\/p>\n<p>Kas Nimbu sisaldab kunstlikke l\u00f5hnaaineid?<\/p>\n<p>Nimbu sisaldab kunstlikke l\u00f5hnaaineid, mis vastavad Rahvusvahelise L\u00f5hnaainete Assotsiatsiooni (IFRA) kehtestatud standarditele. IFRA seab l\u00f5hnaainete loomisele piirid, keelates v\u00f5i piirates teatud koostisosi, et inimesed saaksid parf\u00fcmeeriakunsti ohutult ja enesekindlalt nautida.<\/p>\n<p>Mul on p\u00e4hkliallergia. Kas ma v\u00f5in kasutada Nimbu kehapuhastusvahendit?<\/p>\n<p>Nimbu kehakoorija sisaldab magusa mandli\u00f5li. Kui teil on p\u00e4hkliallergia, pidage n\u00f5u oma arsti v\u00f5i dermatoloogiga.<\/p>","protected":false},"excerpt":{"rendered":"<p>Luksuslik kooriv kehasuhkur, mis on segatud kliiniliselt t\u00f5estatud keramiidikompleksi, viinamarjaseemne\u00f5li ja suhkruga.<\/p>","protected":false},"featured_media":1853610,"comment_status":"open","ping_status":"closed","template":"","meta":[],"product_brand":[],"product_cat":[690,25],"product_tag":[138,1049],"class_list":{"0":"post-1853563","1":"product","2":"type-product","3":"status-publish","4":"has-post-thumbnail","6":"product_cat-kehahooldus","7":"product_cat-kosmeetika","8":"product_tag-kehahooldus","9":"product_tag-pestle-mortar","11":"first","12":"outofstock","13":"taxable","14":"shipping-taxable","15":"purchasable","16":"product-type-simple"},"yoast_head":"<!-- This site is optimized with the Yoast SEO plugin v27.2 - https:\/\/yoast.com\/product\/yoast-seo-wordpress\/ -->\n<title>PESTLE &amp; MORTAR Nimbu luksuslik kehakoorija 200g - RUUBY<\/title>\n<meta name=\"robots\" content=\"index, follow, max-snippet:-1, max-image-preview:large, max-video-preview:-1\" \/>\n<link rel=\"canonical\" href=\"https:\/\/ruuby.ee\/en\/pood\/kosmeetika\/kehahooldus\/pestle-mortar-nimbu-luksuslik-kehakoorija-200g\/\" \/>\n<meta property=\"og:locale\" content=\"en_GB\" \/>\n<meta property=\"og:type\" content=\"article\" \/>\n<meta property=\"og:title\" content=\"PESTLE &amp; MORTAR Nimbu luksuslik kehakoorija 200g - RUUBY\" \/>\n<meta property=\"og:description\" content=\"Luksuslik kooriv kehasuhkur, mis on segatud kliiniliselt t\u00f5estatud keramiidikompleksi, viinamarjaseemne\u00f5li ja suhkruga.\" \/>\n<meta property=\"og:url\" content=\"https:\/\/ruuby.ee\/en\/pood\/kosmeetika\/kehahooldus\/pestle-mortar-nimbu-luksuslik-kehakoorija-200g\/\" \/>\n<meta property=\"og:site_name\" content=\"RUUBY\" \/>\n<meta property=\"article:publisher\" content=\"https:\/\/www.facebook.com\/ruubyconcept\" \/>\n<meta property=\"article:modified_time\" content=\"2026-04-04T22:25:20+00:00\" \/>\n<meta property=\"og:image\" content=\"https:\/\/ruuby.ee\/wp-content\/uploads\/2025\/06\/Screenshot-2025-06-17-at-21.35.11.png\" \/>\n\t<meta property=\"og:image:width\" content=\"1184\" \/>\n\t<meta property=\"og:image:height\" content=\"952\" \/>\n\t<meta property=\"og:image:type\" content=\"image\/png\" \/>\n<meta name=\"twitter:card\" content=\"summary_large_image\" \/>\n<meta name=\"twitter:label1\" content=\"Estimated reading time\" \/>\n\t<meta name=\"twitter:data1\" content=\"2 minutes\" \/>\n<script type=\"application\/ld+json\" class=\"yoast-schema-graph\">{\"@context\":\"https:\/\/schema.org\",\"@graph\":[{\"@type\":[\"WebPage\",\"ItemPage\"],\"@id\":\"https:\/\/ruuby.ee\/en\/pood\/kosmeetika\/kehahooldus\/pestle-mortar-nimbu-luksuslik-kehakoorija-200g\/\",\"url\":\"https:\/\/ruuby.ee\/en\/pood\/kosmeetika\/kehahooldus\/pestle-mortar-nimbu-luksuslik-kehakoorija-200g\/\",\"name\":\"PESTLE &amp; MORTAR Nimbu luksuslik kehakoorija 200g - RUUBY\",\"isPartOf\":{\"@id\":\"http:\/\/ruuby.ee\/#website\"},\"primaryImageOfPage\":{\"@id\":\"https:\/\/ruuby.ee\/en\/pood\/kosmeetika\/kehahooldus\/pestle-mortar-nimbu-luksuslik-kehakoorija-200g\/#primaryimage\"},\"image\":{\"@id\":\"https:\/\/ruuby.ee\/en\/pood\/kosmeetika\/kehahooldus\/pestle-mortar-nimbu-luksuslik-kehakoorija-200g\/#primaryimage\"},\"thumbnailUrl\":\"https:\/\/ruuby.ee\/wp-content\/uploads\/2025\/06\/Screenshot-2025-06-17-at-21.35.11.png\",\"datePublished\":\"2025-06-17T17:06:04+00:00\",\"dateModified\":\"2026-04-04T22:25:20+00:00\",\"breadcrumb\":{\"@id\":\"https:\/\/ruuby.ee\/en\/pood\/kosmeetika\/kehahooldus\/pestle-mortar-nimbu-luksuslik-kehakoorija-200g\/#breadcrumb\"},\"inLanguage\":\"en-GB\",\"potentialAction\":[{\"@type\":\"ReadAction\",\"target\":[\"https:\/\/ruuby.ee\/en\/pood\/kosmeetika\/kehahooldus\/pestle-mortar-nimbu-luksuslik-kehakoorija-200g\/\"]}]},{\"@type\":\"ImageObject\",\"inLanguage\":\"en-GB\",\"@id\":\"https:\/\/ruuby.ee\/en\/pood\/kosmeetika\/kehahooldus\/pestle-mortar-nimbu-luksuslik-kehakoorija-200g\/#primaryimage\",\"url\":\"https:\/\/ruuby.ee\/wp-content\/uploads\/2025\/06\/Screenshot-2025-06-17-at-21.35.11.png\",\"contentUrl\":\"https:\/\/ruuby.ee\/wp-content\/uploads\/2025\/06\/Screenshot-2025-06-17-at-21.35.11.png\",\"width\":1184,\"height\":952},{\"@type\":\"BreadcrumbList\",\"@id\":\"https:\/\/ruuby.ee\/en\/pood\/kosmeetika\/kehahooldus\/pestle-mortar-nimbu-luksuslik-kehakoorija-200g\/#breadcrumb\",\"itemListElement\":[{\"@type\":\"ListItem\",\"position\":1,\"name\":\"Kdu\",\"item\":\"http:\/\/ruuby.ee\/\"},{\"@type\":\"ListItem\",\"position\":2,\"name\":\"Pood\",\"item\":\"https:\/\/ruuby.ee\/en\/pood\/\"},{\"@type\":\"ListItem\",\"position\":3,\"name\":\"PESTLE &amp; MORTAR Nimbu luksuslik kehakoorija 200g\"}]},{\"@type\":\"WebSite\",\"@id\":\"http:\/\/ruuby.ee\/#website\",\"url\":\"http:\/\/ruuby.ee\/\",\"name\":\"RUUBY\",\"description\":\"Ruubys on \u00fchendatud elustiil ja disain\",\"publisher\":{\"@id\":\"http:\/\/ruuby.ee\/#organization\"},\"alternateName\":\"Ruuby Disain\",\"potentialAction\":[{\"@type\":\"SearchAction\",\"target\":{\"@type\":\"EntryPoint\",\"urlTemplate\":\"http:\/\/ruuby.ee\/?s={search_term_string}\"},\"query-input\":{\"@type\":\"PropertyValueSpecification\",\"valueRequired\":true,\"valueName\":\"search_term_string\"}}],\"inLanguage\":\"en-GB\"},{\"@type\":\"Organization\",\"@id\":\"http:\/\/ruuby.ee\/#organization\",\"name\":\"Ruuby Disain O\u00dc\",\"alternateName\":\"Ruuby\",\"url\":\"http:\/\/ruuby.ee\/\",\"logo\":{\"@type\":\"ImageObject\",\"inLanguage\":\"en-GB\",\"@id\":\"http:\/\/ruuby.ee\/#\/schema\/logo\/image\/\",\"url\":\"https:\/\/ruuby.ee\/wp-content\/uploads\/2023\/06\/cropped-Black-White-Elegant-Circle-Signature-Fashion-Logo-12_large.png\",\"contentUrl\":\"https:\/\/ruuby.ee\/wp-content\/uploads\/2023\/06\/cropped-Black-White-Elegant-Circle-Signature-Fashion-Logo-12_large.png\",\"width\":1280,\"height\":747,\"caption\":\"Ruuby Disain O\u00dc\"},\"image\":{\"@id\":\"http:\/\/ruuby.ee\/#\/schema\/logo\/image\/\"},\"sameAs\":[\"https:\/\/www.facebook.com\/ruubyconcept\",\"https:\/\/www.instagram.com\/ruuby_concept\/\"]}]}<\/script>\n<!-- \/ Yoast SEO plugin. -->","yoast_head_json":{"title":"PESTLE &amp; MORTAR Nimbu luksuslik kehakoorija 200g - RUUBY","robots":{"index":"index","follow":"follow","max-snippet":"max-snippet:-1","max-image-preview":"max-image-preview:large","max-video-preview":"max-video-preview:-1"},"canonical":"https:\/\/ruuby.ee\/en\/pood\/kosmeetika\/kehahooldus\/pestle-mortar-nimbu-luksuslik-kehakoorija-200g\/","og_locale":"en_GB","og_type":"article","og_title":"PESTLE &amp; MORTAR Nimbu luksuslik kehakoorija 200g - RUUBY","og_description":"Luksuslik kooriv kehasuhkur, mis on segatud kliiniliselt t\u00f5estatud keramiidikompleksi, viinamarjaseemne\u00f5li ja suhkruga.","og_url":"https:\/\/ruuby.ee\/en\/pood\/kosmeetika\/kehahooldus\/pestle-mortar-nimbu-luksuslik-kehakoorija-200g\/","og_site_name":"RUUBY","article_publisher":"https:\/\/www.facebook.com\/ruubyconcept","article_modified_time":"2026-04-04T22:25:20+00:00","og_image":[{"width":1184,"height":952,"url":"https:\/\/ruuby.ee\/wp-content\/uploads\/2025\/06\/Screenshot-2025-06-17-at-21.35.11.png","type":"image\/png"}],"twitter_card":"summary_large_image","twitter_misc":{"Estimated reading time":"2 minutes"},"schema":{"@context":"https:\/\/schema.org","@graph":[{"@type":["WebPage","ItemPage"],"@id":"https:\/\/ruuby.ee\/en\/pood\/kosmeetika\/kehahooldus\/pestle-mortar-nimbu-luksuslik-kehakoorija-200g\/","url":"https:\/\/ruuby.ee\/en\/pood\/kosmeetika\/kehahooldus\/pestle-mortar-nimbu-luksuslik-kehakoorija-200g\/","name":"PESTLE &amp; MORTAR Nimbu luksuslik kehakoorija 200g - RUUBY","isPartOf":{"@id":"http:\/\/ruuby.ee\/#website"},"primaryImageOfPage":{"@id":"https:\/\/ruuby.ee\/en\/pood\/kosmeetika\/kehahooldus\/pestle-mortar-nimbu-luksuslik-kehakoorija-200g\/#primaryimage"},"image":{"@id":"https:\/\/ruuby.ee\/en\/pood\/kosmeetika\/kehahooldus\/pestle-mortar-nimbu-luksuslik-kehakoorija-200g\/#primaryimage"},"thumbnailUrl":"https:\/\/ruuby.ee\/wp-content\/uploads\/2025\/06\/Screenshot-2025-06-17-at-21.35.11.png","datePublished":"2025-06-17T17:06:04+00:00","dateModified":"2026-04-04T22:25:20+00:00","breadcrumb":{"@id":"https:\/\/ruuby.ee\/en\/pood\/kosmeetika\/kehahooldus\/pestle-mortar-nimbu-luksuslik-kehakoorija-200g\/#breadcrumb"},"inLanguage":"en-GB","potentialAction":[{"@type":"ReadAction","target":["https:\/\/ruuby.ee\/en\/pood\/kosmeetika\/kehahooldus\/pestle-mortar-nimbu-luksuslik-kehakoorija-200g\/"]}]},{"@type":"ImageObject","inLanguage":"en-GB","@id":"https:\/\/ruuby.ee\/en\/pood\/kosmeetika\/kehahooldus\/pestle-mortar-nimbu-luksuslik-kehakoorija-200g\/#primaryimage","url":"https:\/\/ruuby.ee\/wp-content\/uploads\/2025\/06\/Screenshot-2025-06-17-at-21.35.11.png","contentUrl":"https:\/\/ruuby.ee\/wp-content\/uploads\/2025\/06\/Screenshot-2025-06-17-at-21.35.11.png","width":1184,"height":952},{"@type":"BreadcrumbList","@id":"https:\/\/ruuby.ee\/en\/pood\/kosmeetika\/kehahooldus\/pestle-mortar-nimbu-luksuslik-kehakoorija-200g\/#breadcrumb","itemListElement":[{"@type":"ListItem","position":1,"name":"Kdu","item":"http:\/\/ruuby.ee\/"},{"@type":"ListItem","position":2,"name":"Pood","item":"https:\/\/ruuby.ee\/en\/pood\/"},{"@type":"ListItem","position":3,"name":"PESTLE &amp; MORTAR Nimbu luksuslik kehakoorija 200g"}]},{"@type":"WebSite","@id":"http:\/\/ruuby.ee\/#website","url":"http:\/\/ruuby.ee\/","name":"RUUBY","description":"Ruubys on \u00fchendatud elustiil ja disain","publisher":{"@id":"http:\/\/ruuby.ee\/#organization"},"alternateName":"Ruuby Disain","potentialAction":[{"@type":"SearchAction","target":{"@type":"EntryPoint","urlTemplate":"http:\/\/ruuby.ee\/?s={search_term_string}"},"query-input":{"@type":"PropertyValueSpecification","valueRequired":true,"valueName":"search_term_string"}}],"inLanguage":"en-GB"},{"@type":"Organization","@id":"http:\/\/ruuby.ee\/#organization","name":"Ruuby Disain O\u00dc","alternateName":"Ruuby","url":"http:\/\/ruuby.ee\/","logo":{"@type":"ImageObject","inLanguage":"en-GB","@id":"http:\/\/ruuby.ee\/#\/schema\/logo\/image\/","url":"https:\/\/ruuby.ee\/wp-content\/uploads\/2023\/06\/cropped-Black-White-Elegant-Circle-Signature-Fashion-Logo-12_large.png","contentUrl":"https:\/\/ruuby.ee\/wp-content\/uploads\/2023\/06\/cropped-Black-White-Elegant-Circle-Signature-Fashion-Logo-12_large.png","width":1280,"height":747,"caption":"Ruuby Disain O\u00dc"},"image":{"@id":"http:\/\/ruuby.ee\/#\/schema\/logo\/image\/"},"sameAs":["https:\/\/www.facebook.com\/ruubyconcept","https:\/\/www.instagram.com\/ruuby_concept\/"]}]}},"jetpack_sharing_enabled":true,"_links":{"self":[{"href":"https:\/\/ruuby.ee\/en\/wp-json\/wp\/v2\/product\/1853563","targetHints":{"allow":["GET"]}}],"collection":[{"href":"https:\/\/ruuby.ee\/en\/wp-json\/wp\/v2\/product"}],"about":[{"href":"https:\/\/ruuby.ee\/en\/wp-json\/wp\/v2\/types\/product"}],"replies":[{"embeddable":true,"href":"https:\/\/ruuby.ee\/en\/wp-json\/wp\/v2\/comments?post=1853563"}],"wp:featuredmedia":[{"embeddable":true,"href":"https:\/\/ruuby.ee\/en\/wp-json\/wp\/v2\/media\/1853610"}],"wp:attachment":[{"href":"https:\/\/ruuby.ee\/en\/wp-json\/wp\/v2\/media?parent=1853563"}],"wp:term":[{"taxonomy":"product_brand","embeddable":true,"href":"https:\/\/ruuby.ee\/en\/wp-json\/wp\/v2\/product_brand?post=1853563"},{"taxonomy":"product_cat","embeddable":true,"href":"https:\/\/ruuby.ee\/en\/wp-json\/wp\/v2\/product_cat?post=1853563"},{"taxonomy":"product_tag","embeddable":true,"href":"https:\/\/ruuby.ee\/en\/wp-json\/wp\/v2\/product_tag?post=1853563"}],"curies":[{"name":"wp","href":"https:\/\/api.w.org\/{rel}","templated":true}]}}