{"id":1853562,"date":"2025-06-17T20:06:00","date_gmt":"2025-06-17T17:06:00","guid":{"rendered":"https:\/\/ruuby.ee\/pood\/maaratlemata\/pestle-mortar-nimbu-luksuslik-kehavoi-200g\/"},"modified":"2026-04-06T01:26:21","modified_gmt":"2026-04-05T22:26:21","slug":"pestle-mortar-nimbu-luksuslik-kehavoi-200g","status":"publish","type":"product","link":"https:\/\/ruuby.ee\/en\/pood\/kosmeetika\/kehahooldus\/pestle-mortar-nimbu-luksuslik-kehavoi-200g\/","title":{"rendered":"PESTLE &amp; MORTAR Nimbu luksuslik kehav\u00f5i 200g"},"content":{"rendered":"<p>Luksuslik kehav\u00f5i, mis on valmistatud kliiniliselt t\u00f5estatud keramiidikompleksiga ning rikastatud sheav\u00f5i, avokaado\u00f5li ja kurkumiga. Lukustab intensiivselt niiskuse nahka, j\u00e4ttes selle siidiselt pehmeks ja s\u00e4ravaks pealaest jalatallani.<\/p>\n<p><strong>MIKS SEE ERILINE ON?<\/strong><\/p>\n<p>Nimbu kehav\u00f5i \u00fchendab kliiniliselt t\u00f5estatud keramiidikompleksi ravivate looduslike koostisosade ja ergutava tsitrusel\u00f5hnaga. See niisutab nahka intensiivselt, j\u00e4ttes selle pehmeks, siledaks ja s\u00e4ravaks pealaest jalatallani.<\/p>\n<p><strong>PEAMISED KASUD<\/strong><br \/>\n\u2022 Niisutab nahka intensiivselt<br \/>\n\u2022 V\u00e4hendab ketendavat nahka<br \/>\n\u2022 Pehmendab ja silub nahka<\/p>\n<p><strong>MIS ON KURKUMIJUURE EKSTRAKT?<\/strong><br \/>\nCurcuma Longa (kurkumi) juureekstrakt on kurkumitaime juurest saadud pulbri ekstrakt. Kurkumil on pikk ajalugu Ayurveda meditsiinis. Lisaks p\u00f5letikuvastasele toimele annab kurkum nahale loomuliku s\u00e4ra ja l\u00e4ike.<\/p>\n<p><strong>MIKS KERAMIIDID?<\/strong><br \/>\nKeramiidid on rasvad, mis moodustavad \u00fcle 50% naha loomulikust koostisest. Vananedes v\u00e4heneb meie nahas keramiidide tase, mis viib naha kuivuseni ja n\u00e4htavate vananemism\u00e4rkideni. Need on vananemisvastased ja v\u00f5imsad koostisosad koos teiste nahka taastavate koostisosadega, nagu kolesterool ja niatsiinamiid.<\/p>\n<p><strong>KUIDAS KASUTADA?<\/strong><\/p>\n<p>Masseeri kehale p\u00e4rast du\u0161i all k\u00e4imist v\u00f5i vastavalt vajadusele. Kasuta \u00fcle kogu keha. Kasuta p\u00e4rast du\u0161i all k\u00e4imist v\u00f5i vastavalt vajadusele. Sobib k\u00f5ikidele nahat\u00fc\u00fcpidele.<\/p>\n<p>&nbsp;<\/p>\n<p>Nimbu kehav\u00f5i sisaldab kolesterooli. Kas see on vegan?<\/p>\n<p>Jah, Nimbu kehav\u00f5i sisaldab kolesterooli, mis on valmistatud rapsist, p\u00e4evalillest, maisist, m\u00e4nnist ja sojast. See on vegan.<\/p>\n<p>Kas Nimbu kehav\u00f5i sobib minu tundlikule, ekseemile kalduvale nahale?<\/p>\n<p>Nimbu kehav\u00f5i sobib igale nahat\u00fc\u00fcbile ja sisaldab koostisosi, mis aitavad spetsiaalselt \u00e4rritunud ja s\u00fcgelevale nahale. Kui teil on k\u00fcsimusi, pidage n\u00f5u oma arsti v\u00f5i dermatoloogiga.<\/p>\n<p>Kas Nimbu sisaldab kunstlikke l\u00f5hnaaineid?<\/p>\n<p>Nimbu sisaldab kunstlikke l\u00f5hnaaineid, mis vastavad Rahvusvahelise L\u00f5hnaainete Assotsiatsiooni (IFRA) kehtestatud standarditele. IFRA seab l\u00f5hnaainete loomisele piirid, keelates v\u00f5i piirates teatud koostisosi, et inimesed saaksid parf\u00fcmeeriakunsti ohutult ja enesekindlalt nautida.<\/p>\n<p>Mul on p\u00e4hkliallergia. Kas ma v\u00f5in kasutada Nimbu kehav\u00f5id?<\/p>\n<p>Nimbu kehav\u00f5i sisaldab magusa mandli\u00f5li. Kui teil on p\u00e4hkliallergia, pidage n\u00f5u oma arsti v\u00f5i dermatoloogiga.<\/p>\n<p>Mis vahe on kehav\u00f5il ja kehakreemil? Kas ma vajan m\u00f5lemat?<\/p>\n<p>Nimbu kehav\u00f5i on konsistentsilt paksem kui Nimbu kehakreem. Kehav\u00f5i sisaldab rohkem \u00f5lisid ja on kasulik suhteliselt kuivemale nahale. Teie valik s\u00f5ltub teie nahat\u00fc\u00fcbist.<\/p>\n<p>Kuidas Nimbu kehav\u00f5id s\u00e4ilitada?<br \/>\nHoidke kaas tihedalt suletuna. Hoidke toatemperatuuril otsese p\u00e4ikesevalguse eest kaitstult.<\/p>","protected":false},"excerpt":{"rendered":"<p>Luksuslik kehav\u00f5i, mis on valmistatud kliiniliselt t\u00f5estatud keramiidikompleksiga ning rikastatud sheav\u00f5i, avokaado\u00f5li ja kurkumiga. Lukustab intensiivselt niiskuse nahka, j\u00e4ttes selle siidiselt pehmeks ja s\u00e4ravaks pealaest jalatallani.<\/p>","protected":false},"featured_media":1853603,"comment_status":"open","ping_status":"closed","template":"","meta":[],"product_brand":[],"product_cat":[690,25],"product_tag":[138,1049],"class_list":{"0":"post-1853562","1":"product","2":"type-product","3":"status-publish","4":"has-post-thumbnail","6":"product_cat-kehahooldus","7":"product_cat-kosmeetika","8":"product_tag-kehahooldus","9":"product_tag-pestle-mortar","11":"first","12":"outofstock","13":"taxable","14":"shipping-taxable","15":"purchasable","16":"product-type-simple"},"yoast_head":"<!-- This site is optimized with the Yoast SEO plugin v27.2 - https:\/\/yoast.com\/product\/yoast-seo-wordpress\/ -->\n<title>PESTLE &amp; MORTAR Nimbu luksuslik kehav\u00f5i 200g - RUUBY<\/title>\n<meta name=\"robots\" content=\"index, follow, max-snippet:-1, max-image-preview:large, max-video-preview:-1\" \/>\n<link rel=\"canonical\" href=\"https:\/\/ruuby.ee\/en\/pood\/kosmeetika\/kehahooldus\/pestle-mortar-nimbu-luksuslik-kehavoi-200g\/\" \/>\n<meta property=\"og:locale\" content=\"en_GB\" \/>\n<meta property=\"og:type\" content=\"article\" \/>\n<meta property=\"og:title\" content=\"PESTLE &amp; MORTAR Nimbu luksuslik kehav\u00f5i 200g - RUUBY\" \/>\n<meta property=\"og:description\" content=\"Luksuslik kehav\u00f5i, mis on valmistatud kliiniliselt t\u00f5estatud keramiidikompleksiga ning rikastatud sheav\u00f5i, avokaado\u00f5li ja kurkumiga. Lukustab intensiivselt niiskuse nahka, j\u00e4ttes selle siidiselt pehmeks ja s\u00e4ravaks pealaest jalatallani.\" \/>\n<meta property=\"og:url\" content=\"https:\/\/ruuby.ee\/en\/pood\/kosmeetika\/kehahooldus\/pestle-mortar-nimbu-luksuslik-kehavoi-200g\/\" \/>\n<meta property=\"og:site_name\" content=\"RUUBY\" \/>\n<meta property=\"article:publisher\" content=\"https:\/\/www.facebook.com\/ruubyconcept\" \/>\n<meta property=\"article:modified_time\" content=\"2026-04-05T22:26:21+00:00\" \/>\n<meta property=\"og:image\" content=\"https:\/\/ruuby.ee\/wp-content\/uploads\/2025\/06\/Screenshot-2025-06-17-at-21.25.53.png\" \/>\n\t<meta property=\"og:image:width\" content=\"1330\" \/>\n\t<meta property=\"og:image:height\" content=\"950\" \/>\n\t<meta property=\"og:image:type\" content=\"image\/png\" \/>\n<meta name=\"twitter:card\" content=\"summary_large_image\" \/>\n<meta name=\"twitter:label1\" content=\"Estimated reading time\" \/>\n\t<meta name=\"twitter:data1\" content=\"3 minutes\" \/>\n<script type=\"application\/ld+json\" class=\"yoast-schema-graph\">{\"@context\":\"https:\/\/schema.org\",\"@graph\":[{\"@type\":[\"WebPage\",\"ItemPage\"],\"@id\":\"https:\/\/ruuby.ee\/pood\/kosmeetika\/kehahooldus\/pestle-mortar-nimbu-luksuslik-kehavoi-200g\/\",\"url\":\"https:\/\/ruuby.ee\/pood\/kosmeetika\/kehahooldus\/pestle-mortar-nimbu-luksuslik-kehavoi-200g\/\",\"name\":\"PESTLE &amp; MORTAR Nimbu luksuslik kehav\u00f5i 200g - RUUBY\",\"isPartOf\":{\"@id\":\"http:\/\/ruuby.ee\/#website\"},\"primaryImageOfPage\":{\"@id\":\"https:\/\/ruuby.ee\/pood\/kosmeetika\/kehahooldus\/pestle-mortar-nimbu-luksuslik-kehavoi-200g\/#primaryimage\"},\"image\":{\"@id\":\"https:\/\/ruuby.ee\/pood\/kosmeetika\/kehahooldus\/pestle-mortar-nimbu-luksuslik-kehavoi-200g\/#primaryimage\"},\"thumbnailUrl\":\"https:\/\/ruuby.ee\/wp-content\/uploads\/2025\/06\/Screenshot-2025-06-17-at-21.25.53.png\",\"datePublished\":\"2025-06-17T17:06:00+00:00\",\"dateModified\":\"2026-04-05T22:26:21+00:00\",\"breadcrumb\":{\"@id\":\"https:\/\/ruuby.ee\/pood\/kosmeetika\/kehahooldus\/pestle-mortar-nimbu-luksuslik-kehavoi-200g\/#breadcrumb\"},\"inLanguage\":\"en-GB\",\"potentialAction\":[{\"@type\":\"ReadAction\",\"target\":[\"https:\/\/ruuby.ee\/pood\/kosmeetika\/kehahooldus\/pestle-mortar-nimbu-luksuslik-kehavoi-200g\/\"]}]},{\"@type\":\"ImageObject\",\"inLanguage\":\"en-GB\",\"@id\":\"https:\/\/ruuby.ee\/pood\/kosmeetika\/kehahooldus\/pestle-mortar-nimbu-luksuslik-kehavoi-200g\/#primaryimage\",\"url\":\"https:\/\/ruuby.ee\/wp-content\/uploads\/2025\/06\/Screenshot-2025-06-17-at-21.25.53.png\",\"contentUrl\":\"https:\/\/ruuby.ee\/wp-content\/uploads\/2025\/06\/Screenshot-2025-06-17-at-21.25.53.png\",\"width\":1330,\"height\":950},{\"@type\":\"BreadcrumbList\",\"@id\":\"https:\/\/ruuby.ee\/pood\/kosmeetika\/kehahooldus\/pestle-mortar-nimbu-luksuslik-kehavoi-200g\/#breadcrumb\",\"itemListElement\":[{\"@type\":\"ListItem\",\"position\":1,\"name\":\"Kdu\",\"item\":\"http:\/\/ruuby.ee\/\"},{\"@type\":\"ListItem\",\"position\":2,\"name\":\"Pood\",\"item\":\"https:\/\/ruuby.ee\/en\/pood\/\"},{\"@type\":\"ListItem\",\"position\":3,\"name\":\"PESTLE &amp; MORTAR Nimbu luksuslik kehav\u00f5i 200g\"}]},{\"@type\":\"WebSite\",\"@id\":\"http:\/\/ruuby.ee\/#website\",\"url\":\"http:\/\/ruuby.ee\/\",\"name\":\"RUUBY\",\"description\":\"Ruubys on \u00fchendatud elustiil ja disain\",\"publisher\":{\"@id\":\"http:\/\/ruuby.ee\/#organization\"},\"alternateName\":\"Ruuby Disain\",\"potentialAction\":[{\"@type\":\"SearchAction\",\"target\":{\"@type\":\"EntryPoint\",\"urlTemplate\":\"http:\/\/ruuby.ee\/?s={search_term_string}\"},\"query-input\":{\"@type\":\"PropertyValueSpecification\",\"valueRequired\":true,\"valueName\":\"search_term_string\"}}],\"inLanguage\":\"en-GB\"},{\"@type\":\"Organization\",\"@id\":\"http:\/\/ruuby.ee\/#organization\",\"name\":\"Ruuby Disain O\u00dc\",\"alternateName\":\"Ruuby\",\"url\":\"http:\/\/ruuby.ee\/\",\"logo\":{\"@type\":\"ImageObject\",\"inLanguage\":\"en-GB\",\"@id\":\"http:\/\/ruuby.ee\/#\/schema\/logo\/image\/\",\"url\":\"https:\/\/ruuby.ee\/wp-content\/uploads\/2023\/06\/cropped-Black-White-Elegant-Circle-Signature-Fashion-Logo-12_large.png\",\"contentUrl\":\"https:\/\/ruuby.ee\/wp-content\/uploads\/2023\/06\/cropped-Black-White-Elegant-Circle-Signature-Fashion-Logo-12_large.png\",\"width\":1280,\"height\":747,\"caption\":\"Ruuby Disain O\u00dc\"},\"image\":{\"@id\":\"http:\/\/ruuby.ee\/#\/schema\/logo\/image\/\"},\"sameAs\":[\"https:\/\/www.facebook.com\/ruubyconcept\",\"https:\/\/www.instagram.com\/ruuby_concept\/\"]}]}<\/script>\n<!-- \/ Yoast SEO plugin. -->","yoast_head_json":{"title":"PESTLE &amp; MORTAR Nimbu luksuslik kehav\u00f5i 200g - RUUBY","robots":{"index":"index","follow":"follow","max-snippet":"max-snippet:-1","max-image-preview":"max-image-preview:large","max-video-preview":"max-video-preview:-1"},"canonical":"https:\/\/ruuby.ee\/en\/pood\/kosmeetika\/kehahooldus\/pestle-mortar-nimbu-luksuslik-kehavoi-200g\/","og_locale":"en_GB","og_type":"article","og_title":"PESTLE &amp; MORTAR Nimbu luksuslik kehav\u00f5i 200g - RUUBY","og_description":"Luksuslik kehav\u00f5i, mis on valmistatud kliiniliselt t\u00f5estatud keramiidikompleksiga ning rikastatud sheav\u00f5i, avokaado\u00f5li ja kurkumiga. Lukustab intensiivselt niiskuse nahka, j\u00e4ttes selle siidiselt pehmeks ja s\u00e4ravaks pealaest jalatallani.","og_url":"https:\/\/ruuby.ee\/en\/pood\/kosmeetika\/kehahooldus\/pestle-mortar-nimbu-luksuslik-kehavoi-200g\/","og_site_name":"RUUBY","article_publisher":"https:\/\/www.facebook.com\/ruubyconcept","article_modified_time":"2026-04-05T22:26:21+00:00","og_image":[{"width":1330,"height":950,"url":"https:\/\/ruuby.ee\/wp-content\/uploads\/2025\/06\/Screenshot-2025-06-17-at-21.25.53.png","type":"image\/png"}],"twitter_card":"summary_large_image","twitter_misc":{"Estimated reading time":"3 minutes"},"schema":{"@context":"https:\/\/schema.org","@graph":[{"@type":["WebPage","ItemPage"],"@id":"https:\/\/ruuby.ee\/pood\/kosmeetika\/kehahooldus\/pestle-mortar-nimbu-luksuslik-kehavoi-200g\/","url":"https:\/\/ruuby.ee\/pood\/kosmeetika\/kehahooldus\/pestle-mortar-nimbu-luksuslik-kehavoi-200g\/","name":"PESTLE &amp; MORTAR Nimbu luksuslik kehav\u00f5i 200g - RUUBY","isPartOf":{"@id":"http:\/\/ruuby.ee\/#website"},"primaryImageOfPage":{"@id":"https:\/\/ruuby.ee\/pood\/kosmeetika\/kehahooldus\/pestle-mortar-nimbu-luksuslik-kehavoi-200g\/#primaryimage"},"image":{"@id":"https:\/\/ruuby.ee\/pood\/kosmeetika\/kehahooldus\/pestle-mortar-nimbu-luksuslik-kehavoi-200g\/#primaryimage"},"thumbnailUrl":"https:\/\/ruuby.ee\/wp-content\/uploads\/2025\/06\/Screenshot-2025-06-17-at-21.25.53.png","datePublished":"2025-06-17T17:06:00+00:00","dateModified":"2026-04-05T22:26:21+00:00","breadcrumb":{"@id":"https:\/\/ruuby.ee\/pood\/kosmeetika\/kehahooldus\/pestle-mortar-nimbu-luksuslik-kehavoi-200g\/#breadcrumb"},"inLanguage":"en-GB","potentialAction":[{"@type":"ReadAction","target":["https:\/\/ruuby.ee\/pood\/kosmeetika\/kehahooldus\/pestle-mortar-nimbu-luksuslik-kehavoi-200g\/"]}]},{"@type":"ImageObject","inLanguage":"en-GB","@id":"https:\/\/ruuby.ee\/pood\/kosmeetika\/kehahooldus\/pestle-mortar-nimbu-luksuslik-kehavoi-200g\/#primaryimage","url":"https:\/\/ruuby.ee\/wp-content\/uploads\/2025\/06\/Screenshot-2025-06-17-at-21.25.53.png","contentUrl":"https:\/\/ruuby.ee\/wp-content\/uploads\/2025\/06\/Screenshot-2025-06-17-at-21.25.53.png","width":1330,"height":950},{"@type":"BreadcrumbList","@id":"https:\/\/ruuby.ee\/pood\/kosmeetika\/kehahooldus\/pestle-mortar-nimbu-luksuslik-kehavoi-200g\/#breadcrumb","itemListElement":[{"@type":"ListItem","position":1,"name":"Kdu","item":"http:\/\/ruuby.ee\/"},{"@type":"ListItem","position":2,"name":"Pood","item":"https:\/\/ruuby.ee\/en\/pood\/"},{"@type":"ListItem","position":3,"name":"PESTLE &amp; MORTAR Nimbu luksuslik kehav\u00f5i 200g"}]},{"@type":"WebSite","@id":"http:\/\/ruuby.ee\/#website","url":"http:\/\/ruuby.ee\/","name":"RUUBY","description":"Ruubys on \u00fchendatud elustiil ja disain","publisher":{"@id":"http:\/\/ruuby.ee\/#organization"},"alternateName":"Ruuby Disain","potentialAction":[{"@type":"SearchAction","target":{"@type":"EntryPoint","urlTemplate":"http:\/\/ruuby.ee\/?s={search_term_string}"},"query-input":{"@type":"PropertyValueSpecification","valueRequired":true,"valueName":"search_term_string"}}],"inLanguage":"en-GB"},{"@type":"Organization","@id":"http:\/\/ruuby.ee\/#organization","name":"Ruuby Disain O\u00dc","alternateName":"Ruuby","url":"http:\/\/ruuby.ee\/","logo":{"@type":"ImageObject","inLanguage":"en-GB","@id":"http:\/\/ruuby.ee\/#\/schema\/logo\/image\/","url":"https:\/\/ruuby.ee\/wp-content\/uploads\/2023\/06\/cropped-Black-White-Elegant-Circle-Signature-Fashion-Logo-12_large.png","contentUrl":"https:\/\/ruuby.ee\/wp-content\/uploads\/2023\/06\/cropped-Black-White-Elegant-Circle-Signature-Fashion-Logo-12_large.png","width":1280,"height":747,"caption":"Ruuby Disain O\u00dc"},"image":{"@id":"http:\/\/ruuby.ee\/#\/schema\/logo\/image\/"},"sameAs":["https:\/\/www.facebook.com\/ruubyconcept","https:\/\/www.instagram.com\/ruuby_concept\/"]}]}},"jetpack_sharing_enabled":true,"_links":{"self":[{"href":"https:\/\/ruuby.ee\/en\/wp-json\/wp\/v2\/product\/1853562","targetHints":{"allow":["GET"]}}],"collection":[{"href":"https:\/\/ruuby.ee\/en\/wp-json\/wp\/v2\/product"}],"about":[{"href":"https:\/\/ruuby.ee\/en\/wp-json\/wp\/v2\/types\/product"}],"replies":[{"embeddable":true,"href":"https:\/\/ruuby.ee\/en\/wp-json\/wp\/v2\/comments?post=1853562"}],"wp:featuredmedia":[{"embeddable":true,"href":"https:\/\/ruuby.ee\/en\/wp-json\/wp\/v2\/media\/1853603"}],"wp:attachment":[{"href":"https:\/\/ruuby.ee\/en\/wp-json\/wp\/v2\/media?parent=1853562"}],"wp:term":[{"taxonomy":"product_brand","embeddable":true,"href":"https:\/\/ruuby.ee\/en\/wp-json\/wp\/v2\/product_brand?post=1853562"},{"taxonomy":"product_cat","embeddable":true,"href":"https:\/\/ruuby.ee\/en\/wp-json\/wp\/v2\/product_cat?post=1853562"},{"taxonomy":"product_tag","embeddable":true,"href":"https:\/\/ruuby.ee\/en\/wp-json\/wp\/v2\/product_tag?post=1853562"}],"curies":[{"name":"wp","href":"https:\/\/api.w.org\/{rel}","templated":true}]}}