{"id":1853561,"date":"2025-06-17T20:05:55","date_gmt":"2025-06-17T17:05:55","guid":{"rendered":"https:\/\/ruuby.ee\/pood\/maaratlemata\/pestle-mortar-huulemask-vanilliga-20g\/"},"modified":"2026-04-05T01:25:20","modified_gmt":"2026-04-04T22:25:20","slug":"pestle-mortar-huulemask-vanilliga-20g","status":"publish","type":"product","link":"https:\/\/ruuby.ee\/en\/pood\/kosmeetika\/huuled\/pestle-mortar-huulemask-vanilliga-20g\/","title":{"rendered":"PESTLE &amp; MORTAR huulemask vanilliga 20g"},"content":{"rendered":"<p>Luksuslik \u00f6ine huulehooldus vanilje aroomiga, mis on segatud huuli pehmendavate taimev\u00f5ide ja koorivate marjaekstraktidega. Toidab ja niisutab huuli s\u00fcgavuti, toetades samal ajal loomulikku uuenemisprotsessi n\u00e4htavalt parema tekstuuri saavutamiseks, ja koorib \u00f5rnalt, et paljastada siledad ja niisutatud huuled.<\/p>\n<p><strong>MIKS SEE ON ERILINE?<\/strong><\/p>\n<p>See luksuslik pealej\u00e4etav huulehooldus taastab kuivad ja l\u00f5henenud huuled ainulaadse looduslike ravivate koostisosade seguga, sealhulgas shea- ja murumuru seemnev\u00f5id, marja- ja puuviljaekstraktid ning E- ja C-vitamiinid. Pehme ja palsamirikka tekstuuriga Chummi huulemask noorendab huuli une ajal, j\u00e4ttes need pehmeks, toidetuks ja niisutatuks. Huuled n\u00e4evad hommikuks pringid, siledad ja terved v\u00e4lja. \u00d5rn koostis sobib ideaalselt igale nahat\u00fc\u00fcbile, tagades teie huultele hellitava ja taastava nahahoolduskogemuse osana teie \u00f5htusest ilurutiinist.<\/p>\n<p><strong>MIDA MEIE KLIENDID SELLEST ARVAVAD?<\/strong><\/p>\n<p>Olen proovinud huulemaske, \u00f5lisid, palsameid, hooldusi ja isegi huulekoorijaid, aga miski pole teinud olulist vahet. Mu huuled on alati kuivad ja \u00e4rritunud v\u00e4limusega. Chummi imendub huultesse ja annab kohest niisutust \u2013 mu huuled n\u00e4evad v\u00e4lja ja tunduvad nii head. Ma ei saa sellest kunagi ilma olla!<\/p>\n<p><strong>KUIDAS KASUTADA?<\/strong><\/p>\n<p>Masseeri rikkalikult puhastele ja kuivadele huultele ning j\u00e4ta peale. Kanna Chummi huulemask otse huultele. Jaota \u00fchtlaselt \u00fclemistele ja alumistele huultele, tagades t\u00e4ieliku katvuse. Kanna \u00f5htul hoolduseks v\u00f5i kasuta vastavalt soovile kogu p\u00e4eva jooksul. Chummi huulemask sobib igale nahat\u00fc\u00fcbile.<\/p>\n<p>&nbsp;<\/p>","protected":false},"excerpt":{"rendered":"<p>Luksuslik \u00f6ine huulehooldus vanilje aroomiga, mis on segatud huuli pehmendavate taimev\u00f5ide ja koorivate marjaekstraktidega.<\/p>","protected":false},"featured_media":1853591,"comment_status":"open","ping_status":"closed","template":"","meta":[],"product_brand":[],"product_cat":[687,25],"product_tag":[130,1049],"class_list":{"0":"post-1853561","1":"product","2":"type-product","3":"status-publish","4":"has-post-thumbnail","6":"product_cat-huuled","7":"product_cat-kosmeetika","8":"product_tag-huulepalsam","9":"product_tag-pestle-mortar","11":"first","12":"instock","13":"taxable","14":"shipping-taxable","15":"purchasable","16":"product-type-simple"},"yoast_head":"<!-- This site is optimized with the Yoast SEO plugin v27.2 - https:\/\/yoast.com\/product\/yoast-seo-wordpress\/ -->\n<title>PESTLE &amp; MORTAR huulemask vanilliga 20g - RUUBY<\/title>\n<meta name=\"robots\" content=\"index, follow, max-snippet:-1, max-image-preview:large, max-video-preview:-1\" \/>\n<link rel=\"canonical\" href=\"https:\/\/ruuby.ee\/en\/pood\/kosmeetika\/huuled\/pestle-mortar-huulemask-vanilliga-20g\/\" \/>\n<meta property=\"og:locale\" content=\"en_GB\" \/>\n<meta property=\"og:type\" content=\"article\" \/>\n<meta property=\"og:title\" content=\"PESTLE &amp; MORTAR huulemask vanilliga 20g - RUUBY\" \/>\n<meta property=\"og:description\" content=\"Luksuslik \u00f6ine huulehooldus vanilje aroomiga, mis on segatud huuli pehmendavate taimev\u00f5ide ja koorivate marjaekstraktidega.\" \/>\n<meta property=\"og:url\" content=\"https:\/\/ruuby.ee\/en\/pood\/kosmeetika\/huuled\/pestle-mortar-huulemask-vanilliga-20g\/\" \/>\n<meta property=\"og:site_name\" content=\"RUUBY\" \/>\n<meta property=\"article:publisher\" content=\"https:\/\/www.facebook.com\/ruubyconcept\" \/>\n<meta property=\"article:modified_time\" content=\"2026-04-04T22:25:20+00:00\" \/>\n<meta property=\"og:image\" content=\"https:\/\/ruuby.ee\/wp-content\/uploads\/2025\/06\/Screenshot-2025-06-17-at-20.46.13.png\" \/>\n\t<meta property=\"og:image:width\" content=\"1346\" \/>\n\t<meta property=\"og:image:height\" content=\"1004\" \/>\n\t<meta property=\"og:image:type\" content=\"image\/png\" \/>\n<meta name=\"twitter:card\" content=\"summary_large_image\" \/>\n<meta name=\"twitter:label1\" content=\"Estimated reading time\" \/>\n\t<meta name=\"twitter:data1\" content=\"2 minutes\" \/>\n<script type=\"application\/ld+json\" class=\"yoast-schema-graph\">{\"@context\":\"https:\/\/schema.org\",\"@graph\":[{\"@type\":[\"WebPage\",\"ItemPage\"],\"@id\":\"https:\/\/ruuby.ee\/en\/pood\/kosmeetika\/huuled\/pestle-mortar-huulemask-vanilliga-20g\/\",\"url\":\"https:\/\/ruuby.ee\/en\/pood\/kosmeetika\/huuled\/pestle-mortar-huulemask-vanilliga-20g\/\",\"name\":\"PESTLE &amp; MORTAR huulemask vanilliga 20g - RUUBY\",\"isPartOf\":{\"@id\":\"http:\/\/ruuby.ee\/#website\"},\"primaryImageOfPage\":{\"@id\":\"https:\/\/ruuby.ee\/en\/pood\/kosmeetika\/huuled\/pestle-mortar-huulemask-vanilliga-20g\/#primaryimage\"},\"image\":{\"@id\":\"https:\/\/ruuby.ee\/en\/pood\/kosmeetika\/huuled\/pestle-mortar-huulemask-vanilliga-20g\/#primaryimage\"},\"thumbnailUrl\":\"https:\/\/ruuby.ee\/wp-content\/uploads\/2025\/06\/Screenshot-2025-06-17-at-20.46.13.png\",\"datePublished\":\"2025-06-17T17:05:55+00:00\",\"dateModified\":\"2026-04-04T22:25:20+00:00\",\"breadcrumb\":{\"@id\":\"https:\/\/ruuby.ee\/en\/pood\/kosmeetika\/huuled\/pestle-mortar-huulemask-vanilliga-20g\/#breadcrumb\"},\"inLanguage\":\"en-GB\",\"potentialAction\":[{\"@type\":\"ReadAction\",\"target\":[\"https:\/\/ruuby.ee\/en\/pood\/kosmeetika\/huuled\/pestle-mortar-huulemask-vanilliga-20g\/\"]}]},{\"@type\":\"ImageObject\",\"inLanguage\":\"en-GB\",\"@id\":\"https:\/\/ruuby.ee\/en\/pood\/kosmeetika\/huuled\/pestle-mortar-huulemask-vanilliga-20g\/#primaryimage\",\"url\":\"https:\/\/ruuby.ee\/wp-content\/uploads\/2025\/06\/Screenshot-2025-06-17-at-20.46.13.png\",\"contentUrl\":\"https:\/\/ruuby.ee\/wp-content\/uploads\/2025\/06\/Screenshot-2025-06-17-at-20.46.13.png\",\"width\":1346,\"height\":1004},{\"@type\":\"BreadcrumbList\",\"@id\":\"https:\/\/ruuby.ee\/en\/pood\/kosmeetika\/huuled\/pestle-mortar-huulemask-vanilliga-20g\/#breadcrumb\",\"itemListElement\":[{\"@type\":\"ListItem\",\"position\":1,\"name\":\"Kdu\",\"item\":\"http:\/\/ruuby.ee\/\"},{\"@type\":\"ListItem\",\"position\":2,\"name\":\"Pood\",\"item\":\"https:\/\/ruuby.ee\/en\/pood\/\"},{\"@type\":\"ListItem\",\"position\":3,\"name\":\"PESTLE &amp; MORTAR huulemask vanilliga 20g\"}]},{\"@type\":\"WebSite\",\"@id\":\"http:\/\/ruuby.ee\/#website\",\"url\":\"http:\/\/ruuby.ee\/\",\"name\":\"RUUBY\",\"description\":\"Ruubys on \u00fchendatud elustiil ja disain\",\"publisher\":{\"@id\":\"http:\/\/ruuby.ee\/#organization\"},\"alternateName\":\"Ruuby Disain\",\"potentialAction\":[{\"@type\":\"SearchAction\",\"target\":{\"@type\":\"EntryPoint\",\"urlTemplate\":\"http:\/\/ruuby.ee\/?s={search_term_string}\"},\"query-input\":{\"@type\":\"PropertyValueSpecification\",\"valueRequired\":true,\"valueName\":\"search_term_string\"}}],\"inLanguage\":\"en-GB\"},{\"@type\":\"Organization\",\"@id\":\"http:\/\/ruuby.ee\/#organization\",\"name\":\"Ruuby Disain O\u00dc\",\"alternateName\":\"Ruuby\",\"url\":\"http:\/\/ruuby.ee\/\",\"logo\":{\"@type\":\"ImageObject\",\"inLanguage\":\"en-GB\",\"@id\":\"http:\/\/ruuby.ee\/#\/schema\/logo\/image\/\",\"url\":\"https:\/\/ruuby.ee\/wp-content\/uploads\/2023\/06\/cropped-Black-White-Elegant-Circle-Signature-Fashion-Logo-12_large.png\",\"contentUrl\":\"https:\/\/ruuby.ee\/wp-content\/uploads\/2023\/06\/cropped-Black-White-Elegant-Circle-Signature-Fashion-Logo-12_large.png\",\"width\":1280,\"height\":747,\"caption\":\"Ruuby Disain O\u00dc\"},\"image\":{\"@id\":\"http:\/\/ruuby.ee\/#\/schema\/logo\/image\/\"},\"sameAs\":[\"https:\/\/www.facebook.com\/ruubyconcept\",\"https:\/\/www.instagram.com\/ruuby_concept\/\"]}]}<\/script>\n<!-- \/ Yoast SEO plugin. -->","yoast_head_json":{"title":"PESTLE &amp; MORTAR huulemask vanilliga 20g - RUUBY","robots":{"index":"index","follow":"follow","max-snippet":"max-snippet:-1","max-image-preview":"max-image-preview:large","max-video-preview":"max-video-preview:-1"},"canonical":"https:\/\/ruuby.ee\/en\/pood\/kosmeetika\/huuled\/pestle-mortar-huulemask-vanilliga-20g\/","og_locale":"en_GB","og_type":"article","og_title":"PESTLE &amp; MORTAR huulemask vanilliga 20g - RUUBY","og_description":"Luksuslik \u00f6ine huulehooldus vanilje aroomiga, mis on segatud huuli pehmendavate taimev\u00f5ide ja koorivate marjaekstraktidega.","og_url":"https:\/\/ruuby.ee\/en\/pood\/kosmeetika\/huuled\/pestle-mortar-huulemask-vanilliga-20g\/","og_site_name":"RUUBY","article_publisher":"https:\/\/www.facebook.com\/ruubyconcept","article_modified_time":"2026-04-04T22:25:20+00:00","og_image":[{"width":1346,"height":1004,"url":"https:\/\/ruuby.ee\/wp-content\/uploads\/2025\/06\/Screenshot-2025-06-17-at-20.46.13.png","type":"image\/png"}],"twitter_card":"summary_large_image","twitter_misc":{"Estimated reading time":"2 minutes"},"schema":{"@context":"https:\/\/schema.org","@graph":[{"@type":["WebPage","ItemPage"],"@id":"https:\/\/ruuby.ee\/en\/pood\/kosmeetika\/huuled\/pestle-mortar-huulemask-vanilliga-20g\/","url":"https:\/\/ruuby.ee\/en\/pood\/kosmeetika\/huuled\/pestle-mortar-huulemask-vanilliga-20g\/","name":"PESTLE &amp; MORTAR huulemask vanilliga 20g - RUUBY","isPartOf":{"@id":"http:\/\/ruuby.ee\/#website"},"primaryImageOfPage":{"@id":"https:\/\/ruuby.ee\/en\/pood\/kosmeetika\/huuled\/pestle-mortar-huulemask-vanilliga-20g\/#primaryimage"},"image":{"@id":"https:\/\/ruuby.ee\/en\/pood\/kosmeetika\/huuled\/pestle-mortar-huulemask-vanilliga-20g\/#primaryimage"},"thumbnailUrl":"https:\/\/ruuby.ee\/wp-content\/uploads\/2025\/06\/Screenshot-2025-06-17-at-20.46.13.png","datePublished":"2025-06-17T17:05:55+00:00","dateModified":"2026-04-04T22:25:20+00:00","breadcrumb":{"@id":"https:\/\/ruuby.ee\/en\/pood\/kosmeetika\/huuled\/pestle-mortar-huulemask-vanilliga-20g\/#breadcrumb"},"inLanguage":"en-GB","potentialAction":[{"@type":"ReadAction","target":["https:\/\/ruuby.ee\/en\/pood\/kosmeetika\/huuled\/pestle-mortar-huulemask-vanilliga-20g\/"]}]},{"@type":"ImageObject","inLanguage":"en-GB","@id":"https:\/\/ruuby.ee\/en\/pood\/kosmeetika\/huuled\/pestle-mortar-huulemask-vanilliga-20g\/#primaryimage","url":"https:\/\/ruuby.ee\/wp-content\/uploads\/2025\/06\/Screenshot-2025-06-17-at-20.46.13.png","contentUrl":"https:\/\/ruuby.ee\/wp-content\/uploads\/2025\/06\/Screenshot-2025-06-17-at-20.46.13.png","width":1346,"height":1004},{"@type":"BreadcrumbList","@id":"https:\/\/ruuby.ee\/en\/pood\/kosmeetika\/huuled\/pestle-mortar-huulemask-vanilliga-20g\/#breadcrumb","itemListElement":[{"@type":"ListItem","position":1,"name":"Kdu","item":"http:\/\/ruuby.ee\/"},{"@type":"ListItem","position":2,"name":"Pood","item":"https:\/\/ruuby.ee\/en\/pood\/"},{"@type":"ListItem","position":3,"name":"PESTLE &amp; MORTAR huulemask vanilliga 20g"}]},{"@type":"WebSite","@id":"http:\/\/ruuby.ee\/#website","url":"http:\/\/ruuby.ee\/","name":"RUUBY","description":"Ruubys on \u00fchendatud elustiil ja disain","publisher":{"@id":"http:\/\/ruuby.ee\/#organization"},"alternateName":"Ruuby Disain","potentialAction":[{"@type":"SearchAction","target":{"@type":"EntryPoint","urlTemplate":"http:\/\/ruuby.ee\/?s={search_term_string}"},"query-input":{"@type":"PropertyValueSpecification","valueRequired":true,"valueName":"search_term_string"}}],"inLanguage":"en-GB"},{"@type":"Organization","@id":"http:\/\/ruuby.ee\/#organization","name":"Ruuby Disain O\u00dc","alternateName":"Ruuby","url":"http:\/\/ruuby.ee\/","logo":{"@type":"ImageObject","inLanguage":"en-GB","@id":"http:\/\/ruuby.ee\/#\/schema\/logo\/image\/","url":"https:\/\/ruuby.ee\/wp-content\/uploads\/2023\/06\/cropped-Black-White-Elegant-Circle-Signature-Fashion-Logo-12_large.png","contentUrl":"https:\/\/ruuby.ee\/wp-content\/uploads\/2023\/06\/cropped-Black-White-Elegant-Circle-Signature-Fashion-Logo-12_large.png","width":1280,"height":747,"caption":"Ruuby Disain O\u00dc"},"image":{"@id":"http:\/\/ruuby.ee\/#\/schema\/logo\/image\/"},"sameAs":["https:\/\/www.facebook.com\/ruubyconcept","https:\/\/www.instagram.com\/ruuby_concept\/"]}]}},"jetpack_sharing_enabled":true,"_links":{"self":[{"href":"https:\/\/ruuby.ee\/en\/wp-json\/wp\/v2\/product\/1853561","targetHints":{"allow":["GET"]}}],"collection":[{"href":"https:\/\/ruuby.ee\/en\/wp-json\/wp\/v2\/product"}],"about":[{"href":"https:\/\/ruuby.ee\/en\/wp-json\/wp\/v2\/types\/product"}],"replies":[{"embeddable":true,"href":"https:\/\/ruuby.ee\/en\/wp-json\/wp\/v2\/comments?post=1853561"}],"wp:featuredmedia":[{"embeddable":true,"href":"https:\/\/ruuby.ee\/en\/wp-json\/wp\/v2\/media\/1853591"}],"wp:attachment":[{"href":"https:\/\/ruuby.ee\/en\/wp-json\/wp\/v2\/media?parent=1853561"}],"wp:term":[{"taxonomy":"product_brand","embeddable":true,"href":"https:\/\/ruuby.ee\/en\/wp-json\/wp\/v2\/product_brand?post=1853561"},{"taxonomy":"product_cat","embeddable":true,"href":"https:\/\/ruuby.ee\/en\/wp-json\/wp\/v2\/product_cat?post=1853561"},{"taxonomy":"product_tag","embeddable":true,"href":"https:\/\/ruuby.ee\/en\/wp-json\/wp\/v2\/product_tag?post=1853561"}],"curies":[{"name":"wp","href":"https:\/\/api.w.org\/{rel}","templated":true}]}}