{"id":1853533,"date":"2025-06-14T15:16:35","date_gmt":"2025-06-14T12:16:35","guid":{"rendered":"https:\/\/ruuby.ee\/pood\/maaratlemata\/luuv-porgandi-kuivoli-sadelusega-pronks\/"},"modified":"2026-04-08T01:28:25","modified_gmt":"2026-04-07T22:28:25","slug":"luuv-porgandi-kuivoli-sadelusega-pronks","status":"publish","type":"product","link":"https:\/\/ruuby.ee\/en\/pood\/kosmeetika\/isepruunistad\/luuv-porgandi-kuivoli-sadelusega-pronks\/","title":{"rendered":"LUUV porgandi kuiv\u00f5li s\u00e4delusega, pronks"},"content":{"rendered":"<p>Pronksjalt s\u00e4delev nahk on vaid k\u00e4eulatuses! LUUV S\u00e4delusega porgandi kuiv\u00f5li on aaloe baasil rikkalikult niisutav vitamiinipommi, mis annab nahale pilkup\u00fc\u00fcdvalt kauni sillerduse. Rohkesti A-vitamiini ja beetakaroteeni sisaldav porgandi\u00f5li muudab naha kaunilt jumekaks, kuid ei oma isepruunistavat efekti.<\/p>\n<p>Porgandi\u00f5lis sisalduvad antioks\u00fcdandid ja E-vitamiin aitavad s\u00e4ilitada naha nooruslikkust, aaloe aga rahustab ja niisutab nahka s\u00fcgavuti ning aitab s\u00e4ilitada selle niiskustaset. Nahk j\u00e4\u00e4b siidiselt pehme, elastne, eluj\u00f5uline ja s\u00e4rav. Kuiv\u00f5li teeb \u00f5rnalt s\u00e4delevaks mica valgustpeegeldavad osakesed, mis on ohutud nii nahale kui keskkonnale. Sobib ideaalselt k\u00f5ikidele nahat\u00fc\u00fcpidele, ei ummista nahapoore ning sobib igap\u00e4evaseks kasutamiseks. Geelja tekstuuriga kuiv\u00f5li libiseb sulgkergelt \u00fcle naha, imendub kiiresti ning ei j\u00e4ta nahka kleepuvaks ega \u00f5liseks.<\/p>\n<p>Loksuta pudelit enne kasutamist.<br \/>\nM\u00e4\u00e4ri sobiv kogus toodet puhtale nahale.<\/p>\n<p><strong>Porgandi\u00f5li<\/strong> (t\u00e4psemalt porgandi seemne\u00f5li) sisaldab palju karoteeni, mis annab jumet parandava efekti. Porgandi\u00f5li on alati mingis kandja\u00f5lis (st lahjendatuna) kuna iseseisvalt on ta liiga intensiivne. Sisaldab rohkelt A-vitamiini. Porganid\u00f5li looduslik SPF on u 40 aga kuna ta on lahjendatud siis j\u00e4\u00e4b u SPF 10.<\/p>\n<p><strong>Aaloet<\/strong> on kasutatud rahvameditisiinis juba sajandeid. Aaloe on v\u00e4ga hea naha niisutaja ja \u00e4rrituste leevendaja, seep\u00e4rast aitab ka suurep\u00e4raselt p\u00e4ikesep\u00f5letuse puhul. Aaloe on rahustava toimega ja kannab hapnikku nahas. Teeb naha siidiseks ja pehmeks.<\/p>\n<p><strong>Apelsini eeterlikku \u00f5li<\/strong> kasutatakse enamasti toote l\u00f5hnastamiseks \u2013 v\u00e4rske, magusa tsitruselise aroomiga. Eeterlikud \u00f5lid on v\u00f5imelised l\u00e4bi naha minema. Annab kohese tujut\u00f5stva, energiat andva tunde. Tsitrused sobivad naha kirgastamiseks.<\/p>\n<p><span data-sheets-root=\"1\" data-sheets-value=\"{&quot;1&quot;:2,&quot;2&quot;:&quot;Karamell, meie kasutame tooni andmiseks (isepruunistavas vahus, Pronksi kuiv\u00f5lis), 100% looduslik v\u00e4rv, tavatoodetes kasutatakse s\u00fcnteetilisi v\u00e4rve. Omab ka m\u00f5nusat karamellist aroomi. Keskkonnas\u00f5bralik valik.&quot;}\" data-sheets-userformat=\"{&quot;2&quot;:316,&quot;5&quot;:{&quot;1&quot;:[{&quot;1&quot;:2,&quot;2&quot;:0,&quot;5&quot;:{&quot;1&quot;:2,&quot;2&quot;:0}},{&quot;1&quot;:0,&quot;2&quot;:0,&quot;3&quot;:3},{&quot;1&quot;:1,&quot;2&quot;:0,&quot;4&quot;:1}]},&quot;6&quot;:{&quot;1&quot;:[{&quot;1&quot;:2,&quot;2&quot;:0,&quot;5&quot;:{&quot;1&quot;:2,&quot;2&quot;:0}},{&quot;1&quot;:0,&quot;2&quot;:0,&quot;3&quot;:3},{&quot;1&quot;:1,&quot;2&quot;:0,&quot;4&quot;:1}]},&quot;7&quot;:{&quot;1&quot;:[{&quot;1&quot;:2,&quot;2&quot;:0,&quot;5&quot;:{&quot;1&quot;:2,&quot;2&quot;:0}},{&quot;1&quot;:0,&quot;2&quot;:0,&quot;3&quot;:3},{&quot;1&quot;:1,&quot;2&quot;:0,&quot;4&quot;:1}]},&quot;8&quot;:{&quot;1&quot;:[{&quot;1&quot;:2,&quot;2&quot;:0,&quot;5&quot;:{&quot;1&quot;:2,&quot;2&quot;:0}},{&quot;1&quot;:0,&quot;2&quot;:0,&quot;3&quot;:3},{&quot;1&quot;:1,&quot;2&quot;:0,&quot;4&quot;:1}]},&quot;11&quot;:4}\" data-sheets-formula=\"=VLOOKUP(R[0]C[-1],Tooraine!C[-1]:C[0],2,FALSE)\"><strong>Karamelli <\/strong>kasutame tooni andmiseks (isepruunistavas vahus, Pronksi kuiv\u00f5lis), 100% looduslik v\u00e4rv. Omab ka m\u00f5nusat karamellist aroomi. Keskkonnas\u00f5bralik valik.<\/span><\/p>\n<p><strong>Koostisosad<\/strong>: INCI: Aqua, Helianthus Annuus&amp;Beta Carotene (Carrot oil), Aloe Barbadensis Leaf Juice, Citrus Reticulata (Mandarin oil), Citrus Sinensis (Orange oil), Xanthan Gum, Sodium Benzoate, Potassium Sorbate, Citric Acid, Mica and Titanium Dioxide, CI: 77491, Parfum, Citral, Limonene, Linalool<\/p>\n<p>100% vegan<\/p>\n","protected":false},"excerpt":{"rendered":"<ul>\n<li>Niisutab s\u00fcgavuti<\/li>\n<li aria-level=\"1\">Parandab naha elastsust<\/li>\n<li aria-level=\"1\">Parandab jumet<\/li>\n<li aria-level=\"1\">Geeljas tekstuur<\/li>\n<li aria-level=\"1\">Imendub kiiresti<\/li>\n<li aria-level=\"1\">Mahapestav s\u00e4delus<\/li>\n<li aria-level=\"1\">K\u00f5igile nahat\u00fc\u00fcpidele<\/li>\n<li aria-level=\"1\">Looduslik SPF10<\/li>\n<\/ul>","protected":false},"featured_media":1853534,"comment_status":"open","ping_status":"closed","template":"","meta":[],"product_brand":[],"product_cat":[689,25],"product_tag":[700],"class_list":{"0":"post-1853533","1":"product","2":"type-product","3":"status-publish","4":"has-post-thumbnail","6":"product_cat-isepruunistad","7":"product_cat-kosmeetika","8":"product_tag-luuv","10":"first","11":"outofstock","12":"taxable","13":"shipping-taxable","14":"purchasable","15":"product-type-simple"},"yoast_head":"<!-- This site is optimized with the Yoast SEO plugin v27.3 - https:\/\/yoast.com\/product\/yoast-seo-wordpress\/ -->\n<title>LUUV porgandi kuiv\u00f5li s\u00e4delusega, pronks - RUUBY<\/title>\n<meta name=\"robots\" content=\"index, follow, max-snippet:-1, max-image-preview:large, max-video-preview:-1\" \/>\n<link rel=\"canonical\" href=\"https:\/\/ruuby.ee\/en\/pood\/kosmeetika\/isepruunistad\/luuv-porgandi-kuivoli-sadelusega-pronks\/\" \/>\n<meta property=\"og:locale\" content=\"en_GB\" \/>\n<meta property=\"og:type\" content=\"article\" \/>\n<meta property=\"og:title\" content=\"LUUV porgandi kuiv\u00f5li s\u00e4delusega, pronks - RUUBY\" \/>\n<meta property=\"og:description\" content=\"Niisutab s\u00fcgavuti  Parandab naha elastsust  Parandab jumet  Geeljas tekstuur  Imendub kiiresti  Mahapestav s\u00e4delus  K\u00f5igile nahat\u00fc\u00fcpidele  Looduslik SPF10\" \/>\n<meta property=\"og:url\" content=\"https:\/\/ruuby.ee\/en\/pood\/kosmeetika\/isepruunistad\/luuv-porgandi-kuivoli-sadelusega-pronks\/\" \/>\n<meta property=\"og:site_name\" content=\"RUUBY\" \/>\n<meta property=\"article:publisher\" content=\"https:\/\/www.facebook.com\/ruubyconcept\" \/>\n<meta property=\"article:modified_time\" content=\"2026-04-07T22:28:25+00:00\" \/>\n<meta property=\"og:image\" content=\"https:\/\/ruuby.ee\/wp-content\/uploads\/2025\/06\/Screenshot-2025-06-14-at-15.17.22-772x1024.png\" \/>\n\t<meta property=\"og:image:width\" content=\"772\" \/>\n\t<meta property=\"og:image:height\" content=\"1024\" \/>\n\t<meta property=\"og:image:type\" content=\"image\/png\" \/>\n<meta name=\"twitter:card\" content=\"summary_large_image\" \/>\n<meta name=\"twitter:label1\" content=\"Estimated reading time\" \/>\n\t<meta name=\"twitter:data1\" content=\"2 minutes\" \/>\n<script type=\"application\/ld+json\" class=\"yoast-schema-graph\">{\"@context\":\"https:\\\/\\\/schema.org\",\"@graph\":[{\"@type\":[\"WebPage\",\"ItemPage\"],\"@id\":\"https:\\\/\\\/ruuby.ee\\\/pood\\\/kosmeetika\\\/isepruunistad\\\/luuv-porgandi-kuivoli-sadelusega-pronks\\\/\",\"url\":\"https:\\\/\\\/ruuby.ee\\\/pood\\\/kosmeetika\\\/isepruunistad\\\/luuv-porgandi-kuivoli-sadelusega-pronks\\\/\",\"name\":\"LUUV porgandi kuiv\u00f5li s\u00e4delusega, pronks - RUUBY\",\"isPartOf\":{\"@id\":\"http:\\\/\\\/ruuby.ee\\\/#website\"},\"primaryImageOfPage\":{\"@id\":\"https:\\\/\\\/ruuby.ee\\\/pood\\\/kosmeetika\\\/isepruunistad\\\/luuv-porgandi-kuivoli-sadelusega-pronks\\\/#primaryimage\"},\"image\":{\"@id\":\"https:\\\/\\\/ruuby.ee\\\/pood\\\/kosmeetika\\\/isepruunistad\\\/luuv-porgandi-kuivoli-sadelusega-pronks\\\/#primaryimage\"},\"thumbnailUrl\":\"https:\\\/\\\/ruuby.ee\\\/wp-content\\\/uploads\\\/2025\\\/06\\\/Screenshot-2025-06-14-at-15.17.22.png\",\"datePublished\":\"2025-06-14T12:16:35+00:00\",\"dateModified\":\"2026-04-07T22:28:25+00:00\",\"breadcrumb\":{\"@id\":\"https:\\\/\\\/ruuby.ee\\\/pood\\\/kosmeetika\\\/isepruunistad\\\/luuv-porgandi-kuivoli-sadelusega-pronks\\\/#breadcrumb\"},\"inLanguage\":\"en-GB\",\"potentialAction\":[{\"@type\":\"ReadAction\",\"target\":[\"https:\\\/\\\/ruuby.ee\\\/pood\\\/kosmeetika\\\/isepruunistad\\\/luuv-porgandi-kuivoli-sadelusega-pronks\\\/\"]}]},{\"@type\":\"ImageObject\",\"inLanguage\":\"en-GB\",\"@id\":\"https:\\\/\\\/ruuby.ee\\\/pood\\\/kosmeetika\\\/isepruunistad\\\/luuv-porgandi-kuivoli-sadelusega-pronks\\\/#primaryimage\",\"url\":\"https:\\\/\\\/ruuby.ee\\\/wp-content\\\/uploads\\\/2025\\\/06\\\/Screenshot-2025-06-14-at-15.17.22.png\",\"contentUrl\":\"https:\\\/\\\/ruuby.ee\\\/wp-content\\\/uploads\\\/2025\\\/06\\\/Screenshot-2025-06-14-at-15.17.22.png\",\"width\":856,\"height\":1136},{\"@type\":\"BreadcrumbList\",\"@id\":\"https:\\\/\\\/ruuby.ee\\\/pood\\\/kosmeetika\\\/isepruunistad\\\/luuv-porgandi-kuivoli-sadelusega-pronks\\\/#breadcrumb\",\"itemListElement\":[{\"@type\":\"ListItem\",\"position\":1,\"name\":\"Kdu\",\"item\":\"http:\\\/\\\/ruuby.ee\\\/\"},{\"@type\":\"ListItem\",\"position\":2,\"name\":\"Pood\",\"item\":\"http:\\\/\\\/ruuby.ee\\\/pood\\\/\"},{\"@type\":\"ListItem\",\"position\":3,\"name\":\"LUUV porgandi kuiv\u00f5li s\u00e4delusega, pronks\"}]},{\"@type\":\"WebSite\",\"@id\":\"http:\\\/\\\/ruuby.ee\\\/#website\",\"url\":\"http:\\\/\\\/ruuby.ee\\\/\",\"name\":\"RUUBY\",\"description\":\"Ruubys on \u00fchendatud elustiil ja disain\",\"publisher\":{\"@id\":\"http:\\\/\\\/ruuby.ee\\\/#organization\"},\"alternateName\":\"Ruuby Disain\",\"potentialAction\":[{\"@type\":\"SearchAction\",\"target\":{\"@type\":\"EntryPoint\",\"urlTemplate\":\"http:\\\/\\\/ruuby.ee\\\/?s={search_term_string}\"},\"query-input\":{\"@type\":\"PropertyValueSpecification\",\"valueRequired\":true,\"valueName\":\"search_term_string\"}}],\"inLanguage\":\"en-GB\"},{\"@type\":\"Organization\",\"@id\":\"http:\\\/\\\/ruuby.ee\\\/#organization\",\"name\":\"Ruuby Disain O\u00dc\",\"alternateName\":\"Ruuby\",\"url\":\"http:\\\/\\\/ruuby.ee\\\/\",\"logo\":{\"@type\":\"ImageObject\",\"inLanguage\":\"en-GB\",\"@id\":\"http:\\\/\\\/ruuby.ee\\\/#\\\/schema\\\/logo\\\/image\\\/\",\"url\":\"https:\\\/\\\/ruuby.ee\\\/wp-content\\\/uploads\\\/2023\\\/06\\\/cropped-Black-White-Elegant-Circle-Signature-Fashion-Logo-12_large.png\",\"contentUrl\":\"https:\\\/\\\/ruuby.ee\\\/wp-content\\\/uploads\\\/2023\\\/06\\\/cropped-Black-White-Elegant-Circle-Signature-Fashion-Logo-12_large.png\",\"width\":1280,\"height\":747,\"caption\":\"Ruuby Disain O\u00dc\"},\"image\":{\"@id\":\"http:\\\/\\\/ruuby.ee\\\/#\\\/schema\\\/logo\\\/image\\\/\"},\"sameAs\":[\"https:\\\/\\\/www.facebook.com\\\/ruubyconcept\",\"https:\\\/\\\/www.instagram.com\\\/ruuby_concept\\\/\"]}]}<\/script>\n<!-- \/ Yoast SEO plugin. -->","yoast_head_json":{"title":"LUUV porgandi kuiv\u00f5li s\u00e4delusega, pronks - RUUBY","robots":{"index":"index","follow":"follow","max-snippet":"max-snippet:-1","max-image-preview":"max-image-preview:large","max-video-preview":"max-video-preview:-1"},"canonical":"https:\/\/ruuby.ee\/en\/pood\/kosmeetika\/isepruunistad\/luuv-porgandi-kuivoli-sadelusega-pronks\/","og_locale":"en_GB","og_type":"article","og_title":"LUUV porgandi kuiv\u00f5li s\u00e4delusega, pronks - RUUBY","og_description":"Niisutab s\u00fcgavuti  Parandab naha elastsust  Parandab jumet  Geeljas tekstuur  Imendub kiiresti  Mahapestav s\u00e4delus  K\u00f5igile nahat\u00fc\u00fcpidele  Looduslik SPF10","og_url":"https:\/\/ruuby.ee\/en\/pood\/kosmeetika\/isepruunistad\/luuv-porgandi-kuivoli-sadelusega-pronks\/","og_site_name":"RUUBY","article_publisher":"https:\/\/www.facebook.com\/ruubyconcept","article_modified_time":"2026-04-07T22:28:25+00:00","og_image":[{"width":772,"height":1024,"url":"https:\/\/ruuby.ee\/wp-content\/uploads\/2025\/06\/Screenshot-2025-06-14-at-15.17.22-772x1024.png","type":"image\/png"}],"twitter_card":"summary_large_image","twitter_misc":{"Estimated reading time":"2 minutes"},"schema":{"@context":"https:\/\/schema.org","@graph":[{"@type":["WebPage","ItemPage"],"@id":"https:\/\/ruuby.ee\/pood\/kosmeetika\/isepruunistad\/luuv-porgandi-kuivoli-sadelusega-pronks\/","url":"https:\/\/ruuby.ee\/pood\/kosmeetika\/isepruunistad\/luuv-porgandi-kuivoli-sadelusega-pronks\/","name":"LUUV porgandi kuiv\u00f5li s\u00e4delusega, pronks - RUUBY","isPartOf":{"@id":"http:\/\/ruuby.ee\/#website"},"primaryImageOfPage":{"@id":"https:\/\/ruuby.ee\/pood\/kosmeetika\/isepruunistad\/luuv-porgandi-kuivoli-sadelusega-pronks\/#primaryimage"},"image":{"@id":"https:\/\/ruuby.ee\/pood\/kosmeetika\/isepruunistad\/luuv-porgandi-kuivoli-sadelusega-pronks\/#primaryimage"},"thumbnailUrl":"https:\/\/ruuby.ee\/wp-content\/uploads\/2025\/06\/Screenshot-2025-06-14-at-15.17.22.png","datePublished":"2025-06-14T12:16:35+00:00","dateModified":"2026-04-07T22:28:25+00:00","breadcrumb":{"@id":"https:\/\/ruuby.ee\/pood\/kosmeetika\/isepruunistad\/luuv-porgandi-kuivoli-sadelusega-pronks\/#breadcrumb"},"inLanguage":"en-GB","potentialAction":[{"@type":"ReadAction","target":["https:\/\/ruuby.ee\/pood\/kosmeetika\/isepruunistad\/luuv-porgandi-kuivoli-sadelusega-pronks\/"]}]},{"@type":"ImageObject","inLanguage":"en-GB","@id":"https:\/\/ruuby.ee\/pood\/kosmeetika\/isepruunistad\/luuv-porgandi-kuivoli-sadelusega-pronks\/#primaryimage","url":"https:\/\/ruuby.ee\/wp-content\/uploads\/2025\/06\/Screenshot-2025-06-14-at-15.17.22.png","contentUrl":"https:\/\/ruuby.ee\/wp-content\/uploads\/2025\/06\/Screenshot-2025-06-14-at-15.17.22.png","width":856,"height":1136},{"@type":"BreadcrumbList","@id":"https:\/\/ruuby.ee\/pood\/kosmeetika\/isepruunistad\/luuv-porgandi-kuivoli-sadelusega-pronks\/#breadcrumb","itemListElement":[{"@type":"ListItem","position":1,"name":"Kdu","item":"http:\/\/ruuby.ee\/"},{"@type":"ListItem","position":2,"name":"Pood","item":"http:\/\/ruuby.ee\/pood\/"},{"@type":"ListItem","position":3,"name":"LUUV porgandi kuiv\u00f5li s\u00e4delusega, pronks"}]},{"@type":"WebSite","@id":"http:\/\/ruuby.ee\/#website","url":"http:\/\/ruuby.ee\/","name":"RUUBY","description":"Ruubys on \u00fchendatud elustiil ja disain","publisher":{"@id":"http:\/\/ruuby.ee\/#organization"},"alternateName":"Ruuby Disain","potentialAction":[{"@type":"SearchAction","target":{"@type":"EntryPoint","urlTemplate":"http:\/\/ruuby.ee\/?s={search_term_string}"},"query-input":{"@type":"PropertyValueSpecification","valueRequired":true,"valueName":"search_term_string"}}],"inLanguage":"en-GB"},{"@type":"Organization","@id":"http:\/\/ruuby.ee\/#organization","name":"Ruuby Disain O\u00dc","alternateName":"Ruuby","url":"http:\/\/ruuby.ee\/","logo":{"@type":"ImageObject","inLanguage":"en-GB","@id":"http:\/\/ruuby.ee\/#\/schema\/logo\/image\/","url":"https:\/\/ruuby.ee\/wp-content\/uploads\/2023\/06\/cropped-Black-White-Elegant-Circle-Signature-Fashion-Logo-12_large.png","contentUrl":"https:\/\/ruuby.ee\/wp-content\/uploads\/2023\/06\/cropped-Black-White-Elegant-Circle-Signature-Fashion-Logo-12_large.png","width":1280,"height":747,"caption":"Ruuby Disain O\u00dc"},"image":{"@id":"http:\/\/ruuby.ee\/#\/schema\/logo\/image\/"},"sameAs":["https:\/\/www.facebook.com\/ruubyconcept","https:\/\/www.instagram.com\/ruuby_concept\/"]}]}},"jetpack_sharing_enabled":true,"_links":{"self":[{"href":"https:\/\/ruuby.ee\/en\/wp-json\/wp\/v2\/product\/1853533","targetHints":{"allow":["GET"]}}],"collection":[{"href":"https:\/\/ruuby.ee\/en\/wp-json\/wp\/v2\/product"}],"about":[{"href":"https:\/\/ruuby.ee\/en\/wp-json\/wp\/v2\/types\/product"}],"replies":[{"embeddable":true,"href":"https:\/\/ruuby.ee\/en\/wp-json\/wp\/v2\/comments?post=1853533"}],"wp:featuredmedia":[{"embeddable":true,"href":"https:\/\/ruuby.ee\/en\/wp-json\/wp\/v2\/media\/1853534"}],"wp:attachment":[{"href":"https:\/\/ruuby.ee\/en\/wp-json\/wp\/v2\/media?parent=1853533"}],"wp:term":[{"taxonomy":"product_brand","embeddable":true,"href":"https:\/\/ruuby.ee\/en\/wp-json\/wp\/v2\/product_brand?post=1853533"},{"taxonomy":"product_cat","embeddable":true,"href":"https:\/\/ruuby.ee\/en\/wp-json\/wp\/v2\/product_cat?post=1853533"},{"taxonomy":"product_tag","embeddable":true,"href":"https:\/\/ruuby.ee\/en\/wp-json\/wp\/v2\/product_tag?post=1853533"}],"curies":[{"name":"wp","href":"https:\/\/api.w.org\/{rel}","templated":true}]}}