{"id":1853516,"date":"2025-06-13T13:32:45","date_gmt":"2025-06-13T10:32:45","guid":{"rendered":"https:\/\/ruuby.ee\/pood\/maaratlemata\/ayaida-haara-kaasa-kohvitops-cream-beige-500ml\/"},"modified":"2026-04-05T01:25:20","modified_gmt":"2026-04-04T22:25:20","slug":"ayaida-haara-kaasa-kohvitops-cream-beige-500ml","status":"publish","type":"product","link":"https:\/\/ruuby.ee\/en\/pood\/aksessuaarid\/joogipudelid-ja-haara-kaasa-valik\/kohvitopsid\/ayaida-haara-kaasa-kohvitops-cream-beige-500ml\/","title":{"rendered":"AYA&amp;IDA \u2013 haara kaasa kohvitops, Cream Beige, 500ml"},"content":{"rendered":"<p>AYA&amp;IDA CUP2GO on ilus ja praktiline alternatiiv \u00fchekordselt kasutatavatele plastikkaanega tassidele.<\/p>\n<p>Selle tassiga tahame teha oma klientidele iga p\u00e4ev j\u00e4tkusuutlike valikute tegemise lihtsaks.<\/p>\n<p>AYA&amp;IDA CUP2GO v\u00f5imaldab teil liikvel olles nautida tassikest sooja kohvi v\u00f5i teed, aidates samal ajal planeedil hingata. Korduvkasutatav CUP2GO on loodud teid silmas pidades ja sellel on praktiline kaas, millest on mugav juua, kuid mis on siiski 100% lekkekindel. Tass on disainitud Taanis, v\u00e4rvides, mis sobivad meie populaarsete joogipudelitega.<\/p>\n<p>CUP2GO on toodetud samade p\u00f5him\u00f5tete j\u00e4rgi nagu meie AYA&amp;IDA joogipudelid. Tooted on kahekordse seinaga ja kaetud vasekihiga, mis t\u00e4hendab, et see mitte ainult ei hoia soojust, vaid tagab ka selle, et CUP2GO ei l\u00e4he k\u00e4es hoidmiseks liiga kuumaks. Samal ajal on CUP2GO suurus valitud nii, et see sobiks enamiku autode topsihoidjatega. See istub h\u00e4sti k\u00e4es ja kaunis pulberv\u00e4rvimine muudab tassi vastupidavaks ning annab teile ainulaadse ja elegantse v\u00e4limuse.<\/p>\n<p>Mahutavus 500 ml<\/p>\n<p>AYA&amp;IDA sihtasutus annetab iga m\u00fc\u00fcdud AYA&amp;IDA toote eest 100 liitrit puhast vett maailma k\u00f5ige haavatavamatele lastele.<\/p>","protected":false},"excerpt":{"rendered":"<p>AYA&amp;IDA CUP2GO on ilus ja praktiline alternatiiv \u00fchekordselt kasutatavatele plastikkaanega tassidele. Selle tassiga tahame teha oma klientidele iga p\u00e4ev j\u00e4tkusuutlike valikute tegemise lihtsaks. AYA&amp;IDA CUP2GO v\u00f5imaldab teil liikvel olles nautida tassikest sooja kohvi v\u00f5i teed, aidates samal ajal planeedil hingata. Korduvkasutatav CUP2GO on loodud teid silmas pidades ja sellel on praktiline kaas, millest on mugav [&hellip;]<\/p>\n","protected":false},"featured_media":1853517,"comment_status":"open","ping_status":"closed","template":"","meta":[],"product_brand":[],"product_cat":[43,463,837],"product_tag":[461,468],"class_list":{"0":"post-1853516","1":"product","2":"type-product","3":"status-publish","4":"has-post-thumbnail","6":"product_cat-aksessuaarid","7":"product_cat-joogipudelid-ja-haara-kaasa-valik","8":"product_cat-kohvitopsid","9":"product_tag-ayaida","10":"product_tag-kohvitops","12":"first","13":"instock","14":"taxable","15":"shipping-taxable","16":"purchasable","17":"product-type-simple"},"yoast_head":"<!-- This site is optimized with the Yoast SEO plugin v27.2 - https:\/\/yoast.com\/product\/yoast-seo-wordpress\/ -->\n<title>AYA&amp;IDA \u2013 haara kaasa kohvitops, Cream Beige, 500ml - RUUBY<\/title>\n<meta name=\"robots\" content=\"index, follow, max-snippet:-1, max-image-preview:large, max-video-preview:-1\" \/>\n<link rel=\"canonical\" href=\"http:\/\/ruuby.ee\/en\/pood\/aksessuaarid\/joogipudelid-ja-haara-kaasa-valik\/kohvitopsid\/ayaida-haara-kaasa-kohvitops-cream-beige-500ml\/\" \/>\n<meta property=\"og:locale\" content=\"en_GB\" \/>\n<meta property=\"og:type\" content=\"article\" \/>\n<meta property=\"og:title\" content=\"AYA&amp;IDA \u2013 haara kaasa kohvitops, Cream Beige, 500ml - RUUBY\" \/>\n<meta property=\"og:description\" content=\"AYA&amp;IDA CUP2GO on ilus ja praktiline alternatiiv \u00fchekordselt kasutatavatele plastikkaanega tassidele. Selle tassiga tahame teha oma klientidele iga p\u00e4ev j\u00e4tkusuutlike valikute tegemise lihtsaks. AYA&amp;IDA CUP2GO v\u00f5imaldab teil liikvel olles nautida tassikest sooja kohvi v\u00f5i teed, aidates samal ajal planeedil hingata. Korduvkasutatav CUP2GO on loodud teid silmas pidades ja sellel on praktiline kaas, millest on mugav [&hellip;]\" \/>\n<meta property=\"og:url\" content=\"http:\/\/ruuby.ee\/en\/pood\/aksessuaarid\/joogipudelid-ja-haara-kaasa-valik\/kohvitopsid\/ayaida-haara-kaasa-kohvitops-cream-beige-500ml\/\" \/>\n<meta property=\"og:site_name\" content=\"RUUBY\" \/>\n<meta property=\"article:publisher\" content=\"https:\/\/www.facebook.com\/ruubyconcept\" \/>\n<meta property=\"article:modified_time\" content=\"2026-04-04T22:25:20+00:00\" \/>\n<meta property=\"og:image\" content=\"http:\/\/ruuby.ee\/wp-content\/uploads\/2025\/06\/Screenshot-2025-06-13-at-13.34.19.png\" \/>\n\t<meta property=\"og:image:width\" content=\"732\" \/>\n\t<meta property=\"og:image:height\" content=\"834\" \/>\n\t<meta property=\"og:image:type\" content=\"image\/png\" \/>\n<meta name=\"twitter:card\" content=\"summary_large_image\" \/>\n<meta name=\"twitter:label1\" content=\"Estimated reading time\" \/>\n\t<meta name=\"twitter:data1\" content=\"2 minutes\" \/>\n<script type=\"application\/ld+json\" class=\"yoast-schema-graph\">{\"@context\":\"https:\/\/schema.org\",\"@graph\":[{\"@type\":[\"WebPage\",\"ItemPage\"],\"@id\":\"http:\/\/ruuby.ee\/pood\/aksessuaarid\/joogipudelid-ja-haara-kaasa-valik\/kohvitopsid\/ayaida-haara-kaasa-kohvitops-cream-beige-500ml\/\",\"url\":\"http:\/\/ruuby.ee\/pood\/aksessuaarid\/joogipudelid-ja-haara-kaasa-valik\/kohvitopsid\/ayaida-haara-kaasa-kohvitops-cream-beige-500ml\/\",\"name\":\"AYA&amp;IDA \u2013 haara kaasa kohvitops, Cream Beige, 500ml - RUUBY\",\"isPartOf\":{\"@id\":\"http:\/\/ruuby.ee\/#website\"},\"primaryImageOfPage\":{\"@id\":\"http:\/\/ruuby.ee\/pood\/aksessuaarid\/joogipudelid-ja-haara-kaasa-valik\/kohvitopsid\/ayaida-haara-kaasa-kohvitops-cream-beige-500ml\/#primaryimage\"},\"image\":{\"@id\":\"http:\/\/ruuby.ee\/pood\/aksessuaarid\/joogipudelid-ja-haara-kaasa-valik\/kohvitopsid\/ayaida-haara-kaasa-kohvitops-cream-beige-500ml\/#primaryimage\"},\"thumbnailUrl\":\"https:\/\/ruuby.ee\/wp-content\/uploads\/2025\/06\/Screenshot-2025-06-13-at-13.34.19.png\",\"datePublished\":\"2025-06-13T10:32:45+00:00\",\"dateModified\":\"2026-04-04T22:25:20+00:00\",\"breadcrumb\":{\"@id\":\"http:\/\/ruuby.ee\/pood\/aksessuaarid\/joogipudelid-ja-haara-kaasa-valik\/kohvitopsid\/ayaida-haara-kaasa-kohvitops-cream-beige-500ml\/#breadcrumb\"},\"inLanguage\":\"en-GB\",\"potentialAction\":[{\"@type\":\"ReadAction\",\"target\":[\"http:\/\/ruuby.ee\/pood\/aksessuaarid\/joogipudelid-ja-haara-kaasa-valik\/kohvitopsid\/ayaida-haara-kaasa-kohvitops-cream-beige-500ml\/\"]}]},{\"@type\":\"ImageObject\",\"inLanguage\":\"en-GB\",\"@id\":\"http:\/\/ruuby.ee\/pood\/aksessuaarid\/joogipudelid-ja-haara-kaasa-valik\/kohvitopsid\/ayaida-haara-kaasa-kohvitops-cream-beige-500ml\/#primaryimage\",\"url\":\"https:\/\/ruuby.ee\/wp-content\/uploads\/2025\/06\/Screenshot-2025-06-13-at-13.34.19.png\",\"contentUrl\":\"https:\/\/ruuby.ee\/wp-content\/uploads\/2025\/06\/Screenshot-2025-06-13-at-13.34.19.png\",\"width\":732,\"height\":834},{\"@type\":\"BreadcrumbList\",\"@id\":\"http:\/\/ruuby.ee\/pood\/aksessuaarid\/joogipudelid-ja-haara-kaasa-valik\/kohvitopsid\/ayaida-haara-kaasa-kohvitops-cream-beige-500ml\/#breadcrumb\",\"itemListElement\":[{\"@type\":\"ListItem\",\"position\":1,\"name\":\"Kdu\",\"item\":\"http:\/\/ruuby.ee\/\"},{\"@type\":\"ListItem\",\"position\":2,\"name\":\"Pood\",\"item\":\"https:\/\/ruuby.ee\/en\/pood\/\"},{\"@type\":\"ListItem\",\"position\":3,\"name\":\"AYA&amp;IDA \u2013 haara kaasa kohvitops, Cream Beige, 500ml\"}]},{\"@type\":\"WebSite\",\"@id\":\"http:\/\/ruuby.ee\/#website\",\"url\":\"http:\/\/ruuby.ee\/\",\"name\":\"RUUBY\",\"description\":\"Ruubys on \u00fchendatud elustiil ja disain\",\"publisher\":{\"@id\":\"http:\/\/ruuby.ee\/#organization\"},\"alternateName\":\"Ruuby Disain\",\"potentialAction\":[{\"@type\":\"SearchAction\",\"target\":{\"@type\":\"EntryPoint\",\"urlTemplate\":\"http:\/\/ruuby.ee\/?s={search_term_string}\"},\"query-input\":{\"@type\":\"PropertyValueSpecification\",\"valueRequired\":true,\"valueName\":\"search_term_string\"}}],\"inLanguage\":\"en-GB\"},{\"@type\":\"Organization\",\"@id\":\"http:\/\/ruuby.ee\/#organization\",\"name\":\"Ruuby Disain O\u00dc\",\"alternateName\":\"Ruuby\",\"url\":\"http:\/\/ruuby.ee\/\",\"logo\":{\"@type\":\"ImageObject\",\"inLanguage\":\"en-GB\",\"@id\":\"http:\/\/ruuby.ee\/#\/schema\/logo\/image\/\",\"url\":\"https:\/\/ruuby.ee\/wp-content\/uploads\/2023\/06\/cropped-Black-White-Elegant-Circle-Signature-Fashion-Logo-12_large.png\",\"contentUrl\":\"https:\/\/ruuby.ee\/wp-content\/uploads\/2023\/06\/cropped-Black-White-Elegant-Circle-Signature-Fashion-Logo-12_large.png\",\"width\":1280,\"height\":747,\"caption\":\"Ruuby Disain O\u00dc\"},\"image\":{\"@id\":\"http:\/\/ruuby.ee\/#\/schema\/logo\/image\/\"},\"sameAs\":[\"https:\/\/www.facebook.com\/ruubyconcept\",\"https:\/\/www.instagram.com\/ruuby_concept\/\"]}]}<\/script>\n<!-- \/ Yoast SEO plugin. -->","yoast_head_json":{"title":"AYA&amp;IDA \u2013 haara kaasa kohvitops, Cream Beige, 500ml - RUUBY","robots":{"index":"index","follow":"follow","max-snippet":"max-snippet:-1","max-image-preview":"max-image-preview:large","max-video-preview":"max-video-preview:-1"},"canonical":"http:\/\/ruuby.ee\/en\/pood\/aksessuaarid\/joogipudelid-ja-haara-kaasa-valik\/kohvitopsid\/ayaida-haara-kaasa-kohvitops-cream-beige-500ml\/","og_locale":"en_GB","og_type":"article","og_title":"AYA&amp;IDA \u2013 haara kaasa kohvitops, Cream Beige, 500ml - RUUBY","og_description":"AYA&amp;IDA CUP2GO on ilus ja praktiline alternatiiv \u00fchekordselt kasutatavatele plastikkaanega tassidele. Selle tassiga tahame teha oma klientidele iga p\u00e4ev j\u00e4tkusuutlike valikute tegemise lihtsaks. AYA&amp;IDA CUP2GO v\u00f5imaldab teil liikvel olles nautida tassikest sooja kohvi v\u00f5i teed, aidates samal ajal planeedil hingata. Korduvkasutatav CUP2GO on loodud teid silmas pidades ja sellel on praktiline kaas, millest on mugav [&hellip;]","og_url":"http:\/\/ruuby.ee\/en\/pood\/aksessuaarid\/joogipudelid-ja-haara-kaasa-valik\/kohvitopsid\/ayaida-haara-kaasa-kohvitops-cream-beige-500ml\/","og_site_name":"RUUBY","article_publisher":"https:\/\/www.facebook.com\/ruubyconcept","article_modified_time":"2026-04-04T22:25:20+00:00","og_image":[{"width":732,"height":834,"url":"http:\/\/ruuby.ee\/wp-content\/uploads\/2025\/06\/Screenshot-2025-06-13-at-13.34.19.png","type":"image\/png"}],"twitter_card":"summary_large_image","twitter_misc":{"Estimated reading time":"2 minutes"},"schema":{"@context":"https:\/\/schema.org","@graph":[{"@type":["WebPage","ItemPage"],"@id":"http:\/\/ruuby.ee\/pood\/aksessuaarid\/joogipudelid-ja-haara-kaasa-valik\/kohvitopsid\/ayaida-haara-kaasa-kohvitops-cream-beige-500ml\/","url":"http:\/\/ruuby.ee\/pood\/aksessuaarid\/joogipudelid-ja-haara-kaasa-valik\/kohvitopsid\/ayaida-haara-kaasa-kohvitops-cream-beige-500ml\/","name":"AYA&amp;IDA \u2013 haara kaasa kohvitops, Cream Beige, 500ml - RUUBY","isPartOf":{"@id":"http:\/\/ruuby.ee\/#website"},"primaryImageOfPage":{"@id":"http:\/\/ruuby.ee\/pood\/aksessuaarid\/joogipudelid-ja-haara-kaasa-valik\/kohvitopsid\/ayaida-haara-kaasa-kohvitops-cream-beige-500ml\/#primaryimage"},"image":{"@id":"http:\/\/ruuby.ee\/pood\/aksessuaarid\/joogipudelid-ja-haara-kaasa-valik\/kohvitopsid\/ayaida-haara-kaasa-kohvitops-cream-beige-500ml\/#primaryimage"},"thumbnailUrl":"https:\/\/ruuby.ee\/wp-content\/uploads\/2025\/06\/Screenshot-2025-06-13-at-13.34.19.png","datePublished":"2025-06-13T10:32:45+00:00","dateModified":"2026-04-04T22:25:20+00:00","breadcrumb":{"@id":"http:\/\/ruuby.ee\/pood\/aksessuaarid\/joogipudelid-ja-haara-kaasa-valik\/kohvitopsid\/ayaida-haara-kaasa-kohvitops-cream-beige-500ml\/#breadcrumb"},"inLanguage":"en-GB","potentialAction":[{"@type":"ReadAction","target":["http:\/\/ruuby.ee\/pood\/aksessuaarid\/joogipudelid-ja-haara-kaasa-valik\/kohvitopsid\/ayaida-haara-kaasa-kohvitops-cream-beige-500ml\/"]}]},{"@type":"ImageObject","inLanguage":"en-GB","@id":"http:\/\/ruuby.ee\/pood\/aksessuaarid\/joogipudelid-ja-haara-kaasa-valik\/kohvitopsid\/ayaida-haara-kaasa-kohvitops-cream-beige-500ml\/#primaryimage","url":"https:\/\/ruuby.ee\/wp-content\/uploads\/2025\/06\/Screenshot-2025-06-13-at-13.34.19.png","contentUrl":"https:\/\/ruuby.ee\/wp-content\/uploads\/2025\/06\/Screenshot-2025-06-13-at-13.34.19.png","width":732,"height":834},{"@type":"BreadcrumbList","@id":"http:\/\/ruuby.ee\/pood\/aksessuaarid\/joogipudelid-ja-haara-kaasa-valik\/kohvitopsid\/ayaida-haara-kaasa-kohvitops-cream-beige-500ml\/#breadcrumb","itemListElement":[{"@type":"ListItem","position":1,"name":"Kdu","item":"http:\/\/ruuby.ee\/"},{"@type":"ListItem","position":2,"name":"Pood","item":"https:\/\/ruuby.ee\/en\/pood\/"},{"@type":"ListItem","position":3,"name":"AYA&amp;IDA \u2013 haara kaasa kohvitops, Cream Beige, 500ml"}]},{"@type":"WebSite","@id":"http:\/\/ruuby.ee\/#website","url":"http:\/\/ruuby.ee\/","name":"RUUBY","description":"Ruubys on \u00fchendatud elustiil ja disain","publisher":{"@id":"http:\/\/ruuby.ee\/#organization"},"alternateName":"Ruuby Disain","potentialAction":[{"@type":"SearchAction","target":{"@type":"EntryPoint","urlTemplate":"http:\/\/ruuby.ee\/?s={search_term_string}"},"query-input":{"@type":"PropertyValueSpecification","valueRequired":true,"valueName":"search_term_string"}}],"inLanguage":"en-GB"},{"@type":"Organization","@id":"http:\/\/ruuby.ee\/#organization","name":"Ruuby Disain O\u00dc","alternateName":"Ruuby","url":"http:\/\/ruuby.ee\/","logo":{"@type":"ImageObject","inLanguage":"en-GB","@id":"http:\/\/ruuby.ee\/#\/schema\/logo\/image\/","url":"https:\/\/ruuby.ee\/wp-content\/uploads\/2023\/06\/cropped-Black-White-Elegant-Circle-Signature-Fashion-Logo-12_large.png","contentUrl":"https:\/\/ruuby.ee\/wp-content\/uploads\/2023\/06\/cropped-Black-White-Elegant-Circle-Signature-Fashion-Logo-12_large.png","width":1280,"height":747,"caption":"Ruuby Disain O\u00dc"},"image":{"@id":"http:\/\/ruuby.ee\/#\/schema\/logo\/image\/"},"sameAs":["https:\/\/www.facebook.com\/ruubyconcept","https:\/\/www.instagram.com\/ruuby_concept\/"]}]}},"jetpack_sharing_enabled":true,"_links":{"self":[{"href":"https:\/\/ruuby.ee\/en\/wp-json\/wp\/v2\/product\/1853516","targetHints":{"allow":["GET"]}}],"collection":[{"href":"https:\/\/ruuby.ee\/en\/wp-json\/wp\/v2\/product"}],"about":[{"href":"https:\/\/ruuby.ee\/en\/wp-json\/wp\/v2\/types\/product"}],"replies":[{"embeddable":true,"href":"https:\/\/ruuby.ee\/en\/wp-json\/wp\/v2\/comments?post=1853516"}],"wp:featuredmedia":[{"embeddable":true,"href":"https:\/\/ruuby.ee\/en\/wp-json\/wp\/v2\/media\/1853517"}],"wp:attachment":[{"href":"https:\/\/ruuby.ee\/en\/wp-json\/wp\/v2\/media?parent=1853516"}],"wp:term":[{"taxonomy":"product_brand","embeddable":true,"href":"https:\/\/ruuby.ee\/en\/wp-json\/wp\/v2\/product_brand?post=1853516"},{"taxonomy":"product_cat","embeddable":true,"href":"https:\/\/ruuby.ee\/en\/wp-json\/wp\/v2\/product_cat?post=1853516"},{"taxonomy":"product_tag","embeddable":true,"href":"https:\/\/ruuby.ee\/en\/wp-json\/wp\/v2\/product_tag?post=1853516"}],"curies":[{"name":"wp","href":"https:\/\/api.w.org\/{rel}","templated":true}]}}