{"id":1853370,"date":"2025-05-28T13:45:09","date_gmt":"2025-05-28T10:45:09","guid":{"rendered":"https:\/\/ruuby.ee\/pood\/maaratlemata\/ciao-pulkdeodorant-purely-femme\/"},"modified":"2026-04-08T01:28:25","modified_gmt":"2026-04-07T22:28:25","slug":"ciao-pulkdeodorant-purely-femme","status":"publish","type":"product","link":"https:\/\/ruuby.ee\/en\/pood\/kosmeetika\/deodorandid\/ciao-pulkdeodorant-purely-femme\/","title":{"rendered":"CIAO &#8211; Pulkdeodorant Purely Femme"},"content":{"rendered":"<p>CIAO deodorant on valmistatud k\u00f5ige puhtamatest looduslikest koostisosadest, et tagada teie v\u00e4rskus kogu p\u00e4evaks. Deodorandi koostisesse lisatud s\u00f6\u00f6gisooda ja magneesiumh\u00fcdroksiid neutraliseerivad ebameeldivat l\u00f5hna, samas kui maisit\u00e4rklis ja noolejuure pulber imavad liigset niiskust. Looduslikud \u00f5lid ja vahad tagavad naha niisutatuse.<\/p>\n<p>Meie deodorandid on alumiiniumi- ja parabeenivabad. L\u00f5hnaained on loodud ainult puhastest, 100% looduslikest eeterlikest \u00f5lidest.&#8217;<\/p>\n<div class=\"product__block__icon\">\n<ul>\n<li>ALUMIINIUMI JA PARABEENIVABA DEODORANT<\/li>\n<li>100% JULMUSEVABA<\/li>\n<li>100% PLASTIKUVABA TOODE<\/li>\n<li>VEGAN<\/li>\n<\/ul>\n<p><strong>Komplekti kuulub 100% plastikuvaba metallist deodorandi \u00fcmbris, \u00fcks deodorandi t\u00e4iteaine ja reisikott. Kogus 40ml.<\/strong><\/p>\n<p><strong>\u00dcks t\u00e4itepakend kestab igap\u00e4evasel kasutamisel keskmiselt 4-6 n\u00e4dalat.<\/strong><\/p>\n<p>Kanna deodoranti puhtale nahale kaenlaaluste alla.<br \/>\nOlulisema s\u00fcndmuse v\u00f5i aktiivse p\u00e4eva korral v\u00f5ib toodet kasutada suuremas koguses. Sel viisil on selle m\u00f5ju veelgi kindlam.<br \/>\nDeodorandis sisalduvad eeterlikud \u00f5lid v\u00f5ivad p\u00f5hjustada kerget punetust.<\/p>\n<p>M\u00e4rkus! \u00c4rge kasutage deodoranti kohe p\u00e4rast raseerimist. Toode v\u00f5ib j\u00e4tta tumedatele riidetele j\u00e4lgi.<\/p>\n<p>L\u00f5hn: Pehme ja kaunis segu jasmiini, bergamoti ja lavendli eeterlikest \u00f5lidest, mis toob esile loomuliku naiselikkuse.<\/p>\n<\/div>","protected":false},"excerpt":{"rendered":"<p>Naturaalne deodorant, mis on hea sinu kehale ja \u00f5rn keskkonnale. Valmistatud puhastest koostisosadest, pakub efektiivset kaitset, soodustades samal ajal keha naturaalset tasakaalu. Hoolitse oma keha eest naturaalsel viisil ning tunne end v\u00e4rskelt ja enesekindlalt negatiivsete k\u00f5rvalm\u00f5judeta.<\/p>","protected":false},"featured_media":1853378,"comment_status":"open","ping_status":"closed","template":"","meta":[],"product_brand":[],"product_cat":[686,25],"product_tag":[697,125,108],"class_list":{"0":"post-1853370","1":"product","2":"type-product","3":"status-publish","4":"has-post-thumbnail","6":"product_cat-deodorandid","7":"product_cat-kosmeetika","8":"product_tag-ciao","9":"product_tag-deodorant","10":"product_tag-kosmeetika","12":"first","13":"instock","14":"taxable","15":"shipping-taxable","16":"purchasable","17":"product-type-simple"},"yoast_head":"<!-- This site is optimized with the Yoast SEO plugin v27.3 - https:\/\/yoast.com\/product\/yoast-seo-wordpress\/ -->\n<title>CIAO - Pulkdeodorant Purely Femme - RUUBY<\/title>\n<meta name=\"robots\" content=\"index, follow, max-snippet:-1, max-image-preview:large, max-video-preview:-1\" \/>\n<link rel=\"canonical\" href=\"http:\/\/ruuby.ee\/en\/pood\/kosmeetika\/deodorandid\/ciao-pulkdeodorant-purely-femme\/\" \/>\n<meta property=\"og:locale\" content=\"en_GB\" \/>\n<meta property=\"og:type\" content=\"article\" \/>\n<meta property=\"og:title\" content=\"CIAO - Pulkdeodorant Purely Femme - RUUBY\" \/>\n<meta property=\"og:description\" content=\"Naturaalne deodorant, mis on hea sinu kehale ja \u00f5rn keskkonnale. Valmistatud puhastest koostisosadest, pakub efektiivset kaitset, soodustades samal ajal keha naturaalset tasakaalu. Hoolitse oma keha eest naturaalsel viisil ning tunne end v\u00e4rskelt ja enesekindlalt negatiivsete k\u00f5rvalm\u00f5judeta.\" \/>\n<meta property=\"og:url\" content=\"http:\/\/ruuby.ee\/en\/pood\/kosmeetika\/deodorandid\/ciao-pulkdeodorant-purely-femme\/\" \/>\n<meta property=\"og:site_name\" content=\"RUUBY\" \/>\n<meta property=\"article:publisher\" content=\"https:\/\/www.facebook.com\/ruubyconcept\" \/>\n<meta property=\"article:modified_time\" content=\"2026-04-07T22:28:25+00:00\" \/>\n<meta property=\"og:image\" content=\"http:\/\/ruuby.ee\/wp-content\/uploads\/2025\/05\/Screenshot-2025-05-28-at-14.00.21.png\" \/>\n\t<meta property=\"og:image:width\" content=\"1592\" \/>\n\t<meta property=\"og:image:height\" content=\"1198\" \/>\n\t<meta property=\"og:image:type\" content=\"image\/png\" \/>\n<meta name=\"twitter:card\" content=\"summary_large_image\" \/>\n<meta name=\"twitter:label1\" content=\"Estimated reading time\" \/>\n\t<meta name=\"twitter:data1\" content=\"2 minutes\" \/>\n<script type=\"application\/ld+json\" class=\"yoast-schema-graph\">{\"@context\":\"https:\\\/\\\/schema.org\",\"@graph\":[{\"@type\":[\"WebPage\",\"ItemPage\"],\"@id\":\"http:\\\/\\\/ruuby.ee\\\/pood\\\/kosmeetika\\\/deodorandid\\\/ciao-pulkdeodorant-purely-femme\\\/\",\"url\":\"http:\\\/\\\/ruuby.ee\\\/pood\\\/kosmeetika\\\/deodorandid\\\/ciao-pulkdeodorant-purely-femme\\\/\",\"name\":\"CIAO - Pulkdeodorant Purely Femme - RUUBY\",\"isPartOf\":{\"@id\":\"http:\\\/\\\/ruuby.ee\\\/#website\"},\"primaryImageOfPage\":{\"@id\":\"http:\\\/\\\/ruuby.ee\\\/pood\\\/kosmeetika\\\/deodorandid\\\/ciao-pulkdeodorant-purely-femme\\\/#primaryimage\"},\"image\":{\"@id\":\"http:\\\/\\\/ruuby.ee\\\/pood\\\/kosmeetika\\\/deodorandid\\\/ciao-pulkdeodorant-purely-femme\\\/#primaryimage\"},\"thumbnailUrl\":\"https:\\\/\\\/ruuby.ee\\\/wp-content\\\/uploads\\\/2025\\\/05\\\/Screenshot-2025-05-28-at-14.00.21.png\",\"datePublished\":\"2025-05-28T10:45:09+00:00\",\"dateModified\":\"2026-04-07T22:28:25+00:00\",\"breadcrumb\":{\"@id\":\"http:\\\/\\\/ruuby.ee\\\/pood\\\/kosmeetika\\\/deodorandid\\\/ciao-pulkdeodorant-purely-femme\\\/#breadcrumb\"},\"inLanguage\":\"en-GB\",\"potentialAction\":[{\"@type\":\"ReadAction\",\"target\":[\"http:\\\/\\\/ruuby.ee\\\/pood\\\/kosmeetika\\\/deodorandid\\\/ciao-pulkdeodorant-purely-femme\\\/\"]}]},{\"@type\":\"ImageObject\",\"inLanguage\":\"en-GB\",\"@id\":\"http:\\\/\\\/ruuby.ee\\\/pood\\\/kosmeetika\\\/deodorandid\\\/ciao-pulkdeodorant-purely-femme\\\/#primaryimage\",\"url\":\"https:\\\/\\\/ruuby.ee\\\/wp-content\\\/uploads\\\/2025\\\/05\\\/Screenshot-2025-05-28-at-14.00.21.png\",\"contentUrl\":\"https:\\\/\\\/ruuby.ee\\\/wp-content\\\/uploads\\\/2025\\\/05\\\/Screenshot-2025-05-28-at-14.00.21.png\",\"width\":1592,\"height\":1198},{\"@type\":\"BreadcrumbList\",\"@id\":\"http:\\\/\\\/ruuby.ee\\\/pood\\\/kosmeetika\\\/deodorandid\\\/ciao-pulkdeodorant-purely-femme\\\/#breadcrumb\",\"itemListElement\":[{\"@type\":\"ListItem\",\"position\":1,\"name\":\"Kdu\",\"item\":\"http:\\\/\\\/ruuby.ee\\\/\"},{\"@type\":\"ListItem\",\"position\":2,\"name\":\"Pood\",\"item\":\"http:\\\/\\\/ruuby.ee\\\/pood\\\/\"},{\"@type\":\"ListItem\",\"position\":3,\"name\":\"CIAO &#8211; Pulkdeodorant Purely Femme\"}]},{\"@type\":\"WebSite\",\"@id\":\"http:\\\/\\\/ruuby.ee\\\/#website\",\"url\":\"http:\\\/\\\/ruuby.ee\\\/\",\"name\":\"RUUBY\",\"description\":\"Ruubys on \u00fchendatud elustiil ja disain\",\"publisher\":{\"@id\":\"http:\\\/\\\/ruuby.ee\\\/#organization\"},\"alternateName\":\"Ruuby Disain\",\"potentialAction\":[{\"@type\":\"SearchAction\",\"target\":{\"@type\":\"EntryPoint\",\"urlTemplate\":\"http:\\\/\\\/ruuby.ee\\\/?s={search_term_string}\"},\"query-input\":{\"@type\":\"PropertyValueSpecification\",\"valueRequired\":true,\"valueName\":\"search_term_string\"}}],\"inLanguage\":\"en-GB\"},{\"@type\":\"Organization\",\"@id\":\"http:\\\/\\\/ruuby.ee\\\/#organization\",\"name\":\"Ruuby Disain O\u00dc\",\"alternateName\":\"Ruuby\",\"url\":\"http:\\\/\\\/ruuby.ee\\\/\",\"logo\":{\"@type\":\"ImageObject\",\"inLanguage\":\"en-GB\",\"@id\":\"http:\\\/\\\/ruuby.ee\\\/#\\\/schema\\\/logo\\\/image\\\/\",\"url\":\"https:\\\/\\\/ruuby.ee\\\/wp-content\\\/uploads\\\/2023\\\/06\\\/cropped-Black-White-Elegant-Circle-Signature-Fashion-Logo-12_large.png\",\"contentUrl\":\"https:\\\/\\\/ruuby.ee\\\/wp-content\\\/uploads\\\/2023\\\/06\\\/cropped-Black-White-Elegant-Circle-Signature-Fashion-Logo-12_large.png\",\"width\":1280,\"height\":747,\"caption\":\"Ruuby Disain O\u00dc\"},\"image\":{\"@id\":\"http:\\\/\\\/ruuby.ee\\\/#\\\/schema\\\/logo\\\/image\\\/\"},\"sameAs\":[\"https:\\\/\\\/www.facebook.com\\\/ruubyconcept\",\"https:\\\/\\\/www.instagram.com\\\/ruuby_concept\\\/\"]}]}<\/script>\n<!-- \/ Yoast SEO plugin. -->","yoast_head_json":{"title":"CIAO - Pulkdeodorant Purely Femme - RUUBY","robots":{"index":"index","follow":"follow","max-snippet":"max-snippet:-1","max-image-preview":"max-image-preview:large","max-video-preview":"max-video-preview:-1"},"canonical":"http:\/\/ruuby.ee\/en\/pood\/kosmeetika\/deodorandid\/ciao-pulkdeodorant-purely-femme\/","og_locale":"en_GB","og_type":"article","og_title":"CIAO - Pulkdeodorant Purely Femme - RUUBY","og_description":"Naturaalne deodorant, mis on hea sinu kehale ja \u00f5rn keskkonnale. Valmistatud puhastest koostisosadest, pakub efektiivset kaitset, soodustades samal ajal keha naturaalset tasakaalu. Hoolitse oma keha eest naturaalsel viisil ning tunne end v\u00e4rskelt ja enesekindlalt negatiivsete k\u00f5rvalm\u00f5judeta.","og_url":"http:\/\/ruuby.ee\/en\/pood\/kosmeetika\/deodorandid\/ciao-pulkdeodorant-purely-femme\/","og_site_name":"RUUBY","article_publisher":"https:\/\/www.facebook.com\/ruubyconcept","article_modified_time":"2026-04-07T22:28:25+00:00","og_image":[{"width":1592,"height":1198,"url":"http:\/\/ruuby.ee\/wp-content\/uploads\/2025\/05\/Screenshot-2025-05-28-at-14.00.21.png","type":"image\/png"}],"twitter_card":"summary_large_image","twitter_misc":{"Estimated reading time":"2 minutes"},"schema":{"@context":"https:\/\/schema.org","@graph":[{"@type":["WebPage","ItemPage"],"@id":"http:\/\/ruuby.ee\/pood\/kosmeetika\/deodorandid\/ciao-pulkdeodorant-purely-femme\/","url":"http:\/\/ruuby.ee\/pood\/kosmeetika\/deodorandid\/ciao-pulkdeodorant-purely-femme\/","name":"CIAO - Pulkdeodorant Purely Femme - RUUBY","isPartOf":{"@id":"http:\/\/ruuby.ee\/#website"},"primaryImageOfPage":{"@id":"http:\/\/ruuby.ee\/pood\/kosmeetika\/deodorandid\/ciao-pulkdeodorant-purely-femme\/#primaryimage"},"image":{"@id":"http:\/\/ruuby.ee\/pood\/kosmeetika\/deodorandid\/ciao-pulkdeodorant-purely-femme\/#primaryimage"},"thumbnailUrl":"https:\/\/ruuby.ee\/wp-content\/uploads\/2025\/05\/Screenshot-2025-05-28-at-14.00.21.png","datePublished":"2025-05-28T10:45:09+00:00","dateModified":"2026-04-07T22:28:25+00:00","breadcrumb":{"@id":"http:\/\/ruuby.ee\/pood\/kosmeetika\/deodorandid\/ciao-pulkdeodorant-purely-femme\/#breadcrumb"},"inLanguage":"en-GB","potentialAction":[{"@type":"ReadAction","target":["http:\/\/ruuby.ee\/pood\/kosmeetika\/deodorandid\/ciao-pulkdeodorant-purely-femme\/"]}]},{"@type":"ImageObject","inLanguage":"en-GB","@id":"http:\/\/ruuby.ee\/pood\/kosmeetika\/deodorandid\/ciao-pulkdeodorant-purely-femme\/#primaryimage","url":"https:\/\/ruuby.ee\/wp-content\/uploads\/2025\/05\/Screenshot-2025-05-28-at-14.00.21.png","contentUrl":"https:\/\/ruuby.ee\/wp-content\/uploads\/2025\/05\/Screenshot-2025-05-28-at-14.00.21.png","width":1592,"height":1198},{"@type":"BreadcrumbList","@id":"http:\/\/ruuby.ee\/pood\/kosmeetika\/deodorandid\/ciao-pulkdeodorant-purely-femme\/#breadcrumb","itemListElement":[{"@type":"ListItem","position":1,"name":"Kdu","item":"http:\/\/ruuby.ee\/"},{"@type":"ListItem","position":2,"name":"Pood","item":"http:\/\/ruuby.ee\/pood\/"},{"@type":"ListItem","position":3,"name":"CIAO &#8211; Pulkdeodorant Purely Femme"}]},{"@type":"WebSite","@id":"http:\/\/ruuby.ee\/#website","url":"http:\/\/ruuby.ee\/","name":"RUUBY","description":"Ruubys on \u00fchendatud elustiil ja disain","publisher":{"@id":"http:\/\/ruuby.ee\/#organization"},"alternateName":"Ruuby Disain","potentialAction":[{"@type":"SearchAction","target":{"@type":"EntryPoint","urlTemplate":"http:\/\/ruuby.ee\/?s={search_term_string}"},"query-input":{"@type":"PropertyValueSpecification","valueRequired":true,"valueName":"search_term_string"}}],"inLanguage":"en-GB"},{"@type":"Organization","@id":"http:\/\/ruuby.ee\/#organization","name":"Ruuby Disain O\u00dc","alternateName":"Ruuby","url":"http:\/\/ruuby.ee\/","logo":{"@type":"ImageObject","inLanguage":"en-GB","@id":"http:\/\/ruuby.ee\/#\/schema\/logo\/image\/","url":"https:\/\/ruuby.ee\/wp-content\/uploads\/2023\/06\/cropped-Black-White-Elegant-Circle-Signature-Fashion-Logo-12_large.png","contentUrl":"https:\/\/ruuby.ee\/wp-content\/uploads\/2023\/06\/cropped-Black-White-Elegant-Circle-Signature-Fashion-Logo-12_large.png","width":1280,"height":747,"caption":"Ruuby Disain O\u00dc"},"image":{"@id":"http:\/\/ruuby.ee\/#\/schema\/logo\/image\/"},"sameAs":["https:\/\/www.facebook.com\/ruubyconcept","https:\/\/www.instagram.com\/ruuby_concept\/"]}]}},"jetpack_sharing_enabled":true,"_links":{"self":[{"href":"https:\/\/ruuby.ee\/en\/wp-json\/wp\/v2\/product\/1853370","targetHints":{"allow":["GET"]}}],"collection":[{"href":"https:\/\/ruuby.ee\/en\/wp-json\/wp\/v2\/product"}],"about":[{"href":"https:\/\/ruuby.ee\/en\/wp-json\/wp\/v2\/types\/product"}],"replies":[{"embeddable":true,"href":"https:\/\/ruuby.ee\/en\/wp-json\/wp\/v2\/comments?post=1853370"}],"wp:featuredmedia":[{"embeddable":true,"href":"https:\/\/ruuby.ee\/en\/wp-json\/wp\/v2\/media\/1853378"}],"wp:attachment":[{"href":"https:\/\/ruuby.ee\/en\/wp-json\/wp\/v2\/media?parent=1853370"}],"wp:term":[{"taxonomy":"product_brand","embeddable":true,"href":"https:\/\/ruuby.ee\/en\/wp-json\/wp\/v2\/product_brand?post=1853370"},{"taxonomy":"product_cat","embeddable":true,"href":"https:\/\/ruuby.ee\/en\/wp-json\/wp\/v2\/product_cat?post=1853370"},{"taxonomy":"product_tag","embeddable":true,"href":"https:\/\/ruuby.ee\/en\/wp-json\/wp\/v2\/product_tag?post=1853370"}],"curies":[{"name":"wp","href":"https:\/\/api.w.org\/{rel}","templated":true}]}}