{"id":1853304,"date":"2025-05-16T16:09:17","date_gmt":"2025-05-16T13:09:17","guid":{"rendered":"http:\/\/ruuby.ee\/pood\/maaratlemata\/autode-voistlusrada-porandakleebis\/"},"modified":"2026-04-06T01:26:21","modified_gmt":"2026-04-05T22:26:21","slug":"autode-voistlusrada-porandakleebis","status":"publish","type":"product","link":"https:\/\/ruuby.ee\/en\/pood\/lapsed\/meisterdamine\/kleepimine\/autode-voistlusrada-porandakleebis\/","title":{"rendered":"Autode v\u00f5istlusrada &#8211; p\u00f5randakleebis"},"content":{"rendered":"<p>Komplekt sisaldab: v\u00f5istlusrada (145&#215;70 cm) ja lisaelemente. T\u00e4psed m\u00f5\u00f5tmed on toodud toote fotol.<\/p>\n<p>V\u00f5istlusraja kleebis on loodud lastele ja nende vanematele. See on suurep\u00e4rane alternatiiv traditsioonilistele m\u00e4nguasjadele, mis v\u00f5tavad palju ruumi ning mille kokkupanek ja lahtiv\u00f5tmine on aegan\u00f5udev. V\u00f5istlusrada garanteerib suurep\u00e4rase l\u00f5bu ja samal ajal ei v\u00f5ta lapse toas ebavajalikku ruumi.<\/p>\n<p>Meie toode on ainulaadne ja omataoline. Valmistatud spetsiaalsest fooliumist ja mattlaminaadist, t\u00e4nu millele on selle pind vastupidav ja kustumatu. Seda v\u00f5ib julgelt puhastada nii tolmuimeja kui harjaga ja p\u00f5randapesu ei riku kleebist. V\u00e4ga vastupidav ja ei riku p\u00f5randat, kui soovid selle soovitud hetkel eemaldada.<\/p>\n<p>Kleebis sobib p\u00f5randale, aga seda saab paigaldada ka mis tahes muule siledale pinnale, n\u00e4iteks seintele v\u00f5i m\u00f6\u00f6blile.<\/p>\n<p>\u00c4rge enam oodake! Pakkuge oma lapsele erakordset l\u00f5bu ja v\u00e4hendage oma koristamisele kuluvat aega.<\/p>","protected":false},"excerpt":{"rendered":"<p>L\u00f5bus v\u00f5istlusraja kleebis \u2013 s\u00e4\u00e4stab ruumi ja pakub suurt m\u00e4ngur\u00f5\u00f5mu ning on pestav ja kulumiskindel!<\/p>\n<p>Iga lapse unistus!<\/p>","protected":false},"featured_media":1853303,"comment_status":"open","ping_status":"closed","template":"","meta":[],"product_brand":[],"product_cat":[660,42,22,810],"product_tag":[1047,1048,70],"class_list":{"0":"post-1853304","1":"product","2":"type-product","3":"status-publish","4":"has-post-thumbnail","6":"product_cat-kleepimine","7":"product_cat-kodusisustus","8":"product_cat-lapsed","9":"product_cat-lastetuba","10":"product_tag-autorada","11":"product_tag-kleebis","12":"product_tag-lapsed","14":"first","15":"instock","16":"taxable","17":"shipping-taxable","18":"purchasable","19":"product-type-simple"},"yoast_head":"<!-- This site is optimized with the Yoast SEO plugin v27.2 - https:\/\/yoast.com\/product\/yoast-seo-wordpress\/ -->\n<title>Autode v\u00f5istlusrada - p\u00f5randakleebis - RUUBY<\/title>\n<meta name=\"robots\" content=\"index, follow, max-snippet:-1, max-image-preview:large, max-video-preview:-1\" \/>\n<link rel=\"canonical\" href=\"http:\/\/ruuby.ee\/en\/pood\/lapsed\/meisterdamine\/kleepimine\/autode-voistlusrada-porandakleebis\/\" \/>\n<meta property=\"og:locale\" content=\"en_GB\" \/>\n<meta property=\"og:type\" content=\"article\" \/>\n<meta property=\"og:title\" content=\"Autode v\u00f5istlusrada - p\u00f5randakleebis - RUUBY\" \/>\n<meta property=\"og:description\" content=\"L\u00f5bus v\u00f5istlusraja kleebis \u2013 s\u00e4\u00e4stab ruumi ja pakub suurt m\u00e4ngur\u00f5\u00f5mu ning on pestav ja kulumiskindel!  Iga lapse unistus!\" \/>\n<meta property=\"og:url\" content=\"http:\/\/ruuby.ee\/en\/pood\/lapsed\/meisterdamine\/kleepimine\/autode-voistlusrada-porandakleebis\/\" \/>\n<meta property=\"og:site_name\" content=\"RUUBY\" \/>\n<meta property=\"article:publisher\" content=\"https:\/\/www.facebook.com\/ruubyconcept\" \/>\n<meta property=\"article:modified_time\" content=\"2026-04-05T22:26:21+00:00\" \/>\n<meta property=\"og:image\" content=\"http:\/\/ruuby.ee\/wp-content\/uploads\/2025\/05\/1858.png\" \/>\n\t<meta property=\"og:image:width\" content=\"1220\" \/>\n\t<meta property=\"og:image:height\" content=\"892\" \/>\n\t<meta property=\"og:image:type\" content=\"image\/png\" \/>\n<meta name=\"twitter:card\" content=\"summary_large_image\" \/>\n<meta name=\"twitter:label1\" content=\"Estimated reading time\" \/>\n\t<meta name=\"twitter:data1\" content=\"1 minute\" \/>\n<script type=\"application\/ld+json\" class=\"yoast-schema-graph\">{\"@context\":\"https:\/\/schema.org\",\"@graph\":[{\"@type\":[\"WebPage\",\"ItemPage\"],\"@id\":\"http:\/\/ruuby.ee\/pood\/lapsed\/meisterdamine\/kleepimine\/autode-voistlusrada-porandakleebis\/\",\"url\":\"http:\/\/ruuby.ee\/pood\/lapsed\/meisterdamine\/kleepimine\/autode-voistlusrada-porandakleebis\/\",\"name\":\"Autode v\u00f5istlusrada - p\u00f5randakleebis - RUUBY\",\"isPartOf\":{\"@id\":\"http:\/\/ruuby.ee\/#website\"},\"primaryImageOfPage\":{\"@id\":\"http:\/\/ruuby.ee\/pood\/lapsed\/meisterdamine\/kleepimine\/autode-voistlusrada-porandakleebis\/#primaryimage\"},\"image\":{\"@id\":\"http:\/\/ruuby.ee\/pood\/lapsed\/meisterdamine\/kleepimine\/autode-voistlusrada-porandakleebis\/#primaryimage\"},\"thumbnailUrl\":\"https:\/\/ruuby.ee\/wp-content\/uploads\/2025\/05\/1858.png\",\"datePublished\":\"2025-05-16T13:09:17+00:00\",\"dateModified\":\"2026-04-05T22:26:21+00:00\",\"breadcrumb\":{\"@id\":\"http:\/\/ruuby.ee\/pood\/lapsed\/meisterdamine\/kleepimine\/autode-voistlusrada-porandakleebis\/#breadcrumb\"},\"inLanguage\":\"en-GB\",\"potentialAction\":[{\"@type\":\"ReadAction\",\"target\":[\"http:\/\/ruuby.ee\/pood\/lapsed\/meisterdamine\/kleepimine\/autode-voistlusrada-porandakleebis\/\"]}]},{\"@type\":\"ImageObject\",\"inLanguage\":\"en-GB\",\"@id\":\"http:\/\/ruuby.ee\/pood\/lapsed\/meisterdamine\/kleepimine\/autode-voistlusrada-porandakleebis\/#primaryimage\",\"url\":\"https:\/\/ruuby.ee\/wp-content\/uploads\/2025\/05\/1858.png\",\"contentUrl\":\"https:\/\/ruuby.ee\/wp-content\/uploads\/2025\/05\/1858.png\",\"width\":1220,\"height\":892},{\"@type\":\"BreadcrumbList\",\"@id\":\"http:\/\/ruuby.ee\/pood\/lapsed\/meisterdamine\/kleepimine\/autode-voistlusrada-porandakleebis\/#breadcrumb\",\"itemListElement\":[{\"@type\":\"ListItem\",\"position\":1,\"name\":\"Kdu\",\"item\":\"http:\/\/ruuby.ee\/\"},{\"@type\":\"ListItem\",\"position\":2,\"name\":\"Pood\",\"item\":\"https:\/\/ruuby.ee\/en\/pood\/\"},{\"@type\":\"ListItem\",\"position\":3,\"name\":\"Autode v\u00f5istlusrada &#8211; p\u00f5randakleebis\"}]},{\"@type\":\"WebSite\",\"@id\":\"http:\/\/ruuby.ee\/#website\",\"url\":\"http:\/\/ruuby.ee\/\",\"name\":\"RUUBY\",\"description\":\"Ruubys on \u00fchendatud elustiil ja disain\",\"publisher\":{\"@id\":\"http:\/\/ruuby.ee\/#organization\"},\"alternateName\":\"Ruuby Disain\",\"potentialAction\":[{\"@type\":\"SearchAction\",\"target\":{\"@type\":\"EntryPoint\",\"urlTemplate\":\"http:\/\/ruuby.ee\/?s={search_term_string}\"},\"query-input\":{\"@type\":\"PropertyValueSpecification\",\"valueRequired\":true,\"valueName\":\"search_term_string\"}}],\"inLanguage\":\"en-GB\"},{\"@type\":\"Organization\",\"@id\":\"http:\/\/ruuby.ee\/#organization\",\"name\":\"Ruuby Disain O\u00dc\",\"alternateName\":\"Ruuby\",\"url\":\"http:\/\/ruuby.ee\/\",\"logo\":{\"@type\":\"ImageObject\",\"inLanguage\":\"en-GB\",\"@id\":\"http:\/\/ruuby.ee\/#\/schema\/logo\/image\/\",\"url\":\"https:\/\/ruuby.ee\/wp-content\/uploads\/2023\/06\/cropped-Black-White-Elegant-Circle-Signature-Fashion-Logo-12_large.png\",\"contentUrl\":\"https:\/\/ruuby.ee\/wp-content\/uploads\/2023\/06\/cropped-Black-White-Elegant-Circle-Signature-Fashion-Logo-12_large.png\",\"width\":1280,\"height\":747,\"caption\":\"Ruuby Disain O\u00dc\"},\"image\":{\"@id\":\"http:\/\/ruuby.ee\/#\/schema\/logo\/image\/\"},\"sameAs\":[\"https:\/\/www.facebook.com\/ruubyconcept\",\"https:\/\/www.instagram.com\/ruuby_concept\/\"]}]}<\/script>\n<!-- \/ Yoast SEO plugin. -->","yoast_head_json":{"title":"Autode v\u00f5istlusrada - p\u00f5randakleebis - RUUBY","robots":{"index":"index","follow":"follow","max-snippet":"max-snippet:-1","max-image-preview":"max-image-preview:large","max-video-preview":"max-video-preview:-1"},"canonical":"http:\/\/ruuby.ee\/en\/pood\/lapsed\/meisterdamine\/kleepimine\/autode-voistlusrada-porandakleebis\/","og_locale":"en_GB","og_type":"article","og_title":"Autode v\u00f5istlusrada - p\u00f5randakleebis - RUUBY","og_description":"L\u00f5bus v\u00f5istlusraja kleebis \u2013 s\u00e4\u00e4stab ruumi ja pakub suurt m\u00e4ngur\u00f5\u00f5mu ning on pestav ja kulumiskindel!  Iga lapse unistus!","og_url":"http:\/\/ruuby.ee\/en\/pood\/lapsed\/meisterdamine\/kleepimine\/autode-voistlusrada-porandakleebis\/","og_site_name":"RUUBY","article_publisher":"https:\/\/www.facebook.com\/ruubyconcept","article_modified_time":"2026-04-05T22:26:21+00:00","og_image":[{"width":1220,"height":892,"url":"http:\/\/ruuby.ee\/wp-content\/uploads\/2025\/05\/1858.png","type":"image\/png"}],"twitter_card":"summary_large_image","twitter_misc":{"Estimated reading time":"1 minute"},"schema":{"@context":"https:\/\/schema.org","@graph":[{"@type":["WebPage","ItemPage"],"@id":"http:\/\/ruuby.ee\/pood\/lapsed\/meisterdamine\/kleepimine\/autode-voistlusrada-porandakleebis\/","url":"http:\/\/ruuby.ee\/pood\/lapsed\/meisterdamine\/kleepimine\/autode-voistlusrada-porandakleebis\/","name":"Autode v\u00f5istlusrada - p\u00f5randakleebis - RUUBY","isPartOf":{"@id":"http:\/\/ruuby.ee\/#website"},"primaryImageOfPage":{"@id":"http:\/\/ruuby.ee\/pood\/lapsed\/meisterdamine\/kleepimine\/autode-voistlusrada-porandakleebis\/#primaryimage"},"image":{"@id":"http:\/\/ruuby.ee\/pood\/lapsed\/meisterdamine\/kleepimine\/autode-voistlusrada-porandakleebis\/#primaryimage"},"thumbnailUrl":"https:\/\/ruuby.ee\/wp-content\/uploads\/2025\/05\/1858.png","datePublished":"2025-05-16T13:09:17+00:00","dateModified":"2026-04-05T22:26:21+00:00","breadcrumb":{"@id":"http:\/\/ruuby.ee\/pood\/lapsed\/meisterdamine\/kleepimine\/autode-voistlusrada-porandakleebis\/#breadcrumb"},"inLanguage":"en-GB","potentialAction":[{"@type":"ReadAction","target":["http:\/\/ruuby.ee\/pood\/lapsed\/meisterdamine\/kleepimine\/autode-voistlusrada-porandakleebis\/"]}]},{"@type":"ImageObject","inLanguage":"en-GB","@id":"http:\/\/ruuby.ee\/pood\/lapsed\/meisterdamine\/kleepimine\/autode-voistlusrada-porandakleebis\/#primaryimage","url":"https:\/\/ruuby.ee\/wp-content\/uploads\/2025\/05\/1858.png","contentUrl":"https:\/\/ruuby.ee\/wp-content\/uploads\/2025\/05\/1858.png","width":1220,"height":892},{"@type":"BreadcrumbList","@id":"http:\/\/ruuby.ee\/pood\/lapsed\/meisterdamine\/kleepimine\/autode-voistlusrada-porandakleebis\/#breadcrumb","itemListElement":[{"@type":"ListItem","position":1,"name":"Kdu","item":"http:\/\/ruuby.ee\/"},{"@type":"ListItem","position":2,"name":"Pood","item":"https:\/\/ruuby.ee\/en\/pood\/"},{"@type":"ListItem","position":3,"name":"Autode v\u00f5istlusrada &#8211; p\u00f5randakleebis"}]},{"@type":"WebSite","@id":"http:\/\/ruuby.ee\/#website","url":"http:\/\/ruuby.ee\/","name":"RUUBY","description":"Ruubys on \u00fchendatud elustiil ja disain","publisher":{"@id":"http:\/\/ruuby.ee\/#organization"},"alternateName":"Ruuby Disain","potentialAction":[{"@type":"SearchAction","target":{"@type":"EntryPoint","urlTemplate":"http:\/\/ruuby.ee\/?s={search_term_string}"},"query-input":{"@type":"PropertyValueSpecification","valueRequired":true,"valueName":"search_term_string"}}],"inLanguage":"en-GB"},{"@type":"Organization","@id":"http:\/\/ruuby.ee\/#organization","name":"Ruuby Disain O\u00dc","alternateName":"Ruuby","url":"http:\/\/ruuby.ee\/","logo":{"@type":"ImageObject","inLanguage":"en-GB","@id":"http:\/\/ruuby.ee\/#\/schema\/logo\/image\/","url":"https:\/\/ruuby.ee\/wp-content\/uploads\/2023\/06\/cropped-Black-White-Elegant-Circle-Signature-Fashion-Logo-12_large.png","contentUrl":"https:\/\/ruuby.ee\/wp-content\/uploads\/2023\/06\/cropped-Black-White-Elegant-Circle-Signature-Fashion-Logo-12_large.png","width":1280,"height":747,"caption":"Ruuby Disain O\u00dc"},"image":{"@id":"http:\/\/ruuby.ee\/#\/schema\/logo\/image\/"},"sameAs":["https:\/\/www.facebook.com\/ruubyconcept","https:\/\/www.instagram.com\/ruuby_concept\/"]}]}},"jetpack_sharing_enabled":true,"_links":{"self":[{"href":"https:\/\/ruuby.ee\/en\/wp-json\/wp\/v2\/product\/1853304","targetHints":{"allow":["GET"]}}],"collection":[{"href":"https:\/\/ruuby.ee\/en\/wp-json\/wp\/v2\/product"}],"about":[{"href":"https:\/\/ruuby.ee\/en\/wp-json\/wp\/v2\/types\/product"}],"replies":[{"embeddable":true,"href":"https:\/\/ruuby.ee\/en\/wp-json\/wp\/v2\/comments?post=1853304"}],"wp:featuredmedia":[{"embeddable":true,"href":"https:\/\/ruuby.ee\/en\/wp-json\/wp\/v2\/media\/1853303"}],"wp:attachment":[{"href":"https:\/\/ruuby.ee\/en\/wp-json\/wp\/v2\/media?parent=1853304"}],"wp:term":[{"taxonomy":"product_brand","embeddable":true,"href":"https:\/\/ruuby.ee\/en\/wp-json\/wp\/v2\/product_brand?post=1853304"},{"taxonomy":"product_cat","embeddable":true,"href":"https:\/\/ruuby.ee\/en\/wp-json\/wp\/v2\/product_cat?post=1853304"},{"taxonomy":"product_tag","embeddable":true,"href":"https:\/\/ruuby.ee\/en\/wp-json\/wp\/v2\/product_tag?post=1853304"}],"curies":[{"name":"wp","href":"https:\/\/api.w.org\/{rel}","templated":true}]}}