{"id":1853152,"date":"2025-05-05T12:14:57","date_gmt":"2025-05-05T09:14:57","guid":{"rendered":"http:\/\/ruuby.ee\/?post_type=product&#038;p=1853152"},"modified":"2026-04-05T01:25:20","modified_gmt":"2026-04-04T22:25:20","slug":"wouf-markmik-cabana-a5","status":"publish","type":"product","link":"https:\/\/ruuby.ee\/en\/pood\/lapsed\/meisterdamine\/markmikud\/wouf-markmik-cabana-a5\/","title":{"rendered":"WOUF &#8211; M\u00e4rkmik, Cabana A5"},"content":{"rendered":"<p>See m\u00e4rkmik peegeldab meie p\u00fchendumust j\u00e4tkusuutlikule hankimisele ja on l\u00e4bim\u00f5eldud t\u00e4iendus meie ikoonilisele Daily kollektsioonile.<\/p>\n<p>Suurus &#8211; 14,8 x 21 x 0,8 cm<\/p>\n<p>300 GSM FSC paberit vastutustundlikest allikatest.<br \/>\nPehme k\u00f6ide.<\/p>\n<p>Valmistatud Hispaanias<\/p>","protected":false},"excerpt":{"rendered":"<p>Cabana A5 paberm\u00e4rkmik, mis sobib ideaalselt m\u00e4rkmete tegemiseks ja p\u00e4eviku pidamiseks.<\/p>","protected":false},"featured_media":1853153,"comment_status":"closed","ping_status":"closed","template":"","meta":[],"product_brand":[],"product_cat":[43,881,666],"product_tag":[],"class_list":{"0":"post-1853152","1":"product","2":"type-product","3":"status-publish","4":"has-post-thumbnail","6":"product_cat-aksessuaarid","7":"product_cat-markmikud-aksessuaarid","8":"product_cat-markmikud","10":"first","11":"instock","12":"taxable","13":"shipping-taxable","14":"purchasable","15":"product-type-simple"},"yoast_head":"<!-- This site is optimized with the Yoast SEO plugin v27.2 - https:\/\/yoast.com\/product\/yoast-seo-wordpress\/ -->\n<title>WOUF - M\u00e4rkmik, Cabana A5 - RUUBY<\/title>\n<meta name=\"robots\" content=\"index, follow, max-snippet:-1, max-image-preview:large, max-video-preview:-1\" \/>\n<link rel=\"canonical\" href=\"https:\/\/ruuby.ee\/en\/pood\/lapsed\/meisterdamine\/markmikud\/wouf-markmik-cabana-a5\/\" \/>\n<meta property=\"og:locale\" content=\"en_GB\" \/>\n<meta property=\"og:type\" content=\"article\" \/>\n<meta property=\"og:title\" content=\"WOUF - M\u00e4rkmik, Cabana A5 - RUUBY\" \/>\n<meta property=\"og:description\" content=\"Cabana A5 paberm\u00e4rkmik, mis sobib ideaalselt m\u00e4rkmete tegemiseks ja p\u00e4eviku pidamiseks.\" \/>\n<meta property=\"og:url\" content=\"https:\/\/ruuby.ee\/en\/pood\/lapsed\/meisterdamine\/markmikud\/wouf-markmik-cabana-a5\/\" \/>\n<meta property=\"og:site_name\" content=\"RUUBY\" \/>\n<meta property=\"article:publisher\" content=\"https:\/\/www.facebook.com\/ruubyconcept\" \/>\n<meta property=\"article:modified_time\" content=\"2026-04-04T22:25:20+00:00\" \/>\n<meta property=\"og:image\" content=\"https:\/\/ruuby.ee\/wp-content\/uploads\/2025\/05\/Screenshot-2025-05-05-at-12.14.16.png\" \/>\n\t<meta property=\"og:image:width\" content=\"936\" \/>\n\t<meta property=\"og:image:height\" content=\"1178\" \/>\n\t<meta property=\"og:image:type\" content=\"image\/png\" \/>\n<meta name=\"twitter:card\" content=\"summary_large_image\" \/>\n<meta name=\"twitter:label1\" content=\"Estimated reading time\" \/>\n\t<meta name=\"twitter:data1\" content=\"1 minute\" \/>\n<script type=\"application\/ld+json\" class=\"yoast-schema-graph\">{\"@context\":\"https:\/\/schema.org\",\"@graph\":[{\"@type\":[\"WebPage\",\"ItemPage\"],\"@id\":\"https:\/\/ruuby.ee\/pood\/lapsed\/meisterdamine\/markmikud\/wouf-markmik-cabana-a5\/\",\"url\":\"https:\/\/ruuby.ee\/pood\/lapsed\/meisterdamine\/markmikud\/wouf-markmik-cabana-a5\/\",\"name\":\"WOUF - M\u00e4rkmik, Cabana A5 - RUUBY\",\"isPartOf\":{\"@id\":\"http:\/\/ruuby.ee\/#website\"},\"primaryImageOfPage\":{\"@id\":\"https:\/\/ruuby.ee\/pood\/lapsed\/meisterdamine\/markmikud\/wouf-markmik-cabana-a5\/#primaryimage\"},\"image\":{\"@id\":\"https:\/\/ruuby.ee\/pood\/lapsed\/meisterdamine\/markmikud\/wouf-markmik-cabana-a5\/#primaryimage\"},\"thumbnailUrl\":\"https:\/\/ruuby.ee\/wp-content\/uploads\/2025\/05\/Screenshot-2025-05-05-at-12.14.16.png\",\"datePublished\":\"2025-05-05T09:14:57+00:00\",\"dateModified\":\"2026-04-04T22:25:20+00:00\",\"breadcrumb\":{\"@id\":\"https:\/\/ruuby.ee\/pood\/lapsed\/meisterdamine\/markmikud\/wouf-markmik-cabana-a5\/#breadcrumb\"},\"inLanguage\":\"en-GB\",\"potentialAction\":[{\"@type\":\"ReadAction\",\"target\":[\"https:\/\/ruuby.ee\/pood\/lapsed\/meisterdamine\/markmikud\/wouf-markmik-cabana-a5\/\"]}]},{\"@type\":\"ImageObject\",\"inLanguage\":\"en-GB\",\"@id\":\"https:\/\/ruuby.ee\/pood\/lapsed\/meisterdamine\/markmikud\/wouf-markmik-cabana-a5\/#primaryimage\",\"url\":\"https:\/\/ruuby.ee\/wp-content\/uploads\/2025\/05\/Screenshot-2025-05-05-at-12.14.16.png\",\"contentUrl\":\"https:\/\/ruuby.ee\/wp-content\/uploads\/2025\/05\/Screenshot-2025-05-05-at-12.14.16.png\",\"width\":936,\"height\":1178},{\"@type\":\"BreadcrumbList\",\"@id\":\"https:\/\/ruuby.ee\/pood\/lapsed\/meisterdamine\/markmikud\/wouf-markmik-cabana-a5\/#breadcrumb\",\"itemListElement\":[{\"@type\":\"ListItem\",\"position\":1,\"name\":\"Kdu\",\"item\":\"http:\/\/ruuby.ee\/\"},{\"@type\":\"ListItem\",\"position\":2,\"name\":\"Pood\",\"item\":\"https:\/\/ruuby.ee\/en\/pood\/\"},{\"@type\":\"ListItem\",\"position\":3,\"name\":\"WOUF &#8211; M\u00e4rkmik, Cabana A5\"}]},{\"@type\":\"WebSite\",\"@id\":\"http:\/\/ruuby.ee\/#website\",\"url\":\"http:\/\/ruuby.ee\/\",\"name\":\"RUUBY\",\"description\":\"Ruubys on \u00fchendatud elustiil ja disain\",\"publisher\":{\"@id\":\"http:\/\/ruuby.ee\/#organization\"},\"alternateName\":\"Ruuby Disain\",\"potentialAction\":[{\"@type\":\"SearchAction\",\"target\":{\"@type\":\"EntryPoint\",\"urlTemplate\":\"http:\/\/ruuby.ee\/?s={search_term_string}\"},\"query-input\":{\"@type\":\"PropertyValueSpecification\",\"valueRequired\":true,\"valueName\":\"search_term_string\"}}],\"inLanguage\":\"en-GB\"},{\"@type\":\"Organization\",\"@id\":\"http:\/\/ruuby.ee\/#organization\",\"name\":\"Ruuby Disain O\u00dc\",\"alternateName\":\"Ruuby\",\"url\":\"http:\/\/ruuby.ee\/\",\"logo\":{\"@type\":\"ImageObject\",\"inLanguage\":\"en-GB\",\"@id\":\"http:\/\/ruuby.ee\/#\/schema\/logo\/image\/\",\"url\":\"https:\/\/ruuby.ee\/wp-content\/uploads\/2023\/06\/cropped-Black-White-Elegant-Circle-Signature-Fashion-Logo-12_large.png\",\"contentUrl\":\"https:\/\/ruuby.ee\/wp-content\/uploads\/2023\/06\/cropped-Black-White-Elegant-Circle-Signature-Fashion-Logo-12_large.png\",\"width\":1280,\"height\":747,\"caption\":\"Ruuby Disain O\u00dc\"},\"image\":{\"@id\":\"http:\/\/ruuby.ee\/#\/schema\/logo\/image\/\"},\"sameAs\":[\"https:\/\/www.facebook.com\/ruubyconcept\",\"https:\/\/www.instagram.com\/ruuby_concept\/\"]}]}<\/script>\n<!-- \/ Yoast SEO plugin. -->","yoast_head_json":{"title":"WOUF - M\u00e4rkmik, Cabana A5 - RUUBY","robots":{"index":"index","follow":"follow","max-snippet":"max-snippet:-1","max-image-preview":"max-image-preview:large","max-video-preview":"max-video-preview:-1"},"canonical":"https:\/\/ruuby.ee\/en\/pood\/lapsed\/meisterdamine\/markmikud\/wouf-markmik-cabana-a5\/","og_locale":"en_GB","og_type":"article","og_title":"WOUF - M\u00e4rkmik, Cabana A5 - RUUBY","og_description":"Cabana A5 paberm\u00e4rkmik, mis sobib ideaalselt m\u00e4rkmete tegemiseks ja p\u00e4eviku pidamiseks.","og_url":"https:\/\/ruuby.ee\/en\/pood\/lapsed\/meisterdamine\/markmikud\/wouf-markmik-cabana-a5\/","og_site_name":"RUUBY","article_publisher":"https:\/\/www.facebook.com\/ruubyconcept","article_modified_time":"2026-04-04T22:25:20+00:00","og_image":[{"width":936,"height":1178,"url":"https:\/\/ruuby.ee\/wp-content\/uploads\/2025\/05\/Screenshot-2025-05-05-at-12.14.16.png","type":"image\/png"}],"twitter_card":"summary_large_image","twitter_misc":{"Estimated reading time":"1 minute"},"schema":{"@context":"https:\/\/schema.org","@graph":[{"@type":["WebPage","ItemPage"],"@id":"https:\/\/ruuby.ee\/pood\/lapsed\/meisterdamine\/markmikud\/wouf-markmik-cabana-a5\/","url":"https:\/\/ruuby.ee\/pood\/lapsed\/meisterdamine\/markmikud\/wouf-markmik-cabana-a5\/","name":"WOUF - M\u00e4rkmik, Cabana A5 - RUUBY","isPartOf":{"@id":"http:\/\/ruuby.ee\/#website"},"primaryImageOfPage":{"@id":"https:\/\/ruuby.ee\/pood\/lapsed\/meisterdamine\/markmikud\/wouf-markmik-cabana-a5\/#primaryimage"},"image":{"@id":"https:\/\/ruuby.ee\/pood\/lapsed\/meisterdamine\/markmikud\/wouf-markmik-cabana-a5\/#primaryimage"},"thumbnailUrl":"https:\/\/ruuby.ee\/wp-content\/uploads\/2025\/05\/Screenshot-2025-05-05-at-12.14.16.png","datePublished":"2025-05-05T09:14:57+00:00","dateModified":"2026-04-04T22:25:20+00:00","breadcrumb":{"@id":"https:\/\/ruuby.ee\/pood\/lapsed\/meisterdamine\/markmikud\/wouf-markmik-cabana-a5\/#breadcrumb"},"inLanguage":"en-GB","potentialAction":[{"@type":"ReadAction","target":["https:\/\/ruuby.ee\/pood\/lapsed\/meisterdamine\/markmikud\/wouf-markmik-cabana-a5\/"]}]},{"@type":"ImageObject","inLanguage":"en-GB","@id":"https:\/\/ruuby.ee\/pood\/lapsed\/meisterdamine\/markmikud\/wouf-markmik-cabana-a5\/#primaryimage","url":"https:\/\/ruuby.ee\/wp-content\/uploads\/2025\/05\/Screenshot-2025-05-05-at-12.14.16.png","contentUrl":"https:\/\/ruuby.ee\/wp-content\/uploads\/2025\/05\/Screenshot-2025-05-05-at-12.14.16.png","width":936,"height":1178},{"@type":"BreadcrumbList","@id":"https:\/\/ruuby.ee\/pood\/lapsed\/meisterdamine\/markmikud\/wouf-markmik-cabana-a5\/#breadcrumb","itemListElement":[{"@type":"ListItem","position":1,"name":"Kdu","item":"http:\/\/ruuby.ee\/"},{"@type":"ListItem","position":2,"name":"Pood","item":"https:\/\/ruuby.ee\/en\/pood\/"},{"@type":"ListItem","position":3,"name":"WOUF &#8211; M\u00e4rkmik, Cabana A5"}]},{"@type":"WebSite","@id":"http:\/\/ruuby.ee\/#website","url":"http:\/\/ruuby.ee\/","name":"RUUBY","description":"Ruubys on \u00fchendatud elustiil ja disain","publisher":{"@id":"http:\/\/ruuby.ee\/#organization"},"alternateName":"Ruuby Disain","potentialAction":[{"@type":"SearchAction","target":{"@type":"EntryPoint","urlTemplate":"http:\/\/ruuby.ee\/?s={search_term_string}"},"query-input":{"@type":"PropertyValueSpecification","valueRequired":true,"valueName":"search_term_string"}}],"inLanguage":"en-GB"},{"@type":"Organization","@id":"http:\/\/ruuby.ee\/#organization","name":"Ruuby Disain O\u00dc","alternateName":"Ruuby","url":"http:\/\/ruuby.ee\/","logo":{"@type":"ImageObject","inLanguage":"en-GB","@id":"http:\/\/ruuby.ee\/#\/schema\/logo\/image\/","url":"https:\/\/ruuby.ee\/wp-content\/uploads\/2023\/06\/cropped-Black-White-Elegant-Circle-Signature-Fashion-Logo-12_large.png","contentUrl":"https:\/\/ruuby.ee\/wp-content\/uploads\/2023\/06\/cropped-Black-White-Elegant-Circle-Signature-Fashion-Logo-12_large.png","width":1280,"height":747,"caption":"Ruuby Disain O\u00dc"},"image":{"@id":"http:\/\/ruuby.ee\/#\/schema\/logo\/image\/"},"sameAs":["https:\/\/www.facebook.com\/ruubyconcept","https:\/\/www.instagram.com\/ruuby_concept\/"]}]}},"jetpack_sharing_enabled":true,"_links":{"self":[{"href":"https:\/\/ruuby.ee\/en\/wp-json\/wp\/v2\/product\/1853152","targetHints":{"allow":["GET"]}}],"collection":[{"href":"https:\/\/ruuby.ee\/en\/wp-json\/wp\/v2\/product"}],"about":[{"href":"https:\/\/ruuby.ee\/en\/wp-json\/wp\/v2\/types\/product"}],"replies":[{"embeddable":true,"href":"https:\/\/ruuby.ee\/en\/wp-json\/wp\/v2\/comments?post=1853152"}],"wp:featuredmedia":[{"embeddable":true,"href":"https:\/\/ruuby.ee\/en\/wp-json\/wp\/v2\/media\/1853153"}],"wp:attachment":[{"href":"https:\/\/ruuby.ee\/en\/wp-json\/wp\/v2\/media?parent=1853152"}],"wp:term":[{"taxonomy":"product_brand","embeddable":true,"href":"https:\/\/ruuby.ee\/en\/wp-json\/wp\/v2\/product_brand?post=1853152"},{"taxonomy":"product_cat","embeddable":true,"href":"https:\/\/ruuby.ee\/en\/wp-json\/wp\/v2\/product_cat?post=1853152"},{"taxonomy":"product_tag","embeddable":true,"href":"https:\/\/ruuby.ee\/en\/wp-json\/wp\/v2\/product_tag?post=1853152"}],"curies":[{"name":"wp","href":"https:\/\/api.w.org\/{rel}","templated":true}]}}