{"id":1853111,"date":"2025-05-01T21:29:44","date_gmt":"2025-05-01T18:29:44","guid":{"rendered":"http:\/\/ruuby.ee\/?post_type=product&#038;p=1853111"},"modified":"2026-04-08T01:28:25","modified_gmt":"2026-04-07T22:28:25","slug":"omy-kleepsu-raamat-dino","status":"publish","type":"product","link":"https:\/\/ruuby.ee\/en\/pood\/lapsed\/meisterdamine\/kleepimine\/omy-kleepsu-raamat-dino\/","title":{"rendered":"OMY &#8211; Kleepsu raamat, DINO"},"content":{"rendered":"<p>Tegevusvihik l\u00f5busate neoon-, kuld- ja holograafiliste kleebistega, millel on ikoonilised OMY illustratsioonid. Ideaalne suurus, et pisikesi l\u00f5bustada, stseene taasluua ja kujutlusv\u00f5imet arendada.<\/p>\n<p>Samuti on sellel h\u00f5lpsasti riputatav disain.<\/p>\n<p>Alates 4. eluaastast<\/p>\n<p>75 kleebist + 10 lehte kohandamiseks<br \/>\nSuurus: 21,5 x 15,3 x 1,2 cm<br \/>\nDisainitud ja valmistatud Prantsusmaal OMY poolt<\/p>","protected":false},"excerpt":{"rendered":"<p>L\u00f5bus tegevusraamat, mis s\u00fctitab pisikeste loovust alates 4. eluaastast!Hea v\u00e4ike, et k\u00f5ikjale kaasa v\u00f5tta. Autoreisid ja lennureised on n\u00fc\u00fcd palju lihtsamad!<\/p>\n<p>Kui tegevus on tehtud, muutub iga leht postkaardiks, mida saad oma s\u00f5pradele saata!<\/p>","protected":false},"featured_media":1853112,"comment_status":"open","ping_status":"closed","template":"","meta":[],"product_brand":[],"product_cat":[660,67],"product_tag":[],"class_list":{"0":"post-1853111","1":"product","2":"type-product","3":"status-publish","4":"has-post-thumbnail","6":"product_cat-kleepimine","7":"product_cat-meisterdamine","9":"first","10":"instock","11":"taxable","12":"shipping-taxable","13":"purchasable","14":"product-type-simple"},"yoast_head":"<!-- This site is optimized with the Yoast SEO plugin v27.3 - https:\/\/yoast.com\/product\/yoast-seo-wordpress\/ -->\n<title>OMY - Kleepsu raamat, DINO - RUUBY<\/title>\n<meta name=\"robots\" content=\"index, follow, max-snippet:-1, max-image-preview:large, max-video-preview:-1\" \/>\n<link rel=\"canonical\" href=\"https:\/\/ruuby.ee\/en\/pood\/lapsed\/meisterdamine\/kleepimine\/omy-kleepsu-raamat-dino\/\" \/>\n<meta property=\"og:locale\" content=\"en_GB\" \/>\n<meta property=\"og:type\" content=\"article\" \/>\n<meta property=\"og:title\" content=\"OMY - Kleepsu raamat, DINO - RUUBY\" \/>\n<meta property=\"og:description\" content=\"L\u00f5bus tegevusraamat, mis s\u00fctitab pisikeste loovust alates 4. eluaastast!Hea v\u00e4ike, et k\u00f5ikjale kaasa v\u00f5tta. Autoreisid ja lennureised on n\u00fc\u00fcd palju lihtsamad!  Kui tegevus on tehtud, muutub iga leht postkaardiks, mida saad oma s\u00f5pradele saata!\" \/>\n<meta property=\"og:url\" content=\"https:\/\/ruuby.ee\/en\/pood\/lapsed\/meisterdamine\/kleepimine\/omy-kleepsu-raamat-dino\/\" \/>\n<meta property=\"og:site_name\" content=\"RUUBY\" \/>\n<meta property=\"article:publisher\" content=\"https:\/\/www.facebook.com\/ruubyconcept\" \/>\n<meta property=\"article:modified_time\" content=\"2026-04-07T22:28:25+00:00\" \/>\n<meta property=\"og:image\" content=\"https:\/\/ruuby.ee\/wp-content\/uploads\/2025\/05\/Screenshot-2025-05-01-at-21.29.05.png\" \/>\n\t<meta property=\"og:image:width\" content=\"1366\" \/>\n\t<meta property=\"og:image:height\" content=\"1262\" \/>\n\t<meta property=\"og:image:type\" content=\"image\/png\" \/>\n<meta name=\"twitter:card\" content=\"summary_large_image\" \/>\n<meta name=\"twitter:label1\" content=\"Estimated reading time\" \/>\n\t<meta name=\"twitter:data1\" content=\"1 minute\" \/>\n<script type=\"application\/ld+json\" class=\"yoast-schema-graph\">{\"@context\":\"https:\\\/\\\/schema.org\",\"@graph\":[{\"@type\":[\"WebPage\",\"ItemPage\"],\"@id\":\"https:\\\/\\\/ruuby.ee\\\/pood\\\/lapsed\\\/meisterdamine\\\/kleepimine\\\/omy-kleepsu-raamat-dino\\\/\",\"url\":\"https:\\\/\\\/ruuby.ee\\\/pood\\\/lapsed\\\/meisterdamine\\\/kleepimine\\\/omy-kleepsu-raamat-dino\\\/\",\"name\":\"OMY - Kleepsu raamat, DINO - RUUBY\",\"isPartOf\":{\"@id\":\"http:\\\/\\\/ruuby.ee\\\/en\\\/#website\"},\"primaryImageOfPage\":{\"@id\":\"https:\\\/\\\/ruuby.ee\\\/pood\\\/lapsed\\\/meisterdamine\\\/kleepimine\\\/omy-kleepsu-raamat-dino\\\/#primaryimage\"},\"image\":{\"@id\":\"https:\\\/\\\/ruuby.ee\\\/pood\\\/lapsed\\\/meisterdamine\\\/kleepimine\\\/omy-kleepsu-raamat-dino\\\/#primaryimage\"},\"thumbnailUrl\":\"https:\\\/\\\/ruuby.ee\\\/wp-content\\\/uploads\\\/2025\\\/05\\\/Screenshot-2025-05-01-at-21.29.05.png\",\"datePublished\":\"2025-05-01T18:29:44+00:00\",\"dateModified\":\"2026-04-07T22:28:25+00:00\",\"breadcrumb\":{\"@id\":\"https:\\\/\\\/ruuby.ee\\\/pood\\\/lapsed\\\/meisterdamine\\\/kleepimine\\\/omy-kleepsu-raamat-dino\\\/#breadcrumb\"},\"inLanguage\":\"en-GB\",\"potentialAction\":[{\"@type\":\"ReadAction\",\"target\":[\"https:\\\/\\\/ruuby.ee\\\/pood\\\/lapsed\\\/meisterdamine\\\/kleepimine\\\/omy-kleepsu-raamat-dino\\\/\"]}]},{\"@type\":\"ImageObject\",\"inLanguage\":\"en-GB\",\"@id\":\"https:\\\/\\\/ruuby.ee\\\/pood\\\/lapsed\\\/meisterdamine\\\/kleepimine\\\/omy-kleepsu-raamat-dino\\\/#primaryimage\",\"url\":\"https:\\\/\\\/ruuby.ee\\\/wp-content\\\/uploads\\\/2025\\\/05\\\/Screenshot-2025-05-01-at-21.29.05.png\",\"contentUrl\":\"https:\\\/\\\/ruuby.ee\\\/wp-content\\\/uploads\\\/2025\\\/05\\\/Screenshot-2025-05-01-at-21.29.05.png\",\"width\":1366,\"height\":1262},{\"@type\":\"BreadcrumbList\",\"@id\":\"https:\\\/\\\/ruuby.ee\\\/pood\\\/lapsed\\\/meisterdamine\\\/kleepimine\\\/omy-kleepsu-raamat-dino\\\/#breadcrumb\",\"itemListElement\":[{\"@type\":\"ListItem\",\"position\":1,\"name\":\"Kdu\",\"item\":\"http:\\\/\\\/ruuby.ee\\\/en\\\/\"},{\"@type\":\"ListItem\",\"position\":2,\"name\":\"Pood\",\"item\":\"http:\\\/\\\/ruuby.ee\\\/en\\\/pood\\\/\"},{\"@type\":\"ListItem\",\"position\":3,\"name\":\"OMY &#8211; Kleepsu raamat, DINO\"}]},{\"@type\":\"WebSite\",\"@id\":\"http:\\\/\\\/ruuby.ee\\\/en\\\/#website\",\"url\":\"http:\\\/\\\/ruuby.ee\\\/en\\\/\",\"name\":\"RUUBY\",\"description\":\"Ruubys on \u00fchendatud elustiil ja disain\",\"publisher\":{\"@id\":\"http:\\\/\\\/ruuby.ee\\\/en\\\/#organization\"},\"alternateName\":\"Ruuby Disain\",\"potentialAction\":[{\"@type\":\"SearchAction\",\"target\":{\"@type\":\"EntryPoint\",\"urlTemplate\":\"http:\\\/\\\/ruuby.ee\\\/en\\\/?s={search_term_string}\"},\"query-input\":{\"@type\":\"PropertyValueSpecification\",\"valueRequired\":true,\"valueName\":\"search_term_string\"}}],\"inLanguage\":\"en-GB\"},{\"@type\":\"Organization\",\"@id\":\"http:\\\/\\\/ruuby.ee\\\/en\\\/#organization\",\"name\":\"Ruuby Disain O\u00dc\",\"alternateName\":\"Ruuby\",\"url\":\"http:\\\/\\\/ruuby.ee\\\/en\\\/\",\"logo\":{\"@type\":\"ImageObject\",\"inLanguage\":\"en-GB\",\"@id\":\"http:\\\/\\\/ruuby.ee\\\/en\\\/#\\\/schema\\\/logo\\\/image\\\/\",\"url\":\"https:\\\/\\\/ruuby.ee\\\/wp-content\\\/uploads\\\/2023\\\/06\\\/cropped-Black-White-Elegant-Circle-Signature-Fashion-Logo-12_large.png\",\"contentUrl\":\"https:\\\/\\\/ruuby.ee\\\/wp-content\\\/uploads\\\/2023\\\/06\\\/cropped-Black-White-Elegant-Circle-Signature-Fashion-Logo-12_large.png\",\"width\":1280,\"height\":747,\"caption\":\"Ruuby Disain O\u00dc\"},\"image\":{\"@id\":\"http:\\\/\\\/ruuby.ee\\\/en\\\/#\\\/schema\\\/logo\\\/image\\\/\"},\"sameAs\":[\"https:\\\/\\\/www.facebook.com\\\/ruubyconcept\",\"https:\\\/\\\/www.instagram.com\\\/ruuby_concept\\\/\"]}]}<\/script>\n<!-- \/ Yoast SEO plugin. -->","yoast_head_json":{"title":"OMY - Kleepsu raamat, DINO - RUUBY","robots":{"index":"index","follow":"follow","max-snippet":"max-snippet:-1","max-image-preview":"max-image-preview:large","max-video-preview":"max-video-preview:-1"},"canonical":"https:\/\/ruuby.ee\/en\/pood\/lapsed\/meisterdamine\/kleepimine\/omy-kleepsu-raamat-dino\/","og_locale":"en_GB","og_type":"article","og_title":"OMY - Kleepsu raamat, DINO - RUUBY","og_description":"L\u00f5bus tegevusraamat, mis s\u00fctitab pisikeste loovust alates 4. eluaastast!Hea v\u00e4ike, et k\u00f5ikjale kaasa v\u00f5tta. Autoreisid ja lennureised on n\u00fc\u00fcd palju lihtsamad!  Kui tegevus on tehtud, muutub iga leht postkaardiks, mida saad oma s\u00f5pradele saata!","og_url":"https:\/\/ruuby.ee\/en\/pood\/lapsed\/meisterdamine\/kleepimine\/omy-kleepsu-raamat-dino\/","og_site_name":"RUUBY","article_publisher":"https:\/\/www.facebook.com\/ruubyconcept","article_modified_time":"2026-04-07T22:28:25+00:00","og_image":[{"width":1366,"height":1262,"url":"https:\/\/ruuby.ee\/wp-content\/uploads\/2025\/05\/Screenshot-2025-05-01-at-21.29.05.png","type":"image\/png"}],"twitter_card":"summary_large_image","twitter_misc":{"Estimated reading time":"1 minute"},"schema":{"@context":"https:\/\/schema.org","@graph":[{"@type":["WebPage","ItemPage"],"@id":"https:\/\/ruuby.ee\/pood\/lapsed\/meisterdamine\/kleepimine\/omy-kleepsu-raamat-dino\/","url":"https:\/\/ruuby.ee\/pood\/lapsed\/meisterdamine\/kleepimine\/omy-kleepsu-raamat-dino\/","name":"OMY - Kleepsu raamat, DINO - RUUBY","isPartOf":{"@id":"http:\/\/ruuby.ee\/en\/#website"},"primaryImageOfPage":{"@id":"https:\/\/ruuby.ee\/pood\/lapsed\/meisterdamine\/kleepimine\/omy-kleepsu-raamat-dino\/#primaryimage"},"image":{"@id":"https:\/\/ruuby.ee\/pood\/lapsed\/meisterdamine\/kleepimine\/omy-kleepsu-raamat-dino\/#primaryimage"},"thumbnailUrl":"https:\/\/ruuby.ee\/wp-content\/uploads\/2025\/05\/Screenshot-2025-05-01-at-21.29.05.png","datePublished":"2025-05-01T18:29:44+00:00","dateModified":"2026-04-07T22:28:25+00:00","breadcrumb":{"@id":"https:\/\/ruuby.ee\/pood\/lapsed\/meisterdamine\/kleepimine\/omy-kleepsu-raamat-dino\/#breadcrumb"},"inLanguage":"en-GB","potentialAction":[{"@type":"ReadAction","target":["https:\/\/ruuby.ee\/pood\/lapsed\/meisterdamine\/kleepimine\/omy-kleepsu-raamat-dino\/"]}]},{"@type":"ImageObject","inLanguage":"en-GB","@id":"https:\/\/ruuby.ee\/pood\/lapsed\/meisterdamine\/kleepimine\/omy-kleepsu-raamat-dino\/#primaryimage","url":"https:\/\/ruuby.ee\/wp-content\/uploads\/2025\/05\/Screenshot-2025-05-01-at-21.29.05.png","contentUrl":"https:\/\/ruuby.ee\/wp-content\/uploads\/2025\/05\/Screenshot-2025-05-01-at-21.29.05.png","width":1366,"height":1262},{"@type":"BreadcrumbList","@id":"https:\/\/ruuby.ee\/pood\/lapsed\/meisterdamine\/kleepimine\/omy-kleepsu-raamat-dino\/#breadcrumb","itemListElement":[{"@type":"ListItem","position":1,"name":"Kdu","item":"http:\/\/ruuby.ee\/en\/"},{"@type":"ListItem","position":2,"name":"Pood","item":"http:\/\/ruuby.ee\/en\/pood\/"},{"@type":"ListItem","position":3,"name":"OMY &#8211; Kleepsu raamat, DINO"}]},{"@type":"WebSite","@id":"http:\/\/ruuby.ee\/en\/#website","url":"http:\/\/ruuby.ee\/en\/","name":"RUUBY","description":"Ruubys on \u00fchendatud elustiil ja disain","publisher":{"@id":"http:\/\/ruuby.ee\/en\/#organization"},"alternateName":"Ruuby Disain","potentialAction":[{"@type":"SearchAction","target":{"@type":"EntryPoint","urlTemplate":"http:\/\/ruuby.ee\/en\/?s={search_term_string}"},"query-input":{"@type":"PropertyValueSpecification","valueRequired":true,"valueName":"search_term_string"}}],"inLanguage":"en-GB"},{"@type":"Organization","@id":"http:\/\/ruuby.ee\/en\/#organization","name":"Ruuby Disain O\u00dc","alternateName":"Ruuby","url":"http:\/\/ruuby.ee\/en\/","logo":{"@type":"ImageObject","inLanguage":"en-GB","@id":"http:\/\/ruuby.ee\/en\/#\/schema\/logo\/image\/","url":"https:\/\/ruuby.ee\/wp-content\/uploads\/2023\/06\/cropped-Black-White-Elegant-Circle-Signature-Fashion-Logo-12_large.png","contentUrl":"https:\/\/ruuby.ee\/wp-content\/uploads\/2023\/06\/cropped-Black-White-Elegant-Circle-Signature-Fashion-Logo-12_large.png","width":1280,"height":747,"caption":"Ruuby Disain O\u00dc"},"image":{"@id":"http:\/\/ruuby.ee\/en\/#\/schema\/logo\/image\/"},"sameAs":["https:\/\/www.facebook.com\/ruubyconcept","https:\/\/www.instagram.com\/ruuby_concept\/"]}]}},"jetpack_sharing_enabled":true,"_links":{"self":[{"href":"https:\/\/ruuby.ee\/en\/wp-json\/wp\/v2\/product\/1853111","targetHints":{"allow":["GET"]}}],"collection":[{"href":"https:\/\/ruuby.ee\/en\/wp-json\/wp\/v2\/product"}],"about":[{"href":"https:\/\/ruuby.ee\/en\/wp-json\/wp\/v2\/types\/product"}],"replies":[{"embeddable":true,"href":"https:\/\/ruuby.ee\/en\/wp-json\/wp\/v2\/comments?post=1853111"}],"wp:featuredmedia":[{"embeddable":true,"href":"https:\/\/ruuby.ee\/en\/wp-json\/wp\/v2\/media\/1853112"}],"wp:attachment":[{"href":"https:\/\/ruuby.ee\/en\/wp-json\/wp\/v2\/media?parent=1853111"}],"wp:term":[{"taxonomy":"product_brand","embeddable":true,"href":"https:\/\/ruuby.ee\/en\/wp-json\/wp\/v2\/product_brand?post=1853111"},{"taxonomy":"product_cat","embeddable":true,"href":"https:\/\/ruuby.ee\/en\/wp-json\/wp\/v2\/product_cat?post=1853111"},{"taxonomy":"product_tag","embeddable":true,"href":"https:\/\/ruuby.ee\/en\/wp-json\/wp\/v2\/product_tag?post=1853111"}],"curies":[{"name":"wp","href":"https:\/\/api.w.org\/{rel}","templated":true}]}}