{"id":1853092,"date":"2025-05-01T21:04:25","date_gmt":"2025-05-01T18:04:25","guid":{"rendered":"http:\/\/ruuby.ee\/?post_type=product&#038;p=1853092"},"modified":"2026-04-08T01:28:25","modified_gmt":"2026-04-07T22:28:25","slug":"omy-kleebi-numbrite-jargi-street","status":"publish","type":"product","link":"https:\/\/ruuby.ee\/en\/pood\/lapsed\/meisterdamine\/kleepimine\/omy-kleebi-numbrite-jargi-street\/","title":{"rendered":"OMY &#8211; Kleebi numbrite j\u00e4rgi, STREET"},"content":{"rendered":"<p>See m\u00e4rkmik sisaldab 200 neoonnumbriga kleebist, mis sobivad 10 ikoonilise OMY kujundusega illustratsioonile \u2013 k\u00f5ik lahedas ja l\u00f5busas stiilis!<\/p>\n<p>Kui tegevus on tehtud, muutub iga leht postkaardiks, mida saad s\u00f5pradele saata!<\/p>\n<p>M\u00f5eldud alates 6. eluaastast.<\/p>\n<p>-200 kleepsu<br \/>\n-10 kaarti<br \/>\nSuurus: 22 x 13,7 x 1,2 cm<br \/>\nDisainitud ja valmistatud Prantsusmaal OMY poolt<\/p>","protected":false},"excerpt":{"rendered":"<p>See m\u00e4rkmik sisaldab 200 neoonnumbriga kleebist, mis sobivad 10 ikoonilise OMY kujundusega illustratsioonile \u2013 k\u00f5ik lahedas ja l\u00f5busas stiilis! Kui tegevus on tehtud, muutub iga leht postkaardiks, mida saad s\u00f5pradele saata! M\u00f5eldud alates 6. eluaastast. -200 kleepsu -10 kaarti Suurus: 22 x 13,7 x 1,2 cm Disainitud ja valmistatud Prantsusmaal OMY poolt<\/p>","protected":false},"featured_media":1853098,"comment_status":"open","ping_status":"closed","template":"","meta":[],"product_brand":[],"product_cat":[660,67],"product_tag":[],"class_list":{"0":"post-1853092","1":"product","2":"type-product","3":"status-publish","4":"has-post-thumbnail","6":"product_cat-kleepimine","7":"product_cat-meisterdamine","9":"first","10":"instock","11":"taxable","12":"shipping-taxable","13":"purchasable","14":"product-type-simple"},"yoast_head":"<!-- This site is optimized with the Yoast SEO plugin v27.3 - https:\/\/yoast.com\/product\/yoast-seo-wordpress\/ -->\n<title>OMY - Kleebi numbrite j\u00e4rgi, STREET - RUUBY<\/title>\n<meta name=\"robots\" content=\"index, follow, max-snippet:-1, max-image-preview:large, max-video-preview:-1\" \/>\n<link rel=\"canonical\" href=\"http:\/\/ruuby.ee\/en\/pood\/lapsed\/meisterdamine\/kleepimine\/omy-kleebi-numbrite-jargi-street\/\" \/>\n<meta property=\"og:locale\" content=\"en_GB\" \/>\n<meta property=\"og:type\" content=\"article\" \/>\n<meta property=\"og:title\" content=\"OMY - Kleebi numbrite j\u00e4rgi, STREET - RUUBY\" \/>\n<meta property=\"og:description\" content=\"See m\u00e4rkmik sisaldab 200 neoonnumbriga kleebist, mis sobivad 10 ikoonilise OMY kujundusega illustratsioonile \u2013 k\u00f5ik lahedas ja l\u00f5busas stiilis! Kui tegevus on tehtud, muutub iga leht postkaardiks, mida saad s\u00f5pradele saata! M\u00f5eldud alates 6. eluaastast. -200 kleepsu -10 kaarti Suurus: 22 x 13,7 x 1,2 cm Disainitud ja valmistatud Prantsusmaal OMY poolt\" \/>\n<meta property=\"og:url\" content=\"http:\/\/ruuby.ee\/en\/pood\/lapsed\/meisterdamine\/kleepimine\/omy-kleebi-numbrite-jargi-street\/\" \/>\n<meta property=\"og:site_name\" content=\"RUUBY\" \/>\n<meta property=\"article:publisher\" content=\"https:\/\/www.facebook.com\/ruubyconcept\" \/>\n<meta property=\"article:modified_time\" content=\"2026-04-07T22:28:25+00:00\" \/>\n<meta property=\"og:image\" content=\"http:\/\/ruuby.ee\/wp-content\/uploads\/2025\/05\/Screenshot-2025-05-01-at-21.02.14.png\" \/>\n\t<meta property=\"og:image:width\" content=\"1370\" \/>\n\t<meta property=\"og:image:height\" content=\"1258\" \/>\n\t<meta property=\"og:image:type\" content=\"image\/png\" \/>\n<meta name=\"twitter:card\" content=\"summary_large_image\" \/>\n<meta name=\"twitter:label1\" content=\"Estimated reading time\" \/>\n\t<meta name=\"twitter:data1\" content=\"1 minute\" \/>\n<script type=\"application\/ld+json\" class=\"yoast-schema-graph\">{\"@context\":\"https:\\\/\\\/schema.org\",\"@graph\":[{\"@type\":[\"WebPage\",\"ItemPage\"],\"@id\":\"http:\\\/\\\/ruuby.ee\\\/pood\\\/lapsed\\\/meisterdamine\\\/kleepimine\\\/omy-kleebi-numbrite-jargi-street\\\/\",\"url\":\"http:\\\/\\\/ruuby.ee\\\/pood\\\/lapsed\\\/meisterdamine\\\/kleepimine\\\/omy-kleebi-numbrite-jargi-street\\\/\",\"name\":\"OMY - Kleebi numbrite j\u00e4rgi, STREET - RUUBY\",\"isPartOf\":{\"@id\":\"http:\\\/\\\/ruuby.ee\\\/en\\\/#website\"},\"primaryImageOfPage\":{\"@id\":\"http:\\\/\\\/ruuby.ee\\\/pood\\\/lapsed\\\/meisterdamine\\\/kleepimine\\\/omy-kleebi-numbrite-jargi-street\\\/#primaryimage\"},\"image\":{\"@id\":\"http:\\\/\\\/ruuby.ee\\\/pood\\\/lapsed\\\/meisterdamine\\\/kleepimine\\\/omy-kleebi-numbrite-jargi-street\\\/#primaryimage\"},\"thumbnailUrl\":\"https:\\\/\\\/ruuby.ee\\\/wp-content\\\/uploads\\\/2025\\\/05\\\/Screenshot-2025-05-01-at-21.02.14.png\",\"datePublished\":\"2025-05-01T18:04:25+00:00\",\"dateModified\":\"2026-04-07T22:28:25+00:00\",\"breadcrumb\":{\"@id\":\"http:\\\/\\\/ruuby.ee\\\/pood\\\/lapsed\\\/meisterdamine\\\/kleepimine\\\/omy-kleebi-numbrite-jargi-street\\\/#breadcrumb\"},\"inLanguage\":\"en-GB\",\"potentialAction\":[{\"@type\":\"ReadAction\",\"target\":[\"http:\\\/\\\/ruuby.ee\\\/pood\\\/lapsed\\\/meisterdamine\\\/kleepimine\\\/omy-kleebi-numbrite-jargi-street\\\/\"]}]},{\"@type\":\"ImageObject\",\"inLanguage\":\"en-GB\",\"@id\":\"http:\\\/\\\/ruuby.ee\\\/pood\\\/lapsed\\\/meisterdamine\\\/kleepimine\\\/omy-kleebi-numbrite-jargi-street\\\/#primaryimage\",\"url\":\"https:\\\/\\\/ruuby.ee\\\/wp-content\\\/uploads\\\/2025\\\/05\\\/Screenshot-2025-05-01-at-21.02.14.png\",\"contentUrl\":\"https:\\\/\\\/ruuby.ee\\\/wp-content\\\/uploads\\\/2025\\\/05\\\/Screenshot-2025-05-01-at-21.02.14.png\",\"width\":1370,\"height\":1258},{\"@type\":\"BreadcrumbList\",\"@id\":\"http:\\\/\\\/ruuby.ee\\\/pood\\\/lapsed\\\/meisterdamine\\\/kleepimine\\\/omy-kleebi-numbrite-jargi-street\\\/#breadcrumb\",\"itemListElement\":[{\"@type\":\"ListItem\",\"position\":1,\"name\":\"Kdu\",\"item\":\"http:\\\/\\\/ruuby.ee\\\/en\\\/\"},{\"@type\":\"ListItem\",\"position\":2,\"name\":\"Pood\",\"item\":\"http:\\\/\\\/ruuby.ee\\\/en\\\/pood\\\/\"},{\"@type\":\"ListItem\",\"position\":3,\"name\":\"OMY &#8211; Kleebi numbrite j\u00e4rgi, STREET\"}]},{\"@type\":\"WebSite\",\"@id\":\"http:\\\/\\\/ruuby.ee\\\/en\\\/#website\",\"url\":\"http:\\\/\\\/ruuby.ee\\\/en\\\/\",\"name\":\"RUUBY\",\"description\":\"Ruubys on \u00fchendatud elustiil ja disain\",\"publisher\":{\"@id\":\"http:\\\/\\\/ruuby.ee\\\/en\\\/#organization\"},\"alternateName\":\"Ruuby Disain\",\"potentialAction\":[{\"@type\":\"SearchAction\",\"target\":{\"@type\":\"EntryPoint\",\"urlTemplate\":\"http:\\\/\\\/ruuby.ee\\\/en\\\/?s={search_term_string}\"},\"query-input\":{\"@type\":\"PropertyValueSpecification\",\"valueRequired\":true,\"valueName\":\"search_term_string\"}}],\"inLanguage\":\"en-GB\"},{\"@type\":\"Organization\",\"@id\":\"http:\\\/\\\/ruuby.ee\\\/en\\\/#organization\",\"name\":\"Ruuby Disain O\u00dc\",\"alternateName\":\"Ruuby\",\"url\":\"http:\\\/\\\/ruuby.ee\\\/en\\\/\",\"logo\":{\"@type\":\"ImageObject\",\"inLanguage\":\"en-GB\",\"@id\":\"http:\\\/\\\/ruuby.ee\\\/en\\\/#\\\/schema\\\/logo\\\/image\\\/\",\"url\":\"https:\\\/\\\/ruuby.ee\\\/wp-content\\\/uploads\\\/2023\\\/06\\\/cropped-Black-White-Elegant-Circle-Signature-Fashion-Logo-12_large.png\",\"contentUrl\":\"https:\\\/\\\/ruuby.ee\\\/wp-content\\\/uploads\\\/2023\\\/06\\\/cropped-Black-White-Elegant-Circle-Signature-Fashion-Logo-12_large.png\",\"width\":1280,\"height\":747,\"caption\":\"Ruuby Disain O\u00dc\"},\"image\":{\"@id\":\"http:\\\/\\\/ruuby.ee\\\/en\\\/#\\\/schema\\\/logo\\\/image\\\/\"},\"sameAs\":[\"https:\\\/\\\/www.facebook.com\\\/ruubyconcept\",\"https:\\\/\\\/www.instagram.com\\\/ruuby_concept\\\/\"]}]}<\/script>\n<!-- \/ Yoast SEO plugin. -->","yoast_head_json":{"title":"OMY - Kleebi numbrite j\u00e4rgi, STREET - RUUBY","robots":{"index":"index","follow":"follow","max-snippet":"max-snippet:-1","max-image-preview":"max-image-preview:large","max-video-preview":"max-video-preview:-1"},"canonical":"http:\/\/ruuby.ee\/en\/pood\/lapsed\/meisterdamine\/kleepimine\/omy-kleebi-numbrite-jargi-street\/","og_locale":"en_GB","og_type":"article","og_title":"OMY - Kleebi numbrite j\u00e4rgi, STREET - RUUBY","og_description":"See m\u00e4rkmik sisaldab 200 neoonnumbriga kleebist, mis sobivad 10 ikoonilise OMY kujundusega illustratsioonile \u2013 k\u00f5ik lahedas ja l\u00f5busas stiilis! Kui tegevus on tehtud, muutub iga leht postkaardiks, mida saad s\u00f5pradele saata! M\u00f5eldud alates 6. eluaastast. -200 kleepsu -10 kaarti Suurus: 22 x 13,7 x 1,2 cm Disainitud ja valmistatud Prantsusmaal OMY poolt","og_url":"http:\/\/ruuby.ee\/en\/pood\/lapsed\/meisterdamine\/kleepimine\/omy-kleebi-numbrite-jargi-street\/","og_site_name":"RUUBY","article_publisher":"https:\/\/www.facebook.com\/ruubyconcept","article_modified_time":"2026-04-07T22:28:25+00:00","og_image":[{"width":1370,"height":1258,"url":"http:\/\/ruuby.ee\/wp-content\/uploads\/2025\/05\/Screenshot-2025-05-01-at-21.02.14.png","type":"image\/png"}],"twitter_card":"summary_large_image","twitter_misc":{"Estimated reading time":"1 minute"},"schema":{"@context":"https:\/\/schema.org","@graph":[{"@type":["WebPage","ItemPage"],"@id":"http:\/\/ruuby.ee\/pood\/lapsed\/meisterdamine\/kleepimine\/omy-kleebi-numbrite-jargi-street\/","url":"http:\/\/ruuby.ee\/pood\/lapsed\/meisterdamine\/kleepimine\/omy-kleebi-numbrite-jargi-street\/","name":"OMY - Kleebi numbrite j\u00e4rgi, STREET - RUUBY","isPartOf":{"@id":"http:\/\/ruuby.ee\/en\/#website"},"primaryImageOfPage":{"@id":"http:\/\/ruuby.ee\/pood\/lapsed\/meisterdamine\/kleepimine\/omy-kleebi-numbrite-jargi-street\/#primaryimage"},"image":{"@id":"http:\/\/ruuby.ee\/pood\/lapsed\/meisterdamine\/kleepimine\/omy-kleebi-numbrite-jargi-street\/#primaryimage"},"thumbnailUrl":"https:\/\/ruuby.ee\/wp-content\/uploads\/2025\/05\/Screenshot-2025-05-01-at-21.02.14.png","datePublished":"2025-05-01T18:04:25+00:00","dateModified":"2026-04-07T22:28:25+00:00","breadcrumb":{"@id":"http:\/\/ruuby.ee\/pood\/lapsed\/meisterdamine\/kleepimine\/omy-kleebi-numbrite-jargi-street\/#breadcrumb"},"inLanguage":"en-GB","potentialAction":[{"@type":"ReadAction","target":["http:\/\/ruuby.ee\/pood\/lapsed\/meisterdamine\/kleepimine\/omy-kleebi-numbrite-jargi-street\/"]}]},{"@type":"ImageObject","inLanguage":"en-GB","@id":"http:\/\/ruuby.ee\/pood\/lapsed\/meisterdamine\/kleepimine\/omy-kleebi-numbrite-jargi-street\/#primaryimage","url":"https:\/\/ruuby.ee\/wp-content\/uploads\/2025\/05\/Screenshot-2025-05-01-at-21.02.14.png","contentUrl":"https:\/\/ruuby.ee\/wp-content\/uploads\/2025\/05\/Screenshot-2025-05-01-at-21.02.14.png","width":1370,"height":1258},{"@type":"BreadcrumbList","@id":"http:\/\/ruuby.ee\/pood\/lapsed\/meisterdamine\/kleepimine\/omy-kleebi-numbrite-jargi-street\/#breadcrumb","itemListElement":[{"@type":"ListItem","position":1,"name":"Kdu","item":"http:\/\/ruuby.ee\/en\/"},{"@type":"ListItem","position":2,"name":"Pood","item":"http:\/\/ruuby.ee\/en\/pood\/"},{"@type":"ListItem","position":3,"name":"OMY &#8211; Kleebi numbrite j\u00e4rgi, STREET"}]},{"@type":"WebSite","@id":"http:\/\/ruuby.ee\/en\/#website","url":"http:\/\/ruuby.ee\/en\/","name":"RUUBY","description":"Ruubys on \u00fchendatud elustiil ja disain","publisher":{"@id":"http:\/\/ruuby.ee\/en\/#organization"},"alternateName":"Ruuby Disain","potentialAction":[{"@type":"SearchAction","target":{"@type":"EntryPoint","urlTemplate":"http:\/\/ruuby.ee\/en\/?s={search_term_string}"},"query-input":{"@type":"PropertyValueSpecification","valueRequired":true,"valueName":"search_term_string"}}],"inLanguage":"en-GB"},{"@type":"Organization","@id":"http:\/\/ruuby.ee\/en\/#organization","name":"Ruuby Disain O\u00dc","alternateName":"Ruuby","url":"http:\/\/ruuby.ee\/en\/","logo":{"@type":"ImageObject","inLanguage":"en-GB","@id":"http:\/\/ruuby.ee\/en\/#\/schema\/logo\/image\/","url":"https:\/\/ruuby.ee\/wp-content\/uploads\/2023\/06\/cropped-Black-White-Elegant-Circle-Signature-Fashion-Logo-12_large.png","contentUrl":"https:\/\/ruuby.ee\/wp-content\/uploads\/2023\/06\/cropped-Black-White-Elegant-Circle-Signature-Fashion-Logo-12_large.png","width":1280,"height":747,"caption":"Ruuby Disain O\u00dc"},"image":{"@id":"http:\/\/ruuby.ee\/en\/#\/schema\/logo\/image\/"},"sameAs":["https:\/\/www.facebook.com\/ruubyconcept","https:\/\/www.instagram.com\/ruuby_concept\/"]}]}},"jetpack_sharing_enabled":true,"_links":{"self":[{"href":"https:\/\/ruuby.ee\/en\/wp-json\/wp\/v2\/product\/1853092","targetHints":{"allow":["GET"]}}],"collection":[{"href":"https:\/\/ruuby.ee\/en\/wp-json\/wp\/v2\/product"}],"about":[{"href":"https:\/\/ruuby.ee\/en\/wp-json\/wp\/v2\/types\/product"}],"replies":[{"embeddable":true,"href":"https:\/\/ruuby.ee\/en\/wp-json\/wp\/v2\/comments?post=1853092"}],"wp:featuredmedia":[{"embeddable":true,"href":"https:\/\/ruuby.ee\/en\/wp-json\/wp\/v2\/media\/1853098"}],"wp:attachment":[{"href":"https:\/\/ruuby.ee\/en\/wp-json\/wp\/v2\/media?parent=1853092"}],"wp:term":[{"taxonomy":"product_brand","embeddable":true,"href":"https:\/\/ruuby.ee\/en\/wp-json\/wp\/v2\/product_brand?post=1853092"},{"taxonomy":"product_cat","embeddable":true,"href":"https:\/\/ruuby.ee\/en\/wp-json\/wp\/v2\/product_cat?post=1853092"},{"taxonomy":"product_tag","embeddable":true,"href":"https:\/\/ruuby.ee\/en\/wp-json\/wp\/v2\/product_tag?post=1853092"}],"curies":[{"name":"wp","href":"https:\/\/api.w.org\/{rel}","templated":true}]}}