{"id":1853061,"date":"2025-04-30T21:41:45","date_gmt":"2025-04-30T18:41:45","guid":{"rendered":"http:\/\/ruuby.ee\/?post_type=product&#038;p=1853061"},"modified":"2026-04-05T01:25:20","modified_gmt":"2026-04-04T22:25:20","slug":"salt-stone-kehapesugeel-saffron-cedar","status":"publish","type":"product","link":"https:\/\/ruuby.ee\/en\/pood\/kosmeetika\/kehahooldus\/salt-stone-kehapesugeel-saffron-cedar\/","title":{"rendered":"SALT &amp; STONE kehapesugeel, SAFFRON &amp; CEDAR"},"content":{"rendered":"<p>Mitmek\u00fclgne, v\u00e4rskendav geeljas kehapuhastusvahend ookeanitaimede, antioks\u00fcdantide ja looduslike niisutavate koostisainetega, mis on loodud elementidega kokkupuutuva naha taastamiseks.<\/p>\n<p>Pehmendades ja rahustades samal ajal ka puhastades, et taastada tuule, p\u00e4ikese ja veest tingitud kahjustused.<\/p>\n<p>Kogus: 450ml<\/p>\n<p>Sool tantsib tuules seal, kus ookean kohtub m\u00e4gedega. V\u00e4rske vihm soojal maapinnal. Puitunud seeder. Lainevaha. Vaikse ookeani rannikul liikudes tabab sind nostalgialaine ja elu on kerge.<\/p>\n<p>L\u00f5hn: \u00a0safran, neroli, jasmiin, tammesammal, lainevaha, suhkruroog, seedripuu.<\/p>\n<p><strong>Peamised koostisosad:<\/strong><\/p>\n<p>C-vitamiin \u2013 antioks\u00fcdant, mis aitab v\u00f5idelda keskkonnastressorite vastu ja muudab naha heledamaks.<\/p>\n<p>Niatsiinamiid \u2013 tuntud ka kui B3-vitamiin, toetab naha kaitsebarj\u00e4\u00e4ri ja aitab parandada naha tekstuuri.<\/p>\n<p>H\u00fcaluroonhape \u2013 vett armastav molekul, mis suudab siduda 1000 korda rohkem niiskust kui ise. Niisutab ja puhastab nahka, hoides seda pehmena.<\/p>\n<p>Probiootikumid \u2013 looduslikud fermentid, mis aitavad tasakaalustada naha mikrobioomi optimaalse bakterite taseme saavutamiseks, mida liigne higistamine ja f\u00fc\u00fcsiline aktiivsus sageli h\u00e4irivad.<\/p>\n<p>Koostis: Vesi (Aqua), naatrium C14-16 olefiinsulfonaat, kokamidoprop\u00fc\u00fclbetaiin, gl\u00fctseriin, kokamiid MIPA, pol\u00fcgl\u00fctser\u00fc\u00fcl-4 kapraat, l\u00f5hnaaine (Parfum), bens\u00fc\u00fclalkohol, kokogl\u00fckosiid, gl\u00fctser\u00fc\u00fcloleaat, naatriumbensoaat, sidrunhape, naatriumgl\u00fckonaat, pol\u00fckvaternium-7, deh\u00fcdro\u00e4\u00e4dikhape, naatrium PCA, naatriumlaktaat, arginiin, Lactobacillus\/Punica Granatum puuviljade k\u00e4\u00e4ritatud ekstrakt, aaloe lehemahl, aaloe \u00f5ieekstrakt, h\u00fcaluroonhape, niatsiinamiid, bakla\u017eaani (Solanum Melongena) puuviljaekstrakt, isoleutsiin, redise juure k\u00e4\u00e4ritatud filtraat, PCA, 3-O-et\u00fc\u00fclaskorbiinhape, papaia (Carica Papaya) puuviljaekstrakt, kurkum (Curcuma Longa) juureekstrakt, basiiliku (Ocimum Basilicum) \u00f5ie\/lehe ekstrakt, basiiliku (Ocimum Sanctum) leheekstrakt. Coccinia Indica puuviljaekstrakt, Corallina Officinalis&#8217;e ekstrakt, Vaccinium Angustifolium&#8217;i (mustika) puuviljaekstrakt, gl\u00fctsiin, alaniin, seriin, valiin, proliin, treoniin, asparagiinhape, histidiin, fen\u00fc\u00fclalaniin, naatriumkloriid, Melia Azadirachta leheekstrakt, Melia Azadirachta \u00f5ieekstrakt.<\/p>","protected":false},"excerpt":{"rendered":"<p>Mitmek\u00fclgselt v\u00e4rskendav geeljas kehapuhastusgeel antioks\u00fcdantide, ookeanitaimede ja looduslikult niisutavate koostisosadega. Pehmendab ja rahustab puhastamise ajal, aidates taastada \u00f5ues viibimise, tuule, p\u00e4ikese ja mere kuivatavat m\u00f5ju.<\/p>","protected":false},"featured_media":1853062,"comment_status":"open","ping_status":"closed","template":"","meta":[],"product_brand":[],"product_cat":[690,25],"product_tag":[],"class_list":{"0":"post-1853061","1":"product","2":"type-product","3":"status-publish","4":"has-post-thumbnail","6":"product_cat-kehahooldus","7":"product_cat-kosmeetika","9":"first","10":"outofstock","11":"taxable","12":"shipping-taxable","13":"purchasable","14":"product-type-simple"},"yoast_head":"<!-- This site is optimized with the Yoast SEO plugin v27.2 - https:\/\/yoast.com\/product\/yoast-seo-wordpress\/ -->\n<title>SALT &amp; STONE kehapesugeel, SAFFRON &amp; CEDAR - RUUBY<\/title>\n<meta name=\"robots\" content=\"index, follow, max-snippet:-1, max-image-preview:large, max-video-preview:-1\" \/>\n<link rel=\"canonical\" href=\"https:\/\/ruuby.ee\/en\/pood\/kosmeetika\/kehahooldus\/salt-stone-kehapesugeel-saffron-cedar\/\" \/>\n<meta property=\"og:locale\" content=\"en_GB\" \/>\n<meta property=\"og:type\" content=\"article\" \/>\n<meta property=\"og:title\" content=\"SALT &amp; STONE kehapesugeel, SAFFRON &amp; CEDAR - RUUBY\" \/>\n<meta property=\"og:description\" content=\"Mitmek\u00fclgselt v\u00e4rskendav geeljas kehapuhastusgeel antioks\u00fcdantide, ookeanitaimede ja looduslikult niisutavate koostisosadega. Pehmendab ja rahustab puhastamise ajal, aidates taastada \u00f5ues viibimise, tuule, p\u00e4ikese ja mere kuivatavat m\u00f5ju.\" \/>\n<meta property=\"og:url\" content=\"https:\/\/ruuby.ee\/en\/pood\/kosmeetika\/kehahooldus\/salt-stone-kehapesugeel-saffron-cedar\/\" \/>\n<meta property=\"og:site_name\" content=\"RUUBY\" \/>\n<meta property=\"article:publisher\" content=\"https:\/\/www.facebook.com\/ruubyconcept\" \/>\n<meta property=\"article:modified_time\" content=\"2026-04-04T22:25:20+00:00\" \/>\n<meta property=\"og:image\" content=\"https:\/\/ruuby.ee\/wp-content\/uploads\/2025\/04\/Screenshot-2025-04-30-at-21.41.05.png\" \/>\n\t<meta property=\"og:image:width\" content=\"1052\" \/>\n\t<meta property=\"og:image:height\" content=\"982\" \/>\n\t<meta property=\"og:image:type\" content=\"image\/png\" \/>\n<meta name=\"twitter:card\" content=\"summary_large_image\" \/>\n<meta name=\"twitter:label1\" content=\"Estimated reading time\" \/>\n\t<meta name=\"twitter:data1\" content=\"2 minutes\" \/>\n<script type=\"application\/ld+json\" class=\"yoast-schema-graph\">{\"@context\":\"https:\/\/schema.org\",\"@graph\":[{\"@type\":[\"WebPage\",\"ItemPage\"],\"@id\":\"https:\/\/ruuby.ee\/en\/pood\/kosmeetika\/kehahooldus\/salt-stone-kehapesugeel-saffron-cedar\/\",\"url\":\"https:\/\/ruuby.ee\/en\/pood\/kosmeetika\/kehahooldus\/salt-stone-kehapesugeel-saffron-cedar\/\",\"name\":\"SALT &amp; STONE kehapesugeel, SAFFRON &amp; CEDAR - RUUBY\",\"isPartOf\":{\"@id\":\"http:\/\/ruuby.ee\/#website\"},\"primaryImageOfPage\":{\"@id\":\"https:\/\/ruuby.ee\/en\/pood\/kosmeetika\/kehahooldus\/salt-stone-kehapesugeel-saffron-cedar\/#primaryimage\"},\"image\":{\"@id\":\"https:\/\/ruuby.ee\/en\/pood\/kosmeetika\/kehahooldus\/salt-stone-kehapesugeel-saffron-cedar\/#primaryimage\"},\"thumbnailUrl\":\"https:\/\/ruuby.ee\/wp-content\/uploads\/2025\/04\/Screenshot-2025-04-30-at-21.41.05.png\",\"datePublished\":\"2025-04-30T18:41:45+00:00\",\"dateModified\":\"2026-04-04T22:25:20+00:00\",\"breadcrumb\":{\"@id\":\"https:\/\/ruuby.ee\/en\/pood\/kosmeetika\/kehahooldus\/salt-stone-kehapesugeel-saffron-cedar\/#breadcrumb\"},\"inLanguage\":\"en-GB\",\"potentialAction\":[{\"@type\":\"ReadAction\",\"target\":[\"https:\/\/ruuby.ee\/en\/pood\/kosmeetika\/kehahooldus\/salt-stone-kehapesugeel-saffron-cedar\/\"]}]},{\"@type\":\"ImageObject\",\"inLanguage\":\"en-GB\",\"@id\":\"https:\/\/ruuby.ee\/en\/pood\/kosmeetika\/kehahooldus\/salt-stone-kehapesugeel-saffron-cedar\/#primaryimage\",\"url\":\"https:\/\/ruuby.ee\/wp-content\/uploads\/2025\/04\/Screenshot-2025-04-30-at-21.41.05.png\",\"contentUrl\":\"https:\/\/ruuby.ee\/wp-content\/uploads\/2025\/04\/Screenshot-2025-04-30-at-21.41.05.png\",\"width\":1052,\"height\":982},{\"@type\":\"BreadcrumbList\",\"@id\":\"https:\/\/ruuby.ee\/en\/pood\/kosmeetika\/kehahooldus\/salt-stone-kehapesugeel-saffron-cedar\/#breadcrumb\",\"itemListElement\":[{\"@type\":\"ListItem\",\"position\":1,\"name\":\"Kdu\",\"item\":\"http:\/\/ruuby.ee\/\"},{\"@type\":\"ListItem\",\"position\":2,\"name\":\"Pood\",\"item\":\"https:\/\/ruuby.ee\/en\/pood\/\"},{\"@type\":\"ListItem\",\"position\":3,\"name\":\"SALT &amp; STONE kehapesugeel, SAFFRON &amp; CEDAR\"}]},{\"@type\":\"WebSite\",\"@id\":\"http:\/\/ruuby.ee\/#website\",\"url\":\"http:\/\/ruuby.ee\/\",\"name\":\"RUUBY\",\"description\":\"Ruubys on \u00fchendatud elustiil ja disain\",\"publisher\":{\"@id\":\"http:\/\/ruuby.ee\/#organization\"},\"alternateName\":\"Ruuby Disain\",\"potentialAction\":[{\"@type\":\"SearchAction\",\"target\":{\"@type\":\"EntryPoint\",\"urlTemplate\":\"http:\/\/ruuby.ee\/?s={search_term_string}\"},\"query-input\":{\"@type\":\"PropertyValueSpecification\",\"valueRequired\":true,\"valueName\":\"search_term_string\"}}],\"inLanguage\":\"en-GB\"},{\"@type\":\"Organization\",\"@id\":\"http:\/\/ruuby.ee\/#organization\",\"name\":\"Ruuby Disain O\u00dc\",\"alternateName\":\"Ruuby\",\"url\":\"http:\/\/ruuby.ee\/\",\"logo\":{\"@type\":\"ImageObject\",\"inLanguage\":\"en-GB\",\"@id\":\"http:\/\/ruuby.ee\/#\/schema\/logo\/image\/\",\"url\":\"https:\/\/ruuby.ee\/wp-content\/uploads\/2023\/06\/cropped-Black-White-Elegant-Circle-Signature-Fashion-Logo-12_large.png\",\"contentUrl\":\"https:\/\/ruuby.ee\/wp-content\/uploads\/2023\/06\/cropped-Black-White-Elegant-Circle-Signature-Fashion-Logo-12_large.png\",\"width\":1280,\"height\":747,\"caption\":\"Ruuby Disain O\u00dc\"},\"image\":{\"@id\":\"http:\/\/ruuby.ee\/#\/schema\/logo\/image\/\"},\"sameAs\":[\"https:\/\/www.facebook.com\/ruubyconcept\",\"https:\/\/www.instagram.com\/ruuby_concept\/\"]}]}<\/script>\n<!-- \/ Yoast SEO plugin. -->","yoast_head_json":{"title":"SALT &amp; STONE kehapesugeel, SAFFRON &amp; CEDAR - RUUBY","robots":{"index":"index","follow":"follow","max-snippet":"max-snippet:-1","max-image-preview":"max-image-preview:large","max-video-preview":"max-video-preview:-1"},"canonical":"https:\/\/ruuby.ee\/en\/pood\/kosmeetika\/kehahooldus\/salt-stone-kehapesugeel-saffron-cedar\/","og_locale":"en_GB","og_type":"article","og_title":"SALT &amp; STONE kehapesugeel, SAFFRON &amp; CEDAR - RUUBY","og_description":"Mitmek\u00fclgselt v\u00e4rskendav geeljas kehapuhastusgeel antioks\u00fcdantide, ookeanitaimede ja looduslikult niisutavate koostisosadega. Pehmendab ja rahustab puhastamise ajal, aidates taastada \u00f5ues viibimise, tuule, p\u00e4ikese ja mere kuivatavat m\u00f5ju.","og_url":"https:\/\/ruuby.ee\/en\/pood\/kosmeetika\/kehahooldus\/salt-stone-kehapesugeel-saffron-cedar\/","og_site_name":"RUUBY","article_publisher":"https:\/\/www.facebook.com\/ruubyconcept","article_modified_time":"2026-04-04T22:25:20+00:00","og_image":[{"width":1052,"height":982,"url":"https:\/\/ruuby.ee\/wp-content\/uploads\/2025\/04\/Screenshot-2025-04-30-at-21.41.05.png","type":"image\/png"}],"twitter_card":"summary_large_image","twitter_misc":{"Estimated reading time":"2 minutes"},"schema":{"@context":"https:\/\/schema.org","@graph":[{"@type":["WebPage","ItemPage"],"@id":"https:\/\/ruuby.ee\/en\/pood\/kosmeetika\/kehahooldus\/salt-stone-kehapesugeel-saffron-cedar\/","url":"https:\/\/ruuby.ee\/en\/pood\/kosmeetika\/kehahooldus\/salt-stone-kehapesugeel-saffron-cedar\/","name":"SALT &amp; STONE kehapesugeel, SAFFRON &amp; CEDAR - RUUBY","isPartOf":{"@id":"http:\/\/ruuby.ee\/#website"},"primaryImageOfPage":{"@id":"https:\/\/ruuby.ee\/en\/pood\/kosmeetika\/kehahooldus\/salt-stone-kehapesugeel-saffron-cedar\/#primaryimage"},"image":{"@id":"https:\/\/ruuby.ee\/en\/pood\/kosmeetika\/kehahooldus\/salt-stone-kehapesugeel-saffron-cedar\/#primaryimage"},"thumbnailUrl":"https:\/\/ruuby.ee\/wp-content\/uploads\/2025\/04\/Screenshot-2025-04-30-at-21.41.05.png","datePublished":"2025-04-30T18:41:45+00:00","dateModified":"2026-04-04T22:25:20+00:00","breadcrumb":{"@id":"https:\/\/ruuby.ee\/en\/pood\/kosmeetika\/kehahooldus\/salt-stone-kehapesugeel-saffron-cedar\/#breadcrumb"},"inLanguage":"en-GB","potentialAction":[{"@type":"ReadAction","target":["https:\/\/ruuby.ee\/en\/pood\/kosmeetika\/kehahooldus\/salt-stone-kehapesugeel-saffron-cedar\/"]}]},{"@type":"ImageObject","inLanguage":"en-GB","@id":"https:\/\/ruuby.ee\/en\/pood\/kosmeetika\/kehahooldus\/salt-stone-kehapesugeel-saffron-cedar\/#primaryimage","url":"https:\/\/ruuby.ee\/wp-content\/uploads\/2025\/04\/Screenshot-2025-04-30-at-21.41.05.png","contentUrl":"https:\/\/ruuby.ee\/wp-content\/uploads\/2025\/04\/Screenshot-2025-04-30-at-21.41.05.png","width":1052,"height":982},{"@type":"BreadcrumbList","@id":"https:\/\/ruuby.ee\/en\/pood\/kosmeetika\/kehahooldus\/salt-stone-kehapesugeel-saffron-cedar\/#breadcrumb","itemListElement":[{"@type":"ListItem","position":1,"name":"Kdu","item":"http:\/\/ruuby.ee\/"},{"@type":"ListItem","position":2,"name":"Pood","item":"https:\/\/ruuby.ee\/en\/pood\/"},{"@type":"ListItem","position":3,"name":"SALT &amp; STONE kehapesugeel, SAFFRON &amp; CEDAR"}]},{"@type":"WebSite","@id":"http:\/\/ruuby.ee\/#website","url":"http:\/\/ruuby.ee\/","name":"RUUBY","description":"Ruubys on \u00fchendatud elustiil ja disain","publisher":{"@id":"http:\/\/ruuby.ee\/#organization"},"alternateName":"Ruuby Disain","potentialAction":[{"@type":"SearchAction","target":{"@type":"EntryPoint","urlTemplate":"http:\/\/ruuby.ee\/?s={search_term_string}"},"query-input":{"@type":"PropertyValueSpecification","valueRequired":true,"valueName":"search_term_string"}}],"inLanguage":"en-GB"},{"@type":"Organization","@id":"http:\/\/ruuby.ee\/#organization","name":"Ruuby Disain O\u00dc","alternateName":"Ruuby","url":"http:\/\/ruuby.ee\/","logo":{"@type":"ImageObject","inLanguage":"en-GB","@id":"http:\/\/ruuby.ee\/#\/schema\/logo\/image\/","url":"https:\/\/ruuby.ee\/wp-content\/uploads\/2023\/06\/cropped-Black-White-Elegant-Circle-Signature-Fashion-Logo-12_large.png","contentUrl":"https:\/\/ruuby.ee\/wp-content\/uploads\/2023\/06\/cropped-Black-White-Elegant-Circle-Signature-Fashion-Logo-12_large.png","width":1280,"height":747,"caption":"Ruuby Disain O\u00dc"},"image":{"@id":"http:\/\/ruuby.ee\/#\/schema\/logo\/image\/"},"sameAs":["https:\/\/www.facebook.com\/ruubyconcept","https:\/\/www.instagram.com\/ruuby_concept\/"]}]}},"jetpack_sharing_enabled":true,"_links":{"self":[{"href":"https:\/\/ruuby.ee\/en\/wp-json\/wp\/v2\/product\/1853061","targetHints":{"allow":["GET"]}}],"collection":[{"href":"https:\/\/ruuby.ee\/en\/wp-json\/wp\/v2\/product"}],"about":[{"href":"https:\/\/ruuby.ee\/en\/wp-json\/wp\/v2\/types\/product"}],"replies":[{"embeddable":true,"href":"https:\/\/ruuby.ee\/en\/wp-json\/wp\/v2\/comments?post=1853061"}],"wp:featuredmedia":[{"embeddable":true,"href":"https:\/\/ruuby.ee\/en\/wp-json\/wp\/v2\/media\/1853062"}],"wp:attachment":[{"href":"https:\/\/ruuby.ee\/en\/wp-json\/wp\/v2\/media?parent=1853061"}],"wp:term":[{"taxonomy":"product_brand","embeddable":true,"href":"https:\/\/ruuby.ee\/en\/wp-json\/wp\/v2\/product_brand?post=1853061"},{"taxonomy":"product_cat","embeddable":true,"href":"https:\/\/ruuby.ee\/en\/wp-json\/wp\/v2\/product_cat?post=1853061"},{"taxonomy":"product_tag","embeddable":true,"href":"https:\/\/ruuby.ee\/en\/wp-json\/wp\/v2\/product_tag?post=1853061"}],"curies":[{"name":"wp","href":"https:\/\/api.w.org\/{rel}","templated":true}]}}