{"id":1853040,"date":"2025-04-30T21:15:51","date_gmt":"2025-04-30T18:15:51","guid":{"rendered":"http:\/\/ruuby.ee\/?post_type=product&#038;p=1853040"},"modified":"2026-04-08T01:28:26","modified_gmt":"2026-04-07T22:28:26","slug":"salt-stone-naturaalne-deodorantgeel-eriti-tundlikule-nahale-saffron-cedar","status":"publish","type":"product","link":"https:\/\/ruuby.ee\/en\/pood\/kosmeetika\/deodorandid\/salt-stone-naturaalne-deodorantgeel-eriti-tundlikule-nahale-saffron-cedar\/","title":{"rendered":"SALT &#038; STONE naturaalne deodorant, Extra Stength SAFFRON &#038; CEDAR"},"content":{"rendered":"<p>V\u00f5imas, kuid \u00f5rn looduslik deodorantgeel, mis on valmistatud ilma s\u00f6\u00f6gisoodata tundliku nahaga inimestele. Libiseb n\u00e4htamatult nahale ning ei j\u00e4ta j\u00e4lgi riietele. Merevetikaekstraktid ja h\u00fcaluroonhape niisutavad nahka, probiootikumid aga aitavad l\u00f5hna neutraliseerida.<\/p>\n<p>Sool tantsib tuules seal, kus ookean kohtub m\u00e4gedega. V\u00e4rske vihm soojal maapinnal. Puitunud seeder. Lainevaha. Vaikse ookeani rannikul liikudes tabab sind nostalgialaine ja elu on kerge.<\/p>\n<p>L\u00f5hn: safran, neroli, jasmiin, tammesammal, lainevaha, suhkruroog, seedripuu.<\/p>\n<p><strong>Peamised koostisosad:<\/strong><\/p>\n<p>Probiootikumid \u2013 looduslikud fermentid, mis aitavad tasakaalustada naha mikrobioomi optimaalse bakterite taseme saavutamiseks, mida liigne higistamine ja f\u00fc\u00fcsiline aktiivsus sageli h\u00e4irivad.<\/p>\n<p>Spirulina \u2013 aitab nahka p\u00e4rast elementidega kokkupuudet rahustada ja taastada.<\/p>\n<p>Antioks\u00fcdandid \u2013 aitavad kaitsta nahka keskkonnastressorite eest ja hoiavad naha rahustava tunde.<\/p>\n<p>Niatsiinamiid \u2013 tuntud ka kui B3-vitamiin, toetab naha kaitsebarj\u00e4\u00e4ri ja aitab parandada naha tekstuuri.<\/p>\n<p>Koostis: Kapr\u00fc\u00fcl-\/kapriintrigl\u00fctseriid, tapiokit\u00e4rklis, osokeriit, magneesiumh\u00fcdroksiid, naatriumvesinikkarbonaat, kookos\u00f5li (Cocos Nucifera), l\u00f5hnaaine (Parfum), sheav\u00f5i (Butyrospermum Parkii), niatsiinamiid, p\u00e4evalille\u00f5li (Helianthus Annuus), tokoferool, spirulina platensis ekstrakt, laktobatsillide k\u00e4\u00e4ritus, maltodekstriin, limoneen.<\/p>","protected":false},"excerpt":{"rendered":"<p>Auhinnatud deodorant, mis on loodud 48-tunniseks kaitseks. Merevetikaekstraktid ja h\u00fcaluroonhape niisutavad nahka, samal ajal kui probiootikumid aitavad neutraliseerida ebameeldivat l\u00f5hna. Valmistatud ilma alumiiniumi, parabeenide ja ftalaatideta.<\/p>","protected":false},"featured_media":1853047,"comment_status":"open","ping_status":"closed","template":"","meta":[],"product_brand":[],"product_cat":[686,25],"product_tag":[],"class_list":{"0":"post-1853040","1":"product","2":"type-product","3":"status-publish","4":"has-post-thumbnail","6":"product_cat-deodorandid","7":"product_cat-kosmeetika","9":"first","10":"outofstock","11":"taxable","12":"shipping-taxable","13":"purchasable","14":"product-type-simple"},"yoast_head":"<!-- This site is optimized with the Yoast SEO plugin v27.3 - https:\/\/yoast.com\/product\/yoast-seo-wordpress\/ -->\n<title>SALT &amp; STONE naturaalne deodorant, Extra Stength SAFFRON &amp; CEDAR - RUUBY<\/title>\n<meta name=\"robots\" content=\"index, follow, max-snippet:-1, max-image-preview:large, max-video-preview:-1\" \/>\n<link rel=\"canonical\" href=\"https:\/\/ruuby.ee\/en\/pood\/kosmeetika\/deodorandid\/salt-stone-naturaalne-deodorantgeel-eriti-tundlikule-nahale-saffron-cedar\/\" \/>\n<meta property=\"og:locale\" content=\"en_GB\" \/>\n<meta property=\"og:type\" content=\"article\" \/>\n<meta property=\"og:title\" content=\"SALT &amp; STONE naturaalne deodorant, Extra Stength SAFFRON &amp; CEDAR - RUUBY\" \/>\n<meta property=\"og:description\" content=\"Auhinnatud deodorant, mis on loodud 48-tunniseks kaitseks. Merevetikaekstraktid ja h\u00fcaluroonhape niisutavad nahka, samal ajal kui probiootikumid aitavad neutraliseerida ebameeldivat l\u00f5hna. Valmistatud ilma alumiiniumi, parabeenide ja ftalaatideta.\" \/>\n<meta property=\"og:url\" content=\"https:\/\/ruuby.ee\/en\/pood\/kosmeetika\/deodorandid\/salt-stone-naturaalne-deodorantgeel-eriti-tundlikule-nahale-saffron-cedar\/\" \/>\n<meta property=\"og:site_name\" content=\"RUUBY\" \/>\n<meta property=\"article:publisher\" content=\"https:\/\/www.facebook.com\/ruubyconcept\" \/>\n<meta property=\"article:modified_time\" content=\"2026-04-07T22:28:26+00:00\" \/>\n<meta property=\"og:image\" content=\"https:\/\/ruuby.ee\/wp-content\/uploads\/2025\/04\/Screenshot-2025-04-30-at-21.20.27.png\" \/>\n\t<meta property=\"og:image:width\" content=\"990\" \/>\n\t<meta property=\"og:image:height\" content=\"890\" \/>\n\t<meta property=\"og:image:type\" content=\"image\/png\" \/>\n<meta name=\"twitter:card\" content=\"summary_large_image\" \/>\n<meta name=\"twitter:label1\" content=\"Estimated reading time\" \/>\n\t<meta name=\"twitter:data1\" content=\"1 minute\" \/>\n<script type=\"application\/ld+json\" class=\"yoast-schema-graph\">{\"@context\":\"https:\\\/\\\/schema.org\",\"@graph\":[{\"@type\":[\"WebPage\",\"ItemPage\"],\"@id\":\"https:\\\/\\\/ruuby.ee\\\/pood\\\/kosmeetika\\\/deodorandid\\\/salt-stone-naturaalne-deodorantgeel-eriti-tundlikule-nahale-saffron-cedar\\\/\",\"url\":\"https:\\\/\\\/ruuby.ee\\\/pood\\\/kosmeetika\\\/deodorandid\\\/salt-stone-naturaalne-deodorantgeel-eriti-tundlikule-nahale-saffron-cedar\\\/\",\"name\":\"SALT & STONE naturaalne deodorant, Extra Stength SAFFRON & CEDAR - RUUBY\",\"isPartOf\":{\"@id\":\"https:\\\/\\\/ruuby.ee\\\/en\\\/#website\"},\"primaryImageOfPage\":{\"@id\":\"https:\\\/\\\/ruuby.ee\\\/pood\\\/kosmeetika\\\/deodorandid\\\/salt-stone-naturaalne-deodorantgeel-eriti-tundlikule-nahale-saffron-cedar\\\/#primaryimage\"},\"image\":{\"@id\":\"https:\\\/\\\/ruuby.ee\\\/pood\\\/kosmeetika\\\/deodorandid\\\/salt-stone-naturaalne-deodorantgeel-eriti-tundlikule-nahale-saffron-cedar\\\/#primaryimage\"},\"thumbnailUrl\":\"https:\\\/\\\/ruuby.ee\\\/wp-content\\\/uploads\\\/2025\\\/04\\\/Screenshot-2025-04-30-at-21.20.27.png\",\"datePublished\":\"2025-04-30T18:15:51+00:00\",\"dateModified\":\"2026-04-07T22:28:26+00:00\",\"breadcrumb\":{\"@id\":\"https:\\\/\\\/ruuby.ee\\\/pood\\\/kosmeetika\\\/deodorandid\\\/salt-stone-naturaalne-deodorantgeel-eriti-tundlikule-nahale-saffron-cedar\\\/#breadcrumb\"},\"inLanguage\":\"en-GB\",\"potentialAction\":[{\"@type\":\"ReadAction\",\"target\":[\"https:\\\/\\\/ruuby.ee\\\/pood\\\/kosmeetika\\\/deodorandid\\\/salt-stone-naturaalne-deodorantgeel-eriti-tundlikule-nahale-saffron-cedar\\\/\"]}]},{\"@type\":\"ImageObject\",\"inLanguage\":\"en-GB\",\"@id\":\"https:\\\/\\\/ruuby.ee\\\/pood\\\/kosmeetika\\\/deodorandid\\\/salt-stone-naturaalne-deodorantgeel-eriti-tundlikule-nahale-saffron-cedar\\\/#primaryimage\",\"url\":\"https:\\\/\\\/ruuby.ee\\\/wp-content\\\/uploads\\\/2025\\\/04\\\/Screenshot-2025-04-30-at-21.20.27.png\",\"contentUrl\":\"https:\\\/\\\/ruuby.ee\\\/wp-content\\\/uploads\\\/2025\\\/04\\\/Screenshot-2025-04-30-at-21.20.27.png\",\"width\":990,\"height\":890},{\"@type\":\"BreadcrumbList\",\"@id\":\"https:\\\/\\\/ruuby.ee\\\/pood\\\/kosmeetika\\\/deodorandid\\\/salt-stone-naturaalne-deodorantgeel-eriti-tundlikule-nahale-saffron-cedar\\\/#breadcrumb\",\"itemListElement\":[{\"@type\":\"ListItem\",\"position\":1,\"name\":\"Kdu\",\"item\":\"https:\\\/\\\/ruuby.ee\\\/en\\\/\"},{\"@type\":\"ListItem\",\"position\":2,\"name\":\"Pood\",\"item\":\"https:\\\/\\\/ruuby.ee\\\/en\\\/pood\\\/\"},{\"@type\":\"ListItem\",\"position\":3,\"name\":\"SALT &#038; STONE naturaalne deodorant, Extra Stength SAFFRON &#038; CEDAR\"}]},{\"@type\":\"WebSite\",\"@id\":\"https:\\\/\\\/ruuby.ee\\\/en\\\/#website\",\"url\":\"https:\\\/\\\/ruuby.ee\\\/en\\\/\",\"name\":\"RUUBY\",\"description\":\"Ruubys on \u00fchendatud elustiil ja disain\",\"publisher\":{\"@id\":\"https:\\\/\\\/ruuby.ee\\\/en\\\/#organization\"},\"alternateName\":\"Ruuby Disain\",\"potentialAction\":[{\"@type\":\"SearchAction\",\"target\":{\"@type\":\"EntryPoint\",\"urlTemplate\":\"https:\\\/\\\/ruuby.ee\\\/en\\\/?s={search_term_string}\"},\"query-input\":{\"@type\":\"PropertyValueSpecification\",\"valueRequired\":true,\"valueName\":\"search_term_string\"}}],\"inLanguage\":\"en-GB\"},{\"@type\":\"Organization\",\"@id\":\"https:\\\/\\\/ruuby.ee\\\/en\\\/#organization\",\"name\":\"Ruuby Disain O\u00dc\",\"alternateName\":\"Ruuby\",\"url\":\"https:\\\/\\\/ruuby.ee\\\/en\\\/\",\"logo\":{\"@type\":\"ImageObject\",\"inLanguage\":\"en-GB\",\"@id\":\"https:\\\/\\\/ruuby.ee\\\/en\\\/#\\\/schema\\\/logo\\\/image\\\/\",\"url\":\"https:\\\/\\\/ruuby.ee\\\/wp-content\\\/uploads\\\/2023\\\/06\\\/cropped-Black-White-Elegant-Circle-Signature-Fashion-Logo-12_large.png\",\"contentUrl\":\"https:\\\/\\\/ruuby.ee\\\/wp-content\\\/uploads\\\/2023\\\/06\\\/cropped-Black-White-Elegant-Circle-Signature-Fashion-Logo-12_large.png\",\"width\":1280,\"height\":747,\"caption\":\"Ruuby Disain O\u00dc\"},\"image\":{\"@id\":\"https:\\\/\\\/ruuby.ee\\\/en\\\/#\\\/schema\\\/logo\\\/image\\\/\"},\"sameAs\":[\"https:\\\/\\\/www.facebook.com\\\/ruubyconcept\",\"https:\\\/\\\/www.instagram.com\\\/ruuby_concept\\\/\"]}]}<\/script>\n<!-- \/ Yoast SEO plugin. -->","yoast_head_json":{"title":"SALT & STONE naturaalne deodorant, Extra Stength SAFFRON & CEDAR - RUUBY","robots":{"index":"index","follow":"follow","max-snippet":"max-snippet:-1","max-image-preview":"max-image-preview:large","max-video-preview":"max-video-preview:-1"},"canonical":"https:\/\/ruuby.ee\/en\/pood\/kosmeetika\/deodorandid\/salt-stone-naturaalne-deodorantgeel-eriti-tundlikule-nahale-saffron-cedar\/","og_locale":"en_GB","og_type":"article","og_title":"SALT & STONE naturaalne deodorant, Extra Stength SAFFRON & CEDAR - RUUBY","og_description":"Auhinnatud deodorant, mis on loodud 48-tunniseks kaitseks. Merevetikaekstraktid ja h\u00fcaluroonhape niisutavad nahka, samal ajal kui probiootikumid aitavad neutraliseerida ebameeldivat l\u00f5hna. Valmistatud ilma alumiiniumi, parabeenide ja ftalaatideta.","og_url":"https:\/\/ruuby.ee\/en\/pood\/kosmeetika\/deodorandid\/salt-stone-naturaalne-deodorantgeel-eriti-tundlikule-nahale-saffron-cedar\/","og_site_name":"RUUBY","article_publisher":"https:\/\/www.facebook.com\/ruubyconcept","article_modified_time":"2026-04-07T22:28:26+00:00","og_image":[{"width":990,"height":890,"url":"https:\/\/ruuby.ee\/wp-content\/uploads\/2025\/04\/Screenshot-2025-04-30-at-21.20.27.png","type":"image\/png"}],"twitter_card":"summary_large_image","twitter_misc":{"Estimated reading time":"1 minute"},"schema":{"@context":"https:\/\/schema.org","@graph":[{"@type":["WebPage","ItemPage"],"@id":"https:\/\/ruuby.ee\/pood\/kosmeetika\/deodorandid\/salt-stone-naturaalne-deodorantgeel-eriti-tundlikule-nahale-saffron-cedar\/","url":"https:\/\/ruuby.ee\/pood\/kosmeetika\/deodorandid\/salt-stone-naturaalne-deodorantgeel-eriti-tundlikule-nahale-saffron-cedar\/","name":"SALT & STONE naturaalne deodorant, Extra Stength SAFFRON & CEDAR - RUUBY","isPartOf":{"@id":"https:\/\/ruuby.ee\/en\/#website"},"primaryImageOfPage":{"@id":"https:\/\/ruuby.ee\/pood\/kosmeetika\/deodorandid\/salt-stone-naturaalne-deodorantgeel-eriti-tundlikule-nahale-saffron-cedar\/#primaryimage"},"image":{"@id":"https:\/\/ruuby.ee\/pood\/kosmeetika\/deodorandid\/salt-stone-naturaalne-deodorantgeel-eriti-tundlikule-nahale-saffron-cedar\/#primaryimage"},"thumbnailUrl":"https:\/\/ruuby.ee\/wp-content\/uploads\/2025\/04\/Screenshot-2025-04-30-at-21.20.27.png","datePublished":"2025-04-30T18:15:51+00:00","dateModified":"2026-04-07T22:28:26+00:00","breadcrumb":{"@id":"https:\/\/ruuby.ee\/pood\/kosmeetika\/deodorandid\/salt-stone-naturaalne-deodorantgeel-eriti-tundlikule-nahale-saffron-cedar\/#breadcrumb"},"inLanguage":"en-GB","potentialAction":[{"@type":"ReadAction","target":["https:\/\/ruuby.ee\/pood\/kosmeetika\/deodorandid\/salt-stone-naturaalne-deodorantgeel-eriti-tundlikule-nahale-saffron-cedar\/"]}]},{"@type":"ImageObject","inLanguage":"en-GB","@id":"https:\/\/ruuby.ee\/pood\/kosmeetika\/deodorandid\/salt-stone-naturaalne-deodorantgeel-eriti-tundlikule-nahale-saffron-cedar\/#primaryimage","url":"https:\/\/ruuby.ee\/wp-content\/uploads\/2025\/04\/Screenshot-2025-04-30-at-21.20.27.png","contentUrl":"https:\/\/ruuby.ee\/wp-content\/uploads\/2025\/04\/Screenshot-2025-04-30-at-21.20.27.png","width":990,"height":890},{"@type":"BreadcrumbList","@id":"https:\/\/ruuby.ee\/pood\/kosmeetika\/deodorandid\/salt-stone-naturaalne-deodorantgeel-eriti-tundlikule-nahale-saffron-cedar\/#breadcrumb","itemListElement":[{"@type":"ListItem","position":1,"name":"Kdu","item":"https:\/\/ruuby.ee\/en\/"},{"@type":"ListItem","position":2,"name":"Pood","item":"https:\/\/ruuby.ee\/en\/pood\/"},{"@type":"ListItem","position":3,"name":"SALT &#038; STONE naturaalne deodorant, Extra Stength SAFFRON &#038; CEDAR"}]},{"@type":"WebSite","@id":"https:\/\/ruuby.ee\/en\/#website","url":"https:\/\/ruuby.ee\/en\/","name":"RUUBY","description":"Ruubys on \u00fchendatud elustiil ja disain","publisher":{"@id":"https:\/\/ruuby.ee\/en\/#organization"},"alternateName":"Ruuby Disain","potentialAction":[{"@type":"SearchAction","target":{"@type":"EntryPoint","urlTemplate":"https:\/\/ruuby.ee\/en\/?s={search_term_string}"},"query-input":{"@type":"PropertyValueSpecification","valueRequired":true,"valueName":"search_term_string"}}],"inLanguage":"en-GB"},{"@type":"Organization","@id":"https:\/\/ruuby.ee\/en\/#organization","name":"Ruuby Disain O\u00dc","alternateName":"Ruuby","url":"https:\/\/ruuby.ee\/en\/","logo":{"@type":"ImageObject","inLanguage":"en-GB","@id":"https:\/\/ruuby.ee\/en\/#\/schema\/logo\/image\/","url":"https:\/\/ruuby.ee\/wp-content\/uploads\/2023\/06\/cropped-Black-White-Elegant-Circle-Signature-Fashion-Logo-12_large.png","contentUrl":"https:\/\/ruuby.ee\/wp-content\/uploads\/2023\/06\/cropped-Black-White-Elegant-Circle-Signature-Fashion-Logo-12_large.png","width":1280,"height":747,"caption":"Ruuby Disain O\u00dc"},"image":{"@id":"https:\/\/ruuby.ee\/en\/#\/schema\/logo\/image\/"},"sameAs":["https:\/\/www.facebook.com\/ruubyconcept","https:\/\/www.instagram.com\/ruuby_concept\/"]}]}},"jetpack_sharing_enabled":true,"_links":{"self":[{"href":"https:\/\/ruuby.ee\/en\/wp-json\/wp\/v2\/product\/1853040","targetHints":{"allow":["GET"]}}],"collection":[{"href":"https:\/\/ruuby.ee\/en\/wp-json\/wp\/v2\/product"}],"about":[{"href":"https:\/\/ruuby.ee\/en\/wp-json\/wp\/v2\/types\/product"}],"replies":[{"embeddable":true,"href":"https:\/\/ruuby.ee\/en\/wp-json\/wp\/v2\/comments?post=1853040"}],"wp:featuredmedia":[{"embeddable":true,"href":"https:\/\/ruuby.ee\/en\/wp-json\/wp\/v2\/media\/1853047"}],"wp:attachment":[{"href":"https:\/\/ruuby.ee\/en\/wp-json\/wp\/v2\/media?parent=1853040"}],"wp:term":[{"taxonomy":"product_brand","embeddable":true,"href":"https:\/\/ruuby.ee\/en\/wp-json\/wp\/v2\/product_brand?post=1853040"},{"taxonomy":"product_cat","embeddable":true,"href":"https:\/\/ruuby.ee\/en\/wp-json\/wp\/v2\/product_cat?post=1853040"},{"taxonomy":"product_tag","embeddable":true,"href":"https:\/\/ruuby.ee\/en\/wp-json\/wp\/v2\/product_tag?post=1853040"}],"curies":[{"name":"wp","href":"https:\/\/api.w.org\/{rel}","templated":true}]}}