{"id":1852974,"date":"2025-04-29T20:50:39","date_gmt":"2025-04-29T17:50:39","guid":{"rendered":"http:\/\/ruuby.ee\/?post_type=product&#038;p=1852974"},"modified":"2026-04-08T01:28:26","modified_gmt":"2026-04-07T22:28:26","slug":"studio-roof-pop-up-kaart-kroonitud-obi","status":"publish","type":"product","link":"https:\/\/ruuby.ee\/en\/pood\/aksessuaarid\/kaardid-sonumid\/studio-roof-pop-up-kaart-kroonitud-obi\/","title":{"rendered":"Studio ROOF &#8211; Pop-Up kaart, Kroonitud Obi"},"content":{"rendered":"<p>3D-objekt kokkupanekuks.<\/p>\n<p>Valmistatud taaskasutatud papist ja tr\u00fckitud taimsete tintidega.<br \/>\nM\u00f5\u00f5tmed kokkupandult: 9 x 4,2 x 18,7 cm<\/p>\n<p>2 x A6 lehte 4 t\u00fckiga v\u00e4ljav\u00f5tmiseks ja kokkupanekuks.<br \/>\nToode sisaldab niiti \u00fcmbrikut ja \u00f5nnitluskaarti.<\/p>\n<p>Kokkupanekujuhised leiate pakendi sisek\u00fcljelt.<\/p>","protected":false},"excerpt":{"rendered":"<p>V\u00e4ljat\u00f5mmatav kaart on enamat kui lihtsalt kaart; see on v\u00e4ike kingitus, mida saata.<\/p>\n<p>Sellest kroonitud Obist saab hinnaline m\u00e4lestus, kui see leiab oma koha oksa, lambi v\u00f5i muu koha k\u00fcljes rippumas.<\/p>\n<p>Tootega on kaasas \u00fcmbrik, \u00f5nnitluskaart, riputamisn\u00f6\u00f6r ja kokkupandav 3D-koolibri.<\/p>","protected":false},"featured_media":1852975,"comment_status":"closed","ping_status":"closed","template":"","meta":[],"product_brand":[],"product_cat":[1038,43,601],"product_tag":[],"class_list":{"0":"post-1852974","1":"product","2":"type-product","3":"status-publish","4":"has-post-thumbnail","6":"product_cat-3d-loodusfiguurid","7":"product_cat-aksessuaarid","8":"product_cat-kaardid-sonumid","10":"first","11":"instock","12":"taxable","13":"shipping-taxable","14":"purchasable","15":"product-type-simple"},"yoast_head":"<!-- This site is optimized with the Yoast SEO plugin v27.3 - https:\/\/yoast.com\/product\/yoast-seo-wordpress\/ -->\n<title>Studio ROOF - Pop-Up kaart, Kroonitud Obi - RUUBY<\/title>\n<meta name=\"robots\" content=\"index, follow, max-snippet:-1, max-image-preview:large, max-video-preview:-1\" \/>\n<link rel=\"canonical\" href=\"http:\/\/ruuby.ee\/en\/pood\/aksessuaarid\/kaardid-sonumid\/studio-roof-pop-up-kaart-kroonitud-obi\/\" \/>\n<meta property=\"og:locale\" content=\"en_GB\" \/>\n<meta property=\"og:type\" content=\"article\" \/>\n<meta property=\"og:title\" content=\"Studio ROOF - Pop-Up kaart, Kroonitud Obi - RUUBY\" \/>\n<meta property=\"og:description\" content=\"V\u00e4ljat\u00f5mmatav kaart on enamat kui lihtsalt kaart; see on v\u00e4ike kingitus, mida saata.  Sellest kroonitud Obist saab hinnaline m\u00e4lestus, kui see leiab oma koha oksa, lambi v\u00f5i muu koha k\u00fcljes rippumas.  Tootega on kaasas \u00fcmbrik, \u00f5nnitluskaart, riputamisn\u00f6\u00f6r ja kokkupandav 3D-koolibri.\" \/>\n<meta property=\"og:url\" content=\"http:\/\/ruuby.ee\/en\/pood\/aksessuaarid\/kaardid-sonumid\/studio-roof-pop-up-kaart-kroonitud-obi\/\" \/>\n<meta property=\"og:site_name\" content=\"RUUBY\" \/>\n<meta property=\"article:publisher\" content=\"https:\/\/www.facebook.com\/ruubyconcept\" \/>\n<meta property=\"article:modified_time\" content=\"2026-04-07T22:28:26+00:00\" \/>\n<meta property=\"og:image\" content=\"http:\/\/ruuby.ee\/wp-content\/uploads\/2025\/04\/Screenshot-2025-04-29-at-20.50.58.png\" \/>\n\t<meta property=\"og:image:width\" content=\"990\" \/>\n\t<meta property=\"og:image:height\" content=\"1138\" \/>\n\t<meta property=\"og:image:type\" content=\"image\/png\" \/>\n<meta name=\"twitter:card\" content=\"summary_large_image\" \/>\n<meta name=\"twitter:label1\" content=\"Estimated reading time\" \/>\n\t<meta name=\"twitter:data1\" content=\"1 minute\" \/>\n<script type=\"application\/ld+json\" class=\"yoast-schema-graph\">{\"@context\":\"https:\\\/\\\/schema.org\",\"@graph\":[{\"@type\":[\"WebPage\",\"ItemPage\"],\"@id\":\"http:\\\/\\\/ruuby.ee\\\/pood\\\/aksessuaarid\\\/kaardid-sonumid\\\/studio-roof-pop-up-kaart-kroonitud-obi\\\/\",\"url\":\"http:\\\/\\\/ruuby.ee\\\/pood\\\/aksessuaarid\\\/kaardid-sonumid\\\/studio-roof-pop-up-kaart-kroonitud-obi\\\/\",\"name\":\"Studio ROOF - Pop-Up kaart, Kroonitud Obi - RUUBY\",\"isPartOf\":{\"@id\":\"http:\\\/\\\/ruuby.ee\\\/en\\\/#website\"},\"primaryImageOfPage\":{\"@id\":\"http:\\\/\\\/ruuby.ee\\\/pood\\\/aksessuaarid\\\/kaardid-sonumid\\\/studio-roof-pop-up-kaart-kroonitud-obi\\\/#primaryimage\"},\"image\":{\"@id\":\"http:\\\/\\\/ruuby.ee\\\/pood\\\/aksessuaarid\\\/kaardid-sonumid\\\/studio-roof-pop-up-kaart-kroonitud-obi\\\/#primaryimage\"},\"thumbnailUrl\":\"https:\\\/\\\/ruuby.ee\\\/wp-content\\\/uploads\\\/2025\\\/04\\\/Screenshot-2025-04-29-at-20.50.58.png\",\"datePublished\":\"2025-04-29T17:50:39+00:00\",\"dateModified\":\"2026-04-07T22:28:26+00:00\",\"breadcrumb\":{\"@id\":\"http:\\\/\\\/ruuby.ee\\\/pood\\\/aksessuaarid\\\/kaardid-sonumid\\\/studio-roof-pop-up-kaart-kroonitud-obi\\\/#breadcrumb\"},\"inLanguage\":\"en-GB\",\"potentialAction\":[{\"@type\":\"ReadAction\",\"target\":[\"http:\\\/\\\/ruuby.ee\\\/pood\\\/aksessuaarid\\\/kaardid-sonumid\\\/studio-roof-pop-up-kaart-kroonitud-obi\\\/\"]}]},{\"@type\":\"ImageObject\",\"inLanguage\":\"en-GB\",\"@id\":\"http:\\\/\\\/ruuby.ee\\\/pood\\\/aksessuaarid\\\/kaardid-sonumid\\\/studio-roof-pop-up-kaart-kroonitud-obi\\\/#primaryimage\",\"url\":\"https:\\\/\\\/ruuby.ee\\\/wp-content\\\/uploads\\\/2025\\\/04\\\/Screenshot-2025-04-29-at-20.50.58.png\",\"contentUrl\":\"https:\\\/\\\/ruuby.ee\\\/wp-content\\\/uploads\\\/2025\\\/04\\\/Screenshot-2025-04-29-at-20.50.58.png\",\"width\":990,\"height\":1138},{\"@type\":\"BreadcrumbList\",\"@id\":\"http:\\\/\\\/ruuby.ee\\\/pood\\\/aksessuaarid\\\/kaardid-sonumid\\\/studio-roof-pop-up-kaart-kroonitud-obi\\\/#breadcrumb\",\"itemListElement\":[{\"@type\":\"ListItem\",\"position\":1,\"name\":\"Kdu\",\"item\":\"http:\\\/\\\/ruuby.ee\\\/en\\\/\"},{\"@type\":\"ListItem\",\"position\":2,\"name\":\"Pood\",\"item\":\"http:\\\/\\\/ruuby.ee\\\/en\\\/pood\\\/\"},{\"@type\":\"ListItem\",\"position\":3,\"name\":\"Studio ROOF &#8211; Pop-Up kaart, Kroonitud Obi\"}]},{\"@type\":\"WebSite\",\"@id\":\"http:\\\/\\\/ruuby.ee\\\/en\\\/#website\",\"url\":\"http:\\\/\\\/ruuby.ee\\\/en\\\/\",\"name\":\"RUUBY\",\"description\":\"Ruubys on \u00fchendatud elustiil ja disain\",\"publisher\":{\"@id\":\"http:\\\/\\\/ruuby.ee\\\/en\\\/#organization\"},\"alternateName\":\"Ruuby Disain\",\"potentialAction\":[{\"@type\":\"SearchAction\",\"target\":{\"@type\":\"EntryPoint\",\"urlTemplate\":\"http:\\\/\\\/ruuby.ee\\\/en\\\/?s={search_term_string}\"},\"query-input\":{\"@type\":\"PropertyValueSpecification\",\"valueRequired\":true,\"valueName\":\"search_term_string\"}}],\"inLanguage\":\"en-GB\"},{\"@type\":\"Organization\",\"@id\":\"http:\\\/\\\/ruuby.ee\\\/en\\\/#organization\",\"name\":\"Ruuby Disain O\u00dc\",\"alternateName\":\"Ruuby\",\"url\":\"http:\\\/\\\/ruuby.ee\\\/en\\\/\",\"logo\":{\"@type\":\"ImageObject\",\"inLanguage\":\"en-GB\",\"@id\":\"http:\\\/\\\/ruuby.ee\\\/en\\\/#\\\/schema\\\/logo\\\/image\\\/\",\"url\":\"https:\\\/\\\/ruuby.ee\\\/wp-content\\\/uploads\\\/2023\\\/06\\\/cropped-Black-White-Elegant-Circle-Signature-Fashion-Logo-12_large.png\",\"contentUrl\":\"https:\\\/\\\/ruuby.ee\\\/wp-content\\\/uploads\\\/2023\\\/06\\\/cropped-Black-White-Elegant-Circle-Signature-Fashion-Logo-12_large.png\",\"width\":1280,\"height\":747,\"caption\":\"Ruuby Disain O\u00dc\"},\"image\":{\"@id\":\"http:\\\/\\\/ruuby.ee\\\/en\\\/#\\\/schema\\\/logo\\\/image\\\/\"},\"sameAs\":[\"https:\\\/\\\/www.facebook.com\\\/ruubyconcept\",\"https:\\\/\\\/www.instagram.com\\\/ruuby_concept\\\/\"]}]}<\/script>\n<!-- \/ Yoast SEO plugin. -->","yoast_head_json":{"title":"Studio ROOF - Pop-Up kaart, Kroonitud Obi - RUUBY","robots":{"index":"index","follow":"follow","max-snippet":"max-snippet:-1","max-image-preview":"max-image-preview:large","max-video-preview":"max-video-preview:-1"},"canonical":"http:\/\/ruuby.ee\/en\/pood\/aksessuaarid\/kaardid-sonumid\/studio-roof-pop-up-kaart-kroonitud-obi\/","og_locale":"en_GB","og_type":"article","og_title":"Studio ROOF - Pop-Up kaart, Kroonitud Obi - RUUBY","og_description":"V\u00e4ljat\u00f5mmatav kaart on enamat kui lihtsalt kaart; see on v\u00e4ike kingitus, mida saata.  Sellest kroonitud Obist saab hinnaline m\u00e4lestus, kui see leiab oma koha oksa, lambi v\u00f5i muu koha k\u00fcljes rippumas.  Tootega on kaasas \u00fcmbrik, \u00f5nnitluskaart, riputamisn\u00f6\u00f6r ja kokkupandav 3D-koolibri.","og_url":"http:\/\/ruuby.ee\/en\/pood\/aksessuaarid\/kaardid-sonumid\/studio-roof-pop-up-kaart-kroonitud-obi\/","og_site_name":"RUUBY","article_publisher":"https:\/\/www.facebook.com\/ruubyconcept","article_modified_time":"2026-04-07T22:28:26+00:00","og_image":[{"width":990,"height":1138,"url":"http:\/\/ruuby.ee\/wp-content\/uploads\/2025\/04\/Screenshot-2025-04-29-at-20.50.58.png","type":"image\/png"}],"twitter_card":"summary_large_image","twitter_misc":{"Estimated reading time":"1 minute"},"schema":{"@context":"https:\/\/schema.org","@graph":[{"@type":["WebPage","ItemPage"],"@id":"http:\/\/ruuby.ee\/pood\/aksessuaarid\/kaardid-sonumid\/studio-roof-pop-up-kaart-kroonitud-obi\/","url":"http:\/\/ruuby.ee\/pood\/aksessuaarid\/kaardid-sonumid\/studio-roof-pop-up-kaart-kroonitud-obi\/","name":"Studio ROOF - Pop-Up kaart, Kroonitud Obi - RUUBY","isPartOf":{"@id":"http:\/\/ruuby.ee\/en\/#website"},"primaryImageOfPage":{"@id":"http:\/\/ruuby.ee\/pood\/aksessuaarid\/kaardid-sonumid\/studio-roof-pop-up-kaart-kroonitud-obi\/#primaryimage"},"image":{"@id":"http:\/\/ruuby.ee\/pood\/aksessuaarid\/kaardid-sonumid\/studio-roof-pop-up-kaart-kroonitud-obi\/#primaryimage"},"thumbnailUrl":"https:\/\/ruuby.ee\/wp-content\/uploads\/2025\/04\/Screenshot-2025-04-29-at-20.50.58.png","datePublished":"2025-04-29T17:50:39+00:00","dateModified":"2026-04-07T22:28:26+00:00","breadcrumb":{"@id":"http:\/\/ruuby.ee\/pood\/aksessuaarid\/kaardid-sonumid\/studio-roof-pop-up-kaart-kroonitud-obi\/#breadcrumb"},"inLanguage":"en-GB","potentialAction":[{"@type":"ReadAction","target":["http:\/\/ruuby.ee\/pood\/aksessuaarid\/kaardid-sonumid\/studio-roof-pop-up-kaart-kroonitud-obi\/"]}]},{"@type":"ImageObject","inLanguage":"en-GB","@id":"http:\/\/ruuby.ee\/pood\/aksessuaarid\/kaardid-sonumid\/studio-roof-pop-up-kaart-kroonitud-obi\/#primaryimage","url":"https:\/\/ruuby.ee\/wp-content\/uploads\/2025\/04\/Screenshot-2025-04-29-at-20.50.58.png","contentUrl":"https:\/\/ruuby.ee\/wp-content\/uploads\/2025\/04\/Screenshot-2025-04-29-at-20.50.58.png","width":990,"height":1138},{"@type":"BreadcrumbList","@id":"http:\/\/ruuby.ee\/pood\/aksessuaarid\/kaardid-sonumid\/studio-roof-pop-up-kaart-kroonitud-obi\/#breadcrumb","itemListElement":[{"@type":"ListItem","position":1,"name":"Kdu","item":"http:\/\/ruuby.ee\/en\/"},{"@type":"ListItem","position":2,"name":"Pood","item":"http:\/\/ruuby.ee\/en\/pood\/"},{"@type":"ListItem","position":3,"name":"Studio ROOF &#8211; Pop-Up kaart, Kroonitud Obi"}]},{"@type":"WebSite","@id":"http:\/\/ruuby.ee\/en\/#website","url":"http:\/\/ruuby.ee\/en\/","name":"RUUBY","description":"Ruubys on \u00fchendatud elustiil ja disain","publisher":{"@id":"http:\/\/ruuby.ee\/en\/#organization"},"alternateName":"Ruuby Disain","potentialAction":[{"@type":"SearchAction","target":{"@type":"EntryPoint","urlTemplate":"http:\/\/ruuby.ee\/en\/?s={search_term_string}"},"query-input":{"@type":"PropertyValueSpecification","valueRequired":true,"valueName":"search_term_string"}}],"inLanguage":"en-GB"},{"@type":"Organization","@id":"http:\/\/ruuby.ee\/en\/#organization","name":"Ruuby Disain O\u00dc","alternateName":"Ruuby","url":"http:\/\/ruuby.ee\/en\/","logo":{"@type":"ImageObject","inLanguage":"en-GB","@id":"http:\/\/ruuby.ee\/en\/#\/schema\/logo\/image\/","url":"https:\/\/ruuby.ee\/wp-content\/uploads\/2023\/06\/cropped-Black-White-Elegant-Circle-Signature-Fashion-Logo-12_large.png","contentUrl":"https:\/\/ruuby.ee\/wp-content\/uploads\/2023\/06\/cropped-Black-White-Elegant-Circle-Signature-Fashion-Logo-12_large.png","width":1280,"height":747,"caption":"Ruuby Disain O\u00dc"},"image":{"@id":"http:\/\/ruuby.ee\/en\/#\/schema\/logo\/image\/"},"sameAs":["https:\/\/www.facebook.com\/ruubyconcept","https:\/\/www.instagram.com\/ruuby_concept\/"]}]}},"jetpack_sharing_enabled":true,"_links":{"self":[{"href":"https:\/\/ruuby.ee\/en\/wp-json\/wp\/v2\/product\/1852974","targetHints":{"allow":["GET"]}}],"collection":[{"href":"https:\/\/ruuby.ee\/en\/wp-json\/wp\/v2\/product"}],"about":[{"href":"https:\/\/ruuby.ee\/en\/wp-json\/wp\/v2\/types\/product"}],"replies":[{"embeddable":true,"href":"https:\/\/ruuby.ee\/en\/wp-json\/wp\/v2\/comments?post=1852974"}],"wp:featuredmedia":[{"embeddable":true,"href":"https:\/\/ruuby.ee\/en\/wp-json\/wp\/v2\/media\/1852975"}],"wp:attachment":[{"href":"https:\/\/ruuby.ee\/en\/wp-json\/wp\/v2\/media?parent=1852974"}],"wp:term":[{"taxonomy":"product_brand","embeddable":true,"href":"https:\/\/ruuby.ee\/en\/wp-json\/wp\/v2\/product_brand?post=1852974"},{"taxonomy":"product_cat","embeddable":true,"href":"https:\/\/ruuby.ee\/en\/wp-json\/wp\/v2\/product_cat?post=1852974"},{"taxonomy":"product_tag","embeddable":true,"href":"https:\/\/ruuby.ee\/en\/wp-json\/wp\/v2\/product_tag?post=1852974"}],"curies":[{"name":"wp","href":"https:\/\/api.w.org\/{rel}","templated":true}]}}