{"id":1852821,"date":"2025-04-21T22:14:47","date_gmt":"2025-04-21T19:14:47","guid":{"rendered":"http:\/\/ruuby.ee\/?post_type=product&#038;p=1852821"},"modified":"2026-04-05T01:25:20","modified_gmt":"2026-04-04T22:25:20","slug":"sticky-lemon-laste-seljakott-meet-me-in-the-meadows","status":"publish","type":"product","link":"https:\/\/ruuby.ee\/en\/pood\/aksessuaarid\/kotid\/sticky-lemon-laste-seljakott-meet-me-in-the-meadows\/","title":{"rendered":"Sticky Lemon laste seljakott, meet me in the meadows"},"content":{"rendered":"<p class=\"\" data-start=\"336\" data-end=\"545\">V\u00f5luv, vastupidav ja igap\u00e4evaseks kandmiseks loodud \u2013 <strong data-start=\"390\" data-end=\"418\">&#8220;Meet Me in the Meadows&#8221;<\/strong> mini-seljakott on ideaalne valik, kui otsid midagi <strong data-start=\"470\" data-end=\"498\">kompaktset ja praktilist<\/strong>, mis n\u00e4eb \u00fchtlasi <strong data-start=\"517\" data-end=\"538\">imeliselt stiilne<\/strong> v\u00e4lja.<\/p>\n<p class=\"\" data-start=\"547\" data-end=\"811\">Valmistatud <strong data-start=\"559\" data-end=\"592\">100% orgaanilisest puuvillast<\/strong>, see v\u00e4ike seljakott sobib suurep\u00e4raselt <strong data-start=\"639\" data-end=\"706\">lastele, noortele v\u00f5i minimalistliku eluviisiga t\u00e4iskasvanutele<\/strong>. Tugev kangas, reguleeritavad rihmad ja kvaliteetne k\u00e4sit\u00f6\u00f6 teevad sellest ideaalse igap\u00e4evase kaaslase.<\/p>\n<p>See seljakott on valmistatud paksust l\u00f5uendist! Esik\u00fcljelt leiate lisatasku. Koti v\u00e4lisk\u00fcljel on k\u00f5ik toredad illustratsioonid teie seikluslikeks reisideks. Vooder on veekindel ja tammet\u00f5ru mustriga. T\u00f5mblukud on YKK-st ja \u00f5lasangad on reguleeritavad. Sisek\u00fcljel on elastne pudelihoidja ja takjapaelaga suletav tasku. Nimesildile saad kirjutada oma nime ja kontaktandmed. Seda eriv\u00e4ljaannet on piiratud koguses, nii et kiirustage, enne kui see on l\u00e4inud!<br \/>\n&#8211;<\/p>\n<p>suurus &#8211; 20 x 13 x 26 cm<br \/>\nmaksimaalne pikkus \u00f5la k\u00e4epide &#8211; 67 cm<\/p>\n<p>materjal v\u00e4ljast &#8211; l\u00f5uend<br \/>\nmaterjal sees &#8211; veekindel vooder<br \/>\nt\u00f5mblukk &#8211; YKK lukud<\/p>\n<p>Seda kotti saate h\u00f5lpsalt puhastada m\u00e4rja lapiga. Soovitame kotti mitte pesumasinas pesta. Lihtsalt natuke vett ja ongi puhas!<\/p>","protected":false},"excerpt":{"rendered":"<p>Seljakott &#8211; eriv\u00e4ljaanne \u2022 seikluskollektsioon \u2022 kohtume niitudel<\/p>","protected":false},"featured_media":1852823,"comment_status":"closed","ping_status":"closed","template":"","meta":[],"product_brand":[],"product_cat":[43,33,22,679,675],"product_tag":[],"class_list":{"0":"post-1852821","1":"product","2":"type-product","3":"status-publish","4":"has-post-thumbnail","6":"product_cat-aksessuaarid","7":"product_cat-kotid","8":"product_cat-lapsed","9":"product_cat-laste-kotid","10":"product_cat-seljakott","12":"first","13":"instock","14":"taxable","15":"shipping-taxable","16":"purchasable","17":"product-type-simple"},"yoast_head":"<!-- This site is optimized with the Yoast SEO plugin v27.2 - https:\/\/yoast.com\/product\/yoast-seo-wordpress\/ -->\n<title>Sticky Lemon laste seljakott, meet me in the meadows - RUUBY<\/title>\n<meta name=\"description\" content=\"Sticky lemon mini-seljakott orgaanilisest puuvillast. Kompaktne, stiilne ja keskkonnas\u00f5bralik \u2013 ideaalne laste, noorte ja minimalistide igap\u00e4evaseks kasutamiseks. Laos olemas!\" \/>\n<meta name=\"robots\" content=\"index, follow, max-snippet:-1, max-image-preview:large, max-video-preview:-1\" \/>\n<link rel=\"canonical\" href=\"https:\/\/ruuby.ee\/en\/pood\/aksessuaarid\/kotid\/sticky-lemon-laste-seljakott-meet-me-in-the-meadows\/\" \/>\n<meta property=\"og:locale\" content=\"en_GB\" \/>\n<meta property=\"og:type\" content=\"article\" \/>\n<meta property=\"og:title\" content=\"Sticky Lemon laste seljakott, meet me in the meadows - RUUBY\" \/>\n<meta property=\"og:description\" content=\"Sticky lemon mini-seljakott orgaanilisest puuvillast. Kompaktne, stiilne ja keskkonnas\u00f5bralik \u2013 ideaalne laste, noorte ja minimalistide igap\u00e4evaseks kasutamiseks. Laos olemas!\" \/>\n<meta property=\"og:url\" content=\"https:\/\/ruuby.ee\/en\/pood\/aksessuaarid\/kotid\/sticky-lemon-laste-seljakott-meet-me-in-the-meadows\/\" \/>\n<meta property=\"og:site_name\" content=\"RUUBY\" \/>\n<meta property=\"article:publisher\" content=\"https:\/\/www.facebook.com\/ruubyconcept\" \/>\n<meta property=\"article:modified_time\" content=\"2026-04-04T22:25:20+00:00\" \/>\n<meta property=\"og:image\" content=\"https:\/\/ruuby.ee\/wp-content\/uploads\/2025\/04\/Screenshot-2025-04-21-at-22.05.44.png\" \/>\n\t<meta property=\"og:image:width\" content=\"980\" \/>\n\t<meta property=\"og:image:height\" content=\"986\" \/>\n\t<meta property=\"og:image:type\" content=\"image\/png\" \/>\n<meta name=\"twitter:card\" content=\"summary_large_image\" \/>\n<meta name=\"twitter:label1\" content=\"Estimated reading time\" \/>\n\t<meta name=\"twitter:data1\" content=\"2 minutes\" \/>\n<script type=\"application\/ld+json\" class=\"yoast-schema-graph\">{\"@context\":\"https:\/\/schema.org\",\"@graph\":[{\"@type\":[\"WebPage\",\"ItemPage\"],\"@id\":\"https:\/\/ruuby.ee\/pood\/aksessuaarid\/kotid\/sticky-lemon-laste-seljakott-meet-me-in-the-meadows\/\",\"url\":\"https:\/\/ruuby.ee\/pood\/aksessuaarid\/kotid\/sticky-lemon-laste-seljakott-meet-me-in-the-meadows\/\",\"name\":\"Sticky Lemon laste seljakott, meet me in the meadows - RUUBY\",\"isPartOf\":{\"@id\":\"http:\/\/ruuby.ee\/#website\"},\"primaryImageOfPage\":{\"@id\":\"https:\/\/ruuby.ee\/pood\/aksessuaarid\/kotid\/sticky-lemon-laste-seljakott-meet-me-in-the-meadows\/#primaryimage\"},\"image\":{\"@id\":\"https:\/\/ruuby.ee\/pood\/aksessuaarid\/kotid\/sticky-lemon-laste-seljakott-meet-me-in-the-meadows\/#primaryimage\"},\"thumbnailUrl\":\"https:\/\/ruuby.ee\/wp-content\/uploads\/2025\/04\/Screenshot-2025-04-21-at-22.05.44.png\",\"datePublished\":\"2025-04-21T19:14:47+00:00\",\"dateModified\":\"2026-04-04T22:25:20+00:00\",\"description\":\"Sticky lemon mini-seljakott orgaanilisest puuvillast. Kompaktne, stiilne ja keskkonnas\u00f5bralik \u2013 ideaalne laste, noorte ja minimalistide igap\u00e4evaseks kasutamiseks. Laos olemas!\",\"breadcrumb\":{\"@id\":\"https:\/\/ruuby.ee\/pood\/aksessuaarid\/kotid\/sticky-lemon-laste-seljakott-meet-me-in-the-meadows\/#breadcrumb\"},\"inLanguage\":\"en-GB\",\"potentialAction\":[{\"@type\":\"ReadAction\",\"target\":[\"https:\/\/ruuby.ee\/pood\/aksessuaarid\/kotid\/sticky-lemon-laste-seljakott-meet-me-in-the-meadows\/\"]}]},{\"@type\":\"ImageObject\",\"inLanguage\":\"en-GB\",\"@id\":\"https:\/\/ruuby.ee\/pood\/aksessuaarid\/kotid\/sticky-lemon-laste-seljakott-meet-me-in-the-meadows\/#primaryimage\",\"url\":\"https:\/\/ruuby.ee\/wp-content\/uploads\/2025\/04\/Screenshot-2025-04-21-at-22.05.44.png\",\"contentUrl\":\"https:\/\/ruuby.ee\/wp-content\/uploads\/2025\/04\/Screenshot-2025-04-21-at-22.05.44.png\",\"width\":980,\"height\":986},{\"@type\":\"BreadcrumbList\",\"@id\":\"https:\/\/ruuby.ee\/pood\/aksessuaarid\/kotid\/sticky-lemon-laste-seljakott-meet-me-in-the-meadows\/#breadcrumb\",\"itemListElement\":[{\"@type\":\"ListItem\",\"position\":1,\"name\":\"Kdu\",\"item\":\"http:\/\/ruuby.ee\/\"},{\"@type\":\"ListItem\",\"position\":2,\"name\":\"Pood\",\"item\":\"https:\/\/ruuby.ee\/en\/pood\/\"},{\"@type\":\"ListItem\",\"position\":3,\"name\":\"Sticky Lemon laste seljakott, meet me in the meadows\"}]},{\"@type\":\"WebSite\",\"@id\":\"http:\/\/ruuby.ee\/#website\",\"url\":\"http:\/\/ruuby.ee\/\",\"name\":\"RUUBY\",\"description\":\"Ruubys on \u00fchendatud elustiil ja disain\",\"publisher\":{\"@id\":\"http:\/\/ruuby.ee\/#organization\"},\"alternateName\":\"Ruuby Disain\",\"potentialAction\":[{\"@type\":\"SearchAction\",\"target\":{\"@type\":\"EntryPoint\",\"urlTemplate\":\"http:\/\/ruuby.ee\/?s={search_term_string}\"},\"query-input\":{\"@type\":\"PropertyValueSpecification\",\"valueRequired\":true,\"valueName\":\"search_term_string\"}}],\"inLanguage\":\"en-GB\"},{\"@type\":\"Organization\",\"@id\":\"http:\/\/ruuby.ee\/#organization\",\"name\":\"Ruuby Disain O\u00dc\",\"alternateName\":\"Ruuby\",\"url\":\"http:\/\/ruuby.ee\/\",\"logo\":{\"@type\":\"ImageObject\",\"inLanguage\":\"en-GB\",\"@id\":\"http:\/\/ruuby.ee\/#\/schema\/logo\/image\/\",\"url\":\"https:\/\/ruuby.ee\/wp-content\/uploads\/2023\/06\/cropped-Black-White-Elegant-Circle-Signature-Fashion-Logo-12_large.png\",\"contentUrl\":\"https:\/\/ruuby.ee\/wp-content\/uploads\/2023\/06\/cropped-Black-White-Elegant-Circle-Signature-Fashion-Logo-12_large.png\",\"width\":1280,\"height\":747,\"caption\":\"Ruuby Disain O\u00dc\"},\"image\":{\"@id\":\"http:\/\/ruuby.ee\/#\/schema\/logo\/image\/\"},\"sameAs\":[\"https:\/\/www.facebook.com\/ruubyconcept\",\"https:\/\/www.instagram.com\/ruuby_concept\/\"]}]}<\/script>\n<!-- \/ Yoast SEO plugin. -->","yoast_head_json":{"title":"Sticky Lemon laste seljakott, meet me in the meadows - RUUBY","description":"Sticky lemon mini-seljakott orgaanilisest puuvillast. Kompaktne, stiilne ja keskkonnas\u00f5bralik \u2013 ideaalne laste, noorte ja minimalistide igap\u00e4evaseks kasutamiseks. Laos olemas!","robots":{"index":"index","follow":"follow","max-snippet":"max-snippet:-1","max-image-preview":"max-image-preview:large","max-video-preview":"max-video-preview:-1"},"canonical":"https:\/\/ruuby.ee\/en\/pood\/aksessuaarid\/kotid\/sticky-lemon-laste-seljakott-meet-me-in-the-meadows\/","og_locale":"en_GB","og_type":"article","og_title":"Sticky Lemon laste seljakott, meet me in the meadows - RUUBY","og_description":"Sticky lemon mini-seljakott orgaanilisest puuvillast. Kompaktne, stiilne ja keskkonnas\u00f5bralik \u2013 ideaalne laste, noorte ja minimalistide igap\u00e4evaseks kasutamiseks. Laos olemas!","og_url":"https:\/\/ruuby.ee\/en\/pood\/aksessuaarid\/kotid\/sticky-lemon-laste-seljakott-meet-me-in-the-meadows\/","og_site_name":"RUUBY","article_publisher":"https:\/\/www.facebook.com\/ruubyconcept","article_modified_time":"2026-04-04T22:25:20+00:00","og_image":[{"width":980,"height":986,"url":"https:\/\/ruuby.ee\/wp-content\/uploads\/2025\/04\/Screenshot-2025-04-21-at-22.05.44.png","type":"image\/png"}],"twitter_card":"summary_large_image","twitter_misc":{"Estimated reading time":"2 minutes"},"schema":{"@context":"https:\/\/schema.org","@graph":[{"@type":["WebPage","ItemPage"],"@id":"https:\/\/ruuby.ee\/pood\/aksessuaarid\/kotid\/sticky-lemon-laste-seljakott-meet-me-in-the-meadows\/","url":"https:\/\/ruuby.ee\/pood\/aksessuaarid\/kotid\/sticky-lemon-laste-seljakott-meet-me-in-the-meadows\/","name":"Sticky Lemon laste seljakott, meet me in the meadows - RUUBY","isPartOf":{"@id":"http:\/\/ruuby.ee\/#website"},"primaryImageOfPage":{"@id":"https:\/\/ruuby.ee\/pood\/aksessuaarid\/kotid\/sticky-lemon-laste-seljakott-meet-me-in-the-meadows\/#primaryimage"},"image":{"@id":"https:\/\/ruuby.ee\/pood\/aksessuaarid\/kotid\/sticky-lemon-laste-seljakott-meet-me-in-the-meadows\/#primaryimage"},"thumbnailUrl":"https:\/\/ruuby.ee\/wp-content\/uploads\/2025\/04\/Screenshot-2025-04-21-at-22.05.44.png","datePublished":"2025-04-21T19:14:47+00:00","dateModified":"2026-04-04T22:25:20+00:00","description":"Sticky lemon mini-seljakott orgaanilisest puuvillast. Kompaktne, stiilne ja keskkonnas\u00f5bralik \u2013 ideaalne laste, noorte ja minimalistide igap\u00e4evaseks kasutamiseks. Laos olemas!","breadcrumb":{"@id":"https:\/\/ruuby.ee\/pood\/aksessuaarid\/kotid\/sticky-lemon-laste-seljakott-meet-me-in-the-meadows\/#breadcrumb"},"inLanguage":"en-GB","potentialAction":[{"@type":"ReadAction","target":["https:\/\/ruuby.ee\/pood\/aksessuaarid\/kotid\/sticky-lemon-laste-seljakott-meet-me-in-the-meadows\/"]}]},{"@type":"ImageObject","inLanguage":"en-GB","@id":"https:\/\/ruuby.ee\/pood\/aksessuaarid\/kotid\/sticky-lemon-laste-seljakott-meet-me-in-the-meadows\/#primaryimage","url":"https:\/\/ruuby.ee\/wp-content\/uploads\/2025\/04\/Screenshot-2025-04-21-at-22.05.44.png","contentUrl":"https:\/\/ruuby.ee\/wp-content\/uploads\/2025\/04\/Screenshot-2025-04-21-at-22.05.44.png","width":980,"height":986},{"@type":"BreadcrumbList","@id":"https:\/\/ruuby.ee\/pood\/aksessuaarid\/kotid\/sticky-lemon-laste-seljakott-meet-me-in-the-meadows\/#breadcrumb","itemListElement":[{"@type":"ListItem","position":1,"name":"Kdu","item":"http:\/\/ruuby.ee\/"},{"@type":"ListItem","position":2,"name":"Pood","item":"https:\/\/ruuby.ee\/en\/pood\/"},{"@type":"ListItem","position":3,"name":"Sticky Lemon laste seljakott, meet me in the meadows"}]},{"@type":"WebSite","@id":"http:\/\/ruuby.ee\/#website","url":"http:\/\/ruuby.ee\/","name":"RUUBY","description":"Ruubys on \u00fchendatud elustiil ja disain","publisher":{"@id":"http:\/\/ruuby.ee\/#organization"},"alternateName":"Ruuby Disain","potentialAction":[{"@type":"SearchAction","target":{"@type":"EntryPoint","urlTemplate":"http:\/\/ruuby.ee\/?s={search_term_string}"},"query-input":{"@type":"PropertyValueSpecification","valueRequired":true,"valueName":"search_term_string"}}],"inLanguage":"en-GB"},{"@type":"Organization","@id":"http:\/\/ruuby.ee\/#organization","name":"Ruuby Disain O\u00dc","alternateName":"Ruuby","url":"http:\/\/ruuby.ee\/","logo":{"@type":"ImageObject","inLanguage":"en-GB","@id":"http:\/\/ruuby.ee\/#\/schema\/logo\/image\/","url":"https:\/\/ruuby.ee\/wp-content\/uploads\/2023\/06\/cropped-Black-White-Elegant-Circle-Signature-Fashion-Logo-12_large.png","contentUrl":"https:\/\/ruuby.ee\/wp-content\/uploads\/2023\/06\/cropped-Black-White-Elegant-Circle-Signature-Fashion-Logo-12_large.png","width":1280,"height":747,"caption":"Ruuby Disain O\u00dc"},"image":{"@id":"http:\/\/ruuby.ee\/#\/schema\/logo\/image\/"},"sameAs":["https:\/\/www.facebook.com\/ruubyconcept","https:\/\/www.instagram.com\/ruuby_concept\/"]}]}},"jetpack_sharing_enabled":true,"_links":{"self":[{"href":"https:\/\/ruuby.ee\/en\/wp-json\/wp\/v2\/product\/1852821","targetHints":{"allow":["GET"]}}],"collection":[{"href":"https:\/\/ruuby.ee\/en\/wp-json\/wp\/v2\/product"}],"about":[{"href":"https:\/\/ruuby.ee\/en\/wp-json\/wp\/v2\/types\/product"}],"replies":[{"embeddable":true,"href":"https:\/\/ruuby.ee\/en\/wp-json\/wp\/v2\/comments?post=1852821"}],"wp:featuredmedia":[{"embeddable":true,"href":"https:\/\/ruuby.ee\/en\/wp-json\/wp\/v2\/media\/1852823"}],"wp:attachment":[{"href":"https:\/\/ruuby.ee\/en\/wp-json\/wp\/v2\/media?parent=1852821"}],"wp:term":[{"taxonomy":"product_brand","embeddable":true,"href":"https:\/\/ruuby.ee\/en\/wp-json\/wp\/v2\/product_brand?post=1852821"},{"taxonomy":"product_cat","embeddable":true,"href":"https:\/\/ruuby.ee\/en\/wp-json\/wp\/v2\/product_cat?post=1852821"},{"taxonomy":"product_tag","embeddable":true,"href":"https:\/\/ruuby.ee\/en\/wp-json\/wp\/v2\/product_tag?post=1852821"}],"curies":[{"name":"wp","href":"https:\/\/api.w.org\/{rel}","templated":true}]}}