{"id":1852813,"date":"2025-04-21T22:02:27","date_gmt":"2025-04-21T19:02:27","guid":{"rendered":"http:\/\/ruuby.ee\/?post_type=product&#038;p=1852813"},"modified":"2026-04-08T01:28:26","modified_gmt":"2026-04-07T22:28:26","slug":"monk-anna-telefonikott-selentine","status":"publish","type":"product","link":"https:\/\/ruuby.ee\/en\/pood\/aksessuaarid\/kotid\/monk-anna-telefonikott-selentine\/","title":{"rendered":"Monk &amp; Anna telefonikott, Selentine"},"content":{"rendered":"<p class=\"\" data-start=\"250\" data-end=\"423\">Minimalistlik ja praktiline \u2013 see <strong data-start=\"284\" data-end=\"307\">heledas toonis telefoni\u00fcmbris<\/strong> on ideaalne v\u00e4ikeste esemete nagu <strong data-start=\"342\" data-end=\"383\">telefon, v\u00f5tmed, kaardid v\u00f5i sularaha<\/strong> turvaliseks ja stiilseks hoiustamiseks.<\/p>\n<p class=\"\" data-start=\"425\" data-end=\"644\">Valmistatud <strong data-start=\"437\" data-end=\"470\">100% orgaanilisest puuvillast<\/strong>, see \u00fcmbris on pehme, vastupidav ja keskkonnas\u00f5bralik. Lihtne <strong>paelkinnitus<\/strong> hoiab sisu kindlalt sees, samas kui kompaktne ja kerge disain mahub igasse kotti v\u00f5i taskusse.<\/p>\n<h4 class=\"\" data-start=\"646\" data-end=\"666\"><strong data-start=\"651\" data-end=\"666\">Toote info:<\/strong><\/h4>\n<ul data-start=\"667\" data-end=\"1007\">\n<li class=\"\" data-start=\"667\" data-end=\"721\">\n<p class=\"\" data-start=\"669\" data-end=\"721\"><strong data-start=\"672\" data-end=\"719\">Sobib telefonile, kaartidele, v\u00f5tmetele jpm<\/strong><\/p>\n<\/li>\n<li class=\"\" data-start=\"722\" data-end=\"786\">\n<p class=\"\" data-start=\"724\" data-end=\"786\"><strong data-start=\"727\" data-end=\"750\">Orgaaniline puuvill<\/strong> \u2013 looduslik, hingav ja vastupidav<\/p>\n<\/li>\n<li class=\"\" data-start=\"787\" data-end=\"834\">\n<p class=\"\" data-start=\"789\" data-end=\"834\"><b>Elegante hele v\u00e4rv<\/b>\u2013 sobib iga stiiliga<\/p>\n<\/li>\n<li class=\"\" data-start=\"835\" data-end=\"891\">\n<p class=\"\" data-start=\"837\" data-end=\"891\"><strong data-start=\"840\" data-end=\"862\">Tugev n\u00f6\u00f6rkinnitus<\/strong> \u2013 sisu p\u00fcsib kindlalt sees<\/p>\n<\/li>\n<li class=\"\" data-start=\"892\" data-end=\"955\">\n<p class=\"\" data-start=\"894\" data-end=\"955\"><strong data-start=\"897\" data-end=\"919\">Kerge ja kompaktne<\/strong> \u2013 mugav igap\u00e4evaseks kasutamiseks<\/p>\n<\/li>\n<li class=\"\" data-start=\"956\" data-end=\"1007\">\n<p class=\"\" data-start=\"958\" data-end=\"1007\"><strong data-start=\"961\" data-end=\"984\">K\u00e4sitsi valmistatud<\/strong> \u2013 iga ese on unikaalne<\/p>\n<\/li>\n<\/ul>\n<p><strong>M\u00f5\u00f5dud:<\/strong><br \/>\n\u2013 telefonikott \u2022 10 x 1 x 15,75 cm<br \/>\n\u2013 klapp \u2022 10 x 5 cm<br \/>\n\u2013 \u00f5larihm \u2022 125 cm<\/p>\n<p><strong>Materjalid:<\/strong><\/p>\n<p>\u2013 \u00fcmbris ja pael \u2022 taaskasutatud vegannahk<br \/>\n\u2013 klapp \u2022 taaskasutatud vegan seemisnahk<br \/>\n\u2013 sulgur \u2022 magnet<\/p>\n<p class=\"\" data-start=\"1009\" data-end=\"1079\">\u00a0Lihtne, stiilne ja teadlik valik \u2013 lisa oma igap\u00e4evasesse r\u00fctmi!<\/p>\n<p class=\"\" data-start=\"1147\" data-end=\"1224\">\u00a0Lisa ostukorvi ja v\u00f5ta kaasa k\u00f5ik vajaliku \u2013 kompaktselt ja stiilselt!<\/p>","protected":false},"excerpt":{"rendered":"<p>Minimalistlik ja praktiline \u2013 see heledas toonis telefoni\u00fcmbris on ideaalne v\u00e4ikeste esemete nagu telefon, v\u00f5tmed, kaardid v\u00f5i sularaha turvaliseks ja stiilseks hoiustamiseks. Valmistatud 100% orgaanilisest puuvillast, see \u00fcmbris on pehme, vastupidav ja keskkonnas\u00f5bralik. Lihtne paelkinnitus hoiab sisu kindlalt sees, samas kui kompaktne ja kerge disain mahub igasse kotti v\u00f5i taskusse. Toote info: Sobib telefonile, kaartidele, [&hellip;]<\/p>\n","protected":false},"featured_media":1852815,"comment_status":"closed","ping_status":"closed","template":"","meta":[],"product_brand":[],"product_cat":[43,33,671],"product_tag":[],"class_list":{"0":"post-1852813","1":"product","2":"type-product","3":"status-publish","4":"has-post-thumbnail","6":"product_cat-aksessuaarid","7":"product_cat-kotid","8":"product_cat-telefonikott","10":"first","11":"instock","12":"taxable","13":"shipping-taxable","14":"purchasable","15":"product-type-simple"},"yoast_head":"<!-- This site is optimized with the Yoast SEO plugin v27.3 - https:\/\/yoast.com\/product\/yoast-seo-wordpress\/ -->\n<title>Monk &amp; Anna telefonikott, Selentine - RUUBY<\/title>\n<meta name=\"description\" content=\"Must telefoni\u00fcmbris orgaanilisest puuvillast. Minimalistlik, kerge ja praktiline \u2013 ideaalne telefoni, v\u00f5tmete v\u00f5i kaartide hoidmiseks. Laos olemas!\" \/>\n<meta name=\"robots\" content=\"index, follow, max-snippet:-1, max-image-preview:large, max-video-preview:-1\" \/>\n<link rel=\"canonical\" href=\"http:\/\/ruuby.ee\/en\/pood\/aksessuaarid\/kotid\/monk-anna-telefonikott-selentine\/\" \/>\n<meta property=\"og:locale\" content=\"en_GB\" \/>\n<meta property=\"og:type\" content=\"article\" \/>\n<meta property=\"og:title\" content=\"Monk &amp; Anna telefonikott, Selentine - RUUBY\" \/>\n<meta property=\"og:description\" content=\"Must telefoni\u00fcmbris orgaanilisest puuvillast. Minimalistlik, kerge ja praktiline \u2013 ideaalne telefoni, v\u00f5tmete v\u00f5i kaartide hoidmiseks. Laos olemas!\" \/>\n<meta property=\"og:url\" content=\"http:\/\/ruuby.ee\/en\/pood\/aksessuaarid\/kotid\/monk-anna-telefonikott-selentine\/\" \/>\n<meta property=\"og:site_name\" content=\"RUUBY\" \/>\n<meta property=\"article:publisher\" content=\"https:\/\/www.facebook.com\/ruubyconcept\" \/>\n<meta property=\"article:modified_time\" content=\"2026-04-07T22:28:26+00:00\" \/>\n<meta property=\"og:image\" content=\"http:\/\/ruuby.ee\/wp-content\/uploads\/2025\/04\/Screenshot-2025-04-21-at-22.00.12.png\" \/>\n\t<meta property=\"og:image:width\" content=\"980\" \/>\n\t<meta property=\"og:image:height\" content=\"988\" \/>\n\t<meta property=\"og:image:type\" content=\"image\/png\" \/>\n<meta name=\"twitter:card\" content=\"summary_large_image\" \/>\n<meta name=\"twitter:label1\" content=\"Estimated reading time\" \/>\n\t<meta name=\"twitter:data1\" content=\"1 minute\" \/>\n<script type=\"application\/ld+json\" class=\"yoast-schema-graph\">{\"@context\":\"https:\\\/\\\/schema.org\",\"@graph\":[{\"@type\":[\"WebPage\",\"ItemPage\"],\"@id\":\"http:\\\/\\\/ruuby.ee\\\/en\\\/pood\\\/aksessuaarid\\\/kotid\\\/monk-anna-telefonikott-selentine\\\/\",\"url\":\"http:\\\/\\\/ruuby.ee\\\/en\\\/pood\\\/aksessuaarid\\\/kotid\\\/monk-anna-telefonikott-selentine\\\/\",\"name\":\"Monk &amp; Anna telefonikott, Selentine - RUUBY\",\"isPartOf\":{\"@id\":\"http:\\\/\\\/ruuby.ee\\\/en\\\/#website\"},\"primaryImageOfPage\":{\"@id\":\"http:\\\/\\\/ruuby.ee\\\/en\\\/pood\\\/aksessuaarid\\\/kotid\\\/monk-anna-telefonikott-selentine\\\/#primaryimage\"},\"image\":{\"@id\":\"http:\\\/\\\/ruuby.ee\\\/en\\\/pood\\\/aksessuaarid\\\/kotid\\\/monk-anna-telefonikott-selentine\\\/#primaryimage\"},\"thumbnailUrl\":\"https:\\\/\\\/ruuby.ee\\\/wp-content\\\/uploads\\\/2025\\\/04\\\/Screenshot-2025-04-21-at-22.00.12.png\",\"datePublished\":\"2025-04-21T19:02:27+00:00\",\"dateModified\":\"2026-04-07T22:28:26+00:00\",\"description\":\"Must telefoni\u00fcmbris orgaanilisest puuvillast. Minimalistlik, kerge ja praktiline \u2013 ideaalne telefoni, v\u00f5tmete v\u00f5i kaartide hoidmiseks. Laos olemas!\",\"breadcrumb\":{\"@id\":\"http:\\\/\\\/ruuby.ee\\\/en\\\/pood\\\/aksessuaarid\\\/kotid\\\/monk-anna-telefonikott-selentine\\\/#breadcrumb\"},\"inLanguage\":\"en-GB\",\"potentialAction\":[{\"@type\":\"ReadAction\",\"target\":[\"http:\\\/\\\/ruuby.ee\\\/en\\\/pood\\\/aksessuaarid\\\/kotid\\\/monk-anna-telefonikott-selentine\\\/\"]}]},{\"@type\":\"ImageObject\",\"inLanguage\":\"en-GB\",\"@id\":\"http:\\\/\\\/ruuby.ee\\\/en\\\/pood\\\/aksessuaarid\\\/kotid\\\/monk-anna-telefonikott-selentine\\\/#primaryimage\",\"url\":\"https:\\\/\\\/ruuby.ee\\\/wp-content\\\/uploads\\\/2025\\\/04\\\/Screenshot-2025-04-21-at-22.00.12.png\",\"contentUrl\":\"https:\\\/\\\/ruuby.ee\\\/wp-content\\\/uploads\\\/2025\\\/04\\\/Screenshot-2025-04-21-at-22.00.12.png\",\"width\":980,\"height\":988},{\"@type\":\"BreadcrumbList\",\"@id\":\"http:\\\/\\\/ruuby.ee\\\/en\\\/pood\\\/aksessuaarid\\\/kotid\\\/monk-anna-telefonikott-selentine\\\/#breadcrumb\",\"itemListElement\":[{\"@type\":\"ListItem\",\"position\":1,\"name\":\"Kdu\",\"item\":\"http:\\\/\\\/ruuby.ee\\\/en\\\/\"},{\"@type\":\"ListItem\",\"position\":2,\"name\":\"Pood\",\"item\":\"http:\\\/\\\/ruuby.ee\\\/en\\\/pood\\\/\"},{\"@type\":\"ListItem\",\"position\":3,\"name\":\"Monk &amp; Anna telefonikott, Selentine\"}]},{\"@type\":\"WebSite\",\"@id\":\"http:\\\/\\\/ruuby.ee\\\/en\\\/#website\",\"url\":\"http:\\\/\\\/ruuby.ee\\\/en\\\/\",\"name\":\"RUUBY\",\"description\":\"Ruubys on \u00fchendatud elustiil ja disain\",\"publisher\":{\"@id\":\"http:\\\/\\\/ruuby.ee\\\/en\\\/#organization\"},\"alternateName\":\"Ruuby Disain\",\"potentialAction\":[{\"@type\":\"SearchAction\",\"target\":{\"@type\":\"EntryPoint\",\"urlTemplate\":\"http:\\\/\\\/ruuby.ee\\\/en\\\/?s={search_term_string}\"},\"query-input\":{\"@type\":\"PropertyValueSpecification\",\"valueRequired\":true,\"valueName\":\"search_term_string\"}}],\"inLanguage\":\"en-GB\"},{\"@type\":\"Organization\",\"@id\":\"http:\\\/\\\/ruuby.ee\\\/en\\\/#organization\",\"name\":\"Ruuby Disain O\u00dc\",\"alternateName\":\"Ruuby\",\"url\":\"http:\\\/\\\/ruuby.ee\\\/en\\\/\",\"logo\":{\"@type\":\"ImageObject\",\"inLanguage\":\"en-GB\",\"@id\":\"http:\\\/\\\/ruuby.ee\\\/en\\\/#\\\/schema\\\/logo\\\/image\\\/\",\"url\":\"https:\\\/\\\/ruuby.ee\\\/wp-content\\\/uploads\\\/2023\\\/06\\\/cropped-Black-White-Elegant-Circle-Signature-Fashion-Logo-12_large.png\",\"contentUrl\":\"https:\\\/\\\/ruuby.ee\\\/wp-content\\\/uploads\\\/2023\\\/06\\\/cropped-Black-White-Elegant-Circle-Signature-Fashion-Logo-12_large.png\",\"width\":1280,\"height\":747,\"caption\":\"Ruuby Disain O\u00dc\"},\"image\":{\"@id\":\"http:\\\/\\\/ruuby.ee\\\/en\\\/#\\\/schema\\\/logo\\\/image\\\/\"},\"sameAs\":[\"https:\\\/\\\/www.facebook.com\\\/ruubyconcept\",\"https:\\\/\\\/www.instagram.com\\\/ruuby_concept\\\/\"]}]}<\/script>\n<!-- \/ Yoast SEO plugin. -->","yoast_head_json":{"title":"Monk &amp; Anna telefonikott, Selentine - RUUBY","description":"Must telefoni\u00fcmbris orgaanilisest puuvillast. Minimalistlik, kerge ja praktiline \u2013 ideaalne telefoni, v\u00f5tmete v\u00f5i kaartide hoidmiseks. Laos olemas!","robots":{"index":"index","follow":"follow","max-snippet":"max-snippet:-1","max-image-preview":"max-image-preview:large","max-video-preview":"max-video-preview:-1"},"canonical":"http:\/\/ruuby.ee\/en\/pood\/aksessuaarid\/kotid\/monk-anna-telefonikott-selentine\/","og_locale":"en_GB","og_type":"article","og_title":"Monk &amp; Anna telefonikott, Selentine - RUUBY","og_description":"Must telefoni\u00fcmbris orgaanilisest puuvillast. Minimalistlik, kerge ja praktiline \u2013 ideaalne telefoni, v\u00f5tmete v\u00f5i kaartide hoidmiseks. Laos olemas!","og_url":"http:\/\/ruuby.ee\/en\/pood\/aksessuaarid\/kotid\/monk-anna-telefonikott-selentine\/","og_site_name":"RUUBY","article_publisher":"https:\/\/www.facebook.com\/ruubyconcept","article_modified_time":"2026-04-07T22:28:26+00:00","og_image":[{"width":980,"height":988,"url":"http:\/\/ruuby.ee\/wp-content\/uploads\/2025\/04\/Screenshot-2025-04-21-at-22.00.12.png","type":"image\/png"}],"twitter_card":"summary_large_image","twitter_misc":{"Estimated reading time":"1 minute"},"schema":{"@context":"https:\/\/schema.org","@graph":[{"@type":["WebPage","ItemPage"],"@id":"http:\/\/ruuby.ee\/en\/pood\/aksessuaarid\/kotid\/monk-anna-telefonikott-selentine\/","url":"http:\/\/ruuby.ee\/en\/pood\/aksessuaarid\/kotid\/monk-anna-telefonikott-selentine\/","name":"Monk &amp; Anna telefonikott, Selentine - RUUBY","isPartOf":{"@id":"http:\/\/ruuby.ee\/en\/#website"},"primaryImageOfPage":{"@id":"http:\/\/ruuby.ee\/en\/pood\/aksessuaarid\/kotid\/monk-anna-telefonikott-selentine\/#primaryimage"},"image":{"@id":"http:\/\/ruuby.ee\/en\/pood\/aksessuaarid\/kotid\/monk-anna-telefonikott-selentine\/#primaryimage"},"thumbnailUrl":"https:\/\/ruuby.ee\/wp-content\/uploads\/2025\/04\/Screenshot-2025-04-21-at-22.00.12.png","datePublished":"2025-04-21T19:02:27+00:00","dateModified":"2026-04-07T22:28:26+00:00","description":"Must telefoni\u00fcmbris orgaanilisest puuvillast. Minimalistlik, kerge ja praktiline \u2013 ideaalne telefoni, v\u00f5tmete v\u00f5i kaartide hoidmiseks. Laos olemas!","breadcrumb":{"@id":"http:\/\/ruuby.ee\/en\/pood\/aksessuaarid\/kotid\/monk-anna-telefonikott-selentine\/#breadcrumb"},"inLanguage":"en-GB","potentialAction":[{"@type":"ReadAction","target":["http:\/\/ruuby.ee\/en\/pood\/aksessuaarid\/kotid\/monk-anna-telefonikott-selentine\/"]}]},{"@type":"ImageObject","inLanguage":"en-GB","@id":"http:\/\/ruuby.ee\/en\/pood\/aksessuaarid\/kotid\/monk-anna-telefonikott-selentine\/#primaryimage","url":"https:\/\/ruuby.ee\/wp-content\/uploads\/2025\/04\/Screenshot-2025-04-21-at-22.00.12.png","contentUrl":"https:\/\/ruuby.ee\/wp-content\/uploads\/2025\/04\/Screenshot-2025-04-21-at-22.00.12.png","width":980,"height":988},{"@type":"BreadcrumbList","@id":"http:\/\/ruuby.ee\/en\/pood\/aksessuaarid\/kotid\/monk-anna-telefonikott-selentine\/#breadcrumb","itemListElement":[{"@type":"ListItem","position":1,"name":"Kdu","item":"http:\/\/ruuby.ee\/en\/"},{"@type":"ListItem","position":2,"name":"Pood","item":"http:\/\/ruuby.ee\/en\/pood\/"},{"@type":"ListItem","position":3,"name":"Monk &amp; Anna telefonikott, Selentine"}]},{"@type":"WebSite","@id":"http:\/\/ruuby.ee\/en\/#website","url":"http:\/\/ruuby.ee\/en\/","name":"RUUBY","description":"Ruubys on \u00fchendatud elustiil ja disain","publisher":{"@id":"http:\/\/ruuby.ee\/en\/#organization"},"alternateName":"Ruuby Disain","potentialAction":[{"@type":"SearchAction","target":{"@type":"EntryPoint","urlTemplate":"http:\/\/ruuby.ee\/en\/?s={search_term_string}"},"query-input":{"@type":"PropertyValueSpecification","valueRequired":true,"valueName":"search_term_string"}}],"inLanguage":"en-GB"},{"@type":"Organization","@id":"http:\/\/ruuby.ee\/en\/#organization","name":"Ruuby Disain O\u00dc","alternateName":"Ruuby","url":"http:\/\/ruuby.ee\/en\/","logo":{"@type":"ImageObject","inLanguage":"en-GB","@id":"http:\/\/ruuby.ee\/en\/#\/schema\/logo\/image\/","url":"https:\/\/ruuby.ee\/wp-content\/uploads\/2023\/06\/cropped-Black-White-Elegant-Circle-Signature-Fashion-Logo-12_large.png","contentUrl":"https:\/\/ruuby.ee\/wp-content\/uploads\/2023\/06\/cropped-Black-White-Elegant-Circle-Signature-Fashion-Logo-12_large.png","width":1280,"height":747,"caption":"Ruuby Disain O\u00dc"},"image":{"@id":"http:\/\/ruuby.ee\/en\/#\/schema\/logo\/image\/"},"sameAs":["https:\/\/www.facebook.com\/ruubyconcept","https:\/\/www.instagram.com\/ruuby_concept\/"]}]}},"jetpack_sharing_enabled":true,"_links":{"self":[{"href":"https:\/\/ruuby.ee\/en\/wp-json\/wp\/v2\/product\/1852813","targetHints":{"allow":["GET"]}}],"collection":[{"href":"https:\/\/ruuby.ee\/en\/wp-json\/wp\/v2\/product"}],"about":[{"href":"https:\/\/ruuby.ee\/en\/wp-json\/wp\/v2\/types\/product"}],"replies":[{"embeddable":true,"href":"https:\/\/ruuby.ee\/en\/wp-json\/wp\/v2\/comments?post=1852813"}],"wp:featuredmedia":[{"embeddable":true,"href":"https:\/\/ruuby.ee\/en\/wp-json\/wp\/v2\/media\/1852815"}],"wp:attachment":[{"href":"https:\/\/ruuby.ee\/en\/wp-json\/wp\/v2\/media?parent=1852813"}],"wp:term":[{"taxonomy":"product_brand","embeddable":true,"href":"https:\/\/ruuby.ee\/en\/wp-json\/wp\/v2\/product_brand?post=1852813"},{"taxonomy":"product_cat","embeddable":true,"href":"https:\/\/ruuby.ee\/en\/wp-json\/wp\/v2\/product_cat?post=1852813"},{"taxonomy":"product_tag","embeddable":true,"href":"https:\/\/ruuby.ee\/en\/wp-json\/wp\/v2\/product_tag?post=1852813"}],"curies":[{"name":"wp","href":"https:\/\/api.w.org\/{rel}","templated":true}]}}