{"id":1852581,"date":"2025-04-09T15:44:14","date_gmt":"2025-04-09T12:44:14","guid":{"rendered":"http:\/\/ruuby.ee\/?post_type=product&#038;p=1852581"},"modified":"2026-04-07T01:27:10","modified_gmt":"2026-04-06T22:27:10","slug":"izipizi-sun-l-paikeseprillid-black","status":"publish","type":"product","link":"https:\/\/ruuby.ee\/en\/pood\/aksessuaarid\/prillid\/izipizi-sun-l\/izipizi-sun-l-paikeseprillid-black\/","title":{"rendered":"IZIPIZI SUN #L p\u00e4ikeseprillid &#8211; Black"},"content":{"rendered":"<p>L SUN BLACK: optimaalne kaitse meie 100% UV, 3. kategooria p\u00e4ikeseprillidega. Oma originaalse ja moeka disaini, painduvate sangade ja kummist tekstuuriga #SUN kollektsioon pakub kvaliteeti, stiili ja kerget mugavust.<\/p>\n<p>#SUN kollektsioon on saadaval hea hinnaklassiga. Nii et miks mitte koguda kokku k\u00f5ik mudelid ja kohandada neid iga p\u00e4ev oma stiili v\u00f5i meeleolu j\u00e4rgi.<\/p>\n<p>P\u00e4ike kiirgab n\u00e4htavaid ja n\u00e4htamatuid elektromagnetlaineid. K\u00f5ige kahjulikumad on UV-kiired, mis j\u00e4\u00e4vad ohtlikuks ka pilves, sest pilved neelavad sellest maksimaalselt 10%. UV-kiirgus kahjustab silmarakke. Aja m\u00f6\u00f6dudes l\u00e4heb uuendamine j\u00e4rjest kehvemini. SUN-prillid pakuvad kohandatud kaitset 100% UV-kategooria 3 l\u00e4\u00e4tsedega, mis kaitsevad pimestamise eest ja filtreerivad 100% ultraviolettkiirte (UV) kiirte eest. Paindlikud ja mugavad vedruhingedega k\u00e4ed, mis kohanduvad iga n\u00e4okuju ja suurusega.<\/p>\n<p>#SUN p\u00e4ikeseprillid: moodne must-have, mis paneb IZIPIZI kogukonna k\u00f5nelema!<\/p>\n<p>&nbsp;<\/p>\n<p>See mudel vastab Euroopa standarditele retseptita prillide jaoks (NF EN 14139) ja rahvusvahelistele p\u00e4ikeseprillide standarditele (ISO 12312-1).<\/p>","protected":false},"excerpt":{"rendered":"<p>Optimaalne kaitse meie 100% UV, 3. kategooria p\u00e4ikeseprillidega. Oma originaalse ja moeka disaini, painduvate sangade ja kummist tekstuuriga #SUN kollektsioon pakub kvaliteeti, stiili ja kerget mugavust.<\/p>","protected":false},"featured_media":1852586,"comment_status":"open","ping_status":"closed","template":"","meta":[],"product_brand":[],"product_cat":[1026,1024,61],"product_tag":[],"class_list":{"0":"post-1852581","1":"product","2":"type-product","3":"status-publish","4":"has-post-thumbnail","6":"product_cat-izipizi","7":"product_cat-izipizi-sun-l","8":"product_cat-prillid","10":"first","11":"outofstock","12":"taxable","13":"shipping-taxable","14":"purchasable","15":"product-type-simple"},"yoast_head":"<!-- This site is optimized with the Yoast SEO plugin v27.3 - https:\/\/yoast.com\/product\/yoast-seo-wordpress\/ -->\n<title>IZIPIZI SUN #L p\u00e4ikeseprillid - Black - RUUBY<\/title>\n<meta name=\"robots\" content=\"index, follow, max-snippet:-1, max-image-preview:large, max-video-preview:-1\" \/>\n<link rel=\"canonical\" href=\"https:\/\/ruuby.ee\/en\/pood\/aksessuaarid\/prillid\/izipizi-sun-l\/izipizi-sun-l-paikeseprillid-black\/\" \/>\n<meta property=\"og:locale\" content=\"en_GB\" \/>\n<meta property=\"og:type\" content=\"article\" \/>\n<meta property=\"og:title\" content=\"IZIPIZI SUN #L p\u00e4ikeseprillid - Black - RUUBY\" \/>\n<meta property=\"og:description\" content=\"Optimaalne kaitse meie 100% UV, 3. kategooria p\u00e4ikeseprillidega. Oma originaalse ja moeka disaini, painduvate sangade ja kummist tekstuuriga #SUN kollektsioon pakub kvaliteeti, stiili ja kerget mugavust.\" \/>\n<meta property=\"og:url\" content=\"https:\/\/ruuby.ee\/en\/pood\/aksessuaarid\/prillid\/izipizi-sun-l\/izipizi-sun-l-paikeseprillid-black\/\" \/>\n<meta property=\"og:site_name\" content=\"RUUBY\" \/>\n<meta property=\"article:publisher\" content=\"https:\/\/www.facebook.com\/ruubyconcept\" \/>\n<meta property=\"article:modified_time\" content=\"2026-04-06T22:27:10+00:00\" \/>\n<meta property=\"og:image\" content=\"https:\/\/ruuby.ee\/wp-content\/uploads\/2025\/04\/IMG_8207.webp\" \/>\n\t<meta property=\"og:image:width\" content=\"1080\" \/>\n\t<meta property=\"og:image:height\" content=\"1350\" \/>\n\t<meta property=\"og:image:type\" content=\"image\/webp\" \/>\n<meta name=\"twitter:card\" content=\"summary_large_image\" \/>\n<meta name=\"twitter:label1\" content=\"Estimated reading time\" \/>\n\t<meta name=\"twitter:data1\" content=\"1 minute\" \/>\n<script type=\"application\/ld+json\" class=\"yoast-schema-graph\">{\"@context\":\"https:\\\/\\\/schema.org\",\"@graph\":[{\"@type\":[\"WebPage\",\"ItemPage\"],\"@id\":\"https:\\\/\\\/ruuby.ee\\\/pood\\\/aksessuaarid\\\/prillid\\\/izipizi-sun-l\\\/izipizi-sun-l-paikeseprillid-black\\\/\",\"url\":\"https:\\\/\\\/ruuby.ee\\\/pood\\\/aksessuaarid\\\/prillid\\\/izipizi-sun-l\\\/izipizi-sun-l-paikeseprillid-black\\\/\",\"name\":\"IZIPIZI SUN #L p\u00e4ikeseprillid - Black - RUUBY\",\"isPartOf\":{\"@id\":\"http:\\\/\\\/ruuby.ee\\\/en\\\/#website\"},\"primaryImageOfPage\":{\"@id\":\"https:\\\/\\\/ruuby.ee\\\/pood\\\/aksessuaarid\\\/prillid\\\/izipizi-sun-l\\\/izipizi-sun-l-paikeseprillid-black\\\/#primaryimage\"},\"image\":{\"@id\":\"https:\\\/\\\/ruuby.ee\\\/pood\\\/aksessuaarid\\\/prillid\\\/izipizi-sun-l\\\/izipizi-sun-l-paikeseprillid-black\\\/#primaryimage\"},\"thumbnailUrl\":\"https:\\\/\\\/ruuby.ee\\\/wp-content\\\/uploads\\\/2025\\\/04\\\/IMG_8207.webp\",\"datePublished\":\"2025-04-09T12:44:14+00:00\",\"dateModified\":\"2026-04-06T22:27:10+00:00\",\"breadcrumb\":{\"@id\":\"https:\\\/\\\/ruuby.ee\\\/pood\\\/aksessuaarid\\\/prillid\\\/izipizi-sun-l\\\/izipizi-sun-l-paikeseprillid-black\\\/#breadcrumb\"},\"inLanguage\":\"en-GB\",\"potentialAction\":[{\"@type\":\"ReadAction\",\"target\":[\"https:\\\/\\\/ruuby.ee\\\/pood\\\/aksessuaarid\\\/prillid\\\/izipizi-sun-l\\\/izipizi-sun-l-paikeseprillid-black\\\/\"]}]},{\"@type\":\"ImageObject\",\"inLanguage\":\"en-GB\",\"@id\":\"https:\\\/\\\/ruuby.ee\\\/pood\\\/aksessuaarid\\\/prillid\\\/izipizi-sun-l\\\/izipizi-sun-l-paikeseprillid-black\\\/#primaryimage\",\"url\":\"https:\\\/\\\/ruuby.ee\\\/wp-content\\\/uploads\\\/2025\\\/04\\\/IMG_8207.webp\",\"contentUrl\":\"https:\\\/\\\/ruuby.ee\\\/wp-content\\\/uploads\\\/2025\\\/04\\\/IMG_8207.webp\",\"width\":1080,\"height\":1350},{\"@type\":\"BreadcrumbList\",\"@id\":\"https:\\\/\\\/ruuby.ee\\\/pood\\\/aksessuaarid\\\/prillid\\\/izipizi-sun-l\\\/izipizi-sun-l-paikeseprillid-black\\\/#breadcrumb\",\"itemListElement\":[{\"@type\":\"ListItem\",\"position\":1,\"name\":\"Kdu\",\"item\":\"http:\\\/\\\/ruuby.ee\\\/en\\\/\"},{\"@type\":\"ListItem\",\"position\":2,\"name\":\"Pood\",\"item\":\"http:\\\/\\\/ruuby.ee\\\/en\\\/pood\\\/\"},{\"@type\":\"ListItem\",\"position\":3,\"name\":\"IZIPIZI SUN #L p\u00e4ikeseprillid &#8211; Black\"}]},{\"@type\":\"WebSite\",\"@id\":\"http:\\\/\\\/ruuby.ee\\\/en\\\/#website\",\"url\":\"http:\\\/\\\/ruuby.ee\\\/en\\\/\",\"name\":\"RUUBY\",\"description\":\"Ruubys on \u00fchendatud elustiil ja disain\",\"publisher\":{\"@id\":\"http:\\\/\\\/ruuby.ee\\\/en\\\/#organization\"},\"alternateName\":\"Ruuby Disain\",\"potentialAction\":[{\"@type\":\"SearchAction\",\"target\":{\"@type\":\"EntryPoint\",\"urlTemplate\":\"http:\\\/\\\/ruuby.ee\\\/en\\\/?s={search_term_string}\"},\"query-input\":{\"@type\":\"PropertyValueSpecification\",\"valueRequired\":true,\"valueName\":\"search_term_string\"}}],\"inLanguage\":\"en-GB\"},{\"@type\":\"Organization\",\"@id\":\"http:\\\/\\\/ruuby.ee\\\/en\\\/#organization\",\"name\":\"Ruuby Disain O\u00dc\",\"alternateName\":\"Ruuby\",\"url\":\"http:\\\/\\\/ruuby.ee\\\/en\\\/\",\"logo\":{\"@type\":\"ImageObject\",\"inLanguage\":\"en-GB\",\"@id\":\"http:\\\/\\\/ruuby.ee\\\/en\\\/#\\\/schema\\\/logo\\\/image\\\/\",\"url\":\"https:\\\/\\\/ruuby.ee\\\/wp-content\\\/uploads\\\/2023\\\/06\\\/cropped-Black-White-Elegant-Circle-Signature-Fashion-Logo-12_large.png\",\"contentUrl\":\"https:\\\/\\\/ruuby.ee\\\/wp-content\\\/uploads\\\/2023\\\/06\\\/cropped-Black-White-Elegant-Circle-Signature-Fashion-Logo-12_large.png\",\"width\":1280,\"height\":747,\"caption\":\"Ruuby Disain O\u00dc\"},\"image\":{\"@id\":\"http:\\\/\\\/ruuby.ee\\\/en\\\/#\\\/schema\\\/logo\\\/image\\\/\"},\"sameAs\":[\"https:\\\/\\\/www.facebook.com\\\/ruubyconcept\",\"https:\\\/\\\/www.instagram.com\\\/ruuby_concept\\\/\"]}]}<\/script>\n<!-- \/ Yoast SEO plugin. -->","yoast_head_json":{"title":"IZIPIZI SUN #L p\u00e4ikeseprillid - Black - RUUBY","robots":{"index":"index","follow":"follow","max-snippet":"max-snippet:-1","max-image-preview":"max-image-preview:large","max-video-preview":"max-video-preview:-1"},"canonical":"https:\/\/ruuby.ee\/en\/pood\/aksessuaarid\/prillid\/izipizi-sun-l\/izipizi-sun-l-paikeseprillid-black\/","og_locale":"en_GB","og_type":"article","og_title":"IZIPIZI SUN #L p\u00e4ikeseprillid - Black - RUUBY","og_description":"Optimaalne kaitse meie 100% UV, 3. kategooria p\u00e4ikeseprillidega. Oma originaalse ja moeka disaini, painduvate sangade ja kummist tekstuuriga #SUN kollektsioon pakub kvaliteeti, stiili ja kerget mugavust.","og_url":"https:\/\/ruuby.ee\/en\/pood\/aksessuaarid\/prillid\/izipizi-sun-l\/izipizi-sun-l-paikeseprillid-black\/","og_site_name":"RUUBY","article_publisher":"https:\/\/www.facebook.com\/ruubyconcept","article_modified_time":"2026-04-06T22:27:10+00:00","og_image":[{"width":1080,"height":1350,"url":"https:\/\/ruuby.ee\/wp-content\/uploads\/2025\/04\/IMG_8207.webp","type":"image\/webp"}],"twitter_card":"summary_large_image","twitter_misc":{"Estimated reading time":"1 minute"},"schema":{"@context":"https:\/\/schema.org","@graph":[{"@type":["WebPage","ItemPage"],"@id":"https:\/\/ruuby.ee\/pood\/aksessuaarid\/prillid\/izipizi-sun-l\/izipizi-sun-l-paikeseprillid-black\/","url":"https:\/\/ruuby.ee\/pood\/aksessuaarid\/prillid\/izipizi-sun-l\/izipizi-sun-l-paikeseprillid-black\/","name":"IZIPIZI SUN #L p\u00e4ikeseprillid - Black - RUUBY","isPartOf":{"@id":"http:\/\/ruuby.ee\/en\/#website"},"primaryImageOfPage":{"@id":"https:\/\/ruuby.ee\/pood\/aksessuaarid\/prillid\/izipizi-sun-l\/izipizi-sun-l-paikeseprillid-black\/#primaryimage"},"image":{"@id":"https:\/\/ruuby.ee\/pood\/aksessuaarid\/prillid\/izipizi-sun-l\/izipizi-sun-l-paikeseprillid-black\/#primaryimage"},"thumbnailUrl":"https:\/\/ruuby.ee\/wp-content\/uploads\/2025\/04\/IMG_8207.webp","datePublished":"2025-04-09T12:44:14+00:00","dateModified":"2026-04-06T22:27:10+00:00","breadcrumb":{"@id":"https:\/\/ruuby.ee\/pood\/aksessuaarid\/prillid\/izipizi-sun-l\/izipizi-sun-l-paikeseprillid-black\/#breadcrumb"},"inLanguage":"en-GB","potentialAction":[{"@type":"ReadAction","target":["https:\/\/ruuby.ee\/pood\/aksessuaarid\/prillid\/izipizi-sun-l\/izipizi-sun-l-paikeseprillid-black\/"]}]},{"@type":"ImageObject","inLanguage":"en-GB","@id":"https:\/\/ruuby.ee\/pood\/aksessuaarid\/prillid\/izipizi-sun-l\/izipizi-sun-l-paikeseprillid-black\/#primaryimage","url":"https:\/\/ruuby.ee\/wp-content\/uploads\/2025\/04\/IMG_8207.webp","contentUrl":"https:\/\/ruuby.ee\/wp-content\/uploads\/2025\/04\/IMG_8207.webp","width":1080,"height":1350},{"@type":"BreadcrumbList","@id":"https:\/\/ruuby.ee\/pood\/aksessuaarid\/prillid\/izipizi-sun-l\/izipizi-sun-l-paikeseprillid-black\/#breadcrumb","itemListElement":[{"@type":"ListItem","position":1,"name":"Kdu","item":"http:\/\/ruuby.ee\/en\/"},{"@type":"ListItem","position":2,"name":"Pood","item":"http:\/\/ruuby.ee\/en\/pood\/"},{"@type":"ListItem","position":3,"name":"IZIPIZI SUN #L p\u00e4ikeseprillid &#8211; Black"}]},{"@type":"WebSite","@id":"http:\/\/ruuby.ee\/en\/#website","url":"http:\/\/ruuby.ee\/en\/","name":"RUUBY","description":"Ruubys on \u00fchendatud elustiil ja disain","publisher":{"@id":"http:\/\/ruuby.ee\/en\/#organization"},"alternateName":"Ruuby Disain","potentialAction":[{"@type":"SearchAction","target":{"@type":"EntryPoint","urlTemplate":"http:\/\/ruuby.ee\/en\/?s={search_term_string}"},"query-input":{"@type":"PropertyValueSpecification","valueRequired":true,"valueName":"search_term_string"}}],"inLanguage":"en-GB"},{"@type":"Organization","@id":"http:\/\/ruuby.ee\/en\/#organization","name":"Ruuby Disain O\u00dc","alternateName":"Ruuby","url":"http:\/\/ruuby.ee\/en\/","logo":{"@type":"ImageObject","inLanguage":"en-GB","@id":"http:\/\/ruuby.ee\/en\/#\/schema\/logo\/image\/","url":"https:\/\/ruuby.ee\/wp-content\/uploads\/2023\/06\/cropped-Black-White-Elegant-Circle-Signature-Fashion-Logo-12_large.png","contentUrl":"https:\/\/ruuby.ee\/wp-content\/uploads\/2023\/06\/cropped-Black-White-Elegant-Circle-Signature-Fashion-Logo-12_large.png","width":1280,"height":747,"caption":"Ruuby Disain O\u00dc"},"image":{"@id":"http:\/\/ruuby.ee\/en\/#\/schema\/logo\/image\/"},"sameAs":["https:\/\/www.facebook.com\/ruubyconcept","https:\/\/www.instagram.com\/ruuby_concept\/"]}]}},"jetpack_sharing_enabled":true,"_links":{"self":[{"href":"https:\/\/ruuby.ee\/en\/wp-json\/wp\/v2\/product\/1852581","targetHints":{"allow":["GET"]}}],"collection":[{"href":"https:\/\/ruuby.ee\/en\/wp-json\/wp\/v2\/product"}],"about":[{"href":"https:\/\/ruuby.ee\/en\/wp-json\/wp\/v2\/types\/product"}],"replies":[{"embeddable":true,"href":"https:\/\/ruuby.ee\/en\/wp-json\/wp\/v2\/comments?post=1852581"}],"wp:featuredmedia":[{"embeddable":true,"href":"https:\/\/ruuby.ee\/en\/wp-json\/wp\/v2\/media\/1852586"}],"wp:attachment":[{"href":"https:\/\/ruuby.ee\/en\/wp-json\/wp\/v2\/media?parent=1852581"}],"wp:term":[{"taxonomy":"product_brand","embeddable":true,"href":"https:\/\/ruuby.ee\/en\/wp-json\/wp\/v2\/product_brand?post=1852581"},{"taxonomy":"product_cat","embeddable":true,"href":"https:\/\/ruuby.ee\/en\/wp-json\/wp\/v2\/product_cat?post=1852581"},{"taxonomy":"product_tag","embeddable":true,"href":"https:\/\/ruuby.ee\/en\/wp-json\/wp\/v2\/product_tag?post=1852581"}],"curies":[{"name":"wp","href":"https:\/\/api.w.org\/{rel}","templated":true}]}}