{"id":1852574,"date":"2025-04-09T15:33:30","date_gmt":"2025-04-09T12:33:30","guid":{"rendered":"http:\/\/ruuby.ee\/?post_type=product&#038;p=1852574"},"modified":"2026-04-08T01:28:27","modified_gmt":"2026-04-07T22:28:27","slug":"izipizi-sun-office-paikeseprillid-golden-green","status":"publish","type":"product","link":"https:\/\/ruuby.ee\/en\/pood\/aksessuaarid\/prillid\/izipizi\/izipizi-office\/izipizi-sun-office-paikeseprillid-golden-green\/","title":{"rendered":"IZIPIZI SUN OFFICE p\u00e4ikeseprillid &#8211; Golden Green"},"content":{"rendered":"<p>P\u00e4ike kiirgab n\u00e4htavaid ja n\u00e4htamatuid elektromagnetlaineid. K\u00f5ige kahjulikumad n\u00e4htamatud kiired on ultraviolettkiired (UV), mis on ohtlikud ka pilvise ilmaga, kuna pilved neelavad \u00fcle 10%.<\/p>\n<p><strong>P\u00e4ikese l\u00e4\u00e4tsed kass. 3<\/strong><\/p>\n<p>UV-kiirgus kahjustab silmarakke. Aja m\u00f6\u00f6dudes l\u00e4heb uuendamine j\u00e4rjest kehvemini. SUN-prillid pakuvad kohandatud kaitset 100% UV-kategooria 3 l\u00e4\u00e4tsedega, mis kaitsevad pimestamise eest ja filtreerivad 100% ultraviolettkiirte (UV) kiirte eest.<\/p>\n<p><strong>Bioloogilise p\u00e4ritoluga materjal<\/strong><\/p>\n<p>Prillide raam on valmistatud 45% orgaanilisest pol\u00fcamiidist, mis p\u00e4rineb kastoor\u00f5list.<\/p>\n<p><strong>L\u00e4ikiva efektiga raam<\/strong><\/p>\n<p>Kergel raamil on l\u00e4ikiv efekt, mis on puudutamisel meeldiv.<\/p>","protected":false},"excerpt":{"rendered":"<p>#OFFICE Golden Green \u00fclisuurte kandiliste raamidega p\u00e4ikeseprillid on teie ees! Oma kristallraami ja l\u00e4ikiva viimistlusega lisavad need p\u00e4ikeseprillid teie stiilile t\u00e4iendava annuse s\u00e4ra. \u00dcksk\u00f5ik, kas l\u00f5\u00f5gastud basseini \u00e4\u00e4res v\u00f5i liigud linnas ringi, siis need prillid pakuvad t\u00e4ielikku UV-kaitset igale p\u00e4ikeselisele hetkele.<\/p>","protected":false},"featured_media":1852575,"comment_status":"open","ping_status":"closed","template":"","meta":[],"product_brand":[],"product_cat":[1026,1029,61],"product_tag":[],"class_list":{"0":"post-1852574","1":"product","2":"type-product","3":"status-publish","4":"has-post-thumbnail","6":"product_cat-izipizi","7":"product_cat-izipizi-office","8":"product_cat-prillid","10":"first","11":"instock","12":"taxable","13":"shipping-taxable","14":"purchasable","15":"product-type-simple"},"yoast_head":"<!-- This site is optimized with the Yoast SEO plugin v27.3 - https:\/\/yoast.com\/product\/yoast-seo-wordpress\/ -->\n<title>IZIPIZI SUN OFFICE p\u00e4ikeseprillid - Golden Green - RUUBY<\/title>\n<meta name=\"robots\" content=\"index, follow, max-snippet:-1, max-image-preview:large, max-video-preview:-1\" \/>\n<link rel=\"canonical\" href=\"http:\/\/ruuby.ee\/en\/pood\/aksessuaarid\/prillid\/izipizi\/izipizi-office\/izipizi-sun-office-paikeseprillid-golden-green\/\" \/>\n<meta property=\"og:locale\" content=\"en_GB\" \/>\n<meta property=\"og:type\" content=\"article\" \/>\n<meta property=\"og:title\" content=\"IZIPIZI SUN OFFICE p\u00e4ikeseprillid - Golden Green - RUUBY\" \/>\n<meta property=\"og:description\" content=\"#OFFICE Golden Green \u00fclisuurte kandiliste raamidega p\u00e4ikeseprillid on teie ees! Oma kristallraami ja l\u00e4ikiva viimistlusega lisavad need p\u00e4ikeseprillid teie stiilile t\u00e4iendava annuse s\u00e4ra. \u00dcksk\u00f5ik, kas l\u00f5\u00f5gastud basseini \u00e4\u00e4res v\u00f5i liigud linnas ringi, siis need prillid pakuvad t\u00e4ielikku UV-kaitset igale p\u00e4ikeselisele hetkele.\" \/>\n<meta property=\"og:url\" content=\"http:\/\/ruuby.ee\/en\/pood\/aksessuaarid\/prillid\/izipizi\/izipizi-office\/izipizi-sun-office-paikeseprillid-golden-green\/\" \/>\n<meta property=\"og:site_name\" content=\"RUUBY\" \/>\n<meta property=\"article:publisher\" content=\"https:\/\/www.facebook.com\/ruubyconcept\" \/>\n<meta property=\"article:modified_time\" content=\"2026-04-07T22:28:27+00:00\" \/>\n<meta property=\"og:image\" content=\"http:\/\/ruuby.ee\/wp-content\/uploads\/2025\/04\/IMG_8197.webp\" \/>\n\t<meta property=\"og:image:width\" content=\"1080\" \/>\n\t<meta property=\"og:image:height\" content=\"1350\" \/>\n\t<meta property=\"og:image:type\" content=\"image\/webp\" \/>\n<meta name=\"twitter:card\" content=\"summary_large_image\" \/>\n<meta name=\"twitter:label1\" content=\"Estimated reading time\" \/>\n\t<meta name=\"twitter:data1\" content=\"1 minute\" \/>\n<script type=\"application\/ld+json\" class=\"yoast-schema-graph\">{\"@context\":\"https:\\\/\\\/schema.org\",\"@graph\":[{\"@type\":[\"WebPage\",\"ItemPage\"],\"@id\":\"http:\\\/\\\/ruuby.ee\\\/pood\\\/aksessuaarid\\\/prillid\\\/izipizi\\\/izipizi-office\\\/izipizi-sun-office-paikeseprillid-golden-green\\\/\",\"url\":\"http:\\\/\\\/ruuby.ee\\\/pood\\\/aksessuaarid\\\/prillid\\\/izipizi\\\/izipizi-office\\\/izipizi-sun-office-paikeseprillid-golden-green\\\/\",\"name\":\"IZIPIZI SUN OFFICE p\u00e4ikeseprillid - Golden Green - RUUBY\",\"isPartOf\":{\"@id\":\"http:\\\/\\\/ruuby.ee\\\/en\\\/#website\"},\"primaryImageOfPage\":{\"@id\":\"http:\\\/\\\/ruuby.ee\\\/pood\\\/aksessuaarid\\\/prillid\\\/izipizi\\\/izipizi-office\\\/izipizi-sun-office-paikeseprillid-golden-green\\\/#primaryimage\"},\"image\":{\"@id\":\"http:\\\/\\\/ruuby.ee\\\/pood\\\/aksessuaarid\\\/prillid\\\/izipizi\\\/izipizi-office\\\/izipizi-sun-office-paikeseprillid-golden-green\\\/#primaryimage\"},\"thumbnailUrl\":\"https:\\\/\\\/ruuby.ee\\\/wp-content\\\/uploads\\\/2025\\\/04\\\/IMG_8197.webp\",\"datePublished\":\"2025-04-09T12:33:30+00:00\",\"dateModified\":\"2026-04-07T22:28:27+00:00\",\"breadcrumb\":{\"@id\":\"http:\\\/\\\/ruuby.ee\\\/pood\\\/aksessuaarid\\\/prillid\\\/izipizi\\\/izipizi-office\\\/izipizi-sun-office-paikeseprillid-golden-green\\\/#breadcrumb\"},\"inLanguage\":\"en-GB\",\"potentialAction\":[{\"@type\":\"ReadAction\",\"target\":[\"http:\\\/\\\/ruuby.ee\\\/pood\\\/aksessuaarid\\\/prillid\\\/izipizi\\\/izipizi-office\\\/izipizi-sun-office-paikeseprillid-golden-green\\\/\"]}]},{\"@type\":\"ImageObject\",\"inLanguage\":\"en-GB\",\"@id\":\"http:\\\/\\\/ruuby.ee\\\/pood\\\/aksessuaarid\\\/prillid\\\/izipizi\\\/izipizi-office\\\/izipizi-sun-office-paikeseprillid-golden-green\\\/#primaryimage\",\"url\":\"https:\\\/\\\/ruuby.ee\\\/wp-content\\\/uploads\\\/2025\\\/04\\\/IMG_8197.webp\",\"contentUrl\":\"https:\\\/\\\/ruuby.ee\\\/wp-content\\\/uploads\\\/2025\\\/04\\\/IMG_8197.webp\",\"width\":1080,\"height\":1350},{\"@type\":\"BreadcrumbList\",\"@id\":\"http:\\\/\\\/ruuby.ee\\\/pood\\\/aksessuaarid\\\/prillid\\\/izipizi\\\/izipizi-office\\\/izipizi-sun-office-paikeseprillid-golden-green\\\/#breadcrumb\",\"itemListElement\":[{\"@type\":\"ListItem\",\"position\":1,\"name\":\"Kdu\",\"item\":\"http:\\\/\\\/ruuby.ee\\\/en\\\/\"},{\"@type\":\"ListItem\",\"position\":2,\"name\":\"Pood\",\"item\":\"http:\\\/\\\/ruuby.ee\\\/en\\\/pood\\\/\"},{\"@type\":\"ListItem\",\"position\":3,\"name\":\"IZIPIZI SUN OFFICE p\u00e4ikeseprillid &#8211; Golden Green\"}]},{\"@type\":\"WebSite\",\"@id\":\"http:\\\/\\\/ruuby.ee\\\/en\\\/#website\",\"url\":\"http:\\\/\\\/ruuby.ee\\\/en\\\/\",\"name\":\"RUUBY\",\"description\":\"Ruubys on \u00fchendatud elustiil ja disain\",\"publisher\":{\"@id\":\"http:\\\/\\\/ruuby.ee\\\/en\\\/#organization\"},\"alternateName\":\"Ruuby Disain\",\"potentialAction\":[{\"@type\":\"SearchAction\",\"target\":{\"@type\":\"EntryPoint\",\"urlTemplate\":\"http:\\\/\\\/ruuby.ee\\\/en\\\/?s={search_term_string}\"},\"query-input\":{\"@type\":\"PropertyValueSpecification\",\"valueRequired\":true,\"valueName\":\"search_term_string\"}}],\"inLanguage\":\"en-GB\"},{\"@type\":\"Organization\",\"@id\":\"http:\\\/\\\/ruuby.ee\\\/en\\\/#organization\",\"name\":\"Ruuby Disain O\u00dc\",\"alternateName\":\"Ruuby\",\"url\":\"http:\\\/\\\/ruuby.ee\\\/en\\\/\",\"logo\":{\"@type\":\"ImageObject\",\"inLanguage\":\"en-GB\",\"@id\":\"http:\\\/\\\/ruuby.ee\\\/en\\\/#\\\/schema\\\/logo\\\/image\\\/\",\"url\":\"https:\\\/\\\/ruuby.ee\\\/wp-content\\\/uploads\\\/2023\\\/06\\\/cropped-Black-White-Elegant-Circle-Signature-Fashion-Logo-12_large.png\",\"contentUrl\":\"https:\\\/\\\/ruuby.ee\\\/wp-content\\\/uploads\\\/2023\\\/06\\\/cropped-Black-White-Elegant-Circle-Signature-Fashion-Logo-12_large.png\",\"width\":1280,\"height\":747,\"caption\":\"Ruuby Disain O\u00dc\"},\"image\":{\"@id\":\"http:\\\/\\\/ruuby.ee\\\/en\\\/#\\\/schema\\\/logo\\\/image\\\/\"},\"sameAs\":[\"https:\\\/\\\/www.facebook.com\\\/ruubyconcept\",\"https:\\\/\\\/www.instagram.com\\\/ruuby_concept\\\/\"]}]}<\/script>\n<!-- \/ Yoast SEO plugin. -->","yoast_head_json":{"title":"IZIPIZI SUN OFFICE p\u00e4ikeseprillid - Golden Green - RUUBY","robots":{"index":"index","follow":"follow","max-snippet":"max-snippet:-1","max-image-preview":"max-image-preview:large","max-video-preview":"max-video-preview:-1"},"canonical":"http:\/\/ruuby.ee\/en\/pood\/aksessuaarid\/prillid\/izipizi\/izipizi-office\/izipizi-sun-office-paikeseprillid-golden-green\/","og_locale":"en_GB","og_type":"article","og_title":"IZIPIZI SUN OFFICE p\u00e4ikeseprillid - Golden Green - RUUBY","og_description":"#OFFICE Golden Green \u00fclisuurte kandiliste raamidega p\u00e4ikeseprillid on teie ees! Oma kristallraami ja l\u00e4ikiva viimistlusega lisavad need p\u00e4ikeseprillid teie stiilile t\u00e4iendava annuse s\u00e4ra. \u00dcksk\u00f5ik, kas l\u00f5\u00f5gastud basseini \u00e4\u00e4res v\u00f5i liigud linnas ringi, siis need prillid pakuvad t\u00e4ielikku UV-kaitset igale p\u00e4ikeselisele hetkele.","og_url":"http:\/\/ruuby.ee\/en\/pood\/aksessuaarid\/prillid\/izipizi\/izipizi-office\/izipizi-sun-office-paikeseprillid-golden-green\/","og_site_name":"RUUBY","article_publisher":"https:\/\/www.facebook.com\/ruubyconcept","article_modified_time":"2026-04-07T22:28:27+00:00","og_image":[{"width":1080,"height":1350,"url":"http:\/\/ruuby.ee\/wp-content\/uploads\/2025\/04\/IMG_8197.webp","type":"image\/webp"}],"twitter_card":"summary_large_image","twitter_misc":{"Estimated reading time":"1 minute"},"schema":{"@context":"https:\/\/schema.org","@graph":[{"@type":["WebPage","ItemPage"],"@id":"http:\/\/ruuby.ee\/pood\/aksessuaarid\/prillid\/izipizi\/izipizi-office\/izipizi-sun-office-paikeseprillid-golden-green\/","url":"http:\/\/ruuby.ee\/pood\/aksessuaarid\/prillid\/izipizi\/izipizi-office\/izipizi-sun-office-paikeseprillid-golden-green\/","name":"IZIPIZI SUN OFFICE p\u00e4ikeseprillid - Golden Green - RUUBY","isPartOf":{"@id":"http:\/\/ruuby.ee\/en\/#website"},"primaryImageOfPage":{"@id":"http:\/\/ruuby.ee\/pood\/aksessuaarid\/prillid\/izipizi\/izipizi-office\/izipizi-sun-office-paikeseprillid-golden-green\/#primaryimage"},"image":{"@id":"http:\/\/ruuby.ee\/pood\/aksessuaarid\/prillid\/izipizi\/izipizi-office\/izipizi-sun-office-paikeseprillid-golden-green\/#primaryimage"},"thumbnailUrl":"https:\/\/ruuby.ee\/wp-content\/uploads\/2025\/04\/IMG_8197.webp","datePublished":"2025-04-09T12:33:30+00:00","dateModified":"2026-04-07T22:28:27+00:00","breadcrumb":{"@id":"http:\/\/ruuby.ee\/pood\/aksessuaarid\/prillid\/izipizi\/izipizi-office\/izipizi-sun-office-paikeseprillid-golden-green\/#breadcrumb"},"inLanguage":"en-GB","potentialAction":[{"@type":"ReadAction","target":["http:\/\/ruuby.ee\/pood\/aksessuaarid\/prillid\/izipizi\/izipizi-office\/izipizi-sun-office-paikeseprillid-golden-green\/"]}]},{"@type":"ImageObject","inLanguage":"en-GB","@id":"http:\/\/ruuby.ee\/pood\/aksessuaarid\/prillid\/izipizi\/izipizi-office\/izipizi-sun-office-paikeseprillid-golden-green\/#primaryimage","url":"https:\/\/ruuby.ee\/wp-content\/uploads\/2025\/04\/IMG_8197.webp","contentUrl":"https:\/\/ruuby.ee\/wp-content\/uploads\/2025\/04\/IMG_8197.webp","width":1080,"height":1350},{"@type":"BreadcrumbList","@id":"http:\/\/ruuby.ee\/pood\/aksessuaarid\/prillid\/izipizi\/izipizi-office\/izipizi-sun-office-paikeseprillid-golden-green\/#breadcrumb","itemListElement":[{"@type":"ListItem","position":1,"name":"Kdu","item":"http:\/\/ruuby.ee\/en\/"},{"@type":"ListItem","position":2,"name":"Pood","item":"http:\/\/ruuby.ee\/en\/pood\/"},{"@type":"ListItem","position":3,"name":"IZIPIZI SUN OFFICE p\u00e4ikeseprillid &#8211; Golden Green"}]},{"@type":"WebSite","@id":"http:\/\/ruuby.ee\/en\/#website","url":"http:\/\/ruuby.ee\/en\/","name":"RUUBY","description":"Ruubys on \u00fchendatud elustiil ja disain","publisher":{"@id":"http:\/\/ruuby.ee\/en\/#organization"},"alternateName":"Ruuby Disain","potentialAction":[{"@type":"SearchAction","target":{"@type":"EntryPoint","urlTemplate":"http:\/\/ruuby.ee\/en\/?s={search_term_string}"},"query-input":{"@type":"PropertyValueSpecification","valueRequired":true,"valueName":"search_term_string"}}],"inLanguage":"en-GB"},{"@type":"Organization","@id":"http:\/\/ruuby.ee\/en\/#organization","name":"Ruuby Disain O\u00dc","alternateName":"Ruuby","url":"http:\/\/ruuby.ee\/en\/","logo":{"@type":"ImageObject","inLanguage":"en-GB","@id":"http:\/\/ruuby.ee\/en\/#\/schema\/logo\/image\/","url":"https:\/\/ruuby.ee\/wp-content\/uploads\/2023\/06\/cropped-Black-White-Elegant-Circle-Signature-Fashion-Logo-12_large.png","contentUrl":"https:\/\/ruuby.ee\/wp-content\/uploads\/2023\/06\/cropped-Black-White-Elegant-Circle-Signature-Fashion-Logo-12_large.png","width":1280,"height":747,"caption":"Ruuby Disain O\u00dc"},"image":{"@id":"http:\/\/ruuby.ee\/en\/#\/schema\/logo\/image\/"},"sameAs":["https:\/\/www.facebook.com\/ruubyconcept","https:\/\/www.instagram.com\/ruuby_concept\/"]}]}},"jetpack_sharing_enabled":true,"_links":{"self":[{"href":"https:\/\/ruuby.ee\/en\/wp-json\/wp\/v2\/product\/1852574","targetHints":{"allow":["GET"]}}],"collection":[{"href":"https:\/\/ruuby.ee\/en\/wp-json\/wp\/v2\/product"}],"about":[{"href":"https:\/\/ruuby.ee\/en\/wp-json\/wp\/v2\/types\/product"}],"replies":[{"embeddable":true,"href":"https:\/\/ruuby.ee\/en\/wp-json\/wp\/v2\/comments?post=1852574"}],"wp:featuredmedia":[{"embeddable":true,"href":"https:\/\/ruuby.ee\/en\/wp-json\/wp\/v2\/media\/1852575"}],"wp:attachment":[{"href":"https:\/\/ruuby.ee\/en\/wp-json\/wp\/v2\/media?parent=1852574"}],"wp:term":[{"taxonomy":"product_brand","embeddable":true,"href":"https:\/\/ruuby.ee\/en\/wp-json\/wp\/v2\/product_brand?post=1852574"},{"taxonomy":"product_cat","embeddable":true,"href":"https:\/\/ruuby.ee\/en\/wp-json\/wp\/v2\/product_cat?post=1852574"},{"taxonomy":"product_tag","embeddable":true,"href":"https:\/\/ruuby.ee\/en\/wp-json\/wp\/v2\/product_tag?post=1852574"}],"curies":[{"name":"wp","href":"https:\/\/api.w.org\/{rel}","templated":true}]}}