{"id":1852357,"date":"2025-03-28T15:48:29","date_gmt":"2025-03-28T13:48:29","guid":{"rendered":"http:\/\/ruuby.ee\/?post_type=product&#038;p=1852357"},"modified":"2026-04-06T01:26:21","modified_gmt":"2026-04-05T22:26:21","slug":"pole-to-pole-soogilaud-ellipse-dining-table-ceramic-marble","status":"publish","type":"product","link":"https:\/\/ruuby.ee\/en\/pood\/kodusisustus\/moobel\/lauad\/pole-to-pole-soogilaud-ellipse-dining-table-ceramic-marble\/","title":{"rendered":"Pole To Pole &#8211; S\u00f6\u00f6gilaud, Ellipse Dining Table Ceramic Marble"},"content":{"rendered":"<p>Keraamilisest marmorist Ellipse s\u00f6\u00f6gilaud on t\u00f5eline elegantsi ja funktsionaalsuse suland, mis on loodud teie einestamiskogemuse t\u00f5stmiseks oma graatsilise ovaalse siluetiga. See keraamilise marmorviimistlusega laud kiirgab marmorist luksuslikku v\u00e4limust, pakkudes samas erakordset vastupidavust ja lihtsat hooldamist. Pehmed sooned ja sile pind lisavad ajatu puudutuse, luues peene, kuid kutsuva ruumi nii perekondlikeks koosviibimisteks kui ka intiimseteks \u00f5htus\u00f6\u00f6kideks.<\/p>\n<p><strong>Toote suurus:<\/strong><br \/>\nLaius: 110 cm<br \/>\nPikkus: 220cm<br \/>\nKoguk\u00f5rgus: 76 cm<br \/>\nLauaplaadi k\u00f5rgus: 71,8 cm<br \/>\nNetokaal: 96,3 KG<\/p>\n<p><strong>P\u00f5hiteave:<\/strong><br \/>\nKarbi suurus ja kaal Lauaplaat: 224 x 115 x 15 CM 79 KG<br \/>\nKarbi suurus ja kaal Jalg: 128 x 64 x 77 CM 40 KG<br \/>\nVajalik kokkupanek<br \/>\nOriginaalpakend 1 tk \/ 2 karpi<\/p>\n<p><strong>Toote materjalid:<\/strong><br \/>\nPealmine osa: keraamika ja MDF<br \/>\nJalad: MDF ja puitspoon<\/p>","protected":false},"excerpt":{"rendered":"<p>Keraamilisest marmorist Ellipse s\u00f6\u00f6gilaud on t\u00f5eline elegantsi ja funktsionaalsuse suland, mis on loodud teie einestamiskogemuse t\u00f5stmiseks oma graatsilise ovaalse siluetiga. See keraamilise marmorviimistlusega laud kiirgab marmorist luksuslikku v\u00e4limust, pakkudes samas erakordset vastupidavust ja lihtsat hooldamist. Pehmed sooned ja sile pind lisavad ajatu puudutuse, luues peene, kuid kutsuva ruumi nii perekondlikeks koosviibimisteks kui ka intiimseteks \u00f5htus\u00f6\u00f6kideks. [&hellip;]<\/p>\n","protected":false},"featured_media":1852360,"comment_status":"closed","ping_status":"closed","template":"","meta":[],"product_brand":[],"product_cat":[42,556,825],"product_tag":[],"class_list":{"0":"post-1852357","1":"product","2":"type-product","3":"status-publish","4":"has-post-thumbnail","6":"product_cat-kodusisustus","7":"product_cat-lauad","8":"product_cat-moobel","10":"first","11":"onbackorder","12":"taxable","13":"shipping-taxable","14":"purchasable","15":"product-type-simple"},"yoast_head":"<!-- This site is optimized with the Yoast SEO plugin v27.2 - https:\/\/yoast.com\/product\/yoast-seo-wordpress\/ -->\n<title>Pole To Pole - S\u00f6\u00f6gilaud, Ellipse Dining Table Ceramic Marble - RUUBY<\/title>\n<meta name=\"robots\" content=\"index, follow, max-snippet:-1, max-image-preview:large, max-video-preview:-1\" \/>\n<link rel=\"canonical\" href=\"https:\/\/ruuby.ee\/en\/pood\/kodusisustus\/moobel\/lauad\/pole-to-pole-soogilaud-ellipse-dining-table-ceramic-marble\/\" \/>\n<meta property=\"og:locale\" content=\"en_GB\" \/>\n<meta property=\"og:type\" content=\"article\" \/>\n<meta property=\"og:title\" content=\"Pole To Pole - S\u00f6\u00f6gilaud, Ellipse Dining Table Ceramic Marble - RUUBY\" \/>\n<meta property=\"og:description\" content=\"Keraamilisest marmorist Ellipse s\u00f6\u00f6gilaud on t\u00f5eline elegantsi ja funktsionaalsuse suland, mis on loodud teie einestamiskogemuse t\u00f5stmiseks oma graatsilise ovaalse siluetiga. See keraamilise marmorviimistlusega laud kiirgab marmorist luksuslikku v\u00e4limust, pakkudes samas erakordset vastupidavust ja lihtsat hooldamist. Pehmed sooned ja sile pind lisavad ajatu puudutuse, luues peene, kuid kutsuva ruumi nii perekondlikeks koosviibimisteks kui ka intiimseteks \u00f5htus\u00f6\u00f6kideks. [&hellip;]\" \/>\n<meta property=\"og:url\" content=\"https:\/\/ruuby.ee\/en\/pood\/kodusisustus\/moobel\/lauad\/pole-to-pole-soogilaud-ellipse-dining-table-ceramic-marble\/\" \/>\n<meta property=\"og:site_name\" content=\"RUUBY\" \/>\n<meta property=\"article:publisher\" content=\"https:\/\/www.facebook.com\/ruubyconcept\" \/>\n<meta property=\"article:modified_time\" content=\"2026-04-05T22:26:21+00:00\" \/>\n<meta property=\"og:image\" content=\"https:\/\/ruuby.ee\/wp-content\/uploads\/2025\/03\/Screenshot-2025-03-28-at-15.48.14.png\" \/>\n\t<meta property=\"og:image:width\" content=\"1530\" \/>\n\t<meta property=\"og:image:height\" content=\"1146\" \/>\n\t<meta property=\"og:image:type\" content=\"image\/png\" \/>\n<meta name=\"twitter:card\" content=\"summary_large_image\" \/>\n<meta name=\"twitter:label1\" content=\"Estimated reading time\" \/>\n\t<meta name=\"twitter:data1\" content=\"1 minute\" \/>\n<script type=\"application\/ld+json\" class=\"yoast-schema-graph\">{\"@context\":\"https:\/\/schema.org\",\"@graph\":[{\"@type\":[\"WebPage\",\"ItemPage\"],\"@id\":\"https:\/\/ruuby.ee\/en\/pood\/kodusisustus\/moobel\/lauad\/pole-to-pole-soogilaud-ellipse-dining-table-ceramic-marble\/\",\"url\":\"https:\/\/ruuby.ee\/en\/pood\/kodusisustus\/moobel\/lauad\/pole-to-pole-soogilaud-ellipse-dining-table-ceramic-marble\/\",\"name\":\"Pole To Pole - S\u00f6\u00f6gilaud, Ellipse Dining Table Ceramic Marble - RUUBY\",\"isPartOf\":{\"@id\":\"http:\/\/ruuby.ee\/#website\"},\"primaryImageOfPage\":{\"@id\":\"https:\/\/ruuby.ee\/en\/pood\/kodusisustus\/moobel\/lauad\/pole-to-pole-soogilaud-ellipse-dining-table-ceramic-marble\/#primaryimage\"},\"image\":{\"@id\":\"https:\/\/ruuby.ee\/en\/pood\/kodusisustus\/moobel\/lauad\/pole-to-pole-soogilaud-ellipse-dining-table-ceramic-marble\/#primaryimage\"},\"thumbnailUrl\":\"https:\/\/ruuby.ee\/wp-content\/uploads\/2025\/03\/Screenshot-2025-03-28-at-15.48.14.png\",\"datePublished\":\"2025-03-28T13:48:29+00:00\",\"dateModified\":\"2026-04-05T22:26:21+00:00\",\"breadcrumb\":{\"@id\":\"https:\/\/ruuby.ee\/en\/pood\/kodusisustus\/moobel\/lauad\/pole-to-pole-soogilaud-ellipse-dining-table-ceramic-marble\/#breadcrumb\"},\"inLanguage\":\"en-GB\",\"potentialAction\":[{\"@type\":\"ReadAction\",\"target\":[\"https:\/\/ruuby.ee\/en\/pood\/kodusisustus\/moobel\/lauad\/pole-to-pole-soogilaud-ellipse-dining-table-ceramic-marble\/\"]}]},{\"@type\":\"ImageObject\",\"inLanguage\":\"en-GB\",\"@id\":\"https:\/\/ruuby.ee\/en\/pood\/kodusisustus\/moobel\/lauad\/pole-to-pole-soogilaud-ellipse-dining-table-ceramic-marble\/#primaryimage\",\"url\":\"https:\/\/ruuby.ee\/wp-content\/uploads\/2025\/03\/Screenshot-2025-03-28-at-15.48.14.png\",\"contentUrl\":\"https:\/\/ruuby.ee\/wp-content\/uploads\/2025\/03\/Screenshot-2025-03-28-at-15.48.14.png\",\"width\":1530,\"height\":1146},{\"@type\":\"BreadcrumbList\",\"@id\":\"https:\/\/ruuby.ee\/en\/pood\/kodusisustus\/moobel\/lauad\/pole-to-pole-soogilaud-ellipse-dining-table-ceramic-marble\/#breadcrumb\",\"itemListElement\":[{\"@type\":\"ListItem\",\"position\":1,\"name\":\"Kdu\",\"item\":\"http:\/\/ruuby.ee\/\"},{\"@type\":\"ListItem\",\"position\":2,\"name\":\"Pood\",\"item\":\"https:\/\/ruuby.ee\/en\/pood\/\"},{\"@type\":\"ListItem\",\"position\":3,\"name\":\"Pole To Pole &#8211; S\u00f6\u00f6gilaud, Ellipse Dining Table Ceramic Marble\"}]},{\"@type\":\"WebSite\",\"@id\":\"http:\/\/ruuby.ee\/#website\",\"url\":\"http:\/\/ruuby.ee\/\",\"name\":\"RUUBY\",\"description\":\"Ruubys on \u00fchendatud elustiil ja disain\",\"publisher\":{\"@id\":\"http:\/\/ruuby.ee\/#organization\"},\"alternateName\":\"Ruuby Disain\",\"potentialAction\":[{\"@type\":\"SearchAction\",\"target\":{\"@type\":\"EntryPoint\",\"urlTemplate\":\"http:\/\/ruuby.ee\/?s={search_term_string}\"},\"query-input\":{\"@type\":\"PropertyValueSpecification\",\"valueRequired\":true,\"valueName\":\"search_term_string\"}}],\"inLanguage\":\"en-GB\"},{\"@type\":\"Organization\",\"@id\":\"http:\/\/ruuby.ee\/#organization\",\"name\":\"Ruuby Disain O\u00dc\",\"alternateName\":\"Ruuby\",\"url\":\"http:\/\/ruuby.ee\/\",\"logo\":{\"@type\":\"ImageObject\",\"inLanguage\":\"en-GB\",\"@id\":\"http:\/\/ruuby.ee\/#\/schema\/logo\/image\/\",\"url\":\"https:\/\/ruuby.ee\/wp-content\/uploads\/2023\/06\/cropped-Black-White-Elegant-Circle-Signature-Fashion-Logo-12_large.png\",\"contentUrl\":\"https:\/\/ruuby.ee\/wp-content\/uploads\/2023\/06\/cropped-Black-White-Elegant-Circle-Signature-Fashion-Logo-12_large.png\",\"width\":1280,\"height\":747,\"caption\":\"Ruuby Disain O\u00dc\"},\"image\":{\"@id\":\"http:\/\/ruuby.ee\/#\/schema\/logo\/image\/\"},\"sameAs\":[\"https:\/\/www.facebook.com\/ruubyconcept\",\"https:\/\/www.instagram.com\/ruuby_concept\/\"]}]}<\/script>\n<!-- \/ Yoast SEO plugin. -->","yoast_head_json":{"title":"Pole To Pole - S\u00f6\u00f6gilaud, Ellipse Dining Table Ceramic Marble - RUUBY","robots":{"index":"index","follow":"follow","max-snippet":"max-snippet:-1","max-image-preview":"max-image-preview:large","max-video-preview":"max-video-preview:-1"},"canonical":"https:\/\/ruuby.ee\/en\/pood\/kodusisustus\/moobel\/lauad\/pole-to-pole-soogilaud-ellipse-dining-table-ceramic-marble\/","og_locale":"en_GB","og_type":"article","og_title":"Pole To Pole - S\u00f6\u00f6gilaud, Ellipse Dining Table Ceramic Marble - RUUBY","og_description":"Keraamilisest marmorist Ellipse s\u00f6\u00f6gilaud on t\u00f5eline elegantsi ja funktsionaalsuse suland, mis on loodud teie einestamiskogemuse t\u00f5stmiseks oma graatsilise ovaalse siluetiga. See keraamilise marmorviimistlusega laud kiirgab marmorist luksuslikku v\u00e4limust, pakkudes samas erakordset vastupidavust ja lihtsat hooldamist. Pehmed sooned ja sile pind lisavad ajatu puudutuse, luues peene, kuid kutsuva ruumi nii perekondlikeks koosviibimisteks kui ka intiimseteks \u00f5htus\u00f6\u00f6kideks. [&hellip;]","og_url":"https:\/\/ruuby.ee\/en\/pood\/kodusisustus\/moobel\/lauad\/pole-to-pole-soogilaud-ellipse-dining-table-ceramic-marble\/","og_site_name":"RUUBY","article_publisher":"https:\/\/www.facebook.com\/ruubyconcept","article_modified_time":"2026-04-05T22:26:21+00:00","og_image":[{"width":1530,"height":1146,"url":"https:\/\/ruuby.ee\/wp-content\/uploads\/2025\/03\/Screenshot-2025-03-28-at-15.48.14.png","type":"image\/png"}],"twitter_card":"summary_large_image","twitter_misc":{"Estimated reading time":"1 minute"},"schema":{"@context":"https:\/\/schema.org","@graph":[{"@type":["WebPage","ItemPage"],"@id":"https:\/\/ruuby.ee\/en\/pood\/kodusisustus\/moobel\/lauad\/pole-to-pole-soogilaud-ellipse-dining-table-ceramic-marble\/","url":"https:\/\/ruuby.ee\/en\/pood\/kodusisustus\/moobel\/lauad\/pole-to-pole-soogilaud-ellipse-dining-table-ceramic-marble\/","name":"Pole To Pole - S\u00f6\u00f6gilaud, Ellipse Dining Table Ceramic Marble - RUUBY","isPartOf":{"@id":"http:\/\/ruuby.ee\/#website"},"primaryImageOfPage":{"@id":"https:\/\/ruuby.ee\/en\/pood\/kodusisustus\/moobel\/lauad\/pole-to-pole-soogilaud-ellipse-dining-table-ceramic-marble\/#primaryimage"},"image":{"@id":"https:\/\/ruuby.ee\/en\/pood\/kodusisustus\/moobel\/lauad\/pole-to-pole-soogilaud-ellipse-dining-table-ceramic-marble\/#primaryimage"},"thumbnailUrl":"https:\/\/ruuby.ee\/wp-content\/uploads\/2025\/03\/Screenshot-2025-03-28-at-15.48.14.png","datePublished":"2025-03-28T13:48:29+00:00","dateModified":"2026-04-05T22:26:21+00:00","breadcrumb":{"@id":"https:\/\/ruuby.ee\/en\/pood\/kodusisustus\/moobel\/lauad\/pole-to-pole-soogilaud-ellipse-dining-table-ceramic-marble\/#breadcrumb"},"inLanguage":"en-GB","potentialAction":[{"@type":"ReadAction","target":["https:\/\/ruuby.ee\/en\/pood\/kodusisustus\/moobel\/lauad\/pole-to-pole-soogilaud-ellipse-dining-table-ceramic-marble\/"]}]},{"@type":"ImageObject","inLanguage":"en-GB","@id":"https:\/\/ruuby.ee\/en\/pood\/kodusisustus\/moobel\/lauad\/pole-to-pole-soogilaud-ellipse-dining-table-ceramic-marble\/#primaryimage","url":"https:\/\/ruuby.ee\/wp-content\/uploads\/2025\/03\/Screenshot-2025-03-28-at-15.48.14.png","contentUrl":"https:\/\/ruuby.ee\/wp-content\/uploads\/2025\/03\/Screenshot-2025-03-28-at-15.48.14.png","width":1530,"height":1146},{"@type":"BreadcrumbList","@id":"https:\/\/ruuby.ee\/en\/pood\/kodusisustus\/moobel\/lauad\/pole-to-pole-soogilaud-ellipse-dining-table-ceramic-marble\/#breadcrumb","itemListElement":[{"@type":"ListItem","position":1,"name":"Kdu","item":"http:\/\/ruuby.ee\/"},{"@type":"ListItem","position":2,"name":"Pood","item":"https:\/\/ruuby.ee\/en\/pood\/"},{"@type":"ListItem","position":3,"name":"Pole To Pole &#8211; S\u00f6\u00f6gilaud, Ellipse Dining Table Ceramic Marble"}]},{"@type":"WebSite","@id":"http:\/\/ruuby.ee\/#website","url":"http:\/\/ruuby.ee\/","name":"RUUBY","description":"Ruubys on \u00fchendatud elustiil ja disain","publisher":{"@id":"http:\/\/ruuby.ee\/#organization"},"alternateName":"Ruuby Disain","potentialAction":[{"@type":"SearchAction","target":{"@type":"EntryPoint","urlTemplate":"http:\/\/ruuby.ee\/?s={search_term_string}"},"query-input":{"@type":"PropertyValueSpecification","valueRequired":true,"valueName":"search_term_string"}}],"inLanguage":"en-GB"},{"@type":"Organization","@id":"http:\/\/ruuby.ee\/#organization","name":"Ruuby Disain O\u00dc","alternateName":"Ruuby","url":"http:\/\/ruuby.ee\/","logo":{"@type":"ImageObject","inLanguage":"en-GB","@id":"http:\/\/ruuby.ee\/#\/schema\/logo\/image\/","url":"https:\/\/ruuby.ee\/wp-content\/uploads\/2023\/06\/cropped-Black-White-Elegant-Circle-Signature-Fashion-Logo-12_large.png","contentUrl":"https:\/\/ruuby.ee\/wp-content\/uploads\/2023\/06\/cropped-Black-White-Elegant-Circle-Signature-Fashion-Logo-12_large.png","width":1280,"height":747,"caption":"Ruuby Disain O\u00dc"},"image":{"@id":"http:\/\/ruuby.ee\/#\/schema\/logo\/image\/"},"sameAs":["https:\/\/www.facebook.com\/ruubyconcept","https:\/\/www.instagram.com\/ruuby_concept\/"]}]}},"jetpack_sharing_enabled":true,"_links":{"self":[{"href":"https:\/\/ruuby.ee\/en\/wp-json\/wp\/v2\/product\/1852357","targetHints":{"allow":["GET"]}}],"collection":[{"href":"https:\/\/ruuby.ee\/en\/wp-json\/wp\/v2\/product"}],"about":[{"href":"https:\/\/ruuby.ee\/en\/wp-json\/wp\/v2\/types\/product"}],"replies":[{"embeddable":true,"href":"https:\/\/ruuby.ee\/en\/wp-json\/wp\/v2\/comments?post=1852357"}],"wp:featuredmedia":[{"embeddable":true,"href":"https:\/\/ruuby.ee\/en\/wp-json\/wp\/v2\/media\/1852360"}],"wp:attachment":[{"href":"https:\/\/ruuby.ee\/en\/wp-json\/wp\/v2\/media?parent=1852357"}],"wp:term":[{"taxonomy":"product_brand","embeddable":true,"href":"https:\/\/ruuby.ee\/en\/wp-json\/wp\/v2\/product_brand?post=1852357"},{"taxonomy":"product_cat","embeddable":true,"href":"https:\/\/ruuby.ee\/en\/wp-json\/wp\/v2\/product_cat?post=1852357"},{"taxonomy":"product_tag","embeddable":true,"href":"https:\/\/ruuby.ee\/en\/wp-json\/wp\/v2\/product_tag?post=1852357"}],"curies":[{"name":"wp","href":"https:\/\/api.w.org\/{rel}","templated":true}]}}