{"id":1852345,"date":"2025-03-28T15:40:15","date_gmt":"2025-03-28T13:40:15","guid":{"rendered":"http:\/\/ruuby.ee\/?post_type=product&#038;p=1852345"},"modified":"2026-04-08T01:28:27","modified_gmt":"2026-04-07T22:28:27","slug":"pole-to-pole-diivanilaud-small-ceramic-travertine","status":"publish","type":"product","link":"https:\/\/ruuby.ee\/en\/pood\/kodusisustus\/moobel\/lauad\/pole-to-pole-diivanilaud-small-ceramic-travertine\/","title":{"rendered":"Pole To Pole &#8211; Diivanilaud, Small Ceramic Travertine"},"content":{"rendered":"<p>Stiilne ja ajatu k\u00e4sit\u00f6\u00f6-kohvilaud \u00fchendab travertiini v\u00e4limuse loomuliku soojuse keraamika keerukusega, et luua kaunilt tasakaalustatud v\u00e4limus. Selle kompaktne disain on loodud nii, et see sobiks sujuvalt igasse interj\u00f6\u00f6ri, lisades nii moodsatesse kui ka klassikalistesse ruumidesse veidi tagasihoidlikku elegantsi.<\/p>\n<p><strong>Toote suurus:<\/strong><br \/>\nL\u00e4bim\u00f5\u00f5t: 50 CM<br \/>\nK\u00f5rgus: 51 cm<br \/>\nNetokaal: 14 kg<\/p>\n<p><strong>P\u00f5hiteave:<\/strong><br \/>\nKarbi suurus ja kaal Lauaplaat: 60 x 60 x 7 &#8211; \u00a06,7 KG<br \/>\nKarbi suurus ja kaal Jalg: 41 x 56 x 40 \u00a0&#8211; 9,4 KG<br \/>\nVajalik kokkupanek<br \/>\nOriginaalpakend 1 tk \/ 2 karpi<\/p>\n<p><strong>Toote materjalid:<\/strong><br \/>\nPealmine osa: keraamika ja MDF<br \/>\nJalad: MDF<\/p>","protected":false},"excerpt":{"rendered":"<p>Stiilne ja ajatu k\u00e4sit\u00f6\u00f6-kohvilaud \u00fchendab travertiini v\u00e4limuse loomuliku soojuse keraamika keerukusega, et luua kaunilt tasakaalustatud v\u00e4limus. Selle kompaktne disain on loodud nii, et see sobiks sujuvalt igasse interj\u00f6\u00f6ri, lisades nii moodsatesse kui ka klassikalistesse ruumidesse veidi tagasihoidlikku elegantsi. Toote suurus: L\u00e4bim\u00f5\u00f5t: 50 CM K\u00f5rgus: 51 cm Netokaal: 14 kg P\u00f5hiteave: Karbi suurus ja kaal Lauaplaat: [&hellip;]<\/p>\n","protected":false},"featured_media":1852346,"comment_status":"closed","ping_status":"closed","template":"","meta":[],"product_brand":[],"product_cat":[42,556,825],"product_tag":[],"class_list":{"0":"post-1852345","1":"product","2":"type-product","3":"status-publish","4":"has-post-thumbnail","6":"product_cat-kodusisustus","7":"product_cat-lauad","8":"product_cat-moobel","10":"first","11":"onbackorder","12":"taxable","13":"shipping-taxable","14":"purchasable","15":"product-type-simple"},"yoast_head":"<!-- This site is optimized with the Yoast SEO plugin v27.3 - https:\/\/yoast.com\/product\/yoast-seo-wordpress\/ -->\n<title>Pole To Pole - Diivanilaud, Small Ceramic Travertine - RUUBY<\/title>\n<meta name=\"robots\" content=\"index, follow, max-snippet:-1, max-image-preview:large, max-video-preview:-1\" \/>\n<link rel=\"canonical\" href=\"http:\/\/ruuby.ee\/en\/pood\/kodusisustus\/moobel\/lauad\/pole-to-pole-diivanilaud-small-ceramic-travertine\/\" \/>\n<meta property=\"og:locale\" content=\"en_GB\" \/>\n<meta property=\"og:type\" content=\"article\" \/>\n<meta property=\"og:title\" content=\"Pole To Pole - Diivanilaud, Small Ceramic Travertine - RUUBY\" \/>\n<meta property=\"og:description\" content=\"Stiilne ja ajatu k\u00e4sit\u00f6\u00f6-kohvilaud \u00fchendab travertiini v\u00e4limuse loomuliku soojuse keraamika keerukusega, et luua kaunilt tasakaalustatud v\u00e4limus. Selle kompaktne disain on loodud nii, et see sobiks sujuvalt igasse interj\u00f6\u00f6ri, lisades nii moodsatesse kui ka klassikalistesse ruumidesse veidi tagasihoidlikku elegantsi. Toote suurus: L\u00e4bim\u00f5\u00f5t: 50 CM K\u00f5rgus: 51 cm Netokaal: 14 kg P\u00f5hiteave: Karbi suurus ja kaal Lauaplaat: [&hellip;]\" \/>\n<meta property=\"og:url\" content=\"http:\/\/ruuby.ee\/en\/pood\/kodusisustus\/moobel\/lauad\/pole-to-pole-diivanilaud-small-ceramic-travertine\/\" \/>\n<meta property=\"og:site_name\" content=\"RUUBY\" \/>\n<meta property=\"article:publisher\" content=\"https:\/\/www.facebook.com\/ruubyconcept\" \/>\n<meta property=\"article:modified_time\" content=\"2026-04-07T22:28:27+00:00\" \/>\n<meta property=\"og:image\" content=\"http:\/\/ruuby.ee\/wp-content\/uploads\/2025\/03\/Screenshot-2025-03-28-at-15.39.46.png\" \/>\n\t<meta property=\"og:image:width\" content=\"1514\" \/>\n\t<meta property=\"og:image:height\" content=\"1290\" \/>\n\t<meta property=\"og:image:type\" content=\"image\/png\" \/>\n<meta name=\"twitter:card\" content=\"summary_large_image\" \/>\n<meta name=\"twitter:label1\" content=\"Estimated reading time\" \/>\n\t<meta name=\"twitter:data1\" content=\"1 minute\" \/>\n<script type=\"application\/ld+json\" class=\"yoast-schema-graph\">{\"@context\":\"https:\\\/\\\/schema.org\",\"@graph\":[{\"@type\":[\"WebPage\",\"ItemPage\"],\"@id\":\"http:\\\/\\\/ruuby.ee\\\/pood\\\/kodusisustus\\\/moobel\\\/lauad\\\/pole-to-pole-diivanilaud-small-ceramic-travertine\\\/\",\"url\":\"http:\\\/\\\/ruuby.ee\\\/pood\\\/kodusisustus\\\/moobel\\\/lauad\\\/pole-to-pole-diivanilaud-small-ceramic-travertine\\\/\",\"name\":\"Pole To Pole - Diivanilaud, Small Ceramic Travertine - RUUBY\",\"isPartOf\":{\"@id\":\"http:\\\/\\\/ruuby.ee\\\/en\\\/#website\"},\"primaryImageOfPage\":{\"@id\":\"http:\\\/\\\/ruuby.ee\\\/pood\\\/kodusisustus\\\/moobel\\\/lauad\\\/pole-to-pole-diivanilaud-small-ceramic-travertine\\\/#primaryimage\"},\"image\":{\"@id\":\"http:\\\/\\\/ruuby.ee\\\/pood\\\/kodusisustus\\\/moobel\\\/lauad\\\/pole-to-pole-diivanilaud-small-ceramic-travertine\\\/#primaryimage\"},\"thumbnailUrl\":\"https:\\\/\\\/ruuby.ee\\\/wp-content\\\/uploads\\\/2025\\\/03\\\/Screenshot-2025-03-28-at-15.39.46.png\",\"datePublished\":\"2025-03-28T13:40:15+00:00\",\"dateModified\":\"2026-04-07T22:28:27+00:00\",\"breadcrumb\":{\"@id\":\"http:\\\/\\\/ruuby.ee\\\/pood\\\/kodusisustus\\\/moobel\\\/lauad\\\/pole-to-pole-diivanilaud-small-ceramic-travertine\\\/#breadcrumb\"},\"inLanguage\":\"en-GB\",\"potentialAction\":[{\"@type\":\"ReadAction\",\"target\":[\"http:\\\/\\\/ruuby.ee\\\/pood\\\/kodusisustus\\\/moobel\\\/lauad\\\/pole-to-pole-diivanilaud-small-ceramic-travertine\\\/\"]}]},{\"@type\":\"ImageObject\",\"inLanguage\":\"en-GB\",\"@id\":\"http:\\\/\\\/ruuby.ee\\\/pood\\\/kodusisustus\\\/moobel\\\/lauad\\\/pole-to-pole-diivanilaud-small-ceramic-travertine\\\/#primaryimage\",\"url\":\"https:\\\/\\\/ruuby.ee\\\/wp-content\\\/uploads\\\/2025\\\/03\\\/Screenshot-2025-03-28-at-15.39.46.png\",\"contentUrl\":\"https:\\\/\\\/ruuby.ee\\\/wp-content\\\/uploads\\\/2025\\\/03\\\/Screenshot-2025-03-28-at-15.39.46.png\",\"width\":1514,\"height\":1290},{\"@type\":\"BreadcrumbList\",\"@id\":\"http:\\\/\\\/ruuby.ee\\\/pood\\\/kodusisustus\\\/moobel\\\/lauad\\\/pole-to-pole-diivanilaud-small-ceramic-travertine\\\/#breadcrumb\",\"itemListElement\":[{\"@type\":\"ListItem\",\"position\":1,\"name\":\"Kdu\",\"item\":\"http:\\\/\\\/ruuby.ee\\\/en\\\/\"},{\"@type\":\"ListItem\",\"position\":2,\"name\":\"Pood\",\"item\":\"http:\\\/\\\/ruuby.ee\\\/en\\\/pood\\\/\"},{\"@type\":\"ListItem\",\"position\":3,\"name\":\"Pole To Pole &#8211; Diivanilaud, Small Ceramic Travertine\"}]},{\"@type\":\"WebSite\",\"@id\":\"http:\\\/\\\/ruuby.ee\\\/en\\\/#website\",\"url\":\"http:\\\/\\\/ruuby.ee\\\/en\\\/\",\"name\":\"RUUBY\",\"description\":\"Ruubys on \u00fchendatud elustiil ja disain\",\"publisher\":{\"@id\":\"http:\\\/\\\/ruuby.ee\\\/en\\\/#organization\"},\"alternateName\":\"Ruuby Disain\",\"potentialAction\":[{\"@type\":\"SearchAction\",\"target\":{\"@type\":\"EntryPoint\",\"urlTemplate\":\"http:\\\/\\\/ruuby.ee\\\/en\\\/?s={search_term_string}\"},\"query-input\":{\"@type\":\"PropertyValueSpecification\",\"valueRequired\":true,\"valueName\":\"search_term_string\"}}],\"inLanguage\":\"en-GB\"},{\"@type\":\"Organization\",\"@id\":\"http:\\\/\\\/ruuby.ee\\\/en\\\/#organization\",\"name\":\"Ruuby Disain O\u00dc\",\"alternateName\":\"Ruuby\",\"url\":\"http:\\\/\\\/ruuby.ee\\\/en\\\/\",\"logo\":{\"@type\":\"ImageObject\",\"inLanguage\":\"en-GB\",\"@id\":\"http:\\\/\\\/ruuby.ee\\\/en\\\/#\\\/schema\\\/logo\\\/image\\\/\",\"url\":\"https:\\\/\\\/ruuby.ee\\\/wp-content\\\/uploads\\\/2023\\\/06\\\/cropped-Black-White-Elegant-Circle-Signature-Fashion-Logo-12_large.png\",\"contentUrl\":\"https:\\\/\\\/ruuby.ee\\\/wp-content\\\/uploads\\\/2023\\\/06\\\/cropped-Black-White-Elegant-Circle-Signature-Fashion-Logo-12_large.png\",\"width\":1280,\"height\":747,\"caption\":\"Ruuby Disain O\u00dc\"},\"image\":{\"@id\":\"http:\\\/\\\/ruuby.ee\\\/en\\\/#\\\/schema\\\/logo\\\/image\\\/\"},\"sameAs\":[\"https:\\\/\\\/www.facebook.com\\\/ruubyconcept\",\"https:\\\/\\\/www.instagram.com\\\/ruuby_concept\\\/\"]}]}<\/script>\n<!-- \/ Yoast SEO plugin. -->","yoast_head_json":{"title":"Pole To Pole - Diivanilaud, Small Ceramic Travertine - RUUBY","robots":{"index":"index","follow":"follow","max-snippet":"max-snippet:-1","max-image-preview":"max-image-preview:large","max-video-preview":"max-video-preview:-1"},"canonical":"http:\/\/ruuby.ee\/en\/pood\/kodusisustus\/moobel\/lauad\/pole-to-pole-diivanilaud-small-ceramic-travertine\/","og_locale":"en_GB","og_type":"article","og_title":"Pole To Pole - Diivanilaud, Small Ceramic Travertine - RUUBY","og_description":"Stiilne ja ajatu k\u00e4sit\u00f6\u00f6-kohvilaud \u00fchendab travertiini v\u00e4limuse loomuliku soojuse keraamika keerukusega, et luua kaunilt tasakaalustatud v\u00e4limus. Selle kompaktne disain on loodud nii, et see sobiks sujuvalt igasse interj\u00f6\u00f6ri, lisades nii moodsatesse kui ka klassikalistesse ruumidesse veidi tagasihoidlikku elegantsi. Toote suurus: L\u00e4bim\u00f5\u00f5t: 50 CM K\u00f5rgus: 51 cm Netokaal: 14 kg P\u00f5hiteave: Karbi suurus ja kaal Lauaplaat: [&hellip;]","og_url":"http:\/\/ruuby.ee\/en\/pood\/kodusisustus\/moobel\/lauad\/pole-to-pole-diivanilaud-small-ceramic-travertine\/","og_site_name":"RUUBY","article_publisher":"https:\/\/www.facebook.com\/ruubyconcept","article_modified_time":"2026-04-07T22:28:27+00:00","og_image":[{"width":1514,"height":1290,"url":"http:\/\/ruuby.ee\/wp-content\/uploads\/2025\/03\/Screenshot-2025-03-28-at-15.39.46.png","type":"image\/png"}],"twitter_card":"summary_large_image","twitter_misc":{"Estimated reading time":"1 minute"},"schema":{"@context":"https:\/\/schema.org","@graph":[{"@type":["WebPage","ItemPage"],"@id":"http:\/\/ruuby.ee\/pood\/kodusisustus\/moobel\/lauad\/pole-to-pole-diivanilaud-small-ceramic-travertine\/","url":"http:\/\/ruuby.ee\/pood\/kodusisustus\/moobel\/lauad\/pole-to-pole-diivanilaud-small-ceramic-travertine\/","name":"Pole To Pole - Diivanilaud, Small Ceramic Travertine - RUUBY","isPartOf":{"@id":"http:\/\/ruuby.ee\/en\/#website"},"primaryImageOfPage":{"@id":"http:\/\/ruuby.ee\/pood\/kodusisustus\/moobel\/lauad\/pole-to-pole-diivanilaud-small-ceramic-travertine\/#primaryimage"},"image":{"@id":"http:\/\/ruuby.ee\/pood\/kodusisustus\/moobel\/lauad\/pole-to-pole-diivanilaud-small-ceramic-travertine\/#primaryimage"},"thumbnailUrl":"https:\/\/ruuby.ee\/wp-content\/uploads\/2025\/03\/Screenshot-2025-03-28-at-15.39.46.png","datePublished":"2025-03-28T13:40:15+00:00","dateModified":"2026-04-07T22:28:27+00:00","breadcrumb":{"@id":"http:\/\/ruuby.ee\/pood\/kodusisustus\/moobel\/lauad\/pole-to-pole-diivanilaud-small-ceramic-travertine\/#breadcrumb"},"inLanguage":"en-GB","potentialAction":[{"@type":"ReadAction","target":["http:\/\/ruuby.ee\/pood\/kodusisustus\/moobel\/lauad\/pole-to-pole-diivanilaud-small-ceramic-travertine\/"]}]},{"@type":"ImageObject","inLanguage":"en-GB","@id":"http:\/\/ruuby.ee\/pood\/kodusisustus\/moobel\/lauad\/pole-to-pole-diivanilaud-small-ceramic-travertine\/#primaryimage","url":"https:\/\/ruuby.ee\/wp-content\/uploads\/2025\/03\/Screenshot-2025-03-28-at-15.39.46.png","contentUrl":"https:\/\/ruuby.ee\/wp-content\/uploads\/2025\/03\/Screenshot-2025-03-28-at-15.39.46.png","width":1514,"height":1290},{"@type":"BreadcrumbList","@id":"http:\/\/ruuby.ee\/pood\/kodusisustus\/moobel\/lauad\/pole-to-pole-diivanilaud-small-ceramic-travertine\/#breadcrumb","itemListElement":[{"@type":"ListItem","position":1,"name":"Kdu","item":"http:\/\/ruuby.ee\/en\/"},{"@type":"ListItem","position":2,"name":"Pood","item":"http:\/\/ruuby.ee\/en\/pood\/"},{"@type":"ListItem","position":3,"name":"Pole To Pole &#8211; Diivanilaud, Small Ceramic Travertine"}]},{"@type":"WebSite","@id":"http:\/\/ruuby.ee\/en\/#website","url":"http:\/\/ruuby.ee\/en\/","name":"RUUBY","description":"Ruubys on \u00fchendatud elustiil ja disain","publisher":{"@id":"http:\/\/ruuby.ee\/en\/#organization"},"alternateName":"Ruuby Disain","potentialAction":[{"@type":"SearchAction","target":{"@type":"EntryPoint","urlTemplate":"http:\/\/ruuby.ee\/en\/?s={search_term_string}"},"query-input":{"@type":"PropertyValueSpecification","valueRequired":true,"valueName":"search_term_string"}}],"inLanguage":"en-GB"},{"@type":"Organization","@id":"http:\/\/ruuby.ee\/en\/#organization","name":"Ruuby Disain O\u00dc","alternateName":"Ruuby","url":"http:\/\/ruuby.ee\/en\/","logo":{"@type":"ImageObject","inLanguage":"en-GB","@id":"http:\/\/ruuby.ee\/en\/#\/schema\/logo\/image\/","url":"https:\/\/ruuby.ee\/wp-content\/uploads\/2023\/06\/cropped-Black-White-Elegant-Circle-Signature-Fashion-Logo-12_large.png","contentUrl":"https:\/\/ruuby.ee\/wp-content\/uploads\/2023\/06\/cropped-Black-White-Elegant-Circle-Signature-Fashion-Logo-12_large.png","width":1280,"height":747,"caption":"Ruuby Disain O\u00dc"},"image":{"@id":"http:\/\/ruuby.ee\/en\/#\/schema\/logo\/image\/"},"sameAs":["https:\/\/www.facebook.com\/ruubyconcept","https:\/\/www.instagram.com\/ruuby_concept\/"]}]}},"jetpack_sharing_enabled":true,"_links":{"self":[{"href":"https:\/\/ruuby.ee\/en\/wp-json\/wp\/v2\/product\/1852345","targetHints":{"allow":["GET"]}}],"collection":[{"href":"https:\/\/ruuby.ee\/en\/wp-json\/wp\/v2\/product"}],"about":[{"href":"https:\/\/ruuby.ee\/en\/wp-json\/wp\/v2\/types\/product"}],"replies":[{"embeddable":true,"href":"https:\/\/ruuby.ee\/en\/wp-json\/wp\/v2\/comments?post=1852345"}],"wp:featuredmedia":[{"embeddable":true,"href":"https:\/\/ruuby.ee\/en\/wp-json\/wp\/v2\/media\/1852346"}],"wp:attachment":[{"href":"https:\/\/ruuby.ee\/en\/wp-json\/wp\/v2\/media?parent=1852345"}],"wp:term":[{"taxonomy":"product_brand","embeddable":true,"href":"https:\/\/ruuby.ee\/en\/wp-json\/wp\/v2\/product_brand?post=1852345"},{"taxonomy":"product_cat","embeddable":true,"href":"https:\/\/ruuby.ee\/en\/wp-json\/wp\/v2\/product_cat?post=1852345"},{"taxonomy":"product_tag","embeddable":true,"href":"https:\/\/ruuby.ee\/en\/wp-json\/wp\/v2\/product_tag?post=1852345"}],"curies":[{"name":"wp","href":"https:\/\/api.w.org\/{rel}","templated":true}]}}