{"id":1852232,"date":"2025-03-24T15:25:31","date_gmt":"2025-03-24T13:25:31","guid":{"rendered":"http:\/\/ruuby.ee\/?post_type=product&#038;p=1852232"},"modified":"2026-04-05T01:25:22","modified_gmt":"2026-04-04T22:25:22","slug":"pole-to-pole-pebble-poorlev-soogitool","status":"publish","type":"product","link":"https:\/\/ruuby.ee\/en\/pood\/kodusisustus\/moobel\/toolid\/pole-to-pole-pebble-poorlev-soogitool\/","title":{"rendered":"Pole to Pole &#8211; Pebble, P\u00f6\u00f6rlev s\u00f6\u00f6gitool"},"content":{"rendered":"<p>Avastage Pebble p\u00f6\u00f6rlev tool, mis on t\u00e4iuslik segu moodsast disainist ja mugavusest, mis on inspireeritud kivikese siledast, orgaanilisest kujust. Sellel toolil on m\u00f5nusalt pehme ja mugav. Selle 360-kraadine p\u00f6\u00f6rlemismehhanism v\u00f5imaldab kerget p\u00f6\u00f6rlemist, samas kui tugev konstruktsioon tagab p\u00fcsiva vastupidavuse. Pebble p\u00f6\u00f6rlev tool sobib ideaalselt igasse eluruumi, lisades elegantsi ja funktsionaalsust, muutes selle mitmek\u00fclgseks ja stiilseks lisandiks teie kodule.<\/p>\n<p>Saadaval v\u00e4rvid: pastelne roosa ja pistaatsia<\/p>\n<p><strong>Toote suurus:<\/strong><br \/>\nLaius: 70 cm<br \/>\nS\u00fcgavus: 62,5 CM<br \/>\nK\u00f5rgus: 78,5 cm<br \/>\nIstme k\u00f5rgus: 48 cm<br \/>\nTooli kaal: 9,7 kg<\/p>\n<p><strong>Toote materjalid:<\/strong><br \/>\nIste: kihtpuit ja metallraam \/ vaht \/ kangas<br \/>\nJalad: musta pulberv\u00e4rvitud Q195 teras<\/p>","protected":false},"excerpt":{"rendered":"<p>Tarne 10-14. p\u00e4eva.<\/p>","protected":false},"featured_media":1858550,"comment_status":"open","ping_status":"closed","template":"","meta":[],"product_brand":[],"product_cat":[42,825,1016,555],"product_tag":[],"class_list":{"0":"post-1852232","1":"product","2":"type-product","3":"status-publish","4":"has-post-thumbnail","6":"product_cat-kodusisustus","7":"product_cat-moobel","8":"product_cat-soogitoolid","9":"product_cat-toolid","11":"first","12":"onbackorder","13":"taxable","14":"shipping-taxable","15":"purchasable","16":"product-type-variable","17":"rtwpvs-product"},"yoast_head":"<!-- This site is optimized with the Yoast SEO plugin v27.2 - https:\/\/yoast.com\/product\/yoast-seo-wordpress\/ -->\n<title>Pole to Pole - Pebble, P\u00f6\u00f6rlev s\u00f6\u00f6gitool - RUUBY<\/title>\n<meta name=\"robots\" content=\"index, follow, max-snippet:-1, max-image-preview:large, max-video-preview:-1\" \/>\n<link rel=\"canonical\" href=\"https:\/\/ruuby.ee\/en\/pood\/kodusisustus\/moobel\/toolid\/pole-to-pole-pebble-poorlev-soogitool\/\" \/>\n<meta property=\"og:locale\" content=\"en_GB\" \/>\n<meta property=\"og:type\" content=\"article\" \/>\n<meta property=\"og:title\" content=\"Pole to Pole - Pebble, P\u00f6\u00f6rlev s\u00f6\u00f6gitool - RUUBY\" \/>\n<meta property=\"og:description\" content=\"Tarne 10-14. p\u00e4eva.\" \/>\n<meta property=\"og:url\" content=\"https:\/\/ruuby.ee\/en\/pood\/kodusisustus\/moobel\/toolid\/pole-to-pole-pebble-poorlev-soogitool\/\" \/>\n<meta property=\"og:site_name\" content=\"RUUBY\" \/>\n<meta property=\"article:publisher\" content=\"https:\/\/www.facebook.com\/ruubyconcept\" \/>\n<meta property=\"article:modified_time\" content=\"2026-04-04T22:25:22+00:00\" \/>\n<meta property=\"og:image\" content=\"https:\/\/ruuby.ee\/wp-content\/uploads\/2025\/03\/Screenshot-2025-12-28-at-15.25.33.png\" \/>\n\t<meta property=\"og:image:width\" content=\"1192\" \/>\n\t<meta property=\"og:image:height\" content=\"888\" \/>\n\t<meta property=\"og:image:type\" content=\"image\/png\" \/>\n<meta name=\"twitter:card\" content=\"summary_large_image\" \/>\n<meta name=\"twitter:label1\" content=\"Estimated reading time\" \/>\n\t<meta name=\"twitter:data1\" content=\"1 minute\" \/>\n<script type=\"application\/ld+json\" class=\"yoast-schema-graph\">{\"@context\":\"https:\/\/schema.org\",\"@graph\":[{\"@type\":[\"WebPage\",\"ItemPage\"],\"@id\":\"https:\/\/ruuby.ee\/en\/pood\/kodusisustus\/moobel\/toolid\/pole-to-pole-pebble-poorlev-soogitool\/\",\"url\":\"https:\/\/ruuby.ee\/en\/pood\/kodusisustus\/moobel\/toolid\/pole-to-pole-pebble-poorlev-soogitool\/\",\"name\":\"Pole to Pole - Pebble, P\u00f6\u00f6rlev s\u00f6\u00f6gitool - RUUBY\",\"isPartOf\":{\"@id\":\"http:\/\/ruuby.ee\/#website\"},\"primaryImageOfPage\":{\"@id\":\"https:\/\/ruuby.ee\/en\/pood\/kodusisustus\/moobel\/toolid\/pole-to-pole-pebble-poorlev-soogitool\/#primaryimage\"},\"image\":{\"@id\":\"https:\/\/ruuby.ee\/en\/pood\/kodusisustus\/moobel\/toolid\/pole-to-pole-pebble-poorlev-soogitool\/#primaryimage\"},\"thumbnailUrl\":\"https:\/\/ruuby.ee\/wp-content\/uploads\/2025\/03\/Screenshot-2025-12-28-at-15.25.33.png\",\"datePublished\":\"2025-03-24T13:25:31+00:00\",\"dateModified\":\"2026-04-04T22:25:22+00:00\",\"breadcrumb\":{\"@id\":\"https:\/\/ruuby.ee\/en\/pood\/kodusisustus\/moobel\/toolid\/pole-to-pole-pebble-poorlev-soogitool\/#breadcrumb\"},\"inLanguage\":\"en-GB\",\"potentialAction\":[{\"@type\":\"ReadAction\",\"target\":[\"https:\/\/ruuby.ee\/en\/pood\/kodusisustus\/moobel\/toolid\/pole-to-pole-pebble-poorlev-soogitool\/\"]}]},{\"@type\":\"ImageObject\",\"inLanguage\":\"en-GB\",\"@id\":\"https:\/\/ruuby.ee\/en\/pood\/kodusisustus\/moobel\/toolid\/pole-to-pole-pebble-poorlev-soogitool\/#primaryimage\",\"url\":\"https:\/\/ruuby.ee\/wp-content\/uploads\/2025\/03\/Screenshot-2025-12-28-at-15.25.33.png\",\"contentUrl\":\"https:\/\/ruuby.ee\/wp-content\/uploads\/2025\/03\/Screenshot-2025-12-28-at-15.25.33.png\",\"width\":1192,\"height\":888},{\"@type\":\"BreadcrumbList\",\"@id\":\"https:\/\/ruuby.ee\/en\/pood\/kodusisustus\/moobel\/toolid\/pole-to-pole-pebble-poorlev-soogitool\/#breadcrumb\",\"itemListElement\":[{\"@type\":\"ListItem\",\"position\":1,\"name\":\"Kdu\",\"item\":\"http:\/\/ruuby.ee\/\"},{\"@type\":\"ListItem\",\"position\":2,\"name\":\"Pood\",\"item\":\"https:\/\/ruuby.ee\/en\/pood\/\"},{\"@type\":\"ListItem\",\"position\":3,\"name\":\"Pole to Pole &#8211; Pebble, P\u00f6\u00f6rlev s\u00f6\u00f6gitool\"}]},{\"@type\":\"WebSite\",\"@id\":\"http:\/\/ruuby.ee\/#website\",\"url\":\"http:\/\/ruuby.ee\/\",\"name\":\"RUUBY\",\"description\":\"Ruubys on \u00fchendatud elustiil ja disain\",\"publisher\":{\"@id\":\"http:\/\/ruuby.ee\/#organization\"},\"alternateName\":\"Ruuby Disain\",\"potentialAction\":[{\"@type\":\"SearchAction\",\"target\":{\"@type\":\"EntryPoint\",\"urlTemplate\":\"http:\/\/ruuby.ee\/?s={search_term_string}\"},\"query-input\":{\"@type\":\"PropertyValueSpecification\",\"valueRequired\":true,\"valueName\":\"search_term_string\"}}],\"inLanguage\":\"en-GB\"},{\"@type\":\"Organization\",\"@id\":\"http:\/\/ruuby.ee\/#organization\",\"name\":\"Ruuby Disain O\u00dc\",\"alternateName\":\"Ruuby\",\"url\":\"http:\/\/ruuby.ee\/\",\"logo\":{\"@type\":\"ImageObject\",\"inLanguage\":\"en-GB\",\"@id\":\"http:\/\/ruuby.ee\/#\/schema\/logo\/image\/\",\"url\":\"https:\/\/ruuby.ee\/wp-content\/uploads\/2023\/06\/cropped-Black-White-Elegant-Circle-Signature-Fashion-Logo-12_large.png\",\"contentUrl\":\"https:\/\/ruuby.ee\/wp-content\/uploads\/2023\/06\/cropped-Black-White-Elegant-Circle-Signature-Fashion-Logo-12_large.png\",\"width\":1280,\"height\":747,\"caption\":\"Ruuby Disain O\u00dc\"},\"image\":{\"@id\":\"http:\/\/ruuby.ee\/#\/schema\/logo\/image\/\"},\"sameAs\":[\"https:\/\/www.facebook.com\/ruubyconcept\",\"https:\/\/www.instagram.com\/ruuby_concept\/\"]}]}<\/script>\n<!-- \/ Yoast SEO plugin. -->","yoast_head_json":{"title":"Pole to Pole - Pebble, P\u00f6\u00f6rlev s\u00f6\u00f6gitool - RUUBY","robots":{"index":"index","follow":"follow","max-snippet":"max-snippet:-1","max-image-preview":"max-image-preview:large","max-video-preview":"max-video-preview:-1"},"canonical":"https:\/\/ruuby.ee\/en\/pood\/kodusisustus\/moobel\/toolid\/pole-to-pole-pebble-poorlev-soogitool\/","og_locale":"en_GB","og_type":"article","og_title":"Pole to Pole - Pebble, P\u00f6\u00f6rlev s\u00f6\u00f6gitool - RUUBY","og_description":"Tarne 10-14. p\u00e4eva.","og_url":"https:\/\/ruuby.ee\/en\/pood\/kodusisustus\/moobel\/toolid\/pole-to-pole-pebble-poorlev-soogitool\/","og_site_name":"RUUBY","article_publisher":"https:\/\/www.facebook.com\/ruubyconcept","article_modified_time":"2026-04-04T22:25:22+00:00","og_image":[{"width":1192,"height":888,"url":"https:\/\/ruuby.ee\/wp-content\/uploads\/2025\/03\/Screenshot-2025-12-28-at-15.25.33.png","type":"image\/png"}],"twitter_card":"summary_large_image","twitter_misc":{"Estimated reading time":"1 minute"},"schema":{"@context":"https:\/\/schema.org","@graph":[{"@type":["WebPage","ItemPage"],"@id":"https:\/\/ruuby.ee\/en\/pood\/kodusisustus\/moobel\/toolid\/pole-to-pole-pebble-poorlev-soogitool\/","url":"https:\/\/ruuby.ee\/en\/pood\/kodusisustus\/moobel\/toolid\/pole-to-pole-pebble-poorlev-soogitool\/","name":"Pole to Pole - Pebble, P\u00f6\u00f6rlev s\u00f6\u00f6gitool - RUUBY","isPartOf":{"@id":"http:\/\/ruuby.ee\/#website"},"primaryImageOfPage":{"@id":"https:\/\/ruuby.ee\/en\/pood\/kodusisustus\/moobel\/toolid\/pole-to-pole-pebble-poorlev-soogitool\/#primaryimage"},"image":{"@id":"https:\/\/ruuby.ee\/en\/pood\/kodusisustus\/moobel\/toolid\/pole-to-pole-pebble-poorlev-soogitool\/#primaryimage"},"thumbnailUrl":"https:\/\/ruuby.ee\/wp-content\/uploads\/2025\/03\/Screenshot-2025-12-28-at-15.25.33.png","datePublished":"2025-03-24T13:25:31+00:00","dateModified":"2026-04-04T22:25:22+00:00","breadcrumb":{"@id":"https:\/\/ruuby.ee\/en\/pood\/kodusisustus\/moobel\/toolid\/pole-to-pole-pebble-poorlev-soogitool\/#breadcrumb"},"inLanguage":"en-GB","potentialAction":[{"@type":"ReadAction","target":["https:\/\/ruuby.ee\/en\/pood\/kodusisustus\/moobel\/toolid\/pole-to-pole-pebble-poorlev-soogitool\/"]}]},{"@type":"ImageObject","inLanguage":"en-GB","@id":"https:\/\/ruuby.ee\/en\/pood\/kodusisustus\/moobel\/toolid\/pole-to-pole-pebble-poorlev-soogitool\/#primaryimage","url":"https:\/\/ruuby.ee\/wp-content\/uploads\/2025\/03\/Screenshot-2025-12-28-at-15.25.33.png","contentUrl":"https:\/\/ruuby.ee\/wp-content\/uploads\/2025\/03\/Screenshot-2025-12-28-at-15.25.33.png","width":1192,"height":888},{"@type":"BreadcrumbList","@id":"https:\/\/ruuby.ee\/en\/pood\/kodusisustus\/moobel\/toolid\/pole-to-pole-pebble-poorlev-soogitool\/#breadcrumb","itemListElement":[{"@type":"ListItem","position":1,"name":"Kdu","item":"http:\/\/ruuby.ee\/"},{"@type":"ListItem","position":2,"name":"Pood","item":"https:\/\/ruuby.ee\/en\/pood\/"},{"@type":"ListItem","position":3,"name":"Pole to Pole &#8211; Pebble, P\u00f6\u00f6rlev s\u00f6\u00f6gitool"}]},{"@type":"WebSite","@id":"http:\/\/ruuby.ee\/#website","url":"http:\/\/ruuby.ee\/","name":"RUUBY","description":"Ruubys on \u00fchendatud elustiil ja disain","publisher":{"@id":"http:\/\/ruuby.ee\/#organization"},"alternateName":"Ruuby Disain","potentialAction":[{"@type":"SearchAction","target":{"@type":"EntryPoint","urlTemplate":"http:\/\/ruuby.ee\/?s={search_term_string}"},"query-input":{"@type":"PropertyValueSpecification","valueRequired":true,"valueName":"search_term_string"}}],"inLanguage":"en-GB"},{"@type":"Organization","@id":"http:\/\/ruuby.ee\/#organization","name":"Ruuby Disain O\u00dc","alternateName":"Ruuby","url":"http:\/\/ruuby.ee\/","logo":{"@type":"ImageObject","inLanguage":"en-GB","@id":"http:\/\/ruuby.ee\/#\/schema\/logo\/image\/","url":"https:\/\/ruuby.ee\/wp-content\/uploads\/2023\/06\/cropped-Black-White-Elegant-Circle-Signature-Fashion-Logo-12_large.png","contentUrl":"https:\/\/ruuby.ee\/wp-content\/uploads\/2023\/06\/cropped-Black-White-Elegant-Circle-Signature-Fashion-Logo-12_large.png","width":1280,"height":747,"caption":"Ruuby Disain O\u00dc"},"image":{"@id":"http:\/\/ruuby.ee\/#\/schema\/logo\/image\/"},"sameAs":["https:\/\/www.facebook.com\/ruubyconcept","https:\/\/www.instagram.com\/ruuby_concept\/"]}]}},"jetpack_sharing_enabled":true,"_links":{"self":[{"href":"https:\/\/ruuby.ee\/en\/wp-json\/wp\/v2\/product\/1852232","targetHints":{"allow":["GET"]}}],"collection":[{"href":"https:\/\/ruuby.ee\/en\/wp-json\/wp\/v2\/product"}],"about":[{"href":"https:\/\/ruuby.ee\/en\/wp-json\/wp\/v2\/types\/product"}],"replies":[{"embeddable":true,"href":"https:\/\/ruuby.ee\/en\/wp-json\/wp\/v2\/comments?post=1852232"}],"wp:featuredmedia":[{"embeddable":true,"href":"https:\/\/ruuby.ee\/en\/wp-json\/wp\/v2\/media\/1858550"}],"wp:attachment":[{"href":"https:\/\/ruuby.ee\/en\/wp-json\/wp\/v2\/media?parent=1852232"}],"wp:term":[{"taxonomy":"product_brand","embeddable":true,"href":"https:\/\/ruuby.ee\/en\/wp-json\/wp\/v2\/product_brand?post=1852232"},{"taxonomy":"product_cat","embeddable":true,"href":"https:\/\/ruuby.ee\/en\/wp-json\/wp\/v2\/product_cat?post=1852232"},{"taxonomy":"product_tag","embeddable":true,"href":"https:\/\/ruuby.ee\/en\/wp-json\/wp\/v2\/product_tag?post=1852232"}],"curies":[{"name":"wp","href":"https:\/\/api.w.org\/{rel}","templated":true}]}}