{"id":1852144,"date":"2025-03-13T19:01:25","date_gmt":"2025-03-13T17:01:25","guid":{"rendered":"http:\/\/ruuby.ee\/?post_type=product&#038;p=1852144"},"modified":"2026-04-08T01:28:27","modified_gmt":"2026-04-07T22:28:27","slug":"dock-bay-laste-kapuutsiga-pontsod-coastal-candy","status":"publish","type":"product","link":"https:\/\/ruuby.ee\/en\/pood\/aksessuaarid\/kiirelt-kuivavad-ratikud-ponchod\/ponchod\/dock-bay-laste-kapuutsiga-pontsod-coastal-candy\/","title":{"rendered":"Dock &#038; Bay, laste kapuutsiga pont\u0161o r\u00e4tik, Coastal Candy"},"content":{"rendered":"<p>Kiiresti kuivavad, kompaktsed kapuutsiga r\u00e4tikud, mis on loodud selleks, et hoida neid soojas ja kuivas mere \u00e4\u00e4res v\u00f5i basseini \u00e4\u00e4res. Need pot\u0161od on ka piisavalt suured, et nende all ka riideid vahetada.<\/p>\n<p>Mis teeb need pont\u0161od nii headeks?<\/p>\n<ol>\n<li>Kiiresti kuivavad pont\u0161od, mis kuivavad 3x kiiremini kui puuvill<\/li>\n<li>SPF50+ \u2013 kaitseb nahka kahjulike p\u00e4ikesekiirte eest<\/li>\n<li>Igavesti v\u00e4rske \u2013 ei ole enam niisket l\u00f5hna ega m\u00e4rjat<\/li>\n<li>Valmistatud 100% taaskasutatud plastpudelitest<\/li>\n<li>Kerge ja kompaktne \u2013 ideaalne v\u00e4ikestele kaasaskandmiseks<\/li>\n<li>T\u00f5rjub liiva \u2013 ainulaadne silmusteta kangas, nii et liiv rappub maha<\/li>\n<li>Imav \u2013 need kuivatavad t\u00f5esti lapsi<\/li>\n<li>Tasuta kott \u2013 kandke pont\u0161ot selle v\u00e4ikeses kotis, mis kuulub komplekti<\/li>\n<li>Valmistatud 83% pol\u00fcestrist, 17% pol\u00fcamiidist<\/li>\n<\/ol>\n<p><strong>Suurused: <\/strong><\/p>\n<ul>\n<li>6-10 aastat &#8211; 75x33cm<\/li>\n<\/ul>\n<p>K\u00f5ik tooted on valmistatud 100% ringlussev\u00f5etud tarbimisj\u00e4rgsetest plastpudelitest, mis muidu oleks j\u00e4\u00e4nud planeedi reostama. Iga rannar\u00e4tiku valmistamiseks on taaskasutatud v\u00e4hemalt 28 plastpudelit. Mugavuse osas pole j\u00e4releandmisi tehtud \u2013 meie tooted s\u00e4ilitavad endiselt oma luksusliku tunde.<\/p>\n<p><img decoding=\"async\" class=\"lazy loaded\" src=\"https:\/\/cdn.shopify.com\/s\/files\/1\/0289\/4174\/6260\/files\/Sustainability_2.png?v=1688470303\" alt=\"Sustainability\" width=\"283\" height=\"136\" data-src=\"https:\/\/cdn.shopify.com\/s\/files\/1\/0289\/4174\/6260\/files\/Sustainability_2.png?v=1688470303\" data-was-processed=\"true\" \/><\/p>","protected":false},"excerpt":{"rendered":"<p>Kiirelt kuivavad, kompaktsed, t\u00e4iuslikud pont\u0161od, mis on valmistatud 100% taaskasutatud materjalidest.<\/p>\n<p>Hoidke lapsed soojas ja liivavabana p\u00e4rast meres, basseini \u00e4\u00e4res v\u00f5i kodus sulistamist.<\/p>\n<p>V\u00e4ikestele suure fantaasiaga seiklejatele. Sobitage need meie <a href=\"https:\/\/koopia.ruuby.ee\/tootekategooria\/aksessuaarid\/kiirelt-kuivavad-ratikud-ponchod\/rannaratikud\/\">rannar\u00e4tikutega<\/a>.<\/p>","protected":false},"featured_media":1852149,"comment_status":"closed","ping_status":"closed","template":"","meta":[],"product_brand":[],"product_cat":[43,999,22,1002,1001],"product_tag":[],"class_list":{"0":"post-1852144","1":"product","2":"type-product","3":"status-publish","4":"has-post-thumbnail","6":"product_cat-aksessuaarid","7":"product_cat-kiirelt-kuivavad-ratikud-ponchod","8":"product_cat-lapsed","9":"product_cat-laste-ratikud-ponchod","10":"product_cat-ponchod","12":"first","13":"outofstock","14":"taxable","15":"shipping-taxable","16":"purchasable","17":"product-type-variable","18":"rtwpvs-product"},"yoast_head":"<!-- This site is optimized with the Yoast SEO plugin v27.3 - https:\/\/yoast.com\/product\/yoast-seo-wordpress\/ -->\n<title>Dock &amp; Bay, laste kapuutsiga pont\u0161o r\u00e4tik, Coastal Candy - RUUBY<\/title>\n<meta name=\"robots\" content=\"index, follow, max-snippet:-1, max-image-preview:large, max-video-preview:-1\" \/>\n<link rel=\"canonical\" href=\"http:\/\/ruuby.ee\/en\/pood\/aksessuaarid\/kiirelt-kuivavad-ratikud-ponchod\/ponchod\/dock-bay-laste-kapuutsiga-pontsod-coastal-candy\/\" \/>\n<meta property=\"og:locale\" content=\"en_GB\" \/>\n<meta property=\"og:type\" content=\"article\" \/>\n<meta property=\"og:title\" content=\"Dock &amp; Bay, laste kapuutsiga pont\u0161o r\u00e4tik, Coastal Candy - RUUBY\" \/>\n<meta property=\"og:description\" content=\"Kiirelt kuivavad, kompaktsed, t\u00e4iuslikud pont\u0161od, mis on valmistatud 100% taaskasutatud materjalidest.  Hoidke lapsed soojas ja liivavabana p\u00e4rast meres, basseini \u00e4\u00e4res v\u00f5i kodus sulistamist.  V\u00e4ikestele suure fantaasiaga seiklejatele. Sobitage need meie rannar\u00e4tikutega.\" \/>\n<meta property=\"og:url\" content=\"http:\/\/ruuby.ee\/en\/pood\/aksessuaarid\/kiirelt-kuivavad-ratikud-ponchod\/ponchod\/dock-bay-laste-kapuutsiga-pontsod-coastal-candy\/\" \/>\n<meta property=\"og:site_name\" content=\"RUUBY\" \/>\n<meta property=\"article:publisher\" content=\"https:\/\/www.facebook.com\/ruubyconcept\" \/>\n<meta property=\"article:modified_time\" content=\"2026-04-07T22:28:27+00:00\" \/>\n<meta property=\"og:image\" content=\"http:\/\/ruuby.ee\/wp-content\/uploads\/2025\/03\/Screenshot-2025-03-13-at-19.03.19.png\" \/>\n\t<meta property=\"og:image:width\" content=\"1142\" \/>\n\t<meta property=\"og:image:height\" content=\"1162\" \/>\n\t<meta property=\"og:image:type\" content=\"image\/png\" \/>\n<meta name=\"twitter:card\" content=\"summary_large_image\" \/>\n<meta name=\"twitter:label1\" content=\"Estimated reading time\" \/>\n\t<meta name=\"twitter:data1\" content=\"2 minutes\" \/>\n<script type=\"application\/ld+json\" class=\"yoast-schema-graph\">{\"@context\":\"https:\\\/\\\/schema.org\",\"@graph\":[{\"@type\":[\"WebPage\",\"ItemPage\"],\"@id\":\"http:\\\/\\\/ruuby.ee\\\/pood\\\/aksessuaarid\\\/kiirelt-kuivavad-ratikud-ponchod\\\/ponchod\\\/dock-bay-laste-kapuutsiga-pontsod-coastal-candy\\\/\",\"url\":\"http:\\\/\\\/ruuby.ee\\\/pood\\\/aksessuaarid\\\/kiirelt-kuivavad-ratikud-ponchod\\\/ponchod\\\/dock-bay-laste-kapuutsiga-pontsod-coastal-candy\\\/\",\"name\":\"Dock & Bay, laste kapuutsiga pont\u0161o r\u00e4tik, Coastal Candy - RUUBY\",\"isPartOf\":{\"@id\":\"http:\\\/\\\/ruuby.ee\\\/en\\\/#website\"},\"primaryImageOfPage\":{\"@id\":\"http:\\\/\\\/ruuby.ee\\\/pood\\\/aksessuaarid\\\/kiirelt-kuivavad-ratikud-ponchod\\\/ponchod\\\/dock-bay-laste-kapuutsiga-pontsod-coastal-candy\\\/#primaryimage\"},\"image\":{\"@id\":\"http:\\\/\\\/ruuby.ee\\\/pood\\\/aksessuaarid\\\/kiirelt-kuivavad-ratikud-ponchod\\\/ponchod\\\/dock-bay-laste-kapuutsiga-pontsod-coastal-candy\\\/#primaryimage\"},\"thumbnailUrl\":\"https:\\\/\\\/ruuby.ee\\\/wp-content\\\/uploads\\\/2025\\\/03\\\/Screenshot-2025-03-13-at-19.03.19.png\",\"datePublished\":\"2025-03-13T17:01:25+00:00\",\"dateModified\":\"2026-04-07T22:28:27+00:00\",\"breadcrumb\":{\"@id\":\"http:\\\/\\\/ruuby.ee\\\/pood\\\/aksessuaarid\\\/kiirelt-kuivavad-ratikud-ponchod\\\/ponchod\\\/dock-bay-laste-kapuutsiga-pontsod-coastal-candy\\\/#breadcrumb\"},\"inLanguage\":\"en-GB\",\"potentialAction\":[{\"@type\":\"ReadAction\",\"target\":[\"http:\\\/\\\/ruuby.ee\\\/pood\\\/aksessuaarid\\\/kiirelt-kuivavad-ratikud-ponchod\\\/ponchod\\\/dock-bay-laste-kapuutsiga-pontsod-coastal-candy\\\/\"]}]},{\"@type\":\"ImageObject\",\"inLanguage\":\"en-GB\",\"@id\":\"http:\\\/\\\/ruuby.ee\\\/pood\\\/aksessuaarid\\\/kiirelt-kuivavad-ratikud-ponchod\\\/ponchod\\\/dock-bay-laste-kapuutsiga-pontsod-coastal-candy\\\/#primaryimage\",\"url\":\"https:\\\/\\\/ruuby.ee\\\/wp-content\\\/uploads\\\/2025\\\/03\\\/Screenshot-2025-03-13-at-19.03.19.png\",\"contentUrl\":\"https:\\\/\\\/ruuby.ee\\\/wp-content\\\/uploads\\\/2025\\\/03\\\/Screenshot-2025-03-13-at-19.03.19.png\",\"width\":1142,\"height\":1162},{\"@type\":\"BreadcrumbList\",\"@id\":\"http:\\\/\\\/ruuby.ee\\\/pood\\\/aksessuaarid\\\/kiirelt-kuivavad-ratikud-ponchod\\\/ponchod\\\/dock-bay-laste-kapuutsiga-pontsod-coastal-candy\\\/#breadcrumb\",\"itemListElement\":[{\"@type\":\"ListItem\",\"position\":1,\"name\":\"Kdu\",\"item\":\"http:\\\/\\\/ruuby.ee\\\/en\\\/\"},{\"@type\":\"ListItem\",\"position\":2,\"name\":\"Pood\",\"item\":\"http:\\\/\\\/ruuby.ee\\\/en\\\/pood\\\/\"},{\"@type\":\"ListItem\",\"position\":3,\"name\":\"Dock &#038; Bay, laste kapuutsiga pont\u0161o r\u00e4tik, Coastal Candy\"}]},{\"@type\":\"WebSite\",\"@id\":\"http:\\\/\\\/ruuby.ee\\\/en\\\/#website\",\"url\":\"http:\\\/\\\/ruuby.ee\\\/en\\\/\",\"name\":\"RUUBY\",\"description\":\"Ruubys on \u00fchendatud elustiil ja disain\",\"publisher\":{\"@id\":\"http:\\\/\\\/ruuby.ee\\\/en\\\/#organization\"},\"alternateName\":\"Ruuby Disain\",\"potentialAction\":[{\"@type\":\"SearchAction\",\"target\":{\"@type\":\"EntryPoint\",\"urlTemplate\":\"http:\\\/\\\/ruuby.ee\\\/en\\\/?s={search_term_string}\"},\"query-input\":{\"@type\":\"PropertyValueSpecification\",\"valueRequired\":true,\"valueName\":\"search_term_string\"}}],\"inLanguage\":\"en-GB\"},{\"@type\":\"Organization\",\"@id\":\"http:\\\/\\\/ruuby.ee\\\/en\\\/#organization\",\"name\":\"Ruuby Disain O\u00dc\",\"alternateName\":\"Ruuby\",\"url\":\"http:\\\/\\\/ruuby.ee\\\/en\\\/\",\"logo\":{\"@type\":\"ImageObject\",\"inLanguage\":\"en-GB\",\"@id\":\"http:\\\/\\\/ruuby.ee\\\/en\\\/#\\\/schema\\\/logo\\\/image\\\/\",\"url\":\"https:\\\/\\\/ruuby.ee\\\/wp-content\\\/uploads\\\/2023\\\/06\\\/cropped-Black-White-Elegant-Circle-Signature-Fashion-Logo-12_large.png\",\"contentUrl\":\"https:\\\/\\\/ruuby.ee\\\/wp-content\\\/uploads\\\/2023\\\/06\\\/cropped-Black-White-Elegant-Circle-Signature-Fashion-Logo-12_large.png\",\"width\":1280,\"height\":747,\"caption\":\"Ruuby Disain O\u00dc\"},\"image\":{\"@id\":\"http:\\\/\\\/ruuby.ee\\\/en\\\/#\\\/schema\\\/logo\\\/image\\\/\"},\"sameAs\":[\"https:\\\/\\\/www.facebook.com\\\/ruubyconcept\",\"https:\\\/\\\/www.instagram.com\\\/ruuby_concept\\\/\"]}]}<\/script>\n<!-- \/ Yoast SEO plugin. -->","yoast_head_json":{"title":"Dock & Bay, laste kapuutsiga pont\u0161o r\u00e4tik, Coastal Candy - RUUBY","robots":{"index":"index","follow":"follow","max-snippet":"max-snippet:-1","max-image-preview":"max-image-preview:large","max-video-preview":"max-video-preview:-1"},"canonical":"http:\/\/ruuby.ee\/en\/pood\/aksessuaarid\/kiirelt-kuivavad-ratikud-ponchod\/ponchod\/dock-bay-laste-kapuutsiga-pontsod-coastal-candy\/","og_locale":"en_GB","og_type":"article","og_title":"Dock & Bay, laste kapuutsiga pont\u0161o r\u00e4tik, Coastal Candy - RUUBY","og_description":"Kiirelt kuivavad, kompaktsed, t\u00e4iuslikud pont\u0161od, mis on valmistatud 100% taaskasutatud materjalidest.  Hoidke lapsed soojas ja liivavabana p\u00e4rast meres, basseini \u00e4\u00e4res v\u00f5i kodus sulistamist.  V\u00e4ikestele suure fantaasiaga seiklejatele. Sobitage need meie rannar\u00e4tikutega.","og_url":"http:\/\/ruuby.ee\/en\/pood\/aksessuaarid\/kiirelt-kuivavad-ratikud-ponchod\/ponchod\/dock-bay-laste-kapuutsiga-pontsod-coastal-candy\/","og_site_name":"RUUBY","article_publisher":"https:\/\/www.facebook.com\/ruubyconcept","article_modified_time":"2026-04-07T22:28:27+00:00","og_image":[{"width":1142,"height":1162,"url":"http:\/\/ruuby.ee\/wp-content\/uploads\/2025\/03\/Screenshot-2025-03-13-at-19.03.19.png","type":"image\/png"}],"twitter_card":"summary_large_image","twitter_misc":{"Estimated reading time":"2 minutes"},"schema":{"@context":"https:\/\/schema.org","@graph":[{"@type":["WebPage","ItemPage"],"@id":"http:\/\/ruuby.ee\/pood\/aksessuaarid\/kiirelt-kuivavad-ratikud-ponchod\/ponchod\/dock-bay-laste-kapuutsiga-pontsod-coastal-candy\/","url":"http:\/\/ruuby.ee\/pood\/aksessuaarid\/kiirelt-kuivavad-ratikud-ponchod\/ponchod\/dock-bay-laste-kapuutsiga-pontsod-coastal-candy\/","name":"Dock & Bay, laste kapuutsiga pont\u0161o r\u00e4tik, Coastal Candy - RUUBY","isPartOf":{"@id":"http:\/\/ruuby.ee\/en\/#website"},"primaryImageOfPage":{"@id":"http:\/\/ruuby.ee\/pood\/aksessuaarid\/kiirelt-kuivavad-ratikud-ponchod\/ponchod\/dock-bay-laste-kapuutsiga-pontsod-coastal-candy\/#primaryimage"},"image":{"@id":"http:\/\/ruuby.ee\/pood\/aksessuaarid\/kiirelt-kuivavad-ratikud-ponchod\/ponchod\/dock-bay-laste-kapuutsiga-pontsod-coastal-candy\/#primaryimage"},"thumbnailUrl":"https:\/\/ruuby.ee\/wp-content\/uploads\/2025\/03\/Screenshot-2025-03-13-at-19.03.19.png","datePublished":"2025-03-13T17:01:25+00:00","dateModified":"2026-04-07T22:28:27+00:00","breadcrumb":{"@id":"http:\/\/ruuby.ee\/pood\/aksessuaarid\/kiirelt-kuivavad-ratikud-ponchod\/ponchod\/dock-bay-laste-kapuutsiga-pontsod-coastal-candy\/#breadcrumb"},"inLanguage":"en-GB","potentialAction":[{"@type":"ReadAction","target":["http:\/\/ruuby.ee\/pood\/aksessuaarid\/kiirelt-kuivavad-ratikud-ponchod\/ponchod\/dock-bay-laste-kapuutsiga-pontsod-coastal-candy\/"]}]},{"@type":"ImageObject","inLanguage":"en-GB","@id":"http:\/\/ruuby.ee\/pood\/aksessuaarid\/kiirelt-kuivavad-ratikud-ponchod\/ponchod\/dock-bay-laste-kapuutsiga-pontsod-coastal-candy\/#primaryimage","url":"https:\/\/ruuby.ee\/wp-content\/uploads\/2025\/03\/Screenshot-2025-03-13-at-19.03.19.png","contentUrl":"https:\/\/ruuby.ee\/wp-content\/uploads\/2025\/03\/Screenshot-2025-03-13-at-19.03.19.png","width":1142,"height":1162},{"@type":"BreadcrumbList","@id":"http:\/\/ruuby.ee\/pood\/aksessuaarid\/kiirelt-kuivavad-ratikud-ponchod\/ponchod\/dock-bay-laste-kapuutsiga-pontsod-coastal-candy\/#breadcrumb","itemListElement":[{"@type":"ListItem","position":1,"name":"Kdu","item":"http:\/\/ruuby.ee\/en\/"},{"@type":"ListItem","position":2,"name":"Pood","item":"http:\/\/ruuby.ee\/en\/pood\/"},{"@type":"ListItem","position":3,"name":"Dock &#038; Bay, laste kapuutsiga pont\u0161o r\u00e4tik, Coastal Candy"}]},{"@type":"WebSite","@id":"http:\/\/ruuby.ee\/en\/#website","url":"http:\/\/ruuby.ee\/en\/","name":"RUUBY","description":"Ruubys on \u00fchendatud elustiil ja disain","publisher":{"@id":"http:\/\/ruuby.ee\/en\/#organization"},"alternateName":"Ruuby Disain","potentialAction":[{"@type":"SearchAction","target":{"@type":"EntryPoint","urlTemplate":"http:\/\/ruuby.ee\/en\/?s={search_term_string}"},"query-input":{"@type":"PropertyValueSpecification","valueRequired":true,"valueName":"search_term_string"}}],"inLanguage":"en-GB"},{"@type":"Organization","@id":"http:\/\/ruuby.ee\/en\/#organization","name":"Ruuby Disain O\u00dc","alternateName":"Ruuby","url":"http:\/\/ruuby.ee\/en\/","logo":{"@type":"ImageObject","inLanguage":"en-GB","@id":"http:\/\/ruuby.ee\/en\/#\/schema\/logo\/image\/","url":"https:\/\/ruuby.ee\/wp-content\/uploads\/2023\/06\/cropped-Black-White-Elegant-Circle-Signature-Fashion-Logo-12_large.png","contentUrl":"https:\/\/ruuby.ee\/wp-content\/uploads\/2023\/06\/cropped-Black-White-Elegant-Circle-Signature-Fashion-Logo-12_large.png","width":1280,"height":747,"caption":"Ruuby Disain O\u00dc"},"image":{"@id":"http:\/\/ruuby.ee\/en\/#\/schema\/logo\/image\/"},"sameAs":["https:\/\/www.facebook.com\/ruubyconcept","https:\/\/www.instagram.com\/ruuby_concept\/"]}]}},"jetpack_sharing_enabled":true,"_links":{"self":[{"href":"https:\/\/ruuby.ee\/en\/wp-json\/wp\/v2\/product\/1852144","targetHints":{"allow":["GET"]}}],"collection":[{"href":"https:\/\/ruuby.ee\/en\/wp-json\/wp\/v2\/product"}],"about":[{"href":"https:\/\/ruuby.ee\/en\/wp-json\/wp\/v2\/types\/product"}],"replies":[{"embeddable":true,"href":"https:\/\/ruuby.ee\/en\/wp-json\/wp\/v2\/comments?post=1852144"}],"wp:featuredmedia":[{"embeddable":true,"href":"https:\/\/ruuby.ee\/en\/wp-json\/wp\/v2\/media\/1852149"}],"wp:attachment":[{"href":"https:\/\/ruuby.ee\/en\/wp-json\/wp\/v2\/media?parent=1852144"}],"wp:term":[{"taxonomy":"product_brand","embeddable":true,"href":"https:\/\/ruuby.ee\/en\/wp-json\/wp\/v2\/product_brand?post=1852144"},{"taxonomy":"product_cat","embeddable":true,"href":"https:\/\/ruuby.ee\/en\/wp-json\/wp\/v2\/product_cat?post=1852144"},{"taxonomy":"product_tag","embeddable":true,"href":"https:\/\/ruuby.ee\/en\/wp-json\/wp\/v2\/product_tag?post=1852144"}],"curies":[{"name":"wp","href":"https:\/\/api.w.org\/{rel}","templated":true}]}}