{"id":1852092,"date":"2025-03-13T16:38:06","date_gmt":"2025-03-13T14:38:06","guid":{"rendered":"http:\/\/ruuby.ee\/?post_type=product&#038;p=1852092"},"modified":"2026-04-08T01:28:27","modified_gmt":"2026-04-07T22:28:27","slug":"dock-bay-kiirelt-kuivavad-ratikud-wild-things","status":"publish","type":"product","link":"https:\/\/ruuby.ee\/en\/pood\/aksessuaarid\/kiirelt-kuivavad-ratikud-ponchod\/rannaratikud\/dock-bay-kiirelt-kuivavad-ratikud-wild-things\/","title":{"rendered":"Dock &#038; Bay kiirelt kuivavad r\u00e4tikud &#8211; Wild Things"},"content":{"rendered":"<p>Kui kasutate endiselt traditsioonilist r\u00e4tikut, siis te soovite seda lugeda &#8230;<br \/>\nMis teeb just need r\u00e4tikud nii headeks?<\/p>\n<ol>\n<li>Kiiresti kuivavad \u2013 rannar\u00e4tikud, mis kuivavad 3x kiiremini kui puuvill<\/li>\n<li>Igavesti v\u00e4rske \u2013 ei ole enam niisket l\u00f5hna ega m\u00e4rga tunnet<\/li>\n<li>Valmistatud 100% taaskasutatud plastpudelitest<\/li>\n<li>Kerge ja kompaktne \u2013 ideaalne reisijatele ja avastajatele<\/li>\n<li>T\u00f5rjub liiva \u2013 ainulaadne silmusteta kangas, nii et liiv rappub maha<\/li>\n<li>Imav \u2013 need t\u00f5esti kuivatavad<\/li>\n<li>Tasuta kott \u2013 kandke oma r\u00e4tikut oma v\u00e4ikeses sobivas kotis, mis tuleb komplektiga kaasa<\/li>\n<li>Sertifitseeritud B Corp \u2013 see t\u00e4hendab, et nad on paremad!<\/li>\n<li>Valmistatud 83% pol\u00fcestrist, 17% pol\u00fcamiidist<\/li>\n<\/ol>\n<p>K\u00f5ik tooted on valmistatud 100% ringlussev\u00f5etud tarbimisj\u00e4rgsetest plastpudelitest, mis muidu oleks j\u00e4\u00e4nud planeedi reostama. Iga rannar\u00e4tiku valmistamiseks on taaskasutatud v\u00e4hemalt 28 plastpudelit. Mugavuse osas pole j\u00e4releandmisi tehtud \u2013 meie tooted s\u00e4ilitavad endiselt oma luksusliku tunde.<\/p>\n<p><img decoding=\"async\" class=\"\" src=\"https:\/\/cdn.shopify.com\/s\/files\/1\/0289\/4174\/6260\/files\/Sustainability_2.png?v=1688470303\" alt=\"Sustainability\" width=\"283\" height=\"136\" \/><\/p>\n<p><strong>Kus kasutad sina enda oma?<\/strong><\/p>\n<p>Matkamisel, l\u00f5\u00f5gastudes, rannas, basseini \u00e4\u00e4res, reisides&#8230;..<\/p>\n<p><img fetchpriority=\"high\" decoding=\"async\" class=\"alignnone size-medium wp-image-1852014\" src=\"https:\/\/koopia.ruuby.ee\/wp-content\/uploads\/2025\/03\/Screenshot-2025-03-13-at-15.51.51-234x300.png\" alt=\"\" width=\"234\" height=\"300\" srcset=\"https:\/\/ruuby.ee\/wp-content\/uploads\/2025\/03\/Screenshot-2025-03-13-at-15.51.51-234x300.png 234w, https:\/\/ruuby.ee\/wp-content\/uploads\/2025\/03\/Screenshot-2025-03-13-at-15.51.51-798x1024.png 798w, https:\/\/ruuby.ee\/wp-content\/uploads\/2025\/03\/Screenshot-2025-03-13-at-15.51.51-768x986.png 768w, https:\/\/ruuby.ee\/wp-content\/uploads\/2025\/03\/Screenshot-2025-03-13-at-15.51.51-416x534.png 416w, https:\/\/ruuby.ee\/wp-content\/uploads\/2025\/03\/Screenshot-2025-03-13-at-15.51.51-64x82.png 64w, https:\/\/ruuby.ee\/wp-content\/uploads\/2025\/03\/Screenshot-2025-03-13-at-15.51.51.png 838w\" sizes=\"(max-width: 234px) 100vw, 234px\" \/> <img decoding=\"async\" class=\"alignnone size-medium wp-image-1852015\" src=\"https:\/\/koopia.ruuby.ee\/wp-content\/uploads\/2025\/03\/Screenshot-2025-03-13-at-15.51.58-240x300.png\" alt=\"\" width=\"240\" height=\"300\" srcset=\"https:\/\/ruuby.ee\/wp-content\/uploads\/2025\/03\/Screenshot-2025-03-13-at-15.51.58-240x300.png 240w, https:\/\/ruuby.ee\/wp-content\/uploads\/2025\/03\/Screenshot-2025-03-13-at-15.51.58-819x1024.png 819w, https:\/\/ruuby.ee\/wp-content\/uploads\/2025\/03\/Screenshot-2025-03-13-at-15.51.58-768x960.png 768w, https:\/\/ruuby.ee\/wp-content\/uploads\/2025\/03\/Screenshot-2025-03-13-at-15.51.58-416x520.png 416w, https:\/\/ruuby.ee\/wp-content\/uploads\/2025\/03\/Screenshot-2025-03-13-at-15.51.58-64x80.png 64w, https:\/\/ruuby.ee\/wp-content\/uploads\/2025\/03\/Screenshot-2025-03-13-at-15.51.58.png 838w\" sizes=\"(max-width: 240px) 100vw, 240px\" \/> <img loading=\"lazy\" decoding=\"async\" class=\"alignnone size-medium wp-image-1852016\" src=\"https:\/\/koopia.ruuby.ee\/wp-content\/uploads\/2025\/03\/Screenshot-2025-03-13-at-15.52.07-239x300.png\" alt=\"\" width=\"239\" height=\"300\" srcset=\"https:\/\/ruuby.ee\/wp-content\/uploads\/2025\/03\/Screenshot-2025-03-13-at-15.52.07-239x300.png 239w, https:\/\/ruuby.ee\/wp-content\/uploads\/2025\/03\/Screenshot-2025-03-13-at-15.52.07-815x1024.png 815w, https:\/\/ruuby.ee\/wp-content\/uploads\/2025\/03\/Screenshot-2025-03-13-at-15.52.07-768x965.png 768w, https:\/\/ruuby.ee\/wp-content\/uploads\/2025\/03\/Screenshot-2025-03-13-at-15.52.07-416x522.png 416w, https:\/\/ruuby.ee\/wp-content\/uploads\/2025\/03\/Screenshot-2025-03-13-at-15.52.07-64x80.png 64w, https:\/\/ruuby.ee\/wp-content\/uploads\/2025\/03\/Screenshot-2025-03-13-at-15.52.07.png 836w\" sizes=\"(max-width: 239px) 100vw, 239px\" \/> <img loading=\"lazy\" decoding=\"async\" class=\"alignnone size-medium wp-image-1852017\" src=\"https:\/\/koopia.ruuby.ee\/wp-content\/uploads\/2025\/03\/Screenshot-2025-03-13-at-15.52.16-246x300.png\" alt=\"\" width=\"246\" height=\"300\" srcset=\"https:\/\/ruuby.ee\/wp-content\/uploads\/2025\/03\/Screenshot-2025-03-13-at-15.52.16-246x300.png 246w, https:\/\/ruuby.ee\/wp-content\/uploads\/2025\/03\/Screenshot-2025-03-13-at-15.52.16-768x937.png 768w, https:\/\/ruuby.ee\/wp-content\/uploads\/2025\/03\/Screenshot-2025-03-13-at-15.52.16-416x508.png 416w, https:\/\/ruuby.ee\/wp-content\/uploads\/2025\/03\/Screenshot-2025-03-13-at-15.52.16-64x78.png 64w, https:\/\/ruuby.ee\/wp-content\/uploads\/2025\/03\/Screenshot-2025-03-13-at-15.52.16.png 836w\" sizes=\"(max-width: 246px) 100vw, 246px\" \/> <img loading=\"lazy\" decoding=\"async\" class=\"alignnone size-medium wp-image-1852018\" src=\"https:\/\/koopia.ruuby.ee\/wp-content\/uploads\/2025\/03\/Screenshot-2025-03-13-at-15.52.25-247x300.png\" alt=\"\" width=\"247\" height=\"300\" srcset=\"https:\/\/ruuby.ee\/wp-content\/uploads\/2025\/03\/Screenshot-2025-03-13-at-15.52.25-247x300.png 247w, https:\/\/ruuby.ee\/wp-content\/uploads\/2025\/03\/Screenshot-2025-03-13-at-15.52.25-768x933.png 768w, https:\/\/ruuby.ee\/wp-content\/uploads\/2025\/03\/Screenshot-2025-03-13-at-15.52.25-416x506.png 416w, https:\/\/ruuby.ee\/wp-content\/uploads\/2025\/03\/Screenshot-2025-03-13-at-15.52.25-64x78.png 64w, https:\/\/ruuby.ee\/wp-content\/uploads\/2025\/03\/Screenshot-2025-03-13-at-15.52.25.png 836w\" sizes=\"(max-width: 247px) 100vw, 247px\" \/><\/p>\n<p>&nbsp;<\/p>","protected":false},"excerpt":{"rendered":"<p>H\u00fcvasti niiske, liivane r\u00e4tik. Tere, kiiresti kuivavad r\u00e4tikud, mis l\u00f5hnavad alati v\u00e4rskelt ja j\u00e4\u00e4vad liivavabaks. Raputage see lihtsalt maha ja j\u00e4tke see randa, kuhu see kuulub.<\/p>\n<p>Kokkupandav, ruumis\u00e4\u00e4stlik ja igale poole kaasa v\u00f5etav. Lihtsalt libistage kaasasolevasse kotti ja oletegi valmis. Lihtne.<\/p>","protected":false},"featured_media":1852095,"comment_status":"closed","ping_status":"closed","template":"","meta":[],"product_brand":[],"product_cat":[43,999,22,1002,1000],"product_tag":[],"class_list":{"0":"post-1852092","1":"product","2":"type-product","3":"status-publish","4":"has-post-thumbnail","6":"product_cat-aksessuaarid","7":"product_cat-kiirelt-kuivavad-ratikud-ponchod","8":"product_cat-lapsed","9":"product_cat-laste-ratikud-ponchod","10":"product_cat-rannaratikud","12":"first","13":"outofstock","14":"taxable","15":"shipping-taxable","16":"purchasable","17":"product-type-variable","18":"rtwpvs-product"},"yoast_head":"<!-- This site is optimized with the Yoast SEO plugin v27.3 - https:\/\/yoast.com\/product\/yoast-seo-wordpress\/ -->\n<title>Dock &amp; Bay kiirelt kuivavad r\u00e4tikud - Wild Things - RUUBY<\/title>\n<meta name=\"robots\" content=\"index, follow, max-snippet:-1, max-image-preview:large, max-video-preview:-1\" \/>\n<link rel=\"canonical\" href=\"http:\/\/ruuby.ee\/en\/pood\/aksessuaarid\/kiirelt-kuivavad-ratikud-ponchod\/rannaratikud\/dock-bay-kiirelt-kuivavad-ratikud-wild-things\/\" \/>\n<meta property=\"og:locale\" content=\"en_GB\" \/>\n<meta property=\"og:type\" content=\"article\" \/>\n<meta property=\"og:title\" content=\"Dock &amp; Bay kiirelt kuivavad r\u00e4tikud - Wild Things - RUUBY\" \/>\n<meta property=\"og:description\" content=\"H\u00fcvasti niiske, liivane r\u00e4tik. Tere, kiiresti kuivavad r\u00e4tikud, mis l\u00f5hnavad alati v\u00e4rskelt ja j\u00e4\u00e4vad liivavabaks. Raputage see lihtsalt maha ja j\u00e4tke see randa, kuhu see kuulub.  Kokkupandav, ruumis\u00e4\u00e4stlik ja igale poole kaasa v\u00f5etav. Lihtsalt libistage kaasasolevasse kotti ja oletegi valmis. Lihtne.\" \/>\n<meta property=\"og:url\" content=\"http:\/\/ruuby.ee\/en\/pood\/aksessuaarid\/kiirelt-kuivavad-ratikud-ponchod\/rannaratikud\/dock-bay-kiirelt-kuivavad-ratikud-wild-things\/\" \/>\n<meta property=\"og:site_name\" content=\"RUUBY\" \/>\n<meta property=\"article:publisher\" content=\"https:\/\/www.facebook.com\/ruubyconcept\" \/>\n<meta property=\"article:modified_time\" content=\"2026-04-07T22:28:27+00:00\" \/>\n<meta property=\"og:image\" content=\"http:\/\/ruuby.ee\/wp-content\/uploads\/2025\/03\/Screenshot-2025-03-13-at-16.39.37-1019x1024.png\" \/>\n\t<meta property=\"og:image:width\" content=\"1019\" \/>\n\t<meta property=\"og:image:height\" content=\"1024\" \/>\n\t<meta property=\"og:image:type\" content=\"image\/png\" \/>\n<meta name=\"twitter:card\" content=\"summary_large_image\" \/>\n<meta name=\"twitter:label1\" content=\"Estimated reading time\" \/>\n\t<meta name=\"twitter:data1\" content=\"3 minutes\" \/>\n<script type=\"application\/ld+json\" class=\"yoast-schema-graph\">{\"@context\":\"https:\\\/\\\/schema.org\",\"@graph\":[{\"@type\":[\"WebPage\",\"ItemPage\"],\"@id\":\"http:\\\/\\\/ruuby.ee\\\/pood\\\/aksessuaarid\\\/kiirelt-kuivavad-ratikud-ponchod\\\/rannaratikud\\\/dock-bay-kiirelt-kuivavad-ratikud-wild-things\\\/\",\"url\":\"http:\\\/\\\/ruuby.ee\\\/pood\\\/aksessuaarid\\\/kiirelt-kuivavad-ratikud-ponchod\\\/rannaratikud\\\/dock-bay-kiirelt-kuivavad-ratikud-wild-things\\\/\",\"name\":\"Dock & Bay kiirelt kuivavad r\u00e4tikud - Wild Things - RUUBY\",\"isPartOf\":{\"@id\":\"http:\\\/\\\/ruuby.ee\\\/en\\\/#website\"},\"primaryImageOfPage\":{\"@id\":\"http:\\\/\\\/ruuby.ee\\\/pood\\\/aksessuaarid\\\/kiirelt-kuivavad-ratikud-ponchod\\\/rannaratikud\\\/dock-bay-kiirelt-kuivavad-ratikud-wild-things\\\/#primaryimage\"},\"image\":{\"@id\":\"http:\\\/\\\/ruuby.ee\\\/pood\\\/aksessuaarid\\\/kiirelt-kuivavad-ratikud-ponchod\\\/rannaratikud\\\/dock-bay-kiirelt-kuivavad-ratikud-wild-things\\\/#primaryimage\"},\"thumbnailUrl\":\"https:\\\/\\\/ruuby.ee\\\/wp-content\\\/uploads\\\/2025\\\/03\\\/Screenshot-2025-03-13-at-16.39.37.png\",\"datePublished\":\"2025-03-13T14:38:06+00:00\",\"dateModified\":\"2026-04-07T22:28:27+00:00\",\"breadcrumb\":{\"@id\":\"http:\\\/\\\/ruuby.ee\\\/pood\\\/aksessuaarid\\\/kiirelt-kuivavad-ratikud-ponchod\\\/rannaratikud\\\/dock-bay-kiirelt-kuivavad-ratikud-wild-things\\\/#breadcrumb\"},\"inLanguage\":\"en-GB\",\"potentialAction\":[{\"@type\":\"ReadAction\",\"target\":[\"http:\\\/\\\/ruuby.ee\\\/pood\\\/aksessuaarid\\\/kiirelt-kuivavad-ratikud-ponchod\\\/rannaratikud\\\/dock-bay-kiirelt-kuivavad-ratikud-wild-things\\\/\"]}]},{\"@type\":\"ImageObject\",\"inLanguage\":\"en-GB\",\"@id\":\"http:\\\/\\\/ruuby.ee\\\/pood\\\/aksessuaarid\\\/kiirelt-kuivavad-ratikud-ponchod\\\/rannaratikud\\\/dock-bay-kiirelt-kuivavad-ratikud-wild-things\\\/#primaryimage\",\"url\":\"https:\\\/\\\/ruuby.ee\\\/wp-content\\\/uploads\\\/2025\\\/03\\\/Screenshot-2025-03-13-at-16.39.37.png\",\"contentUrl\":\"https:\\\/\\\/ruuby.ee\\\/wp-content\\\/uploads\\\/2025\\\/03\\\/Screenshot-2025-03-13-at-16.39.37.png\",\"width\":1158,\"height\":1164},{\"@type\":\"BreadcrumbList\",\"@id\":\"http:\\\/\\\/ruuby.ee\\\/pood\\\/aksessuaarid\\\/kiirelt-kuivavad-ratikud-ponchod\\\/rannaratikud\\\/dock-bay-kiirelt-kuivavad-ratikud-wild-things\\\/#breadcrumb\",\"itemListElement\":[{\"@type\":\"ListItem\",\"position\":1,\"name\":\"Kdu\",\"item\":\"http:\\\/\\\/ruuby.ee\\\/en\\\/\"},{\"@type\":\"ListItem\",\"position\":2,\"name\":\"Pood\",\"item\":\"http:\\\/\\\/ruuby.ee\\\/en\\\/pood\\\/\"},{\"@type\":\"ListItem\",\"position\":3,\"name\":\"Dock &#038; Bay kiirelt kuivavad r\u00e4tikud &#8211; Wild Things\"}]},{\"@type\":\"WebSite\",\"@id\":\"http:\\\/\\\/ruuby.ee\\\/en\\\/#website\",\"url\":\"http:\\\/\\\/ruuby.ee\\\/en\\\/\",\"name\":\"RUUBY\",\"description\":\"Ruubys on \u00fchendatud elustiil ja disain\",\"publisher\":{\"@id\":\"http:\\\/\\\/ruuby.ee\\\/en\\\/#organization\"},\"alternateName\":\"Ruuby Disain\",\"potentialAction\":[{\"@type\":\"SearchAction\",\"target\":{\"@type\":\"EntryPoint\",\"urlTemplate\":\"http:\\\/\\\/ruuby.ee\\\/en\\\/?s={search_term_string}\"},\"query-input\":{\"@type\":\"PropertyValueSpecification\",\"valueRequired\":true,\"valueName\":\"search_term_string\"}}],\"inLanguage\":\"en-GB\"},{\"@type\":\"Organization\",\"@id\":\"http:\\\/\\\/ruuby.ee\\\/en\\\/#organization\",\"name\":\"Ruuby Disain O\u00dc\",\"alternateName\":\"Ruuby\",\"url\":\"http:\\\/\\\/ruuby.ee\\\/en\\\/\",\"logo\":{\"@type\":\"ImageObject\",\"inLanguage\":\"en-GB\",\"@id\":\"http:\\\/\\\/ruuby.ee\\\/en\\\/#\\\/schema\\\/logo\\\/image\\\/\",\"url\":\"https:\\\/\\\/ruuby.ee\\\/wp-content\\\/uploads\\\/2023\\\/06\\\/cropped-Black-White-Elegant-Circle-Signature-Fashion-Logo-12_large.png\",\"contentUrl\":\"https:\\\/\\\/ruuby.ee\\\/wp-content\\\/uploads\\\/2023\\\/06\\\/cropped-Black-White-Elegant-Circle-Signature-Fashion-Logo-12_large.png\",\"width\":1280,\"height\":747,\"caption\":\"Ruuby Disain O\u00dc\"},\"image\":{\"@id\":\"http:\\\/\\\/ruuby.ee\\\/en\\\/#\\\/schema\\\/logo\\\/image\\\/\"},\"sameAs\":[\"https:\\\/\\\/www.facebook.com\\\/ruubyconcept\",\"https:\\\/\\\/www.instagram.com\\\/ruuby_concept\\\/\"]}]}<\/script>\n<!-- \/ Yoast SEO plugin. -->","yoast_head_json":{"title":"Dock & Bay kiirelt kuivavad r\u00e4tikud - Wild Things - RUUBY","robots":{"index":"index","follow":"follow","max-snippet":"max-snippet:-1","max-image-preview":"max-image-preview:large","max-video-preview":"max-video-preview:-1"},"canonical":"http:\/\/ruuby.ee\/en\/pood\/aksessuaarid\/kiirelt-kuivavad-ratikud-ponchod\/rannaratikud\/dock-bay-kiirelt-kuivavad-ratikud-wild-things\/","og_locale":"en_GB","og_type":"article","og_title":"Dock & Bay kiirelt kuivavad r\u00e4tikud - Wild Things - RUUBY","og_description":"H\u00fcvasti niiske, liivane r\u00e4tik. Tere, kiiresti kuivavad r\u00e4tikud, mis l\u00f5hnavad alati v\u00e4rskelt ja j\u00e4\u00e4vad liivavabaks. Raputage see lihtsalt maha ja j\u00e4tke see randa, kuhu see kuulub.  Kokkupandav, ruumis\u00e4\u00e4stlik ja igale poole kaasa v\u00f5etav. Lihtsalt libistage kaasasolevasse kotti ja oletegi valmis. Lihtne.","og_url":"http:\/\/ruuby.ee\/en\/pood\/aksessuaarid\/kiirelt-kuivavad-ratikud-ponchod\/rannaratikud\/dock-bay-kiirelt-kuivavad-ratikud-wild-things\/","og_site_name":"RUUBY","article_publisher":"https:\/\/www.facebook.com\/ruubyconcept","article_modified_time":"2026-04-07T22:28:27+00:00","og_image":[{"width":1019,"height":1024,"url":"http:\/\/ruuby.ee\/wp-content\/uploads\/2025\/03\/Screenshot-2025-03-13-at-16.39.37-1019x1024.png","type":"image\/png"}],"twitter_card":"summary_large_image","twitter_misc":{"Estimated reading time":"3 minutes"},"schema":{"@context":"https:\/\/schema.org","@graph":[{"@type":["WebPage","ItemPage"],"@id":"http:\/\/ruuby.ee\/pood\/aksessuaarid\/kiirelt-kuivavad-ratikud-ponchod\/rannaratikud\/dock-bay-kiirelt-kuivavad-ratikud-wild-things\/","url":"http:\/\/ruuby.ee\/pood\/aksessuaarid\/kiirelt-kuivavad-ratikud-ponchod\/rannaratikud\/dock-bay-kiirelt-kuivavad-ratikud-wild-things\/","name":"Dock & Bay kiirelt kuivavad r\u00e4tikud - Wild Things - RUUBY","isPartOf":{"@id":"http:\/\/ruuby.ee\/en\/#website"},"primaryImageOfPage":{"@id":"http:\/\/ruuby.ee\/pood\/aksessuaarid\/kiirelt-kuivavad-ratikud-ponchod\/rannaratikud\/dock-bay-kiirelt-kuivavad-ratikud-wild-things\/#primaryimage"},"image":{"@id":"http:\/\/ruuby.ee\/pood\/aksessuaarid\/kiirelt-kuivavad-ratikud-ponchod\/rannaratikud\/dock-bay-kiirelt-kuivavad-ratikud-wild-things\/#primaryimage"},"thumbnailUrl":"https:\/\/ruuby.ee\/wp-content\/uploads\/2025\/03\/Screenshot-2025-03-13-at-16.39.37.png","datePublished":"2025-03-13T14:38:06+00:00","dateModified":"2026-04-07T22:28:27+00:00","breadcrumb":{"@id":"http:\/\/ruuby.ee\/pood\/aksessuaarid\/kiirelt-kuivavad-ratikud-ponchod\/rannaratikud\/dock-bay-kiirelt-kuivavad-ratikud-wild-things\/#breadcrumb"},"inLanguage":"en-GB","potentialAction":[{"@type":"ReadAction","target":["http:\/\/ruuby.ee\/pood\/aksessuaarid\/kiirelt-kuivavad-ratikud-ponchod\/rannaratikud\/dock-bay-kiirelt-kuivavad-ratikud-wild-things\/"]}]},{"@type":"ImageObject","inLanguage":"en-GB","@id":"http:\/\/ruuby.ee\/pood\/aksessuaarid\/kiirelt-kuivavad-ratikud-ponchod\/rannaratikud\/dock-bay-kiirelt-kuivavad-ratikud-wild-things\/#primaryimage","url":"https:\/\/ruuby.ee\/wp-content\/uploads\/2025\/03\/Screenshot-2025-03-13-at-16.39.37.png","contentUrl":"https:\/\/ruuby.ee\/wp-content\/uploads\/2025\/03\/Screenshot-2025-03-13-at-16.39.37.png","width":1158,"height":1164},{"@type":"BreadcrumbList","@id":"http:\/\/ruuby.ee\/pood\/aksessuaarid\/kiirelt-kuivavad-ratikud-ponchod\/rannaratikud\/dock-bay-kiirelt-kuivavad-ratikud-wild-things\/#breadcrumb","itemListElement":[{"@type":"ListItem","position":1,"name":"Kdu","item":"http:\/\/ruuby.ee\/en\/"},{"@type":"ListItem","position":2,"name":"Pood","item":"http:\/\/ruuby.ee\/en\/pood\/"},{"@type":"ListItem","position":3,"name":"Dock &#038; Bay kiirelt kuivavad r\u00e4tikud &#8211; Wild Things"}]},{"@type":"WebSite","@id":"http:\/\/ruuby.ee\/en\/#website","url":"http:\/\/ruuby.ee\/en\/","name":"RUUBY","description":"Ruubys on \u00fchendatud elustiil ja disain","publisher":{"@id":"http:\/\/ruuby.ee\/en\/#organization"},"alternateName":"Ruuby Disain","potentialAction":[{"@type":"SearchAction","target":{"@type":"EntryPoint","urlTemplate":"http:\/\/ruuby.ee\/en\/?s={search_term_string}"},"query-input":{"@type":"PropertyValueSpecification","valueRequired":true,"valueName":"search_term_string"}}],"inLanguage":"en-GB"},{"@type":"Organization","@id":"http:\/\/ruuby.ee\/en\/#organization","name":"Ruuby Disain O\u00dc","alternateName":"Ruuby","url":"http:\/\/ruuby.ee\/en\/","logo":{"@type":"ImageObject","inLanguage":"en-GB","@id":"http:\/\/ruuby.ee\/en\/#\/schema\/logo\/image\/","url":"https:\/\/ruuby.ee\/wp-content\/uploads\/2023\/06\/cropped-Black-White-Elegant-Circle-Signature-Fashion-Logo-12_large.png","contentUrl":"https:\/\/ruuby.ee\/wp-content\/uploads\/2023\/06\/cropped-Black-White-Elegant-Circle-Signature-Fashion-Logo-12_large.png","width":1280,"height":747,"caption":"Ruuby Disain O\u00dc"},"image":{"@id":"http:\/\/ruuby.ee\/en\/#\/schema\/logo\/image\/"},"sameAs":["https:\/\/www.facebook.com\/ruubyconcept","https:\/\/www.instagram.com\/ruuby_concept\/"]}]}},"jetpack_sharing_enabled":true,"_links":{"self":[{"href":"https:\/\/ruuby.ee\/en\/wp-json\/wp\/v2\/product\/1852092","targetHints":{"allow":["GET"]}}],"collection":[{"href":"https:\/\/ruuby.ee\/en\/wp-json\/wp\/v2\/product"}],"about":[{"href":"https:\/\/ruuby.ee\/en\/wp-json\/wp\/v2\/types\/product"}],"replies":[{"embeddable":true,"href":"https:\/\/ruuby.ee\/en\/wp-json\/wp\/v2\/comments?post=1852092"}],"wp:featuredmedia":[{"embeddable":true,"href":"https:\/\/ruuby.ee\/en\/wp-json\/wp\/v2\/media\/1852095"}],"wp:attachment":[{"href":"https:\/\/ruuby.ee\/en\/wp-json\/wp\/v2\/media?parent=1852092"}],"wp:term":[{"taxonomy":"product_brand","embeddable":true,"href":"https:\/\/ruuby.ee\/en\/wp-json\/wp\/v2\/product_brand?post=1852092"},{"taxonomy":"product_cat","embeddable":true,"href":"https:\/\/ruuby.ee\/en\/wp-json\/wp\/v2\/product_cat?post=1852092"},{"taxonomy":"product_tag","embeddable":true,"href":"https:\/\/ruuby.ee\/en\/wp-json\/wp\/v2\/product_tag?post=1852092"}],"curies":[{"name":"wp","href":"https:\/\/api.w.org\/{rel}","templated":true}]}}