{"id":1851882,"date":"2025-03-12T18:32:35","date_gmt":"2025-03-12T16:32:35","guid":{"rendered":"http:\/\/ruuby.ee\/?post_type=product&#038;p=1851882"},"modified":"2026-04-08T01:28:28","modified_gmt":"2026-04-07T22:28:28","slug":"bloomingville-roccas-kohvilaud-pruun-polurotang","status":"publish","type":"product","link":"https:\/\/ruuby.ee\/en\/pood\/kodusisustus\/ouemoobel\/bloomingville-roccas-kohvilaud-pruun-polurotang\/","title":{"rendered":"Bloomingville, Roccas kohvilaud, pruun, pol\u00fcrotang"},"content":{"rendered":"<p>Bloomingville&#8217;i kohvilaud Roccas on elegantne ja k\u00e4\u00e4nuline \u00f5uelaud, millel on hubane rotangist v\u00e4limus. Tegelikult on see valmistatud pol\u00fcrotangist, mis muudab laua v\u00e4ga vastupidavaks muutuvatele ilmastikutingimustele. Kasutage seda k\u00fclglaua v\u00f5i pjedestaalina nii siseruumides kui ka v\u00e4ljas.<\/p>\n<p>Raam on k\u00fclmakindel. Otsese p\u00e4ikesevalguse k\u00e4es asetamisel v\u00f5ib aja jooksul tekkida v\u00e4rvi tuhmumine.<\/p>\n<p>M\u00f5\u00f5dud: D53xH52 cm<\/p>\n<p>Max. kandev\u00f5ime: 30 kg.<\/p>\n<p>&nbsp;<\/p>","protected":false},"excerpt":{"rendered":"<p>Mis on parem kui leida see t\u00e4iuslik \u00f5ue tugitool?<\/p>\n<p>Tellimuse tarne 2 n\u00e4dalat.<\/p>","protected":false},"featured_media":1851880,"comment_status":"closed","ping_status":"closed","template":"","meta":[],"product_brand":[],"product_cat":[42,641],"product_tag":[],"class_list":{"0":"post-1851882","1":"product","2":"type-product","3":"status-publish","4":"has-post-thumbnail","6":"product_cat-kodusisustus","7":"product_cat-ouemoobel","9":"first","10":"onbackorder","11":"taxable","12":"shipping-taxable","13":"purchasable","14":"product-type-simple"},"yoast_head":"<!-- This site is optimized with the Yoast SEO plugin v27.3 - https:\/\/yoast.com\/product\/yoast-seo-wordpress\/ -->\n<title>Bloomingville, Roccas kohvilaud, pruun, pol\u00fcrotang - RUUBY<\/title>\n<meta name=\"robots\" content=\"index, follow, max-snippet:-1, max-image-preview:large, max-video-preview:-1\" \/>\n<link rel=\"canonical\" href=\"https:\/\/ruuby.ee\/en\/pood\/kodusisustus\/ouemoobel\/bloomingville-roccas-kohvilaud-pruun-polurotang\/\" \/>\n<meta property=\"og:locale\" content=\"en_GB\" \/>\n<meta property=\"og:type\" content=\"article\" \/>\n<meta property=\"og:title\" content=\"Bloomingville, Roccas kohvilaud, pruun, pol\u00fcrotang - RUUBY\" \/>\n<meta property=\"og:description\" content=\"Mis on parem kui leida see t\u00e4iuslik \u00f5ue tugitool?  Tellimuse tarne 2 n\u00e4dalat.\" \/>\n<meta property=\"og:url\" content=\"https:\/\/ruuby.ee\/en\/pood\/kodusisustus\/ouemoobel\/bloomingville-roccas-kohvilaud-pruun-polurotang\/\" \/>\n<meta property=\"og:site_name\" content=\"RUUBY\" \/>\n<meta property=\"article:publisher\" content=\"https:\/\/www.facebook.com\/ruubyconcept\" \/>\n<meta property=\"article:modified_time\" content=\"2026-04-07T22:28:28+00:00\" \/>\n<meta property=\"og:image\" content=\"https:\/\/ruuby.ee\/wp-content\/uploads\/2025\/03\/Screenshot-2025-03-12-at-18.29.43.png\" \/>\n\t<meta property=\"og:image:width\" content=\"1134\" \/>\n\t<meta property=\"og:image:height\" content=\"1100\" \/>\n\t<meta property=\"og:image:type\" content=\"image\/png\" \/>\n<meta name=\"twitter:card\" content=\"summary_large_image\" \/>\n<meta name=\"twitter:label1\" content=\"Estimated reading time\" \/>\n\t<meta name=\"twitter:data1\" content=\"1 minute\" \/>\n<script type=\"application\/ld+json\" class=\"yoast-schema-graph\">{\"@context\":\"https:\\\/\\\/schema.org\",\"@graph\":[{\"@type\":[\"WebPage\",\"ItemPage\"],\"@id\":\"https:\\\/\\\/ruuby.ee\\\/pood\\\/kodusisustus\\\/ouemoobel\\\/bloomingville-roccas-kohvilaud-pruun-polurotang\\\/\",\"url\":\"https:\\\/\\\/ruuby.ee\\\/pood\\\/kodusisustus\\\/ouemoobel\\\/bloomingville-roccas-kohvilaud-pruun-polurotang\\\/\",\"name\":\"Bloomingville, Roccas kohvilaud, pruun, pol\u00fcrotang - RUUBY\",\"isPartOf\":{\"@id\":\"https:\\\/\\\/ruuby.ee\\\/en\\\/#website\"},\"primaryImageOfPage\":{\"@id\":\"https:\\\/\\\/ruuby.ee\\\/pood\\\/kodusisustus\\\/ouemoobel\\\/bloomingville-roccas-kohvilaud-pruun-polurotang\\\/#primaryimage\"},\"image\":{\"@id\":\"https:\\\/\\\/ruuby.ee\\\/pood\\\/kodusisustus\\\/ouemoobel\\\/bloomingville-roccas-kohvilaud-pruun-polurotang\\\/#primaryimage\"},\"thumbnailUrl\":\"https:\\\/\\\/ruuby.ee\\\/wp-content\\\/uploads\\\/2025\\\/03\\\/Screenshot-2025-03-12-at-18.29.43.png\",\"datePublished\":\"2025-03-12T16:32:35+00:00\",\"dateModified\":\"2026-04-07T22:28:28+00:00\",\"breadcrumb\":{\"@id\":\"https:\\\/\\\/ruuby.ee\\\/pood\\\/kodusisustus\\\/ouemoobel\\\/bloomingville-roccas-kohvilaud-pruun-polurotang\\\/#breadcrumb\"},\"inLanguage\":\"en-GB\",\"potentialAction\":[{\"@type\":\"ReadAction\",\"target\":[\"https:\\\/\\\/ruuby.ee\\\/pood\\\/kodusisustus\\\/ouemoobel\\\/bloomingville-roccas-kohvilaud-pruun-polurotang\\\/\"]}]},{\"@type\":\"ImageObject\",\"inLanguage\":\"en-GB\",\"@id\":\"https:\\\/\\\/ruuby.ee\\\/pood\\\/kodusisustus\\\/ouemoobel\\\/bloomingville-roccas-kohvilaud-pruun-polurotang\\\/#primaryimage\",\"url\":\"https:\\\/\\\/ruuby.ee\\\/wp-content\\\/uploads\\\/2025\\\/03\\\/Screenshot-2025-03-12-at-18.29.43.png\",\"contentUrl\":\"https:\\\/\\\/ruuby.ee\\\/wp-content\\\/uploads\\\/2025\\\/03\\\/Screenshot-2025-03-12-at-18.29.43.png\",\"width\":1134,\"height\":1100},{\"@type\":\"BreadcrumbList\",\"@id\":\"https:\\\/\\\/ruuby.ee\\\/pood\\\/kodusisustus\\\/ouemoobel\\\/bloomingville-roccas-kohvilaud-pruun-polurotang\\\/#breadcrumb\",\"itemListElement\":[{\"@type\":\"ListItem\",\"position\":1,\"name\":\"Kdu\",\"item\":\"https:\\\/\\\/ruuby.ee\\\/en\\\/\"},{\"@type\":\"ListItem\",\"position\":2,\"name\":\"Pood\",\"item\":\"http:\\\/\\\/ruuby.ee\\\/en\\\/pood\\\/\"},{\"@type\":\"ListItem\",\"position\":3,\"name\":\"Bloomingville, Roccas kohvilaud, pruun, pol\u00fcrotang\"}]},{\"@type\":\"WebSite\",\"@id\":\"https:\\\/\\\/ruuby.ee\\\/en\\\/#website\",\"url\":\"https:\\\/\\\/ruuby.ee\\\/en\\\/\",\"name\":\"RUUBY\",\"description\":\"Ruubys on \u00fchendatud elustiil ja disain\",\"publisher\":{\"@id\":\"https:\\\/\\\/ruuby.ee\\\/en\\\/#organization\"},\"alternateName\":\"Ruuby Disain\",\"potentialAction\":[{\"@type\":\"SearchAction\",\"target\":{\"@type\":\"EntryPoint\",\"urlTemplate\":\"https:\\\/\\\/ruuby.ee\\\/en\\\/?s={search_term_string}\"},\"query-input\":{\"@type\":\"PropertyValueSpecification\",\"valueRequired\":true,\"valueName\":\"search_term_string\"}}],\"inLanguage\":\"en-GB\"},{\"@type\":\"Organization\",\"@id\":\"https:\\\/\\\/ruuby.ee\\\/en\\\/#organization\",\"name\":\"Ruuby Disain O\u00dc\",\"alternateName\":\"Ruuby\",\"url\":\"https:\\\/\\\/ruuby.ee\\\/en\\\/\",\"logo\":{\"@type\":\"ImageObject\",\"inLanguage\":\"en-GB\",\"@id\":\"https:\\\/\\\/ruuby.ee\\\/en\\\/#\\\/schema\\\/logo\\\/image\\\/\",\"url\":\"https:\\\/\\\/ruuby.ee\\\/wp-content\\\/uploads\\\/2023\\\/06\\\/cropped-Black-White-Elegant-Circle-Signature-Fashion-Logo-12_large.png\",\"contentUrl\":\"https:\\\/\\\/ruuby.ee\\\/wp-content\\\/uploads\\\/2023\\\/06\\\/cropped-Black-White-Elegant-Circle-Signature-Fashion-Logo-12_large.png\",\"width\":1280,\"height\":747,\"caption\":\"Ruuby Disain O\u00dc\"},\"image\":{\"@id\":\"https:\\\/\\\/ruuby.ee\\\/en\\\/#\\\/schema\\\/logo\\\/image\\\/\"},\"sameAs\":[\"https:\\\/\\\/www.facebook.com\\\/ruubyconcept\",\"https:\\\/\\\/www.instagram.com\\\/ruuby_concept\\\/\"]}]}<\/script>\n<!-- \/ Yoast SEO plugin. -->","yoast_head_json":{"title":"Bloomingville, Roccas kohvilaud, pruun, pol\u00fcrotang - RUUBY","robots":{"index":"index","follow":"follow","max-snippet":"max-snippet:-1","max-image-preview":"max-image-preview:large","max-video-preview":"max-video-preview:-1"},"canonical":"https:\/\/ruuby.ee\/en\/pood\/kodusisustus\/ouemoobel\/bloomingville-roccas-kohvilaud-pruun-polurotang\/","og_locale":"en_GB","og_type":"article","og_title":"Bloomingville, Roccas kohvilaud, pruun, pol\u00fcrotang - RUUBY","og_description":"Mis on parem kui leida see t\u00e4iuslik \u00f5ue tugitool?  Tellimuse tarne 2 n\u00e4dalat.","og_url":"https:\/\/ruuby.ee\/en\/pood\/kodusisustus\/ouemoobel\/bloomingville-roccas-kohvilaud-pruun-polurotang\/","og_site_name":"RUUBY","article_publisher":"https:\/\/www.facebook.com\/ruubyconcept","article_modified_time":"2026-04-07T22:28:28+00:00","og_image":[{"width":1134,"height":1100,"url":"https:\/\/ruuby.ee\/wp-content\/uploads\/2025\/03\/Screenshot-2025-03-12-at-18.29.43.png","type":"image\/png"}],"twitter_card":"summary_large_image","twitter_misc":{"Estimated reading time":"1 minute"},"schema":{"@context":"https:\/\/schema.org","@graph":[{"@type":["WebPage","ItemPage"],"@id":"https:\/\/ruuby.ee\/pood\/kodusisustus\/ouemoobel\/bloomingville-roccas-kohvilaud-pruun-polurotang\/","url":"https:\/\/ruuby.ee\/pood\/kodusisustus\/ouemoobel\/bloomingville-roccas-kohvilaud-pruun-polurotang\/","name":"Bloomingville, Roccas kohvilaud, pruun, pol\u00fcrotang - RUUBY","isPartOf":{"@id":"https:\/\/ruuby.ee\/en\/#website"},"primaryImageOfPage":{"@id":"https:\/\/ruuby.ee\/pood\/kodusisustus\/ouemoobel\/bloomingville-roccas-kohvilaud-pruun-polurotang\/#primaryimage"},"image":{"@id":"https:\/\/ruuby.ee\/pood\/kodusisustus\/ouemoobel\/bloomingville-roccas-kohvilaud-pruun-polurotang\/#primaryimage"},"thumbnailUrl":"https:\/\/ruuby.ee\/wp-content\/uploads\/2025\/03\/Screenshot-2025-03-12-at-18.29.43.png","datePublished":"2025-03-12T16:32:35+00:00","dateModified":"2026-04-07T22:28:28+00:00","breadcrumb":{"@id":"https:\/\/ruuby.ee\/pood\/kodusisustus\/ouemoobel\/bloomingville-roccas-kohvilaud-pruun-polurotang\/#breadcrumb"},"inLanguage":"en-GB","potentialAction":[{"@type":"ReadAction","target":["https:\/\/ruuby.ee\/pood\/kodusisustus\/ouemoobel\/bloomingville-roccas-kohvilaud-pruun-polurotang\/"]}]},{"@type":"ImageObject","inLanguage":"en-GB","@id":"https:\/\/ruuby.ee\/pood\/kodusisustus\/ouemoobel\/bloomingville-roccas-kohvilaud-pruun-polurotang\/#primaryimage","url":"https:\/\/ruuby.ee\/wp-content\/uploads\/2025\/03\/Screenshot-2025-03-12-at-18.29.43.png","contentUrl":"https:\/\/ruuby.ee\/wp-content\/uploads\/2025\/03\/Screenshot-2025-03-12-at-18.29.43.png","width":1134,"height":1100},{"@type":"BreadcrumbList","@id":"https:\/\/ruuby.ee\/pood\/kodusisustus\/ouemoobel\/bloomingville-roccas-kohvilaud-pruun-polurotang\/#breadcrumb","itemListElement":[{"@type":"ListItem","position":1,"name":"Kdu","item":"https:\/\/ruuby.ee\/en\/"},{"@type":"ListItem","position":2,"name":"Pood","item":"http:\/\/ruuby.ee\/en\/pood\/"},{"@type":"ListItem","position":3,"name":"Bloomingville, Roccas kohvilaud, pruun, pol\u00fcrotang"}]},{"@type":"WebSite","@id":"https:\/\/ruuby.ee\/en\/#website","url":"https:\/\/ruuby.ee\/en\/","name":"RUUBY","description":"Ruubys on \u00fchendatud elustiil ja disain","publisher":{"@id":"https:\/\/ruuby.ee\/en\/#organization"},"alternateName":"Ruuby Disain","potentialAction":[{"@type":"SearchAction","target":{"@type":"EntryPoint","urlTemplate":"https:\/\/ruuby.ee\/en\/?s={search_term_string}"},"query-input":{"@type":"PropertyValueSpecification","valueRequired":true,"valueName":"search_term_string"}}],"inLanguage":"en-GB"},{"@type":"Organization","@id":"https:\/\/ruuby.ee\/en\/#organization","name":"Ruuby Disain O\u00dc","alternateName":"Ruuby","url":"https:\/\/ruuby.ee\/en\/","logo":{"@type":"ImageObject","inLanguage":"en-GB","@id":"https:\/\/ruuby.ee\/en\/#\/schema\/logo\/image\/","url":"https:\/\/ruuby.ee\/wp-content\/uploads\/2023\/06\/cropped-Black-White-Elegant-Circle-Signature-Fashion-Logo-12_large.png","contentUrl":"https:\/\/ruuby.ee\/wp-content\/uploads\/2023\/06\/cropped-Black-White-Elegant-Circle-Signature-Fashion-Logo-12_large.png","width":1280,"height":747,"caption":"Ruuby Disain O\u00dc"},"image":{"@id":"https:\/\/ruuby.ee\/en\/#\/schema\/logo\/image\/"},"sameAs":["https:\/\/www.facebook.com\/ruubyconcept","https:\/\/www.instagram.com\/ruuby_concept\/"]}]}},"jetpack_sharing_enabled":true,"_links":{"self":[{"href":"https:\/\/ruuby.ee\/en\/wp-json\/wp\/v2\/product\/1851882","targetHints":{"allow":["GET"]}}],"collection":[{"href":"https:\/\/ruuby.ee\/en\/wp-json\/wp\/v2\/product"}],"about":[{"href":"https:\/\/ruuby.ee\/en\/wp-json\/wp\/v2\/types\/product"}],"replies":[{"embeddable":true,"href":"https:\/\/ruuby.ee\/en\/wp-json\/wp\/v2\/comments?post=1851882"}],"wp:featuredmedia":[{"embeddable":true,"href":"https:\/\/ruuby.ee\/en\/wp-json\/wp\/v2\/media\/1851880"}],"wp:attachment":[{"href":"https:\/\/ruuby.ee\/en\/wp-json\/wp\/v2\/media?parent=1851882"}],"wp:term":[{"taxonomy":"product_brand","embeddable":true,"href":"https:\/\/ruuby.ee\/en\/wp-json\/wp\/v2\/product_brand?post=1851882"},{"taxonomy":"product_cat","embeddable":true,"href":"https:\/\/ruuby.ee\/en\/wp-json\/wp\/v2\/product_cat?post=1851882"},{"taxonomy":"product_tag","embeddable":true,"href":"https:\/\/ruuby.ee\/en\/wp-json\/wp\/v2\/product_tag?post=1851882"}],"curies":[{"name":"wp","href":"https:\/\/api.w.org\/{rel}","templated":true}]}}