{"id":1851242,"date":"2025-02-11T15:58:09","date_gmt":"2025-02-11T13:58:09","guid":{"rendered":"http:\/\/ruuby.ee\/?post_type=product&#038;p=1851242"},"modified":"2026-04-08T01:28:28","modified_gmt":"2026-04-07T22:28:28","slug":"sokit-bow","status":"publish","type":"product","link":"https:\/\/ruuby.ee\/en\/pood\/aksessuaarid\/sokid\/sokit-bow\/","title":{"rendered":"SOKIT &#8211; BOW"},"content":{"rendered":"<p>SOKIT on Soome disainisokkide br\u00e4nd, mis \u00fchendab endas p\u00f5hjamaise stiili ja kvaliteedi. Nende sokid on loodud pakkuma mugavust ja vastupidavust, s\u00e4ilitades samal ajal unikaalse ja silmapaistva disaini. Valmistatud kvaliteetsetest materjalidest, sobivad need sokid igap\u00e4evaseks kandmiseks ning lisavad teie riietusele isikup\u00e4ra.<\/p>\n<p>80% Puuvill, 15% Pol\u00fcamiid, 5% Elastaan.<\/p>\n<p>Sobivad ideaalselt k\u00f5igile, kes armastavad s\u00e4rada ja eristuda. Need sokid ei ole lihtsalt praktilised, vaid ka t\u00f5eline moodne avaldus, mis r\u00e4\u00e4gib teie stiilist ja meeleolust. Sobivad igap\u00e4evaseks kandmiseks, eriti siis, kui soovite oma jalan\u00f5udele lisada midagi erilist ja v\u00e4rvi.<\/p>\n<p>\u2022 Pehme ja hingav puuvillasegu<br \/>\n\u2022 \u00dcmar pikkus mitmek\u00fclgse stiili tagamiseks<br \/>\n\u2022 Ainulaadne disain<br \/>\n\u2022 Pehmendusega tald lisamugavuse tagamiseks<\/p>\n<p>Astu mugavuse ja stiili maailma \u2013 Sokit Adventure on loodud iga sinu liigutuse jaoks.<\/p>\n<p><img decoding=\"async\" class=\"alignnone size-medium wp-image-1856479\" src=\"http:\/\/ruuby.ee\/wp-content\/uploads\/2025\/10\/Screenshot-2025-10-12-at-14.28.54-300x83.png\" alt=\"\" width=\"300\" height=\"83\" srcset=\"https:\/\/ruuby.ee\/wp-content\/uploads\/2025\/10\/Screenshot-2025-10-12-at-14.28.54-300x83.png 300w, https:\/\/ruuby.ee\/wp-content\/uploads\/2025\/10\/Screenshot-2025-10-12-at-14.28.54-1024x283.png 1024w, https:\/\/ruuby.ee\/wp-content\/uploads\/2025\/10\/Screenshot-2025-10-12-at-14.28.54-768x212.png 768w, https:\/\/ruuby.ee\/wp-content\/uploads\/2025\/10\/Screenshot-2025-10-12-at-14.28.54-18x5.png 18w, https:\/\/ruuby.ee\/wp-content\/uploads\/2025\/10\/Screenshot-2025-10-12-at-14.28.54-416x115.png 416w, https:\/\/ruuby.ee\/wp-content\/uploads\/2025\/10\/Screenshot-2025-10-12-at-14.28.54-64x18.png 64w, https:\/\/ruuby.ee\/wp-content\/uploads\/2025\/10\/Screenshot-2025-10-12-at-14.28.54.png 1130w\" sizes=\"(max-width: 300px) 100vw, 300px\" \/><\/p>","protected":false},"excerpt":{"rendered":"<p>Lisage oma igap\u00e4evaellu veidi isikup\u00e4ra ja huumorit!<\/p>\n<p>Astu mugavuse ja stiili maailma \u2013 Sokit Adventure on loodud iga sinu liigutuse jaoks.<\/p>\n<p data-start=\"362\" data-end=\"623\" data-is-last-node=\"\">","protected":false},"featured_media":1856474,"comment_status":"closed","ping_status":"closed","template":"","meta":[],"product_brand":[],"product_cat":[43,792],"product_tag":[794,995],"class_list":{"0":"post-1851242","1":"product","2":"type-product","3":"status-publish","4":"has-post-thumbnail","6":"product_cat-aksessuaarid","7":"product_cat-sokid","8":"product_tag-sokid","9":"product_tag-sokit","11":"first","12":"instock","13":"taxable","14":"shipping-taxable","15":"purchasable","16":"product-type-variable","17":"rtwpvs-product"},"yoast_head":"<!-- This site is optimized with the Yoast SEO plugin v27.3 - https:\/\/yoast.com\/product\/yoast-seo-wordpress\/ -->\n<title>SOKIT - BOW - RUUBY<\/title>\n<meta name=\"robots\" content=\"index, follow, max-snippet:-1, max-image-preview:large, max-video-preview:-1\" \/>\n<link rel=\"canonical\" href=\"https:\/\/ruuby.ee\/en\/pood\/aksessuaarid\/sokid\/sokit-bow\/\" \/>\n<meta property=\"og:locale\" content=\"en_GB\" \/>\n<meta property=\"og:type\" content=\"article\" \/>\n<meta property=\"og:title\" content=\"SOKIT - BOW - RUUBY\" \/>\n<meta property=\"og:description\" content=\"Lisage oma igap\u00e4evaellu veidi isikup\u00e4ra ja huumorit!  Astu mugavuse ja stiili maailma \u2013 Sokit Adventure on loodud iga sinu liigutuse jaoks.\" \/>\n<meta property=\"og:url\" content=\"https:\/\/ruuby.ee\/en\/pood\/aksessuaarid\/sokid\/sokit-bow\/\" \/>\n<meta property=\"og:site_name\" content=\"RUUBY\" \/>\n<meta property=\"article:publisher\" content=\"https:\/\/www.facebook.com\/ruubyconcept\" \/>\n<meta property=\"article:modified_time\" content=\"2026-04-07T22:28:28+00:00\" \/>\n<meta property=\"og:image\" content=\"https:\/\/ruuby.ee\/wp-content\/uploads\/2025\/02\/6440002200611_Bow.jpg\" \/>\n\t<meta property=\"og:image:width\" content=\"1800\" \/>\n\t<meta property=\"og:image:height\" content=\"2000\" \/>\n\t<meta property=\"og:image:type\" content=\"image\/jpeg\" \/>\n<meta name=\"twitter:card\" content=\"summary_large_image\" \/>\n<meta name=\"twitter:label1\" content=\"Estimated reading time\" \/>\n\t<meta name=\"twitter:data1\" content=\"2 minutes\" \/>\n<script type=\"application\/ld+json\" class=\"yoast-schema-graph\">{\"@context\":\"https:\\\/\\\/schema.org\",\"@graph\":[{\"@type\":[\"WebPage\",\"ItemPage\"],\"@id\":\"https:\\\/\\\/ruuby.ee\\\/en\\\/pood\\\/aksessuaarid\\\/sokid\\\/sokit-bow\\\/\",\"url\":\"https:\\\/\\\/ruuby.ee\\\/en\\\/pood\\\/aksessuaarid\\\/sokid\\\/sokit-bow\\\/\",\"name\":\"SOKIT - BOW - RUUBY\",\"isPartOf\":{\"@id\":\"https:\\\/\\\/ruuby.ee\\\/en\\\/#website\"},\"primaryImageOfPage\":{\"@id\":\"https:\\\/\\\/ruuby.ee\\\/en\\\/pood\\\/aksessuaarid\\\/sokid\\\/sokit-bow\\\/#primaryimage\"},\"image\":{\"@id\":\"https:\\\/\\\/ruuby.ee\\\/en\\\/pood\\\/aksessuaarid\\\/sokid\\\/sokit-bow\\\/#primaryimage\"},\"thumbnailUrl\":\"https:\\\/\\\/ruuby.ee\\\/wp-content\\\/uploads\\\/2025\\\/02\\\/6440002200611_Bow.jpg\",\"datePublished\":\"2025-02-11T13:58:09+00:00\",\"dateModified\":\"2026-04-07T22:28:28+00:00\",\"breadcrumb\":{\"@id\":\"https:\\\/\\\/ruuby.ee\\\/en\\\/pood\\\/aksessuaarid\\\/sokid\\\/sokit-bow\\\/#breadcrumb\"},\"inLanguage\":\"en-GB\",\"potentialAction\":[{\"@type\":\"ReadAction\",\"target\":[\"https:\\\/\\\/ruuby.ee\\\/en\\\/pood\\\/aksessuaarid\\\/sokid\\\/sokit-bow\\\/\"]}]},{\"@type\":\"ImageObject\",\"inLanguage\":\"en-GB\",\"@id\":\"https:\\\/\\\/ruuby.ee\\\/en\\\/pood\\\/aksessuaarid\\\/sokid\\\/sokit-bow\\\/#primaryimage\",\"url\":\"https:\\\/\\\/ruuby.ee\\\/wp-content\\\/uploads\\\/2025\\\/02\\\/6440002200611_Bow.jpg\",\"contentUrl\":\"https:\\\/\\\/ruuby.ee\\\/wp-content\\\/uploads\\\/2025\\\/02\\\/6440002200611_Bow.jpg\",\"width\":1800,\"height\":2000},{\"@type\":\"BreadcrumbList\",\"@id\":\"https:\\\/\\\/ruuby.ee\\\/en\\\/pood\\\/aksessuaarid\\\/sokid\\\/sokit-bow\\\/#breadcrumb\",\"itemListElement\":[{\"@type\":\"ListItem\",\"position\":1,\"name\":\"Kdu\",\"item\":\"https:\\\/\\\/ruuby.ee\\\/en\\\/\"},{\"@type\":\"ListItem\",\"position\":2,\"name\":\"Pood\",\"item\":\"https:\\\/\\\/ruuby.ee\\\/en\\\/pood\\\/\"},{\"@type\":\"ListItem\",\"position\":3,\"name\":\"SOKIT &#8211; BOW\"}]},{\"@type\":\"WebSite\",\"@id\":\"https:\\\/\\\/ruuby.ee\\\/en\\\/#website\",\"url\":\"https:\\\/\\\/ruuby.ee\\\/en\\\/\",\"name\":\"RUUBY\",\"description\":\"Ruubys on \u00fchendatud elustiil ja disain\",\"publisher\":{\"@id\":\"https:\\\/\\\/ruuby.ee\\\/en\\\/#organization\"},\"alternateName\":\"Ruuby Disain\",\"potentialAction\":[{\"@type\":\"SearchAction\",\"target\":{\"@type\":\"EntryPoint\",\"urlTemplate\":\"https:\\\/\\\/ruuby.ee\\\/en\\\/?s={search_term_string}\"},\"query-input\":{\"@type\":\"PropertyValueSpecification\",\"valueRequired\":true,\"valueName\":\"search_term_string\"}}],\"inLanguage\":\"en-GB\"},{\"@type\":\"Organization\",\"@id\":\"https:\\\/\\\/ruuby.ee\\\/en\\\/#organization\",\"name\":\"Ruuby Disain O\u00dc\",\"alternateName\":\"Ruuby\",\"url\":\"https:\\\/\\\/ruuby.ee\\\/en\\\/\",\"logo\":{\"@type\":\"ImageObject\",\"inLanguage\":\"en-GB\",\"@id\":\"https:\\\/\\\/ruuby.ee\\\/en\\\/#\\\/schema\\\/logo\\\/image\\\/\",\"url\":\"https:\\\/\\\/ruuby.ee\\\/wp-content\\\/uploads\\\/2023\\\/06\\\/cropped-Black-White-Elegant-Circle-Signature-Fashion-Logo-12_large.png\",\"contentUrl\":\"https:\\\/\\\/ruuby.ee\\\/wp-content\\\/uploads\\\/2023\\\/06\\\/cropped-Black-White-Elegant-Circle-Signature-Fashion-Logo-12_large.png\",\"width\":1280,\"height\":747,\"caption\":\"Ruuby Disain O\u00dc\"},\"image\":{\"@id\":\"https:\\\/\\\/ruuby.ee\\\/en\\\/#\\\/schema\\\/logo\\\/image\\\/\"},\"sameAs\":[\"https:\\\/\\\/www.facebook.com\\\/ruubyconcept\",\"https:\\\/\\\/www.instagram.com\\\/ruuby_concept\\\/\"]}]}<\/script>\n<!-- \/ Yoast SEO plugin. -->","yoast_head_json":{"title":"SOKIT - BOW - RUUBY","robots":{"index":"index","follow":"follow","max-snippet":"max-snippet:-1","max-image-preview":"max-image-preview:large","max-video-preview":"max-video-preview:-1"},"canonical":"https:\/\/ruuby.ee\/en\/pood\/aksessuaarid\/sokid\/sokit-bow\/","og_locale":"en_GB","og_type":"article","og_title":"SOKIT - BOW - RUUBY","og_description":"Lisage oma igap\u00e4evaellu veidi isikup\u00e4ra ja huumorit!  Astu mugavuse ja stiili maailma \u2013 Sokit Adventure on loodud iga sinu liigutuse jaoks.","og_url":"https:\/\/ruuby.ee\/en\/pood\/aksessuaarid\/sokid\/sokit-bow\/","og_site_name":"RUUBY","article_publisher":"https:\/\/www.facebook.com\/ruubyconcept","article_modified_time":"2026-04-07T22:28:28+00:00","og_image":[{"width":1800,"height":2000,"url":"https:\/\/ruuby.ee\/wp-content\/uploads\/2025\/02\/6440002200611_Bow.jpg","type":"image\/jpeg"}],"twitter_card":"summary_large_image","twitter_misc":{"Estimated reading time":"2 minutes"},"schema":{"@context":"https:\/\/schema.org","@graph":[{"@type":["WebPage","ItemPage"],"@id":"https:\/\/ruuby.ee\/en\/pood\/aksessuaarid\/sokid\/sokit-bow\/","url":"https:\/\/ruuby.ee\/en\/pood\/aksessuaarid\/sokid\/sokit-bow\/","name":"SOKIT - BOW - RUUBY","isPartOf":{"@id":"https:\/\/ruuby.ee\/en\/#website"},"primaryImageOfPage":{"@id":"https:\/\/ruuby.ee\/en\/pood\/aksessuaarid\/sokid\/sokit-bow\/#primaryimage"},"image":{"@id":"https:\/\/ruuby.ee\/en\/pood\/aksessuaarid\/sokid\/sokit-bow\/#primaryimage"},"thumbnailUrl":"https:\/\/ruuby.ee\/wp-content\/uploads\/2025\/02\/6440002200611_Bow.jpg","datePublished":"2025-02-11T13:58:09+00:00","dateModified":"2026-04-07T22:28:28+00:00","breadcrumb":{"@id":"https:\/\/ruuby.ee\/en\/pood\/aksessuaarid\/sokid\/sokit-bow\/#breadcrumb"},"inLanguage":"en-GB","potentialAction":[{"@type":"ReadAction","target":["https:\/\/ruuby.ee\/en\/pood\/aksessuaarid\/sokid\/sokit-bow\/"]}]},{"@type":"ImageObject","inLanguage":"en-GB","@id":"https:\/\/ruuby.ee\/en\/pood\/aksessuaarid\/sokid\/sokit-bow\/#primaryimage","url":"https:\/\/ruuby.ee\/wp-content\/uploads\/2025\/02\/6440002200611_Bow.jpg","contentUrl":"https:\/\/ruuby.ee\/wp-content\/uploads\/2025\/02\/6440002200611_Bow.jpg","width":1800,"height":2000},{"@type":"BreadcrumbList","@id":"https:\/\/ruuby.ee\/en\/pood\/aksessuaarid\/sokid\/sokit-bow\/#breadcrumb","itemListElement":[{"@type":"ListItem","position":1,"name":"Kdu","item":"https:\/\/ruuby.ee\/en\/"},{"@type":"ListItem","position":2,"name":"Pood","item":"https:\/\/ruuby.ee\/en\/pood\/"},{"@type":"ListItem","position":3,"name":"SOKIT &#8211; BOW"}]},{"@type":"WebSite","@id":"https:\/\/ruuby.ee\/en\/#website","url":"https:\/\/ruuby.ee\/en\/","name":"RUUBY","description":"Ruubys on \u00fchendatud elustiil ja disain","publisher":{"@id":"https:\/\/ruuby.ee\/en\/#organization"},"alternateName":"Ruuby Disain","potentialAction":[{"@type":"SearchAction","target":{"@type":"EntryPoint","urlTemplate":"https:\/\/ruuby.ee\/en\/?s={search_term_string}"},"query-input":{"@type":"PropertyValueSpecification","valueRequired":true,"valueName":"search_term_string"}}],"inLanguage":"en-GB"},{"@type":"Organization","@id":"https:\/\/ruuby.ee\/en\/#organization","name":"Ruuby Disain O\u00dc","alternateName":"Ruuby","url":"https:\/\/ruuby.ee\/en\/","logo":{"@type":"ImageObject","inLanguage":"en-GB","@id":"https:\/\/ruuby.ee\/en\/#\/schema\/logo\/image\/","url":"https:\/\/ruuby.ee\/wp-content\/uploads\/2023\/06\/cropped-Black-White-Elegant-Circle-Signature-Fashion-Logo-12_large.png","contentUrl":"https:\/\/ruuby.ee\/wp-content\/uploads\/2023\/06\/cropped-Black-White-Elegant-Circle-Signature-Fashion-Logo-12_large.png","width":1280,"height":747,"caption":"Ruuby Disain O\u00dc"},"image":{"@id":"https:\/\/ruuby.ee\/en\/#\/schema\/logo\/image\/"},"sameAs":["https:\/\/www.facebook.com\/ruubyconcept","https:\/\/www.instagram.com\/ruuby_concept\/"]}]}},"jetpack_sharing_enabled":true,"_links":{"self":[{"href":"https:\/\/ruuby.ee\/en\/wp-json\/wp\/v2\/product\/1851242","targetHints":{"allow":["GET"]}}],"collection":[{"href":"https:\/\/ruuby.ee\/en\/wp-json\/wp\/v2\/product"}],"about":[{"href":"https:\/\/ruuby.ee\/en\/wp-json\/wp\/v2\/types\/product"}],"replies":[{"embeddable":true,"href":"https:\/\/ruuby.ee\/en\/wp-json\/wp\/v2\/comments?post=1851242"}],"wp:featuredmedia":[{"embeddable":true,"href":"https:\/\/ruuby.ee\/en\/wp-json\/wp\/v2\/media\/1856474"}],"wp:attachment":[{"href":"https:\/\/ruuby.ee\/en\/wp-json\/wp\/v2\/media?parent=1851242"}],"wp:term":[{"taxonomy":"product_brand","embeddable":true,"href":"https:\/\/ruuby.ee\/en\/wp-json\/wp\/v2\/product_brand?post=1851242"},{"taxonomy":"product_cat","embeddable":true,"href":"https:\/\/ruuby.ee\/en\/wp-json\/wp\/v2\/product_cat?post=1851242"},{"taxonomy":"product_tag","embeddable":true,"href":"https:\/\/ruuby.ee\/en\/wp-json\/wp\/v2\/product_tag?post=1851242"}],"curies":[{"name":"wp","href":"https:\/\/api.w.org\/{rel}","templated":true}]}}