{"id":1850986,"date":"2025-01-16T17:33:46","date_gmt":"2025-01-16T15:33:46","guid":{"rendered":"http:\/\/ruuby.ee\/?post_type=product&#038;p=1850986"},"modified":"2026-04-05T01:25:23","modified_gmt":"2026-04-04T22:25:23","slug":"andersen-salvratikuhoidja-must","status":"publish","type":"product","link":"https:\/\/ruuby.ee\/en\/pood\/kodusisustus\/soogituba\/andersen-salvratikuhoidja-must\/","title":{"rendered":"ANDERSEN Salvr\u00e4tikuhoidja, must"},"content":{"rendered":"<p>Kira Usbecki disainitud Anderseni salvr\u00e4tikuhoidja pakub v\u00f5imalust oma kauneid salvr\u00e4tikuid aastaringselt n\u00e4idata. Sellel on funktsionaalne disain ja see on valmistatud tammest, mis on kombineeritud messingi ja nahaga. Salvr\u00e4tikuhoidja m\u00f5\u00f5dud 18&#215;18 cm.<\/p>\n<p>M\u00f5\u00f5dud: 18x18cm<\/p>","protected":false},"excerpt":{"rendered":"<p>Kira Usbecki disainitud Anderseni salvr\u00e4tikuhoidja pakub v\u00f5imalust oma kauneid salvr\u00e4tikuid aastaringselt n\u00e4idata. Sellel on funktsionaalne disain ja see on valmistatud tammest, mis on kombineeritud messingi ja nahaga. Salvr\u00e4tikuhoidja m\u00f5\u00f5dud 18&#215;18 cm. M\u00f5\u00f5dud: 18x18cm<\/p>","protected":false},"featured_media":1850988,"comment_status":"closed","ping_status":"closed","template":"","meta":[],"product_brand":[],"product_cat":[42,60],"product_tag":[],"class_list":{"0":"post-1850986","1":"product","2":"type-product","3":"status-publish","4":"has-post-thumbnail","6":"product_cat-kodusisustus","7":"product_cat-soogituba","9":"first","10":"instock","11":"taxable","12":"shipping-taxable","13":"purchasable","14":"product-type-simple"},"yoast_head":"<!-- This site is optimized with the Yoast SEO plugin v27.2 - https:\/\/yoast.com\/product\/yoast-seo-wordpress\/ -->\n<title>ANDERSEN Salvr\u00e4tikuhoidja, must - RUUBY<\/title>\n<meta name=\"robots\" content=\"index, follow, max-snippet:-1, max-image-preview:large, max-video-preview:-1\" \/>\n<link rel=\"canonical\" href=\"https:\/\/ruuby.ee\/en\/pood\/kodusisustus\/soogituba\/andersen-salvratikuhoidja-must\/\" \/>\n<meta property=\"og:locale\" content=\"en_GB\" \/>\n<meta property=\"og:type\" content=\"article\" \/>\n<meta property=\"og:title\" content=\"ANDERSEN Salvr\u00e4tikuhoidja, must - RUUBY\" \/>\n<meta property=\"og:description\" content=\"Kira Usbecki disainitud Anderseni salvr\u00e4tikuhoidja pakub v\u00f5imalust oma kauneid salvr\u00e4tikuid aastaringselt n\u00e4idata. Sellel on funktsionaalne disain ja see on valmistatud tammest, mis on kombineeritud messingi ja nahaga. Salvr\u00e4tikuhoidja m\u00f5\u00f5dud 18&#215;18 cm. M\u00f5\u00f5dud: 18x18cm\" \/>\n<meta property=\"og:url\" content=\"https:\/\/ruuby.ee\/en\/pood\/kodusisustus\/soogituba\/andersen-salvratikuhoidja-must\/\" \/>\n<meta property=\"og:site_name\" content=\"RUUBY\" \/>\n<meta property=\"article:publisher\" content=\"https:\/\/www.facebook.com\/ruubyconcept\" \/>\n<meta property=\"article:modified_time\" content=\"2026-04-04T22:25:23+00:00\" \/>\n<meta property=\"og:image\" content=\"https:\/\/ruuby.ee\/wp-content\/uploads\/2025\/01\/4_290001-Napkin-Holder-Black-1-scaled.jpg\" \/>\n\t<meta property=\"og:image:width\" content=\"2560\" \/>\n\t<meta property=\"og:image:height\" content=\"1683\" \/>\n\t<meta property=\"og:image:type\" content=\"image\/jpeg\" \/>\n<meta name=\"twitter:card\" content=\"summary_large_image\" \/>\n<meta name=\"twitter:label1\" content=\"Estimated reading time\" \/>\n\t<meta name=\"twitter:data1\" content=\"1 minute\" \/>\n<script type=\"application\/ld+json\" class=\"yoast-schema-graph\">{\"@context\":\"https:\/\/schema.org\",\"@graph\":[{\"@type\":[\"WebPage\",\"ItemPage\"],\"@id\":\"https:\/\/ruuby.ee\/en\/pood\/kodusisustus\/soogituba\/andersen-salvratikuhoidja-must\/\",\"url\":\"https:\/\/ruuby.ee\/en\/pood\/kodusisustus\/soogituba\/andersen-salvratikuhoidja-must\/\",\"name\":\"ANDERSEN Salvr\u00e4tikuhoidja, must - RUUBY\",\"isPartOf\":{\"@id\":\"http:\/\/ruuby.ee\/#website\"},\"primaryImageOfPage\":{\"@id\":\"https:\/\/ruuby.ee\/en\/pood\/kodusisustus\/soogituba\/andersen-salvratikuhoidja-must\/#primaryimage\"},\"image\":{\"@id\":\"https:\/\/ruuby.ee\/en\/pood\/kodusisustus\/soogituba\/andersen-salvratikuhoidja-must\/#primaryimage\"},\"thumbnailUrl\":\"https:\/\/ruuby.ee\/wp-content\/uploads\/2025\/01\/4_290001-Napkin-Holder-Black-1-scaled.jpg\",\"datePublished\":\"2025-01-16T15:33:46+00:00\",\"dateModified\":\"2026-04-04T22:25:23+00:00\",\"breadcrumb\":{\"@id\":\"https:\/\/ruuby.ee\/en\/pood\/kodusisustus\/soogituba\/andersen-salvratikuhoidja-must\/#breadcrumb\"},\"inLanguage\":\"en-GB\",\"potentialAction\":[{\"@type\":\"ReadAction\",\"target\":[\"https:\/\/ruuby.ee\/en\/pood\/kodusisustus\/soogituba\/andersen-salvratikuhoidja-must\/\"]}]},{\"@type\":\"ImageObject\",\"inLanguage\":\"en-GB\",\"@id\":\"https:\/\/ruuby.ee\/en\/pood\/kodusisustus\/soogituba\/andersen-salvratikuhoidja-must\/#primaryimage\",\"url\":\"https:\/\/ruuby.ee\/wp-content\/uploads\/2025\/01\/4_290001-Napkin-Holder-Black-1-scaled.jpg\",\"contentUrl\":\"https:\/\/ruuby.ee\/wp-content\/uploads\/2025\/01\/4_290001-Napkin-Holder-Black-1-scaled.jpg\",\"width\":2560,\"height\":1683},{\"@type\":\"BreadcrumbList\",\"@id\":\"https:\/\/ruuby.ee\/en\/pood\/kodusisustus\/soogituba\/andersen-salvratikuhoidja-must\/#breadcrumb\",\"itemListElement\":[{\"@type\":\"ListItem\",\"position\":1,\"name\":\"Kdu\",\"item\":\"http:\/\/ruuby.ee\/\"},{\"@type\":\"ListItem\",\"position\":2,\"name\":\"Pood\",\"item\":\"https:\/\/ruuby.ee\/en\/pood\/\"},{\"@type\":\"ListItem\",\"position\":3,\"name\":\"ANDERSEN Salvr\u00e4tikuhoidja, must\"}]},{\"@type\":\"WebSite\",\"@id\":\"http:\/\/ruuby.ee\/#website\",\"url\":\"http:\/\/ruuby.ee\/\",\"name\":\"RUUBY\",\"description\":\"Ruubys on \u00fchendatud elustiil ja disain\",\"publisher\":{\"@id\":\"http:\/\/ruuby.ee\/#organization\"},\"alternateName\":\"Ruuby Disain\",\"potentialAction\":[{\"@type\":\"SearchAction\",\"target\":{\"@type\":\"EntryPoint\",\"urlTemplate\":\"http:\/\/ruuby.ee\/?s={search_term_string}\"},\"query-input\":{\"@type\":\"PropertyValueSpecification\",\"valueRequired\":true,\"valueName\":\"search_term_string\"}}],\"inLanguage\":\"en-GB\"},{\"@type\":\"Organization\",\"@id\":\"http:\/\/ruuby.ee\/#organization\",\"name\":\"Ruuby Disain O\u00dc\",\"alternateName\":\"Ruuby\",\"url\":\"http:\/\/ruuby.ee\/\",\"logo\":{\"@type\":\"ImageObject\",\"inLanguage\":\"en-GB\",\"@id\":\"http:\/\/ruuby.ee\/#\/schema\/logo\/image\/\",\"url\":\"https:\/\/ruuby.ee\/wp-content\/uploads\/2023\/06\/cropped-Black-White-Elegant-Circle-Signature-Fashion-Logo-12_large.png\",\"contentUrl\":\"https:\/\/ruuby.ee\/wp-content\/uploads\/2023\/06\/cropped-Black-White-Elegant-Circle-Signature-Fashion-Logo-12_large.png\",\"width\":1280,\"height\":747,\"caption\":\"Ruuby Disain O\u00dc\"},\"image\":{\"@id\":\"http:\/\/ruuby.ee\/#\/schema\/logo\/image\/\"},\"sameAs\":[\"https:\/\/www.facebook.com\/ruubyconcept\",\"https:\/\/www.instagram.com\/ruuby_concept\/\"]}]}<\/script>\n<!-- \/ Yoast SEO plugin. -->","yoast_head_json":{"title":"ANDERSEN Salvr\u00e4tikuhoidja, must - RUUBY","robots":{"index":"index","follow":"follow","max-snippet":"max-snippet:-1","max-image-preview":"max-image-preview:large","max-video-preview":"max-video-preview:-1"},"canonical":"https:\/\/ruuby.ee\/en\/pood\/kodusisustus\/soogituba\/andersen-salvratikuhoidja-must\/","og_locale":"en_GB","og_type":"article","og_title":"ANDERSEN Salvr\u00e4tikuhoidja, must - RUUBY","og_description":"Kira Usbecki disainitud Anderseni salvr\u00e4tikuhoidja pakub v\u00f5imalust oma kauneid salvr\u00e4tikuid aastaringselt n\u00e4idata. Sellel on funktsionaalne disain ja see on valmistatud tammest, mis on kombineeritud messingi ja nahaga. Salvr\u00e4tikuhoidja m\u00f5\u00f5dud 18&#215;18 cm. M\u00f5\u00f5dud: 18x18cm","og_url":"https:\/\/ruuby.ee\/en\/pood\/kodusisustus\/soogituba\/andersen-salvratikuhoidja-must\/","og_site_name":"RUUBY","article_publisher":"https:\/\/www.facebook.com\/ruubyconcept","article_modified_time":"2026-04-04T22:25:23+00:00","og_image":[{"width":2560,"height":1683,"url":"https:\/\/ruuby.ee\/wp-content\/uploads\/2025\/01\/4_290001-Napkin-Holder-Black-1-scaled.jpg","type":"image\/jpeg"}],"twitter_card":"summary_large_image","twitter_misc":{"Estimated reading time":"1 minute"},"schema":{"@context":"https:\/\/schema.org","@graph":[{"@type":["WebPage","ItemPage"],"@id":"https:\/\/ruuby.ee\/en\/pood\/kodusisustus\/soogituba\/andersen-salvratikuhoidja-must\/","url":"https:\/\/ruuby.ee\/en\/pood\/kodusisustus\/soogituba\/andersen-salvratikuhoidja-must\/","name":"ANDERSEN Salvr\u00e4tikuhoidja, must - RUUBY","isPartOf":{"@id":"http:\/\/ruuby.ee\/#website"},"primaryImageOfPage":{"@id":"https:\/\/ruuby.ee\/en\/pood\/kodusisustus\/soogituba\/andersen-salvratikuhoidja-must\/#primaryimage"},"image":{"@id":"https:\/\/ruuby.ee\/en\/pood\/kodusisustus\/soogituba\/andersen-salvratikuhoidja-must\/#primaryimage"},"thumbnailUrl":"https:\/\/ruuby.ee\/wp-content\/uploads\/2025\/01\/4_290001-Napkin-Holder-Black-1-scaled.jpg","datePublished":"2025-01-16T15:33:46+00:00","dateModified":"2026-04-04T22:25:23+00:00","breadcrumb":{"@id":"https:\/\/ruuby.ee\/en\/pood\/kodusisustus\/soogituba\/andersen-salvratikuhoidja-must\/#breadcrumb"},"inLanguage":"en-GB","potentialAction":[{"@type":"ReadAction","target":["https:\/\/ruuby.ee\/en\/pood\/kodusisustus\/soogituba\/andersen-salvratikuhoidja-must\/"]}]},{"@type":"ImageObject","inLanguage":"en-GB","@id":"https:\/\/ruuby.ee\/en\/pood\/kodusisustus\/soogituba\/andersen-salvratikuhoidja-must\/#primaryimage","url":"https:\/\/ruuby.ee\/wp-content\/uploads\/2025\/01\/4_290001-Napkin-Holder-Black-1-scaled.jpg","contentUrl":"https:\/\/ruuby.ee\/wp-content\/uploads\/2025\/01\/4_290001-Napkin-Holder-Black-1-scaled.jpg","width":2560,"height":1683},{"@type":"BreadcrumbList","@id":"https:\/\/ruuby.ee\/en\/pood\/kodusisustus\/soogituba\/andersen-salvratikuhoidja-must\/#breadcrumb","itemListElement":[{"@type":"ListItem","position":1,"name":"Kdu","item":"http:\/\/ruuby.ee\/"},{"@type":"ListItem","position":2,"name":"Pood","item":"https:\/\/ruuby.ee\/en\/pood\/"},{"@type":"ListItem","position":3,"name":"ANDERSEN Salvr\u00e4tikuhoidja, must"}]},{"@type":"WebSite","@id":"http:\/\/ruuby.ee\/#website","url":"http:\/\/ruuby.ee\/","name":"RUUBY","description":"Ruubys on \u00fchendatud elustiil ja disain","publisher":{"@id":"http:\/\/ruuby.ee\/#organization"},"alternateName":"Ruuby Disain","potentialAction":[{"@type":"SearchAction","target":{"@type":"EntryPoint","urlTemplate":"http:\/\/ruuby.ee\/?s={search_term_string}"},"query-input":{"@type":"PropertyValueSpecification","valueRequired":true,"valueName":"search_term_string"}}],"inLanguage":"en-GB"},{"@type":"Organization","@id":"http:\/\/ruuby.ee\/#organization","name":"Ruuby Disain O\u00dc","alternateName":"Ruuby","url":"http:\/\/ruuby.ee\/","logo":{"@type":"ImageObject","inLanguage":"en-GB","@id":"http:\/\/ruuby.ee\/#\/schema\/logo\/image\/","url":"https:\/\/ruuby.ee\/wp-content\/uploads\/2023\/06\/cropped-Black-White-Elegant-Circle-Signature-Fashion-Logo-12_large.png","contentUrl":"https:\/\/ruuby.ee\/wp-content\/uploads\/2023\/06\/cropped-Black-White-Elegant-Circle-Signature-Fashion-Logo-12_large.png","width":1280,"height":747,"caption":"Ruuby Disain O\u00dc"},"image":{"@id":"http:\/\/ruuby.ee\/#\/schema\/logo\/image\/"},"sameAs":["https:\/\/www.facebook.com\/ruubyconcept","https:\/\/www.instagram.com\/ruuby_concept\/"]}]}},"jetpack_sharing_enabled":true,"_links":{"self":[{"href":"https:\/\/ruuby.ee\/en\/wp-json\/wp\/v2\/product\/1850986","targetHints":{"allow":["GET"]}}],"collection":[{"href":"https:\/\/ruuby.ee\/en\/wp-json\/wp\/v2\/product"}],"about":[{"href":"https:\/\/ruuby.ee\/en\/wp-json\/wp\/v2\/types\/product"}],"replies":[{"embeddable":true,"href":"https:\/\/ruuby.ee\/en\/wp-json\/wp\/v2\/comments?post=1850986"}],"wp:featuredmedia":[{"embeddable":true,"href":"https:\/\/ruuby.ee\/en\/wp-json\/wp\/v2\/media\/1850988"}],"wp:attachment":[{"href":"https:\/\/ruuby.ee\/en\/wp-json\/wp\/v2\/media?parent=1850986"}],"wp:term":[{"taxonomy":"product_brand","embeddable":true,"href":"https:\/\/ruuby.ee\/en\/wp-json\/wp\/v2\/product_brand?post=1850986"},{"taxonomy":"product_cat","embeddable":true,"href":"https:\/\/ruuby.ee\/en\/wp-json\/wp\/v2\/product_cat?post=1850986"},{"taxonomy":"product_tag","embeddable":true,"href":"https:\/\/ruuby.ee\/en\/wp-json\/wp\/v2\/product_tag?post=1850986"}],"curies":[{"name":"wp","href":"https:\/\/api.w.org\/{rel}","templated":true}]}}