{"id":1850971,"date":"2025-01-16T17:21:31","date_gmt":"2025-01-16T15:21:31","guid":{"rendered":"http:\/\/ruuby.ee\/?post_type=product&#038;p=1850971"},"modified":"2026-04-06T01:26:22","modified_gmt":"2026-04-05T22:26:22","slug":"muubs-soola-ja-pipra-komplekt-vita-merekarp","status":"publish","type":"product","link":"https:\/\/ruuby.ee\/en\/pood\/kodusisustus\/soogituba\/muubs-soola-ja-pipra-komplekt-vita-merekarp\/","title":{"rendered":"MUUBS soola ja pipra komplekt Vita &#8211; Merekarp"},"content":{"rendered":"<p>Vita on erakordsete k\u00f6\u00f6gitarvikute sari, mis t\u00e4iustavad dekoori tugeva ja kauni loodusega. Vita seeria v\u00e4ikesed marmorskulptuurid \u00f5hkuvad erakordset elegantsi ja rafineeritust, lisades igasse k\u00f6\u00f6ki ajatut ilu.<\/p>\n<p>L\u00e4bim\u00f5eldud soola ja pipra komplekt annab toiduvalmistamisele lisam\u00f5\u00f5tme ja kauni lisa s\u00f6\u00f6gilauale.<\/p>\n<p>Soola ja pipra komplekt on valmistatud kreemikast marmorist. V\u00e4rvide ja mustrite loomulik varieeruvus muudab iga Vita toote ainulaadseks ja loob kauni kontrasti teie k\u00f6\u00f6gi teiste materjalidega.<\/p>\n<p>Pange t\u00e4hele: kuna marmor on naturaalne materjal, v\u00f5ib toote l\u00f5ikes esineda kuni 3 mm suuruseid erinevusi ning k\u00e4sit\u00f6\u00f6st tulenevaid v\u00e4limuse erinevusi. Need variatsioonid on tootmisprotsessi loomulik osa ja aitavad kaasa toote ainulaadsele iseloomule.<\/p>\n<p>Ei ole n\u00f5udepesumasinas pestav. Selle asemel tuleks toodet k\u00e4sitsi pesta neutraalse seebiga, kuna tugev ja happeline seep v\u00f5ib kahjustada looduslikku marmorit.<\/p>\n<p>M\u00f5\u00f5dud: D4,5XH8,5 CM<\/p>","protected":false},"excerpt":{"rendered":"<p>Vita on erakordsete k\u00f6\u00f6gitarvikute sari, mis t\u00e4iustavad dekoori tugeva ja kauni loodusega. Vita seeria v\u00e4ikesed marmorskulptuurid \u00f5hkuvad erakordset elegantsi ja rafineeritust, lisades igasse k\u00f6\u00f6ki ajatut ilu. L\u00e4bim\u00f5eldud soola ja pipra komplekt annab toiduvalmistamisele lisam\u00f5\u00f5tme ja kauni lisa s\u00f6\u00f6gilauale. Soola ja pipra komplekt on valmistatud kreemikast marmorist. V\u00e4rvide ja mustrite loomulik varieeruvus muudab iga Vita toote [&hellip;]<\/p>\n","protected":false},"featured_media":1850973,"comment_status":"closed","ping_status":"closed","template":"","meta":[],"product_brand":[],"product_cat":[42,60],"product_tag":[],"class_list":{"0":"post-1850971","1":"product","2":"type-product","3":"status-publish","4":"has-post-thumbnail","6":"product_cat-kodusisustus","7":"product_cat-soogituba","9":"first","10":"instock","11":"taxable","12":"shipping-taxable","13":"purchasable","14":"product-type-simple"},"yoast_head":"<!-- This site is optimized with the Yoast SEO plugin v27.2 - https:\/\/yoast.com\/product\/yoast-seo-wordpress\/ -->\n<title>MUUBS soola ja pipra komplekt Vita - Merekarp - RUUBY<\/title>\n<meta name=\"robots\" content=\"index, follow, max-snippet:-1, max-image-preview:large, max-video-preview:-1\" \/>\n<link rel=\"canonical\" href=\"https:\/\/ruuby.ee\/en\/pood\/kodusisustus\/soogituba\/muubs-soola-ja-pipra-komplekt-vita-merekarp\/\" \/>\n<meta property=\"og:locale\" content=\"en_GB\" \/>\n<meta property=\"og:type\" content=\"article\" \/>\n<meta property=\"og:title\" content=\"MUUBS soola ja pipra komplekt Vita - Merekarp - RUUBY\" \/>\n<meta property=\"og:description\" content=\"Vita on erakordsete k\u00f6\u00f6gitarvikute sari, mis t\u00e4iustavad dekoori tugeva ja kauni loodusega. Vita seeria v\u00e4ikesed marmorskulptuurid \u00f5hkuvad erakordset elegantsi ja rafineeritust, lisades igasse k\u00f6\u00f6ki ajatut ilu. L\u00e4bim\u00f5eldud soola ja pipra komplekt annab toiduvalmistamisele lisam\u00f5\u00f5tme ja kauni lisa s\u00f6\u00f6gilauale. Soola ja pipra komplekt on valmistatud kreemikast marmorist. V\u00e4rvide ja mustrite loomulik varieeruvus muudab iga Vita toote [&hellip;]\" \/>\n<meta property=\"og:url\" content=\"https:\/\/ruuby.ee\/en\/pood\/kodusisustus\/soogituba\/muubs-soola-ja-pipra-komplekt-vita-merekarp\/\" \/>\n<meta property=\"og:site_name\" content=\"RUUBY\" \/>\n<meta property=\"article:publisher\" content=\"https:\/\/www.facebook.com\/ruubyconcept\" \/>\n<meta property=\"article:modified_time\" content=\"2026-04-05T22:26:22+00:00\" \/>\n<meta property=\"og:image\" content=\"https:\/\/ruuby.ee\/wp-content\/uploads\/2025\/01\/Screenshot-2025-01-16-at-17.16.42.png\" \/>\n\t<meta property=\"og:image:width\" content=\"1054\" \/>\n\t<meta property=\"og:image:height\" content=\"1052\" \/>\n\t<meta property=\"og:image:type\" content=\"image\/png\" \/>\n<meta name=\"twitter:card\" content=\"summary_large_image\" \/>\n<meta name=\"twitter:label1\" content=\"Estimated reading time\" \/>\n\t<meta name=\"twitter:data1\" content=\"1 minute\" \/>\n<script type=\"application\/ld+json\" class=\"yoast-schema-graph\">{\"@context\":\"https:\/\/schema.org\",\"@graph\":[{\"@type\":[\"WebPage\",\"ItemPage\"],\"@id\":\"https:\/\/ruuby.ee\/en\/pood\/kodusisustus\/soogituba\/muubs-soola-ja-pipra-komplekt-vita-merekarp\/\",\"url\":\"https:\/\/ruuby.ee\/en\/pood\/kodusisustus\/soogituba\/muubs-soola-ja-pipra-komplekt-vita-merekarp\/\",\"name\":\"MUUBS soola ja pipra komplekt Vita - Merekarp - RUUBY\",\"isPartOf\":{\"@id\":\"http:\/\/ruuby.ee\/#website\"},\"primaryImageOfPage\":{\"@id\":\"https:\/\/ruuby.ee\/en\/pood\/kodusisustus\/soogituba\/muubs-soola-ja-pipra-komplekt-vita-merekarp\/#primaryimage\"},\"image\":{\"@id\":\"https:\/\/ruuby.ee\/en\/pood\/kodusisustus\/soogituba\/muubs-soola-ja-pipra-komplekt-vita-merekarp\/#primaryimage\"},\"thumbnailUrl\":\"https:\/\/ruuby.ee\/wp-content\/uploads\/2025\/01\/Screenshot-2025-01-16-at-17.16.42.png\",\"datePublished\":\"2025-01-16T15:21:31+00:00\",\"dateModified\":\"2026-04-05T22:26:22+00:00\",\"breadcrumb\":{\"@id\":\"https:\/\/ruuby.ee\/en\/pood\/kodusisustus\/soogituba\/muubs-soola-ja-pipra-komplekt-vita-merekarp\/#breadcrumb\"},\"inLanguage\":\"en-GB\",\"potentialAction\":[{\"@type\":\"ReadAction\",\"target\":[\"https:\/\/ruuby.ee\/en\/pood\/kodusisustus\/soogituba\/muubs-soola-ja-pipra-komplekt-vita-merekarp\/\"]}]},{\"@type\":\"ImageObject\",\"inLanguage\":\"en-GB\",\"@id\":\"https:\/\/ruuby.ee\/en\/pood\/kodusisustus\/soogituba\/muubs-soola-ja-pipra-komplekt-vita-merekarp\/#primaryimage\",\"url\":\"https:\/\/ruuby.ee\/wp-content\/uploads\/2025\/01\/Screenshot-2025-01-16-at-17.16.42.png\",\"contentUrl\":\"https:\/\/ruuby.ee\/wp-content\/uploads\/2025\/01\/Screenshot-2025-01-16-at-17.16.42.png\",\"width\":1054,\"height\":1052},{\"@type\":\"BreadcrumbList\",\"@id\":\"https:\/\/ruuby.ee\/en\/pood\/kodusisustus\/soogituba\/muubs-soola-ja-pipra-komplekt-vita-merekarp\/#breadcrumb\",\"itemListElement\":[{\"@type\":\"ListItem\",\"position\":1,\"name\":\"Kdu\",\"item\":\"http:\/\/ruuby.ee\/\"},{\"@type\":\"ListItem\",\"position\":2,\"name\":\"Pood\",\"item\":\"https:\/\/ruuby.ee\/en\/pood\/\"},{\"@type\":\"ListItem\",\"position\":3,\"name\":\"MUUBS soola ja pipra komplekt Vita &#8211; Merekarp\"}]},{\"@type\":\"WebSite\",\"@id\":\"http:\/\/ruuby.ee\/#website\",\"url\":\"http:\/\/ruuby.ee\/\",\"name\":\"RUUBY\",\"description\":\"Ruubys on \u00fchendatud elustiil ja disain\",\"publisher\":{\"@id\":\"http:\/\/ruuby.ee\/#organization\"},\"alternateName\":\"Ruuby Disain\",\"potentialAction\":[{\"@type\":\"SearchAction\",\"target\":{\"@type\":\"EntryPoint\",\"urlTemplate\":\"http:\/\/ruuby.ee\/?s={search_term_string}\"},\"query-input\":{\"@type\":\"PropertyValueSpecification\",\"valueRequired\":true,\"valueName\":\"search_term_string\"}}],\"inLanguage\":\"en-GB\"},{\"@type\":\"Organization\",\"@id\":\"http:\/\/ruuby.ee\/#organization\",\"name\":\"Ruuby Disain O\u00dc\",\"alternateName\":\"Ruuby\",\"url\":\"http:\/\/ruuby.ee\/\",\"logo\":{\"@type\":\"ImageObject\",\"inLanguage\":\"en-GB\",\"@id\":\"http:\/\/ruuby.ee\/#\/schema\/logo\/image\/\",\"url\":\"https:\/\/ruuby.ee\/wp-content\/uploads\/2023\/06\/cropped-Black-White-Elegant-Circle-Signature-Fashion-Logo-12_large.png\",\"contentUrl\":\"https:\/\/ruuby.ee\/wp-content\/uploads\/2023\/06\/cropped-Black-White-Elegant-Circle-Signature-Fashion-Logo-12_large.png\",\"width\":1280,\"height\":747,\"caption\":\"Ruuby Disain O\u00dc\"},\"image\":{\"@id\":\"http:\/\/ruuby.ee\/#\/schema\/logo\/image\/\"},\"sameAs\":[\"https:\/\/www.facebook.com\/ruubyconcept\",\"https:\/\/www.instagram.com\/ruuby_concept\/\"]}]}<\/script>\n<!-- \/ Yoast SEO plugin. -->","yoast_head_json":{"title":"MUUBS soola ja pipra komplekt Vita - Merekarp - RUUBY","robots":{"index":"index","follow":"follow","max-snippet":"max-snippet:-1","max-image-preview":"max-image-preview:large","max-video-preview":"max-video-preview:-1"},"canonical":"https:\/\/ruuby.ee\/en\/pood\/kodusisustus\/soogituba\/muubs-soola-ja-pipra-komplekt-vita-merekarp\/","og_locale":"en_GB","og_type":"article","og_title":"MUUBS soola ja pipra komplekt Vita - Merekarp - RUUBY","og_description":"Vita on erakordsete k\u00f6\u00f6gitarvikute sari, mis t\u00e4iustavad dekoori tugeva ja kauni loodusega. Vita seeria v\u00e4ikesed marmorskulptuurid \u00f5hkuvad erakordset elegantsi ja rafineeritust, lisades igasse k\u00f6\u00f6ki ajatut ilu. L\u00e4bim\u00f5eldud soola ja pipra komplekt annab toiduvalmistamisele lisam\u00f5\u00f5tme ja kauni lisa s\u00f6\u00f6gilauale. Soola ja pipra komplekt on valmistatud kreemikast marmorist. V\u00e4rvide ja mustrite loomulik varieeruvus muudab iga Vita toote [&hellip;]","og_url":"https:\/\/ruuby.ee\/en\/pood\/kodusisustus\/soogituba\/muubs-soola-ja-pipra-komplekt-vita-merekarp\/","og_site_name":"RUUBY","article_publisher":"https:\/\/www.facebook.com\/ruubyconcept","article_modified_time":"2026-04-05T22:26:22+00:00","og_image":[{"width":1054,"height":1052,"url":"https:\/\/ruuby.ee\/wp-content\/uploads\/2025\/01\/Screenshot-2025-01-16-at-17.16.42.png","type":"image\/png"}],"twitter_card":"summary_large_image","twitter_misc":{"Estimated reading time":"1 minute"},"schema":{"@context":"https:\/\/schema.org","@graph":[{"@type":["WebPage","ItemPage"],"@id":"https:\/\/ruuby.ee\/en\/pood\/kodusisustus\/soogituba\/muubs-soola-ja-pipra-komplekt-vita-merekarp\/","url":"https:\/\/ruuby.ee\/en\/pood\/kodusisustus\/soogituba\/muubs-soola-ja-pipra-komplekt-vita-merekarp\/","name":"MUUBS soola ja pipra komplekt Vita - Merekarp - RUUBY","isPartOf":{"@id":"http:\/\/ruuby.ee\/#website"},"primaryImageOfPage":{"@id":"https:\/\/ruuby.ee\/en\/pood\/kodusisustus\/soogituba\/muubs-soola-ja-pipra-komplekt-vita-merekarp\/#primaryimage"},"image":{"@id":"https:\/\/ruuby.ee\/en\/pood\/kodusisustus\/soogituba\/muubs-soola-ja-pipra-komplekt-vita-merekarp\/#primaryimage"},"thumbnailUrl":"https:\/\/ruuby.ee\/wp-content\/uploads\/2025\/01\/Screenshot-2025-01-16-at-17.16.42.png","datePublished":"2025-01-16T15:21:31+00:00","dateModified":"2026-04-05T22:26:22+00:00","breadcrumb":{"@id":"https:\/\/ruuby.ee\/en\/pood\/kodusisustus\/soogituba\/muubs-soola-ja-pipra-komplekt-vita-merekarp\/#breadcrumb"},"inLanguage":"en-GB","potentialAction":[{"@type":"ReadAction","target":["https:\/\/ruuby.ee\/en\/pood\/kodusisustus\/soogituba\/muubs-soola-ja-pipra-komplekt-vita-merekarp\/"]}]},{"@type":"ImageObject","inLanguage":"en-GB","@id":"https:\/\/ruuby.ee\/en\/pood\/kodusisustus\/soogituba\/muubs-soola-ja-pipra-komplekt-vita-merekarp\/#primaryimage","url":"https:\/\/ruuby.ee\/wp-content\/uploads\/2025\/01\/Screenshot-2025-01-16-at-17.16.42.png","contentUrl":"https:\/\/ruuby.ee\/wp-content\/uploads\/2025\/01\/Screenshot-2025-01-16-at-17.16.42.png","width":1054,"height":1052},{"@type":"BreadcrumbList","@id":"https:\/\/ruuby.ee\/en\/pood\/kodusisustus\/soogituba\/muubs-soola-ja-pipra-komplekt-vita-merekarp\/#breadcrumb","itemListElement":[{"@type":"ListItem","position":1,"name":"Kdu","item":"http:\/\/ruuby.ee\/"},{"@type":"ListItem","position":2,"name":"Pood","item":"https:\/\/ruuby.ee\/en\/pood\/"},{"@type":"ListItem","position":3,"name":"MUUBS soola ja pipra komplekt Vita &#8211; Merekarp"}]},{"@type":"WebSite","@id":"http:\/\/ruuby.ee\/#website","url":"http:\/\/ruuby.ee\/","name":"RUUBY","description":"Ruubys on \u00fchendatud elustiil ja disain","publisher":{"@id":"http:\/\/ruuby.ee\/#organization"},"alternateName":"Ruuby Disain","potentialAction":[{"@type":"SearchAction","target":{"@type":"EntryPoint","urlTemplate":"http:\/\/ruuby.ee\/?s={search_term_string}"},"query-input":{"@type":"PropertyValueSpecification","valueRequired":true,"valueName":"search_term_string"}}],"inLanguage":"en-GB"},{"@type":"Organization","@id":"http:\/\/ruuby.ee\/#organization","name":"Ruuby Disain O\u00dc","alternateName":"Ruuby","url":"http:\/\/ruuby.ee\/","logo":{"@type":"ImageObject","inLanguage":"en-GB","@id":"http:\/\/ruuby.ee\/#\/schema\/logo\/image\/","url":"https:\/\/ruuby.ee\/wp-content\/uploads\/2023\/06\/cropped-Black-White-Elegant-Circle-Signature-Fashion-Logo-12_large.png","contentUrl":"https:\/\/ruuby.ee\/wp-content\/uploads\/2023\/06\/cropped-Black-White-Elegant-Circle-Signature-Fashion-Logo-12_large.png","width":1280,"height":747,"caption":"Ruuby Disain O\u00dc"},"image":{"@id":"http:\/\/ruuby.ee\/#\/schema\/logo\/image\/"},"sameAs":["https:\/\/www.facebook.com\/ruubyconcept","https:\/\/www.instagram.com\/ruuby_concept\/"]}]}},"jetpack_sharing_enabled":true,"_links":{"self":[{"href":"https:\/\/ruuby.ee\/en\/wp-json\/wp\/v2\/product\/1850971","targetHints":{"allow":["GET"]}}],"collection":[{"href":"https:\/\/ruuby.ee\/en\/wp-json\/wp\/v2\/product"}],"about":[{"href":"https:\/\/ruuby.ee\/en\/wp-json\/wp\/v2\/types\/product"}],"replies":[{"embeddable":true,"href":"https:\/\/ruuby.ee\/en\/wp-json\/wp\/v2\/comments?post=1850971"}],"wp:featuredmedia":[{"embeddable":true,"href":"https:\/\/ruuby.ee\/en\/wp-json\/wp\/v2\/media\/1850973"}],"wp:attachment":[{"href":"https:\/\/ruuby.ee\/en\/wp-json\/wp\/v2\/media?parent=1850971"}],"wp:term":[{"taxonomy":"product_brand","embeddable":true,"href":"https:\/\/ruuby.ee\/en\/wp-json\/wp\/v2\/product_brand?post=1850971"},{"taxonomy":"product_cat","embeddable":true,"href":"https:\/\/ruuby.ee\/en\/wp-json\/wp\/v2\/product_cat?post=1850971"},{"taxonomy":"product_tag","embeddable":true,"href":"https:\/\/ruuby.ee\/en\/wp-json\/wp\/v2\/product_tag?post=1850971"}],"curies":[{"name":"wp","href":"https:\/\/api.w.org\/{rel}","templated":true}]}}