{"id":1850520,"date":"2024-11-29T15:17:20","date_gmt":"2024-11-29T13:17:20","guid":{"rendered":"http:\/\/ruuby.ee\/?post_type=product&#038;p=1850520"},"modified":"2026-04-05T01:25:23","modified_gmt":"2026-04-04T22:25:23","slug":"kinfill-koogipuhastusvahendi-stardikomplekt-1-taiteampull-menthe","status":"publish","type":"product","link":"https:\/\/ruuby.ee\/en\/pood\/kodusisustus\/puhastusvahendid\/stardikomplektid\/kinfill-koogipuhastusvahendi-stardikomplekt-1-taiteampull-menthe\/","title":{"rendered":"KINFILL &#8211; K\u00f6\u00f6gipuhastusvahendi stardikomplekt + 1 t\u00e4iteampull, Menthe"},"content":{"rendered":"<p>K\u00f6\u00f6gipuhastusvahend on valmistatud puhastest koostisosadest ja eemaldab t\u00f5husalt rasva pliidi \u00fcmbert. M\u00f5eldud rasvaga v\u00f5itlemiseks<\/p>\n<ul>\n<li>Valmistatud puhastest koostisosadest \u2013 100% biolagunev<\/li>\n<li>Ohutu erinevatele pindadele, nagu roostevaba teras ja looduskivi<\/li>\n<li>\u00dche puhastuskontsentraadi tulemuseks on 500 ml puhastusvahendit<\/li>\n<\/ul>\n<p>Kinfill tooted on loodud nii, et need oleksid teie kodus \u00f5rnad, kuid samas \u00e4\u00e4rmiselt t\u00f5husad. See t\u00e4hendab nii maja, kus elate, kui ka keskkonda, kus elate.<\/p>\n<p>Koostis: vesi, hargnenud C10-8 EO, C12-C14 amidetoks\u00fclaat, C10-16 EO\/PO, kvaternaarne C12-C14 alk\u00fc\u00fclmet\u00fc\u00fclamiin, MGDA-Na3, isopropanool, sidrunhape, bronopol ja 2-n-okt\u00fc\u00fcl-4-isotiasoliin-3 &#8211; \u00fcks, parf\u00fc\u00fcm. 100% biolagunevatest koostisosadest valmistatud korduvt\u00e4idetav veganvalem on rasedate naiste, laste ja lemmikloomade jaoks ohutu. Uhkelt valmistatud Hollandis.<\/p>\n<p>Mis on pakendis:<\/p>\n<ul>\n<li>1 x Glass Forever Spray pudel<\/li>\n<li>1 x Kitchen Cleaneri puhastuskontsentraadi ampull<\/li>\n<\/ul>\n<p>L\u00f5hn: V\u00e4rskendav, maal\u00e4hedane, magus<\/p>\n<p>Tootel on B Corpi sertifikaat, mis peegeldab Kinfill p\u00fchendumust t\u00e4ita B Labi k\u00f5rgeid sotsiaalse ja keskkonnam\u00f5ju, l\u00e4bipaistvuse ja vastutuse standardeid.<\/p>\n<div class=\"product__block product__block--half\">\n<div class=\"product__icon__row\">\n<div class=\"product__icon icon-stroke\"><\/div>\n<\/div>\n<\/div>\n<div class=\"product__block product__block--half\">\n<div class=\"product__icon__row\">\n<div class=\"product__icon__text\"><\/div>\n<\/div>\n<\/div>","protected":false},"excerpt":{"rendered":"<div class=\"product__block product__block--half\">\n<div class=\"product__icon__row\">\n<div class=\"product__icon icon-stroke\">\n<div class=\"product__icon__holder\"><img decoding=\"async\" class=\"product__icon__img lazyautosizes ls-is-cached lazyloaded\" src=\"https:\/\/kinfill.com\/cdn\/shop\/files\/230508_Icon_No_single-use_plastic.png?v=1728545542&amp;width=40\" sizes=\"20px\" srcset=\"https:\/\/kinfill.com\/cdn\/shop\/files\/230508_Icon_No_single-use_plastic.png?v=1728545542&amp;width=50 50w, https:\/\/kinfill.com\/cdn\/shop\/files\/230508_Icon_No_single-use_plastic.png?v=1728545542&amp;width=60 60w, https:\/\/kinfill.com\/cdn\/shop\/files\/230508_Icon_No_single-use_plastic.png?v=1728545542&amp;width=70 70w, https:\/\/kinfill.com\/cdn\/shop\/files\/230508_Icon_No_single-use_plastic.png?v=1728545542&amp;width=80 80w, https:\/\/kinfill.com\/cdn\/shop\/files\/230508_Icon_No_single-use_plastic.png?v=1728545542&amp;width=90 90w, https:\/\/kinfill.com\/cdn\/shop\/files\/230508_Icon_No_single-use_plastic.png?v=1728545542&amp;width=100 100w, https:\/\/kinfill.com\/cdn\/shop\/files\/230508_Icon_No_single-use_plastic.png?v=1728545542&amp;width=110 110w, https:\/\/kinfill.com\/cdn\/shop\/files\/230508_Icon_No_single-use_plastic.png?v=1728545542&amp;width=119 119w\" width=\"40\" height=\"40\" \/>Taask\u00e4itlus<\/div>\n<\/div>\n<\/div>\n<\/div>\n<div class=\"product__block product__block--half\">\n<div class=\"product__icon__row\">\n<div class=\"product__icon icon-stroke\">\n<div class=\"product__icon__holder\"><img decoding=\"async\" class=\"product__icon__img lazyautosizes ls-is-cached lazyloaded\" src=\"https:\/\/kinfill.com\/cdn\/shop\/files\/230508_Icon_Cruelty-Free.png?v=1728545492&amp;width=40\" sizes=\"20px\" srcset=\"https:\/\/kinfill.com\/cdn\/shop\/files\/230508_Icon_Cruelty-Free.png?v=1728545492&amp;width=50 50w, https:\/\/kinfill.com\/cdn\/shop\/files\/230508_Icon_Cruelty-Free.png?v=1728545492&amp;width=60 60w, https:\/\/kinfill.com\/cdn\/shop\/files\/230508_Icon_Cruelty-Free.png?v=1728545492&amp;width=70 70w, https:\/\/kinfill.com\/cdn\/shop\/files\/230508_Icon_Cruelty-Free.png?v=1728545492&amp;width=80 80w, https:\/\/kinfill.com\/cdn\/shop\/files\/230508_Icon_Cruelty-Free.png?v=1728545492&amp;width=90 90w, https:\/\/kinfill.com\/cdn\/shop\/files\/230508_Icon_Cruelty-Free.png?v=1728545492&amp;width=100 100w, https:\/\/kinfill.com\/cdn\/shop\/files\/230508_Icon_Cruelty-Free.png?v=1728545492&amp;width=110 110w, https:\/\/kinfill.com\/cdn\/shop\/files\/230508_Icon_Cruelty-Free.png?v=1728545492&amp;width=119 119w\" width=\"40\" height=\"40\" \/><\/div>\n<\/div>\n<div class=\"product__icon__text\">Julmusevaba<\/div>\n<\/div>\n<\/div>\n<div class=\"product__block product__block--half\">\n<div class=\"product__icon__row\">\n<div class=\"product__icon icon-stroke\">\n<div class=\"product__icon__holder\"><img decoding=\"async\" class=\"product__icon__img lazyautosizes ls-is-cached lazyloaded\" src=\"https:\/\/kinfill.com\/cdn\/shop\/files\/230725_web_Icons-11.svg?v=1690285376&amp;width=40\" sizes=\"20px\" srcset=\"https:\/\/kinfill.com\/cdn\/shop\/files\/230725_web_Icons-11.svg?v=1690285376&amp;width=50 50w, https:\/\/kinfill.com\/cdn\/shop\/files\/230725_web_Icons-11.svg?v=1690285376&amp;width=60 60w, https:\/\/kinfill.com\/cdn\/shop\/files\/230725_web_Icons-11.svg?v=1690285376&amp;width=70 70w, https:\/\/kinfill.com\/cdn\/shop\/files\/230725_web_Icons-11.svg?v=1690285376&amp;width=80 80w, https:\/\/kinfill.com\/cdn\/shop\/files\/230725_web_Icons-11.svg?v=1690285376&amp;width=90 90w, https:\/\/kinfill.com\/cdn\/shop\/files\/230725_web_Icons-11.svg?v=1690285376&amp;width=100 100w, https:\/\/kinfill.com\/cdn\/shop\/files\/230725_web_Icons-11.svg?v=1690285376&amp;width=110 110w, https:\/\/kinfill.com\/cdn\/shop\/files\/230725_web_Icons-11.svg?v=1690285376&amp;width=120 120w, https:\/\/kinfill.com\/cdn\/shop\/files\/230725_web_Icons-11.svg?v=1690285376&amp;width=130 130w, https:\/\/kinfill.com\/cdn\/shop\/files\/230725_web_Icons-11.svg?v=1690285376&amp;width=130 130w\" width=\"40\" height=\"40\" \/><\/div>\n<\/div>\n<div class=\"product__icon__text\">Igavesti uuesti t\u00e4idetav<\/div>\n<\/div>\n<\/div>\n<div class=\"product__block product__block--half\">\n<div class=\"product__icon__row\">\n<div class=\"product__icon icon-stroke\">\n<div class=\"product__icon__holder\"><img loading=\"lazy\" decoding=\"async\" class=\"product__icon__img lazyautosizes ls-is-cached lazyloaded\" src=\"https:\/\/kinfill.com\/cdn\/shop\/files\/230725_web_Icons-10.svg?v=1690285376&amp;width=40\" sizes=\"20px\" srcset=\"https:\/\/kinfill.com\/cdn\/shop\/files\/230725_web_Icons-10.svg?v=1690285376&amp;width=50 50w, https:\/\/kinfill.com\/cdn\/shop\/files\/230725_web_Icons-10.svg?v=1690285376&amp;width=60 60w, https:\/\/kinfill.com\/cdn\/shop\/files\/230725_web_Icons-10.svg?v=1690285376&amp;width=70 70w, https:\/\/kinfill.com\/cdn\/shop\/files\/230725_web_Icons-10.svg?v=1690285376&amp;width=80 80w, https:\/\/kinfill.com\/cdn\/shop\/files\/230725_web_Icons-10.svg?v=1690285376&amp;width=90 90w, https:\/\/kinfill.com\/cdn\/shop\/files\/230725_web_Icons-10.svg?v=1690285376&amp;width=100 100w, https:\/\/kinfill.com\/cdn\/shop\/files\/230725_web_Icons-10.svg?v=1690285376&amp;width=110 110w, https:\/\/kinfill.com\/cdn\/shop\/files\/230725_web_Icons-10.svg?v=1690285376&amp;width=120 120w, https:\/\/kinfill.com\/cdn\/shop\/files\/230725_web_Icons-10.svg?v=1690285376&amp;width=130 130w, https:\/\/kinfill.com\/cdn\/shop\/files\/230725_web_Icons-10.svg?v=1690285376&amp;width=130 130w\" width=\"40\" height=\"40\" \/><\/div>\n<\/div>\n<div class=\"product__icon__text\">Valmistatud Hollandis<\/div>\n<\/div>\n<\/div>\n<p>&nbsp;<\/p>","protected":false},"featured_media":1850523,"comment_status":"closed","ping_status":"closed","template":"","meta":[],"product_brand":[],"product_cat":[42,891,986],"product_tag":[],"class_list":{"0":"post-1850520","1":"product","2":"type-product","3":"status-publish","4":"has-post-thumbnail","6":"product_cat-kodusisustus","7":"product_cat-puhastusvahendid","8":"product_cat-stardikomplektid","10":"first","11":"outofstock","12":"taxable","13":"shipping-taxable","14":"purchasable","15":"product-type-simple"},"yoast_head":"<!-- This site is optimized with the Yoast SEO plugin v27.2 - https:\/\/yoast.com\/product\/yoast-seo-wordpress\/ -->\n<title>KINFILL - K\u00f6\u00f6gipuhastusvahendi stardikomplekt + 1 t\u00e4iteampull, Menthe - RUUBY<\/title>\n<meta name=\"robots\" content=\"index, follow, max-snippet:-1, max-image-preview:large, max-video-preview:-1\" \/>\n<link rel=\"canonical\" href=\"https:\/\/ruuby.ee\/en\/pood\/kodusisustus\/puhastusvahendid\/stardikomplektid\/kinfill-koogipuhastusvahendi-stardikomplekt-1-taiteampull-menthe\/\" \/>\n<meta property=\"og:locale\" content=\"en_GB\" \/>\n<meta property=\"og:type\" content=\"article\" \/>\n<meta property=\"og:title\" content=\"KINFILL - K\u00f6\u00f6gipuhastusvahendi stardikomplekt + 1 t\u00e4iteampull, Menthe - RUUBY\" \/>\n<meta property=\"og:description\" content=\"Taask\u00e4itlus         Julmusevaba        Igavesti uuesti t\u00e4idetav        Valmistatud Hollandis   &nbsp;\" \/>\n<meta property=\"og:url\" content=\"https:\/\/ruuby.ee\/en\/pood\/kodusisustus\/puhastusvahendid\/stardikomplektid\/kinfill-koogipuhastusvahendi-stardikomplekt-1-taiteampull-menthe\/\" \/>\n<meta property=\"og:site_name\" content=\"RUUBY\" \/>\n<meta property=\"article:publisher\" content=\"https:\/\/www.facebook.com\/ruubyconcept\" \/>\n<meta property=\"article:modified_time\" content=\"2026-04-04T22:25:23+00:00\" \/>\n<meta property=\"og:image\" content=\"https:\/\/ruuby.ee\/wp-content\/uploads\/2024\/11\/Screenshot-2024-11-29-at-15.18.02.png\" \/>\n\t<meta property=\"og:image:width\" content=\"1504\" \/>\n\t<meta property=\"og:image:height\" content=\"1246\" \/>\n\t<meta property=\"og:image:type\" content=\"image\/png\" \/>\n<meta name=\"twitter:card\" content=\"summary_large_image\" \/>\n<meta name=\"twitter:label1\" content=\"Estimated reading time\" \/>\n\t<meta name=\"twitter:data1\" content=\"1 minute\" \/>\n<script type=\"application\/ld+json\" class=\"yoast-schema-graph\">{\"@context\":\"https:\/\/schema.org\",\"@graph\":[{\"@type\":[\"WebPage\",\"ItemPage\"],\"@id\":\"https:\/\/ruuby.ee\/en\/pood\/kodusisustus\/puhastusvahendid\/stardikomplektid\/kinfill-koogipuhastusvahendi-stardikomplekt-1-taiteampull-menthe\/\",\"url\":\"https:\/\/ruuby.ee\/en\/pood\/kodusisustus\/puhastusvahendid\/stardikomplektid\/kinfill-koogipuhastusvahendi-stardikomplekt-1-taiteampull-menthe\/\",\"name\":\"KINFILL - K\u00f6\u00f6gipuhastusvahendi stardikomplekt + 1 t\u00e4iteampull, Menthe - RUUBY\",\"isPartOf\":{\"@id\":\"http:\/\/ruuby.ee\/#website\"},\"primaryImageOfPage\":{\"@id\":\"https:\/\/ruuby.ee\/en\/pood\/kodusisustus\/puhastusvahendid\/stardikomplektid\/kinfill-koogipuhastusvahendi-stardikomplekt-1-taiteampull-menthe\/#primaryimage\"},\"image\":{\"@id\":\"https:\/\/ruuby.ee\/en\/pood\/kodusisustus\/puhastusvahendid\/stardikomplektid\/kinfill-koogipuhastusvahendi-stardikomplekt-1-taiteampull-menthe\/#primaryimage\"},\"thumbnailUrl\":\"https:\/\/ruuby.ee\/wp-content\/uploads\/2024\/11\/Screenshot-2024-11-29-at-15.18.02.png\",\"datePublished\":\"2024-11-29T13:17:20+00:00\",\"dateModified\":\"2026-04-04T22:25:23+00:00\",\"breadcrumb\":{\"@id\":\"https:\/\/ruuby.ee\/en\/pood\/kodusisustus\/puhastusvahendid\/stardikomplektid\/kinfill-koogipuhastusvahendi-stardikomplekt-1-taiteampull-menthe\/#breadcrumb\"},\"inLanguage\":\"en-GB\",\"potentialAction\":[{\"@type\":\"ReadAction\",\"target\":[\"https:\/\/ruuby.ee\/en\/pood\/kodusisustus\/puhastusvahendid\/stardikomplektid\/kinfill-koogipuhastusvahendi-stardikomplekt-1-taiteampull-menthe\/\"]}]},{\"@type\":\"ImageObject\",\"inLanguage\":\"en-GB\",\"@id\":\"https:\/\/ruuby.ee\/en\/pood\/kodusisustus\/puhastusvahendid\/stardikomplektid\/kinfill-koogipuhastusvahendi-stardikomplekt-1-taiteampull-menthe\/#primaryimage\",\"url\":\"https:\/\/ruuby.ee\/wp-content\/uploads\/2024\/11\/Screenshot-2024-11-29-at-15.18.02.png\",\"contentUrl\":\"https:\/\/ruuby.ee\/wp-content\/uploads\/2024\/11\/Screenshot-2024-11-29-at-15.18.02.png\",\"width\":1504,\"height\":1246},{\"@type\":\"BreadcrumbList\",\"@id\":\"https:\/\/ruuby.ee\/en\/pood\/kodusisustus\/puhastusvahendid\/stardikomplektid\/kinfill-koogipuhastusvahendi-stardikomplekt-1-taiteampull-menthe\/#breadcrumb\",\"itemListElement\":[{\"@type\":\"ListItem\",\"position\":1,\"name\":\"Kdu\",\"item\":\"http:\/\/ruuby.ee\/\"},{\"@type\":\"ListItem\",\"position\":2,\"name\":\"Pood\",\"item\":\"https:\/\/ruuby.ee\/en\/pood\/\"},{\"@type\":\"ListItem\",\"position\":3,\"name\":\"KINFILL &#8211; K\u00f6\u00f6gipuhastusvahendi stardikomplekt + 1 t\u00e4iteampull, Menthe\"}]},{\"@type\":\"WebSite\",\"@id\":\"http:\/\/ruuby.ee\/#website\",\"url\":\"http:\/\/ruuby.ee\/\",\"name\":\"RUUBY\",\"description\":\"Ruubys on \u00fchendatud elustiil ja disain\",\"publisher\":{\"@id\":\"http:\/\/ruuby.ee\/#organization\"},\"alternateName\":\"Ruuby Disain\",\"potentialAction\":[{\"@type\":\"SearchAction\",\"target\":{\"@type\":\"EntryPoint\",\"urlTemplate\":\"http:\/\/ruuby.ee\/?s={search_term_string}\"},\"query-input\":{\"@type\":\"PropertyValueSpecification\",\"valueRequired\":true,\"valueName\":\"search_term_string\"}}],\"inLanguage\":\"en-GB\"},{\"@type\":\"Organization\",\"@id\":\"http:\/\/ruuby.ee\/#organization\",\"name\":\"Ruuby Disain O\u00dc\",\"alternateName\":\"Ruuby\",\"url\":\"http:\/\/ruuby.ee\/\",\"logo\":{\"@type\":\"ImageObject\",\"inLanguage\":\"en-GB\",\"@id\":\"http:\/\/ruuby.ee\/#\/schema\/logo\/image\/\",\"url\":\"https:\/\/ruuby.ee\/wp-content\/uploads\/2023\/06\/cropped-Black-White-Elegant-Circle-Signature-Fashion-Logo-12_large.png\",\"contentUrl\":\"https:\/\/ruuby.ee\/wp-content\/uploads\/2023\/06\/cropped-Black-White-Elegant-Circle-Signature-Fashion-Logo-12_large.png\",\"width\":1280,\"height\":747,\"caption\":\"Ruuby Disain O\u00dc\"},\"image\":{\"@id\":\"http:\/\/ruuby.ee\/#\/schema\/logo\/image\/\"},\"sameAs\":[\"https:\/\/www.facebook.com\/ruubyconcept\",\"https:\/\/www.instagram.com\/ruuby_concept\/\"]}]}<\/script>\n<!-- \/ Yoast SEO plugin. -->","yoast_head_json":{"title":"KINFILL - K\u00f6\u00f6gipuhastusvahendi stardikomplekt + 1 t\u00e4iteampull, Menthe - RUUBY","robots":{"index":"index","follow":"follow","max-snippet":"max-snippet:-1","max-image-preview":"max-image-preview:large","max-video-preview":"max-video-preview:-1"},"canonical":"https:\/\/ruuby.ee\/en\/pood\/kodusisustus\/puhastusvahendid\/stardikomplektid\/kinfill-koogipuhastusvahendi-stardikomplekt-1-taiteampull-menthe\/","og_locale":"en_GB","og_type":"article","og_title":"KINFILL - K\u00f6\u00f6gipuhastusvahendi stardikomplekt + 1 t\u00e4iteampull, Menthe - RUUBY","og_description":"Taask\u00e4itlus         Julmusevaba        Igavesti uuesti t\u00e4idetav        Valmistatud Hollandis   &nbsp;","og_url":"https:\/\/ruuby.ee\/en\/pood\/kodusisustus\/puhastusvahendid\/stardikomplektid\/kinfill-koogipuhastusvahendi-stardikomplekt-1-taiteampull-menthe\/","og_site_name":"RUUBY","article_publisher":"https:\/\/www.facebook.com\/ruubyconcept","article_modified_time":"2026-04-04T22:25:23+00:00","og_image":[{"width":1504,"height":1246,"url":"https:\/\/ruuby.ee\/wp-content\/uploads\/2024\/11\/Screenshot-2024-11-29-at-15.18.02.png","type":"image\/png"}],"twitter_card":"summary_large_image","twitter_misc":{"Estimated reading time":"1 minute"},"schema":{"@context":"https:\/\/schema.org","@graph":[{"@type":["WebPage","ItemPage"],"@id":"https:\/\/ruuby.ee\/en\/pood\/kodusisustus\/puhastusvahendid\/stardikomplektid\/kinfill-koogipuhastusvahendi-stardikomplekt-1-taiteampull-menthe\/","url":"https:\/\/ruuby.ee\/en\/pood\/kodusisustus\/puhastusvahendid\/stardikomplektid\/kinfill-koogipuhastusvahendi-stardikomplekt-1-taiteampull-menthe\/","name":"KINFILL - K\u00f6\u00f6gipuhastusvahendi stardikomplekt + 1 t\u00e4iteampull, Menthe - RUUBY","isPartOf":{"@id":"http:\/\/ruuby.ee\/#website"},"primaryImageOfPage":{"@id":"https:\/\/ruuby.ee\/en\/pood\/kodusisustus\/puhastusvahendid\/stardikomplektid\/kinfill-koogipuhastusvahendi-stardikomplekt-1-taiteampull-menthe\/#primaryimage"},"image":{"@id":"https:\/\/ruuby.ee\/en\/pood\/kodusisustus\/puhastusvahendid\/stardikomplektid\/kinfill-koogipuhastusvahendi-stardikomplekt-1-taiteampull-menthe\/#primaryimage"},"thumbnailUrl":"https:\/\/ruuby.ee\/wp-content\/uploads\/2024\/11\/Screenshot-2024-11-29-at-15.18.02.png","datePublished":"2024-11-29T13:17:20+00:00","dateModified":"2026-04-04T22:25:23+00:00","breadcrumb":{"@id":"https:\/\/ruuby.ee\/en\/pood\/kodusisustus\/puhastusvahendid\/stardikomplektid\/kinfill-koogipuhastusvahendi-stardikomplekt-1-taiteampull-menthe\/#breadcrumb"},"inLanguage":"en-GB","potentialAction":[{"@type":"ReadAction","target":["https:\/\/ruuby.ee\/en\/pood\/kodusisustus\/puhastusvahendid\/stardikomplektid\/kinfill-koogipuhastusvahendi-stardikomplekt-1-taiteampull-menthe\/"]}]},{"@type":"ImageObject","inLanguage":"en-GB","@id":"https:\/\/ruuby.ee\/en\/pood\/kodusisustus\/puhastusvahendid\/stardikomplektid\/kinfill-koogipuhastusvahendi-stardikomplekt-1-taiteampull-menthe\/#primaryimage","url":"https:\/\/ruuby.ee\/wp-content\/uploads\/2024\/11\/Screenshot-2024-11-29-at-15.18.02.png","contentUrl":"https:\/\/ruuby.ee\/wp-content\/uploads\/2024\/11\/Screenshot-2024-11-29-at-15.18.02.png","width":1504,"height":1246},{"@type":"BreadcrumbList","@id":"https:\/\/ruuby.ee\/en\/pood\/kodusisustus\/puhastusvahendid\/stardikomplektid\/kinfill-koogipuhastusvahendi-stardikomplekt-1-taiteampull-menthe\/#breadcrumb","itemListElement":[{"@type":"ListItem","position":1,"name":"Kdu","item":"http:\/\/ruuby.ee\/"},{"@type":"ListItem","position":2,"name":"Pood","item":"https:\/\/ruuby.ee\/en\/pood\/"},{"@type":"ListItem","position":3,"name":"KINFILL &#8211; K\u00f6\u00f6gipuhastusvahendi stardikomplekt + 1 t\u00e4iteampull, Menthe"}]},{"@type":"WebSite","@id":"http:\/\/ruuby.ee\/#website","url":"http:\/\/ruuby.ee\/","name":"RUUBY","description":"Ruubys on \u00fchendatud elustiil ja disain","publisher":{"@id":"http:\/\/ruuby.ee\/#organization"},"alternateName":"Ruuby Disain","potentialAction":[{"@type":"SearchAction","target":{"@type":"EntryPoint","urlTemplate":"http:\/\/ruuby.ee\/?s={search_term_string}"},"query-input":{"@type":"PropertyValueSpecification","valueRequired":true,"valueName":"search_term_string"}}],"inLanguage":"en-GB"},{"@type":"Organization","@id":"http:\/\/ruuby.ee\/#organization","name":"Ruuby Disain O\u00dc","alternateName":"Ruuby","url":"http:\/\/ruuby.ee\/","logo":{"@type":"ImageObject","inLanguage":"en-GB","@id":"http:\/\/ruuby.ee\/#\/schema\/logo\/image\/","url":"https:\/\/ruuby.ee\/wp-content\/uploads\/2023\/06\/cropped-Black-White-Elegant-Circle-Signature-Fashion-Logo-12_large.png","contentUrl":"https:\/\/ruuby.ee\/wp-content\/uploads\/2023\/06\/cropped-Black-White-Elegant-Circle-Signature-Fashion-Logo-12_large.png","width":1280,"height":747,"caption":"Ruuby Disain O\u00dc"},"image":{"@id":"http:\/\/ruuby.ee\/#\/schema\/logo\/image\/"},"sameAs":["https:\/\/www.facebook.com\/ruubyconcept","https:\/\/www.instagram.com\/ruuby_concept\/"]}]}},"jetpack_sharing_enabled":true,"_links":{"self":[{"href":"https:\/\/ruuby.ee\/en\/wp-json\/wp\/v2\/product\/1850520","targetHints":{"allow":["GET"]}}],"collection":[{"href":"https:\/\/ruuby.ee\/en\/wp-json\/wp\/v2\/product"}],"about":[{"href":"https:\/\/ruuby.ee\/en\/wp-json\/wp\/v2\/types\/product"}],"replies":[{"embeddable":true,"href":"https:\/\/ruuby.ee\/en\/wp-json\/wp\/v2\/comments?post=1850520"}],"wp:featuredmedia":[{"embeddable":true,"href":"https:\/\/ruuby.ee\/en\/wp-json\/wp\/v2\/media\/1850523"}],"wp:attachment":[{"href":"https:\/\/ruuby.ee\/en\/wp-json\/wp\/v2\/media?parent=1850520"}],"wp:term":[{"taxonomy":"product_brand","embeddable":true,"href":"https:\/\/ruuby.ee\/en\/wp-json\/wp\/v2\/product_brand?post=1850520"},{"taxonomy":"product_cat","embeddable":true,"href":"https:\/\/ruuby.ee\/en\/wp-json\/wp\/v2\/product_cat?post=1850520"},{"taxonomy":"product_tag","embeddable":true,"href":"https:\/\/ruuby.ee\/en\/wp-json\/wp\/v2\/product_tag?post=1850520"}],"curies":[{"name":"wp","href":"https:\/\/api.w.org\/{rel}","templated":true}]}}