{"id":1850502,"date":"2024-11-29T14:48:10","date_gmt":"2024-11-29T12:48:10","guid":{"rendered":"http:\/\/ruuby.ee\/?post_type=product&#038;p=1850502"},"modified":"2026-04-08T01:28:29","modified_gmt":"2026-04-07T22:28:29","slug":"kinfill-plekieemaldaja-vetiver","status":"publish","type":"product","link":"https:\/\/ruuby.ee\/en\/pood\/kodusisustus\/puhastusvahendid\/tekstiilipuhastus\/kinfill-plekieemaldaja-vetiver\/","title":{"rendered":"KINFILL &#8211; Plekieemaldaja, Vetiver"},"content":{"rendered":"<p>KINFILL plekieemaldaja \u00f5rn vahulahus, mis on valmistatud planeedis\u00f5bralikest koostisosadest, eemaldab t\u00f5husalt mustuse ja plekid riietelt, jalan\u00f5udelt ja m\u00f6\u00f6blilt, pikendades nende eluiga j\u00e4tkusuutlikult.<\/p>\n<p>L\u00f5hn: Vetiver kombineeritud iirise ja kardemoni vihjetega s\u00fcdames.<\/p>\n<p>Mis on pakendis: 1x 150ml klaaspudel, mis on t\u00e4idetud plekieemaldajaga<\/p>\n<p>Koostisosad: Vesi, ens\u00fc\u00fcmid, st\u00fcreenakr\u00fc\u00fclkopol\u00fcmeer, dinaatriumkoko\u00fc\u00fclglutamaat,<br \/>\nKokamidoprop\u00fc\u00fclbetain, s\u00e4ilitusaine, limoneen, linalool, parf\u00fc\u00fcm, 1,2-bensisotiasoliin-3-oon, 2-met\u00fc\u00fcl-4-isotiasoliin-3-oon<\/p>\n<p>Tootel on B Corpi sertifikaat, mis peegeldab Kinfill p\u00fchendumust t\u00e4ita B Labi k\u00f5rgeid sotsiaalse ja keskkonnam\u00f5ju, l\u00e4bipaistvuse ja vastutuse standardeid.<\/p>\n<p>Pikendage oma lemmikr\u00f5ivaste, -jalatsite ja -m\u00f6\u00f6bli eluiga. Meie tekstiilihoolduslahendused koosnevad 100% biolagunevatest koostisosadest, on vegan, julmusevabad ja on uhkelt valmistatud Hollandis.<\/p>\n<div class=\"product__block product__block--half\">\n<div class=\"product__icon__row\">\n<div class=\"product__icon icon-stroke\"><\/div>\n<\/div>\n<\/div>\n<div class=\"product__block product__block--half\">\n<div class=\"product__icon__row\">\n<div class=\"product__icon__text\"><\/div>\n<\/div>\n<\/div>","protected":false},"excerpt":{"rendered":"<div class=\"product__block product__block--half\">\n<div class=\"product__icon__row\">\n<div class=\"product__icon icon-stroke\">\n<div class=\"product__icon__holder\"><img decoding=\"async\" class=\"product__icon__img lazyautosizes ls-is-cached lazyloaded\" src=\"https:\/\/kinfill.com\/cdn\/shop\/files\/230508_Icon_No_single-use_plastic.png?v=1728545542&amp;width=40\" sizes=\"20px\" srcset=\"https:\/\/kinfill.com\/cdn\/shop\/files\/230508_Icon_No_single-use_plastic.png?v=1728545542&amp;width=50 50w, https:\/\/kinfill.com\/cdn\/shop\/files\/230508_Icon_No_single-use_plastic.png?v=1728545542&amp;width=60 60w, https:\/\/kinfill.com\/cdn\/shop\/files\/230508_Icon_No_single-use_plastic.png?v=1728545542&amp;width=70 70w, https:\/\/kinfill.com\/cdn\/shop\/files\/230508_Icon_No_single-use_plastic.png?v=1728545542&amp;width=80 80w, https:\/\/kinfill.com\/cdn\/shop\/files\/230508_Icon_No_single-use_plastic.png?v=1728545542&amp;width=90 90w, https:\/\/kinfill.com\/cdn\/shop\/files\/230508_Icon_No_single-use_plastic.png?v=1728545542&amp;width=100 100w, https:\/\/kinfill.com\/cdn\/shop\/files\/230508_Icon_No_single-use_plastic.png?v=1728545542&amp;width=110 110w, https:\/\/kinfill.com\/cdn\/shop\/files\/230508_Icon_No_single-use_plastic.png?v=1728545542&amp;width=119 119w\" width=\"40\" height=\"40\" \/>Taask\u00e4itlus<\/div>\n<\/div>\n<\/div>\n<\/div>\n<div class=\"product__block product__block--half\">\n<div class=\"product__icon__row\">\n<div class=\"product__icon icon-stroke\">\n<div class=\"product__icon__holder\"><img decoding=\"async\" class=\"product__icon__img lazyautosizes ls-is-cached lazyloaded\" src=\"https:\/\/kinfill.com\/cdn\/shop\/files\/230508_Icon_Cruelty-Free.png?v=1728545492&amp;width=40\" sizes=\"20px\" srcset=\"https:\/\/kinfill.com\/cdn\/shop\/files\/230508_Icon_Cruelty-Free.png?v=1728545492&amp;width=50 50w, https:\/\/kinfill.com\/cdn\/shop\/files\/230508_Icon_Cruelty-Free.png?v=1728545492&amp;width=60 60w, https:\/\/kinfill.com\/cdn\/shop\/files\/230508_Icon_Cruelty-Free.png?v=1728545492&amp;width=70 70w, https:\/\/kinfill.com\/cdn\/shop\/files\/230508_Icon_Cruelty-Free.png?v=1728545492&amp;width=80 80w, https:\/\/kinfill.com\/cdn\/shop\/files\/230508_Icon_Cruelty-Free.png?v=1728545492&amp;width=90 90w, https:\/\/kinfill.com\/cdn\/shop\/files\/230508_Icon_Cruelty-Free.png?v=1728545492&amp;width=100 100w, https:\/\/kinfill.com\/cdn\/shop\/files\/230508_Icon_Cruelty-Free.png?v=1728545492&amp;width=110 110w, https:\/\/kinfill.com\/cdn\/shop\/files\/230508_Icon_Cruelty-Free.png?v=1728545492&amp;width=119 119w\" width=\"40\" height=\"40\" \/><\/div>\n<\/div>\n<div class=\"product__icon__text\">Julmusevaba<\/div>\n<\/div>\n<\/div>\n<div class=\"product__block product__block--half\">\n<div class=\"product__icon__row\">\n<div class=\"product__icon icon-stroke\">\n<div class=\"product__icon__holder\"><img decoding=\"async\" class=\"product__icon__img lazyautosizes ls-is-cached lazyloaded\" src=\"https:\/\/kinfill.com\/cdn\/shop\/files\/230725_web_Icons-11.svg?v=1690285376&amp;width=40\" sizes=\"20px\" srcset=\"https:\/\/kinfill.com\/cdn\/shop\/files\/230725_web_Icons-11.svg?v=1690285376&amp;width=50 50w, https:\/\/kinfill.com\/cdn\/shop\/files\/230725_web_Icons-11.svg?v=1690285376&amp;width=60 60w, https:\/\/kinfill.com\/cdn\/shop\/files\/230725_web_Icons-11.svg?v=1690285376&amp;width=70 70w, https:\/\/kinfill.com\/cdn\/shop\/files\/230725_web_Icons-11.svg?v=1690285376&amp;width=80 80w, https:\/\/kinfill.com\/cdn\/shop\/files\/230725_web_Icons-11.svg?v=1690285376&amp;width=90 90w, https:\/\/kinfill.com\/cdn\/shop\/files\/230725_web_Icons-11.svg?v=1690285376&amp;width=100 100w, https:\/\/kinfill.com\/cdn\/shop\/files\/230725_web_Icons-11.svg?v=1690285376&amp;width=110 110w, https:\/\/kinfill.com\/cdn\/shop\/files\/230725_web_Icons-11.svg?v=1690285376&amp;width=120 120w, https:\/\/kinfill.com\/cdn\/shop\/files\/230725_web_Icons-11.svg?v=1690285376&amp;width=130 130w, https:\/\/kinfill.com\/cdn\/shop\/files\/230725_web_Icons-11.svg?v=1690285376&amp;width=130 130w\" width=\"40\" height=\"40\" \/><\/div>\n<\/div>\n<div class=\"product__icon__text\">Igavesti uuesti t\u00e4idetav<\/div>\n<\/div>\n<\/div>\n<div class=\"product__block product__block--half\">\n<div class=\"product__icon__row\">\n<div class=\"product__icon icon-stroke\">\n<div class=\"product__icon__holder\"><img loading=\"lazy\" decoding=\"async\" class=\"product__icon__img lazyautosizes ls-is-cached lazyloaded\" src=\"https:\/\/kinfill.com\/cdn\/shop\/files\/230725_web_Icons-10.svg?v=1690285376&amp;width=40\" sizes=\"20px\" srcset=\"https:\/\/kinfill.com\/cdn\/shop\/files\/230725_web_Icons-10.svg?v=1690285376&amp;width=50 50w, https:\/\/kinfill.com\/cdn\/shop\/files\/230725_web_Icons-10.svg?v=1690285376&amp;width=60 60w, https:\/\/kinfill.com\/cdn\/shop\/files\/230725_web_Icons-10.svg?v=1690285376&amp;width=70 70w, https:\/\/kinfill.com\/cdn\/shop\/files\/230725_web_Icons-10.svg?v=1690285376&amp;width=80 80w, https:\/\/kinfill.com\/cdn\/shop\/files\/230725_web_Icons-10.svg?v=1690285376&amp;width=90 90w, https:\/\/kinfill.com\/cdn\/shop\/files\/230725_web_Icons-10.svg?v=1690285376&amp;width=100 100w, https:\/\/kinfill.com\/cdn\/shop\/files\/230725_web_Icons-10.svg?v=1690285376&amp;width=110 110w, https:\/\/kinfill.com\/cdn\/shop\/files\/230725_web_Icons-10.svg?v=1690285376&amp;width=120 120w, https:\/\/kinfill.com\/cdn\/shop\/files\/230725_web_Icons-10.svg?v=1690285376&amp;width=130 130w, https:\/\/kinfill.com\/cdn\/shop\/files\/230725_web_Icons-10.svg?v=1690285376&amp;width=130 130w\" width=\"40\" height=\"40\" \/><\/div>\n<\/div>\n<div class=\"product__icon__text\">Valmistatud Hollandis<\/div>\n<\/div>\n<div><\/div>\n<\/div>","protected":false},"featured_media":1850503,"comment_status":"closed","ping_status":"closed","template":"","meta":[],"product_brand":[],"product_cat":[42,891,988],"product_tag":[],"class_list":{"0":"post-1850502","1":"product","2":"type-product","3":"status-publish","4":"has-post-thumbnail","6":"product_cat-kodusisustus","7":"product_cat-puhastusvahendid","8":"product_cat-tekstiilipuhastus","10":"first","11":"instock","12":"taxable","13":"shipping-taxable","14":"purchasable","15":"product-type-simple"},"yoast_head":"<!-- This site is optimized with the Yoast SEO plugin v27.3 - https:\/\/yoast.com\/product\/yoast-seo-wordpress\/ -->\n<title>KINFILL - Plekieemaldaja, Vetiver - RUUBY<\/title>\n<meta name=\"robots\" content=\"index, follow, max-snippet:-1, max-image-preview:large, max-video-preview:-1\" \/>\n<link rel=\"canonical\" href=\"https:\/\/ruuby.ee\/en\/pood\/kodusisustus\/puhastusvahendid\/tekstiilipuhastus\/kinfill-plekieemaldaja-vetiver\/\" \/>\n<meta property=\"og:locale\" content=\"en_GB\" \/>\n<meta property=\"og:type\" content=\"article\" \/>\n<meta property=\"og:title\" content=\"KINFILL - Plekieemaldaja, Vetiver - RUUBY\" \/>\n<meta property=\"og:description\" content=\"Taask\u00e4itlus         Julmusevaba        Igavesti uuesti t\u00e4idetav        Valmistatud Hollandis\" \/>\n<meta property=\"og:url\" content=\"https:\/\/ruuby.ee\/en\/pood\/kodusisustus\/puhastusvahendid\/tekstiilipuhastus\/kinfill-plekieemaldaja-vetiver\/\" \/>\n<meta property=\"og:site_name\" content=\"RUUBY\" \/>\n<meta property=\"article:publisher\" content=\"https:\/\/www.facebook.com\/ruubyconcept\" \/>\n<meta property=\"article:modified_time\" content=\"2026-04-07T22:28:29+00:00\" \/>\n<meta property=\"og:image\" content=\"https:\/\/ruuby.ee\/wp-content\/uploads\/2024\/11\/Screenshot-2024-11-29-at-14.53.34.png\" \/>\n\t<meta property=\"og:image:width\" content=\"1474\" \/>\n\t<meta property=\"og:image:height\" content=\"1280\" \/>\n\t<meta property=\"og:image:type\" content=\"image\/png\" \/>\n<meta name=\"twitter:card\" content=\"summary_large_image\" \/>\n<meta name=\"twitter:label1\" content=\"Estimated reading time\" \/>\n\t<meta name=\"twitter:data1\" content=\"1 minute\" \/>\n<script type=\"application\/ld+json\" class=\"yoast-schema-graph\">{\"@context\":\"https:\\\/\\\/schema.org\",\"@graph\":[{\"@type\":[\"WebPage\",\"ItemPage\"],\"@id\":\"https:\\\/\\\/ruuby.ee\\\/pood\\\/kodusisustus\\\/puhastusvahendid\\\/tekstiilipuhastus\\\/kinfill-plekieemaldaja-vetiver\\\/\",\"url\":\"https:\\\/\\\/ruuby.ee\\\/pood\\\/kodusisustus\\\/puhastusvahendid\\\/tekstiilipuhastus\\\/kinfill-plekieemaldaja-vetiver\\\/\",\"name\":\"KINFILL - Plekieemaldaja, Vetiver - RUUBY\",\"isPartOf\":{\"@id\":\"http:\\\/\\\/ruuby.ee\\\/#website\"},\"primaryImageOfPage\":{\"@id\":\"https:\\\/\\\/ruuby.ee\\\/pood\\\/kodusisustus\\\/puhastusvahendid\\\/tekstiilipuhastus\\\/kinfill-plekieemaldaja-vetiver\\\/#primaryimage\"},\"image\":{\"@id\":\"https:\\\/\\\/ruuby.ee\\\/pood\\\/kodusisustus\\\/puhastusvahendid\\\/tekstiilipuhastus\\\/kinfill-plekieemaldaja-vetiver\\\/#primaryimage\"},\"thumbnailUrl\":\"https:\\\/\\\/ruuby.ee\\\/wp-content\\\/uploads\\\/2024\\\/11\\\/Screenshot-2024-11-29-at-14.53.34.png\",\"datePublished\":\"2024-11-29T12:48:10+00:00\",\"dateModified\":\"2026-04-07T22:28:29+00:00\",\"breadcrumb\":{\"@id\":\"https:\\\/\\\/ruuby.ee\\\/pood\\\/kodusisustus\\\/puhastusvahendid\\\/tekstiilipuhastus\\\/kinfill-plekieemaldaja-vetiver\\\/#breadcrumb\"},\"inLanguage\":\"en-GB\",\"potentialAction\":[{\"@type\":\"ReadAction\",\"target\":[\"https:\\\/\\\/ruuby.ee\\\/pood\\\/kodusisustus\\\/puhastusvahendid\\\/tekstiilipuhastus\\\/kinfill-plekieemaldaja-vetiver\\\/\"]}]},{\"@type\":\"ImageObject\",\"inLanguage\":\"en-GB\",\"@id\":\"https:\\\/\\\/ruuby.ee\\\/pood\\\/kodusisustus\\\/puhastusvahendid\\\/tekstiilipuhastus\\\/kinfill-plekieemaldaja-vetiver\\\/#primaryimage\",\"url\":\"https:\\\/\\\/ruuby.ee\\\/wp-content\\\/uploads\\\/2024\\\/11\\\/Screenshot-2024-11-29-at-14.53.34.png\",\"contentUrl\":\"https:\\\/\\\/ruuby.ee\\\/wp-content\\\/uploads\\\/2024\\\/11\\\/Screenshot-2024-11-29-at-14.53.34.png\",\"width\":1474,\"height\":1280},{\"@type\":\"BreadcrumbList\",\"@id\":\"https:\\\/\\\/ruuby.ee\\\/pood\\\/kodusisustus\\\/puhastusvahendid\\\/tekstiilipuhastus\\\/kinfill-plekieemaldaja-vetiver\\\/#breadcrumb\",\"itemListElement\":[{\"@type\":\"ListItem\",\"position\":1,\"name\":\"Kdu\",\"item\":\"http:\\\/\\\/ruuby.ee\\\/\"},{\"@type\":\"ListItem\",\"position\":2,\"name\":\"Pood\",\"item\":\"http:\\\/\\\/ruuby.ee\\\/pood\\\/\"},{\"@type\":\"ListItem\",\"position\":3,\"name\":\"KINFILL &#8211; Plekieemaldaja, Vetiver\"}]},{\"@type\":\"WebSite\",\"@id\":\"http:\\\/\\\/ruuby.ee\\\/#website\",\"url\":\"http:\\\/\\\/ruuby.ee\\\/\",\"name\":\"RUUBY\",\"description\":\"Ruubys on \u00fchendatud elustiil ja disain\",\"publisher\":{\"@id\":\"http:\\\/\\\/ruuby.ee\\\/#organization\"},\"alternateName\":\"Ruuby Disain\",\"potentialAction\":[{\"@type\":\"SearchAction\",\"target\":{\"@type\":\"EntryPoint\",\"urlTemplate\":\"http:\\\/\\\/ruuby.ee\\\/?s={search_term_string}\"},\"query-input\":{\"@type\":\"PropertyValueSpecification\",\"valueRequired\":true,\"valueName\":\"search_term_string\"}}],\"inLanguage\":\"en-GB\"},{\"@type\":\"Organization\",\"@id\":\"http:\\\/\\\/ruuby.ee\\\/#organization\",\"name\":\"Ruuby Disain O\u00dc\",\"alternateName\":\"Ruuby\",\"url\":\"http:\\\/\\\/ruuby.ee\\\/\",\"logo\":{\"@type\":\"ImageObject\",\"inLanguage\":\"en-GB\",\"@id\":\"http:\\\/\\\/ruuby.ee\\\/#\\\/schema\\\/logo\\\/image\\\/\",\"url\":\"https:\\\/\\\/ruuby.ee\\\/wp-content\\\/uploads\\\/2023\\\/06\\\/cropped-Black-White-Elegant-Circle-Signature-Fashion-Logo-12_large.png\",\"contentUrl\":\"https:\\\/\\\/ruuby.ee\\\/wp-content\\\/uploads\\\/2023\\\/06\\\/cropped-Black-White-Elegant-Circle-Signature-Fashion-Logo-12_large.png\",\"width\":1280,\"height\":747,\"caption\":\"Ruuby Disain O\u00dc\"},\"image\":{\"@id\":\"http:\\\/\\\/ruuby.ee\\\/#\\\/schema\\\/logo\\\/image\\\/\"},\"sameAs\":[\"https:\\\/\\\/www.facebook.com\\\/ruubyconcept\",\"https:\\\/\\\/www.instagram.com\\\/ruuby_concept\\\/\"]}]}<\/script>\n<!-- \/ Yoast SEO plugin. -->","yoast_head_json":{"title":"KINFILL - Plekieemaldaja, Vetiver - RUUBY","robots":{"index":"index","follow":"follow","max-snippet":"max-snippet:-1","max-image-preview":"max-image-preview:large","max-video-preview":"max-video-preview:-1"},"canonical":"https:\/\/ruuby.ee\/en\/pood\/kodusisustus\/puhastusvahendid\/tekstiilipuhastus\/kinfill-plekieemaldaja-vetiver\/","og_locale":"en_GB","og_type":"article","og_title":"KINFILL - Plekieemaldaja, Vetiver - RUUBY","og_description":"Taask\u00e4itlus         Julmusevaba        Igavesti uuesti t\u00e4idetav        Valmistatud Hollandis","og_url":"https:\/\/ruuby.ee\/en\/pood\/kodusisustus\/puhastusvahendid\/tekstiilipuhastus\/kinfill-plekieemaldaja-vetiver\/","og_site_name":"RUUBY","article_publisher":"https:\/\/www.facebook.com\/ruubyconcept","article_modified_time":"2026-04-07T22:28:29+00:00","og_image":[{"width":1474,"height":1280,"url":"https:\/\/ruuby.ee\/wp-content\/uploads\/2024\/11\/Screenshot-2024-11-29-at-14.53.34.png","type":"image\/png"}],"twitter_card":"summary_large_image","twitter_misc":{"Estimated reading time":"1 minute"},"schema":{"@context":"https:\/\/schema.org","@graph":[{"@type":["WebPage","ItemPage"],"@id":"https:\/\/ruuby.ee\/pood\/kodusisustus\/puhastusvahendid\/tekstiilipuhastus\/kinfill-plekieemaldaja-vetiver\/","url":"https:\/\/ruuby.ee\/pood\/kodusisustus\/puhastusvahendid\/tekstiilipuhastus\/kinfill-plekieemaldaja-vetiver\/","name":"KINFILL - Plekieemaldaja, Vetiver - RUUBY","isPartOf":{"@id":"http:\/\/ruuby.ee\/#website"},"primaryImageOfPage":{"@id":"https:\/\/ruuby.ee\/pood\/kodusisustus\/puhastusvahendid\/tekstiilipuhastus\/kinfill-plekieemaldaja-vetiver\/#primaryimage"},"image":{"@id":"https:\/\/ruuby.ee\/pood\/kodusisustus\/puhastusvahendid\/tekstiilipuhastus\/kinfill-plekieemaldaja-vetiver\/#primaryimage"},"thumbnailUrl":"https:\/\/ruuby.ee\/wp-content\/uploads\/2024\/11\/Screenshot-2024-11-29-at-14.53.34.png","datePublished":"2024-11-29T12:48:10+00:00","dateModified":"2026-04-07T22:28:29+00:00","breadcrumb":{"@id":"https:\/\/ruuby.ee\/pood\/kodusisustus\/puhastusvahendid\/tekstiilipuhastus\/kinfill-plekieemaldaja-vetiver\/#breadcrumb"},"inLanguage":"en-GB","potentialAction":[{"@type":"ReadAction","target":["https:\/\/ruuby.ee\/pood\/kodusisustus\/puhastusvahendid\/tekstiilipuhastus\/kinfill-plekieemaldaja-vetiver\/"]}]},{"@type":"ImageObject","inLanguage":"en-GB","@id":"https:\/\/ruuby.ee\/pood\/kodusisustus\/puhastusvahendid\/tekstiilipuhastus\/kinfill-plekieemaldaja-vetiver\/#primaryimage","url":"https:\/\/ruuby.ee\/wp-content\/uploads\/2024\/11\/Screenshot-2024-11-29-at-14.53.34.png","contentUrl":"https:\/\/ruuby.ee\/wp-content\/uploads\/2024\/11\/Screenshot-2024-11-29-at-14.53.34.png","width":1474,"height":1280},{"@type":"BreadcrumbList","@id":"https:\/\/ruuby.ee\/pood\/kodusisustus\/puhastusvahendid\/tekstiilipuhastus\/kinfill-plekieemaldaja-vetiver\/#breadcrumb","itemListElement":[{"@type":"ListItem","position":1,"name":"Kdu","item":"http:\/\/ruuby.ee\/"},{"@type":"ListItem","position":2,"name":"Pood","item":"http:\/\/ruuby.ee\/pood\/"},{"@type":"ListItem","position":3,"name":"KINFILL &#8211; Plekieemaldaja, Vetiver"}]},{"@type":"WebSite","@id":"http:\/\/ruuby.ee\/#website","url":"http:\/\/ruuby.ee\/","name":"RUUBY","description":"Ruubys on \u00fchendatud elustiil ja disain","publisher":{"@id":"http:\/\/ruuby.ee\/#organization"},"alternateName":"Ruuby Disain","potentialAction":[{"@type":"SearchAction","target":{"@type":"EntryPoint","urlTemplate":"http:\/\/ruuby.ee\/?s={search_term_string}"},"query-input":{"@type":"PropertyValueSpecification","valueRequired":true,"valueName":"search_term_string"}}],"inLanguage":"en-GB"},{"@type":"Organization","@id":"http:\/\/ruuby.ee\/#organization","name":"Ruuby Disain O\u00dc","alternateName":"Ruuby","url":"http:\/\/ruuby.ee\/","logo":{"@type":"ImageObject","inLanguage":"en-GB","@id":"http:\/\/ruuby.ee\/#\/schema\/logo\/image\/","url":"https:\/\/ruuby.ee\/wp-content\/uploads\/2023\/06\/cropped-Black-White-Elegant-Circle-Signature-Fashion-Logo-12_large.png","contentUrl":"https:\/\/ruuby.ee\/wp-content\/uploads\/2023\/06\/cropped-Black-White-Elegant-Circle-Signature-Fashion-Logo-12_large.png","width":1280,"height":747,"caption":"Ruuby Disain O\u00dc"},"image":{"@id":"http:\/\/ruuby.ee\/#\/schema\/logo\/image\/"},"sameAs":["https:\/\/www.facebook.com\/ruubyconcept","https:\/\/www.instagram.com\/ruuby_concept\/"]}]}},"jetpack_sharing_enabled":true,"_links":{"self":[{"href":"https:\/\/ruuby.ee\/en\/wp-json\/wp\/v2\/product\/1850502","targetHints":{"allow":["GET"]}}],"collection":[{"href":"https:\/\/ruuby.ee\/en\/wp-json\/wp\/v2\/product"}],"about":[{"href":"https:\/\/ruuby.ee\/en\/wp-json\/wp\/v2\/types\/product"}],"replies":[{"embeddable":true,"href":"https:\/\/ruuby.ee\/en\/wp-json\/wp\/v2\/comments?post=1850502"}],"wp:featuredmedia":[{"embeddable":true,"href":"https:\/\/ruuby.ee\/en\/wp-json\/wp\/v2\/media\/1850503"}],"wp:attachment":[{"href":"https:\/\/ruuby.ee\/en\/wp-json\/wp\/v2\/media?parent=1850502"}],"wp:term":[{"taxonomy":"product_brand","embeddable":true,"href":"https:\/\/ruuby.ee\/en\/wp-json\/wp\/v2\/product_brand?post=1850502"},{"taxonomy":"product_cat","embeddable":true,"href":"https:\/\/ruuby.ee\/en\/wp-json\/wp\/v2\/product_cat?post=1850502"},{"taxonomy":"product_tag","embeddable":true,"href":"https:\/\/ruuby.ee\/en\/wp-json\/wp\/v2\/product_tag?post=1850502"}],"curies":[{"name":"wp","href":"https:\/\/api.w.org\/{rel}","templated":true}]}}