{"id":1849714,"date":"2024-10-04T16:43:58","date_gmt":"2024-10-04T13:43:58","guid":{"rendered":"http:\/\/ruuby.ee\/?post_type=product&#038;p=1849714"},"modified":"2026-04-05T01:25:24","modified_gmt":"2026-04-04T22:25:24","slug":"happy-socks-laste-sokid-inflatable-dino-7-9-aastastele","status":"publish","type":"product","link":"https:\/\/ruuby.ee\/en\/pood\/lapsed\/riided\/sukkpuksid\/happy-socks-laste-sokid-inflatable-dino-7-9-aastastele\/","title":{"rendered":"HAPPY SOCKS &#8211; Laste sokid, Inflatable Dino, 7-9 aastastele"},"content":{"rendered":"<p>Valmistatud pehmest ja hingavast orgaanilisest puuvillast, tugevdatud kanna ja varbaosaga, et v\u00e4ltida aukude teket koonustesse. Seest leiad ka nimesildi koha.<\/p>\n<p>Koostis: 79% puuvill, 20% pol\u00fcamiid, 1% elastaan<\/p>\n<p>&nbsp;<\/p>\n<p>Mis ja kes on Happy Socks?<\/p>\n<p>Happy Socks on m\u00f5eldud k\u00f5igile, kes arvavad, et elu ei saa kunagi olla liiga v\u00e4rviline. Ja see t\u00f5eline \u00f5nn tuleneb vabadusest olla sina ise. Br\u00e4ndi visioon on tuua \u00f5nne ja v\u00e4rvi igasse maailma nurka \u2013 inspireerides autentset enesev\u00e4ljendust v\u00e4rvide, loovuse ja l\u00f5bususe kaudu. Br\u00e4nd l\u00e4htub lihtsast, kuid samas v\u00f5imsast p\u00f5him\u00f5ttest: iga uus kollektsioon peaks olema eelmisest parem. Leitakse pehmemaid, tugevamaid, l\u00e4ikivamaid ja s\u00e4\u00e4stvamaid materjale. Kujundatakse pilkup\u00fc\u00fcdvaid detaile ja uuenduslikke funktsioone, mida t\u00f6\u00f6stuses pole kunagi varem n\u00e4htud. Kasutatakse tipptasemel tehnikaid ja tootmisprotsesse, mis muudavad sokid ja need, kes neid armastavad, veelgi \u00f5nnelikumaks.<\/p>","protected":false},"excerpt":{"rendered":"<p>Rawr! P\u00fcsige moes v\u00e4hemalt j\u00e4rgmised 65 miljonit aastat selle \u00fclespuhutud dinoga! \u00a0Valmistatud pehmest ja hingavast orgaanilisest kammitud puuvillast, tugevdatud kanna ja varbaosaga, et v\u00e4ltida juhuslike trikeratopside tekitatud kahjustusi.<\/p>","protected":false},"featured_media":1849715,"comment_status":"closed","ping_status":"closed","template":"","meta":[],"product_brand":[],"product_cat":[792,648],"product_tag":[],"class_list":{"0":"post-1849714","1":"product","2":"type-product","3":"status-publish","4":"has-post-thumbnail","6":"product_cat-sokid","7":"product_cat-sukkpuksid","9":"first","10":"instock","11":"taxable","12":"shipping-taxable","13":"purchasable","14":"product-type-simple"},"yoast_head":"<!-- This site is optimized with the Yoast SEO plugin v27.2 - https:\/\/yoast.com\/product\/yoast-seo-wordpress\/ -->\n<title>HAPPY SOCKS - Laste sokid, Inflatable Dino, 7-9 aastastele - RUUBY<\/title>\n<meta name=\"robots\" content=\"index, follow, max-snippet:-1, max-image-preview:large, max-video-preview:-1\" \/>\n<link rel=\"canonical\" href=\"https:\/\/ruuby.ee\/en\/pood\/lapsed\/riided\/sukkpuksid\/happy-socks-laste-sokid-inflatable-dino-7-9-aastastele\/\" \/>\n<meta property=\"og:locale\" content=\"en_GB\" \/>\n<meta property=\"og:type\" content=\"article\" \/>\n<meta property=\"og:title\" content=\"HAPPY SOCKS - Laste sokid, Inflatable Dino, 7-9 aastastele - RUUBY\" \/>\n<meta property=\"og:description\" content=\"Rawr! P\u00fcsige moes v\u00e4hemalt j\u00e4rgmised 65 miljonit aastat selle \u00fclespuhutud dinoga! \u00a0Valmistatud pehmest ja hingavast orgaanilisest kammitud puuvillast, tugevdatud kanna ja varbaosaga, et v\u00e4ltida juhuslike trikeratopside tekitatud kahjustusi.\" \/>\n<meta property=\"og:url\" content=\"https:\/\/ruuby.ee\/en\/pood\/lapsed\/riided\/sukkpuksid\/happy-socks-laste-sokid-inflatable-dino-7-9-aastastele\/\" \/>\n<meta property=\"og:site_name\" content=\"RUUBY\" \/>\n<meta property=\"article:publisher\" content=\"https:\/\/www.facebook.com\/ruubyconcept\" \/>\n<meta property=\"article:modified_time\" content=\"2026-04-04T22:25:24+00:00\" \/>\n<meta property=\"og:image\" content=\"https:\/\/ruuby.ee\/wp-content\/uploads\/2024\/10\/Screenshot-2024-10-04-at-16.43.34.png\" \/>\n\t<meta property=\"og:image:width\" content=\"1502\" \/>\n\t<meta property=\"og:image:height\" content=\"1136\" \/>\n\t<meta property=\"og:image:type\" content=\"image\/png\" \/>\n<meta name=\"twitter:card\" content=\"summary_large_image\" \/>\n<meta name=\"twitter:label1\" content=\"Estimated reading time\" \/>\n\t<meta name=\"twitter:data1\" content=\"1 minute\" \/>\n<script type=\"application\/ld+json\" class=\"yoast-schema-graph\">{\"@context\":\"https:\/\/schema.org\",\"@graph\":[{\"@type\":[\"WebPage\",\"ItemPage\"],\"@id\":\"https:\/\/ruuby.ee\/en\/pood\/lapsed\/riided\/sukkpuksid\/happy-socks-laste-sokid-inflatable-dino-7-9-aastastele\/\",\"url\":\"https:\/\/ruuby.ee\/en\/pood\/lapsed\/riided\/sukkpuksid\/happy-socks-laste-sokid-inflatable-dino-7-9-aastastele\/\",\"name\":\"HAPPY SOCKS - Laste sokid, Inflatable Dino, 7-9 aastastele - RUUBY\",\"isPartOf\":{\"@id\":\"http:\/\/ruuby.ee\/#website\"},\"primaryImageOfPage\":{\"@id\":\"https:\/\/ruuby.ee\/en\/pood\/lapsed\/riided\/sukkpuksid\/happy-socks-laste-sokid-inflatable-dino-7-9-aastastele\/#primaryimage\"},\"image\":{\"@id\":\"https:\/\/ruuby.ee\/en\/pood\/lapsed\/riided\/sukkpuksid\/happy-socks-laste-sokid-inflatable-dino-7-9-aastastele\/#primaryimage\"},\"thumbnailUrl\":\"https:\/\/ruuby.ee\/wp-content\/uploads\/2024\/10\/Screenshot-2024-10-04-at-16.43.34.png\",\"datePublished\":\"2024-10-04T13:43:58+00:00\",\"dateModified\":\"2026-04-04T22:25:24+00:00\",\"breadcrumb\":{\"@id\":\"https:\/\/ruuby.ee\/en\/pood\/lapsed\/riided\/sukkpuksid\/happy-socks-laste-sokid-inflatable-dino-7-9-aastastele\/#breadcrumb\"},\"inLanguage\":\"en-GB\",\"potentialAction\":[{\"@type\":\"ReadAction\",\"target\":[\"https:\/\/ruuby.ee\/en\/pood\/lapsed\/riided\/sukkpuksid\/happy-socks-laste-sokid-inflatable-dino-7-9-aastastele\/\"]}]},{\"@type\":\"ImageObject\",\"inLanguage\":\"en-GB\",\"@id\":\"https:\/\/ruuby.ee\/en\/pood\/lapsed\/riided\/sukkpuksid\/happy-socks-laste-sokid-inflatable-dino-7-9-aastastele\/#primaryimage\",\"url\":\"https:\/\/ruuby.ee\/wp-content\/uploads\/2024\/10\/Screenshot-2024-10-04-at-16.43.34.png\",\"contentUrl\":\"https:\/\/ruuby.ee\/wp-content\/uploads\/2024\/10\/Screenshot-2024-10-04-at-16.43.34.png\",\"width\":1502,\"height\":1136},{\"@type\":\"BreadcrumbList\",\"@id\":\"https:\/\/ruuby.ee\/en\/pood\/lapsed\/riided\/sukkpuksid\/happy-socks-laste-sokid-inflatable-dino-7-9-aastastele\/#breadcrumb\",\"itemListElement\":[{\"@type\":\"ListItem\",\"position\":1,\"name\":\"Kdu\",\"item\":\"http:\/\/ruuby.ee\/\"},{\"@type\":\"ListItem\",\"position\":2,\"name\":\"Pood\",\"item\":\"https:\/\/ruuby.ee\/en\/pood\/\"},{\"@type\":\"ListItem\",\"position\":3,\"name\":\"HAPPY SOCKS &#8211; Laste sokid, Inflatable Dino, 7-9 aastastele\"}]},{\"@type\":\"WebSite\",\"@id\":\"http:\/\/ruuby.ee\/#website\",\"url\":\"http:\/\/ruuby.ee\/\",\"name\":\"RUUBY\",\"description\":\"Ruubys on \u00fchendatud elustiil ja disain\",\"publisher\":{\"@id\":\"http:\/\/ruuby.ee\/#organization\"},\"alternateName\":\"Ruuby Disain\",\"potentialAction\":[{\"@type\":\"SearchAction\",\"target\":{\"@type\":\"EntryPoint\",\"urlTemplate\":\"http:\/\/ruuby.ee\/?s={search_term_string}\"},\"query-input\":{\"@type\":\"PropertyValueSpecification\",\"valueRequired\":true,\"valueName\":\"search_term_string\"}}],\"inLanguage\":\"en-GB\"},{\"@type\":\"Organization\",\"@id\":\"http:\/\/ruuby.ee\/#organization\",\"name\":\"Ruuby Disain O\u00dc\",\"alternateName\":\"Ruuby\",\"url\":\"http:\/\/ruuby.ee\/\",\"logo\":{\"@type\":\"ImageObject\",\"inLanguage\":\"en-GB\",\"@id\":\"http:\/\/ruuby.ee\/#\/schema\/logo\/image\/\",\"url\":\"https:\/\/ruuby.ee\/wp-content\/uploads\/2023\/06\/cropped-Black-White-Elegant-Circle-Signature-Fashion-Logo-12_large.png\",\"contentUrl\":\"https:\/\/ruuby.ee\/wp-content\/uploads\/2023\/06\/cropped-Black-White-Elegant-Circle-Signature-Fashion-Logo-12_large.png\",\"width\":1280,\"height\":747,\"caption\":\"Ruuby Disain O\u00dc\"},\"image\":{\"@id\":\"http:\/\/ruuby.ee\/#\/schema\/logo\/image\/\"},\"sameAs\":[\"https:\/\/www.facebook.com\/ruubyconcept\",\"https:\/\/www.instagram.com\/ruuby_concept\/\"]}]}<\/script>\n<!-- \/ Yoast SEO plugin. -->","yoast_head_json":{"title":"HAPPY SOCKS - Laste sokid, Inflatable Dino, 7-9 aastastele - RUUBY","robots":{"index":"index","follow":"follow","max-snippet":"max-snippet:-1","max-image-preview":"max-image-preview:large","max-video-preview":"max-video-preview:-1"},"canonical":"https:\/\/ruuby.ee\/en\/pood\/lapsed\/riided\/sukkpuksid\/happy-socks-laste-sokid-inflatable-dino-7-9-aastastele\/","og_locale":"en_GB","og_type":"article","og_title":"HAPPY SOCKS - Laste sokid, Inflatable Dino, 7-9 aastastele - RUUBY","og_description":"Rawr! P\u00fcsige moes v\u00e4hemalt j\u00e4rgmised 65 miljonit aastat selle \u00fclespuhutud dinoga! \u00a0Valmistatud pehmest ja hingavast orgaanilisest kammitud puuvillast, tugevdatud kanna ja varbaosaga, et v\u00e4ltida juhuslike trikeratopside tekitatud kahjustusi.","og_url":"https:\/\/ruuby.ee\/en\/pood\/lapsed\/riided\/sukkpuksid\/happy-socks-laste-sokid-inflatable-dino-7-9-aastastele\/","og_site_name":"RUUBY","article_publisher":"https:\/\/www.facebook.com\/ruubyconcept","article_modified_time":"2026-04-04T22:25:24+00:00","og_image":[{"width":1502,"height":1136,"url":"https:\/\/ruuby.ee\/wp-content\/uploads\/2024\/10\/Screenshot-2024-10-04-at-16.43.34.png","type":"image\/png"}],"twitter_card":"summary_large_image","twitter_misc":{"Estimated reading time":"1 minute"},"schema":{"@context":"https:\/\/schema.org","@graph":[{"@type":["WebPage","ItemPage"],"@id":"https:\/\/ruuby.ee\/en\/pood\/lapsed\/riided\/sukkpuksid\/happy-socks-laste-sokid-inflatable-dino-7-9-aastastele\/","url":"https:\/\/ruuby.ee\/en\/pood\/lapsed\/riided\/sukkpuksid\/happy-socks-laste-sokid-inflatable-dino-7-9-aastastele\/","name":"HAPPY SOCKS - Laste sokid, Inflatable Dino, 7-9 aastastele - RUUBY","isPartOf":{"@id":"http:\/\/ruuby.ee\/#website"},"primaryImageOfPage":{"@id":"https:\/\/ruuby.ee\/en\/pood\/lapsed\/riided\/sukkpuksid\/happy-socks-laste-sokid-inflatable-dino-7-9-aastastele\/#primaryimage"},"image":{"@id":"https:\/\/ruuby.ee\/en\/pood\/lapsed\/riided\/sukkpuksid\/happy-socks-laste-sokid-inflatable-dino-7-9-aastastele\/#primaryimage"},"thumbnailUrl":"https:\/\/ruuby.ee\/wp-content\/uploads\/2024\/10\/Screenshot-2024-10-04-at-16.43.34.png","datePublished":"2024-10-04T13:43:58+00:00","dateModified":"2026-04-04T22:25:24+00:00","breadcrumb":{"@id":"https:\/\/ruuby.ee\/en\/pood\/lapsed\/riided\/sukkpuksid\/happy-socks-laste-sokid-inflatable-dino-7-9-aastastele\/#breadcrumb"},"inLanguage":"en-GB","potentialAction":[{"@type":"ReadAction","target":["https:\/\/ruuby.ee\/en\/pood\/lapsed\/riided\/sukkpuksid\/happy-socks-laste-sokid-inflatable-dino-7-9-aastastele\/"]}]},{"@type":"ImageObject","inLanguage":"en-GB","@id":"https:\/\/ruuby.ee\/en\/pood\/lapsed\/riided\/sukkpuksid\/happy-socks-laste-sokid-inflatable-dino-7-9-aastastele\/#primaryimage","url":"https:\/\/ruuby.ee\/wp-content\/uploads\/2024\/10\/Screenshot-2024-10-04-at-16.43.34.png","contentUrl":"https:\/\/ruuby.ee\/wp-content\/uploads\/2024\/10\/Screenshot-2024-10-04-at-16.43.34.png","width":1502,"height":1136},{"@type":"BreadcrumbList","@id":"https:\/\/ruuby.ee\/en\/pood\/lapsed\/riided\/sukkpuksid\/happy-socks-laste-sokid-inflatable-dino-7-9-aastastele\/#breadcrumb","itemListElement":[{"@type":"ListItem","position":1,"name":"Kdu","item":"http:\/\/ruuby.ee\/"},{"@type":"ListItem","position":2,"name":"Pood","item":"https:\/\/ruuby.ee\/en\/pood\/"},{"@type":"ListItem","position":3,"name":"HAPPY SOCKS &#8211; Laste sokid, Inflatable Dino, 7-9 aastastele"}]},{"@type":"WebSite","@id":"http:\/\/ruuby.ee\/#website","url":"http:\/\/ruuby.ee\/","name":"RUUBY","description":"Ruubys on \u00fchendatud elustiil ja disain","publisher":{"@id":"http:\/\/ruuby.ee\/#organization"},"alternateName":"Ruuby Disain","potentialAction":[{"@type":"SearchAction","target":{"@type":"EntryPoint","urlTemplate":"http:\/\/ruuby.ee\/?s={search_term_string}"},"query-input":{"@type":"PropertyValueSpecification","valueRequired":true,"valueName":"search_term_string"}}],"inLanguage":"en-GB"},{"@type":"Organization","@id":"http:\/\/ruuby.ee\/#organization","name":"Ruuby Disain O\u00dc","alternateName":"Ruuby","url":"http:\/\/ruuby.ee\/","logo":{"@type":"ImageObject","inLanguage":"en-GB","@id":"http:\/\/ruuby.ee\/#\/schema\/logo\/image\/","url":"https:\/\/ruuby.ee\/wp-content\/uploads\/2023\/06\/cropped-Black-White-Elegant-Circle-Signature-Fashion-Logo-12_large.png","contentUrl":"https:\/\/ruuby.ee\/wp-content\/uploads\/2023\/06\/cropped-Black-White-Elegant-Circle-Signature-Fashion-Logo-12_large.png","width":1280,"height":747,"caption":"Ruuby Disain O\u00dc"},"image":{"@id":"http:\/\/ruuby.ee\/#\/schema\/logo\/image\/"},"sameAs":["https:\/\/www.facebook.com\/ruubyconcept","https:\/\/www.instagram.com\/ruuby_concept\/"]}]}},"jetpack_sharing_enabled":true,"_links":{"self":[{"href":"https:\/\/ruuby.ee\/en\/wp-json\/wp\/v2\/product\/1849714","targetHints":{"allow":["GET"]}}],"collection":[{"href":"https:\/\/ruuby.ee\/en\/wp-json\/wp\/v2\/product"}],"about":[{"href":"https:\/\/ruuby.ee\/en\/wp-json\/wp\/v2\/types\/product"}],"replies":[{"embeddable":true,"href":"https:\/\/ruuby.ee\/en\/wp-json\/wp\/v2\/comments?post=1849714"}],"wp:featuredmedia":[{"embeddable":true,"href":"https:\/\/ruuby.ee\/en\/wp-json\/wp\/v2\/media\/1849715"}],"wp:attachment":[{"href":"https:\/\/ruuby.ee\/en\/wp-json\/wp\/v2\/media?parent=1849714"}],"wp:term":[{"taxonomy":"product_brand","embeddable":true,"href":"https:\/\/ruuby.ee\/en\/wp-json\/wp\/v2\/product_brand?post=1849714"},{"taxonomy":"product_cat","embeddable":true,"href":"https:\/\/ruuby.ee\/en\/wp-json\/wp\/v2\/product_cat?post=1849714"},{"taxonomy":"product_tag","embeddable":true,"href":"https:\/\/ruuby.ee\/en\/wp-json\/wp\/v2\/product_tag?post=1849714"}],"curies":[{"name":"wp","href":"https:\/\/api.w.org\/{rel}","templated":true}]}}