{"id":1849492,"date":"2024-09-28T12:38:38","date_gmt":"2024-09-28T09:38:38","guid":{"rendered":"http:\/\/ruuby.ee\/?post_type=product&#038;p=1849492"},"modified":"2026-04-08T01:28:30","modified_gmt":"2026-04-07T22:28:30","slug":"timi-of-sweden-lopmatuse-kaelakee-you-are-amazing","status":"publish","type":"product","link":"https:\/\/ruuby.ee\/en\/pood\/aksessuaarid\/kaelakeed\/timi-of-sweden-lopmatuse-kaelakee-you-are-amazing\/","title":{"rendered":"Timi of Sweden &#8211; L\u00f5pmatuse kaelakee, You are amazing"},"content":{"rendered":"<p>Elegantne ja ilus l\u00f5pmatuse s\u00fcmboliga kaelakee, kanna seda ise v\u00f5i kingi ideaalseks kingituseks. Selle kaelakeega on kaasas meie uhke pakend. Messingist alus kulla v\u00f5i h\u00f5bedaga. Plii-, nikli- ja kaadmiumivaba<\/p>\n<p>&nbsp;<\/p>\n<p>Kes on Timi of Sweden &#8220;Happy people&#8221; taga?<\/p>\n<p>Oleme seltskond l\u00f5busaid inimesi, kes loovad k\u00e4sit\u00f6\u00f6na valmistatud ehteid, mis toovad inimestele naeratuse n\u00e4ole. Meie suurimaks prioriteediks on nii meie klientide kui ka t\u00f6\u00f6tajate \u00f5nn. L\u00f5una-Rootsist leiate meie disaini- ja juhtimismeeskonna ning Filipiinidel panevad meie ehteid kokku imelised naised.<\/p>\n<p>Meie ehted on hoolikalt kureeritud ja k\u00e4sitsi valmistatud, et luua \u00f5nne teie igap\u00e4evaelus.<br \/>\nTimi of Sweden tunneme uhkust selle \u00fcle, et oleme naiste juhitud ettev\u00f5te. Nii meie loomeb\u00fcroos Rootsis kui ka meie tehases Filipiinidel on enamik t\u00f6\u00f6tajaid naised.<\/p>","protected":false},"excerpt":{"rendered":"<p>Elegantne ja ilus l\u00f5pmatuse s\u00fcmboliga kaelakee, kanna seda ise v\u00f5i kingi ideaalseks kingituseks. Selle kaelakeega on kaasas meie uhke pakend. Messingist alus kulla v\u00f5i h\u00f5bedaga. Plii-, nikli- ja kaadmiumivaba &nbsp; Kes on Timi of Sweden &#8220;Happy people&#8221; taga? Oleme seltskond l\u00f5busaid inimesi, kes loovad k\u00e4sit\u00f6\u00f6na valmistatud ehteid, mis toovad inimestele naeratuse n\u00e4ole. Meie suurimaks prioriteediks [&hellip;]<\/p>\n","protected":false},"featured_media":1849495,"comment_status":"closed","ping_status":"closed","template":"","meta":[],"product_brand":[],"product_cat":[43,823,632],"product_tag":[],"class_list":{"0":"post-1849492","1":"product","2":"type-product","3":"status-publish","4":"has-post-thumbnail","6":"product_cat-aksessuaarid","7":"product_cat-ehted-aksessuaarid","8":"product_cat-kaelakeed","10":"first","11":"outofstock","12":"taxable","13":"shipping-taxable","14":"purchasable","15":"product-type-simple"},"yoast_head":"<!-- This site is optimized with the Yoast SEO plugin v27.3 - https:\/\/yoast.com\/product\/yoast-seo-wordpress\/ -->\n<title>Timi of Sweden - L\u00f5pmatuse kaelakee, You are amazing - RUUBY<\/title>\n<meta name=\"robots\" content=\"index, follow, max-snippet:-1, max-image-preview:large, max-video-preview:-1\" \/>\n<link rel=\"canonical\" href=\"http:\/\/ruuby.ee\/en\/pood\/aksessuaarid\/kaelakeed\/timi-of-sweden-lopmatuse-kaelakee-you-are-amazing\/\" \/>\n<meta property=\"og:locale\" content=\"en_GB\" \/>\n<meta property=\"og:type\" content=\"article\" \/>\n<meta property=\"og:title\" content=\"Timi of Sweden - L\u00f5pmatuse kaelakee, You are amazing - RUUBY\" \/>\n<meta property=\"og:description\" content=\"Elegantne ja ilus l\u00f5pmatuse s\u00fcmboliga kaelakee, kanna seda ise v\u00f5i kingi ideaalseks kingituseks. Selle kaelakeega on kaasas meie uhke pakend. Messingist alus kulla v\u00f5i h\u00f5bedaga. Plii-, nikli- ja kaadmiumivaba &nbsp; Kes on Timi of Sweden &#8220;Happy people&#8221; taga? Oleme seltskond l\u00f5busaid inimesi, kes loovad k\u00e4sit\u00f6\u00f6na valmistatud ehteid, mis toovad inimestele naeratuse n\u00e4ole. Meie suurimaks prioriteediks [&hellip;]\" \/>\n<meta property=\"og:url\" content=\"http:\/\/ruuby.ee\/en\/pood\/aksessuaarid\/kaelakeed\/timi-of-sweden-lopmatuse-kaelakee-you-are-amazing\/\" \/>\n<meta property=\"og:site_name\" content=\"RUUBY\" \/>\n<meta property=\"article:publisher\" content=\"https:\/\/www.facebook.com\/ruubyconcept\" \/>\n<meta property=\"article:modified_time\" content=\"2026-04-07T22:28:30+00:00\" \/>\n<meta property=\"og:image\" content=\"http:\/\/ruuby.ee\/wp-content\/uploads\/2024\/09\/IMG_2100.jpeg\" \/>\n\t<meta property=\"og:image:width\" content=\"700\" \/>\n\t<meta property=\"og:image:height\" content=\"700\" \/>\n\t<meta property=\"og:image:type\" content=\"image\/jpeg\" \/>\n<meta name=\"twitter:card\" content=\"summary_large_image\" \/>\n<meta name=\"twitter:label1\" content=\"Estimated reading time\" \/>\n\t<meta name=\"twitter:data1\" content=\"1 minute\" \/>\n<script type=\"application\/ld+json\" class=\"yoast-schema-graph\">{\"@context\":\"https:\\\/\\\/schema.org\",\"@graph\":[{\"@type\":[\"WebPage\",\"ItemPage\"],\"@id\":\"http:\\\/\\\/ruuby.ee\\\/pood\\\/aksessuaarid\\\/kaelakeed\\\/timi-of-sweden-lopmatuse-kaelakee-you-are-amazing\\\/\",\"url\":\"http:\\\/\\\/ruuby.ee\\\/pood\\\/aksessuaarid\\\/kaelakeed\\\/timi-of-sweden-lopmatuse-kaelakee-you-are-amazing\\\/\",\"name\":\"Timi of Sweden - L\u00f5pmatuse kaelakee, You are amazing - RUUBY\",\"isPartOf\":{\"@id\":\"http:\\\/\\\/ruuby.ee\\\/en\\\/#website\"},\"primaryImageOfPage\":{\"@id\":\"http:\\\/\\\/ruuby.ee\\\/pood\\\/aksessuaarid\\\/kaelakeed\\\/timi-of-sweden-lopmatuse-kaelakee-you-are-amazing\\\/#primaryimage\"},\"image\":{\"@id\":\"http:\\\/\\\/ruuby.ee\\\/pood\\\/aksessuaarid\\\/kaelakeed\\\/timi-of-sweden-lopmatuse-kaelakee-you-are-amazing\\\/#primaryimage\"},\"thumbnailUrl\":\"https:\\\/\\\/ruuby.ee\\\/wp-content\\\/uploads\\\/2024\\\/09\\\/IMG_2100.jpeg\",\"datePublished\":\"2024-09-28T09:38:38+00:00\",\"dateModified\":\"2026-04-07T22:28:30+00:00\",\"breadcrumb\":{\"@id\":\"http:\\\/\\\/ruuby.ee\\\/pood\\\/aksessuaarid\\\/kaelakeed\\\/timi-of-sweden-lopmatuse-kaelakee-you-are-amazing\\\/#breadcrumb\"},\"inLanguage\":\"en-GB\",\"potentialAction\":[{\"@type\":\"ReadAction\",\"target\":[\"http:\\\/\\\/ruuby.ee\\\/pood\\\/aksessuaarid\\\/kaelakeed\\\/timi-of-sweden-lopmatuse-kaelakee-you-are-amazing\\\/\"]}]},{\"@type\":\"ImageObject\",\"inLanguage\":\"en-GB\",\"@id\":\"http:\\\/\\\/ruuby.ee\\\/pood\\\/aksessuaarid\\\/kaelakeed\\\/timi-of-sweden-lopmatuse-kaelakee-you-are-amazing\\\/#primaryimage\",\"url\":\"https:\\\/\\\/ruuby.ee\\\/wp-content\\\/uploads\\\/2024\\\/09\\\/IMG_2100.jpeg\",\"contentUrl\":\"https:\\\/\\\/ruuby.ee\\\/wp-content\\\/uploads\\\/2024\\\/09\\\/IMG_2100.jpeg\",\"width\":700,\"height\":700},{\"@type\":\"BreadcrumbList\",\"@id\":\"http:\\\/\\\/ruuby.ee\\\/pood\\\/aksessuaarid\\\/kaelakeed\\\/timi-of-sweden-lopmatuse-kaelakee-you-are-amazing\\\/#breadcrumb\",\"itemListElement\":[{\"@type\":\"ListItem\",\"position\":1,\"name\":\"Kdu\",\"item\":\"http:\\\/\\\/ruuby.ee\\\/en\\\/\"},{\"@type\":\"ListItem\",\"position\":2,\"name\":\"Pood\",\"item\":\"http:\\\/\\\/ruuby.ee\\\/en\\\/pood\\\/\"},{\"@type\":\"ListItem\",\"position\":3,\"name\":\"Timi of Sweden &#8211; L\u00f5pmatuse kaelakee, You are amazing\"}]},{\"@type\":\"WebSite\",\"@id\":\"http:\\\/\\\/ruuby.ee\\\/en\\\/#website\",\"url\":\"http:\\\/\\\/ruuby.ee\\\/en\\\/\",\"name\":\"RUUBY\",\"description\":\"Ruubys on \u00fchendatud elustiil ja disain\",\"publisher\":{\"@id\":\"http:\\\/\\\/ruuby.ee\\\/en\\\/#organization\"},\"alternateName\":\"Ruuby Disain\",\"potentialAction\":[{\"@type\":\"SearchAction\",\"target\":{\"@type\":\"EntryPoint\",\"urlTemplate\":\"http:\\\/\\\/ruuby.ee\\\/en\\\/?s={search_term_string}\"},\"query-input\":{\"@type\":\"PropertyValueSpecification\",\"valueRequired\":true,\"valueName\":\"search_term_string\"}}],\"inLanguage\":\"en-GB\"},{\"@type\":\"Organization\",\"@id\":\"http:\\\/\\\/ruuby.ee\\\/en\\\/#organization\",\"name\":\"Ruuby Disain O\u00dc\",\"alternateName\":\"Ruuby\",\"url\":\"http:\\\/\\\/ruuby.ee\\\/en\\\/\",\"logo\":{\"@type\":\"ImageObject\",\"inLanguage\":\"en-GB\",\"@id\":\"http:\\\/\\\/ruuby.ee\\\/en\\\/#\\\/schema\\\/logo\\\/image\\\/\",\"url\":\"https:\\\/\\\/ruuby.ee\\\/wp-content\\\/uploads\\\/2023\\\/06\\\/cropped-Black-White-Elegant-Circle-Signature-Fashion-Logo-12_large.png\",\"contentUrl\":\"https:\\\/\\\/ruuby.ee\\\/wp-content\\\/uploads\\\/2023\\\/06\\\/cropped-Black-White-Elegant-Circle-Signature-Fashion-Logo-12_large.png\",\"width\":1280,\"height\":747,\"caption\":\"Ruuby Disain O\u00dc\"},\"image\":{\"@id\":\"http:\\\/\\\/ruuby.ee\\\/en\\\/#\\\/schema\\\/logo\\\/image\\\/\"},\"sameAs\":[\"https:\\\/\\\/www.facebook.com\\\/ruubyconcept\",\"https:\\\/\\\/www.instagram.com\\\/ruuby_concept\\\/\"]}]}<\/script>\n<!-- \/ Yoast SEO plugin. -->","yoast_head_json":{"title":"Timi of Sweden - L\u00f5pmatuse kaelakee, You are amazing - RUUBY","robots":{"index":"index","follow":"follow","max-snippet":"max-snippet:-1","max-image-preview":"max-image-preview:large","max-video-preview":"max-video-preview:-1"},"canonical":"http:\/\/ruuby.ee\/en\/pood\/aksessuaarid\/kaelakeed\/timi-of-sweden-lopmatuse-kaelakee-you-are-amazing\/","og_locale":"en_GB","og_type":"article","og_title":"Timi of Sweden - L\u00f5pmatuse kaelakee, You are amazing - RUUBY","og_description":"Elegantne ja ilus l\u00f5pmatuse s\u00fcmboliga kaelakee, kanna seda ise v\u00f5i kingi ideaalseks kingituseks. Selle kaelakeega on kaasas meie uhke pakend. Messingist alus kulla v\u00f5i h\u00f5bedaga. Plii-, nikli- ja kaadmiumivaba &nbsp; Kes on Timi of Sweden &#8220;Happy people&#8221; taga? Oleme seltskond l\u00f5busaid inimesi, kes loovad k\u00e4sit\u00f6\u00f6na valmistatud ehteid, mis toovad inimestele naeratuse n\u00e4ole. Meie suurimaks prioriteediks [&hellip;]","og_url":"http:\/\/ruuby.ee\/en\/pood\/aksessuaarid\/kaelakeed\/timi-of-sweden-lopmatuse-kaelakee-you-are-amazing\/","og_site_name":"RUUBY","article_publisher":"https:\/\/www.facebook.com\/ruubyconcept","article_modified_time":"2026-04-07T22:28:30+00:00","og_image":[{"width":700,"height":700,"url":"http:\/\/ruuby.ee\/wp-content\/uploads\/2024\/09\/IMG_2100.jpeg","type":"image\/jpeg"}],"twitter_card":"summary_large_image","twitter_misc":{"Estimated reading time":"1 minute"},"schema":{"@context":"https:\/\/schema.org","@graph":[{"@type":["WebPage","ItemPage"],"@id":"http:\/\/ruuby.ee\/pood\/aksessuaarid\/kaelakeed\/timi-of-sweden-lopmatuse-kaelakee-you-are-amazing\/","url":"http:\/\/ruuby.ee\/pood\/aksessuaarid\/kaelakeed\/timi-of-sweden-lopmatuse-kaelakee-you-are-amazing\/","name":"Timi of Sweden - L\u00f5pmatuse kaelakee, You are amazing - RUUBY","isPartOf":{"@id":"http:\/\/ruuby.ee\/en\/#website"},"primaryImageOfPage":{"@id":"http:\/\/ruuby.ee\/pood\/aksessuaarid\/kaelakeed\/timi-of-sweden-lopmatuse-kaelakee-you-are-amazing\/#primaryimage"},"image":{"@id":"http:\/\/ruuby.ee\/pood\/aksessuaarid\/kaelakeed\/timi-of-sweden-lopmatuse-kaelakee-you-are-amazing\/#primaryimage"},"thumbnailUrl":"https:\/\/ruuby.ee\/wp-content\/uploads\/2024\/09\/IMG_2100.jpeg","datePublished":"2024-09-28T09:38:38+00:00","dateModified":"2026-04-07T22:28:30+00:00","breadcrumb":{"@id":"http:\/\/ruuby.ee\/pood\/aksessuaarid\/kaelakeed\/timi-of-sweden-lopmatuse-kaelakee-you-are-amazing\/#breadcrumb"},"inLanguage":"en-GB","potentialAction":[{"@type":"ReadAction","target":["http:\/\/ruuby.ee\/pood\/aksessuaarid\/kaelakeed\/timi-of-sweden-lopmatuse-kaelakee-you-are-amazing\/"]}]},{"@type":"ImageObject","inLanguage":"en-GB","@id":"http:\/\/ruuby.ee\/pood\/aksessuaarid\/kaelakeed\/timi-of-sweden-lopmatuse-kaelakee-you-are-amazing\/#primaryimage","url":"https:\/\/ruuby.ee\/wp-content\/uploads\/2024\/09\/IMG_2100.jpeg","contentUrl":"https:\/\/ruuby.ee\/wp-content\/uploads\/2024\/09\/IMG_2100.jpeg","width":700,"height":700},{"@type":"BreadcrumbList","@id":"http:\/\/ruuby.ee\/pood\/aksessuaarid\/kaelakeed\/timi-of-sweden-lopmatuse-kaelakee-you-are-amazing\/#breadcrumb","itemListElement":[{"@type":"ListItem","position":1,"name":"Kdu","item":"http:\/\/ruuby.ee\/en\/"},{"@type":"ListItem","position":2,"name":"Pood","item":"http:\/\/ruuby.ee\/en\/pood\/"},{"@type":"ListItem","position":3,"name":"Timi of Sweden &#8211; L\u00f5pmatuse kaelakee, You are amazing"}]},{"@type":"WebSite","@id":"http:\/\/ruuby.ee\/en\/#website","url":"http:\/\/ruuby.ee\/en\/","name":"RUUBY","description":"Ruubys on \u00fchendatud elustiil ja disain","publisher":{"@id":"http:\/\/ruuby.ee\/en\/#organization"},"alternateName":"Ruuby Disain","potentialAction":[{"@type":"SearchAction","target":{"@type":"EntryPoint","urlTemplate":"http:\/\/ruuby.ee\/en\/?s={search_term_string}"},"query-input":{"@type":"PropertyValueSpecification","valueRequired":true,"valueName":"search_term_string"}}],"inLanguage":"en-GB"},{"@type":"Organization","@id":"http:\/\/ruuby.ee\/en\/#organization","name":"Ruuby Disain O\u00dc","alternateName":"Ruuby","url":"http:\/\/ruuby.ee\/en\/","logo":{"@type":"ImageObject","inLanguage":"en-GB","@id":"http:\/\/ruuby.ee\/en\/#\/schema\/logo\/image\/","url":"https:\/\/ruuby.ee\/wp-content\/uploads\/2023\/06\/cropped-Black-White-Elegant-Circle-Signature-Fashion-Logo-12_large.png","contentUrl":"https:\/\/ruuby.ee\/wp-content\/uploads\/2023\/06\/cropped-Black-White-Elegant-Circle-Signature-Fashion-Logo-12_large.png","width":1280,"height":747,"caption":"Ruuby Disain O\u00dc"},"image":{"@id":"http:\/\/ruuby.ee\/en\/#\/schema\/logo\/image\/"},"sameAs":["https:\/\/www.facebook.com\/ruubyconcept","https:\/\/www.instagram.com\/ruuby_concept\/"]}]}},"jetpack_sharing_enabled":true,"_links":{"self":[{"href":"https:\/\/ruuby.ee\/en\/wp-json\/wp\/v2\/product\/1849492","targetHints":{"allow":["GET"]}}],"collection":[{"href":"https:\/\/ruuby.ee\/en\/wp-json\/wp\/v2\/product"}],"about":[{"href":"https:\/\/ruuby.ee\/en\/wp-json\/wp\/v2\/types\/product"}],"replies":[{"embeddable":true,"href":"https:\/\/ruuby.ee\/en\/wp-json\/wp\/v2\/comments?post=1849492"}],"wp:featuredmedia":[{"embeddable":true,"href":"https:\/\/ruuby.ee\/en\/wp-json\/wp\/v2\/media\/1849495"}],"wp:attachment":[{"href":"https:\/\/ruuby.ee\/en\/wp-json\/wp\/v2\/media?parent=1849492"}],"wp:term":[{"taxonomy":"product_brand","embeddable":true,"href":"https:\/\/ruuby.ee\/en\/wp-json\/wp\/v2\/product_brand?post=1849492"},{"taxonomy":"product_cat","embeddable":true,"href":"https:\/\/ruuby.ee\/en\/wp-json\/wp\/v2\/product_cat?post=1849492"},{"taxonomy":"product_tag","embeddable":true,"href":"https:\/\/ruuby.ee\/en\/wp-json\/wp\/v2\/product_tag?post=1849492"}],"curies":[{"name":"wp","href":"https:\/\/api.w.org\/{rel}","templated":true}]}}