{"id":1849429,"date":"2024-09-28T11:08:12","date_gmt":"2024-09-28T08:08:12","guid":{"rendered":"http:\/\/ruuby.ee\/?post_type=product&#038;p=1849429"},"modified":"2026-04-05T01:25:25","modified_gmt":"2026-04-04T22:25:25","slug":"timi-of-sweden-lipsuga-korvarongad-juliette","status":"publish","type":"product","link":"https:\/\/ruuby.ee\/en\/pood\/aksessuaarid\/korvarongad\/timi-of-sweden-lipsuga-korvarongad-juliette\/","title":{"rendered":"Timi of Sweden &#8211; Lipsuga k\u00f5rvar\u00f5ngad, Juliette"},"content":{"rendered":"<p>Vaadake neid armsaid lipsuga k\u00f5rvar\u00f5ngaid. Parim osa on see, et need on valmistatud roostevabast terasest ja kaetud 18k ehtsa kullaga. Teisis\u00f5nu, need on veekindlad ja ei tuhmu.<\/p>\n<p>&#8211; K\u00f5rvar\u00f5ngad on 29&#215;27 mm<br \/>\n&#8211; 100% roostevaba teras<br \/>\n&#8211; 18k kullatud<br \/>\n&#8211; 100% veekindel<br \/>\n&#8211; Valmistanud Happy People<br \/>\n&#8211; Nikli-, kaadmiumi- ja pliivaba<\/p>\n<p>&nbsp;<\/p>\n<p>Kes on Timi of Sweden &#8220;Happy people&#8221; taga?<\/p>\n<p>Oleme seltskond l\u00f5busaid inimesi, kes loovad k\u00e4sit\u00f6\u00f6na valmistatud ehteid, mis toovad inimestele naeratuse n\u00e4ole. Meie suurimaks prioriteediks on nii meie klientide kui ka t\u00f6\u00f6tajate \u00f5nn. L\u00f5una-Rootsist leiate meie disaini- ja juhtimismeeskonna ning Filipiinidel panevad meie ehteid kokku imelised naised.<\/p>\n<p>Meie ehted on hoolikalt kureeritud ja k\u00e4sitsi valmistatud, et luua \u00f5nne teie igap\u00e4evaelus.<br \/>\nTimi of Sweden tunneme uhkust selle \u00fcle, et oleme naiste juhitud ettev\u00f5te. Nii meie loomeb\u00fcroos Rootsis kui ka meie tehases Filipiinidel on enamik t\u00f6\u00f6tajaid naised.<\/p>","protected":false},"excerpt":{"rendered":"<p>Vaadake neid armsaid lipsuga k\u00f5rvar\u00f5ngaid. Parim osa on see, et need on valmistatud roostevabast terasest ja kaetud 18k ehtsa kullaga. Teisis\u00f5nu, need on veekindlad ja ei tuhmu. &#8211; K\u00f5rvar\u00f5ngad on 29&#215;27 mm &#8211; 100% roostevaba teras &#8211; 18k kullatud &#8211; 100% veekindel &#8211; Valmistanud Happy People &#8211; Nikli-, kaadmiumi- ja pliivaba &nbsp; Kes on Timi [&hellip;]<\/p>\n","protected":false},"featured_media":1849432,"comment_status":"closed","ping_status":"closed","template":"","meta":[],"product_brand":[],"product_cat":[43,823,55],"product_tag":[],"class_list":{"0":"post-1849429","1":"product","2":"type-product","3":"status-publish","4":"has-post-thumbnail","6":"product_cat-aksessuaarid","7":"product_cat-ehted-aksessuaarid","8":"product_cat-korvarongad","10":"first","11":"outofstock","12":"taxable","13":"shipping-taxable","14":"purchasable","15":"product-type-simple"},"yoast_head":"<!-- This site is optimized with the Yoast SEO plugin v27.2 - https:\/\/yoast.com\/product\/yoast-seo-wordpress\/ -->\n<title>Timi of Sweden - Lipsuga k\u00f5rvar\u00f5ngad, Juliette - RUUBY<\/title>\n<meta name=\"robots\" content=\"index, follow, max-snippet:-1, max-image-preview:large, max-video-preview:-1\" \/>\n<link rel=\"canonical\" href=\"https:\/\/ruuby.ee\/en\/pood\/aksessuaarid\/korvarongad\/timi-of-sweden-lipsuga-korvarongad-juliette\/\" \/>\n<meta property=\"og:locale\" content=\"en_GB\" \/>\n<meta property=\"og:type\" content=\"article\" \/>\n<meta property=\"og:title\" content=\"Timi of Sweden - Lipsuga k\u00f5rvar\u00f5ngad, Juliette - RUUBY\" \/>\n<meta property=\"og:description\" content=\"Vaadake neid armsaid lipsuga k\u00f5rvar\u00f5ngaid. Parim osa on see, et need on valmistatud roostevabast terasest ja kaetud 18k ehtsa kullaga. Teisis\u00f5nu, need on veekindlad ja ei tuhmu. &#8211; K\u00f5rvar\u00f5ngad on 29&#215;27 mm &#8211; 100% roostevaba teras &#8211; 18k kullatud &#8211; 100% veekindel &#8211; Valmistanud Happy People &#8211; Nikli-, kaadmiumi- ja pliivaba &nbsp; Kes on Timi [&hellip;]\" \/>\n<meta property=\"og:url\" content=\"https:\/\/ruuby.ee\/en\/pood\/aksessuaarid\/korvarongad\/timi-of-sweden-lipsuga-korvarongad-juliette\/\" \/>\n<meta property=\"og:site_name\" content=\"RUUBY\" \/>\n<meta property=\"article:publisher\" content=\"https:\/\/www.facebook.com\/ruubyconcept\" \/>\n<meta property=\"article:modified_time\" content=\"2026-04-04T22:25:25+00:00\" \/>\n<meta property=\"og:image\" content=\"https:\/\/ruuby.ee\/wp-content\/uploads\/2024\/09\/IMG_2043.webp\" \/>\n\t<meta property=\"og:image:width\" content=\"900\" \/>\n\t<meta property=\"og:image:height\" content=\"900\" \/>\n\t<meta property=\"og:image:type\" content=\"image\/webp\" \/>\n<meta name=\"twitter:card\" content=\"summary_large_image\" \/>\n<meta name=\"twitter:label1\" content=\"Estimated reading time\" \/>\n\t<meta name=\"twitter:data1\" content=\"1 minute\" \/>\n<script type=\"application\/ld+json\" class=\"yoast-schema-graph\">{\"@context\":\"https:\/\/schema.org\",\"@graph\":[{\"@type\":[\"WebPage\",\"ItemPage\"],\"@id\":\"https:\/\/ruuby.ee\/en\/pood\/aksessuaarid\/korvarongad\/timi-of-sweden-lipsuga-korvarongad-juliette\/\",\"url\":\"https:\/\/ruuby.ee\/en\/pood\/aksessuaarid\/korvarongad\/timi-of-sweden-lipsuga-korvarongad-juliette\/\",\"name\":\"Timi of Sweden - Lipsuga k\u00f5rvar\u00f5ngad, Juliette - RUUBY\",\"isPartOf\":{\"@id\":\"http:\/\/ruuby.ee\/#website\"},\"primaryImageOfPage\":{\"@id\":\"https:\/\/ruuby.ee\/en\/pood\/aksessuaarid\/korvarongad\/timi-of-sweden-lipsuga-korvarongad-juliette\/#primaryimage\"},\"image\":{\"@id\":\"https:\/\/ruuby.ee\/en\/pood\/aksessuaarid\/korvarongad\/timi-of-sweden-lipsuga-korvarongad-juliette\/#primaryimage\"},\"thumbnailUrl\":\"https:\/\/ruuby.ee\/wp-content\/uploads\/2024\/09\/IMG_2043.webp\",\"datePublished\":\"2024-09-28T08:08:12+00:00\",\"dateModified\":\"2026-04-04T22:25:25+00:00\",\"breadcrumb\":{\"@id\":\"https:\/\/ruuby.ee\/en\/pood\/aksessuaarid\/korvarongad\/timi-of-sweden-lipsuga-korvarongad-juliette\/#breadcrumb\"},\"inLanguage\":\"en-GB\",\"potentialAction\":[{\"@type\":\"ReadAction\",\"target\":[\"https:\/\/ruuby.ee\/en\/pood\/aksessuaarid\/korvarongad\/timi-of-sweden-lipsuga-korvarongad-juliette\/\"]}]},{\"@type\":\"ImageObject\",\"inLanguage\":\"en-GB\",\"@id\":\"https:\/\/ruuby.ee\/en\/pood\/aksessuaarid\/korvarongad\/timi-of-sweden-lipsuga-korvarongad-juliette\/#primaryimage\",\"url\":\"https:\/\/ruuby.ee\/wp-content\/uploads\/2024\/09\/IMG_2043.webp\",\"contentUrl\":\"https:\/\/ruuby.ee\/wp-content\/uploads\/2024\/09\/IMG_2043.webp\",\"width\":900,\"height\":900},{\"@type\":\"BreadcrumbList\",\"@id\":\"https:\/\/ruuby.ee\/en\/pood\/aksessuaarid\/korvarongad\/timi-of-sweden-lipsuga-korvarongad-juliette\/#breadcrumb\",\"itemListElement\":[{\"@type\":\"ListItem\",\"position\":1,\"name\":\"Kdu\",\"item\":\"http:\/\/ruuby.ee\/\"},{\"@type\":\"ListItem\",\"position\":2,\"name\":\"Pood\",\"item\":\"https:\/\/ruuby.ee\/en\/pood\/\"},{\"@type\":\"ListItem\",\"position\":3,\"name\":\"Timi of Sweden &#8211; Lipsuga k\u00f5rvar\u00f5ngad, Juliette\"}]},{\"@type\":\"WebSite\",\"@id\":\"http:\/\/ruuby.ee\/#website\",\"url\":\"http:\/\/ruuby.ee\/\",\"name\":\"RUUBY\",\"description\":\"Ruubys on \u00fchendatud elustiil ja disain\",\"publisher\":{\"@id\":\"http:\/\/ruuby.ee\/#organization\"},\"alternateName\":\"Ruuby Disain\",\"potentialAction\":[{\"@type\":\"SearchAction\",\"target\":{\"@type\":\"EntryPoint\",\"urlTemplate\":\"http:\/\/ruuby.ee\/?s={search_term_string}\"},\"query-input\":{\"@type\":\"PropertyValueSpecification\",\"valueRequired\":true,\"valueName\":\"search_term_string\"}}],\"inLanguage\":\"en-GB\"},{\"@type\":\"Organization\",\"@id\":\"http:\/\/ruuby.ee\/#organization\",\"name\":\"Ruuby Disain O\u00dc\",\"alternateName\":\"Ruuby\",\"url\":\"http:\/\/ruuby.ee\/\",\"logo\":{\"@type\":\"ImageObject\",\"inLanguage\":\"en-GB\",\"@id\":\"http:\/\/ruuby.ee\/#\/schema\/logo\/image\/\",\"url\":\"https:\/\/ruuby.ee\/wp-content\/uploads\/2023\/06\/cropped-Black-White-Elegant-Circle-Signature-Fashion-Logo-12_large.png\",\"contentUrl\":\"https:\/\/ruuby.ee\/wp-content\/uploads\/2023\/06\/cropped-Black-White-Elegant-Circle-Signature-Fashion-Logo-12_large.png\",\"width\":1280,\"height\":747,\"caption\":\"Ruuby Disain O\u00dc\"},\"image\":{\"@id\":\"http:\/\/ruuby.ee\/#\/schema\/logo\/image\/\"},\"sameAs\":[\"https:\/\/www.facebook.com\/ruubyconcept\",\"https:\/\/www.instagram.com\/ruuby_concept\/\"]}]}<\/script>\n<!-- \/ Yoast SEO plugin. -->","yoast_head_json":{"title":"Timi of Sweden - Lipsuga k\u00f5rvar\u00f5ngad, Juliette - RUUBY","robots":{"index":"index","follow":"follow","max-snippet":"max-snippet:-1","max-image-preview":"max-image-preview:large","max-video-preview":"max-video-preview:-1"},"canonical":"https:\/\/ruuby.ee\/en\/pood\/aksessuaarid\/korvarongad\/timi-of-sweden-lipsuga-korvarongad-juliette\/","og_locale":"en_GB","og_type":"article","og_title":"Timi of Sweden - Lipsuga k\u00f5rvar\u00f5ngad, Juliette - RUUBY","og_description":"Vaadake neid armsaid lipsuga k\u00f5rvar\u00f5ngaid. Parim osa on see, et need on valmistatud roostevabast terasest ja kaetud 18k ehtsa kullaga. Teisis\u00f5nu, need on veekindlad ja ei tuhmu. &#8211; K\u00f5rvar\u00f5ngad on 29&#215;27 mm &#8211; 100% roostevaba teras &#8211; 18k kullatud &#8211; 100% veekindel &#8211; Valmistanud Happy People &#8211; Nikli-, kaadmiumi- ja pliivaba &nbsp; Kes on Timi [&hellip;]","og_url":"https:\/\/ruuby.ee\/en\/pood\/aksessuaarid\/korvarongad\/timi-of-sweden-lipsuga-korvarongad-juliette\/","og_site_name":"RUUBY","article_publisher":"https:\/\/www.facebook.com\/ruubyconcept","article_modified_time":"2026-04-04T22:25:25+00:00","og_image":[{"width":900,"height":900,"url":"https:\/\/ruuby.ee\/wp-content\/uploads\/2024\/09\/IMG_2043.webp","type":"image\/webp"}],"twitter_card":"summary_large_image","twitter_misc":{"Estimated reading time":"1 minute"},"schema":{"@context":"https:\/\/schema.org","@graph":[{"@type":["WebPage","ItemPage"],"@id":"https:\/\/ruuby.ee\/en\/pood\/aksessuaarid\/korvarongad\/timi-of-sweden-lipsuga-korvarongad-juliette\/","url":"https:\/\/ruuby.ee\/en\/pood\/aksessuaarid\/korvarongad\/timi-of-sweden-lipsuga-korvarongad-juliette\/","name":"Timi of Sweden - Lipsuga k\u00f5rvar\u00f5ngad, Juliette - RUUBY","isPartOf":{"@id":"http:\/\/ruuby.ee\/#website"},"primaryImageOfPage":{"@id":"https:\/\/ruuby.ee\/en\/pood\/aksessuaarid\/korvarongad\/timi-of-sweden-lipsuga-korvarongad-juliette\/#primaryimage"},"image":{"@id":"https:\/\/ruuby.ee\/en\/pood\/aksessuaarid\/korvarongad\/timi-of-sweden-lipsuga-korvarongad-juliette\/#primaryimage"},"thumbnailUrl":"https:\/\/ruuby.ee\/wp-content\/uploads\/2024\/09\/IMG_2043.webp","datePublished":"2024-09-28T08:08:12+00:00","dateModified":"2026-04-04T22:25:25+00:00","breadcrumb":{"@id":"https:\/\/ruuby.ee\/en\/pood\/aksessuaarid\/korvarongad\/timi-of-sweden-lipsuga-korvarongad-juliette\/#breadcrumb"},"inLanguage":"en-GB","potentialAction":[{"@type":"ReadAction","target":["https:\/\/ruuby.ee\/en\/pood\/aksessuaarid\/korvarongad\/timi-of-sweden-lipsuga-korvarongad-juliette\/"]}]},{"@type":"ImageObject","inLanguage":"en-GB","@id":"https:\/\/ruuby.ee\/en\/pood\/aksessuaarid\/korvarongad\/timi-of-sweden-lipsuga-korvarongad-juliette\/#primaryimage","url":"https:\/\/ruuby.ee\/wp-content\/uploads\/2024\/09\/IMG_2043.webp","contentUrl":"https:\/\/ruuby.ee\/wp-content\/uploads\/2024\/09\/IMG_2043.webp","width":900,"height":900},{"@type":"BreadcrumbList","@id":"https:\/\/ruuby.ee\/en\/pood\/aksessuaarid\/korvarongad\/timi-of-sweden-lipsuga-korvarongad-juliette\/#breadcrumb","itemListElement":[{"@type":"ListItem","position":1,"name":"Kdu","item":"http:\/\/ruuby.ee\/"},{"@type":"ListItem","position":2,"name":"Pood","item":"https:\/\/ruuby.ee\/en\/pood\/"},{"@type":"ListItem","position":3,"name":"Timi of Sweden &#8211; Lipsuga k\u00f5rvar\u00f5ngad, Juliette"}]},{"@type":"WebSite","@id":"http:\/\/ruuby.ee\/#website","url":"http:\/\/ruuby.ee\/","name":"RUUBY","description":"Ruubys on \u00fchendatud elustiil ja disain","publisher":{"@id":"http:\/\/ruuby.ee\/#organization"},"alternateName":"Ruuby Disain","potentialAction":[{"@type":"SearchAction","target":{"@type":"EntryPoint","urlTemplate":"http:\/\/ruuby.ee\/?s={search_term_string}"},"query-input":{"@type":"PropertyValueSpecification","valueRequired":true,"valueName":"search_term_string"}}],"inLanguage":"en-GB"},{"@type":"Organization","@id":"http:\/\/ruuby.ee\/#organization","name":"Ruuby Disain O\u00dc","alternateName":"Ruuby","url":"http:\/\/ruuby.ee\/","logo":{"@type":"ImageObject","inLanguage":"en-GB","@id":"http:\/\/ruuby.ee\/#\/schema\/logo\/image\/","url":"https:\/\/ruuby.ee\/wp-content\/uploads\/2023\/06\/cropped-Black-White-Elegant-Circle-Signature-Fashion-Logo-12_large.png","contentUrl":"https:\/\/ruuby.ee\/wp-content\/uploads\/2023\/06\/cropped-Black-White-Elegant-Circle-Signature-Fashion-Logo-12_large.png","width":1280,"height":747,"caption":"Ruuby Disain O\u00dc"},"image":{"@id":"http:\/\/ruuby.ee\/#\/schema\/logo\/image\/"},"sameAs":["https:\/\/www.facebook.com\/ruubyconcept","https:\/\/www.instagram.com\/ruuby_concept\/"]}]}},"jetpack_sharing_enabled":true,"_links":{"self":[{"href":"https:\/\/ruuby.ee\/en\/wp-json\/wp\/v2\/product\/1849429","targetHints":{"allow":["GET"]}}],"collection":[{"href":"https:\/\/ruuby.ee\/en\/wp-json\/wp\/v2\/product"}],"about":[{"href":"https:\/\/ruuby.ee\/en\/wp-json\/wp\/v2\/types\/product"}],"replies":[{"embeddable":true,"href":"https:\/\/ruuby.ee\/en\/wp-json\/wp\/v2\/comments?post=1849429"}],"wp:featuredmedia":[{"embeddable":true,"href":"https:\/\/ruuby.ee\/en\/wp-json\/wp\/v2\/media\/1849432"}],"wp:attachment":[{"href":"https:\/\/ruuby.ee\/en\/wp-json\/wp\/v2\/media?parent=1849429"}],"wp:term":[{"taxonomy":"product_brand","embeddable":true,"href":"https:\/\/ruuby.ee\/en\/wp-json\/wp\/v2\/product_brand?post=1849429"},{"taxonomy":"product_cat","embeddable":true,"href":"https:\/\/ruuby.ee\/en\/wp-json\/wp\/v2\/product_cat?post=1849429"},{"taxonomy":"product_tag","embeddable":true,"href":"https:\/\/ruuby.ee\/en\/wp-json\/wp\/v2\/product_tag?post=1849429"}],"curies":[{"name":"wp","href":"https:\/\/api.w.org\/{rel}","templated":true}]}}