{"id":1849415,"date":"2024-09-27T17:38:54","date_gmt":"2024-09-27T14:38:54","guid":{"rendered":"http:\/\/ruuby.ee\/?post_type=product&#038;p=1849415"},"modified":"2026-04-07T01:27:12","modified_gmt":"2026-04-06T22:27:12","slug":"timi-of-sweden-poolvaariskivist-korvarongad-rose-quartz","status":"publish","type":"product","link":"https:\/\/ruuby.ee\/en\/pood\/aksessuaarid\/korvarongad\/timi-of-sweden-poolvaariskivist-korvarongad-rose-quartz\/","title":{"rendered":"Timi of Sweden &#8211; Poolv\u00e4\u00e4riskivist k\u00f5rvar\u00f5ngad, Rose Quartz"},"content":{"rendered":"<p>Roosa kvarts on armastuse kivi. See kannab endas naiselikku energiat ja v\u00e4idetavalt toob armastust ja soojust. See on ideaalne kivi igap\u00e4evaseks kandmiseks ja tuletab meelde avatud s\u00fcdame ja vaimu hoidmist.<\/p>\n<p>Meie poolv\u00e4\u00e4riskividest k\u00f5rvar\u00f5ngad on valmistatud ehtsatest kristallidest ning v\u00f5ivad seet\u00f5ttu olla erineva kuju ja suurusega.<br \/>\nNeed k\u00f5rvar\u00f5ngad sobivad suurep\u00e4raselt meie poolv\u00e4\u00e4riskiviga kaelakeede ja k\u00e4ev\u00f5rudega. Ei sisalda: pliid, niklit ja kaadmiumi.<\/p>\n<p>&nbsp;<\/p>\n<p>Kes on Timi of Sweden &#8220;Happy people&#8221; taga?<\/p>\n<p>Oleme seltskond l\u00f5busaid inimesi, kes loovad k\u00e4sit\u00f6\u00f6na valmistatud ehteid, mis toovad inimestele naeratuse n\u00e4ole. Meie suurimaks prioriteediks on nii meie klientide kui ka t\u00f6\u00f6tajate \u00f5nn. L\u00f5una-Rootsist leiate meie disaini- ja juhtimismeeskonna ning Filipiinidel panevad meie ehteid kokku imelised naised.<\/p>\n<p>Meie ehted on hoolikalt kureeritud ja k\u00e4sitsi valmistatud, et luua \u00f5nne teie igap\u00e4evaelus.<br \/>\nTimi of Sweden tunneme uhkust selle \u00fcle, et oleme naiste juhitud ettev\u00f5te. Nii meie loomeb\u00fcroos Rootsis kui ka meie tehases Filipiinidel on enamik t\u00f6\u00f6tajaid naised.<\/p>","protected":false},"excerpt":{"rendered":"<p>Armastuse kivi.<\/p>","protected":false},"featured_media":1849420,"comment_status":"closed","ping_status":"closed","template":"","meta":[],"product_brand":[],"product_cat":[43,823,55],"product_tag":[],"class_list":{"0":"post-1849415","1":"product","2":"type-product","3":"status-publish","4":"has-post-thumbnail","6":"product_cat-aksessuaarid","7":"product_cat-ehted-aksessuaarid","8":"product_cat-korvarongad","10":"first","11":"outofstock","12":"taxable","13":"shipping-taxable","14":"purchasable","15":"product-type-simple"},"yoast_head":"<!-- This site is optimized with the Yoast SEO plugin v27.3 - https:\/\/yoast.com\/product\/yoast-seo-wordpress\/ -->\n<title>Timi of Sweden - Poolv\u00e4\u00e4riskivist k\u00f5rvar\u00f5ngad, Rose Quartz - RUUBY<\/title>\n<meta name=\"robots\" content=\"index, follow, max-snippet:-1, max-image-preview:large, max-video-preview:-1\" \/>\n<link rel=\"canonical\" href=\"https:\/\/ruuby.ee\/en\/pood\/aksessuaarid\/korvarongad\/timi-of-sweden-poolvaariskivist-korvarongad-rose-quartz\/\" \/>\n<meta property=\"og:locale\" content=\"en_GB\" \/>\n<meta property=\"og:type\" content=\"article\" \/>\n<meta property=\"og:title\" content=\"Timi of Sweden - Poolv\u00e4\u00e4riskivist k\u00f5rvar\u00f5ngad, Rose Quartz - RUUBY\" \/>\n<meta property=\"og:description\" content=\"Armastuse kivi.\" \/>\n<meta property=\"og:url\" content=\"https:\/\/ruuby.ee\/en\/pood\/aksessuaarid\/korvarongad\/timi-of-sweden-poolvaariskivist-korvarongad-rose-quartz\/\" \/>\n<meta property=\"og:site_name\" content=\"RUUBY\" \/>\n<meta property=\"article:publisher\" content=\"https:\/\/www.facebook.com\/ruubyconcept\" \/>\n<meta property=\"article:modified_time\" content=\"2026-04-06T22:27:12+00:00\" \/>\n<meta property=\"og:image\" content=\"https:\/\/ruuby.ee\/wp-content\/uploads\/2024\/09\/IMG_2019.webp\" \/>\n\t<meta property=\"og:image:width\" content=\"900\" \/>\n\t<meta property=\"og:image:height\" content=\"900\" \/>\n\t<meta property=\"og:image:type\" content=\"image\/webp\" \/>\n<meta name=\"twitter:card\" content=\"summary_large_image\" \/>\n<meta name=\"twitter:label1\" content=\"Estimated reading time\" \/>\n\t<meta name=\"twitter:data1\" content=\"1 minute\" \/>\n<script type=\"application\/ld+json\" class=\"yoast-schema-graph\">{\"@context\":\"https:\\\/\\\/schema.org\",\"@graph\":[{\"@type\":[\"WebPage\",\"ItemPage\"],\"@id\":\"https:\\\/\\\/ruuby.ee\\\/en\\\/pood\\\/aksessuaarid\\\/korvarongad\\\/timi-of-sweden-poolvaariskivist-korvarongad-rose-quartz\\\/\",\"url\":\"https:\\\/\\\/ruuby.ee\\\/en\\\/pood\\\/aksessuaarid\\\/korvarongad\\\/timi-of-sweden-poolvaariskivist-korvarongad-rose-quartz\\\/\",\"name\":\"Timi of Sweden - Poolv\u00e4\u00e4riskivist k\u00f5rvar\u00f5ngad, Rose Quartz - RUUBY\",\"isPartOf\":{\"@id\":\"http:\\\/\\\/ruuby.ee\\\/en\\\/#website\"},\"primaryImageOfPage\":{\"@id\":\"https:\\\/\\\/ruuby.ee\\\/en\\\/pood\\\/aksessuaarid\\\/korvarongad\\\/timi-of-sweden-poolvaariskivist-korvarongad-rose-quartz\\\/#primaryimage\"},\"image\":{\"@id\":\"https:\\\/\\\/ruuby.ee\\\/en\\\/pood\\\/aksessuaarid\\\/korvarongad\\\/timi-of-sweden-poolvaariskivist-korvarongad-rose-quartz\\\/#primaryimage\"},\"thumbnailUrl\":\"https:\\\/\\\/ruuby.ee\\\/wp-content\\\/uploads\\\/2024\\\/09\\\/IMG_2019.webp\",\"datePublished\":\"2024-09-27T14:38:54+00:00\",\"dateModified\":\"2026-04-06T22:27:12+00:00\",\"breadcrumb\":{\"@id\":\"https:\\\/\\\/ruuby.ee\\\/en\\\/pood\\\/aksessuaarid\\\/korvarongad\\\/timi-of-sweden-poolvaariskivist-korvarongad-rose-quartz\\\/#breadcrumb\"},\"inLanguage\":\"en-GB\",\"potentialAction\":[{\"@type\":\"ReadAction\",\"target\":[\"https:\\\/\\\/ruuby.ee\\\/en\\\/pood\\\/aksessuaarid\\\/korvarongad\\\/timi-of-sweden-poolvaariskivist-korvarongad-rose-quartz\\\/\"]}]},{\"@type\":\"ImageObject\",\"inLanguage\":\"en-GB\",\"@id\":\"https:\\\/\\\/ruuby.ee\\\/en\\\/pood\\\/aksessuaarid\\\/korvarongad\\\/timi-of-sweden-poolvaariskivist-korvarongad-rose-quartz\\\/#primaryimage\",\"url\":\"https:\\\/\\\/ruuby.ee\\\/wp-content\\\/uploads\\\/2024\\\/09\\\/IMG_2019.webp\",\"contentUrl\":\"https:\\\/\\\/ruuby.ee\\\/wp-content\\\/uploads\\\/2024\\\/09\\\/IMG_2019.webp\",\"width\":900,\"height\":900},{\"@type\":\"BreadcrumbList\",\"@id\":\"https:\\\/\\\/ruuby.ee\\\/en\\\/pood\\\/aksessuaarid\\\/korvarongad\\\/timi-of-sweden-poolvaariskivist-korvarongad-rose-quartz\\\/#breadcrumb\",\"itemListElement\":[{\"@type\":\"ListItem\",\"position\":1,\"name\":\"Kdu\",\"item\":\"http:\\\/\\\/ruuby.ee\\\/en\\\/\"},{\"@type\":\"ListItem\",\"position\":2,\"name\":\"Pood\",\"item\":\"http:\\\/\\\/ruuby.ee\\\/en\\\/pood\\\/\"},{\"@type\":\"ListItem\",\"position\":3,\"name\":\"Timi of Sweden &#8211; Poolv\u00e4\u00e4riskivist k\u00f5rvar\u00f5ngad, Rose Quartz\"}]},{\"@type\":\"WebSite\",\"@id\":\"http:\\\/\\\/ruuby.ee\\\/en\\\/#website\",\"url\":\"http:\\\/\\\/ruuby.ee\\\/en\\\/\",\"name\":\"RUUBY\",\"description\":\"Ruubys on \u00fchendatud elustiil ja disain\",\"publisher\":{\"@id\":\"http:\\\/\\\/ruuby.ee\\\/en\\\/#organization\"},\"alternateName\":\"Ruuby Disain\",\"potentialAction\":[{\"@type\":\"SearchAction\",\"target\":{\"@type\":\"EntryPoint\",\"urlTemplate\":\"http:\\\/\\\/ruuby.ee\\\/en\\\/?s={search_term_string}\"},\"query-input\":{\"@type\":\"PropertyValueSpecification\",\"valueRequired\":true,\"valueName\":\"search_term_string\"}}],\"inLanguage\":\"en-GB\"},{\"@type\":\"Organization\",\"@id\":\"http:\\\/\\\/ruuby.ee\\\/en\\\/#organization\",\"name\":\"Ruuby Disain O\u00dc\",\"alternateName\":\"Ruuby\",\"url\":\"http:\\\/\\\/ruuby.ee\\\/en\\\/\",\"logo\":{\"@type\":\"ImageObject\",\"inLanguage\":\"en-GB\",\"@id\":\"http:\\\/\\\/ruuby.ee\\\/en\\\/#\\\/schema\\\/logo\\\/image\\\/\",\"url\":\"https:\\\/\\\/ruuby.ee\\\/wp-content\\\/uploads\\\/2023\\\/06\\\/cropped-Black-White-Elegant-Circle-Signature-Fashion-Logo-12_large.png\",\"contentUrl\":\"https:\\\/\\\/ruuby.ee\\\/wp-content\\\/uploads\\\/2023\\\/06\\\/cropped-Black-White-Elegant-Circle-Signature-Fashion-Logo-12_large.png\",\"width\":1280,\"height\":747,\"caption\":\"Ruuby Disain O\u00dc\"},\"image\":{\"@id\":\"http:\\\/\\\/ruuby.ee\\\/en\\\/#\\\/schema\\\/logo\\\/image\\\/\"},\"sameAs\":[\"https:\\\/\\\/www.facebook.com\\\/ruubyconcept\",\"https:\\\/\\\/www.instagram.com\\\/ruuby_concept\\\/\"]}]}<\/script>\n<!-- \/ Yoast SEO plugin. -->","yoast_head_json":{"title":"Timi of Sweden - Poolv\u00e4\u00e4riskivist k\u00f5rvar\u00f5ngad, Rose Quartz - RUUBY","robots":{"index":"index","follow":"follow","max-snippet":"max-snippet:-1","max-image-preview":"max-image-preview:large","max-video-preview":"max-video-preview:-1"},"canonical":"https:\/\/ruuby.ee\/en\/pood\/aksessuaarid\/korvarongad\/timi-of-sweden-poolvaariskivist-korvarongad-rose-quartz\/","og_locale":"en_GB","og_type":"article","og_title":"Timi of Sweden - Poolv\u00e4\u00e4riskivist k\u00f5rvar\u00f5ngad, Rose Quartz - RUUBY","og_description":"Armastuse kivi.","og_url":"https:\/\/ruuby.ee\/en\/pood\/aksessuaarid\/korvarongad\/timi-of-sweden-poolvaariskivist-korvarongad-rose-quartz\/","og_site_name":"RUUBY","article_publisher":"https:\/\/www.facebook.com\/ruubyconcept","article_modified_time":"2026-04-06T22:27:12+00:00","og_image":[{"width":900,"height":900,"url":"https:\/\/ruuby.ee\/wp-content\/uploads\/2024\/09\/IMG_2019.webp","type":"image\/webp"}],"twitter_card":"summary_large_image","twitter_misc":{"Estimated reading time":"1 minute"},"schema":{"@context":"https:\/\/schema.org","@graph":[{"@type":["WebPage","ItemPage"],"@id":"https:\/\/ruuby.ee\/en\/pood\/aksessuaarid\/korvarongad\/timi-of-sweden-poolvaariskivist-korvarongad-rose-quartz\/","url":"https:\/\/ruuby.ee\/en\/pood\/aksessuaarid\/korvarongad\/timi-of-sweden-poolvaariskivist-korvarongad-rose-quartz\/","name":"Timi of Sweden - Poolv\u00e4\u00e4riskivist k\u00f5rvar\u00f5ngad, Rose Quartz - RUUBY","isPartOf":{"@id":"http:\/\/ruuby.ee\/en\/#website"},"primaryImageOfPage":{"@id":"https:\/\/ruuby.ee\/en\/pood\/aksessuaarid\/korvarongad\/timi-of-sweden-poolvaariskivist-korvarongad-rose-quartz\/#primaryimage"},"image":{"@id":"https:\/\/ruuby.ee\/en\/pood\/aksessuaarid\/korvarongad\/timi-of-sweden-poolvaariskivist-korvarongad-rose-quartz\/#primaryimage"},"thumbnailUrl":"https:\/\/ruuby.ee\/wp-content\/uploads\/2024\/09\/IMG_2019.webp","datePublished":"2024-09-27T14:38:54+00:00","dateModified":"2026-04-06T22:27:12+00:00","breadcrumb":{"@id":"https:\/\/ruuby.ee\/en\/pood\/aksessuaarid\/korvarongad\/timi-of-sweden-poolvaariskivist-korvarongad-rose-quartz\/#breadcrumb"},"inLanguage":"en-GB","potentialAction":[{"@type":"ReadAction","target":["https:\/\/ruuby.ee\/en\/pood\/aksessuaarid\/korvarongad\/timi-of-sweden-poolvaariskivist-korvarongad-rose-quartz\/"]}]},{"@type":"ImageObject","inLanguage":"en-GB","@id":"https:\/\/ruuby.ee\/en\/pood\/aksessuaarid\/korvarongad\/timi-of-sweden-poolvaariskivist-korvarongad-rose-quartz\/#primaryimage","url":"https:\/\/ruuby.ee\/wp-content\/uploads\/2024\/09\/IMG_2019.webp","contentUrl":"https:\/\/ruuby.ee\/wp-content\/uploads\/2024\/09\/IMG_2019.webp","width":900,"height":900},{"@type":"BreadcrumbList","@id":"https:\/\/ruuby.ee\/en\/pood\/aksessuaarid\/korvarongad\/timi-of-sweden-poolvaariskivist-korvarongad-rose-quartz\/#breadcrumb","itemListElement":[{"@type":"ListItem","position":1,"name":"Kdu","item":"http:\/\/ruuby.ee\/en\/"},{"@type":"ListItem","position":2,"name":"Pood","item":"http:\/\/ruuby.ee\/en\/pood\/"},{"@type":"ListItem","position":3,"name":"Timi of Sweden &#8211; Poolv\u00e4\u00e4riskivist k\u00f5rvar\u00f5ngad, Rose Quartz"}]},{"@type":"WebSite","@id":"http:\/\/ruuby.ee\/en\/#website","url":"http:\/\/ruuby.ee\/en\/","name":"RUUBY","description":"Ruubys on \u00fchendatud elustiil ja disain","publisher":{"@id":"http:\/\/ruuby.ee\/en\/#organization"},"alternateName":"Ruuby Disain","potentialAction":[{"@type":"SearchAction","target":{"@type":"EntryPoint","urlTemplate":"http:\/\/ruuby.ee\/en\/?s={search_term_string}"},"query-input":{"@type":"PropertyValueSpecification","valueRequired":true,"valueName":"search_term_string"}}],"inLanguage":"en-GB"},{"@type":"Organization","@id":"http:\/\/ruuby.ee\/en\/#organization","name":"Ruuby Disain O\u00dc","alternateName":"Ruuby","url":"http:\/\/ruuby.ee\/en\/","logo":{"@type":"ImageObject","inLanguage":"en-GB","@id":"http:\/\/ruuby.ee\/en\/#\/schema\/logo\/image\/","url":"https:\/\/ruuby.ee\/wp-content\/uploads\/2023\/06\/cropped-Black-White-Elegant-Circle-Signature-Fashion-Logo-12_large.png","contentUrl":"https:\/\/ruuby.ee\/wp-content\/uploads\/2023\/06\/cropped-Black-White-Elegant-Circle-Signature-Fashion-Logo-12_large.png","width":1280,"height":747,"caption":"Ruuby Disain O\u00dc"},"image":{"@id":"http:\/\/ruuby.ee\/en\/#\/schema\/logo\/image\/"},"sameAs":["https:\/\/www.facebook.com\/ruubyconcept","https:\/\/www.instagram.com\/ruuby_concept\/"]}]}},"jetpack_sharing_enabled":true,"_links":{"self":[{"href":"https:\/\/ruuby.ee\/en\/wp-json\/wp\/v2\/product\/1849415","targetHints":{"allow":["GET"]}}],"collection":[{"href":"https:\/\/ruuby.ee\/en\/wp-json\/wp\/v2\/product"}],"about":[{"href":"https:\/\/ruuby.ee\/en\/wp-json\/wp\/v2\/types\/product"}],"replies":[{"embeddable":true,"href":"https:\/\/ruuby.ee\/en\/wp-json\/wp\/v2\/comments?post=1849415"}],"wp:featuredmedia":[{"embeddable":true,"href":"https:\/\/ruuby.ee\/en\/wp-json\/wp\/v2\/media\/1849420"}],"wp:attachment":[{"href":"https:\/\/ruuby.ee\/en\/wp-json\/wp\/v2\/media?parent=1849415"}],"wp:term":[{"taxonomy":"product_brand","embeddable":true,"href":"https:\/\/ruuby.ee\/en\/wp-json\/wp\/v2\/product_brand?post=1849415"},{"taxonomy":"product_cat","embeddable":true,"href":"https:\/\/ruuby.ee\/en\/wp-json\/wp\/v2\/product_cat?post=1849415"},{"taxonomy":"product_tag","embeddable":true,"href":"https:\/\/ruuby.ee\/en\/wp-json\/wp\/v2\/product_tag?post=1849415"}],"curies":[{"name":"wp","href":"https:\/\/api.w.org\/{rel}","templated":true}]}}