{"id":1849263,"date":"2024-09-23T14:06:09","date_gmt":"2024-09-23T11:06:09","guid":{"rendered":"http:\/\/ruuby.ee\/?post_type=product&#038;p=1849263"},"modified":"2026-04-05T01:25:26","modified_gmt":"2026-04-04T22:25:26","slug":"rainkiss-vihmakeep-black-polka","status":"publish","type":"product","link":"https:\/\/ruuby.ee\/en\/pood\/roivakaubad\/rainkiss-vihmakeep-black-polka\/","title":{"rendered":"Rainkiss vihmakeep -Black Polka"},"content":{"rendered":"<p>Maailmakuulus t\u00e4piline muster saab Black Polka vihmapont\u0161oga uue ilme. Kombineerides selle m\u00e4ngulise prindi musta ja halli tumedate toonidega, hoiab Black Polka teid kuivana ja n\u00e4eb hea v\u00e4lja. Tee iga vihmane p\u00e4ev Polka-maaniaks musta polkaga.<\/p>\n<p>Meie pont\u0161od on t\u00e4iuslikult l\u00f5igatud teibitud \u00f5mblustega ja on 100% veekindlad. Meie jaoks on v\u00e4ga oluline t\u00f6\u00f6tada ainult j\u00e4tkusuutlike materjalidega, nagu ringlussev\u00f5etud pol\u00fcester. M\u00f5ned valikud elus on seda v\u00e4\u00e4rt.<\/p>\n<p>Meie vihmapont\u0161od on t\u00e4iuslikult l\u00f5igatud teibitud \u00f5mbluste ja 7000 mm veekindla sambaga. Meie jaoks on v\u00e4ga oluline t\u00f6\u00f6tada ainult j\u00e4tkusuutlike materjalidega, nagu ringlussev\u00f5etud pol\u00fcester. M\u00f5ned valikud elus on seda v\u00e4\u00e4rt.<\/p>\n<div>\n<p>\u2013 \u00dcks suurus sobib k\u00f5igile<br \/>\n\u2013 7000 mm veekindel sammas, hoiab teid t\u00f5siselt kuivana<br \/>\n\u2013 T\u00e4pselt l\u00f5igatud<br \/>\n\u2013 Sertifitseeritud 100% taaskasutatud pol\u00fcester<br \/>\n\u2013 Lihtne kokku panna \u2013 Sisseehitatud hoiukott<br \/>\n\u2013 Esmaklassiline takjakinnitusega mansettsulgur QR-koodidega Weather Appi ja Spotify esitusloendite jaoks<br \/>\n\u2013 Reguleeritav kapuuts<br \/>\n\u2013 Kahe nupu k\u00fcljepaneeli reguleerimine \u2013 ideaalne jalgrattaga s\u00f5itmiseks<br \/>\n\u2013 Lihtne kaasas kanda \u2013 Kaal: 250 g \u2013 M\u00f5\u00f5dud kotis: 31 x 33 x 2 cm<\/p>\n<\/div>\n<div>\n<p>Pikkusele: 160-195cm<\/p>\n<\/div>","protected":false},"excerpt":{"rendered":"<p>Maailmakuulus t\u00e4piline muster saab Black Polka vihmapont\u0161oga uue ilme. Kombineerides selle m\u00e4ngulise prindi musta ja halli tumedate toonidega, hoiab Black Polka teid kuivana ja n\u00e4eb hea v\u00e4lja. Tee iga vihmane p\u00e4ev Polka-maaniaks musta polkaga. Meie pont\u0161od on t\u00e4iuslikult l\u00f5igatud teibitud \u00f5mblustega ja on 100% veekindlad. Meie jaoks on v\u00e4ga oluline t\u00f6\u00f6tada ainult j\u00e4tkusuutlike materjalidega, nagu [&hellip;]<\/p>\n","protected":false},"featured_media":1849264,"comment_status":"open","ping_status":"closed","template":"","meta":[],"product_brand":[],"product_cat":[24,627],"product_tag":[],"class_list":{"0":"post-1849263","1":"product","2":"type-product","3":"status-publish","4":"has-post-thumbnail","6":"product_cat-roivakaubad","7":"product_cat-vihmakeebid","9":"first","10":"outofstock","11":"taxable","12":"shipping-taxable","13":"purchasable","14":"product-type-simple"},"yoast_head":"<!-- This site is optimized with the Yoast SEO plugin v27.2 - https:\/\/yoast.com\/product\/yoast-seo-wordpress\/ -->\n<title>Rainkiss vihmakeep -Black Polka - RUUBY<\/title>\n<meta name=\"robots\" content=\"index, follow, max-snippet:-1, max-image-preview:large, max-video-preview:-1\" \/>\n<link rel=\"canonical\" href=\"https:\/\/ruuby.ee\/en\/pood\/roivakaubad\/rainkiss-vihmakeep-black-polka\/\" \/>\n<meta property=\"og:locale\" content=\"en_GB\" \/>\n<meta property=\"og:type\" content=\"article\" \/>\n<meta property=\"og:title\" content=\"Rainkiss vihmakeep -Black Polka - RUUBY\" \/>\n<meta property=\"og:description\" content=\"Maailmakuulus t\u00e4piline muster saab Black Polka vihmapont\u0161oga uue ilme. Kombineerides selle m\u00e4ngulise prindi musta ja halli tumedate toonidega, hoiab Black Polka teid kuivana ja n\u00e4eb hea v\u00e4lja. Tee iga vihmane p\u00e4ev Polka-maaniaks musta polkaga. Meie pont\u0161od on t\u00e4iuslikult l\u00f5igatud teibitud \u00f5mblustega ja on 100% veekindlad. Meie jaoks on v\u00e4ga oluline t\u00f6\u00f6tada ainult j\u00e4tkusuutlike materjalidega, nagu [&hellip;]\" \/>\n<meta property=\"og:url\" content=\"https:\/\/ruuby.ee\/en\/pood\/roivakaubad\/rainkiss-vihmakeep-black-polka\/\" \/>\n<meta property=\"og:site_name\" content=\"RUUBY\" \/>\n<meta property=\"article:publisher\" content=\"https:\/\/www.facebook.com\/ruubyconcept\" \/>\n<meta property=\"article:modified_time\" content=\"2026-04-04T22:25:26+00:00\" \/>\n<meta property=\"og:image\" content=\"https:\/\/ruuby.ee\/wp-content\/uploads\/2024\/09\/Screenshot-2024-09-23-at-14.05.45.png\" \/>\n\t<meta property=\"og:image:width\" content=\"900\" \/>\n\t<meta property=\"og:image:height\" content=\"1218\" \/>\n\t<meta property=\"og:image:type\" content=\"image\/png\" \/>\n<meta name=\"twitter:card\" content=\"summary_large_image\" \/>\n<meta name=\"twitter:label1\" content=\"Estimated reading time\" \/>\n\t<meta name=\"twitter:data1\" content=\"2 minutes\" \/>\n<script type=\"application\/ld+json\" class=\"yoast-schema-graph\">{\"@context\":\"https:\/\/schema.org\",\"@graph\":[{\"@type\":[\"WebPage\",\"ItemPage\"],\"@id\":\"https:\/\/ruuby.ee\/en\/pood\/roivakaubad\/rainkiss-vihmakeep-black-polka\/\",\"url\":\"https:\/\/ruuby.ee\/en\/pood\/roivakaubad\/rainkiss-vihmakeep-black-polka\/\",\"name\":\"Rainkiss vihmakeep -Black Polka - RUUBY\",\"isPartOf\":{\"@id\":\"http:\/\/ruuby.ee\/#website\"},\"primaryImageOfPage\":{\"@id\":\"https:\/\/ruuby.ee\/en\/pood\/roivakaubad\/rainkiss-vihmakeep-black-polka\/#primaryimage\"},\"image\":{\"@id\":\"https:\/\/ruuby.ee\/en\/pood\/roivakaubad\/rainkiss-vihmakeep-black-polka\/#primaryimage\"},\"thumbnailUrl\":\"https:\/\/ruuby.ee\/wp-content\/uploads\/2024\/09\/Screenshot-2024-09-23-at-14.05.45.png\",\"datePublished\":\"2024-09-23T11:06:09+00:00\",\"dateModified\":\"2026-04-04T22:25:26+00:00\",\"breadcrumb\":{\"@id\":\"https:\/\/ruuby.ee\/en\/pood\/roivakaubad\/rainkiss-vihmakeep-black-polka\/#breadcrumb\"},\"inLanguage\":\"en-GB\",\"potentialAction\":[{\"@type\":\"ReadAction\",\"target\":[\"https:\/\/ruuby.ee\/en\/pood\/roivakaubad\/rainkiss-vihmakeep-black-polka\/\"]}]},{\"@type\":\"ImageObject\",\"inLanguage\":\"en-GB\",\"@id\":\"https:\/\/ruuby.ee\/en\/pood\/roivakaubad\/rainkiss-vihmakeep-black-polka\/#primaryimage\",\"url\":\"https:\/\/ruuby.ee\/wp-content\/uploads\/2024\/09\/Screenshot-2024-09-23-at-14.05.45.png\",\"contentUrl\":\"https:\/\/ruuby.ee\/wp-content\/uploads\/2024\/09\/Screenshot-2024-09-23-at-14.05.45.png\",\"width\":900,\"height\":1218},{\"@type\":\"BreadcrumbList\",\"@id\":\"https:\/\/ruuby.ee\/en\/pood\/roivakaubad\/rainkiss-vihmakeep-black-polka\/#breadcrumb\",\"itemListElement\":[{\"@type\":\"ListItem\",\"position\":1,\"name\":\"Kdu\",\"item\":\"http:\/\/ruuby.ee\/\"},{\"@type\":\"ListItem\",\"position\":2,\"name\":\"Pood\",\"item\":\"https:\/\/ruuby.ee\/en\/pood\/\"},{\"@type\":\"ListItem\",\"position\":3,\"name\":\"Rainkiss vihmakeep -Black Polka\"}]},{\"@type\":\"WebSite\",\"@id\":\"http:\/\/ruuby.ee\/#website\",\"url\":\"http:\/\/ruuby.ee\/\",\"name\":\"RUUBY\",\"description\":\"Ruubys on \u00fchendatud elustiil ja disain\",\"publisher\":{\"@id\":\"http:\/\/ruuby.ee\/#organization\"},\"alternateName\":\"Ruuby Disain\",\"potentialAction\":[{\"@type\":\"SearchAction\",\"target\":{\"@type\":\"EntryPoint\",\"urlTemplate\":\"http:\/\/ruuby.ee\/?s={search_term_string}\"},\"query-input\":{\"@type\":\"PropertyValueSpecification\",\"valueRequired\":true,\"valueName\":\"search_term_string\"}}],\"inLanguage\":\"en-GB\"},{\"@type\":\"Organization\",\"@id\":\"http:\/\/ruuby.ee\/#organization\",\"name\":\"Ruuby Disain O\u00dc\",\"alternateName\":\"Ruuby\",\"url\":\"http:\/\/ruuby.ee\/\",\"logo\":{\"@type\":\"ImageObject\",\"inLanguage\":\"en-GB\",\"@id\":\"http:\/\/ruuby.ee\/#\/schema\/logo\/image\/\",\"url\":\"https:\/\/ruuby.ee\/wp-content\/uploads\/2023\/06\/cropped-Black-White-Elegant-Circle-Signature-Fashion-Logo-12_large.png\",\"contentUrl\":\"https:\/\/ruuby.ee\/wp-content\/uploads\/2023\/06\/cropped-Black-White-Elegant-Circle-Signature-Fashion-Logo-12_large.png\",\"width\":1280,\"height\":747,\"caption\":\"Ruuby Disain O\u00dc\"},\"image\":{\"@id\":\"http:\/\/ruuby.ee\/#\/schema\/logo\/image\/\"},\"sameAs\":[\"https:\/\/www.facebook.com\/ruubyconcept\",\"https:\/\/www.instagram.com\/ruuby_concept\/\"]}]}<\/script>\n<!-- \/ Yoast SEO plugin. -->","yoast_head_json":{"title":"Rainkiss vihmakeep -Black Polka - RUUBY","robots":{"index":"index","follow":"follow","max-snippet":"max-snippet:-1","max-image-preview":"max-image-preview:large","max-video-preview":"max-video-preview:-1"},"canonical":"https:\/\/ruuby.ee\/en\/pood\/roivakaubad\/rainkiss-vihmakeep-black-polka\/","og_locale":"en_GB","og_type":"article","og_title":"Rainkiss vihmakeep -Black Polka - RUUBY","og_description":"Maailmakuulus t\u00e4piline muster saab Black Polka vihmapont\u0161oga uue ilme. Kombineerides selle m\u00e4ngulise prindi musta ja halli tumedate toonidega, hoiab Black Polka teid kuivana ja n\u00e4eb hea v\u00e4lja. Tee iga vihmane p\u00e4ev Polka-maaniaks musta polkaga. Meie pont\u0161od on t\u00e4iuslikult l\u00f5igatud teibitud \u00f5mblustega ja on 100% veekindlad. Meie jaoks on v\u00e4ga oluline t\u00f6\u00f6tada ainult j\u00e4tkusuutlike materjalidega, nagu [&hellip;]","og_url":"https:\/\/ruuby.ee\/en\/pood\/roivakaubad\/rainkiss-vihmakeep-black-polka\/","og_site_name":"RUUBY","article_publisher":"https:\/\/www.facebook.com\/ruubyconcept","article_modified_time":"2026-04-04T22:25:26+00:00","og_image":[{"width":900,"height":1218,"url":"https:\/\/ruuby.ee\/wp-content\/uploads\/2024\/09\/Screenshot-2024-09-23-at-14.05.45.png","type":"image\/png"}],"twitter_card":"summary_large_image","twitter_misc":{"Estimated reading time":"2 minutes"},"schema":{"@context":"https:\/\/schema.org","@graph":[{"@type":["WebPage","ItemPage"],"@id":"https:\/\/ruuby.ee\/en\/pood\/roivakaubad\/rainkiss-vihmakeep-black-polka\/","url":"https:\/\/ruuby.ee\/en\/pood\/roivakaubad\/rainkiss-vihmakeep-black-polka\/","name":"Rainkiss vihmakeep -Black Polka - RUUBY","isPartOf":{"@id":"http:\/\/ruuby.ee\/#website"},"primaryImageOfPage":{"@id":"https:\/\/ruuby.ee\/en\/pood\/roivakaubad\/rainkiss-vihmakeep-black-polka\/#primaryimage"},"image":{"@id":"https:\/\/ruuby.ee\/en\/pood\/roivakaubad\/rainkiss-vihmakeep-black-polka\/#primaryimage"},"thumbnailUrl":"https:\/\/ruuby.ee\/wp-content\/uploads\/2024\/09\/Screenshot-2024-09-23-at-14.05.45.png","datePublished":"2024-09-23T11:06:09+00:00","dateModified":"2026-04-04T22:25:26+00:00","breadcrumb":{"@id":"https:\/\/ruuby.ee\/en\/pood\/roivakaubad\/rainkiss-vihmakeep-black-polka\/#breadcrumb"},"inLanguage":"en-GB","potentialAction":[{"@type":"ReadAction","target":["https:\/\/ruuby.ee\/en\/pood\/roivakaubad\/rainkiss-vihmakeep-black-polka\/"]}]},{"@type":"ImageObject","inLanguage":"en-GB","@id":"https:\/\/ruuby.ee\/en\/pood\/roivakaubad\/rainkiss-vihmakeep-black-polka\/#primaryimage","url":"https:\/\/ruuby.ee\/wp-content\/uploads\/2024\/09\/Screenshot-2024-09-23-at-14.05.45.png","contentUrl":"https:\/\/ruuby.ee\/wp-content\/uploads\/2024\/09\/Screenshot-2024-09-23-at-14.05.45.png","width":900,"height":1218},{"@type":"BreadcrumbList","@id":"https:\/\/ruuby.ee\/en\/pood\/roivakaubad\/rainkiss-vihmakeep-black-polka\/#breadcrumb","itemListElement":[{"@type":"ListItem","position":1,"name":"Kdu","item":"http:\/\/ruuby.ee\/"},{"@type":"ListItem","position":2,"name":"Pood","item":"https:\/\/ruuby.ee\/en\/pood\/"},{"@type":"ListItem","position":3,"name":"Rainkiss vihmakeep -Black Polka"}]},{"@type":"WebSite","@id":"http:\/\/ruuby.ee\/#website","url":"http:\/\/ruuby.ee\/","name":"RUUBY","description":"Ruubys on \u00fchendatud elustiil ja disain","publisher":{"@id":"http:\/\/ruuby.ee\/#organization"},"alternateName":"Ruuby Disain","potentialAction":[{"@type":"SearchAction","target":{"@type":"EntryPoint","urlTemplate":"http:\/\/ruuby.ee\/?s={search_term_string}"},"query-input":{"@type":"PropertyValueSpecification","valueRequired":true,"valueName":"search_term_string"}}],"inLanguage":"en-GB"},{"@type":"Organization","@id":"http:\/\/ruuby.ee\/#organization","name":"Ruuby Disain O\u00dc","alternateName":"Ruuby","url":"http:\/\/ruuby.ee\/","logo":{"@type":"ImageObject","inLanguage":"en-GB","@id":"http:\/\/ruuby.ee\/#\/schema\/logo\/image\/","url":"https:\/\/ruuby.ee\/wp-content\/uploads\/2023\/06\/cropped-Black-White-Elegant-Circle-Signature-Fashion-Logo-12_large.png","contentUrl":"https:\/\/ruuby.ee\/wp-content\/uploads\/2023\/06\/cropped-Black-White-Elegant-Circle-Signature-Fashion-Logo-12_large.png","width":1280,"height":747,"caption":"Ruuby Disain O\u00dc"},"image":{"@id":"http:\/\/ruuby.ee\/#\/schema\/logo\/image\/"},"sameAs":["https:\/\/www.facebook.com\/ruubyconcept","https:\/\/www.instagram.com\/ruuby_concept\/"]}]}},"jetpack_sharing_enabled":true,"_links":{"self":[{"href":"https:\/\/ruuby.ee\/en\/wp-json\/wp\/v2\/product\/1849263","targetHints":{"allow":["GET"]}}],"collection":[{"href":"https:\/\/ruuby.ee\/en\/wp-json\/wp\/v2\/product"}],"about":[{"href":"https:\/\/ruuby.ee\/en\/wp-json\/wp\/v2\/types\/product"}],"replies":[{"embeddable":true,"href":"https:\/\/ruuby.ee\/en\/wp-json\/wp\/v2\/comments?post=1849263"}],"wp:featuredmedia":[{"embeddable":true,"href":"https:\/\/ruuby.ee\/en\/wp-json\/wp\/v2\/media\/1849264"}],"wp:attachment":[{"href":"https:\/\/ruuby.ee\/en\/wp-json\/wp\/v2\/media?parent=1849263"}],"wp:term":[{"taxonomy":"product_brand","embeddable":true,"href":"https:\/\/ruuby.ee\/en\/wp-json\/wp\/v2\/product_brand?post=1849263"},{"taxonomy":"product_cat","embeddable":true,"href":"https:\/\/ruuby.ee\/en\/wp-json\/wp\/v2\/product_cat?post=1849263"},{"taxonomy":"product_tag","embeddable":true,"href":"https:\/\/ruuby.ee\/en\/wp-json\/wp\/v2\/product_tag?post=1849263"}],"curies":[{"name":"wp","href":"https:\/\/api.w.org\/{rel}","templated":true}]}}