{"id":1849255,"date":"2024-09-23T14:01:37","date_gmt":"2024-09-23T11:01:37","guid":{"rendered":"http:\/\/ruuby.ee\/?post_type=product&#038;p=1849255"},"modified":"2026-04-05T01:25:26","modified_gmt":"2026-04-04T22:25:26","slug":"rainkiss-vihmakeep-classic-smile-x-smiley","status":"publish","type":"product","link":"https:\/\/ruuby.ee\/en\/pood\/roivakaubad\/rainkiss-vihmakeep-classic-smile-x-smiley\/","title":{"rendered":"Rainkiss vihmakeep &#8211; Classic Smile x Smiley"},"content":{"rendered":"<p>Kui sajab vihma, kandke lihtsalt emotikonit. Classic Smile vihmapont\u0161o kombineerib m\u00e4ngulise Smiley Originalsi ikoonide prindi klassikaliste kahev\u00e4rviliste v\u00e4rvidega, et luua minimaalne pont\u0161o, mis hoiab teid kindlasti kuivana ja naeratavana. Hoidke see lihtsana, hoidke seda klassikalisena, naeratage edasi.<\/p>\n<p>Viimased 50 aastat on Smiley omaks v\u00f5tnud positiivsuse, loovuse ja disaini, inspireerides kogu maailmas optimismi. Smiley\u00ae Originals on Rainkiss t\u00e4histab \u00f5nne, see on lihtne, v\u00f5imas ja positiivne. T\u00e4histame vihma smailiga.<\/p>\n<p>Meie vihmapont\u0161od on t\u00e4iuslikult l\u00f5igatud teibitud \u00f5mbluste ja 7000 mm veekindla sambaga. Meie jaoks on v\u00e4ga oluline t\u00f6\u00f6tada ainult j\u00e4tkusuutlike materjalidega, nagu ringlussev\u00f5etud pol\u00fcester. M\u00f5ned valikud elus on seda v\u00e4\u00e4rt.<\/p>\n<div>\n<p>\u2013 \u00dcks suurus sobib k\u00f5igile<br \/>\n\u2013 7000 mm veekindel sammas, hoiab teid t\u00f5siselt kuivana<br \/>\n\u2013 T\u00e4pselt l\u00f5igatud<br \/>\n\u2013 Sertifitseeritud 100% taaskasutatud pol\u00fcester<br \/>\n\u2013 Lihtne kokku panna \u2013 Sisseehitatud hoiukott<br \/>\n\u2013 Esmaklassiline takjakinnitusega mansettsulgur QR-koodidega Weather Appi ja Spotify esitusloendite jaoks<br \/>\n\u2013 Reguleeritav kapuuts<br \/>\n\u2013 Kahe nupu k\u00fcljepaneeli reguleerimine \u2013 ideaalne jalgrattaga s\u00f5itmiseks<br \/>\n\u2013 Lihtne kaasas kanda \u2013 Kaal: 250 g \u2013 M\u00f5\u00f5dud kotis: 31 x 33 x 2 cm<\/p>\n<\/div>\n<div>\n<p>Pikkusele: 160-195cm<\/p>\n<\/div>","protected":false},"excerpt":{"rendered":"<p>Kui sajab vihma, kandke lihtsalt emotikonit. Classic Smile vihmapont\u0161o kombineerib m\u00e4ngulise Smiley Originalsi ikoonide prindi klassikaliste kahev\u00e4rviliste v\u00e4rvidega, et luua minimaalne pont\u0161o, mis hoiab teid kindlasti kuivana ja naeratavana. Hoidke see lihtsana, hoidke seda klassikalisena, naeratage edasi. Viimased 50 aastat on Smiley omaks v\u00f5tnud positiivsuse, loovuse ja disaini, inspireerides kogu maailmas optimismi. Smiley\u00ae Originals on [&hellip;]<\/p>\n","protected":false},"featured_media":1849262,"comment_status":"open","ping_status":"closed","template":"","meta":[],"product_brand":[],"product_cat":[24,627],"product_tag":[],"class_list":{"0":"post-1849255","1":"product","2":"type-product","3":"status-publish","4":"has-post-thumbnail","6":"product_cat-roivakaubad","7":"product_cat-vihmakeebid","9":"first","10":"outofstock","11":"taxable","12":"shipping-taxable","13":"purchasable","14":"product-type-simple"},"yoast_head":"<!-- This site is optimized with the Yoast SEO plugin v27.2 - https:\/\/yoast.com\/product\/yoast-seo-wordpress\/ -->\n<title>Rainkiss vihmakeep - Classic Smile x Smiley - RUUBY<\/title>\n<meta name=\"robots\" content=\"index, follow, max-snippet:-1, max-image-preview:large, max-video-preview:-1\" \/>\n<link rel=\"canonical\" href=\"http:\/\/ruuby.ee\/en\/pood\/roivakaubad\/rainkiss-vihmakeep-classic-smile-x-smiley\/\" \/>\n<meta property=\"og:locale\" content=\"en_GB\" \/>\n<meta property=\"og:type\" content=\"article\" \/>\n<meta property=\"og:title\" content=\"Rainkiss vihmakeep - Classic Smile x Smiley - RUUBY\" \/>\n<meta property=\"og:description\" content=\"Kui sajab vihma, kandke lihtsalt emotikonit. Classic Smile vihmapont\u0161o kombineerib m\u00e4ngulise Smiley Originalsi ikoonide prindi klassikaliste kahev\u00e4rviliste v\u00e4rvidega, et luua minimaalne pont\u0161o, mis hoiab teid kindlasti kuivana ja naeratavana. Hoidke see lihtsana, hoidke seda klassikalisena, naeratage edasi. Viimased 50 aastat on Smiley omaks v\u00f5tnud positiivsuse, loovuse ja disaini, inspireerides kogu maailmas optimismi. Smiley\u00ae Originals on [&hellip;]\" \/>\n<meta property=\"og:url\" content=\"http:\/\/ruuby.ee\/en\/pood\/roivakaubad\/rainkiss-vihmakeep-classic-smile-x-smiley\/\" \/>\n<meta property=\"og:site_name\" content=\"RUUBY\" \/>\n<meta property=\"article:publisher\" content=\"https:\/\/www.facebook.com\/ruubyconcept\" \/>\n<meta property=\"article:modified_time\" content=\"2026-04-04T22:25:26+00:00\" \/>\n<meta property=\"og:image\" content=\"http:\/\/ruuby.ee\/wp-content\/uploads\/2024\/09\/Screenshot-2024-09-23-at-14.03.55-e1727089492827.png\" \/>\n\t<meta property=\"og:image:width\" content=\"789\" \/>\n\t<meta property=\"og:image:height\" content=\"916\" \/>\n\t<meta property=\"og:image:type\" content=\"image\/png\" \/>\n<meta name=\"twitter:card\" content=\"summary_large_image\" \/>\n<meta name=\"twitter:label1\" content=\"Estimated reading time\" \/>\n\t<meta name=\"twitter:data1\" content=\"2 minutes\" \/>\n<script type=\"application\/ld+json\" class=\"yoast-schema-graph\">{\"@context\":\"https:\/\/schema.org\",\"@graph\":[{\"@type\":[\"WebPage\",\"ItemPage\"],\"@id\":\"http:\/\/ruuby.ee\/en\/pood\/roivakaubad\/rainkiss-vihmakeep-classic-smile-x-smiley\/\",\"url\":\"http:\/\/ruuby.ee\/en\/pood\/roivakaubad\/rainkiss-vihmakeep-classic-smile-x-smiley\/\",\"name\":\"Rainkiss vihmakeep - Classic Smile x Smiley - RUUBY\",\"isPartOf\":{\"@id\":\"http:\/\/ruuby.ee\/#website\"},\"primaryImageOfPage\":{\"@id\":\"http:\/\/ruuby.ee\/en\/pood\/roivakaubad\/rainkiss-vihmakeep-classic-smile-x-smiley\/#primaryimage\"},\"image\":{\"@id\":\"http:\/\/ruuby.ee\/en\/pood\/roivakaubad\/rainkiss-vihmakeep-classic-smile-x-smiley\/#primaryimage\"},\"thumbnailUrl\":\"https:\/\/ruuby.ee\/wp-content\/uploads\/2024\/09\/Screenshot-2024-09-23-at-14.03.55-e1727089492827.png\",\"datePublished\":\"2024-09-23T11:01:37+00:00\",\"dateModified\":\"2026-04-04T22:25:26+00:00\",\"breadcrumb\":{\"@id\":\"http:\/\/ruuby.ee\/en\/pood\/roivakaubad\/rainkiss-vihmakeep-classic-smile-x-smiley\/#breadcrumb\"},\"inLanguage\":\"en-GB\",\"potentialAction\":[{\"@type\":\"ReadAction\",\"target\":[\"http:\/\/ruuby.ee\/en\/pood\/roivakaubad\/rainkiss-vihmakeep-classic-smile-x-smiley\/\"]}]},{\"@type\":\"ImageObject\",\"inLanguage\":\"en-GB\",\"@id\":\"http:\/\/ruuby.ee\/en\/pood\/roivakaubad\/rainkiss-vihmakeep-classic-smile-x-smiley\/#primaryimage\",\"url\":\"https:\/\/ruuby.ee\/wp-content\/uploads\/2024\/09\/Screenshot-2024-09-23-at-14.03.55-e1727089492827.png\",\"contentUrl\":\"https:\/\/ruuby.ee\/wp-content\/uploads\/2024\/09\/Screenshot-2024-09-23-at-14.03.55-e1727089492827.png\",\"width\":789,\"height\":916},{\"@type\":\"BreadcrumbList\",\"@id\":\"http:\/\/ruuby.ee\/en\/pood\/roivakaubad\/rainkiss-vihmakeep-classic-smile-x-smiley\/#breadcrumb\",\"itemListElement\":[{\"@type\":\"ListItem\",\"position\":1,\"name\":\"Kdu\",\"item\":\"http:\/\/ruuby.ee\/\"},{\"@type\":\"ListItem\",\"position\":2,\"name\":\"Pood\",\"item\":\"https:\/\/ruuby.ee\/en\/pood\/\"},{\"@type\":\"ListItem\",\"position\":3,\"name\":\"Rainkiss vihmakeep &#8211; Classic Smile x Smiley\"}]},{\"@type\":\"WebSite\",\"@id\":\"http:\/\/ruuby.ee\/#website\",\"url\":\"http:\/\/ruuby.ee\/\",\"name\":\"RUUBY\",\"description\":\"Ruubys on \u00fchendatud elustiil ja disain\",\"publisher\":{\"@id\":\"http:\/\/ruuby.ee\/#organization\"},\"alternateName\":\"Ruuby Disain\",\"potentialAction\":[{\"@type\":\"SearchAction\",\"target\":{\"@type\":\"EntryPoint\",\"urlTemplate\":\"http:\/\/ruuby.ee\/?s={search_term_string}\"},\"query-input\":{\"@type\":\"PropertyValueSpecification\",\"valueRequired\":true,\"valueName\":\"search_term_string\"}}],\"inLanguage\":\"en-GB\"},{\"@type\":\"Organization\",\"@id\":\"http:\/\/ruuby.ee\/#organization\",\"name\":\"Ruuby Disain O\u00dc\",\"alternateName\":\"Ruuby\",\"url\":\"http:\/\/ruuby.ee\/\",\"logo\":{\"@type\":\"ImageObject\",\"inLanguage\":\"en-GB\",\"@id\":\"http:\/\/ruuby.ee\/#\/schema\/logo\/image\/\",\"url\":\"https:\/\/ruuby.ee\/wp-content\/uploads\/2023\/06\/cropped-Black-White-Elegant-Circle-Signature-Fashion-Logo-12_large.png\",\"contentUrl\":\"https:\/\/ruuby.ee\/wp-content\/uploads\/2023\/06\/cropped-Black-White-Elegant-Circle-Signature-Fashion-Logo-12_large.png\",\"width\":1280,\"height\":747,\"caption\":\"Ruuby Disain O\u00dc\"},\"image\":{\"@id\":\"http:\/\/ruuby.ee\/#\/schema\/logo\/image\/\"},\"sameAs\":[\"https:\/\/www.facebook.com\/ruubyconcept\",\"https:\/\/www.instagram.com\/ruuby_concept\/\"]}]}<\/script>\n<!-- \/ Yoast SEO plugin. -->","yoast_head_json":{"title":"Rainkiss vihmakeep - Classic Smile x Smiley - RUUBY","robots":{"index":"index","follow":"follow","max-snippet":"max-snippet:-1","max-image-preview":"max-image-preview:large","max-video-preview":"max-video-preview:-1"},"canonical":"http:\/\/ruuby.ee\/en\/pood\/roivakaubad\/rainkiss-vihmakeep-classic-smile-x-smiley\/","og_locale":"en_GB","og_type":"article","og_title":"Rainkiss vihmakeep - Classic Smile x Smiley - RUUBY","og_description":"Kui sajab vihma, kandke lihtsalt emotikonit. Classic Smile vihmapont\u0161o kombineerib m\u00e4ngulise Smiley Originalsi ikoonide prindi klassikaliste kahev\u00e4rviliste v\u00e4rvidega, et luua minimaalne pont\u0161o, mis hoiab teid kindlasti kuivana ja naeratavana. Hoidke see lihtsana, hoidke seda klassikalisena, naeratage edasi. Viimased 50 aastat on Smiley omaks v\u00f5tnud positiivsuse, loovuse ja disaini, inspireerides kogu maailmas optimismi. Smiley\u00ae Originals on [&hellip;]","og_url":"http:\/\/ruuby.ee\/en\/pood\/roivakaubad\/rainkiss-vihmakeep-classic-smile-x-smiley\/","og_site_name":"RUUBY","article_publisher":"https:\/\/www.facebook.com\/ruubyconcept","article_modified_time":"2026-04-04T22:25:26+00:00","og_image":[{"width":789,"height":916,"url":"http:\/\/ruuby.ee\/wp-content\/uploads\/2024\/09\/Screenshot-2024-09-23-at-14.03.55-e1727089492827.png","type":"image\/png"}],"twitter_card":"summary_large_image","twitter_misc":{"Estimated reading time":"2 minutes"},"schema":{"@context":"https:\/\/schema.org","@graph":[{"@type":["WebPage","ItemPage"],"@id":"http:\/\/ruuby.ee\/en\/pood\/roivakaubad\/rainkiss-vihmakeep-classic-smile-x-smiley\/","url":"http:\/\/ruuby.ee\/en\/pood\/roivakaubad\/rainkiss-vihmakeep-classic-smile-x-smiley\/","name":"Rainkiss vihmakeep - Classic Smile x Smiley - RUUBY","isPartOf":{"@id":"http:\/\/ruuby.ee\/#website"},"primaryImageOfPage":{"@id":"http:\/\/ruuby.ee\/en\/pood\/roivakaubad\/rainkiss-vihmakeep-classic-smile-x-smiley\/#primaryimage"},"image":{"@id":"http:\/\/ruuby.ee\/en\/pood\/roivakaubad\/rainkiss-vihmakeep-classic-smile-x-smiley\/#primaryimage"},"thumbnailUrl":"https:\/\/ruuby.ee\/wp-content\/uploads\/2024\/09\/Screenshot-2024-09-23-at-14.03.55-e1727089492827.png","datePublished":"2024-09-23T11:01:37+00:00","dateModified":"2026-04-04T22:25:26+00:00","breadcrumb":{"@id":"http:\/\/ruuby.ee\/en\/pood\/roivakaubad\/rainkiss-vihmakeep-classic-smile-x-smiley\/#breadcrumb"},"inLanguage":"en-GB","potentialAction":[{"@type":"ReadAction","target":["http:\/\/ruuby.ee\/en\/pood\/roivakaubad\/rainkiss-vihmakeep-classic-smile-x-smiley\/"]}]},{"@type":"ImageObject","inLanguage":"en-GB","@id":"http:\/\/ruuby.ee\/en\/pood\/roivakaubad\/rainkiss-vihmakeep-classic-smile-x-smiley\/#primaryimage","url":"https:\/\/ruuby.ee\/wp-content\/uploads\/2024\/09\/Screenshot-2024-09-23-at-14.03.55-e1727089492827.png","contentUrl":"https:\/\/ruuby.ee\/wp-content\/uploads\/2024\/09\/Screenshot-2024-09-23-at-14.03.55-e1727089492827.png","width":789,"height":916},{"@type":"BreadcrumbList","@id":"http:\/\/ruuby.ee\/en\/pood\/roivakaubad\/rainkiss-vihmakeep-classic-smile-x-smiley\/#breadcrumb","itemListElement":[{"@type":"ListItem","position":1,"name":"Kdu","item":"http:\/\/ruuby.ee\/"},{"@type":"ListItem","position":2,"name":"Pood","item":"https:\/\/ruuby.ee\/en\/pood\/"},{"@type":"ListItem","position":3,"name":"Rainkiss vihmakeep &#8211; Classic Smile x Smiley"}]},{"@type":"WebSite","@id":"http:\/\/ruuby.ee\/#website","url":"http:\/\/ruuby.ee\/","name":"RUUBY","description":"Ruubys on \u00fchendatud elustiil ja disain","publisher":{"@id":"http:\/\/ruuby.ee\/#organization"},"alternateName":"Ruuby Disain","potentialAction":[{"@type":"SearchAction","target":{"@type":"EntryPoint","urlTemplate":"http:\/\/ruuby.ee\/?s={search_term_string}"},"query-input":{"@type":"PropertyValueSpecification","valueRequired":true,"valueName":"search_term_string"}}],"inLanguage":"en-GB"},{"@type":"Organization","@id":"http:\/\/ruuby.ee\/#organization","name":"Ruuby Disain O\u00dc","alternateName":"Ruuby","url":"http:\/\/ruuby.ee\/","logo":{"@type":"ImageObject","inLanguage":"en-GB","@id":"http:\/\/ruuby.ee\/#\/schema\/logo\/image\/","url":"https:\/\/ruuby.ee\/wp-content\/uploads\/2023\/06\/cropped-Black-White-Elegant-Circle-Signature-Fashion-Logo-12_large.png","contentUrl":"https:\/\/ruuby.ee\/wp-content\/uploads\/2023\/06\/cropped-Black-White-Elegant-Circle-Signature-Fashion-Logo-12_large.png","width":1280,"height":747,"caption":"Ruuby Disain O\u00dc"},"image":{"@id":"http:\/\/ruuby.ee\/#\/schema\/logo\/image\/"},"sameAs":["https:\/\/www.facebook.com\/ruubyconcept","https:\/\/www.instagram.com\/ruuby_concept\/"]}]}},"jetpack_sharing_enabled":true,"_links":{"self":[{"href":"https:\/\/ruuby.ee\/en\/wp-json\/wp\/v2\/product\/1849255","targetHints":{"allow":["GET"]}}],"collection":[{"href":"https:\/\/ruuby.ee\/en\/wp-json\/wp\/v2\/product"}],"about":[{"href":"https:\/\/ruuby.ee\/en\/wp-json\/wp\/v2\/types\/product"}],"replies":[{"embeddable":true,"href":"https:\/\/ruuby.ee\/en\/wp-json\/wp\/v2\/comments?post=1849255"}],"wp:featuredmedia":[{"embeddable":true,"href":"https:\/\/ruuby.ee\/en\/wp-json\/wp\/v2\/media\/1849262"}],"wp:attachment":[{"href":"https:\/\/ruuby.ee\/en\/wp-json\/wp\/v2\/media?parent=1849255"}],"wp:term":[{"taxonomy":"product_brand","embeddable":true,"href":"https:\/\/ruuby.ee\/en\/wp-json\/wp\/v2\/product_brand?post=1849255"},{"taxonomy":"product_cat","embeddable":true,"href":"https:\/\/ruuby.ee\/en\/wp-json\/wp\/v2\/product_cat?post=1849255"},{"taxonomy":"product_tag","embeddable":true,"href":"https:\/\/ruuby.ee\/en\/wp-json\/wp\/v2\/product_tag?post=1849255"}],"curies":[{"name":"wp","href":"https:\/\/api.w.org\/{rel}","templated":true}]}}