{"id":1849250,"date":"2024-09-23T13:34:57","date_gmt":"2024-09-23T10:34:57","guid":{"rendered":"http:\/\/ruuby.ee\/?post_type=product&#038;p=1849250"},"modified":"2026-04-05T01:25:26","modified_gmt":"2026-04-04T22:25:26","slug":"kinfill-noudepesuvahend","status":"publish","type":"product","link":"https:\/\/ruuby.ee\/en\/pood\/kodusisustus\/puhastusvahendid\/stardikomplektid\/kinfill-noudepesuvahend\/","title":{"rendered":"KINFILL &#8211; n\u00f5udepesuvahend"},"content":{"rendered":"<p>Kinfilli n\u00f5udepesuvahend on p<span class=\"HwtZe\" lang=\"et\"><span class=\"jCAhz ChMk0b\"><span class=\"ryNqvb\">laneedis\u00f5bralik n\u00f5udepesuseep, mis on <\/span><\/span><span class=\"jCAhz ChMk0b\"><span class=\"ryNqvb\">mustuse vastu julm, aga \u00f5rn teie k\u00e4te, n\u00f5ude ja planeedi suhtes. <\/span><\/span><\/span><span class=\"HwtZe\" lang=\"et\"><span class=\"jCAhz ChMk0b\"><span class=\"ryNqvb\">See aitab eemaldada kinnij\u00e4\u00e4nud toidu ja rasva, j\u00e4ttes n\u00f5ud puhtaks ja l\u00e4ikivaks. <\/span><\/span><\/span><span class=\"HwtZe\" lang=\"et\"><span class=\"jCAhz ChMk0b\"><span class=\"ryNqvb\">Kuigi mustad n\u00f5ud v\u00f5ivad kiiresti koguneda, tagab Kinfilli korduvt\u00e4idetav <em>Forever Bottle<\/em>, et \u00fchekordselt kasutatavad plastij\u00e4\u00e4tmed ei samamoodi ei kuhjuks. <\/span><\/span><\/span><span class=\"HwtZe\" lang=\"et\"><span class=\"jCAhz ChMk0b\"><span class=\"ryNqvb\">Virgutav sidrun ja basiilik muudavad vaevarikka \u00fclesande pigem meditatiivseks tegevuseks, pannes samal ajal teie k\u00f6\u00f6gi ja k\u00e4ed imeliselt l\u00f5hnama.<\/span><\/span><\/span><\/p>\n<p><span class=\"HwtZe\" lang=\"et\"><span class=\"jCAhz ChMk0b\"><span class=\"ryNqvb\">Ostke \u00fcks kord, t\u00e4itke igavesti.<\/span><\/span><\/span><\/p>\n<p>Lisaks saad lahti \u00fchekordselt kasutatavatest plastpudelitest.<\/p>\n<p>Itaalias toodetud klaaspudelid on taast\u00e4idetavad puhastuskontsentraadi ning kraaniveega.<\/p>\n<p><span lang=\"et\">Kinfill<\/span> puhastusvahendid on valmistatud t\u00f5husatest koostisosadest, mis ei sisalda kemikaale, mis v\u00f5iksid olla kahjulikud Teile v\u00f5i keskkonnale.<\/p>\n<p>\u2014 Vegan<br \/>\n\u2014 Ei sisalda palmi\u00f5li<br \/>\n\u2014 \u00dchekordse plastpakendi vaba<br \/>\n\u2014 EU \u00f6kom\u00e4rgis<\/p>\n<p>Kaasa tulev <span lang=\"et\"> 1 x klaasist taast\u00e4idetavpudel koos pesuvahendiga <\/span><span lang=\"et\">(<em>Lemon &amp; Basil<\/em>)<\/span><span lang=\"et\"> (500ml)<\/span><\/p>\n<p>Kasutamine: Lisage oma kraanikaussi \u00fcks pumbat\u00e4is n\u00f5udepesuvahendit ja lisage leiget vett.<\/p>\n<div><\/div>\n<div>Toodetud Hollandis.<\/div>","protected":false},"excerpt":{"rendered":"<p>\u00dclim abivahend l\u00e4ikivalt puhaste n\u00f5ude jaoks.<\/p>\n<p>&nbsp;<\/p>","protected":false},"featured_media":1849252,"comment_status":"closed","ping_status":"closed","template":"","meta":[],"product_brand":[],"product_cat":[42,891,989,986],"product_tag":[],"class_list":{"0":"post-1849250","1":"product","2":"type-product","3":"status-publish","4":"has-post-thumbnail","6":"product_cat-kodusisustus","7":"product_cat-puhastusvahendid","8":"product_cat-seebid","9":"product_cat-stardikomplektid","11":"first","12":"outofstock","13":"taxable","14":"shipping-taxable","15":"purchasable","16":"product-type-simple"},"yoast_head":"<!-- This site is optimized with the Yoast SEO plugin v27.2 - https:\/\/yoast.com\/product\/yoast-seo-wordpress\/ -->\n<title>KINFILL - n\u00f5udepesuvahend - RUUBY<\/title>\n<meta name=\"robots\" content=\"index, follow, max-snippet:-1, max-image-preview:large, max-video-preview:-1\" \/>\n<link rel=\"canonical\" href=\"https:\/\/ruuby.ee\/en\/pood\/kodusisustus\/puhastusvahendid\/stardikomplektid\/kinfill-noudepesuvahend\/\" \/>\n<meta property=\"og:locale\" content=\"en_GB\" \/>\n<meta property=\"og:type\" content=\"article\" \/>\n<meta property=\"og:title\" content=\"KINFILL - n\u00f5udepesuvahend - RUUBY\" \/>\n<meta property=\"og:description\" content=\"\u00dclim abivahend l\u00e4ikivalt puhaste n\u00f5ude jaoks.  &nbsp;\" \/>\n<meta property=\"og:url\" content=\"https:\/\/ruuby.ee\/en\/pood\/kodusisustus\/puhastusvahendid\/stardikomplektid\/kinfill-noudepesuvahend\/\" \/>\n<meta property=\"og:site_name\" content=\"RUUBY\" \/>\n<meta property=\"article:publisher\" content=\"https:\/\/www.facebook.com\/ruubyconcept\" \/>\n<meta property=\"article:modified_time\" content=\"2026-04-04T22:25:26+00:00\" \/>\n<meta property=\"og:image\" content=\"https:\/\/ruuby.ee\/wp-content\/uploads\/2024\/09\/Screenshot-2024-09-23-at-13.36.23.png\" \/>\n\t<meta property=\"og:image:width\" content=\"972\" \/>\n\t<meta property=\"og:image:height\" content=\"1102\" \/>\n\t<meta property=\"og:image:type\" content=\"image\/png\" \/>\n<meta name=\"twitter:card\" content=\"summary_large_image\" \/>\n<meta name=\"twitter:label1\" content=\"Estimated reading time\" \/>\n\t<meta name=\"twitter:data1\" content=\"1 minute\" \/>\n<script type=\"application\/ld+json\" class=\"yoast-schema-graph\">{\"@context\":\"https:\/\/schema.org\",\"@graph\":[{\"@type\":[\"WebPage\",\"ItemPage\"],\"@id\":\"https:\/\/ruuby.ee\/en\/pood\/kodusisustus\/puhastusvahendid\/stardikomplektid\/kinfill-noudepesuvahend\/\",\"url\":\"https:\/\/ruuby.ee\/en\/pood\/kodusisustus\/puhastusvahendid\/stardikomplektid\/kinfill-noudepesuvahend\/\",\"name\":\"KINFILL - n\u00f5udepesuvahend - RUUBY\",\"isPartOf\":{\"@id\":\"http:\/\/ruuby.ee\/#website\"},\"primaryImageOfPage\":{\"@id\":\"https:\/\/ruuby.ee\/en\/pood\/kodusisustus\/puhastusvahendid\/stardikomplektid\/kinfill-noudepesuvahend\/#primaryimage\"},\"image\":{\"@id\":\"https:\/\/ruuby.ee\/en\/pood\/kodusisustus\/puhastusvahendid\/stardikomplektid\/kinfill-noudepesuvahend\/#primaryimage\"},\"thumbnailUrl\":\"https:\/\/ruuby.ee\/wp-content\/uploads\/2024\/09\/Screenshot-2024-09-23-at-13.36.23.png\",\"datePublished\":\"2024-09-23T10:34:57+00:00\",\"dateModified\":\"2026-04-04T22:25:26+00:00\",\"breadcrumb\":{\"@id\":\"https:\/\/ruuby.ee\/en\/pood\/kodusisustus\/puhastusvahendid\/stardikomplektid\/kinfill-noudepesuvahend\/#breadcrumb\"},\"inLanguage\":\"en-GB\",\"potentialAction\":[{\"@type\":\"ReadAction\",\"target\":[\"https:\/\/ruuby.ee\/en\/pood\/kodusisustus\/puhastusvahendid\/stardikomplektid\/kinfill-noudepesuvahend\/\"]}]},{\"@type\":\"ImageObject\",\"inLanguage\":\"en-GB\",\"@id\":\"https:\/\/ruuby.ee\/en\/pood\/kodusisustus\/puhastusvahendid\/stardikomplektid\/kinfill-noudepesuvahend\/#primaryimage\",\"url\":\"https:\/\/ruuby.ee\/wp-content\/uploads\/2024\/09\/Screenshot-2024-09-23-at-13.36.23.png\",\"contentUrl\":\"https:\/\/ruuby.ee\/wp-content\/uploads\/2024\/09\/Screenshot-2024-09-23-at-13.36.23.png\",\"width\":972,\"height\":1102},{\"@type\":\"BreadcrumbList\",\"@id\":\"https:\/\/ruuby.ee\/en\/pood\/kodusisustus\/puhastusvahendid\/stardikomplektid\/kinfill-noudepesuvahend\/#breadcrumb\",\"itemListElement\":[{\"@type\":\"ListItem\",\"position\":1,\"name\":\"Kdu\",\"item\":\"http:\/\/ruuby.ee\/\"},{\"@type\":\"ListItem\",\"position\":2,\"name\":\"Pood\",\"item\":\"https:\/\/ruuby.ee\/en\/pood\/\"},{\"@type\":\"ListItem\",\"position\":3,\"name\":\"KINFILL &#8211; n\u00f5udepesuvahend\"}]},{\"@type\":\"WebSite\",\"@id\":\"http:\/\/ruuby.ee\/#website\",\"url\":\"http:\/\/ruuby.ee\/\",\"name\":\"RUUBY\",\"description\":\"Ruubys on \u00fchendatud elustiil ja disain\",\"publisher\":{\"@id\":\"http:\/\/ruuby.ee\/#organization\"},\"alternateName\":\"Ruuby Disain\",\"potentialAction\":[{\"@type\":\"SearchAction\",\"target\":{\"@type\":\"EntryPoint\",\"urlTemplate\":\"http:\/\/ruuby.ee\/?s={search_term_string}\"},\"query-input\":{\"@type\":\"PropertyValueSpecification\",\"valueRequired\":true,\"valueName\":\"search_term_string\"}}],\"inLanguage\":\"en-GB\"},{\"@type\":\"Organization\",\"@id\":\"http:\/\/ruuby.ee\/#organization\",\"name\":\"Ruuby Disain O\u00dc\",\"alternateName\":\"Ruuby\",\"url\":\"http:\/\/ruuby.ee\/\",\"logo\":{\"@type\":\"ImageObject\",\"inLanguage\":\"en-GB\",\"@id\":\"http:\/\/ruuby.ee\/#\/schema\/logo\/image\/\",\"url\":\"https:\/\/ruuby.ee\/wp-content\/uploads\/2023\/06\/cropped-Black-White-Elegant-Circle-Signature-Fashion-Logo-12_large.png\",\"contentUrl\":\"https:\/\/ruuby.ee\/wp-content\/uploads\/2023\/06\/cropped-Black-White-Elegant-Circle-Signature-Fashion-Logo-12_large.png\",\"width\":1280,\"height\":747,\"caption\":\"Ruuby Disain O\u00dc\"},\"image\":{\"@id\":\"http:\/\/ruuby.ee\/#\/schema\/logo\/image\/\"},\"sameAs\":[\"https:\/\/www.facebook.com\/ruubyconcept\",\"https:\/\/www.instagram.com\/ruuby_concept\/\"]}]}<\/script>\n<!-- \/ Yoast SEO plugin. -->","yoast_head_json":{"title":"KINFILL - n\u00f5udepesuvahend - RUUBY","robots":{"index":"index","follow":"follow","max-snippet":"max-snippet:-1","max-image-preview":"max-image-preview:large","max-video-preview":"max-video-preview:-1"},"canonical":"https:\/\/ruuby.ee\/en\/pood\/kodusisustus\/puhastusvahendid\/stardikomplektid\/kinfill-noudepesuvahend\/","og_locale":"en_GB","og_type":"article","og_title":"KINFILL - n\u00f5udepesuvahend - RUUBY","og_description":"\u00dclim abivahend l\u00e4ikivalt puhaste n\u00f5ude jaoks.  &nbsp;","og_url":"https:\/\/ruuby.ee\/en\/pood\/kodusisustus\/puhastusvahendid\/stardikomplektid\/kinfill-noudepesuvahend\/","og_site_name":"RUUBY","article_publisher":"https:\/\/www.facebook.com\/ruubyconcept","article_modified_time":"2026-04-04T22:25:26+00:00","og_image":[{"width":972,"height":1102,"url":"https:\/\/ruuby.ee\/wp-content\/uploads\/2024\/09\/Screenshot-2024-09-23-at-13.36.23.png","type":"image\/png"}],"twitter_card":"summary_large_image","twitter_misc":{"Estimated reading time":"1 minute"},"schema":{"@context":"https:\/\/schema.org","@graph":[{"@type":["WebPage","ItemPage"],"@id":"https:\/\/ruuby.ee\/en\/pood\/kodusisustus\/puhastusvahendid\/stardikomplektid\/kinfill-noudepesuvahend\/","url":"https:\/\/ruuby.ee\/en\/pood\/kodusisustus\/puhastusvahendid\/stardikomplektid\/kinfill-noudepesuvahend\/","name":"KINFILL - n\u00f5udepesuvahend - RUUBY","isPartOf":{"@id":"http:\/\/ruuby.ee\/#website"},"primaryImageOfPage":{"@id":"https:\/\/ruuby.ee\/en\/pood\/kodusisustus\/puhastusvahendid\/stardikomplektid\/kinfill-noudepesuvahend\/#primaryimage"},"image":{"@id":"https:\/\/ruuby.ee\/en\/pood\/kodusisustus\/puhastusvahendid\/stardikomplektid\/kinfill-noudepesuvahend\/#primaryimage"},"thumbnailUrl":"https:\/\/ruuby.ee\/wp-content\/uploads\/2024\/09\/Screenshot-2024-09-23-at-13.36.23.png","datePublished":"2024-09-23T10:34:57+00:00","dateModified":"2026-04-04T22:25:26+00:00","breadcrumb":{"@id":"https:\/\/ruuby.ee\/en\/pood\/kodusisustus\/puhastusvahendid\/stardikomplektid\/kinfill-noudepesuvahend\/#breadcrumb"},"inLanguage":"en-GB","potentialAction":[{"@type":"ReadAction","target":["https:\/\/ruuby.ee\/en\/pood\/kodusisustus\/puhastusvahendid\/stardikomplektid\/kinfill-noudepesuvahend\/"]}]},{"@type":"ImageObject","inLanguage":"en-GB","@id":"https:\/\/ruuby.ee\/en\/pood\/kodusisustus\/puhastusvahendid\/stardikomplektid\/kinfill-noudepesuvahend\/#primaryimage","url":"https:\/\/ruuby.ee\/wp-content\/uploads\/2024\/09\/Screenshot-2024-09-23-at-13.36.23.png","contentUrl":"https:\/\/ruuby.ee\/wp-content\/uploads\/2024\/09\/Screenshot-2024-09-23-at-13.36.23.png","width":972,"height":1102},{"@type":"BreadcrumbList","@id":"https:\/\/ruuby.ee\/en\/pood\/kodusisustus\/puhastusvahendid\/stardikomplektid\/kinfill-noudepesuvahend\/#breadcrumb","itemListElement":[{"@type":"ListItem","position":1,"name":"Kdu","item":"http:\/\/ruuby.ee\/"},{"@type":"ListItem","position":2,"name":"Pood","item":"https:\/\/ruuby.ee\/en\/pood\/"},{"@type":"ListItem","position":3,"name":"KINFILL &#8211; n\u00f5udepesuvahend"}]},{"@type":"WebSite","@id":"http:\/\/ruuby.ee\/#website","url":"http:\/\/ruuby.ee\/","name":"RUUBY","description":"Ruubys on \u00fchendatud elustiil ja disain","publisher":{"@id":"http:\/\/ruuby.ee\/#organization"},"alternateName":"Ruuby Disain","potentialAction":[{"@type":"SearchAction","target":{"@type":"EntryPoint","urlTemplate":"http:\/\/ruuby.ee\/?s={search_term_string}"},"query-input":{"@type":"PropertyValueSpecification","valueRequired":true,"valueName":"search_term_string"}}],"inLanguage":"en-GB"},{"@type":"Organization","@id":"http:\/\/ruuby.ee\/#organization","name":"Ruuby Disain O\u00dc","alternateName":"Ruuby","url":"http:\/\/ruuby.ee\/","logo":{"@type":"ImageObject","inLanguage":"en-GB","@id":"http:\/\/ruuby.ee\/#\/schema\/logo\/image\/","url":"https:\/\/ruuby.ee\/wp-content\/uploads\/2023\/06\/cropped-Black-White-Elegant-Circle-Signature-Fashion-Logo-12_large.png","contentUrl":"https:\/\/ruuby.ee\/wp-content\/uploads\/2023\/06\/cropped-Black-White-Elegant-Circle-Signature-Fashion-Logo-12_large.png","width":1280,"height":747,"caption":"Ruuby Disain O\u00dc"},"image":{"@id":"http:\/\/ruuby.ee\/#\/schema\/logo\/image\/"},"sameAs":["https:\/\/www.facebook.com\/ruubyconcept","https:\/\/www.instagram.com\/ruuby_concept\/"]}]}},"jetpack_sharing_enabled":true,"_links":{"self":[{"href":"https:\/\/ruuby.ee\/en\/wp-json\/wp\/v2\/product\/1849250","targetHints":{"allow":["GET"]}}],"collection":[{"href":"https:\/\/ruuby.ee\/en\/wp-json\/wp\/v2\/product"}],"about":[{"href":"https:\/\/ruuby.ee\/en\/wp-json\/wp\/v2\/types\/product"}],"replies":[{"embeddable":true,"href":"https:\/\/ruuby.ee\/en\/wp-json\/wp\/v2\/comments?post=1849250"}],"wp:featuredmedia":[{"embeddable":true,"href":"https:\/\/ruuby.ee\/en\/wp-json\/wp\/v2\/media\/1849252"}],"wp:attachment":[{"href":"https:\/\/ruuby.ee\/en\/wp-json\/wp\/v2\/media?parent=1849250"}],"wp:term":[{"taxonomy":"product_brand","embeddable":true,"href":"https:\/\/ruuby.ee\/en\/wp-json\/wp\/v2\/product_brand?post=1849250"},{"taxonomy":"product_cat","embeddable":true,"href":"https:\/\/ruuby.ee\/en\/wp-json\/wp\/v2\/product_cat?post=1849250"},{"taxonomy":"product_tag","embeddable":true,"href":"https:\/\/ruuby.ee\/en\/wp-json\/wp\/v2\/product_tag?post=1849250"}],"curies":[{"name":"wp","href":"https:\/\/api.w.org\/{rel}","templated":true}]}}