{"id":1849174,"date":"2024-09-21T11:39:55","date_gmt":"2024-09-21T08:39:55","guid":{"rendered":"http:\/\/ruuby.ee\/?post_type=product&#038;p=1849174"},"modified":"2026-04-05T01:25:26","modified_gmt":"2026-04-04T22:25:26","slug":"lille-kanin-paikesekaitsesprei-spf30-200ml","status":"publish","type":"product","link":"https:\/\/ruuby.ee\/en\/pood\/lapsed\/beebikaubad\/hooldus\/lille-kanin-paikesekaitsesprei-spf30-200ml\/","title":{"rendered":"Lille Kanin &#8211; P\u00e4ikesekaitsesprei SPF30 200ml"},"content":{"rendered":"<p><span lang=\"et\"><strong>Lille Kanin SPF30 p\u00e4ikesekaitsesprei<\/strong> on vetth\u00fclgav ja v\u00e4ga k\u00f5rge p\u00e4ikesekaitsega UVA ja UVB kiirte vastu. <\/span><span lang=\"et\">Vaatamata k\u00f5rgele p\u00e4ikesefaktorile on seda kerge hajutada. <\/span><span lang=\"et\">Tooted hoiavad ja kaitsevad naha niiskustasakaalu ning neid v\u00f5ivad kasutada nii lapsed kui ka t\u00e4iskasvanud. <\/span><span lang=\"et\">K\u00f5ik p\u00e4ikesetooted on rifis\u00f5bralikud, mis t\u00e4hendab, et need ei sisalda aineid, mis kahjustavad ookeani korallriffe. <\/span><\/p>\n<p><span lang=\"et\">Lille Kanin SPF30 p\u00e4ikesekaitsespreil on j\u00e4rgmised sertifikaadid;<\/span><\/p>\n<p><span lang=\"et\"><strong>Allergiate suhtes sertifitseeritud. <\/strong><\/span><span lang=\"et\">Minimaalne allergia tekkimise oht.<\/span><\/p>\n<p><span lang=\"et\"><strong>Nordic Swan Ecolabel. <\/strong><\/span><span lang=\"et\">Tootmisel minimaalne keskkonnam\u00f5ju.<\/span><\/p>\n<p><strong><span lang=\"et\">P\u00f5hjamaade astmaallergia t\u00e4his. <\/span><\/strong><span lang=\"et\">Ei sisalda astmat ja allergiat p\u00f5hjustavaid koostisaineid ning on parf\u00fc\u00fcmivaba<\/span><\/p>\n<p><span lang=\"et\"><strong>Vegan. <\/strong><\/span><span lang=\"et\">Loomi ei kasutata tootmises, arenduses ega koostisainetes.<\/span><\/p>\n<p><span lang=\"et\"><strong>Dermatoloogiliselt testitud. <\/strong><\/span><span lang=\"et\">Toodet on naha\u00e4rrituse suhtes testitud dermatoloogi juhitud vabatahtlikus testr\u00fchmas.<\/span><\/p>","protected":false},"excerpt":{"rendered":"<p>Hoolitseb kogu pere naha eest nii talvepuhkusel, suvekuumuses ja ka hilissuvistel p\u00e4evadel.<\/p>","protected":false},"featured_media":1849176,"comment_status":"closed","ping_status":"closed","template":"","meta":[],"product_brand":[],"product_cat":[262,680,22,688],"product_tag":[],"class_list":{"0":"post-1849174","1":"product","2":"type-product","3":"status-publish","4":"has-post-thumbnail","6":"product_cat-beebikaubad","7":"product_cat-hooldus","8":"product_cat-lapsed","9":"product_cat-paikesekaitse","11":"first","12":"instock","13":"taxable","14":"shipping-taxable","15":"purchasable","16":"product-type-simple"},"yoast_head":"<!-- This site is optimized with the Yoast SEO plugin v27.2 - https:\/\/yoast.com\/product\/yoast-seo-wordpress\/ -->\n<title>Lille Kanin - P\u00e4ikesekaitsesprei SPF30 200ml - RUUBY<\/title>\n<meta name=\"robots\" content=\"index, follow, max-snippet:-1, max-image-preview:large, max-video-preview:-1\" \/>\n<link rel=\"canonical\" href=\"https:\/\/ruuby.ee\/en\/pood\/lapsed\/beebikaubad\/hooldus\/lille-kanin-paikesekaitsesprei-spf30-200ml\/\" \/>\n<meta property=\"og:locale\" content=\"en_GB\" \/>\n<meta property=\"og:type\" content=\"article\" \/>\n<meta property=\"og:title\" content=\"Lille Kanin - P\u00e4ikesekaitsesprei SPF30 200ml - RUUBY\" \/>\n<meta property=\"og:description\" content=\"Hoolitseb kogu pere naha eest nii talvepuhkusel, suvekuumuses ja ka hilissuvistel p\u00e4evadel.\" \/>\n<meta property=\"og:url\" content=\"https:\/\/ruuby.ee\/en\/pood\/lapsed\/beebikaubad\/hooldus\/lille-kanin-paikesekaitsesprei-spf30-200ml\/\" \/>\n<meta property=\"og:site_name\" content=\"RUUBY\" \/>\n<meta property=\"article:publisher\" content=\"https:\/\/www.facebook.com\/ruubyconcept\" \/>\n<meta property=\"article:modified_time\" content=\"2026-04-04T22:25:26+00:00\" \/>\n<meta property=\"og:image\" content=\"https:\/\/ruuby.ee\/wp-content\/uploads\/2024\/09\/Screenshot-2024-09-21-at-11.46.20-1017x1024.png\" \/>\n\t<meta property=\"og:image:width\" content=\"1017\" \/>\n\t<meta property=\"og:image:height\" content=\"1024\" \/>\n\t<meta property=\"og:image:type\" content=\"image\/png\" \/>\n<meta name=\"twitter:card\" content=\"summary_large_image\" \/>\n<meta name=\"twitter:label1\" content=\"Estimated reading time\" \/>\n\t<meta name=\"twitter:data1\" content=\"1 minute\" \/>\n<script type=\"application\/ld+json\" class=\"yoast-schema-graph\">{\"@context\":\"https:\/\/schema.org\",\"@graph\":[{\"@type\":[\"WebPage\",\"ItemPage\"],\"@id\":\"https:\/\/ruuby.ee\/en\/pood\/lapsed\/beebikaubad\/hooldus\/lille-kanin-paikesekaitsesprei-spf30-200ml\/\",\"url\":\"https:\/\/ruuby.ee\/en\/pood\/lapsed\/beebikaubad\/hooldus\/lille-kanin-paikesekaitsesprei-spf30-200ml\/\",\"name\":\"Lille Kanin - P\u00e4ikesekaitsesprei SPF30 200ml - RUUBY\",\"isPartOf\":{\"@id\":\"http:\/\/ruuby.ee\/#website\"},\"primaryImageOfPage\":{\"@id\":\"https:\/\/ruuby.ee\/en\/pood\/lapsed\/beebikaubad\/hooldus\/lille-kanin-paikesekaitsesprei-spf30-200ml\/#primaryimage\"},\"image\":{\"@id\":\"https:\/\/ruuby.ee\/en\/pood\/lapsed\/beebikaubad\/hooldus\/lille-kanin-paikesekaitsesprei-spf30-200ml\/#primaryimage\"},\"thumbnailUrl\":\"https:\/\/ruuby.ee\/wp-content\/uploads\/2024\/09\/Screenshot-2024-09-21-at-11.46.20.png\",\"datePublished\":\"2024-09-21T08:39:55+00:00\",\"dateModified\":\"2026-04-04T22:25:26+00:00\",\"breadcrumb\":{\"@id\":\"https:\/\/ruuby.ee\/en\/pood\/lapsed\/beebikaubad\/hooldus\/lille-kanin-paikesekaitsesprei-spf30-200ml\/#breadcrumb\"},\"inLanguage\":\"en-GB\",\"potentialAction\":[{\"@type\":\"ReadAction\",\"target\":[\"https:\/\/ruuby.ee\/en\/pood\/lapsed\/beebikaubad\/hooldus\/lille-kanin-paikesekaitsesprei-spf30-200ml\/\"]}]},{\"@type\":\"ImageObject\",\"inLanguage\":\"en-GB\",\"@id\":\"https:\/\/ruuby.ee\/en\/pood\/lapsed\/beebikaubad\/hooldus\/lille-kanin-paikesekaitsesprei-spf30-200ml\/#primaryimage\",\"url\":\"https:\/\/ruuby.ee\/wp-content\/uploads\/2024\/09\/Screenshot-2024-09-21-at-11.46.20.png\",\"contentUrl\":\"https:\/\/ruuby.ee\/wp-content\/uploads\/2024\/09\/Screenshot-2024-09-21-at-11.46.20.png\",\"width\":1204,\"height\":1212},{\"@type\":\"BreadcrumbList\",\"@id\":\"https:\/\/ruuby.ee\/en\/pood\/lapsed\/beebikaubad\/hooldus\/lille-kanin-paikesekaitsesprei-spf30-200ml\/#breadcrumb\",\"itemListElement\":[{\"@type\":\"ListItem\",\"position\":1,\"name\":\"Kdu\",\"item\":\"http:\/\/ruuby.ee\/\"},{\"@type\":\"ListItem\",\"position\":2,\"name\":\"Pood\",\"item\":\"https:\/\/ruuby.ee\/en\/pood\/\"},{\"@type\":\"ListItem\",\"position\":3,\"name\":\"Lille Kanin &#8211; P\u00e4ikesekaitsesprei SPF30 200ml\"}]},{\"@type\":\"WebSite\",\"@id\":\"http:\/\/ruuby.ee\/#website\",\"url\":\"http:\/\/ruuby.ee\/\",\"name\":\"RUUBY\",\"description\":\"Ruubys on \u00fchendatud elustiil ja disain\",\"publisher\":{\"@id\":\"http:\/\/ruuby.ee\/#organization\"},\"alternateName\":\"Ruuby Disain\",\"potentialAction\":[{\"@type\":\"SearchAction\",\"target\":{\"@type\":\"EntryPoint\",\"urlTemplate\":\"http:\/\/ruuby.ee\/?s={search_term_string}\"},\"query-input\":{\"@type\":\"PropertyValueSpecification\",\"valueRequired\":true,\"valueName\":\"search_term_string\"}}],\"inLanguage\":\"en-GB\"},{\"@type\":\"Organization\",\"@id\":\"http:\/\/ruuby.ee\/#organization\",\"name\":\"Ruuby Disain O\u00dc\",\"alternateName\":\"Ruuby\",\"url\":\"http:\/\/ruuby.ee\/\",\"logo\":{\"@type\":\"ImageObject\",\"inLanguage\":\"en-GB\",\"@id\":\"http:\/\/ruuby.ee\/#\/schema\/logo\/image\/\",\"url\":\"https:\/\/ruuby.ee\/wp-content\/uploads\/2023\/06\/cropped-Black-White-Elegant-Circle-Signature-Fashion-Logo-12_large.png\",\"contentUrl\":\"https:\/\/ruuby.ee\/wp-content\/uploads\/2023\/06\/cropped-Black-White-Elegant-Circle-Signature-Fashion-Logo-12_large.png\",\"width\":1280,\"height\":747,\"caption\":\"Ruuby Disain O\u00dc\"},\"image\":{\"@id\":\"http:\/\/ruuby.ee\/#\/schema\/logo\/image\/\"},\"sameAs\":[\"https:\/\/www.facebook.com\/ruubyconcept\",\"https:\/\/www.instagram.com\/ruuby_concept\/\"]}]}<\/script>\n<!-- \/ Yoast SEO plugin. -->","yoast_head_json":{"title":"Lille Kanin - P\u00e4ikesekaitsesprei SPF30 200ml - RUUBY","robots":{"index":"index","follow":"follow","max-snippet":"max-snippet:-1","max-image-preview":"max-image-preview:large","max-video-preview":"max-video-preview:-1"},"canonical":"https:\/\/ruuby.ee\/en\/pood\/lapsed\/beebikaubad\/hooldus\/lille-kanin-paikesekaitsesprei-spf30-200ml\/","og_locale":"en_GB","og_type":"article","og_title":"Lille Kanin - P\u00e4ikesekaitsesprei SPF30 200ml - RUUBY","og_description":"Hoolitseb kogu pere naha eest nii talvepuhkusel, suvekuumuses ja ka hilissuvistel p\u00e4evadel.","og_url":"https:\/\/ruuby.ee\/en\/pood\/lapsed\/beebikaubad\/hooldus\/lille-kanin-paikesekaitsesprei-spf30-200ml\/","og_site_name":"RUUBY","article_publisher":"https:\/\/www.facebook.com\/ruubyconcept","article_modified_time":"2026-04-04T22:25:26+00:00","og_image":[{"width":1017,"height":1024,"url":"https:\/\/ruuby.ee\/wp-content\/uploads\/2024\/09\/Screenshot-2024-09-21-at-11.46.20-1017x1024.png","type":"image\/png"}],"twitter_card":"summary_large_image","twitter_misc":{"Estimated reading time":"1 minute"},"schema":{"@context":"https:\/\/schema.org","@graph":[{"@type":["WebPage","ItemPage"],"@id":"https:\/\/ruuby.ee\/en\/pood\/lapsed\/beebikaubad\/hooldus\/lille-kanin-paikesekaitsesprei-spf30-200ml\/","url":"https:\/\/ruuby.ee\/en\/pood\/lapsed\/beebikaubad\/hooldus\/lille-kanin-paikesekaitsesprei-spf30-200ml\/","name":"Lille Kanin - P\u00e4ikesekaitsesprei SPF30 200ml - RUUBY","isPartOf":{"@id":"http:\/\/ruuby.ee\/#website"},"primaryImageOfPage":{"@id":"https:\/\/ruuby.ee\/en\/pood\/lapsed\/beebikaubad\/hooldus\/lille-kanin-paikesekaitsesprei-spf30-200ml\/#primaryimage"},"image":{"@id":"https:\/\/ruuby.ee\/en\/pood\/lapsed\/beebikaubad\/hooldus\/lille-kanin-paikesekaitsesprei-spf30-200ml\/#primaryimage"},"thumbnailUrl":"https:\/\/ruuby.ee\/wp-content\/uploads\/2024\/09\/Screenshot-2024-09-21-at-11.46.20.png","datePublished":"2024-09-21T08:39:55+00:00","dateModified":"2026-04-04T22:25:26+00:00","breadcrumb":{"@id":"https:\/\/ruuby.ee\/en\/pood\/lapsed\/beebikaubad\/hooldus\/lille-kanin-paikesekaitsesprei-spf30-200ml\/#breadcrumb"},"inLanguage":"en-GB","potentialAction":[{"@type":"ReadAction","target":["https:\/\/ruuby.ee\/en\/pood\/lapsed\/beebikaubad\/hooldus\/lille-kanin-paikesekaitsesprei-spf30-200ml\/"]}]},{"@type":"ImageObject","inLanguage":"en-GB","@id":"https:\/\/ruuby.ee\/en\/pood\/lapsed\/beebikaubad\/hooldus\/lille-kanin-paikesekaitsesprei-spf30-200ml\/#primaryimage","url":"https:\/\/ruuby.ee\/wp-content\/uploads\/2024\/09\/Screenshot-2024-09-21-at-11.46.20.png","contentUrl":"https:\/\/ruuby.ee\/wp-content\/uploads\/2024\/09\/Screenshot-2024-09-21-at-11.46.20.png","width":1204,"height":1212},{"@type":"BreadcrumbList","@id":"https:\/\/ruuby.ee\/en\/pood\/lapsed\/beebikaubad\/hooldus\/lille-kanin-paikesekaitsesprei-spf30-200ml\/#breadcrumb","itemListElement":[{"@type":"ListItem","position":1,"name":"Kdu","item":"http:\/\/ruuby.ee\/"},{"@type":"ListItem","position":2,"name":"Pood","item":"https:\/\/ruuby.ee\/en\/pood\/"},{"@type":"ListItem","position":3,"name":"Lille Kanin &#8211; P\u00e4ikesekaitsesprei SPF30 200ml"}]},{"@type":"WebSite","@id":"http:\/\/ruuby.ee\/#website","url":"http:\/\/ruuby.ee\/","name":"RUUBY","description":"Ruubys on \u00fchendatud elustiil ja disain","publisher":{"@id":"http:\/\/ruuby.ee\/#organization"},"alternateName":"Ruuby Disain","potentialAction":[{"@type":"SearchAction","target":{"@type":"EntryPoint","urlTemplate":"http:\/\/ruuby.ee\/?s={search_term_string}"},"query-input":{"@type":"PropertyValueSpecification","valueRequired":true,"valueName":"search_term_string"}}],"inLanguage":"en-GB"},{"@type":"Organization","@id":"http:\/\/ruuby.ee\/#organization","name":"Ruuby Disain O\u00dc","alternateName":"Ruuby","url":"http:\/\/ruuby.ee\/","logo":{"@type":"ImageObject","inLanguage":"en-GB","@id":"http:\/\/ruuby.ee\/#\/schema\/logo\/image\/","url":"https:\/\/ruuby.ee\/wp-content\/uploads\/2023\/06\/cropped-Black-White-Elegant-Circle-Signature-Fashion-Logo-12_large.png","contentUrl":"https:\/\/ruuby.ee\/wp-content\/uploads\/2023\/06\/cropped-Black-White-Elegant-Circle-Signature-Fashion-Logo-12_large.png","width":1280,"height":747,"caption":"Ruuby Disain O\u00dc"},"image":{"@id":"http:\/\/ruuby.ee\/#\/schema\/logo\/image\/"},"sameAs":["https:\/\/www.facebook.com\/ruubyconcept","https:\/\/www.instagram.com\/ruuby_concept\/"]}]}},"jetpack_sharing_enabled":true,"_links":{"self":[{"href":"https:\/\/ruuby.ee\/en\/wp-json\/wp\/v2\/product\/1849174","targetHints":{"allow":["GET"]}}],"collection":[{"href":"https:\/\/ruuby.ee\/en\/wp-json\/wp\/v2\/product"}],"about":[{"href":"https:\/\/ruuby.ee\/en\/wp-json\/wp\/v2\/types\/product"}],"replies":[{"embeddable":true,"href":"https:\/\/ruuby.ee\/en\/wp-json\/wp\/v2\/comments?post=1849174"}],"wp:featuredmedia":[{"embeddable":true,"href":"https:\/\/ruuby.ee\/en\/wp-json\/wp\/v2\/media\/1849176"}],"wp:attachment":[{"href":"https:\/\/ruuby.ee\/en\/wp-json\/wp\/v2\/media?parent=1849174"}],"wp:term":[{"taxonomy":"product_brand","embeddable":true,"href":"https:\/\/ruuby.ee\/en\/wp-json\/wp\/v2\/product_brand?post=1849174"},{"taxonomy":"product_cat","embeddable":true,"href":"https:\/\/ruuby.ee\/en\/wp-json\/wp\/v2\/product_cat?post=1849174"},{"taxonomy":"product_tag","embeddable":true,"href":"https:\/\/ruuby.ee\/en\/wp-json\/wp\/v2\/product_tag?post=1849174"}],"curies":[{"name":"wp","href":"https:\/\/api.w.org\/{rel}","templated":true}]}}