{"id":1849169,"date":"2024-09-21T11:22:07","date_gmt":"2024-09-21T08:22:07","guid":{"rendered":"http:\/\/ruuby.ee\/?post_type=product&#038;p=1849169"},"modified":"2026-04-08T01:28:31","modified_gmt":"2026-04-07T22:28:31","slug":"lille-kanin-toitev-kreem-naole-ja-kehale-50ml","status":"publish","type":"product","link":"https:\/\/ruuby.ee\/en\/pood\/lapsed\/beebikaubad\/hooldus\/lille-kanin-toitev-kreem-naole-ja-kehale-50ml\/","title":{"rendered":"Lille Kanin &#8211; Toitev kreem n\u00e4ole ja kehale, 50ml"},"content":{"rendered":"<p>Kandke kreem peale 20 minutit enne kodust lahkumist. Niisutamiseks ja toitmiseks segage kreemiga veidi vanni- ja beebi\u00f5li. Fat Creami v\u00f5ib kasutada ka intiimhoolduseks.<\/p>\n<p><strong>Koostisosad<\/strong><\/p>\n<p>Orgaaniline kookos\u00f5li<br \/>\nOrgaaniline seesami\u00f5li<br \/>\nOrgaaniline gl\u00fctseriin<br \/>\nLooduslik oliivi\u00f5li<br \/>\nE-vitamiin<\/p>\n<p>Vesi, h\u00fcdrogeenitud et\u00fc\u00fclheks\u00fc\u00fclolivaat, h\u00fcdrogeenitud oliivi\u00f5li seebistamatud ained, Cocos Nucifera \u00f5li*, tsetear\u00fc\u00fclalkohol, seesamiindikumi seemne\u00f5li, gl\u00fctseriin**, Oryza Sativa klii\u00f5li, gl\u00fctser\u00fc\u00fclstearaat, kaalium-p\u00e4ikesevoog, leevineeritud palmito\u00fc\u00fclh\u00fcdroh\u00fcdraatsool. Ksantaankummi, sidrunhape, kaaliumsorbaat, tokoferool, Helianthus Annuus seemne\u00f5li.<\/p>\n<p>* Mahep\u00f5llumajandusest p\u00e4rit koostisained<br \/>\n** Valmistatud orgaanilistest koostisosadest<\/p>\n<p>99,8% looduslikku p\u00e4ritolu<\/p>\n<p>50ml \u00f5huvaba plastpudel<\/p>","protected":false},"excerpt":{"rendered":"<p>Rikas \u00f5lidega kreem. Takistab vee tungimist l\u00e4bi naha, kuid tagab, et teie nahk suudab endiselt hingata.<\/p>","protected":false},"featured_media":1849170,"comment_status":"closed","ping_status":"closed","template":"","meta":[],"product_brand":[],"product_cat":[262,680,22],"product_tag":[],"class_list":{"0":"post-1849169","1":"product","2":"type-product","3":"status-publish","4":"has-post-thumbnail","6":"product_cat-beebikaubad","7":"product_cat-hooldus","8":"product_cat-lapsed","10":"first","11":"instock","12":"taxable","13":"shipping-taxable","14":"purchasable","15":"product-type-simple"},"yoast_head":"<!-- This site is optimized with the Yoast SEO plugin v27.3 - https:\/\/yoast.com\/product\/yoast-seo-wordpress\/ -->\n<title>Lille Kanin - Toitev kreem n\u00e4ole ja kehale, 50ml - RUUBY<\/title>\n<meta name=\"robots\" content=\"index, follow, max-snippet:-1, max-image-preview:large, max-video-preview:-1\" \/>\n<link rel=\"canonical\" href=\"http:\/\/ruuby.ee\/en\/pood\/lapsed\/beebikaubad\/hooldus\/lille-kanin-toitev-kreem-naole-ja-kehale-50ml\/\" \/>\n<meta property=\"og:locale\" content=\"en_GB\" \/>\n<meta property=\"og:type\" content=\"article\" \/>\n<meta property=\"og:title\" content=\"Lille Kanin - Toitev kreem n\u00e4ole ja kehale, 50ml - RUUBY\" \/>\n<meta property=\"og:description\" content=\"Rikas \u00f5lidega kreem. Takistab vee tungimist l\u00e4bi naha, kuid tagab, et teie nahk suudab endiselt hingata.\" \/>\n<meta property=\"og:url\" content=\"http:\/\/ruuby.ee\/en\/pood\/lapsed\/beebikaubad\/hooldus\/lille-kanin-toitev-kreem-naole-ja-kehale-50ml\/\" \/>\n<meta property=\"og:site_name\" content=\"RUUBY\" \/>\n<meta property=\"article:publisher\" content=\"https:\/\/www.facebook.com\/ruubyconcept\" \/>\n<meta property=\"article:modified_time\" content=\"2026-04-07T22:28:31+00:00\" \/>\n<meta property=\"og:image\" content=\"http:\/\/ruuby.ee\/wp-content\/uploads\/2024\/09\/Screenshot-2024-09-21-at-11.23.49.png\" \/>\n\t<meta property=\"og:image:width\" content=\"1006\" \/>\n\t<meta property=\"og:image:height\" content=\"1122\" \/>\n\t<meta property=\"og:image:type\" content=\"image\/png\" \/>\n<meta name=\"twitter:card\" content=\"summary_large_image\" \/>\n<meta name=\"twitter:label1\" content=\"Estimated reading time\" \/>\n\t<meta name=\"twitter:data1\" content=\"1 minute\" \/>\n<script type=\"application\/ld+json\" class=\"yoast-schema-graph\">{\"@context\":\"https:\\\/\\\/schema.org\",\"@graph\":[{\"@type\":[\"WebPage\",\"ItemPage\"],\"@id\":\"http:\\\/\\\/ruuby.ee\\\/pood\\\/lapsed\\\/beebikaubad\\\/hooldus\\\/lille-kanin-toitev-kreem-naole-ja-kehale-50ml\\\/\",\"url\":\"http:\\\/\\\/ruuby.ee\\\/pood\\\/lapsed\\\/beebikaubad\\\/hooldus\\\/lille-kanin-toitev-kreem-naole-ja-kehale-50ml\\\/\",\"name\":\"Lille Kanin - Toitev kreem n\u00e4ole ja kehale, 50ml - RUUBY\",\"isPartOf\":{\"@id\":\"http:\\\/\\\/ruuby.ee\\\/en\\\/#website\"},\"primaryImageOfPage\":{\"@id\":\"http:\\\/\\\/ruuby.ee\\\/pood\\\/lapsed\\\/beebikaubad\\\/hooldus\\\/lille-kanin-toitev-kreem-naole-ja-kehale-50ml\\\/#primaryimage\"},\"image\":{\"@id\":\"http:\\\/\\\/ruuby.ee\\\/pood\\\/lapsed\\\/beebikaubad\\\/hooldus\\\/lille-kanin-toitev-kreem-naole-ja-kehale-50ml\\\/#primaryimage\"},\"thumbnailUrl\":\"https:\\\/\\\/ruuby.ee\\\/wp-content\\\/uploads\\\/2024\\\/09\\\/Screenshot-2024-09-21-at-11.23.49.png\",\"datePublished\":\"2024-09-21T08:22:07+00:00\",\"dateModified\":\"2026-04-07T22:28:31+00:00\",\"breadcrumb\":{\"@id\":\"http:\\\/\\\/ruuby.ee\\\/pood\\\/lapsed\\\/beebikaubad\\\/hooldus\\\/lille-kanin-toitev-kreem-naole-ja-kehale-50ml\\\/#breadcrumb\"},\"inLanguage\":\"en-GB\",\"potentialAction\":[{\"@type\":\"ReadAction\",\"target\":[\"http:\\\/\\\/ruuby.ee\\\/pood\\\/lapsed\\\/beebikaubad\\\/hooldus\\\/lille-kanin-toitev-kreem-naole-ja-kehale-50ml\\\/\"]}]},{\"@type\":\"ImageObject\",\"inLanguage\":\"en-GB\",\"@id\":\"http:\\\/\\\/ruuby.ee\\\/pood\\\/lapsed\\\/beebikaubad\\\/hooldus\\\/lille-kanin-toitev-kreem-naole-ja-kehale-50ml\\\/#primaryimage\",\"url\":\"https:\\\/\\\/ruuby.ee\\\/wp-content\\\/uploads\\\/2024\\\/09\\\/Screenshot-2024-09-21-at-11.23.49.png\",\"contentUrl\":\"https:\\\/\\\/ruuby.ee\\\/wp-content\\\/uploads\\\/2024\\\/09\\\/Screenshot-2024-09-21-at-11.23.49.png\",\"width\":1006,\"height\":1122},{\"@type\":\"BreadcrumbList\",\"@id\":\"http:\\\/\\\/ruuby.ee\\\/pood\\\/lapsed\\\/beebikaubad\\\/hooldus\\\/lille-kanin-toitev-kreem-naole-ja-kehale-50ml\\\/#breadcrumb\",\"itemListElement\":[{\"@type\":\"ListItem\",\"position\":1,\"name\":\"Kdu\",\"item\":\"http:\\\/\\\/ruuby.ee\\\/en\\\/\"},{\"@type\":\"ListItem\",\"position\":2,\"name\":\"Pood\",\"item\":\"http:\\\/\\\/ruuby.ee\\\/en\\\/pood\\\/\"},{\"@type\":\"ListItem\",\"position\":3,\"name\":\"Lille Kanin &#8211; Toitev kreem n\u00e4ole ja kehale, 50ml\"}]},{\"@type\":\"WebSite\",\"@id\":\"http:\\\/\\\/ruuby.ee\\\/en\\\/#website\",\"url\":\"http:\\\/\\\/ruuby.ee\\\/en\\\/\",\"name\":\"RUUBY\",\"description\":\"Ruubys on \u00fchendatud elustiil ja disain\",\"publisher\":{\"@id\":\"http:\\\/\\\/ruuby.ee\\\/en\\\/#organization\"},\"alternateName\":\"Ruuby Disain\",\"potentialAction\":[{\"@type\":\"SearchAction\",\"target\":{\"@type\":\"EntryPoint\",\"urlTemplate\":\"http:\\\/\\\/ruuby.ee\\\/en\\\/?s={search_term_string}\"},\"query-input\":{\"@type\":\"PropertyValueSpecification\",\"valueRequired\":true,\"valueName\":\"search_term_string\"}}],\"inLanguage\":\"en-GB\"},{\"@type\":\"Organization\",\"@id\":\"http:\\\/\\\/ruuby.ee\\\/en\\\/#organization\",\"name\":\"Ruuby Disain O\u00dc\",\"alternateName\":\"Ruuby\",\"url\":\"http:\\\/\\\/ruuby.ee\\\/en\\\/\",\"logo\":{\"@type\":\"ImageObject\",\"inLanguage\":\"en-GB\",\"@id\":\"http:\\\/\\\/ruuby.ee\\\/en\\\/#\\\/schema\\\/logo\\\/image\\\/\",\"url\":\"https:\\\/\\\/ruuby.ee\\\/wp-content\\\/uploads\\\/2023\\\/06\\\/cropped-Black-White-Elegant-Circle-Signature-Fashion-Logo-12_large.png\",\"contentUrl\":\"https:\\\/\\\/ruuby.ee\\\/wp-content\\\/uploads\\\/2023\\\/06\\\/cropped-Black-White-Elegant-Circle-Signature-Fashion-Logo-12_large.png\",\"width\":1280,\"height\":747,\"caption\":\"Ruuby Disain O\u00dc\"},\"image\":{\"@id\":\"http:\\\/\\\/ruuby.ee\\\/en\\\/#\\\/schema\\\/logo\\\/image\\\/\"},\"sameAs\":[\"https:\\\/\\\/www.facebook.com\\\/ruubyconcept\",\"https:\\\/\\\/www.instagram.com\\\/ruuby_concept\\\/\"]}]}<\/script>\n<!-- \/ Yoast SEO plugin. -->","yoast_head_json":{"title":"Lille Kanin - Toitev kreem n\u00e4ole ja kehale, 50ml - RUUBY","robots":{"index":"index","follow":"follow","max-snippet":"max-snippet:-1","max-image-preview":"max-image-preview:large","max-video-preview":"max-video-preview:-1"},"canonical":"http:\/\/ruuby.ee\/en\/pood\/lapsed\/beebikaubad\/hooldus\/lille-kanin-toitev-kreem-naole-ja-kehale-50ml\/","og_locale":"en_GB","og_type":"article","og_title":"Lille Kanin - Toitev kreem n\u00e4ole ja kehale, 50ml - RUUBY","og_description":"Rikas \u00f5lidega kreem. Takistab vee tungimist l\u00e4bi naha, kuid tagab, et teie nahk suudab endiselt hingata.","og_url":"http:\/\/ruuby.ee\/en\/pood\/lapsed\/beebikaubad\/hooldus\/lille-kanin-toitev-kreem-naole-ja-kehale-50ml\/","og_site_name":"RUUBY","article_publisher":"https:\/\/www.facebook.com\/ruubyconcept","article_modified_time":"2026-04-07T22:28:31+00:00","og_image":[{"width":1006,"height":1122,"url":"http:\/\/ruuby.ee\/wp-content\/uploads\/2024\/09\/Screenshot-2024-09-21-at-11.23.49.png","type":"image\/png"}],"twitter_card":"summary_large_image","twitter_misc":{"Estimated reading time":"1 minute"},"schema":{"@context":"https:\/\/schema.org","@graph":[{"@type":["WebPage","ItemPage"],"@id":"http:\/\/ruuby.ee\/pood\/lapsed\/beebikaubad\/hooldus\/lille-kanin-toitev-kreem-naole-ja-kehale-50ml\/","url":"http:\/\/ruuby.ee\/pood\/lapsed\/beebikaubad\/hooldus\/lille-kanin-toitev-kreem-naole-ja-kehale-50ml\/","name":"Lille Kanin - Toitev kreem n\u00e4ole ja kehale, 50ml - RUUBY","isPartOf":{"@id":"http:\/\/ruuby.ee\/en\/#website"},"primaryImageOfPage":{"@id":"http:\/\/ruuby.ee\/pood\/lapsed\/beebikaubad\/hooldus\/lille-kanin-toitev-kreem-naole-ja-kehale-50ml\/#primaryimage"},"image":{"@id":"http:\/\/ruuby.ee\/pood\/lapsed\/beebikaubad\/hooldus\/lille-kanin-toitev-kreem-naole-ja-kehale-50ml\/#primaryimage"},"thumbnailUrl":"https:\/\/ruuby.ee\/wp-content\/uploads\/2024\/09\/Screenshot-2024-09-21-at-11.23.49.png","datePublished":"2024-09-21T08:22:07+00:00","dateModified":"2026-04-07T22:28:31+00:00","breadcrumb":{"@id":"http:\/\/ruuby.ee\/pood\/lapsed\/beebikaubad\/hooldus\/lille-kanin-toitev-kreem-naole-ja-kehale-50ml\/#breadcrumb"},"inLanguage":"en-GB","potentialAction":[{"@type":"ReadAction","target":["http:\/\/ruuby.ee\/pood\/lapsed\/beebikaubad\/hooldus\/lille-kanin-toitev-kreem-naole-ja-kehale-50ml\/"]}]},{"@type":"ImageObject","inLanguage":"en-GB","@id":"http:\/\/ruuby.ee\/pood\/lapsed\/beebikaubad\/hooldus\/lille-kanin-toitev-kreem-naole-ja-kehale-50ml\/#primaryimage","url":"https:\/\/ruuby.ee\/wp-content\/uploads\/2024\/09\/Screenshot-2024-09-21-at-11.23.49.png","contentUrl":"https:\/\/ruuby.ee\/wp-content\/uploads\/2024\/09\/Screenshot-2024-09-21-at-11.23.49.png","width":1006,"height":1122},{"@type":"BreadcrumbList","@id":"http:\/\/ruuby.ee\/pood\/lapsed\/beebikaubad\/hooldus\/lille-kanin-toitev-kreem-naole-ja-kehale-50ml\/#breadcrumb","itemListElement":[{"@type":"ListItem","position":1,"name":"Kdu","item":"http:\/\/ruuby.ee\/en\/"},{"@type":"ListItem","position":2,"name":"Pood","item":"http:\/\/ruuby.ee\/en\/pood\/"},{"@type":"ListItem","position":3,"name":"Lille Kanin &#8211; Toitev kreem n\u00e4ole ja kehale, 50ml"}]},{"@type":"WebSite","@id":"http:\/\/ruuby.ee\/en\/#website","url":"http:\/\/ruuby.ee\/en\/","name":"RUUBY","description":"Ruubys on \u00fchendatud elustiil ja disain","publisher":{"@id":"http:\/\/ruuby.ee\/en\/#organization"},"alternateName":"Ruuby Disain","potentialAction":[{"@type":"SearchAction","target":{"@type":"EntryPoint","urlTemplate":"http:\/\/ruuby.ee\/en\/?s={search_term_string}"},"query-input":{"@type":"PropertyValueSpecification","valueRequired":true,"valueName":"search_term_string"}}],"inLanguage":"en-GB"},{"@type":"Organization","@id":"http:\/\/ruuby.ee\/en\/#organization","name":"Ruuby Disain O\u00dc","alternateName":"Ruuby","url":"http:\/\/ruuby.ee\/en\/","logo":{"@type":"ImageObject","inLanguage":"en-GB","@id":"http:\/\/ruuby.ee\/en\/#\/schema\/logo\/image\/","url":"https:\/\/ruuby.ee\/wp-content\/uploads\/2023\/06\/cropped-Black-White-Elegant-Circle-Signature-Fashion-Logo-12_large.png","contentUrl":"https:\/\/ruuby.ee\/wp-content\/uploads\/2023\/06\/cropped-Black-White-Elegant-Circle-Signature-Fashion-Logo-12_large.png","width":1280,"height":747,"caption":"Ruuby Disain O\u00dc"},"image":{"@id":"http:\/\/ruuby.ee\/en\/#\/schema\/logo\/image\/"},"sameAs":["https:\/\/www.facebook.com\/ruubyconcept","https:\/\/www.instagram.com\/ruuby_concept\/"]}]}},"jetpack_sharing_enabled":true,"_links":{"self":[{"href":"https:\/\/ruuby.ee\/en\/wp-json\/wp\/v2\/product\/1849169","targetHints":{"allow":["GET"]}}],"collection":[{"href":"https:\/\/ruuby.ee\/en\/wp-json\/wp\/v2\/product"}],"about":[{"href":"https:\/\/ruuby.ee\/en\/wp-json\/wp\/v2\/types\/product"}],"replies":[{"embeddable":true,"href":"https:\/\/ruuby.ee\/en\/wp-json\/wp\/v2\/comments?post=1849169"}],"wp:featuredmedia":[{"embeddable":true,"href":"https:\/\/ruuby.ee\/en\/wp-json\/wp\/v2\/media\/1849170"}],"wp:attachment":[{"href":"https:\/\/ruuby.ee\/en\/wp-json\/wp\/v2\/media?parent=1849169"}],"wp:term":[{"taxonomy":"product_brand","embeddable":true,"href":"https:\/\/ruuby.ee\/en\/wp-json\/wp\/v2\/product_brand?post=1849169"},{"taxonomy":"product_cat","embeddable":true,"href":"https:\/\/ruuby.ee\/en\/wp-json\/wp\/v2\/product_cat?post=1849169"},{"taxonomy":"product_tag","embeddable":true,"href":"https:\/\/ruuby.ee\/en\/wp-json\/wp\/v2\/product_tag?post=1849169"}],"curies":[{"name":"wp","href":"https:\/\/api.w.org\/{rel}","templated":true}]}}