{"id":1849159,"date":"2024-09-21T11:16:26","date_gmt":"2024-09-21T08:16:26","guid":{"rendered":"http:\/\/ruuby.ee\/?post_type=product&#038;p=1849159"},"modified":"2026-04-08T01:28:31","modified_gmt":"2026-04-07T22:28:31","slug":"lille-kanin-laste-sampoon-ja-dusigeel-100ml","status":"publish","type":"product","link":"https:\/\/ruuby.ee\/en\/pood\/lapsed\/beebikaubad\/hooldus\/lille-kanin-laste-sampoon-ja-dusigeel-100ml\/","title":{"rendered":"Lille Kanin &#8211; Laste \u0161ampoon ja du\u0161igeel, 100ml"},"content":{"rendered":"<p>\u00d5rn \u0161ampoon, mis loob pehme ja m\u00f5nusa vahu. V\u00f5ib kasutada nahale ja juustele. Sisaldab kookosp\u00e4hklist saadud looduslikku vahuainet. Jagage Bath &amp; Shampoo\u2019d kogu oma perega. Niisutamiseks lisage vanni \u00fcks suts \u00f5li.<\/p>\n<p><strong>Koostisosad<\/strong><\/p>\n<p>Looduslik riisiklii\u00f5li<br \/>\nLooduslikud ja n\u00f5rgad vahutavad ained<br \/>\nLooduslik ja mahe s\u00e4ilituss\u00fcsteem<\/p>\n<p>Vesi, naatriumkookossulfaat, kokamidoprop\u00fc\u00fclbetain, kookosgl\u00fckosiid, naatriumkoko\u00fc\u00fclglutamaat, naatriumkloriid, naatriumlevulinaat, sidrunhape, propaandiool, oryza sativa klii\u00f5li, kaaliumsorbaat.<\/p>\n<p>98,9% looduslikku p\u00e4ritolu<\/p>\n<p>250ml pumbaga plastpudel<\/p>","protected":false},"excerpt":{"rendered":"<p>\u00d5rn \u0161ampoon, mis loob pehme ja m\u00f5nusa vahu.<\/p>","protected":false},"featured_media":1849160,"comment_status":"closed","ping_status":"closed","template":"","meta":[],"product_brand":[],"product_cat":[262,680,22,677],"product_tag":[],"class_list":{"0":"post-1849159","1":"product","2":"type-product","3":"status-publish","4":"has-post-thumbnail","6":"product_cat-beebikaubad","7":"product_cat-hooldus","8":"product_cat-lapsed","9":"product_cat-vann","11":"first","12":"instock","13":"taxable","14":"shipping-taxable","15":"purchasable","16":"product-type-simple"},"yoast_head":"<!-- This site is optimized with the Yoast SEO plugin v27.3 - https:\/\/yoast.com\/product\/yoast-seo-wordpress\/ -->\n<title>Lille Kanin - Laste \u0161ampoon ja du\u0161igeel, 100ml - RUUBY<\/title>\n<meta name=\"robots\" content=\"index, follow, max-snippet:-1, max-image-preview:large, max-video-preview:-1\" \/>\n<link rel=\"canonical\" href=\"http:\/\/ruuby.ee\/en\/pood\/lapsed\/beebikaubad\/hooldus\/lille-kanin-laste-sampoon-ja-dusigeel-100ml\/\" \/>\n<meta property=\"og:locale\" content=\"en_GB\" \/>\n<meta property=\"og:type\" content=\"article\" \/>\n<meta property=\"og:title\" content=\"Lille Kanin - Laste \u0161ampoon ja du\u0161igeel, 100ml - RUUBY\" \/>\n<meta property=\"og:description\" content=\"\u00d5rn \u0161ampoon, mis loob pehme ja m\u00f5nusa vahu.\" \/>\n<meta property=\"og:url\" content=\"http:\/\/ruuby.ee\/en\/pood\/lapsed\/beebikaubad\/hooldus\/lille-kanin-laste-sampoon-ja-dusigeel-100ml\/\" \/>\n<meta property=\"og:site_name\" content=\"RUUBY\" \/>\n<meta property=\"article:publisher\" content=\"https:\/\/www.facebook.com\/ruubyconcept\" \/>\n<meta property=\"article:modified_time\" content=\"2026-04-07T22:28:31+00:00\" \/>\n<meta property=\"og:image\" content=\"http:\/\/ruuby.ee\/wp-content\/uploads\/2024\/09\/Screenshot-2024-09-21-at-11.09.44-1024x985.png\" \/>\n\t<meta property=\"og:image:width\" content=\"1024\" \/>\n\t<meta property=\"og:image:height\" content=\"985\" \/>\n\t<meta property=\"og:image:type\" content=\"image\/png\" \/>\n<meta name=\"twitter:card\" content=\"summary_large_image\" \/>\n<meta name=\"twitter:label1\" content=\"Estimated reading time\" \/>\n\t<meta name=\"twitter:data1\" content=\"1 minute\" \/>\n<script type=\"application\/ld+json\" class=\"yoast-schema-graph\">{\"@context\":\"https:\\\/\\\/schema.org\",\"@graph\":[{\"@type\":[\"WebPage\",\"ItemPage\"],\"@id\":\"http:\\\/\\\/ruuby.ee\\\/pood\\\/lapsed\\\/beebikaubad\\\/hooldus\\\/lille-kanin-laste-sampoon-ja-dusigeel-100ml\\\/\",\"url\":\"http:\\\/\\\/ruuby.ee\\\/pood\\\/lapsed\\\/beebikaubad\\\/hooldus\\\/lille-kanin-laste-sampoon-ja-dusigeel-100ml\\\/\",\"name\":\"Lille Kanin - Laste \u0161ampoon ja du\u0161igeel, 100ml - RUUBY\",\"isPartOf\":{\"@id\":\"http:\\\/\\\/ruuby.ee\\\/en\\\/#website\"},\"primaryImageOfPage\":{\"@id\":\"http:\\\/\\\/ruuby.ee\\\/pood\\\/lapsed\\\/beebikaubad\\\/hooldus\\\/lille-kanin-laste-sampoon-ja-dusigeel-100ml\\\/#primaryimage\"},\"image\":{\"@id\":\"http:\\\/\\\/ruuby.ee\\\/pood\\\/lapsed\\\/beebikaubad\\\/hooldus\\\/lille-kanin-laste-sampoon-ja-dusigeel-100ml\\\/#primaryimage\"},\"thumbnailUrl\":\"https:\\\/\\\/ruuby.ee\\\/wp-content\\\/uploads\\\/2024\\\/09\\\/Screenshot-2024-09-21-at-11.09.44.png\",\"datePublished\":\"2024-09-21T08:16:26+00:00\",\"dateModified\":\"2026-04-07T22:28:31+00:00\",\"breadcrumb\":{\"@id\":\"http:\\\/\\\/ruuby.ee\\\/pood\\\/lapsed\\\/beebikaubad\\\/hooldus\\\/lille-kanin-laste-sampoon-ja-dusigeel-100ml\\\/#breadcrumb\"},\"inLanguage\":\"en-GB\",\"potentialAction\":[{\"@type\":\"ReadAction\",\"target\":[\"http:\\\/\\\/ruuby.ee\\\/pood\\\/lapsed\\\/beebikaubad\\\/hooldus\\\/lille-kanin-laste-sampoon-ja-dusigeel-100ml\\\/\"]}]},{\"@type\":\"ImageObject\",\"inLanguage\":\"en-GB\",\"@id\":\"http:\\\/\\\/ruuby.ee\\\/pood\\\/lapsed\\\/beebikaubad\\\/hooldus\\\/lille-kanin-laste-sampoon-ja-dusigeel-100ml\\\/#primaryimage\",\"url\":\"https:\\\/\\\/ruuby.ee\\\/wp-content\\\/uploads\\\/2024\\\/09\\\/Screenshot-2024-09-21-at-11.09.44.png\",\"contentUrl\":\"https:\\\/\\\/ruuby.ee\\\/wp-content\\\/uploads\\\/2024\\\/09\\\/Screenshot-2024-09-21-at-11.09.44.png\",\"width\":1258,\"height\":1210},{\"@type\":\"BreadcrumbList\",\"@id\":\"http:\\\/\\\/ruuby.ee\\\/pood\\\/lapsed\\\/beebikaubad\\\/hooldus\\\/lille-kanin-laste-sampoon-ja-dusigeel-100ml\\\/#breadcrumb\",\"itemListElement\":[{\"@type\":\"ListItem\",\"position\":1,\"name\":\"Kdu\",\"item\":\"http:\\\/\\\/ruuby.ee\\\/en\\\/\"},{\"@type\":\"ListItem\",\"position\":2,\"name\":\"Pood\",\"item\":\"http:\\\/\\\/ruuby.ee\\\/en\\\/pood\\\/\"},{\"@type\":\"ListItem\",\"position\":3,\"name\":\"Lille Kanin &#8211; Laste \u0161ampoon ja du\u0161igeel, 100ml\"}]},{\"@type\":\"WebSite\",\"@id\":\"http:\\\/\\\/ruuby.ee\\\/en\\\/#website\",\"url\":\"http:\\\/\\\/ruuby.ee\\\/en\\\/\",\"name\":\"RUUBY\",\"description\":\"Ruubys on \u00fchendatud elustiil ja disain\",\"publisher\":{\"@id\":\"http:\\\/\\\/ruuby.ee\\\/en\\\/#organization\"},\"alternateName\":\"Ruuby Disain\",\"potentialAction\":[{\"@type\":\"SearchAction\",\"target\":{\"@type\":\"EntryPoint\",\"urlTemplate\":\"http:\\\/\\\/ruuby.ee\\\/en\\\/?s={search_term_string}\"},\"query-input\":{\"@type\":\"PropertyValueSpecification\",\"valueRequired\":true,\"valueName\":\"search_term_string\"}}],\"inLanguage\":\"en-GB\"},{\"@type\":\"Organization\",\"@id\":\"http:\\\/\\\/ruuby.ee\\\/en\\\/#organization\",\"name\":\"Ruuby Disain O\u00dc\",\"alternateName\":\"Ruuby\",\"url\":\"http:\\\/\\\/ruuby.ee\\\/en\\\/\",\"logo\":{\"@type\":\"ImageObject\",\"inLanguage\":\"en-GB\",\"@id\":\"http:\\\/\\\/ruuby.ee\\\/en\\\/#\\\/schema\\\/logo\\\/image\\\/\",\"url\":\"https:\\\/\\\/ruuby.ee\\\/wp-content\\\/uploads\\\/2023\\\/06\\\/cropped-Black-White-Elegant-Circle-Signature-Fashion-Logo-12_large.png\",\"contentUrl\":\"https:\\\/\\\/ruuby.ee\\\/wp-content\\\/uploads\\\/2023\\\/06\\\/cropped-Black-White-Elegant-Circle-Signature-Fashion-Logo-12_large.png\",\"width\":1280,\"height\":747,\"caption\":\"Ruuby Disain O\u00dc\"},\"image\":{\"@id\":\"http:\\\/\\\/ruuby.ee\\\/en\\\/#\\\/schema\\\/logo\\\/image\\\/\"},\"sameAs\":[\"https:\\\/\\\/www.facebook.com\\\/ruubyconcept\",\"https:\\\/\\\/www.instagram.com\\\/ruuby_concept\\\/\"]}]}<\/script>\n<!-- \/ Yoast SEO plugin. -->","yoast_head_json":{"title":"Lille Kanin - Laste \u0161ampoon ja du\u0161igeel, 100ml - RUUBY","robots":{"index":"index","follow":"follow","max-snippet":"max-snippet:-1","max-image-preview":"max-image-preview:large","max-video-preview":"max-video-preview:-1"},"canonical":"http:\/\/ruuby.ee\/en\/pood\/lapsed\/beebikaubad\/hooldus\/lille-kanin-laste-sampoon-ja-dusigeel-100ml\/","og_locale":"en_GB","og_type":"article","og_title":"Lille Kanin - Laste \u0161ampoon ja du\u0161igeel, 100ml - RUUBY","og_description":"\u00d5rn \u0161ampoon, mis loob pehme ja m\u00f5nusa vahu.","og_url":"http:\/\/ruuby.ee\/en\/pood\/lapsed\/beebikaubad\/hooldus\/lille-kanin-laste-sampoon-ja-dusigeel-100ml\/","og_site_name":"RUUBY","article_publisher":"https:\/\/www.facebook.com\/ruubyconcept","article_modified_time":"2026-04-07T22:28:31+00:00","og_image":[{"width":1024,"height":985,"url":"http:\/\/ruuby.ee\/wp-content\/uploads\/2024\/09\/Screenshot-2024-09-21-at-11.09.44-1024x985.png","type":"image\/png"}],"twitter_card":"summary_large_image","twitter_misc":{"Estimated reading time":"1 minute"},"schema":{"@context":"https:\/\/schema.org","@graph":[{"@type":["WebPage","ItemPage"],"@id":"http:\/\/ruuby.ee\/pood\/lapsed\/beebikaubad\/hooldus\/lille-kanin-laste-sampoon-ja-dusigeel-100ml\/","url":"http:\/\/ruuby.ee\/pood\/lapsed\/beebikaubad\/hooldus\/lille-kanin-laste-sampoon-ja-dusigeel-100ml\/","name":"Lille Kanin - Laste \u0161ampoon ja du\u0161igeel, 100ml - RUUBY","isPartOf":{"@id":"http:\/\/ruuby.ee\/en\/#website"},"primaryImageOfPage":{"@id":"http:\/\/ruuby.ee\/pood\/lapsed\/beebikaubad\/hooldus\/lille-kanin-laste-sampoon-ja-dusigeel-100ml\/#primaryimage"},"image":{"@id":"http:\/\/ruuby.ee\/pood\/lapsed\/beebikaubad\/hooldus\/lille-kanin-laste-sampoon-ja-dusigeel-100ml\/#primaryimage"},"thumbnailUrl":"https:\/\/ruuby.ee\/wp-content\/uploads\/2024\/09\/Screenshot-2024-09-21-at-11.09.44.png","datePublished":"2024-09-21T08:16:26+00:00","dateModified":"2026-04-07T22:28:31+00:00","breadcrumb":{"@id":"http:\/\/ruuby.ee\/pood\/lapsed\/beebikaubad\/hooldus\/lille-kanin-laste-sampoon-ja-dusigeel-100ml\/#breadcrumb"},"inLanguage":"en-GB","potentialAction":[{"@type":"ReadAction","target":["http:\/\/ruuby.ee\/pood\/lapsed\/beebikaubad\/hooldus\/lille-kanin-laste-sampoon-ja-dusigeel-100ml\/"]}]},{"@type":"ImageObject","inLanguage":"en-GB","@id":"http:\/\/ruuby.ee\/pood\/lapsed\/beebikaubad\/hooldus\/lille-kanin-laste-sampoon-ja-dusigeel-100ml\/#primaryimage","url":"https:\/\/ruuby.ee\/wp-content\/uploads\/2024\/09\/Screenshot-2024-09-21-at-11.09.44.png","contentUrl":"https:\/\/ruuby.ee\/wp-content\/uploads\/2024\/09\/Screenshot-2024-09-21-at-11.09.44.png","width":1258,"height":1210},{"@type":"BreadcrumbList","@id":"http:\/\/ruuby.ee\/pood\/lapsed\/beebikaubad\/hooldus\/lille-kanin-laste-sampoon-ja-dusigeel-100ml\/#breadcrumb","itemListElement":[{"@type":"ListItem","position":1,"name":"Kdu","item":"http:\/\/ruuby.ee\/en\/"},{"@type":"ListItem","position":2,"name":"Pood","item":"http:\/\/ruuby.ee\/en\/pood\/"},{"@type":"ListItem","position":3,"name":"Lille Kanin &#8211; Laste \u0161ampoon ja du\u0161igeel, 100ml"}]},{"@type":"WebSite","@id":"http:\/\/ruuby.ee\/en\/#website","url":"http:\/\/ruuby.ee\/en\/","name":"RUUBY","description":"Ruubys on \u00fchendatud elustiil ja disain","publisher":{"@id":"http:\/\/ruuby.ee\/en\/#organization"},"alternateName":"Ruuby Disain","potentialAction":[{"@type":"SearchAction","target":{"@type":"EntryPoint","urlTemplate":"http:\/\/ruuby.ee\/en\/?s={search_term_string}"},"query-input":{"@type":"PropertyValueSpecification","valueRequired":true,"valueName":"search_term_string"}}],"inLanguage":"en-GB"},{"@type":"Organization","@id":"http:\/\/ruuby.ee\/en\/#organization","name":"Ruuby Disain O\u00dc","alternateName":"Ruuby","url":"http:\/\/ruuby.ee\/en\/","logo":{"@type":"ImageObject","inLanguage":"en-GB","@id":"http:\/\/ruuby.ee\/en\/#\/schema\/logo\/image\/","url":"https:\/\/ruuby.ee\/wp-content\/uploads\/2023\/06\/cropped-Black-White-Elegant-Circle-Signature-Fashion-Logo-12_large.png","contentUrl":"https:\/\/ruuby.ee\/wp-content\/uploads\/2023\/06\/cropped-Black-White-Elegant-Circle-Signature-Fashion-Logo-12_large.png","width":1280,"height":747,"caption":"Ruuby Disain O\u00dc"},"image":{"@id":"http:\/\/ruuby.ee\/en\/#\/schema\/logo\/image\/"},"sameAs":["https:\/\/www.facebook.com\/ruubyconcept","https:\/\/www.instagram.com\/ruuby_concept\/"]}]}},"jetpack_sharing_enabled":true,"_links":{"self":[{"href":"https:\/\/ruuby.ee\/en\/wp-json\/wp\/v2\/product\/1849159","targetHints":{"allow":["GET"]}}],"collection":[{"href":"https:\/\/ruuby.ee\/en\/wp-json\/wp\/v2\/product"}],"about":[{"href":"https:\/\/ruuby.ee\/en\/wp-json\/wp\/v2\/types\/product"}],"replies":[{"embeddable":true,"href":"https:\/\/ruuby.ee\/en\/wp-json\/wp\/v2\/comments?post=1849159"}],"wp:featuredmedia":[{"embeddable":true,"href":"https:\/\/ruuby.ee\/en\/wp-json\/wp\/v2\/media\/1849160"}],"wp:attachment":[{"href":"https:\/\/ruuby.ee\/en\/wp-json\/wp\/v2\/media?parent=1849159"}],"wp:term":[{"taxonomy":"product_brand","embeddable":true,"href":"https:\/\/ruuby.ee\/en\/wp-json\/wp\/v2\/product_brand?post=1849159"},{"taxonomy":"product_cat","embeddable":true,"href":"https:\/\/ruuby.ee\/en\/wp-json\/wp\/v2\/product_cat?post=1849159"},{"taxonomy":"product_tag","embeddable":true,"href":"https:\/\/ruuby.ee\/en\/wp-json\/wp\/v2\/product_tag?post=1849159"}],"curies":[{"name":"wp","href":"https:\/\/api.w.org\/{rel}","templated":true}]}}