{"id":1849116,"date":"2024-09-20T16:11:01","date_gmt":"2024-09-20T13:11:01","guid":{"rendered":"http:\/\/ruuby.ee\/?post_type=product&#038;p=1849116"},"modified":"2026-04-06T01:26:24","modified_gmt":"2026-04-05T22:26:24","slug":"wouf-vaike-kotike-agar","status":"publish","type":"product","link":"https:\/\/ruuby.ee\/en\/pood\/aksessuaarid\/kotid\/wouf-vaike-kotike-agar\/","title":{"rendered":"WOUF &#8211; V\u00e4ike kotike, Agar"},"content":{"rendered":"<p>Selle koti vetth\u00fclgav viimistlus kaitseb teie olulisi asju ja sobib ideaalselt m\u00fcntide, kaartide, v\u00f5tmete ja muude v\u00e4ikeste igap\u00e4evaste esemete jaoks. Meie ikoonilise Daily kollektsiooni kuuluv v\u00e4ike Agar kotike sulandub sujuvalt teie igap\u00e4evasesse rutiini liikvel olles.<\/p>\n<p>Suurus &#8211; 13 x 9 x 1,5 cm<\/p>\n<p>100% taaskasutatud kangad tarbimisj\u00e4rgsetest plastpudelitest.<br \/>\nVett h\u00fclgav viimistlus.<br \/>\nTaaskasutatud nahast etikett.<br \/>\nIsikup\u00e4rastatud Woufi alumiiniumist t\u00f5mmits.<br \/>\nYKK t\u00f5mblukk taaskasutatud pol\u00fcester k\u00fclgedega.<br \/>\nTr\u00fckitud Oeko-Tex\u00ae sertifitseeritud tintidega.<br \/>\nHooldusjuhised: K\u00e4sitsi pesta k\u00fclmas vees neutraalse seebiga.<\/p>\n<p>*Pange t\u00e4hele, et tr\u00fckipaigutus v\u00f5ib tootmisprotsessi t\u00f5ttu erineda.<\/p>\n<p>Valmistatud Hispaanias<\/p>","protected":false},"excerpt":{"rendered":"<p>V\u00e4ike kotike Agar, mis on valmistatud 100% taaskasutatud kangast, on praktiline kaaslane v\u00e4iksemate esemete jaoks. Ei soovi oma suurest kotist ostida v\u00f5tmeid v\u00f5i kaarditaskut v\u00f5i vajad hoopiski kohta, kus hoida oma huulel\u00e4iget jms., siis see kott on sulle.<\/p>","protected":false},"featured_media":1849117,"comment_status":"closed","ping_status":"closed","template":"","meta":[],"product_brand":[],"product_cat":[43,673,668,33],"product_tag":[],"class_list":{"0":"post-1849116","1":"product","2":"type-product","3":"status-publish","4":"has-post-thumbnail","6":"product_cat-aksessuaarid","7":"product_cat-clutch","8":"product_cat-kosmeetikakott","9":"product_cat-kotid","11":"first","12":"instock","13":"taxable","14":"shipping-taxable","15":"purchasable","16":"product-type-simple"},"yoast_head":"<!-- This site is optimized with the Yoast SEO plugin v27.2 - https:\/\/yoast.com\/product\/yoast-seo-wordpress\/ -->\n<title>WOUF - V\u00e4ike kotike, Agar - RUUBY<\/title>\n<meta name=\"robots\" content=\"index, follow, max-snippet:-1, max-image-preview:large, max-video-preview:-1\" \/>\n<link rel=\"canonical\" href=\"https:\/\/ruuby.ee\/en\/pood\/aksessuaarid\/kotid\/wouf-vaike-kotike-agar\/\" \/>\n<meta property=\"og:locale\" content=\"en_GB\" \/>\n<meta property=\"og:type\" content=\"article\" \/>\n<meta property=\"og:title\" content=\"WOUF - V\u00e4ike kotike, Agar - RUUBY\" \/>\n<meta property=\"og:description\" content=\"V\u00e4ike kotike Agar, mis on valmistatud 100% taaskasutatud kangast, on praktiline kaaslane v\u00e4iksemate esemete jaoks. Ei soovi oma suurest kotist ostida v\u00f5tmeid v\u00f5i kaarditaskut v\u00f5i vajad hoopiski kohta, kus hoida oma huulel\u00e4iget jms., siis see kott on sulle.\" \/>\n<meta property=\"og:url\" content=\"https:\/\/ruuby.ee\/en\/pood\/aksessuaarid\/kotid\/wouf-vaike-kotike-agar\/\" \/>\n<meta property=\"og:site_name\" content=\"RUUBY\" \/>\n<meta property=\"article:publisher\" content=\"https:\/\/www.facebook.com\/ruubyconcept\" \/>\n<meta property=\"article:modified_time\" content=\"2026-04-05T22:26:24+00:00\" \/>\n<meta property=\"og:image\" content=\"https:\/\/ruuby.ee\/wp-content\/uploads\/2024\/09\/Screenshot-2024-09-20-at-16.11.30.png\" \/>\n\t<meta property=\"og:image:width\" content=\"900\" \/>\n\t<meta property=\"og:image:height\" content=\"716\" \/>\n\t<meta property=\"og:image:type\" content=\"image\/png\" \/>\n<meta name=\"twitter:card\" content=\"summary_large_image\" \/>\n<meta name=\"twitter:label1\" content=\"Estimated reading time\" \/>\n\t<meta name=\"twitter:data1\" content=\"1 minute\" \/>\n<script type=\"application\/ld+json\" class=\"yoast-schema-graph\">{\"@context\":\"https:\/\/schema.org\",\"@graph\":[{\"@type\":[\"WebPage\",\"ItemPage\"],\"@id\":\"https:\/\/ruuby.ee\/en\/pood\/aksessuaarid\/kotid\/wouf-vaike-kotike-agar\/\",\"url\":\"https:\/\/ruuby.ee\/en\/pood\/aksessuaarid\/kotid\/wouf-vaike-kotike-agar\/\",\"name\":\"WOUF - V\u00e4ike kotike, Agar - RUUBY\",\"isPartOf\":{\"@id\":\"http:\/\/ruuby.ee\/#website\"},\"primaryImageOfPage\":{\"@id\":\"https:\/\/ruuby.ee\/en\/pood\/aksessuaarid\/kotid\/wouf-vaike-kotike-agar\/#primaryimage\"},\"image\":{\"@id\":\"https:\/\/ruuby.ee\/en\/pood\/aksessuaarid\/kotid\/wouf-vaike-kotike-agar\/#primaryimage\"},\"thumbnailUrl\":\"https:\/\/ruuby.ee\/wp-content\/uploads\/2024\/09\/Screenshot-2024-09-20-at-16.11.30.png\",\"datePublished\":\"2024-09-20T13:11:01+00:00\",\"dateModified\":\"2026-04-05T22:26:24+00:00\",\"breadcrumb\":{\"@id\":\"https:\/\/ruuby.ee\/en\/pood\/aksessuaarid\/kotid\/wouf-vaike-kotike-agar\/#breadcrumb\"},\"inLanguage\":\"en-GB\",\"potentialAction\":[{\"@type\":\"ReadAction\",\"target\":[\"https:\/\/ruuby.ee\/en\/pood\/aksessuaarid\/kotid\/wouf-vaike-kotike-agar\/\"]}]},{\"@type\":\"ImageObject\",\"inLanguage\":\"en-GB\",\"@id\":\"https:\/\/ruuby.ee\/en\/pood\/aksessuaarid\/kotid\/wouf-vaike-kotike-agar\/#primaryimage\",\"url\":\"https:\/\/ruuby.ee\/wp-content\/uploads\/2024\/09\/Screenshot-2024-09-20-at-16.11.30.png\",\"contentUrl\":\"https:\/\/ruuby.ee\/wp-content\/uploads\/2024\/09\/Screenshot-2024-09-20-at-16.11.30.png\",\"width\":900,\"height\":716},{\"@type\":\"BreadcrumbList\",\"@id\":\"https:\/\/ruuby.ee\/en\/pood\/aksessuaarid\/kotid\/wouf-vaike-kotike-agar\/#breadcrumb\",\"itemListElement\":[{\"@type\":\"ListItem\",\"position\":1,\"name\":\"Kdu\",\"item\":\"http:\/\/ruuby.ee\/\"},{\"@type\":\"ListItem\",\"position\":2,\"name\":\"Pood\",\"item\":\"https:\/\/ruuby.ee\/en\/pood\/\"},{\"@type\":\"ListItem\",\"position\":3,\"name\":\"WOUF &#8211; V\u00e4ike kotike, Agar\"}]},{\"@type\":\"WebSite\",\"@id\":\"http:\/\/ruuby.ee\/#website\",\"url\":\"http:\/\/ruuby.ee\/\",\"name\":\"RUUBY\",\"description\":\"Ruubys on \u00fchendatud elustiil ja disain\",\"publisher\":{\"@id\":\"http:\/\/ruuby.ee\/#organization\"},\"alternateName\":\"Ruuby Disain\",\"potentialAction\":[{\"@type\":\"SearchAction\",\"target\":{\"@type\":\"EntryPoint\",\"urlTemplate\":\"http:\/\/ruuby.ee\/?s={search_term_string}\"},\"query-input\":{\"@type\":\"PropertyValueSpecification\",\"valueRequired\":true,\"valueName\":\"search_term_string\"}}],\"inLanguage\":\"en-GB\"},{\"@type\":\"Organization\",\"@id\":\"http:\/\/ruuby.ee\/#organization\",\"name\":\"Ruuby Disain O\u00dc\",\"alternateName\":\"Ruuby\",\"url\":\"http:\/\/ruuby.ee\/\",\"logo\":{\"@type\":\"ImageObject\",\"inLanguage\":\"en-GB\",\"@id\":\"http:\/\/ruuby.ee\/#\/schema\/logo\/image\/\",\"url\":\"https:\/\/ruuby.ee\/wp-content\/uploads\/2023\/06\/cropped-Black-White-Elegant-Circle-Signature-Fashion-Logo-12_large.png\",\"contentUrl\":\"https:\/\/ruuby.ee\/wp-content\/uploads\/2023\/06\/cropped-Black-White-Elegant-Circle-Signature-Fashion-Logo-12_large.png\",\"width\":1280,\"height\":747,\"caption\":\"Ruuby Disain O\u00dc\"},\"image\":{\"@id\":\"http:\/\/ruuby.ee\/#\/schema\/logo\/image\/\"},\"sameAs\":[\"https:\/\/www.facebook.com\/ruubyconcept\",\"https:\/\/www.instagram.com\/ruuby_concept\/\"]}]}<\/script>\n<!-- \/ Yoast SEO plugin. -->","yoast_head_json":{"title":"WOUF - V\u00e4ike kotike, Agar - RUUBY","robots":{"index":"index","follow":"follow","max-snippet":"max-snippet:-1","max-image-preview":"max-image-preview:large","max-video-preview":"max-video-preview:-1"},"canonical":"https:\/\/ruuby.ee\/en\/pood\/aksessuaarid\/kotid\/wouf-vaike-kotike-agar\/","og_locale":"en_GB","og_type":"article","og_title":"WOUF - V\u00e4ike kotike, Agar - RUUBY","og_description":"V\u00e4ike kotike Agar, mis on valmistatud 100% taaskasutatud kangast, on praktiline kaaslane v\u00e4iksemate esemete jaoks. Ei soovi oma suurest kotist ostida v\u00f5tmeid v\u00f5i kaarditaskut v\u00f5i vajad hoopiski kohta, kus hoida oma huulel\u00e4iget jms., siis see kott on sulle.","og_url":"https:\/\/ruuby.ee\/en\/pood\/aksessuaarid\/kotid\/wouf-vaike-kotike-agar\/","og_site_name":"RUUBY","article_publisher":"https:\/\/www.facebook.com\/ruubyconcept","article_modified_time":"2026-04-05T22:26:24+00:00","og_image":[{"width":900,"height":716,"url":"https:\/\/ruuby.ee\/wp-content\/uploads\/2024\/09\/Screenshot-2024-09-20-at-16.11.30.png","type":"image\/png"}],"twitter_card":"summary_large_image","twitter_misc":{"Estimated reading time":"1 minute"},"schema":{"@context":"https:\/\/schema.org","@graph":[{"@type":["WebPage","ItemPage"],"@id":"https:\/\/ruuby.ee\/en\/pood\/aksessuaarid\/kotid\/wouf-vaike-kotike-agar\/","url":"https:\/\/ruuby.ee\/en\/pood\/aksessuaarid\/kotid\/wouf-vaike-kotike-agar\/","name":"WOUF - V\u00e4ike kotike, Agar - RUUBY","isPartOf":{"@id":"http:\/\/ruuby.ee\/#website"},"primaryImageOfPage":{"@id":"https:\/\/ruuby.ee\/en\/pood\/aksessuaarid\/kotid\/wouf-vaike-kotike-agar\/#primaryimage"},"image":{"@id":"https:\/\/ruuby.ee\/en\/pood\/aksessuaarid\/kotid\/wouf-vaike-kotike-agar\/#primaryimage"},"thumbnailUrl":"https:\/\/ruuby.ee\/wp-content\/uploads\/2024\/09\/Screenshot-2024-09-20-at-16.11.30.png","datePublished":"2024-09-20T13:11:01+00:00","dateModified":"2026-04-05T22:26:24+00:00","breadcrumb":{"@id":"https:\/\/ruuby.ee\/en\/pood\/aksessuaarid\/kotid\/wouf-vaike-kotike-agar\/#breadcrumb"},"inLanguage":"en-GB","potentialAction":[{"@type":"ReadAction","target":["https:\/\/ruuby.ee\/en\/pood\/aksessuaarid\/kotid\/wouf-vaike-kotike-agar\/"]}]},{"@type":"ImageObject","inLanguage":"en-GB","@id":"https:\/\/ruuby.ee\/en\/pood\/aksessuaarid\/kotid\/wouf-vaike-kotike-agar\/#primaryimage","url":"https:\/\/ruuby.ee\/wp-content\/uploads\/2024\/09\/Screenshot-2024-09-20-at-16.11.30.png","contentUrl":"https:\/\/ruuby.ee\/wp-content\/uploads\/2024\/09\/Screenshot-2024-09-20-at-16.11.30.png","width":900,"height":716},{"@type":"BreadcrumbList","@id":"https:\/\/ruuby.ee\/en\/pood\/aksessuaarid\/kotid\/wouf-vaike-kotike-agar\/#breadcrumb","itemListElement":[{"@type":"ListItem","position":1,"name":"Kdu","item":"http:\/\/ruuby.ee\/"},{"@type":"ListItem","position":2,"name":"Pood","item":"https:\/\/ruuby.ee\/en\/pood\/"},{"@type":"ListItem","position":3,"name":"WOUF &#8211; V\u00e4ike kotike, Agar"}]},{"@type":"WebSite","@id":"http:\/\/ruuby.ee\/#website","url":"http:\/\/ruuby.ee\/","name":"RUUBY","description":"Ruubys on \u00fchendatud elustiil ja disain","publisher":{"@id":"http:\/\/ruuby.ee\/#organization"},"alternateName":"Ruuby Disain","potentialAction":[{"@type":"SearchAction","target":{"@type":"EntryPoint","urlTemplate":"http:\/\/ruuby.ee\/?s={search_term_string}"},"query-input":{"@type":"PropertyValueSpecification","valueRequired":true,"valueName":"search_term_string"}}],"inLanguage":"en-GB"},{"@type":"Organization","@id":"http:\/\/ruuby.ee\/#organization","name":"Ruuby Disain O\u00dc","alternateName":"Ruuby","url":"http:\/\/ruuby.ee\/","logo":{"@type":"ImageObject","inLanguage":"en-GB","@id":"http:\/\/ruuby.ee\/#\/schema\/logo\/image\/","url":"https:\/\/ruuby.ee\/wp-content\/uploads\/2023\/06\/cropped-Black-White-Elegant-Circle-Signature-Fashion-Logo-12_large.png","contentUrl":"https:\/\/ruuby.ee\/wp-content\/uploads\/2023\/06\/cropped-Black-White-Elegant-Circle-Signature-Fashion-Logo-12_large.png","width":1280,"height":747,"caption":"Ruuby Disain O\u00dc"},"image":{"@id":"http:\/\/ruuby.ee\/#\/schema\/logo\/image\/"},"sameAs":["https:\/\/www.facebook.com\/ruubyconcept","https:\/\/www.instagram.com\/ruuby_concept\/"]}]}},"jetpack_sharing_enabled":true,"_links":{"self":[{"href":"https:\/\/ruuby.ee\/en\/wp-json\/wp\/v2\/product\/1849116","targetHints":{"allow":["GET"]}}],"collection":[{"href":"https:\/\/ruuby.ee\/en\/wp-json\/wp\/v2\/product"}],"about":[{"href":"https:\/\/ruuby.ee\/en\/wp-json\/wp\/v2\/types\/product"}],"replies":[{"embeddable":true,"href":"https:\/\/ruuby.ee\/en\/wp-json\/wp\/v2\/comments?post=1849116"}],"wp:featuredmedia":[{"embeddable":true,"href":"https:\/\/ruuby.ee\/en\/wp-json\/wp\/v2\/media\/1849117"}],"wp:attachment":[{"href":"https:\/\/ruuby.ee\/en\/wp-json\/wp\/v2\/media?parent=1849116"}],"wp:term":[{"taxonomy":"product_brand","embeddable":true,"href":"https:\/\/ruuby.ee\/en\/wp-json\/wp\/v2\/product_brand?post=1849116"},{"taxonomy":"product_cat","embeddable":true,"href":"https:\/\/ruuby.ee\/en\/wp-json\/wp\/v2\/product_cat?post=1849116"},{"taxonomy":"product_tag","embeddable":true,"href":"https:\/\/ruuby.ee\/en\/wp-json\/wp\/v2\/product_tag?post=1849116"}],"curies":[{"name":"wp","href":"https:\/\/api.w.org\/{rel}","templated":true}]}}