{"id":1848961,"date":"2024-09-18T15:27:16","date_gmt":"2024-09-18T12:27:16","guid":{"rendered":"http:\/\/ruuby.ee\/?post_type=product&#038;p=1848961"},"modified":"2026-04-08T01:28:32","modified_gmt":"2026-04-07T22:28:32","slug":"silly-sillas-sukkpuksid-cream-blend-wooly-footless-2","status":"publish","type":"product","link":"https:\/\/ruuby.ee\/en\/pood\/lapsed\/riided\/sukkpuksid\/silly-sillas-sukkpuksid-cream-blend-wooly-footless-2\/","title":{"rendered":"Silly Silas &#8211;  Sukkp\u00fcksid, Cream Blend (Wooly, Footless)"},"content":{"rendered":"<p>Silly Silase retroh\u00f5ngulised traksidega sukkp\u00fcksid p\u00fcsivad jalas ka k\u00f5ige aktiivsemal beebil ja v\u00e4ikelapsel. Need sukkp\u00fcksid on erakordselt pehmed ja vastupidavad ning sobivad ka k\u00f5ige tundlikuma nahaga lapsele. Valmistatud RWS sertifikaadiga meriinovillast ja OEKO-TEX sertifikaadiga puuvillast Hispaanias.<\/p>\n<p>Wooly mudeli valmistamiseks on kasutatud\u00a059% meriinovilla ja 41% orgaanilist puuvilla.\u00a0Meriinovill on \u00fclipeen ja pehme looduslik kiud, mis on hingav ja aitab reguleerida kehatemperatuuri nii soojal kui ka k\u00fclmal p\u00e4eval. Lisaks on see taastuv ja biolagunev materjal\u00a0\u2013 t\u00e4nu oma valgup\u00f5hisele koostisele laguneb meriinovill looduses umbes aastaga.<\/p>\n<p>Sukkp\u00fcksid on tavap\u00e4rasest natuke suuremad, mist\u00f5ttu soovitame suuruse valimisel j\u00e4rgida allolevat m\u00f5\u00f5dutabelit:<\/p>\n<p>Suurus\u00a0 Vanus<br \/>\n46-50 0-2 kuud<br \/>\n52-56 3-6 kuud<br \/>\n62-68 6-12 kuud<br \/>\n74-80 1-2 aastat<br \/>\n86-95 2-3 aastat<br \/>\n98-104 3-4 aastat<\/p>\n<p>NB! Tegemist ei ole uneriietega\u00a0\u2013\u00a0\u00e4ra j\u00e4ta oma last traksidega sukkp\u00fckse kandes j\u00e4relevalveta.<\/p>\n<p><strong>Hooldusjuhend:<\/strong><br \/>\nMasinpesu kuni 40\u00b0C<br \/>\n\u00c4ra valgenda<br \/>\n\u00c4ra kuivata kuivatis<br \/>\n\u00c4ra triigi ja \u00e4ra kasuta keemilist puhastust<\/p>\n<p>Materjal: 41% Orgaaniline puuvill ja 59% Meriinovill<\/p>\n<p>P\u00e4ritolumaa: Rootsi (valmistatud T\u0161ehhis)<\/p>\n<p>&nbsp;<\/p>\n<p>Sertifikaatidest l\u00e4hemalt:<\/p>\n<ul>\n<li>Sertifitseeritud vastavalt \u00fclemaailmsele orgaanilise tekstiili standardile (GOTS). GOTS on \u00fclemaailmne juhtiv orgaaniliste kiudude tekstiilit\u00f6\u00f6tlemise standard, kus v\u00f5etakse arvesse \u00f6koloogilised ja sotsiaalsed kriteeriumid (j\u00e4tkusuutlikud materjalid ja t\u00f6\u00f6tlemisviisid, \u00f5iglased t\u00f6\u00f6tasud).<\/li>\n<\/ul>\n<ul>\n<li>Sertifitseeritud OEKO-TEX\u00ae Standard 100 k\u00f5rgeimal tasemel, mis on loodud spetsiaalselt vasts\u00fcndinutele ja kuni kolmeaastastele v\u00e4ikelastele. See t\u00e4hendab, et toote k\u00f5iki komponente (kangast, niite, n\u00f6\u00f6pe ja muid elemente) on testitud kahjulike ainete suhtes ja seet\u00f5ttu on toode inimese tervisele ohutu.<\/li>\n<\/ul>","protected":false},"excerpt":{"rendered":"<p>Silly Silase sukkp\u00fcksid on asendamatu ese iga lapse garderoobis.<\/p>","protected":false},"featured_media":1848965,"comment_status":"closed","ping_status":"closed","template":"","meta":[],"product_brand":[],"product_cat":[22,244,648],"product_tag":[],"class_list":{"0":"post-1848961","1":"product","2":"type-product","3":"status-publish","4":"has-post-thumbnail","6":"product_cat-lapsed","7":"product_cat-riided","8":"product_cat-sukkpuksid","10":"first","11":"instock","12":"taxable","13":"shipping-taxable","14":"purchasable","15":"product-type-variable","16":"rtwpvs-product"},"yoast_head":"<!-- This site is optimized with the Yoast SEO plugin v27.3 - https:\/\/yoast.com\/product\/yoast-seo-wordpress\/ -->\n<title>Silly Silas - Sukkp\u00fcksid, Cream Blend (Wooly, Footless) - RUUBY<\/title>\n<meta name=\"robots\" content=\"index, follow, max-snippet:-1, max-image-preview:large, max-video-preview:-1\" \/>\n<link rel=\"canonical\" href=\"http:\/\/ruuby.ee\/en\/pood\/lapsed\/riided\/sukkpuksid\/silly-sillas-sukkpuksid-cream-blend-wooly-footless-2\/\" \/>\n<meta property=\"og:locale\" content=\"en_GB\" \/>\n<meta property=\"og:type\" content=\"article\" \/>\n<meta property=\"og:title\" content=\"Silly Silas - Sukkp\u00fcksid, Cream Blend (Wooly, Footless) - RUUBY\" \/>\n<meta property=\"og:description\" content=\"Silly Silase sukkp\u00fcksid on asendamatu ese iga lapse garderoobis.\" \/>\n<meta property=\"og:url\" content=\"http:\/\/ruuby.ee\/en\/pood\/lapsed\/riided\/sukkpuksid\/silly-sillas-sukkpuksid-cream-blend-wooly-footless-2\/\" \/>\n<meta property=\"og:site_name\" content=\"RUUBY\" \/>\n<meta property=\"article:publisher\" content=\"https:\/\/www.facebook.com\/ruubyconcept\" \/>\n<meta property=\"article:modified_time\" content=\"2026-04-07T22:28:32+00:00\" \/>\n<meta property=\"og:image\" content=\"http:\/\/ruuby.ee\/wp-content\/uploads\/2024\/09\/Screenshot-2024-09-18-at-15.27.22.png\" \/>\n\t<meta property=\"og:image:width\" content=\"896\" \/>\n\t<meta property=\"og:image:height\" content=\"1198\" \/>\n\t<meta property=\"og:image:type\" content=\"image\/png\" \/>\n<meta name=\"twitter:card\" content=\"summary_large_image\" \/>\n<meta name=\"twitter:label1\" content=\"Estimated reading time\" \/>\n\t<meta name=\"twitter:data1\" content=\"2 minutes\" \/>\n<script type=\"application\/ld+json\" class=\"yoast-schema-graph\">{\"@context\":\"https:\\\/\\\/schema.org\",\"@graph\":[{\"@type\":[\"WebPage\",\"ItemPage\"],\"@id\":\"http:\\\/\\\/ruuby.ee\\\/pood\\\/lapsed\\\/riided\\\/sukkpuksid\\\/silly-sillas-sukkpuksid-cream-blend-wooly-footless-2\\\/\",\"url\":\"http:\\\/\\\/ruuby.ee\\\/pood\\\/lapsed\\\/riided\\\/sukkpuksid\\\/silly-sillas-sukkpuksid-cream-blend-wooly-footless-2\\\/\",\"name\":\"Silly Silas - Sukkp\u00fcksid, Cream Blend (Wooly, Footless) - RUUBY\",\"isPartOf\":{\"@id\":\"http:\\\/\\\/ruuby.ee\\\/en\\\/#website\"},\"primaryImageOfPage\":{\"@id\":\"http:\\\/\\\/ruuby.ee\\\/pood\\\/lapsed\\\/riided\\\/sukkpuksid\\\/silly-sillas-sukkpuksid-cream-blend-wooly-footless-2\\\/#primaryimage\"},\"image\":{\"@id\":\"http:\\\/\\\/ruuby.ee\\\/pood\\\/lapsed\\\/riided\\\/sukkpuksid\\\/silly-sillas-sukkpuksid-cream-blend-wooly-footless-2\\\/#primaryimage\"},\"thumbnailUrl\":\"https:\\\/\\\/ruuby.ee\\\/wp-content\\\/uploads\\\/2024\\\/09\\\/Screenshot-2024-09-18-at-15.27.22.png\",\"datePublished\":\"2024-09-18T12:27:16+00:00\",\"dateModified\":\"2026-04-07T22:28:32+00:00\",\"breadcrumb\":{\"@id\":\"http:\\\/\\\/ruuby.ee\\\/pood\\\/lapsed\\\/riided\\\/sukkpuksid\\\/silly-sillas-sukkpuksid-cream-blend-wooly-footless-2\\\/#breadcrumb\"},\"inLanguage\":\"en-GB\",\"potentialAction\":[{\"@type\":\"ReadAction\",\"target\":[\"http:\\\/\\\/ruuby.ee\\\/pood\\\/lapsed\\\/riided\\\/sukkpuksid\\\/silly-sillas-sukkpuksid-cream-blend-wooly-footless-2\\\/\"]}]},{\"@type\":\"ImageObject\",\"inLanguage\":\"en-GB\",\"@id\":\"http:\\\/\\\/ruuby.ee\\\/pood\\\/lapsed\\\/riided\\\/sukkpuksid\\\/silly-sillas-sukkpuksid-cream-blend-wooly-footless-2\\\/#primaryimage\",\"url\":\"https:\\\/\\\/ruuby.ee\\\/wp-content\\\/uploads\\\/2024\\\/09\\\/Screenshot-2024-09-18-at-15.27.22.png\",\"contentUrl\":\"https:\\\/\\\/ruuby.ee\\\/wp-content\\\/uploads\\\/2024\\\/09\\\/Screenshot-2024-09-18-at-15.27.22.png\",\"width\":896,\"height\":1198},{\"@type\":\"BreadcrumbList\",\"@id\":\"http:\\\/\\\/ruuby.ee\\\/pood\\\/lapsed\\\/riided\\\/sukkpuksid\\\/silly-sillas-sukkpuksid-cream-blend-wooly-footless-2\\\/#breadcrumb\",\"itemListElement\":[{\"@type\":\"ListItem\",\"position\":1,\"name\":\"Kdu\",\"item\":\"http:\\\/\\\/ruuby.ee\\\/en\\\/\"},{\"@type\":\"ListItem\",\"position\":2,\"name\":\"Pood\",\"item\":\"http:\\\/\\\/ruuby.ee\\\/en\\\/pood\\\/\"},{\"@type\":\"ListItem\",\"position\":3,\"name\":\"Silly Silas &#8211; Sukkp\u00fcksid, Cream Blend (Wooly, Footless)\"}]},{\"@type\":\"WebSite\",\"@id\":\"http:\\\/\\\/ruuby.ee\\\/en\\\/#website\",\"url\":\"http:\\\/\\\/ruuby.ee\\\/en\\\/\",\"name\":\"RUUBY\",\"description\":\"Ruubys on \u00fchendatud elustiil ja disain\",\"publisher\":{\"@id\":\"http:\\\/\\\/ruuby.ee\\\/en\\\/#organization\"},\"alternateName\":\"Ruuby Disain\",\"potentialAction\":[{\"@type\":\"SearchAction\",\"target\":{\"@type\":\"EntryPoint\",\"urlTemplate\":\"http:\\\/\\\/ruuby.ee\\\/en\\\/?s={search_term_string}\"},\"query-input\":{\"@type\":\"PropertyValueSpecification\",\"valueRequired\":true,\"valueName\":\"search_term_string\"}}],\"inLanguage\":\"en-GB\"},{\"@type\":\"Organization\",\"@id\":\"http:\\\/\\\/ruuby.ee\\\/en\\\/#organization\",\"name\":\"Ruuby Disain O\u00dc\",\"alternateName\":\"Ruuby\",\"url\":\"http:\\\/\\\/ruuby.ee\\\/en\\\/\",\"logo\":{\"@type\":\"ImageObject\",\"inLanguage\":\"en-GB\",\"@id\":\"http:\\\/\\\/ruuby.ee\\\/en\\\/#\\\/schema\\\/logo\\\/image\\\/\",\"url\":\"https:\\\/\\\/ruuby.ee\\\/wp-content\\\/uploads\\\/2023\\\/06\\\/cropped-Black-White-Elegant-Circle-Signature-Fashion-Logo-12_large.png\",\"contentUrl\":\"https:\\\/\\\/ruuby.ee\\\/wp-content\\\/uploads\\\/2023\\\/06\\\/cropped-Black-White-Elegant-Circle-Signature-Fashion-Logo-12_large.png\",\"width\":1280,\"height\":747,\"caption\":\"Ruuby Disain O\u00dc\"},\"image\":{\"@id\":\"http:\\\/\\\/ruuby.ee\\\/en\\\/#\\\/schema\\\/logo\\\/image\\\/\"},\"sameAs\":[\"https:\\\/\\\/www.facebook.com\\\/ruubyconcept\",\"https:\\\/\\\/www.instagram.com\\\/ruuby_concept\\\/\"]}]}<\/script>\n<!-- \/ Yoast SEO plugin. -->","yoast_head_json":{"title":"Silly Silas - Sukkp\u00fcksid, Cream Blend (Wooly, Footless) - RUUBY","robots":{"index":"index","follow":"follow","max-snippet":"max-snippet:-1","max-image-preview":"max-image-preview:large","max-video-preview":"max-video-preview:-1"},"canonical":"http:\/\/ruuby.ee\/en\/pood\/lapsed\/riided\/sukkpuksid\/silly-sillas-sukkpuksid-cream-blend-wooly-footless-2\/","og_locale":"en_GB","og_type":"article","og_title":"Silly Silas - Sukkp\u00fcksid, Cream Blend (Wooly, Footless) - RUUBY","og_description":"Silly Silase sukkp\u00fcksid on asendamatu ese iga lapse garderoobis.","og_url":"http:\/\/ruuby.ee\/en\/pood\/lapsed\/riided\/sukkpuksid\/silly-sillas-sukkpuksid-cream-blend-wooly-footless-2\/","og_site_name":"RUUBY","article_publisher":"https:\/\/www.facebook.com\/ruubyconcept","article_modified_time":"2026-04-07T22:28:32+00:00","og_image":[{"width":896,"height":1198,"url":"http:\/\/ruuby.ee\/wp-content\/uploads\/2024\/09\/Screenshot-2024-09-18-at-15.27.22.png","type":"image\/png"}],"twitter_card":"summary_large_image","twitter_misc":{"Estimated reading time":"2 minutes"},"schema":{"@context":"https:\/\/schema.org","@graph":[{"@type":["WebPage","ItemPage"],"@id":"http:\/\/ruuby.ee\/pood\/lapsed\/riided\/sukkpuksid\/silly-sillas-sukkpuksid-cream-blend-wooly-footless-2\/","url":"http:\/\/ruuby.ee\/pood\/lapsed\/riided\/sukkpuksid\/silly-sillas-sukkpuksid-cream-blend-wooly-footless-2\/","name":"Silly Silas - Sukkp\u00fcksid, Cream Blend (Wooly, Footless) - RUUBY","isPartOf":{"@id":"http:\/\/ruuby.ee\/en\/#website"},"primaryImageOfPage":{"@id":"http:\/\/ruuby.ee\/pood\/lapsed\/riided\/sukkpuksid\/silly-sillas-sukkpuksid-cream-blend-wooly-footless-2\/#primaryimage"},"image":{"@id":"http:\/\/ruuby.ee\/pood\/lapsed\/riided\/sukkpuksid\/silly-sillas-sukkpuksid-cream-blend-wooly-footless-2\/#primaryimage"},"thumbnailUrl":"https:\/\/ruuby.ee\/wp-content\/uploads\/2024\/09\/Screenshot-2024-09-18-at-15.27.22.png","datePublished":"2024-09-18T12:27:16+00:00","dateModified":"2026-04-07T22:28:32+00:00","breadcrumb":{"@id":"http:\/\/ruuby.ee\/pood\/lapsed\/riided\/sukkpuksid\/silly-sillas-sukkpuksid-cream-blend-wooly-footless-2\/#breadcrumb"},"inLanguage":"en-GB","potentialAction":[{"@type":"ReadAction","target":["http:\/\/ruuby.ee\/pood\/lapsed\/riided\/sukkpuksid\/silly-sillas-sukkpuksid-cream-blend-wooly-footless-2\/"]}]},{"@type":"ImageObject","inLanguage":"en-GB","@id":"http:\/\/ruuby.ee\/pood\/lapsed\/riided\/sukkpuksid\/silly-sillas-sukkpuksid-cream-blend-wooly-footless-2\/#primaryimage","url":"https:\/\/ruuby.ee\/wp-content\/uploads\/2024\/09\/Screenshot-2024-09-18-at-15.27.22.png","contentUrl":"https:\/\/ruuby.ee\/wp-content\/uploads\/2024\/09\/Screenshot-2024-09-18-at-15.27.22.png","width":896,"height":1198},{"@type":"BreadcrumbList","@id":"http:\/\/ruuby.ee\/pood\/lapsed\/riided\/sukkpuksid\/silly-sillas-sukkpuksid-cream-blend-wooly-footless-2\/#breadcrumb","itemListElement":[{"@type":"ListItem","position":1,"name":"Kdu","item":"http:\/\/ruuby.ee\/en\/"},{"@type":"ListItem","position":2,"name":"Pood","item":"http:\/\/ruuby.ee\/en\/pood\/"},{"@type":"ListItem","position":3,"name":"Silly Silas &#8211; Sukkp\u00fcksid, Cream Blend (Wooly, Footless)"}]},{"@type":"WebSite","@id":"http:\/\/ruuby.ee\/en\/#website","url":"http:\/\/ruuby.ee\/en\/","name":"RUUBY","description":"Ruubys on \u00fchendatud elustiil ja disain","publisher":{"@id":"http:\/\/ruuby.ee\/en\/#organization"},"alternateName":"Ruuby Disain","potentialAction":[{"@type":"SearchAction","target":{"@type":"EntryPoint","urlTemplate":"http:\/\/ruuby.ee\/en\/?s={search_term_string}"},"query-input":{"@type":"PropertyValueSpecification","valueRequired":true,"valueName":"search_term_string"}}],"inLanguage":"en-GB"},{"@type":"Organization","@id":"http:\/\/ruuby.ee\/en\/#organization","name":"Ruuby Disain O\u00dc","alternateName":"Ruuby","url":"http:\/\/ruuby.ee\/en\/","logo":{"@type":"ImageObject","inLanguage":"en-GB","@id":"http:\/\/ruuby.ee\/en\/#\/schema\/logo\/image\/","url":"https:\/\/ruuby.ee\/wp-content\/uploads\/2023\/06\/cropped-Black-White-Elegant-Circle-Signature-Fashion-Logo-12_large.png","contentUrl":"https:\/\/ruuby.ee\/wp-content\/uploads\/2023\/06\/cropped-Black-White-Elegant-Circle-Signature-Fashion-Logo-12_large.png","width":1280,"height":747,"caption":"Ruuby Disain O\u00dc"},"image":{"@id":"http:\/\/ruuby.ee\/en\/#\/schema\/logo\/image\/"},"sameAs":["https:\/\/www.facebook.com\/ruubyconcept","https:\/\/www.instagram.com\/ruuby_concept\/"]}]}},"jetpack_sharing_enabled":true,"_links":{"self":[{"href":"https:\/\/ruuby.ee\/en\/wp-json\/wp\/v2\/product\/1848961","targetHints":{"allow":["GET"]}}],"collection":[{"href":"https:\/\/ruuby.ee\/en\/wp-json\/wp\/v2\/product"}],"about":[{"href":"https:\/\/ruuby.ee\/en\/wp-json\/wp\/v2\/types\/product"}],"replies":[{"embeddable":true,"href":"https:\/\/ruuby.ee\/en\/wp-json\/wp\/v2\/comments?post=1848961"}],"wp:featuredmedia":[{"embeddable":true,"href":"https:\/\/ruuby.ee\/en\/wp-json\/wp\/v2\/media\/1848965"}],"wp:attachment":[{"href":"https:\/\/ruuby.ee\/en\/wp-json\/wp\/v2\/media?parent=1848961"}],"wp:term":[{"taxonomy":"product_brand","embeddable":true,"href":"https:\/\/ruuby.ee\/en\/wp-json\/wp\/v2\/product_brand?post=1848961"},{"taxonomy":"product_cat","embeddable":true,"href":"https:\/\/ruuby.ee\/en\/wp-json\/wp\/v2\/product_cat?post=1848961"},{"taxonomy":"product_tag","embeddable":true,"href":"https:\/\/ruuby.ee\/en\/wp-json\/wp\/v2\/product_tag?post=1848961"}],"curies":[{"name":"wp","href":"https:\/\/api.w.org\/{rel}","templated":true}]}}