{"id":1848857,"date":"2024-09-18T13:35:16","date_gmt":"2024-09-18T10:35:16","guid":{"rendered":"http:\/\/ruuby.ee\/?post_type=product&#038;p=1848857"},"modified":"2026-04-08T01:28:32","modified_gmt":"2026-04-07T22:28:32","slug":"floss-kleit-valerie","status":"publish","type":"product","link":"https:\/\/ruuby.ee\/en\/pood\/lapsed\/riided\/kleidid-riided\/floss-kleit-valerie\/","title":{"rendered":"FL\u00d6SS &#8211; Kleit, Valerie"},"content":{"rendered":"<p>Valerie kleit on kauni lillemustriga ja raglaanvarrukatega. Krae on imekauni pits\u00e4\u00e4rega. Esikinnis on p\u00e4rlin\u00f6\u00f6pidest.<\/p>\n<p>FL\u00d6SS on n\u00e4inud palju vaeva, et leida parimad ja pehmeimad kangad selleks, et lapsed v\u00e4\u00e4rivad parimat.<\/p>\n<p>Materjal: 100% Orgaaniline puuvill<\/p>\n<p>P\u00e4ritolumaa: Taani (valmistatud Indias)<\/p>\n<p>V\u00e4rv: Moonitr\u00fckk<\/p>","protected":false},"excerpt":{"rendered":"<p>Valerie kleit on kauni lillemustriga ja raglaanvarrukatega. Krae on imekauni pits\u00e4\u00e4rega. Esikinnis on p\u00e4rlin\u00f6\u00f6pidest. FL\u00d6SS on n\u00e4inud palju vaeva, et leida parimad ja pehmeimad kangad selleks, et lapsed v\u00e4\u00e4rivad parimat. Materjal: 100% Orgaaniline puuvill P\u00e4ritolumaa: Taani (valmistatud Indias) V\u00e4rv: Moonitr\u00fckk<\/p>","protected":false},"featured_media":1848858,"comment_status":"closed","ping_status":"closed","template":"","meta":[],"product_brand":[],"product_cat":[22,859,244],"product_tag":[],"class_list":{"0":"post-1848857","1":"product","2":"type-product","3":"status-publish","4":"has-post-thumbnail","6":"product_cat-lapsed","7":"product_cat-kleidid-riided","8":"product_cat-riided","10":"first","11":"instock","12":"taxable","13":"shipping-taxable","14":"purchasable","15":"product-type-variable","16":"rtwpvs-product"},"yoast_head":"<!-- This site is optimized with the Yoast SEO plugin v27.3 - https:\/\/yoast.com\/product\/yoast-seo-wordpress\/ -->\n<title>FL\u00d6SS - Kleit, Valerie - RUUBY<\/title>\n<meta name=\"robots\" content=\"index, follow, max-snippet:-1, max-image-preview:large, max-video-preview:-1\" \/>\n<link rel=\"canonical\" href=\"https:\/\/ruuby.ee\/en\/pood\/lapsed\/riided\/kleidid-riided\/floss-kleit-valerie\/\" \/>\n<meta property=\"og:locale\" content=\"en_GB\" \/>\n<meta property=\"og:type\" content=\"article\" \/>\n<meta property=\"og:title\" content=\"FL\u00d6SS - Kleit, Valerie - RUUBY\" \/>\n<meta property=\"og:description\" content=\"Valerie kleit on kauni lillemustriga ja raglaanvarrukatega. Krae on imekauni pits\u00e4\u00e4rega. Esikinnis on p\u00e4rlin\u00f6\u00f6pidest. FL\u00d6SS on n\u00e4inud palju vaeva, et leida parimad ja pehmeimad kangad selleks, et lapsed v\u00e4\u00e4rivad parimat. Materjal: 100% Orgaaniline puuvill P\u00e4ritolumaa: Taani (valmistatud Indias) V\u00e4rv: Moonitr\u00fckk\" \/>\n<meta property=\"og:url\" content=\"https:\/\/ruuby.ee\/en\/pood\/lapsed\/riided\/kleidid-riided\/floss-kleit-valerie\/\" \/>\n<meta property=\"og:site_name\" content=\"RUUBY\" \/>\n<meta property=\"article:publisher\" content=\"https:\/\/www.facebook.com\/ruubyconcept\" \/>\n<meta property=\"article:modified_time\" content=\"2026-04-07T22:28:32+00:00\" \/>\n<meta property=\"og:image\" content=\"https:\/\/ruuby.ee\/wp-content\/uploads\/2024\/09\/Screenshot-2024-09-18-at-13.30.24.png\" \/>\n\t<meta property=\"og:image:width\" content=\"992\" \/>\n\t<meta property=\"og:image:height\" content=\"656\" \/>\n\t<meta property=\"og:image:type\" content=\"image\/png\" \/>\n<meta name=\"twitter:card\" content=\"summary_large_image\" \/>\n<meta name=\"twitter:label1\" content=\"Estimated reading time\" \/>\n\t<meta name=\"twitter:data1\" content=\"1 minute\" \/>\n<script type=\"application\/ld+json\" class=\"yoast-schema-graph\">{\"@context\":\"https:\\\/\\\/schema.org\",\"@graph\":[{\"@type\":[\"WebPage\",\"ItemPage\"],\"@id\":\"https:\\\/\\\/ruuby.ee\\\/en\\\/pood\\\/lapsed\\\/riided\\\/kleidid-riided\\\/floss-kleit-valerie\\\/\",\"url\":\"https:\\\/\\\/ruuby.ee\\\/en\\\/pood\\\/lapsed\\\/riided\\\/kleidid-riided\\\/floss-kleit-valerie\\\/\",\"name\":\"FL\u00d6SS - Kleit, Valerie - RUUBY\",\"isPartOf\":{\"@id\":\"https:\\\/\\\/ruuby.ee\\\/en\\\/#website\"},\"primaryImageOfPage\":{\"@id\":\"https:\\\/\\\/ruuby.ee\\\/en\\\/pood\\\/lapsed\\\/riided\\\/kleidid-riided\\\/floss-kleit-valerie\\\/#primaryimage\"},\"image\":{\"@id\":\"https:\\\/\\\/ruuby.ee\\\/en\\\/pood\\\/lapsed\\\/riided\\\/kleidid-riided\\\/floss-kleit-valerie\\\/#primaryimage\"},\"thumbnailUrl\":\"https:\\\/\\\/ruuby.ee\\\/wp-content\\\/uploads\\\/2024\\\/09\\\/Screenshot-2024-09-18-at-13.30.24.png\",\"datePublished\":\"2024-09-18T10:35:16+00:00\",\"dateModified\":\"2026-04-07T22:28:32+00:00\",\"breadcrumb\":{\"@id\":\"https:\\\/\\\/ruuby.ee\\\/en\\\/pood\\\/lapsed\\\/riided\\\/kleidid-riided\\\/floss-kleit-valerie\\\/#breadcrumb\"},\"inLanguage\":\"en-GB\",\"potentialAction\":[{\"@type\":\"ReadAction\",\"target\":[\"https:\\\/\\\/ruuby.ee\\\/en\\\/pood\\\/lapsed\\\/riided\\\/kleidid-riided\\\/floss-kleit-valerie\\\/\"]}]},{\"@type\":\"ImageObject\",\"inLanguage\":\"en-GB\",\"@id\":\"https:\\\/\\\/ruuby.ee\\\/en\\\/pood\\\/lapsed\\\/riided\\\/kleidid-riided\\\/floss-kleit-valerie\\\/#primaryimage\",\"url\":\"https:\\\/\\\/ruuby.ee\\\/wp-content\\\/uploads\\\/2024\\\/09\\\/Screenshot-2024-09-18-at-13.30.24.png\",\"contentUrl\":\"https:\\\/\\\/ruuby.ee\\\/wp-content\\\/uploads\\\/2024\\\/09\\\/Screenshot-2024-09-18-at-13.30.24.png\",\"width\":992,\"height\":656},{\"@type\":\"BreadcrumbList\",\"@id\":\"https:\\\/\\\/ruuby.ee\\\/en\\\/pood\\\/lapsed\\\/riided\\\/kleidid-riided\\\/floss-kleit-valerie\\\/#breadcrumb\",\"itemListElement\":[{\"@type\":\"ListItem\",\"position\":1,\"name\":\"Kdu\",\"item\":\"https:\\\/\\\/ruuby.ee\\\/en\\\/\"},{\"@type\":\"ListItem\",\"position\":2,\"name\":\"Pood\",\"item\":\"https:\\\/\\\/ruuby.ee\\\/en\\\/pood\\\/\"},{\"@type\":\"ListItem\",\"position\":3,\"name\":\"FL\u00d6SS &#8211; Kleit, Valerie\"}]},{\"@type\":\"WebSite\",\"@id\":\"https:\\\/\\\/ruuby.ee\\\/en\\\/#website\",\"url\":\"https:\\\/\\\/ruuby.ee\\\/en\\\/\",\"name\":\"RUUBY\",\"description\":\"Ruubys on \u00fchendatud elustiil ja disain\",\"publisher\":{\"@id\":\"https:\\\/\\\/ruuby.ee\\\/en\\\/#organization\"},\"alternateName\":\"Ruuby Disain\",\"potentialAction\":[{\"@type\":\"SearchAction\",\"target\":{\"@type\":\"EntryPoint\",\"urlTemplate\":\"https:\\\/\\\/ruuby.ee\\\/en\\\/?s={search_term_string}\"},\"query-input\":{\"@type\":\"PropertyValueSpecification\",\"valueRequired\":true,\"valueName\":\"search_term_string\"}}],\"inLanguage\":\"en-GB\"},{\"@type\":\"Organization\",\"@id\":\"https:\\\/\\\/ruuby.ee\\\/en\\\/#organization\",\"name\":\"Ruuby Disain O\u00dc\",\"alternateName\":\"Ruuby\",\"url\":\"https:\\\/\\\/ruuby.ee\\\/en\\\/\",\"logo\":{\"@type\":\"ImageObject\",\"inLanguage\":\"en-GB\",\"@id\":\"https:\\\/\\\/ruuby.ee\\\/en\\\/#\\\/schema\\\/logo\\\/image\\\/\",\"url\":\"https:\\\/\\\/ruuby.ee\\\/wp-content\\\/uploads\\\/2023\\\/06\\\/cropped-Black-White-Elegant-Circle-Signature-Fashion-Logo-12_large.png\",\"contentUrl\":\"https:\\\/\\\/ruuby.ee\\\/wp-content\\\/uploads\\\/2023\\\/06\\\/cropped-Black-White-Elegant-Circle-Signature-Fashion-Logo-12_large.png\",\"width\":1280,\"height\":747,\"caption\":\"Ruuby Disain O\u00dc\"},\"image\":{\"@id\":\"https:\\\/\\\/ruuby.ee\\\/en\\\/#\\\/schema\\\/logo\\\/image\\\/\"},\"sameAs\":[\"https:\\\/\\\/www.facebook.com\\\/ruubyconcept\",\"https:\\\/\\\/www.instagram.com\\\/ruuby_concept\\\/\"]}]}<\/script>\n<!-- \/ Yoast SEO plugin. -->","yoast_head_json":{"title":"FL\u00d6SS - Kleit, Valerie - RUUBY","robots":{"index":"index","follow":"follow","max-snippet":"max-snippet:-1","max-image-preview":"max-image-preview:large","max-video-preview":"max-video-preview:-1"},"canonical":"https:\/\/ruuby.ee\/en\/pood\/lapsed\/riided\/kleidid-riided\/floss-kleit-valerie\/","og_locale":"en_GB","og_type":"article","og_title":"FL\u00d6SS - Kleit, Valerie - RUUBY","og_description":"Valerie kleit on kauni lillemustriga ja raglaanvarrukatega. Krae on imekauni pits\u00e4\u00e4rega. Esikinnis on p\u00e4rlin\u00f6\u00f6pidest. FL\u00d6SS on n\u00e4inud palju vaeva, et leida parimad ja pehmeimad kangad selleks, et lapsed v\u00e4\u00e4rivad parimat. Materjal: 100% Orgaaniline puuvill P\u00e4ritolumaa: Taani (valmistatud Indias) V\u00e4rv: Moonitr\u00fckk","og_url":"https:\/\/ruuby.ee\/en\/pood\/lapsed\/riided\/kleidid-riided\/floss-kleit-valerie\/","og_site_name":"RUUBY","article_publisher":"https:\/\/www.facebook.com\/ruubyconcept","article_modified_time":"2026-04-07T22:28:32+00:00","og_image":[{"width":992,"height":656,"url":"https:\/\/ruuby.ee\/wp-content\/uploads\/2024\/09\/Screenshot-2024-09-18-at-13.30.24.png","type":"image\/png"}],"twitter_card":"summary_large_image","twitter_misc":{"Estimated reading time":"1 minute"},"schema":{"@context":"https:\/\/schema.org","@graph":[{"@type":["WebPage","ItemPage"],"@id":"https:\/\/ruuby.ee\/en\/pood\/lapsed\/riided\/kleidid-riided\/floss-kleit-valerie\/","url":"https:\/\/ruuby.ee\/en\/pood\/lapsed\/riided\/kleidid-riided\/floss-kleit-valerie\/","name":"FL\u00d6SS - Kleit, Valerie - RUUBY","isPartOf":{"@id":"https:\/\/ruuby.ee\/en\/#website"},"primaryImageOfPage":{"@id":"https:\/\/ruuby.ee\/en\/pood\/lapsed\/riided\/kleidid-riided\/floss-kleit-valerie\/#primaryimage"},"image":{"@id":"https:\/\/ruuby.ee\/en\/pood\/lapsed\/riided\/kleidid-riided\/floss-kleit-valerie\/#primaryimage"},"thumbnailUrl":"https:\/\/ruuby.ee\/wp-content\/uploads\/2024\/09\/Screenshot-2024-09-18-at-13.30.24.png","datePublished":"2024-09-18T10:35:16+00:00","dateModified":"2026-04-07T22:28:32+00:00","breadcrumb":{"@id":"https:\/\/ruuby.ee\/en\/pood\/lapsed\/riided\/kleidid-riided\/floss-kleit-valerie\/#breadcrumb"},"inLanguage":"en-GB","potentialAction":[{"@type":"ReadAction","target":["https:\/\/ruuby.ee\/en\/pood\/lapsed\/riided\/kleidid-riided\/floss-kleit-valerie\/"]}]},{"@type":"ImageObject","inLanguage":"en-GB","@id":"https:\/\/ruuby.ee\/en\/pood\/lapsed\/riided\/kleidid-riided\/floss-kleit-valerie\/#primaryimage","url":"https:\/\/ruuby.ee\/wp-content\/uploads\/2024\/09\/Screenshot-2024-09-18-at-13.30.24.png","contentUrl":"https:\/\/ruuby.ee\/wp-content\/uploads\/2024\/09\/Screenshot-2024-09-18-at-13.30.24.png","width":992,"height":656},{"@type":"BreadcrumbList","@id":"https:\/\/ruuby.ee\/en\/pood\/lapsed\/riided\/kleidid-riided\/floss-kleit-valerie\/#breadcrumb","itemListElement":[{"@type":"ListItem","position":1,"name":"Kdu","item":"https:\/\/ruuby.ee\/en\/"},{"@type":"ListItem","position":2,"name":"Pood","item":"https:\/\/ruuby.ee\/en\/pood\/"},{"@type":"ListItem","position":3,"name":"FL\u00d6SS &#8211; Kleit, Valerie"}]},{"@type":"WebSite","@id":"https:\/\/ruuby.ee\/en\/#website","url":"https:\/\/ruuby.ee\/en\/","name":"RUUBY","description":"Ruubys on \u00fchendatud elustiil ja disain","publisher":{"@id":"https:\/\/ruuby.ee\/en\/#organization"},"alternateName":"Ruuby Disain","potentialAction":[{"@type":"SearchAction","target":{"@type":"EntryPoint","urlTemplate":"https:\/\/ruuby.ee\/en\/?s={search_term_string}"},"query-input":{"@type":"PropertyValueSpecification","valueRequired":true,"valueName":"search_term_string"}}],"inLanguage":"en-GB"},{"@type":"Organization","@id":"https:\/\/ruuby.ee\/en\/#organization","name":"Ruuby Disain O\u00dc","alternateName":"Ruuby","url":"https:\/\/ruuby.ee\/en\/","logo":{"@type":"ImageObject","inLanguage":"en-GB","@id":"https:\/\/ruuby.ee\/en\/#\/schema\/logo\/image\/","url":"https:\/\/ruuby.ee\/wp-content\/uploads\/2023\/06\/cropped-Black-White-Elegant-Circle-Signature-Fashion-Logo-12_large.png","contentUrl":"https:\/\/ruuby.ee\/wp-content\/uploads\/2023\/06\/cropped-Black-White-Elegant-Circle-Signature-Fashion-Logo-12_large.png","width":1280,"height":747,"caption":"Ruuby Disain O\u00dc"},"image":{"@id":"https:\/\/ruuby.ee\/en\/#\/schema\/logo\/image\/"},"sameAs":["https:\/\/www.facebook.com\/ruubyconcept","https:\/\/www.instagram.com\/ruuby_concept\/"]}]}},"jetpack_sharing_enabled":true,"_links":{"self":[{"href":"https:\/\/ruuby.ee\/en\/wp-json\/wp\/v2\/product\/1848857","targetHints":{"allow":["GET"]}}],"collection":[{"href":"https:\/\/ruuby.ee\/en\/wp-json\/wp\/v2\/product"}],"about":[{"href":"https:\/\/ruuby.ee\/en\/wp-json\/wp\/v2\/types\/product"}],"replies":[{"embeddable":true,"href":"https:\/\/ruuby.ee\/en\/wp-json\/wp\/v2\/comments?post=1848857"}],"wp:featuredmedia":[{"embeddable":true,"href":"https:\/\/ruuby.ee\/en\/wp-json\/wp\/v2\/media\/1848858"}],"wp:attachment":[{"href":"https:\/\/ruuby.ee\/en\/wp-json\/wp\/v2\/media?parent=1848857"}],"wp:term":[{"taxonomy":"product_brand","embeddable":true,"href":"https:\/\/ruuby.ee\/en\/wp-json\/wp\/v2\/product_brand?post=1848857"},{"taxonomy":"product_cat","embeddable":true,"href":"https:\/\/ruuby.ee\/en\/wp-json\/wp\/v2\/product_cat?post=1848857"},{"taxonomy":"product_tag","embeddable":true,"href":"https:\/\/ruuby.ee\/en\/wp-json\/wp\/v2\/product_tag?post=1848857"}],"curies":[{"name":"wp","href":"https:\/\/api.w.org\/{rel}","templated":true}]}}