{"id":1848835,"date":"2024-09-17T17:44:41","date_gmt":"2024-09-17T14:44:41","guid":{"rendered":"http:\/\/ruuby.ee\/?post_type=product&#038;p=1848835"},"modified":"2026-04-08T01:28:32","modified_gmt":"2026-04-07T22:28:32","slug":"patti-oslo-heelgeldatud-lutikett-2-tooni","status":"publish","type":"product","link":"https:\/\/ruuby.ee\/en\/pood\/lapsed\/beebikaubad\/hooldus\/patti-oslo-heelgeldatud-lutikett-2-tooni\/","title":{"rendered":"Patti OSLO &#8211; Heelgeldatud lutikett, 2 tooni"},"content":{"rendered":"<p>K\u00e4sitsi heegeldatud ja tikitud ainult GOTS-sertifikaadiga orgaanilisest puuvillast. Patti Oslo naismeistrid valmistavad iga detaili armastusega, kasutades selleks maagilisi k\u00e4si ja traditsioonilisi tehnikaid. Teie ost aitab tagada neile andekatele naistele \u00f5iglase sissetuleku. K\u00f5ik Patti Oslo m\u00e4nguasjad on tundliku naha jaoks ohutud.<\/p>\n<p>Disainitud Norras<br \/>\nEetiliselt k\u00e4sit\u00f6\u00f6na valmistatud T\u00fcrgis<\/p>\n<p>&#8211; 100% orgaaniline puuvill<br \/>\n&#8211; H\u00fcpoallergeenne, antibakteriaalne.<br \/>\n&#8211; Mittetoksilised v\u00e4rvained: looduslikud taimsed v\u00e4rvained<\/p>\n<p>Vastab CE standarditele<br \/>\nSobib alates s\u00fcnnist<\/p>\n<p>Puhastusjuhised<br \/>\nKasutage alati pehmet pesuainet ja jahedat vett.<br \/>\nKohtpuhastus v\u00f5i k\u00e4sipesu 30\u00baC \u00f5rna ts\u00fckliga. Pigistage \u00f5rnalt ja asetage kuivama<\/p>","protected":false},"excerpt":{"rendered":"<p>K\u00e4sitsi heegeldatud ja tikitud ainult GOTS-sertifikaadiga orgaanilisest puuvillast. Patti Oslo naismeistrid valmistavad iga detaili armastusega, kasutades selleks maagilisi k\u00e4si ja traditsioonilisi tehnikaid. Teie ost aitab tagada neile andekatele naistele \u00f5iglase sissetuleku. K\u00f5ik Patti Oslo m\u00e4nguasjad on tundliku naha jaoks ohutud. Disainitud Norras Eetiliselt k\u00e4sit\u00f6\u00f6na valmistatud T\u00fcrgis &#8211; 100% orgaaniline puuvill &#8211; H\u00fcpoallergeenne, antibakteriaalne. &#8211; Mittetoksilised [&hellip;]<\/p>\n","protected":false},"featured_media":1848838,"comment_status":"closed","ping_status":"closed","template":"","meta":[],"product_brand":[],"product_cat":[680,22,849],"product_tag":[264,850],"class_list":{"0":"post-1848835","1":"product","2":"type-product","3":"status-publish","4":"has-post-thumbnail","6":"product_cat-hooldus","7":"product_cat-lapsed","8":"product_cat-pehmed-manguasjad","9":"product_tag-lutikett","10":"product_tag-patti-oslo","12":"first","13":"instock","14":"taxable","15":"shipping-taxable","16":"purchasable","17":"product-type-variable","18":"rtwpvs-product"},"yoast_head":"<!-- This site is optimized with the Yoast SEO plugin v27.3 - https:\/\/yoast.com\/product\/yoast-seo-wordpress\/ -->\n<title>Patti OSLO - Heelgeldatud lutikett, 2 tooni - RUUBY<\/title>\n<meta name=\"robots\" content=\"index, follow, max-snippet:-1, max-image-preview:large, max-video-preview:-1\" \/>\n<link rel=\"canonical\" href=\"https:\/\/ruuby.ee\/en\/pood\/lapsed\/beebikaubad\/hooldus\/patti-oslo-heelgeldatud-lutikett-2-tooni\/\" \/>\n<meta property=\"og:locale\" content=\"en_GB\" \/>\n<meta property=\"og:type\" content=\"article\" \/>\n<meta property=\"og:title\" content=\"Patti OSLO - Heelgeldatud lutikett, 2 tooni - RUUBY\" \/>\n<meta property=\"og:description\" content=\"K\u00e4sitsi heegeldatud ja tikitud ainult GOTS-sertifikaadiga orgaanilisest puuvillast. Patti Oslo naismeistrid valmistavad iga detaili armastusega, kasutades selleks maagilisi k\u00e4si ja traditsioonilisi tehnikaid. Teie ost aitab tagada neile andekatele naistele \u00f5iglase sissetuleku. K\u00f5ik Patti Oslo m\u00e4nguasjad on tundliku naha jaoks ohutud. Disainitud Norras Eetiliselt k\u00e4sit\u00f6\u00f6na valmistatud T\u00fcrgis &#8211; 100% orgaaniline puuvill &#8211; H\u00fcpoallergeenne, antibakteriaalne. &#8211; Mittetoksilised [&hellip;]\" \/>\n<meta property=\"og:url\" content=\"https:\/\/ruuby.ee\/en\/pood\/lapsed\/beebikaubad\/hooldus\/patti-oslo-heelgeldatud-lutikett-2-tooni\/\" \/>\n<meta property=\"og:site_name\" content=\"RUUBY\" \/>\n<meta property=\"article:publisher\" content=\"https:\/\/www.facebook.com\/ruubyconcept\" \/>\n<meta property=\"article:modified_time\" content=\"2026-04-07T22:28:32+00:00\" \/>\n<meta property=\"og:image\" content=\"https:\/\/ruuby.ee\/wp-content\/uploads\/2024\/09\/Screenshot-2024-09-17-at-17.45.17-1024x1018.png\" \/>\n\t<meta property=\"og:image:width\" content=\"1024\" \/>\n\t<meta property=\"og:image:height\" content=\"1018\" \/>\n\t<meta property=\"og:image:type\" content=\"image\/png\" \/>\n<meta name=\"twitter:card\" content=\"summary_large_image\" \/>\n<meta name=\"twitter:label1\" content=\"Estimated reading time\" \/>\n\t<meta name=\"twitter:data1\" content=\"1 minute\" \/>\n<script type=\"application\/ld+json\" class=\"yoast-schema-graph\">{\"@context\":\"https:\\\/\\\/schema.org\",\"@graph\":[{\"@type\":[\"WebPage\",\"ItemPage\"],\"@id\":\"https:\\\/\\\/ruuby.ee\\\/pood\\\/lapsed\\\/beebikaubad\\\/hooldus\\\/patti-oslo-heelgeldatud-lutikett-2-tooni\\\/\",\"url\":\"https:\\\/\\\/ruuby.ee\\\/pood\\\/lapsed\\\/beebikaubad\\\/hooldus\\\/patti-oslo-heelgeldatud-lutikett-2-tooni\\\/\",\"name\":\"Patti OSLO - Heelgeldatud lutikett, 2 tooni - RUUBY\",\"isPartOf\":{\"@id\":\"https:\\\/\\\/ruuby.ee\\\/#website\"},\"primaryImageOfPage\":{\"@id\":\"https:\\\/\\\/ruuby.ee\\\/pood\\\/lapsed\\\/beebikaubad\\\/hooldus\\\/patti-oslo-heelgeldatud-lutikett-2-tooni\\\/#primaryimage\"},\"image\":{\"@id\":\"https:\\\/\\\/ruuby.ee\\\/pood\\\/lapsed\\\/beebikaubad\\\/hooldus\\\/patti-oslo-heelgeldatud-lutikett-2-tooni\\\/#primaryimage\"},\"thumbnailUrl\":\"https:\\\/\\\/ruuby.ee\\\/wp-content\\\/uploads\\\/2024\\\/09\\\/Screenshot-2024-09-17-at-17.45.17.png\",\"datePublished\":\"2024-09-17T14:44:41+00:00\",\"dateModified\":\"2026-04-07T22:28:32+00:00\",\"breadcrumb\":{\"@id\":\"https:\\\/\\\/ruuby.ee\\\/pood\\\/lapsed\\\/beebikaubad\\\/hooldus\\\/patti-oslo-heelgeldatud-lutikett-2-tooni\\\/#breadcrumb\"},\"inLanguage\":\"en-GB\",\"potentialAction\":[{\"@type\":\"ReadAction\",\"target\":[\"https:\\\/\\\/ruuby.ee\\\/pood\\\/lapsed\\\/beebikaubad\\\/hooldus\\\/patti-oslo-heelgeldatud-lutikett-2-tooni\\\/\"]}]},{\"@type\":\"ImageObject\",\"inLanguage\":\"en-GB\",\"@id\":\"https:\\\/\\\/ruuby.ee\\\/pood\\\/lapsed\\\/beebikaubad\\\/hooldus\\\/patti-oslo-heelgeldatud-lutikett-2-tooni\\\/#primaryimage\",\"url\":\"https:\\\/\\\/ruuby.ee\\\/wp-content\\\/uploads\\\/2024\\\/09\\\/Screenshot-2024-09-17-at-17.45.17.png\",\"contentUrl\":\"https:\\\/\\\/ruuby.ee\\\/wp-content\\\/uploads\\\/2024\\\/09\\\/Screenshot-2024-09-17-at-17.45.17.png\",\"width\":1386,\"height\":1378},{\"@type\":\"BreadcrumbList\",\"@id\":\"https:\\\/\\\/ruuby.ee\\\/pood\\\/lapsed\\\/beebikaubad\\\/hooldus\\\/patti-oslo-heelgeldatud-lutikett-2-tooni\\\/#breadcrumb\",\"itemListElement\":[{\"@type\":\"ListItem\",\"position\":1,\"name\":\"Kdu\",\"item\":\"https:\\\/\\\/ruuby.ee\\\/\"},{\"@type\":\"ListItem\",\"position\":2,\"name\":\"Pood\",\"item\":\"https:\\\/\\\/ruuby.ee\\\/pood\\\/\"},{\"@type\":\"ListItem\",\"position\":3,\"name\":\"Patti OSLO &#8211; Heelgeldatud lutikett, 2 tooni\"}]},{\"@type\":\"WebSite\",\"@id\":\"https:\\\/\\\/ruuby.ee\\\/#website\",\"url\":\"https:\\\/\\\/ruuby.ee\\\/\",\"name\":\"RUUBY\",\"description\":\"Ruubys on \u00fchendatud elustiil ja disain\",\"publisher\":{\"@id\":\"https:\\\/\\\/ruuby.ee\\\/#organization\"},\"alternateName\":\"Ruuby Disain\",\"potentialAction\":[{\"@type\":\"SearchAction\",\"target\":{\"@type\":\"EntryPoint\",\"urlTemplate\":\"https:\\\/\\\/ruuby.ee\\\/?s={search_term_string}\"},\"query-input\":{\"@type\":\"PropertyValueSpecification\",\"valueRequired\":true,\"valueName\":\"search_term_string\"}}],\"inLanguage\":\"en-GB\"},{\"@type\":\"Organization\",\"@id\":\"https:\\\/\\\/ruuby.ee\\\/#organization\",\"name\":\"Ruuby Disain O\u00dc\",\"alternateName\":\"Ruuby\",\"url\":\"https:\\\/\\\/ruuby.ee\\\/\",\"logo\":{\"@type\":\"ImageObject\",\"inLanguage\":\"en-GB\",\"@id\":\"https:\\\/\\\/ruuby.ee\\\/#\\\/schema\\\/logo\\\/image\\\/\",\"url\":\"https:\\\/\\\/ruuby.ee\\\/wp-content\\\/uploads\\\/2023\\\/06\\\/cropped-Black-White-Elegant-Circle-Signature-Fashion-Logo-12_large.png\",\"contentUrl\":\"https:\\\/\\\/ruuby.ee\\\/wp-content\\\/uploads\\\/2023\\\/06\\\/cropped-Black-White-Elegant-Circle-Signature-Fashion-Logo-12_large.png\",\"width\":1280,\"height\":747,\"caption\":\"Ruuby Disain O\u00dc\"},\"image\":{\"@id\":\"https:\\\/\\\/ruuby.ee\\\/#\\\/schema\\\/logo\\\/image\\\/\"},\"sameAs\":[\"https:\\\/\\\/www.facebook.com\\\/ruubyconcept\",\"https:\\\/\\\/www.instagram.com\\\/ruuby_concept\\\/\"]}]}<\/script>\n<!-- \/ Yoast SEO plugin. -->","yoast_head_json":{"title":"Patti OSLO - Heelgeldatud lutikett, 2 tooni - RUUBY","robots":{"index":"index","follow":"follow","max-snippet":"max-snippet:-1","max-image-preview":"max-image-preview:large","max-video-preview":"max-video-preview:-1"},"canonical":"https:\/\/ruuby.ee\/en\/pood\/lapsed\/beebikaubad\/hooldus\/patti-oslo-heelgeldatud-lutikett-2-tooni\/","og_locale":"en_GB","og_type":"article","og_title":"Patti OSLO - Heelgeldatud lutikett, 2 tooni - RUUBY","og_description":"K\u00e4sitsi heegeldatud ja tikitud ainult GOTS-sertifikaadiga orgaanilisest puuvillast. Patti Oslo naismeistrid valmistavad iga detaili armastusega, kasutades selleks maagilisi k\u00e4si ja traditsioonilisi tehnikaid. Teie ost aitab tagada neile andekatele naistele \u00f5iglase sissetuleku. K\u00f5ik Patti Oslo m\u00e4nguasjad on tundliku naha jaoks ohutud. Disainitud Norras Eetiliselt k\u00e4sit\u00f6\u00f6na valmistatud T\u00fcrgis &#8211; 100% orgaaniline puuvill &#8211; H\u00fcpoallergeenne, antibakteriaalne. &#8211; Mittetoksilised [&hellip;]","og_url":"https:\/\/ruuby.ee\/en\/pood\/lapsed\/beebikaubad\/hooldus\/patti-oslo-heelgeldatud-lutikett-2-tooni\/","og_site_name":"RUUBY","article_publisher":"https:\/\/www.facebook.com\/ruubyconcept","article_modified_time":"2026-04-07T22:28:32+00:00","og_image":[{"width":1024,"height":1018,"url":"https:\/\/ruuby.ee\/wp-content\/uploads\/2024\/09\/Screenshot-2024-09-17-at-17.45.17-1024x1018.png","type":"image\/png"}],"twitter_card":"summary_large_image","twitter_misc":{"Estimated reading time":"1 minute"},"schema":{"@context":"https:\/\/schema.org","@graph":[{"@type":["WebPage","ItemPage"],"@id":"https:\/\/ruuby.ee\/pood\/lapsed\/beebikaubad\/hooldus\/patti-oslo-heelgeldatud-lutikett-2-tooni\/","url":"https:\/\/ruuby.ee\/pood\/lapsed\/beebikaubad\/hooldus\/patti-oslo-heelgeldatud-lutikett-2-tooni\/","name":"Patti OSLO - Heelgeldatud lutikett, 2 tooni - RUUBY","isPartOf":{"@id":"https:\/\/ruuby.ee\/#website"},"primaryImageOfPage":{"@id":"https:\/\/ruuby.ee\/pood\/lapsed\/beebikaubad\/hooldus\/patti-oslo-heelgeldatud-lutikett-2-tooni\/#primaryimage"},"image":{"@id":"https:\/\/ruuby.ee\/pood\/lapsed\/beebikaubad\/hooldus\/patti-oslo-heelgeldatud-lutikett-2-tooni\/#primaryimage"},"thumbnailUrl":"https:\/\/ruuby.ee\/wp-content\/uploads\/2024\/09\/Screenshot-2024-09-17-at-17.45.17.png","datePublished":"2024-09-17T14:44:41+00:00","dateModified":"2026-04-07T22:28:32+00:00","breadcrumb":{"@id":"https:\/\/ruuby.ee\/pood\/lapsed\/beebikaubad\/hooldus\/patti-oslo-heelgeldatud-lutikett-2-tooni\/#breadcrumb"},"inLanguage":"en-GB","potentialAction":[{"@type":"ReadAction","target":["https:\/\/ruuby.ee\/pood\/lapsed\/beebikaubad\/hooldus\/patti-oslo-heelgeldatud-lutikett-2-tooni\/"]}]},{"@type":"ImageObject","inLanguage":"en-GB","@id":"https:\/\/ruuby.ee\/pood\/lapsed\/beebikaubad\/hooldus\/patti-oslo-heelgeldatud-lutikett-2-tooni\/#primaryimage","url":"https:\/\/ruuby.ee\/wp-content\/uploads\/2024\/09\/Screenshot-2024-09-17-at-17.45.17.png","contentUrl":"https:\/\/ruuby.ee\/wp-content\/uploads\/2024\/09\/Screenshot-2024-09-17-at-17.45.17.png","width":1386,"height":1378},{"@type":"BreadcrumbList","@id":"https:\/\/ruuby.ee\/pood\/lapsed\/beebikaubad\/hooldus\/patti-oslo-heelgeldatud-lutikett-2-tooni\/#breadcrumb","itemListElement":[{"@type":"ListItem","position":1,"name":"Kdu","item":"https:\/\/ruuby.ee\/"},{"@type":"ListItem","position":2,"name":"Pood","item":"https:\/\/ruuby.ee\/pood\/"},{"@type":"ListItem","position":3,"name":"Patti OSLO &#8211; Heelgeldatud lutikett, 2 tooni"}]},{"@type":"WebSite","@id":"https:\/\/ruuby.ee\/#website","url":"https:\/\/ruuby.ee\/","name":"RUUBY","description":"Ruubys on \u00fchendatud elustiil ja disain","publisher":{"@id":"https:\/\/ruuby.ee\/#organization"},"alternateName":"Ruuby Disain","potentialAction":[{"@type":"SearchAction","target":{"@type":"EntryPoint","urlTemplate":"https:\/\/ruuby.ee\/?s={search_term_string}"},"query-input":{"@type":"PropertyValueSpecification","valueRequired":true,"valueName":"search_term_string"}}],"inLanguage":"en-GB"},{"@type":"Organization","@id":"https:\/\/ruuby.ee\/#organization","name":"Ruuby Disain O\u00dc","alternateName":"Ruuby","url":"https:\/\/ruuby.ee\/","logo":{"@type":"ImageObject","inLanguage":"en-GB","@id":"https:\/\/ruuby.ee\/#\/schema\/logo\/image\/","url":"https:\/\/ruuby.ee\/wp-content\/uploads\/2023\/06\/cropped-Black-White-Elegant-Circle-Signature-Fashion-Logo-12_large.png","contentUrl":"https:\/\/ruuby.ee\/wp-content\/uploads\/2023\/06\/cropped-Black-White-Elegant-Circle-Signature-Fashion-Logo-12_large.png","width":1280,"height":747,"caption":"Ruuby Disain O\u00dc"},"image":{"@id":"https:\/\/ruuby.ee\/#\/schema\/logo\/image\/"},"sameAs":["https:\/\/www.facebook.com\/ruubyconcept","https:\/\/www.instagram.com\/ruuby_concept\/"]}]}},"jetpack_sharing_enabled":true,"_links":{"self":[{"href":"https:\/\/ruuby.ee\/en\/wp-json\/wp\/v2\/product\/1848835","targetHints":{"allow":["GET"]}}],"collection":[{"href":"https:\/\/ruuby.ee\/en\/wp-json\/wp\/v2\/product"}],"about":[{"href":"https:\/\/ruuby.ee\/en\/wp-json\/wp\/v2\/types\/product"}],"replies":[{"embeddable":true,"href":"https:\/\/ruuby.ee\/en\/wp-json\/wp\/v2\/comments?post=1848835"}],"wp:featuredmedia":[{"embeddable":true,"href":"https:\/\/ruuby.ee\/en\/wp-json\/wp\/v2\/media\/1848838"}],"wp:attachment":[{"href":"https:\/\/ruuby.ee\/en\/wp-json\/wp\/v2\/media?parent=1848835"}],"wp:term":[{"taxonomy":"product_brand","embeddable":true,"href":"https:\/\/ruuby.ee\/en\/wp-json\/wp\/v2\/product_brand?post=1848835"},{"taxonomy":"product_cat","embeddable":true,"href":"https:\/\/ruuby.ee\/en\/wp-json\/wp\/v2\/product_cat?post=1848835"},{"taxonomy":"product_tag","embeddable":true,"href":"https:\/\/ruuby.ee\/en\/wp-json\/wp\/v2\/product_tag?post=1848835"}],"curies":[{"name":"wp","href":"https:\/\/api.w.org\/{rel}","templated":true}]}}