{"id":1848830,"date":"2024-09-17T17:21:44","date_gmt":"2024-09-17T14:21:44","guid":{"rendered":"http:\/\/ruuby.ee\/?post_type=product&#038;p=1848830"},"modified":"2026-04-05T01:25:27","modified_gmt":"2026-04-04T22:25:27","slug":"patti-oslo-heegeldatud-manguasi-aplle-rattle","status":"publish","type":"product","link":"https:\/\/ruuby.ee\/en\/pood\/lapsed\/beebikaubad\/manguaeg\/patti-oslo-heegeldatud-manguasi-aplle-rattle\/","title":{"rendered":"Patti OSLO &#8211; Heegeldatud m\u00e4nguasi, Apple Rattle"},"content":{"rendered":"<p>Eksklusiivselt k\u00e4sitsi valmistatud GOTS-sertifikaadiga orgaanilisest puuvillast. Meie maagiliste k\u00e4tega osavad naisk\u00e4sit\u00f6\u00f6lised valmistavad iga t\u00fcki armastusega, kasutades traditsioonilisi tehnikaid. Iga ese on t\u00f5eliselt ainulaadne ja kannab selle valmistanud k\u00e4sit\u00f6\u00f6lise individuaalsust. K\u00f5ik meie m\u00e4nguasjad on tundliku naha jaoks ohutud.<\/p>\n<p>Disainitud Norras<br \/>\nEetiliselt k\u00e4sitsi valmistatud T\u00fcrkiye linnas<\/p>\n<p>&#8211; 100% orgaaniline puuvill<br \/>\n&#8211; H\u00fcpoallergeenne, antibakteriaalne<br \/>\n&#8211; Mittetoksilised v\u00e4rvained: keskkonnas\u00f5bralikud v\u00e4rvained<br \/>\n&#8211; T\u00e4idised: taaskasutatud pol\u00fcester (\u00fclemaailmne ringlussev\u00f5tu standard)<br \/>\n&#8211; Suurus: umbes 5 cm &#8211; komplekti kuulub 2 \u00f5una.<\/p>\n<p>Vastab CE standarditele<br \/>\nSobib alates s\u00fcnnist<\/p>\n<p><strong>Puhastusjuhised<\/strong><br \/>\nKasutage alati pehmet pesuainet ja jahedat vett.<br \/>\nPunktpuhastus v\u00f5i k\u00e4sipesu 30\u00baC \u00f5rna ts\u00fckliga. Pigistage \u00f5rnalt ja asetage kuivama.<\/p>","protected":false},"excerpt":{"rendered":"<p>Inspireeritud Norra \u00f5unaaedadest. Need maal\u00e4hedastes toonides k\u00f5ristid aitavad teie v\u00e4iksel uurida kujundeid, v\u00e4rve ja helisid. Lihtne haarata ja v\u00e4ga pehme kaisu v\u00f5tta. See komplekt on ideaalne kingitus.<\/p>","protected":false},"featured_media":1848831,"comment_status":"closed","ping_status":"closed","template":"","meta":[],"product_brand":[],"product_cat":[22,682,849],"product_tag":[],"class_list":{"0":"post-1848830","1":"product","2":"type-product","3":"status-publish","4":"has-post-thumbnail","6":"product_cat-lapsed","7":"product_cat-manguaeg","8":"product_cat-pehmed-manguasjad","10":"first","11":"instock","12":"taxable","13":"shipping-taxable","14":"purchasable","15":"product-type-simple"},"yoast_head":"<!-- This site is optimized with the Yoast SEO plugin v27.2 - https:\/\/yoast.com\/product\/yoast-seo-wordpress\/ -->\n<title>Patti OSLO - Heegeldatud m\u00e4nguasi, Apple Rattle - RUUBY<\/title>\n<meta name=\"robots\" content=\"index, follow, max-snippet:-1, max-image-preview:large, max-video-preview:-1\" \/>\n<link rel=\"canonical\" href=\"https:\/\/ruuby.ee\/en\/pood\/lapsed\/beebikaubad\/manguaeg\/patti-oslo-heegeldatud-manguasi-aplle-rattle\/\" \/>\n<meta property=\"og:locale\" content=\"en_GB\" \/>\n<meta property=\"og:type\" content=\"article\" \/>\n<meta property=\"og:title\" content=\"Patti OSLO - Heegeldatud m\u00e4nguasi, Apple Rattle - RUUBY\" \/>\n<meta property=\"og:description\" content=\"Inspireeritud Norra \u00f5unaaedadest. Need maal\u00e4hedastes toonides k\u00f5ristid aitavad teie v\u00e4iksel uurida kujundeid, v\u00e4rve ja helisid. Lihtne haarata ja v\u00e4ga pehme kaisu v\u00f5tta. See komplekt on ideaalne kingitus.\" \/>\n<meta property=\"og:url\" content=\"https:\/\/ruuby.ee\/en\/pood\/lapsed\/beebikaubad\/manguaeg\/patti-oslo-heegeldatud-manguasi-aplle-rattle\/\" \/>\n<meta property=\"og:site_name\" content=\"RUUBY\" \/>\n<meta property=\"article:publisher\" content=\"https:\/\/www.facebook.com\/ruubyconcept\" \/>\n<meta property=\"article:modified_time\" content=\"2026-04-04T22:25:27+00:00\" \/>\n<meta property=\"og:image\" content=\"https:\/\/ruuby.ee\/wp-content\/uploads\/2024\/09\/Screenshot-2024-09-17-at-17.20.52.png\" \/>\n\t<meta property=\"og:image:width\" content=\"1496\" \/>\n\t<meta property=\"og:image:height\" content=\"1370\" \/>\n\t<meta property=\"og:image:type\" content=\"image\/png\" \/>\n<meta name=\"twitter:card\" content=\"summary_large_image\" \/>\n<meta name=\"twitter:label1\" content=\"Estimated reading time\" \/>\n\t<meta name=\"twitter:data1\" content=\"1 minute\" \/>\n<script type=\"application\/ld+json\" class=\"yoast-schema-graph\">{\"@context\":\"https:\/\/schema.org\",\"@graph\":[{\"@type\":[\"WebPage\",\"ItemPage\"],\"@id\":\"https:\/\/ruuby.ee\/en\/pood\/lapsed\/beebikaubad\/manguaeg\/patti-oslo-heegeldatud-manguasi-aplle-rattle\/\",\"url\":\"https:\/\/ruuby.ee\/en\/pood\/lapsed\/beebikaubad\/manguaeg\/patti-oslo-heegeldatud-manguasi-aplle-rattle\/\",\"name\":\"Patti OSLO - Heegeldatud m\u00e4nguasi, Apple Rattle - RUUBY\",\"isPartOf\":{\"@id\":\"http:\/\/ruuby.ee\/#website\"},\"primaryImageOfPage\":{\"@id\":\"https:\/\/ruuby.ee\/en\/pood\/lapsed\/beebikaubad\/manguaeg\/patti-oslo-heegeldatud-manguasi-aplle-rattle\/#primaryimage\"},\"image\":{\"@id\":\"https:\/\/ruuby.ee\/en\/pood\/lapsed\/beebikaubad\/manguaeg\/patti-oslo-heegeldatud-manguasi-aplle-rattle\/#primaryimage\"},\"thumbnailUrl\":\"https:\/\/ruuby.ee\/wp-content\/uploads\/2024\/09\/Screenshot-2024-09-17-at-17.20.52.png\",\"datePublished\":\"2024-09-17T14:21:44+00:00\",\"dateModified\":\"2026-04-04T22:25:27+00:00\",\"breadcrumb\":{\"@id\":\"https:\/\/ruuby.ee\/en\/pood\/lapsed\/beebikaubad\/manguaeg\/patti-oslo-heegeldatud-manguasi-aplle-rattle\/#breadcrumb\"},\"inLanguage\":\"en-GB\",\"potentialAction\":[{\"@type\":\"ReadAction\",\"target\":[\"https:\/\/ruuby.ee\/en\/pood\/lapsed\/beebikaubad\/manguaeg\/patti-oslo-heegeldatud-manguasi-aplle-rattle\/\"]}]},{\"@type\":\"ImageObject\",\"inLanguage\":\"en-GB\",\"@id\":\"https:\/\/ruuby.ee\/en\/pood\/lapsed\/beebikaubad\/manguaeg\/patti-oslo-heegeldatud-manguasi-aplle-rattle\/#primaryimage\",\"url\":\"https:\/\/ruuby.ee\/wp-content\/uploads\/2024\/09\/Screenshot-2024-09-17-at-17.20.52.png\",\"contentUrl\":\"https:\/\/ruuby.ee\/wp-content\/uploads\/2024\/09\/Screenshot-2024-09-17-at-17.20.52.png\",\"width\":1496,\"height\":1370},{\"@type\":\"BreadcrumbList\",\"@id\":\"https:\/\/ruuby.ee\/en\/pood\/lapsed\/beebikaubad\/manguaeg\/patti-oslo-heegeldatud-manguasi-aplle-rattle\/#breadcrumb\",\"itemListElement\":[{\"@type\":\"ListItem\",\"position\":1,\"name\":\"Kdu\",\"item\":\"http:\/\/ruuby.ee\/\"},{\"@type\":\"ListItem\",\"position\":2,\"name\":\"Pood\",\"item\":\"https:\/\/ruuby.ee\/en\/pood\/\"},{\"@type\":\"ListItem\",\"position\":3,\"name\":\"Patti OSLO &#8211; Heegeldatud m\u00e4nguasi, Apple Rattle\"}]},{\"@type\":\"WebSite\",\"@id\":\"http:\/\/ruuby.ee\/#website\",\"url\":\"http:\/\/ruuby.ee\/\",\"name\":\"RUUBY\",\"description\":\"Ruubys on \u00fchendatud elustiil ja disain\",\"publisher\":{\"@id\":\"http:\/\/ruuby.ee\/#organization\"},\"alternateName\":\"Ruuby Disain\",\"potentialAction\":[{\"@type\":\"SearchAction\",\"target\":{\"@type\":\"EntryPoint\",\"urlTemplate\":\"http:\/\/ruuby.ee\/?s={search_term_string}\"},\"query-input\":{\"@type\":\"PropertyValueSpecification\",\"valueRequired\":true,\"valueName\":\"search_term_string\"}}],\"inLanguage\":\"en-GB\"},{\"@type\":\"Organization\",\"@id\":\"http:\/\/ruuby.ee\/#organization\",\"name\":\"Ruuby Disain O\u00dc\",\"alternateName\":\"Ruuby\",\"url\":\"http:\/\/ruuby.ee\/\",\"logo\":{\"@type\":\"ImageObject\",\"inLanguage\":\"en-GB\",\"@id\":\"http:\/\/ruuby.ee\/#\/schema\/logo\/image\/\",\"url\":\"https:\/\/ruuby.ee\/wp-content\/uploads\/2023\/06\/cropped-Black-White-Elegant-Circle-Signature-Fashion-Logo-12_large.png\",\"contentUrl\":\"https:\/\/ruuby.ee\/wp-content\/uploads\/2023\/06\/cropped-Black-White-Elegant-Circle-Signature-Fashion-Logo-12_large.png\",\"width\":1280,\"height\":747,\"caption\":\"Ruuby Disain O\u00dc\"},\"image\":{\"@id\":\"http:\/\/ruuby.ee\/#\/schema\/logo\/image\/\"},\"sameAs\":[\"https:\/\/www.facebook.com\/ruubyconcept\",\"https:\/\/www.instagram.com\/ruuby_concept\/\"]}]}<\/script>\n<!-- \/ Yoast SEO plugin. -->","yoast_head_json":{"title":"Patti OSLO - Heegeldatud m\u00e4nguasi, Apple Rattle - RUUBY","robots":{"index":"index","follow":"follow","max-snippet":"max-snippet:-1","max-image-preview":"max-image-preview:large","max-video-preview":"max-video-preview:-1"},"canonical":"https:\/\/ruuby.ee\/en\/pood\/lapsed\/beebikaubad\/manguaeg\/patti-oslo-heegeldatud-manguasi-aplle-rattle\/","og_locale":"en_GB","og_type":"article","og_title":"Patti OSLO - Heegeldatud m\u00e4nguasi, Apple Rattle - RUUBY","og_description":"Inspireeritud Norra \u00f5unaaedadest. Need maal\u00e4hedastes toonides k\u00f5ristid aitavad teie v\u00e4iksel uurida kujundeid, v\u00e4rve ja helisid. Lihtne haarata ja v\u00e4ga pehme kaisu v\u00f5tta. See komplekt on ideaalne kingitus.","og_url":"https:\/\/ruuby.ee\/en\/pood\/lapsed\/beebikaubad\/manguaeg\/patti-oslo-heegeldatud-manguasi-aplle-rattle\/","og_site_name":"RUUBY","article_publisher":"https:\/\/www.facebook.com\/ruubyconcept","article_modified_time":"2026-04-04T22:25:27+00:00","og_image":[{"width":1496,"height":1370,"url":"https:\/\/ruuby.ee\/wp-content\/uploads\/2024\/09\/Screenshot-2024-09-17-at-17.20.52.png","type":"image\/png"}],"twitter_card":"summary_large_image","twitter_misc":{"Estimated reading time":"1 minute"},"schema":{"@context":"https:\/\/schema.org","@graph":[{"@type":["WebPage","ItemPage"],"@id":"https:\/\/ruuby.ee\/en\/pood\/lapsed\/beebikaubad\/manguaeg\/patti-oslo-heegeldatud-manguasi-aplle-rattle\/","url":"https:\/\/ruuby.ee\/en\/pood\/lapsed\/beebikaubad\/manguaeg\/patti-oslo-heegeldatud-manguasi-aplle-rattle\/","name":"Patti OSLO - Heegeldatud m\u00e4nguasi, Apple Rattle - RUUBY","isPartOf":{"@id":"http:\/\/ruuby.ee\/#website"},"primaryImageOfPage":{"@id":"https:\/\/ruuby.ee\/en\/pood\/lapsed\/beebikaubad\/manguaeg\/patti-oslo-heegeldatud-manguasi-aplle-rattle\/#primaryimage"},"image":{"@id":"https:\/\/ruuby.ee\/en\/pood\/lapsed\/beebikaubad\/manguaeg\/patti-oslo-heegeldatud-manguasi-aplle-rattle\/#primaryimage"},"thumbnailUrl":"https:\/\/ruuby.ee\/wp-content\/uploads\/2024\/09\/Screenshot-2024-09-17-at-17.20.52.png","datePublished":"2024-09-17T14:21:44+00:00","dateModified":"2026-04-04T22:25:27+00:00","breadcrumb":{"@id":"https:\/\/ruuby.ee\/en\/pood\/lapsed\/beebikaubad\/manguaeg\/patti-oslo-heegeldatud-manguasi-aplle-rattle\/#breadcrumb"},"inLanguage":"en-GB","potentialAction":[{"@type":"ReadAction","target":["https:\/\/ruuby.ee\/en\/pood\/lapsed\/beebikaubad\/manguaeg\/patti-oslo-heegeldatud-manguasi-aplle-rattle\/"]}]},{"@type":"ImageObject","inLanguage":"en-GB","@id":"https:\/\/ruuby.ee\/en\/pood\/lapsed\/beebikaubad\/manguaeg\/patti-oslo-heegeldatud-manguasi-aplle-rattle\/#primaryimage","url":"https:\/\/ruuby.ee\/wp-content\/uploads\/2024\/09\/Screenshot-2024-09-17-at-17.20.52.png","contentUrl":"https:\/\/ruuby.ee\/wp-content\/uploads\/2024\/09\/Screenshot-2024-09-17-at-17.20.52.png","width":1496,"height":1370},{"@type":"BreadcrumbList","@id":"https:\/\/ruuby.ee\/en\/pood\/lapsed\/beebikaubad\/manguaeg\/patti-oslo-heegeldatud-manguasi-aplle-rattle\/#breadcrumb","itemListElement":[{"@type":"ListItem","position":1,"name":"Kdu","item":"http:\/\/ruuby.ee\/"},{"@type":"ListItem","position":2,"name":"Pood","item":"https:\/\/ruuby.ee\/en\/pood\/"},{"@type":"ListItem","position":3,"name":"Patti OSLO &#8211; Heegeldatud m\u00e4nguasi, Apple Rattle"}]},{"@type":"WebSite","@id":"http:\/\/ruuby.ee\/#website","url":"http:\/\/ruuby.ee\/","name":"RUUBY","description":"Ruubys on \u00fchendatud elustiil ja disain","publisher":{"@id":"http:\/\/ruuby.ee\/#organization"},"alternateName":"Ruuby Disain","potentialAction":[{"@type":"SearchAction","target":{"@type":"EntryPoint","urlTemplate":"http:\/\/ruuby.ee\/?s={search_term_string}"},"query-input":{"@type":"PropertyValueSpecification","valueRequired":true,"valueName":"search_term_string"}}],"inLanguage":"en-GB"},{"@type":"Organization","@id":"http:\/\/ruuby.ee\/#organization","name":"Ruuby Disain O\u00dc","alternateName":"Ruuby","url":"http:\/\/ruuby.ee\/","logo":{"@type":"ImageObject","inLanguage":"en-GB","@id":"http:\/\/ruuby.ee\/#\/schema\/logo\/image\/","url":"https:\/\/ruuby.ee\/wp-content\/uploads\/2023\/06\/cropped-Black-White-Elegant-Circle-Signature-Fashion-Logo-12_large.png","contentUrl":"https:\/\/ruuby.ee\/wp-content\/uploads\/2023\/06\/cropped-Black-White-Elegant-Circle-Signature-Fashion-Logo-12_large.png","width":1280,"height":747,"caption":"Ruuby Disain O\u00dc"},"image":{"@id":"http:\/\/ruuby.ee\/#\/schema\/logo\/image\/"},"sameAs":["https:\/\/www.facebook.com\/ruubyconcept","https:\/\/www.instagram.com\/ruuby_concept\/"]}]}},"jetpack_sharing_enabled":true,"_links":{"self":[{"href":"https:\/\/ruuby.ee\/en\/wp-json\/wp\/v2\/product\/1848830","targetHints":{"allow":["GET"]}}],"collection":[{"href":"https:\/\/ruuby.ee\/en\/wp-json\/wp\/v2\/product"}],"about":[{"href":"https:\/\/ruuby.ee\/en\/wp-json\/wp\/v2\/types\/product"}],"replies":[{"embeddable":true,"href":"https:\/\/ruuby.ee\/en\/wp-json\/wp\/v2\/comments?post=1848830"}],"wp:featuredmedia":[{"embeddable":true,"href":"https:\/\/ruuby.ee\/en\/wp-json\/wp\/v2\/media\/1848831"}],"wp:attachment":[{"href":"https:\/\/ruuby.ee\/en\/wp-json\/wp\/v2\/media?parent=1848830"}],"wp:term":[{"taxonomy":"product_brand","embeddable":true,"href":"https:\/\/ruuby.ee\/en\/wp-json\/wp\/v2\/product_brand?post=1848830"},{"taxonomy":"product_cat","embeddable":true,"href":"https:\/\/ruuby.ee\/en\/wp-json\/wp\/v2\/product_cat?post=1848830"},{"taxonomy":"product_tag","embeddable":true,"href":"https:\/\/ruuby.ee\/en\/wp-json\/wp\/v2\/product_tag?post=1848830"}],"curies":[{"name":"wp","href":"https:\/\/api.w.org\/{rel}","templated":true}]}}